{"id":68935,"date":"2026-02-25T12:31:04","date_gmt":"2026-02-25T11:31:04","guid":{"rendered":"https:\/\/www.klb-koetztal.de\/produkt\/klb-system-polyurethan-pu-429\/"},"modified":"2026-02-27T09:11:20","modified_gmt":"2026-02-27T08:11:20","slug":"klb-system-polyurethan-pu-429","status":"publish","type":"product","link":"https:\/\/dev.klb-koetztal.de\/fr\/produkt\/klb-system-polyurethan-pu-429\/","title":{"rendered":"KLB-SYSTEM POLYURETHAN PU 429"},"content":{"rendered":"","protected":false},"excerpt":{"rendered":"<p>KLB-SYSTEM POLYURETHAN PU 429 est un enduit de ragr\u00e9age polyur\u00e9thane bicomposant, \u00e0 faibles \u00e9missions et \u00e9lastique, destin\u00e9 \u00e0 la pr\u00e9paration optimale des rev\u00eatements de sol PU d\u00e9coratifs tels que PU 414 FLAIR ou KLB-NaturaPUR PU 435. La couche interm\u00e9diaire autolissante assure une surface particuli\u00e8rement lisse, homog\u00e8ne et sans pores et \u00e9vite toute alt\u00e9ration visuelle du rev\u00eatement final. Le rendu, la structure et l\u2019effet esth\u00e9tique des syst\u00e8mes PU haut de gamme sont enti\u00e8rement pr\u00e9serv\u00e9s \u2013 id\u00e9al pour des sols d\u00e9coratifs exigeants en locaux occup\u00e9s.<\/p>\n","protected":false},"featured_media":68825,"template":"","meta":{"_acf_changed":false},"product_brand":[],"product_cat":[10042,10047],"product_tag":[],"class_list":{"0":"post-68935","1":"product","2":"type-product","3":"status-publish","4":"has-post-thumbnail","6":"product_cat-revetements","7":"product_cat-revetements_revetements-en-polyurethane-a-2-composants-confortables","9":"first","10":"instock","11":"shipping-taxable","12":"product-type-simple"},"acf":{"product_header":{"module_product_header":{"":null,"prototype_headline":{"headline":"KLB-SYSTEM POLYURETHAN PU 429","h1":true,"subheadline":"Couche racl\u00e9e et interm\u00e9diaire en polyur\u00e9thane \u00e0 2 composants, \u00e0 faible \u00e9missions et&#160;viscoplastique pour la pr\u00e9paration des rev\u00eatements en polyur\u00e9thane d\u00e9coratifs de haute qualit\u00e9, tels que&#160;PU 414 FLAIR ou KLB-NaturaPUR PU&#160;435","anchor":"","url":""},"grid_text_slider":false,"grid_text_content":[{"text":"<p class=\"product-short-title\" style=\"text-align: center;\"><strong>Br\u00e8ve description<\/strong><\/p>\n<p>KLB-SYSTEM POLYURETHAN PU 429 est un enduit de ragr\u00e9age polyur\u00e9thane bicomposant, \u00e0 faibles \u00e9missions et \u00e9lastique, destin\u00e9 \u00e0 la pr\u00e9paration optimale des rev\u00eatements de sol PU d\u00e9coratifs tels que PU 414 FLAIR ou KLB-NaturaPUR PU 435. La couche interm\u00e9diaire autolissante assure une surface particuli\u00e8rement lisse, homog\u00e8ne et sans pores et \u00e9vite toute alt\u00e9ration visuelle du rev\u00eatement final. Le rendu, la structure et l\u2019effet esth\u00e9tique des syst\u00e8mes PU haut de gamme sont enti\u00e8rement pr\u00e9serv\u00e9s \u2013 id\u00e9al pour des sols d\u00e9coratifs exigeants en locaux occup\u00e9s.<\/p>\n","width":"4","background_color_text":"bg-white","border_color":"border-gray-light"},{"text":"<p class=\"product-sicing-title\" style=\"text-align: center;\"><strong>Unit\u00e9s d'emballage<\/strong><\/p>\n<ul>\n<li>AK0029-47 &#8211; Combinaison Seau 12,00 kg<\/li>\n<li>AK0029-30 &#8211; Combinaison Hobbock 30,00 kg<\/li>\n<\/ul>\n<p><\/p>\n<p>N&rsquo;h\u00e9sitez pas \u00e0 contacter directement pour toute demande concernant des quantit\u00e9s de livraison ou des unit\u00e9s de conditionnement plus importantes.<\/p>\n\n","width":"4","background_color_text":"bg-white","border_color":"border-gray-light"},{"text":"<p class=\"product-attr-title\" style=\"text-align: center;\"><strong>Propri\u00e9t\u00e9s<\/strong><\/p>\n<ul>\n<li>qualit\u00e9 contr\u00f4l\u00e9e, \u00e0 faible \u00e9mission<\/li>\n<li>certifi\u00e9 selon EMICODE\u00ae  EC 1PLUS<\/li>\n<li>viscoplastique<\/li>\n<li>d\u00e9formable<\/li>\n<li>faible viscosit\u00e9<\/li>\n<li>bonnes propri\u00e9t\u00e9s de traitement<\/li>\n<li>adapt\u00e9 pour les travaux de r\u00e9novation<\/li>\n<li>pour des couches de remplissage et d&rsquo;\u00e9galisation<\/li>\n<li>exempt de substances susceptibles d&rsquo;endommager les vernis<\/li>\n<li>Total Solid selon GISCODE (m\u00e9thode d&rsquo;essai de \u00ab Deutsche Bauchemie \u00bb, l&rsquo;association all. pour la chimie de construction)<\/li>\n<\/ul>\n","width":"4","background_color_text":"bg-white","border_color":"border-gray-light"}],"background_color":"bg-none","background_color_content":"bg-none"}},"downloads":{"module_download_list":{"inhalt":null,"downloads":[{"download":false,"filename":"Information produit","protected":true,"doclang":"FR","externalkey":"Produktinformation","docpos":"3"},{"download":false,"filename":"Statement of performance","protected":true,"doclang":"GB","externalkey":"Leistungserklaerung","docpos":"2"},{"download":false,"filename":"D\u00e9claration de performance","protected":true,"doclang":"FR","externalkey":"Leistungserklaerung","docpos":"3"},{"download":false,"filename":"D\u00e9clarations de produit environnemental (EPD)","protected":true,"doclang":"Multi","externalkey":"Umweltproduktdeklaration","docpos":"50"},{"download":false,"filename":"Fiche de donn\u00e9es de s\u00e9curit\u00e9","protected":true,"doclang":"FR","externalkey":"Sicherheitsdatenblatt","docpos":"3"}],"einstellungen":null,"background_color":"bg-none","background_color_content":"bg-none"}},"included_in_systems":{"module_included_in_systems":{"":null,"background_color":"bg-gray-medium","background_color_content":"bg-none"}},"contact":{"module_contact":{"":null,"background_color":"bg-none","background_color_content":"bg-none"}},"ausschreibende":{"module_ausschreibende":{"andern_sie_den_inhalt_unter_universelle_elemente":null,"background_color":"bg-none","background_color_content":"bg-none"}}},"yoast_head":"<!-- This site is optimized with the Yoast SEO plugin v27.0 - https:\/\/yoast.com\/product\/yoast-seo-wordpress\/ -->\n<title>Enduit de ragr\u00e9age et couche interm\u00e9diaire PU \u2013 KLB PU 429<\/title>\n<meta name=\"description\" content=\"Enduit de ragr\u00e9age polyur\u00e9thane 2-K \u00e0 faibles \u00e9missions pour rev\u00eatements PU d\u00e9coratifs, p.ex. KLB-NaturaPUR PU 435, PU 414 FLAIR \u2714\ufe0f \u00e9lastique, certifi\u00e9 EC 1PLUS\" \/>\n<meta name=\"robots\" content=\"noindex, follow, max-snippet:-1, max-image-preview:large, max-video-preview:-1\" \/>\n<meta property=\"og:locale\" content=\"fr_FR\" \/>\n<meta property=\"og:type\" content=\"article\" \/>\n<meta property=\"og:title\" content=\"Enduit de ragr\u00e9age et couche interm\u00e9diaire PU \u2013 KLB PU 429\" \/>\n<meta property=\"og:description\" content=\"Enduit de ragr\u00e9age polyur\u00e9thane 2-K \u00e0 faibles \u00e9missions pour rev\u00eatements PU d\u00e9coratifs, p.ex. KLB-NaturaPUR PU 435, PU 414 FLAIR \u2714\ufe0f \u00e9lastique, certifi\u00e9 EC 1PLUS\" \/>\n<meta property=\"og:url\" content=\"https:\/\/dev.klb-koetztal.de\/fr\/produkt\/klb-system-polyurethan-pu-429\/\" \/>\n<meta property=\"og:site_name\" content=\"KLB K\u00f6tztal\" \/>\n<meta property=\"article:publisher\" content=\"https:\/\/www.facebook.com\/klbkoetztal\" \/>\n<meta property=\"article:modified_time\" content=\"2026-02-27T08:11:20+00:00\" \/>\n<meta property=\"og:image\" content=\"https:\/\/dev.klb-koetztal.de\/app\/uploads\/2026\/02\/PU_429_Kombi_30kg_6kg_600px.jpg\" \/>\n\t<meta property=\"og:image:width\" content=\"600\" \/>\n\t<meta property=\"og:image:height\" content=\"600\" \/>\n\t<meta property=\"og:image:type\" content=\"image\/jpeg\" \/>\n<meta name=\"twitter:card\" content=\"summary_large_image\" \/>\n<script type=\"application\/ld+json\" class=\"yoast-schema-graph\">{\"@context\":\"https:\/\/schema.org\",\"@graph\":[{\"@type\":\"WebPage\",\"@id\":\"https:\/\/dev.klb-koetztal.de\/fr\/produkt\/klb-system-polyurethan-pu-429\/\",\"url\":\"https:\/\/dev.klb-koetztal.de\/fr\/produkt\/klb-system-polyurethan-pu-429\/\",\"name\":\"Enduit de ragr\u00e9age et couche interm\u00e9diaire PU \u2013 KLB PU 429\",\"isPartOf\":{\"@id\":\"https:\/\/dev.klb-koetztal.de\/fr\/#website\"},\"primaryImageOfPage\":{\"@id\":\"https:\/\/dev.klb-koetztal.de\/fr\/produkt\/klb-system-polyurethan-pu-429\/#primaryimage\"},\"image\":{\"@id\":\"https:\/\/dev.klb-koetztal.de\/fr\/produkt\/klb-system-polyurethan-pu-429\/#primaryimage\"},\"thumbnailUrl\":\"https:\/\/dev.klb-koetztal.de\/app\/uploads\/2026\/02\/PU_429_Kombi_30kg_6kg_600px.jpg\",\"datePublished\":\"2026-02-25T11:31:04+00:00\",\"dateModified\":\"2026-02-27T08:11:20+00:00\",\"description\":\"Enduit de ragr\u00e9age polyur\u00e9thane 2-K \u00e0 faibles \u00e9missions pour rev\u00eatements PU d\u00e9coratifs, p.ex. KLB-NaturaPUR PU 435, PU 414 FLAIR \u2714\ufe0f \u00e9lastique, certifi\u00e9 EC 1PLUS\",\"breadcrumb\":{\"@id\":\"https:\/\/dev.klb-koetztal.de\/fr\/produkt\/klb-system-polyurethan-pu-429\/#breadcrumb\"},\"inLanguage\":\"fr-FR\",\"potentialAction\":[{\"@type\":\"ReadAction\",\"target\":[\"https:\/\/dev.klb-koetztal.de\/fr\/produkt\/klb-system-polyurethan-pu-429\/\"]}]},{\"@type\":\"ImageObject\",\"inLanguage\":\"fr-FR\",\"@id\":\"https:\/\/dev.klb-koetztal.de\/fr\/produkt\/klb-system-polyurethan-pu-429\/#primaryimage\",\"url\":\"https:\/\/dev.klb-koetztal.de\/app\/uploads\/2026\/02\/PU_429_Kombi_30kg_6kg_600px.jpg\",\"contentUrl\":\"https:\/\/dev.klb-koetztal.de\/app\/uploads\/2026\/02\/PU_429_Kombi_30kg_6kg_600px.jpg\",\"width\":600,\"height\":600},{\"@type\":\"BreadcrumbList\",\"@id\":\"https:\/\/dev.klb-koetztal.de\/fr\/produkt\/klb-system-polyurethan-pu-429\/#breadcrumb\",\"itemListElement\":[{\"@type\":\"ListItem\",\"position\":1,\"name\":\"Startseite\",\"item\":\"https:\/\/dev.klb-koetztal.de\/fr\/\"},{\"@type\":\"ListItem\",\"position\":2,\"name\":\"KLB-SYSTEM POLYURETHAN PU 429\"}]},{\"@type\":\"WebSite\",\"@id\":\"https:\/\/dev.klb-koetztal.de\/fr\/#website\",\"url\":\"https:\/\/dev.klb-koetztal.de\/fr\/\",\"name\":\"KLB K\u00f6tztal\",\"description\":\"Gute B\u00f6den haben ein System.\",\"potentialAction\":[{\"@type\":\"SearchAction\",\"target\":{\"@type\":\"EntryPoint\",\"urlTemplate\":\"https:\/\/dev.klb-koetztal.de\/fr\/?s={search_term_string}\"},\"query-input\":{\"@type\":\"PropertyValueSpecification\",\"valueRequired\":true,\"valueName\":\"search_term_string\"}}],\"inLanguage\":\"fr-FR\"}]}<\/script>\n<!-- \/ Yoast SEO plugin. -->","yoast_head_json":{"title":"Enduit de ragr\u00e9age et couche interm\u00e9diaire PU \u2013 KLB PU 429","description":"Enduit de ragr\u00e9age polyur\u00e9thane 2-K \u00e0 faibles \u00e9missions pour rev\u00eatements PU d\u00e9coratifs, p.ex. KLB-NaturaPUR PU 435, PU 414 FLAIR \u2714\ufe0f \u00e9lastique, certifi\u00e9 EC 1PLUS","robots":{"index":"noindex","follow":"follow","max-snippet":"max-snippet:-1","max-image-preview":"max-image-preview:large","max-video-preview":"max-video-preview:-1"},"og_locale":"fr_FR","og_type":"article","og_title":"Enduit de ragr\u00e9age et couche interm\u00e9diaire PU \u2013 KLB PU 429","og_description":"Enduit de ragr\u00e9age polyur\u00e9thane 2-K \u00e0 faibles \u00e9missions pour rev\u00eatements PU d\u00e9coratifs, p.ex. KLB-NaturaPUR PU 435, PU 414 FLAIR \u2714\ufe0f \u00e9lastique, certifi\u00e9 EC 1PLUS","og_url":"https:\/\/dev.klb-koetztal.de\/fr\/produkt\/klb-system-polyurethan-pu-429\/","og_site_name":"KLB K\u00f6tztal","article_publisher":"https:\/\/www.facebook.com\/klbkoetztal","article_modified_time":"2026-02-27T08:11:20+00:00","og_image":[{"width":600,"height":600,"url":"https:\/\/dev.klb-koetztal.de\/app\/uploads\/2026\/02\/PU_429_Kombi_30kg_6kg_600px.jpg","type":"image\/jpeg"}],"twitter_card":"summary_large_image","schema":{"@context":"https:\/\/schema.org","@graph":[{"@type":"WebPage","@id":"https:\/\/dev.klb-koetztal.de\/fr\/produkt\/klb-system-polyurethan-pu-429\/","url":"https:\/\/dev.klb-koetztal.de\/fr\/produkt\/klb-system-polyurethan-pu-429\/","name":"Enduit de ragr\u00e9age et couche interm\u00e9diaire PU \u2013 KLB PU 429","isPartOf":{"@id":"https:\/\/dev.klb-koetztal.de\/fr\/#website"},"primaryImageOfPage":{"@id":"https:\/\/dev.klb-koetztal.de\/fr\/produkt\/klb-system-polyurethan-pu-429\/#primaryimage"},"image":{"@id":"https:\/\/dev.klb-koetztal.de\/fr\/produkt\/klb-system-polyurethan-pu-429\/#primaryimage"},"thumbnailUrl":"https:\/\/dev.klb-koetztal.de\/app\/uploads\/2026\/02\/PU_429_Kombi_30kg_6kg_600px.jpg","datePublished":"2026-02-25T11:31:04+00:00","dateModified":"2026-02-27T08:11:20+00:00","description":"Enduit de ragr\u00e9age polyur\u00e9thane 2-K \u00e0 faibles \u00e9missions pour rev\u00eatements PU d\u00e9coratifs, p.ex. KLB-NaturaPUR PU 435, PU 414 FLAIR \u2714\ufe0f \u00e9lastique, certifi\u00e9 EC 1PLUS","breadcrumb":{"@id":"https:\/\/dev.klb-koetztal.de\/fr\/produkt\/klb-system-polyurethan-pu-429\/#breadcrumb"},"inLanguage":"fr-FR","potentialAction":[{"@type":"ReadAction","target":["https:\/\/dev.klb-koetztal.de\/fr\/produkt\/klb-system-polyurethan-pu-429\/"]}]},{"@type":"ImageObject","inLanguage":"fr-FR","@id":"https:\/\/dev.klb-koetztal.de\/fr\/produkt\/klb-system-polyurethan-pu-429\/#primaryimage","url":"https:\/\/dev.klb-koetztal.de\/app\/uploads\/2026\/02\/PU_429_Kombi_30kg_6kg_600px.jpg","contentUrl":"https:\/\/dev.klb-koetztal.de\/app\/uploads\/2026\/02\/PU_429_Kombi_30kg_6kg_600px.jpg","width":600,"height":600},{"@type":"BreadcrumbList","@id":"https:\/\/dev.klb-koetztal.de\/fr\/produkt\/klb-system-polyurethan-pu-429\/#breadcrumb","itemListElement":[{"@type":"ListItem","position":1,"name":"Startseite","item":"https:\/\/dev.klb-koetztal.de\/fr\/"},{"@type":"ListItem","position":2,"name":"KLB-SYSTEM POLYURETHAN PU 429"}]},{"@type":"WebSite","@id":"https:\/\/dev.klb-koetztal.de\/fr\/#website","url":"https:\/\/dev.klb-koetztal.de\/fr\/","name":"KLB K\u00f6tztal","description":"Gute B\u00f6den haben ein System.","potentialAction":[{"@type":"SearchAction","target":{"@type":"EntryPoint","urlTemplate":"https:\/\/dev.klb-koetztal.de\/fr\/?s={search_term_string}"},"query-input":{"@type":"PropertyValueSpecification","valueRequired":true,"valueName":"search_term_string"}}],"inLanguage":"fr-FR"}]}},"_links":{"self":[{"href":"https:\/\/dev.klb-koetztal.de\/fr\/wp-json\/wp\/v2\/product\/68935","targetHints":{"allow":["GET"]}}],"collection":[{"href":"https:\/\/dev.klb-koetztal.de\/fr\/wp-json\/wp\/v2\/product"}],"about":[{"href":"https:\/\/dev.klb-koetztal.de\/fr\/wp-json\/wp\/v2\/types\/product"}],"wp:featuredmedia":[{"embeddable":true,"href":"https:\/\/dev.klb-koetztal.de\/fr\/wp-json\/wp\/v2\/media\/68825"}],"wp:attachment":[{"href":"https:\/\/dev.klb-koetztal.de\/fr\/wp-json\/wp\/v2\/media?parent=68935"}],"wp:term":[{"taxonomy":"product_brand","embeddable":true,"href":"https:\/\/dev.klb-koetztal.de\/fr\/wp-json\/wp\/v2\/product_brand?post=68935"},{"taxonomy":"product_cat","embeddable":true,"href":"https:\/\/dev.klb-koetztal.de\/fr\/wp-json\/wp\/v2\/product_cat?post=68935"},{"taxonomy":"product_tag","embeddable":true,"href":"https:\/\/dev.klb-koetztal.de\/fr\/wp-json\/wp\/v2\/product_tag?post=68935"}],"curies":[{"name":"wp","href":"https:\/\/api.w.org\/{rel}","templated":true}]}}