{"id":66356,"date":"2025-07-08T15:57:45","date_gmt":"2025-07-08T13:57:45","guid":{"rendered":"https:\/\/www.klb-koetztal.de\/produkt\/klb-system-polyurethan-pu-817-flex-r10\/"},"modified":"2026-02-25T11:25:55","modified_gmt":"2026-02-25T10:25:55","slug":"klb-system-polyurethan-pu-817-flex-r10","status":"publish","type":"product","link":"https:\/\/dev.klb-koetztal.de\/fr\/produkt\/klb-system-polyurethan-pu-817-flex-r10\/","title":{"rendered":"KLB-SYSTEM POLYURETHAN PU 817 Flex-R10"},"content":{"rendered":"","protected":false},"excerpt":{"rendered":"","protected":false},"featured_media":66357,"template":"","meta":{"_acf_changed":false},"product_brand":[],"product_cat":[10038,10056],"product_tag":[],"class_list":{"0":"post-66356","1":"product","2":"type-product","3":"status-publish","4":"has-post-thumbnail","6":"product_cat-scellements-impregnations","7":"product_cat-scellements-impregnations_scellements-en-polyurethane-a-2-composants-emulsionnes-a-leau","9":"first","10":"instock","11":"shipping-taxable","12":"product-type-simple"},"acf":{"product_header":{"module_product_header":{"":null,"prototype_headline":{"headline":"KLB-SYSTEM POLYURETHAN PU 817 Flex-R10","h1":true,"subheadline":"Scellement mat&#160;en polyur\u00e9thane \u00e0 2 composants,&#160;antid\u00e9rapant, \u00e0 faible \u00e9mission, \u00e9lastique, transparent et stable \u00e0 la lumi\u00e8re avec une r\u00e9duction des bruits d'impact&#160;pour les surfaces adapt\u00e9es aux roulettes de chaise&#160;avec une r\u00e9sistance au glissement d\u00e9finie de R10&#160;","anchor":"","url":""},"grid_text_slider":false,"grid_text_content":[{"text":"<p class=\"product-short-title\" style=\"text-align: center;\"><strong>Br\u00e8ve description<\/strong><\/p>\n","width":"4","background_color_text":"bg-white","border_color":"border-gray-light"},{"text":"<p class=\"product-sicing-title\" style=\"text-align: center;\"><strong>Unit\u00e9s d'emballage<\/strong><\/p>\n<ul>\n<li>AK0025-72 &#8211; Emballage en kit 5,25 kg<\/li>\n<li>AK0025-50 &#8211; Emballage en kit 10,50 kg<\/li>\n<\/ul>\n<p><\/p>\n<p>N&rsquo;h\u00e9sitez pas \u00e0 contacter directement pour toute demande concernant des quantit\u00e9s de livraison ou des unit\u00e9s de conditionnement plus importantes.<\/p>\n\n","width":"4","background_color_text":"bg-white","border_color":"border-gray-light"},{"text":"<p class=\"product-attr-title\" style=\"text-align: center;\"><strong>Propri\u00e9t\u00e9s<\/strong><\/p>\n<ul>\n<li>\u00e9lastique<\/li>\n<li>qualit\u00e9 contr\u00f4l\u00e9e, \u00e0 faible \u00e9mission<\/li>\n<li>certifi\u00e9 selon EMICODE\u00ae  EC 1PLUS<\/li>\n<li>total Solid selon GISCODE<\/li>\n<li>mat<\/li>\n<li>surface homog\u00e8ne<\/li>\n<li>bonnes propri\u00e9t\u00e9s de traitement<\/li>\n<li>respectueux de l&rsquo;environnement<\/li>\n<li>tr\u00e8s haute adh\u00e9rence<\/li>\n<li>r\u00e9sistant \u00e0 l&rsquo;abrasion et \u00e0 l&rsquo;usure<\/li>\n<li>antid\u00e9rapant<\/li>\n<\/ul>\n","width":"4","background_color_text":"bg-white","border_color":"border-gray-light"}],"background_color":"bg-none","background_color_content":"bg-none"}},"downloads":{"module_download_list":{"inhalt":null,"downloads":[{"download":{"ID":66558,"id":66558,"title":"PU_817_Flex_R10_PI_fr_2025_07-1","filename":"PU_817_Flex_R10_PI_fr_2025_07-1.pdf","filesize":1497018,"url":"https:\/\/dev.klb-koetztal.de\/app\/uploads\/2025\/07\/PU_817_Flex_R10_PI_fr_2025_07-1.pdf","link":"https:\/\/dev.klb-koetztal.de\/fr\/?attachment_id=66558","alt":"","author":"7","description":"","caption":"","name":"pu_817_flex_r10_pi_fr_2025_07-1-2","status":"inherit","uploaded_to":0,"date":"2025-07-24 07:00:17","modified":"2025-07-24 07:00:17","menu_order":0,"mime_type":"application\/pdf","type":"application","subtype":"pdf","icon":"https:\/\/dev.klb-koetztal.de\/wp\/wp-includes\/images\/media\/document.png"},"filename":"Information produit","protected":false,"doclang":"FR","externalkey":"Produktinformation","docpos":"3"},{"download":{"ID":66371,"id":66371,"title":"PU817Flex_R10_Umwelt-Deklaration_2024-11","filename":"PU817Flex_R10_Umwelt-Deklaration_2024-11.pdf","filesize":2562037,"url":"https:\/\/dev.klb-koetztal.de\/app\/uploads\/2025\/07\/PU817Flex_R10_Umwelt-Deklaration_2024-11.pdf","link":"https:\/\/dev.klb-koetztal.de\/fr\/?attachment_id=66371","alt":"","author":"7","description":"","caption":"","name":"pu817flex_r10_umwelt-deklaration_2024-11-2","status":"inherit","uploaded_to":0,"date":"2025-07-08 13:57:59","modified":"2025-07-08 13:57:59","menu_order":0,"mime_type":"application\/pdf","type":"application","subtype":"pdf","icon":"https:\/\/dev.klb-koetztal.de\/wp\/wp-includes\/images\/media\/document.png"},"filename":"D\u00e9clarations de produit environnemental (EPD)","protected":false,"doclang":"Multi","externalkey":"Umweltproduktdeklaration","docpos":"50"},{"download":false,"filename":"Fiche de donn\u00e9es de s\u00e9curit\u00e9","protected":true,"doclang":"FR","externalkey":"Sicherheitsdatenblatt","docpos":"3"}],"einstellungen":null,"background_color":"bg-none","background_color_content":"bg-none"}},"included_in_systems":{"module_included_in_systems":{"":null,"background_color":"bg-gray-medium","background_color_content":"bg-none"}},"contact":{"module_contact":{"":null,"background_color":"bg-none","background_color_content":"bg-none"}},"ausschreibende":{"module_ausschreibende":{"andern_sie_den_inhalt_unter_universelle_elemente":null,"background_color":"bg-none","background_color_content":"bg-none"}}},"yoast_head":"<!-- This site is optimized with the Yoast SEO plugin v27.0 - https:\/\/yoast.com\/product\/yoast-seo-wordpress\/ -->\n<title>| KLB K\u00f6tztal<\/title>\n<meta name=\"description\" content=\"Scellement mat&#160;en polyur\u00e9thane \u00e0 2 composants,&#160;antid\u00e9rapant, \u00e0 faible \u00e9mission, \u00e9lastique, transparent et stable \u00e0 la lumi\u00e8re avec une r\u00e9duction des bruits d&#039;impact&#160;pour les surfaces adapt\u00e9es aux roulettes de chaise&#160;avec une r\u00e9sistance au glissement d\u00e9finie de R10&#160;\" \/>\n<meta name=\"robots\" content=\"noindex, follow, max-snippet:-1, max-image-preview:large, max-video-preview:-1\" \/>\n<meta property=\"og:locale\" content=\"fr_FR\" \/>\n<meta property=\"og:type\" content=\"article\" \/>\n<meta property=\"og:title\" content=\"| KLB K\u00f6tztal\" \/>\n<meta property=\"og:description\" content=\"Scellement mat&#160;en polyur\u00e9thane \u00e0 2 composants,&#160;antid\u00e9rapant, \u00e0 faible \u00e9mission, \u00e9lastique, transparent et stable \u00e0 la lumi\u00e8re avec une r\u00e9duction des bruits d&#039;impact&#160;pour les surfaces adapt\u00e9es aux roulettes de chaise&#160;avec une r\u00e9sistance au glissement d\u00e9finie de R10&#160;\" \/>\n<meta property=\"og:url\" content=\"https:\/\/dev.klb-koetztal.de\/fr\/produkt\/klb-system-polyurethan-pu-817-flex-r10\/\" \/>\n<meta property=\"og:site_name\" content=\"KLB K\u00f6tztal\" \/>\n<meta property=\"article:publisher\" content=\"https:\/\/www.facebook.com\/klbkoetztal\" \/>\n<meta property=\"article:modified_time\" content=\"2026-02-25T10:25:55+00:00\" \/>\n<meta property=\"og:image\" content=\"https:\/\/dev.klb-koetztal.de\/app\/uploads\/2025\/07\/PU_817_Flex_R10_10kg_Kombi_600px.jpg\" \/>\n\t<meta property=\"og:image:width\" content=\"600\" \/>\n\t<meta property=\"og:image:height\" content=\"600\" \/>\n\t<meta property=\"og:image:type\" content=\"image\/jpeg\" \/>\n<meta name=\"twitter:card\" content=\"summary_large_image\" \/>\n<script type=\"application\/ld+json\" class=\"yoast-schema-graph\">{\"@context\":\"https:\/\/schema.org\",\"@graph\":[{\"@type\":\"WebPage\",\"@id\":\"https:\/\/dev.klb-koetztal.de\/fr\/produkt\/klb-system-polyurethan-pu-817-flex-r10\/\",\"url\":\"https:\/\/dev.klb-koetztal.de\/fr\/produkt\/klb-system-polyurethan-pu-817-flex-r10\/\",\"name\":\"| KLB K\u00f6tztal\",\"isPartOf\":{\"@id\":\"https:\/\/dev.klb-koetztal.de\/fr\/#website\"},\"primaryImageOfPage\":{\"@id\":\"https:\/\/dev.klb-koetztal.de\/fr\/produkt\/klb-system-polyurethan-pu-817-flex-r10\/#primaryimage\"},\"image\":{\"@id\":\"https:\/\/dev.klb-koetztal.de\/fr\/produkt\/klb-system-polyurethan-pu-817-flex-r10\/#primaryimage\"},\"thumbnailUrl\":\"https:\/\/dev.klb-koetztal.de\/app\/uploads\/2025\/07\/PU_817_Flex_R10_10kg_Kombi_600px.jpg\",\"datePublished\":\"2025-07-08T13:57:45+00:00\",\"dateModified\":\"2026-02-25T10:25:55+00:00\",\"description\":\"Scellement mat&#160;en polyur\u00e9thane \u00e0 2 composants,&#160;antid\u00e9rapant, \u00e0 faible \u00e9mission, \u00e9lastique, transparent et stable \u00e0 la lumi\u00e8re avec une r\u00e9duction des bruits d'impact&#160;pour les surfaces adapt\u00e9es aux roulettes de chaise&#160;avec une r\u00e9sistance au glissement d\u00e9finie de R10&#160;\",\"breadcrumb\":{\"@id\":\"https:\/\/dev.klb-koetztal.de\/fr\/produkt\/klb-system-polyurethan-pu-817-flex-r10\/#breadcrumb\"},\"inLanguage\":\"fr-FR\",\"potentialAction\":[{\"@type\":\"ReadAction\",\"target\":[\"https:\/\/dev.klb-koetztal.de\/fr\/produkt\/klb-system-polyurethan-pu-817-flex-r10\/\"]}]},{\"@type\":\"ImageObject\",\"inLanguage\":\"fr-FR\",\"@id\":\"https:\/\/dev.klb-koetztal.de\/fr\/produkt\/klb-system-polyurethan-pu-817-flex-r10\/#primaryimage\",\"url\":\"https:\/\/dev.klb-koetztal.de\/app\/uploads\/2025\/07\/PU_817_Flex_R10_10kg_Kombi_600px.jpg\",\"contentUrl\":\"https:\/\/dev.klb-koetztal.de\/app\/uploads\/2025\/07\/PU_817_Flex_R10_10kg_Kombi_600px.jpg\",\"width\":600,\"height\":600},{\"@type\":\"BreadcrumbList\",\"@id\":\"https:\/\/dev.klb-koetztal.de\/fr\/produkt\/klb-system-polyurethan-pu-817-flex-r10\/#breadcrumb\",\"itemListElement\":[{\"@type\":\"ListItem\",\"position\":1,\"name\":\"Startseite\",\"item\":\"https:\/\/dev.klb-koetztal.de\/fr\/\"},{\"@type\":\"ListItem\",\"position\":2,\"name\":\"KLB-SYSTEM POLYURETHAN PU 817 Flex-R10\"}]},{\"@type\":\"WebSite\",\"@id\":\"https:\/\/dev.klb-koetztal.de\/fr\/#website\",\"url\":\"https:\/\/dev.klb-koetztal.de\/fr\/\",\"name\":\"KLB K\u00f6tztal\",\"description\":\"Gute B\u00f6den haben ein System.\",\"potentialAction\":[{\"@type\":\"SearchAction\",\"target\":{\"@type\":\"EntryPoint\",\"urlTemplate\":\"https:\/\/dev.klb-koetztal.de\/fr\/?s={search_term_string}\"},\"query-input\":{\"@type\":\"PropertyValueSpecification\",\"valueRequired\":true,\"valueName\":\"search_term_string\"}}],\"inLanguage\":\"fr-FR\"}]}<\/script>\n<!-- \/ Yoast SEO plugin. -->","yoast_head_json":{"title":"| KLB K\u00f6tztal","description":"Scellement mat&#160;en polyur\u00e9thane \u00e0 2 composants,&#160;antid\u00e9rapant, \u00e0 faible \u00e9mission, \u00e9lastique, transparent et stable \u00e0 la lumi\u00e8re avec une r\u00e9duction des bruits d'impact&#160;pour les surfaces adapt\u00e9es aux roulettes de chaise&#160;avec une r\u00e9sistance au glissement d\u00e9finie de R10&#160;","robots":{"index":"noindex","follow":"follow","max-snippet":"max-snippet:-1","max-image-preview":"max-image-preview:large","max-video-preview":"max-video-preview:-1"},"og_locale":"fr_FR","og_type":"article","og_title":"| KLB K\u00f6tztal","og_description":"Scellement mat&#160;en polyur\u00e9thane \u00e0 2 composants,&#160;antid\u00e9rapant, \u00e0 faible \u00e9mission, \u00e9lastique, transparent et stable \u00e0 la lumi\u00e8re avec une r\u00e9duction des bruits d'impact&#160;pour les surfaces adapt\u00e9es aux roulettes de chaise&#160;avec une r\u00e9sistance au glissement d\u00e9finie de R10&#160;","og_url":"https:\/\/dev.klb-koetztal.de\/fr\/produkt\/klb-system-polyurethan-pu-817-flex-r10\/","og_site_name":"KLB K\u00f6tztal","article_publisher":"https:\/\/www.facebook.com\/klbkoetztal","article_modified_time":"2026-02-25T10:25:55+00:00","og_image":[{"width":600,"height":600,"url":"https:\/\/dev.klb-koetztal.de\/app\/uploads\/2025\/07\/PU_817_Flex_R10_10kg_Kombi_600px.jpg","type":"image\/jpeg"}],"twitter_card":"summary_large_image","schema":{"@context":"https:\/\/schema.org","@graph":[{"@type":"WebPage","@id":"https:\/\/dev.klb-koetztal.de\/fr\/produkt\/klb-system-polyurethan-pu-817-flex-r10\/","url":"https:\/\/dev.klb-koetztal.de\/fr\/produkt\/klb-system-polyurethan-pu-817-flex-r10\/","name":"| KLB K\u00f6tztal","isPartOf":{"@id":"https:\/\/dev.klb-koetztal.de\/fr\/#website"},"primaryImageOfPage":{"@id":"https:\/\/dev.klb-koetztal.de\/fr\/produkt\/klb-system-polyurethan-pu-817-flex-r10\/#primaryimage"},"image":{"@id":"https:\/\/dev.klb-koetztal.de\/fr\/produkt\/klb-system-polyurethan-pu-817-flex-r10\/#primaryimage"},"thumbnailUrl":"https:\/\/dev.klb-koetztal.de\/app\/uploads\/2025\/07\/PU_817_Flex_R10_10kg_Kombi_600px.jpg","datePublished":"2025-07-08T13:57:45+00:00","dateModified":"2026-02-25T10:25:55+00:00","description":"Scellement mat&#160;en polyur\u00e9thane \u00e0 2 composants,&#160;antid\u00e9rapant, \u00e0 faible \u00e9mission, \u00e9lastique, transparent et stable \u00e0 la lumi\u00e8re avec une r\u00e9duction des bruits d'impact&#160;pour les surfaces adapt\u00e9es aux roulettes de chaise&#160;avec une r\u00e9sistance au glissement d\u00e9finie de R10&#160;","breadcrumb":{"@id":"https:\/\/dev.klb-koetztal.de\/fr\/produkt\/klb-system-polyurethan-pu-817-flex-r10\/#breadcrumb"},"inLanguage":"fr-FR","potentialAction":[{"@type":"ReadAction","target":["https:\/\/dev.klb-koetztal.de\/fr\/produkt\/klb-system-polyurethan-pu-817-flex-r10\/"]}]},{"@type":"ImageObject","inLanguage":"fr-FR","@id":"https:\/\/dev.klb-koetztal.de\/fr\/produkt\/klb-system-polyurethan-pu-817-flex-r10\/#primaryimage","url":"https:\/\/dev.klb-koetztal.de\/app\/uploads\/2025\/07\/PU_817_Flex_R10_10kg_Kombi_600px.jpg","contentUrl":"https:\/\/dev.klb-koetztal.de\/app\/uploads\/2025\/07\/PU_817_Flex_R10_10kg_Kombi_600px.jpg","width":600,"height":600},{"@type":"BreadcrumbList","@id":"https:\/\/dev.klb-koetztal.de\/fr\/produkt\/klb-system-polyurethan-pu-817-flex-r10\/#breadcrumb","itemListElement":[{"@type":"ListItem","position":1,"name":"Startseite","item":"https:\/\/dev.klb-koetztal.de\/fr\/"},{"@type":"ListItem","position":2,"name":"KLB-SYSTEM POLYURETHAN PU 817 Flex-R10"}]},{"@type":"WebSite","@id":"https:\/\/dev.klb-koetztal.de\/fr\/#website","url":"https:\/\/dev.klb-koetztal.de\/fr\/","name":"KLB K\u00f6tztal","description":"Gute B\u00f6den haben ein System.","potentialAction":[{"@type":"SearchAction","target":{"@type":"EntryPoint","urlTemplate":"https:\/\/dev.klb-koetztal.de\/fr\/?s={search_term_string}"},"query-input":{"@type":"PropertyValueSpecification","valueRequired":true,"valueName":"search_term_string"}}],"inLanguage":"fr-FR"}]}},"_links":{"self":[{"href":"https:\/\/dev.klb-koetztal.de\/fr\/wp-json\/wp\/v2\/product\/66356","targetHints":{"allow":["GET"]}}],"collection":[{"href":"https:\/\/dev.klb-koetztal.de\/fr\/wp-json\/wp\/v2\/product"}],"about":[{"href":"https:\/\/dev.klb-koetztal.de\/fr\/wp-json\/wp\/v2\/types\/product"}],"wp:featuredmedia":[{"embeddable":true,"href":"https:\/\/dev.klb-koetztal.de\/fr\/wp-json\/wp\/v2\/media\/66357"}],"wp:attachment":[{"href":"https:\/\/dev.klb-koetztal.de\/fr\/wp-json\/wp\/v2\/media?parent=66356"}],"wp:term":[{"taxonomy":"product_brand","embeddable":true,"href":"https:\/\/dev.klb-koetztal.de\/fr\/wp-json\/wp\/v2\/product_brand?post=66356"},{"taxonomy":"product_cat","embeddable":true,"href":"https:\/\/dev.klb-koetztal.de\/fr\/wp-json\/wp\/v2\/product_cat?post=66356"},{"taxonomy":"product_tag","embeddable":true,"href":"https:\/\/dev.klb-koetztal.de\/fr\/wp-json\/wp\/v2\/product_tag?post=66356"}],"curies":[{"name":"wp","href":"https:\/\/api.w.org\/{rel}","templated":true}]}}