{"id":63441,"date":"2024-10-15T14:02:40","date_gmt":"2024-10-15T12:02:40","guid":{"rendered":"https:\/\/www.klb-koetztal.de\/produkt\/parkhaus-oberflaechenschutzsystem-klb-system-polymer-ec-5610\/"},"modified":"2026-03-16T14:00:55","modified_gmt":"2026-03-16T13:00:55","slug":"parkhaus-oberflaechenschutzsystem-klb-system-polymer-ec-5610","status":"publish","type":"product","link":"https:\/\/dev.klb-koetztal.de\/fr\/produkt\/parkhaus-oberflaechenschutzsystem-klb-system-polymer-ec-5610\/","title":{"rendered":"PARKHAUS-Oberfl\u00e4chenschutzsystem KLB-SYSTEM POLYMER EC 5610 +"},"content":{"rendered":"","protected":false},"excerpt":{"rendered":"<p>KLB-SYSTEM POLYMER EC 5610 + est un rev\u00eatement mural \u00e0 2 composants, \u00e9lastifi\u00e9 avec un pontage de&#160;fissures statique et dynamique, qui peut \u00eatre utilis\u00e9 comme&#160;syst\u00e8me de protection de surface OS 5b selon la directive de maintenance TR.<br \/>\nLa flexibilit\u00e9 au froid permet une protection fiable de la substance de l&rsquo;ouvrage en b\u00e9ton contre la p\u00e9n\u00e9tration de substances nocives&#160;ou de sels de d\u00e9vergla\u00e7age sur les surfaces dans les garages souterrains et \u00e0 \u00e9tages, qui ne sont pas accessibles aux pi\u00e9tons ou aux v\u00e9hicules.<\/p>\n","protected":false},"featured_media":63445,"template":"","meta":{"_acf_changed":false},"product_brand":[],"product_cat":[10042,10066],"product_tag":[],"class_list":{"0":"post-63441","1":"product","2":"type-product","3":"status-publish","4":"has-post-thumbnail","6":"product_cat-revetements","7":"product_cat-revetements_revetements-dans-les-parkings-y-compris-a-durcissement-rapide","9":"first","10":"instock","11":"shipping-taxable","12":"product-type-simple"},"acf":{"product_header":{"module_product_header":{"":null,"prototype_headline":{"headline":"PARKHAUS-Oberfl\u00e4chenschutzsystem KLB-SYSTEM POLYMER EC 5610 +","h1":true,"subheadline":"Rev\u00eatement \u00e0 2 composants pontant les fissures,&#160;modifi\u00e9 aux polym\u00e8res, destin\u00e9 \u00e0 une utilisation comme syst\u00e8me de protection de surface OS 5b","anchor":"","url":""},"grid_text_slider":false,"grid_text_content":[{"text":"<p class=\"product-short-title\" style=\"text-align: center;\"><strong>Br\u00e8ve description<\/strong><\/p>\n<p><strong>KLB-SYSTEM POLYMER EC 5610<\/strong> + est un rev\u00eatement mural \u00e0 2 composants, \u00e9lastifi\u00e9 avec un pontage de&#160;fissures statique et dynamique, qui peut \u00eatre utilis\u00e9 comme&#160;syst\u00e8me de protection de surface OS 5b selon la directive de maintenance TR.<\/p>\n<p>La flexibilit\u00e9 au froid permet une protection fiable de la substance de l&rsquo;ouvrage en b\u00e9ton contre la p\u00e9n\u00e9tration de substances nocives&#160;ou de sels de d\u00e9vergla\u00e7age sur les surfaces dans les garages souterrains et \u00e0 \u00e9tages, qui ne sont pas accessibles aux pi\u00e9tons ou aux v\u00e9hicules.<\/p>\n","width":"4","background_color_text":"bg-white","border_color":"border-gray-light"},{"text":"<p class=\"product-sicing-title\" style=\"text-align: center;\"><strong>Unit\u00e9s d'emballage<\/strong><\/p>\n<ul>\n<li>AK7204-00 &#8211; Emballage en kit 30,00 kg<\/li>\n<\/ul>\n<p><\/p>\n<p>N&rsquo;h\u00e9sitez pas \u00e0 contacter directement pour toute demande concernant des quantit\u00e9s de livraison ou des unit\u00e9s de conditionnement plus importantes.<\/p>\n\n","width":"4","background_color_text":"bg-white","border_color":"border-gray-light"},{"text":"<p class=\"product-attr-title\" style=\"text-align: center;\"><strong>Propri\u00e9t\u00e9s<\/strong><\/p>\n<ul>\n<li>pontant les fissures<\/li>\n<li>\u00e9lastique<\/li>\n<li>bloquant l&rsquo;humidit\u00e9<\/li>\n<li>\u00e9tanche aux liquides<\/li>\n<li>tr\u00e8s r\u00e9sistant \u00e0 l&rsquo;osmose<\/li>\n<li>r\u00e9sistant au sel de d\u00e9vergla\u00e7age<\/li>\n<li>quantit\u00e9 de poussi\u00e8re r\u00e9duite<\/li>\n<li>consistance stable<\/li>\n<li>perm\u00e9able \u00e0 la vapeur d&rsquo;eau<\/li>\n<li>r\u00e9sistant aux intemp\u00e9ries<\/li>\n<\/ul>\n","width":"4","background_color_text":"bg-white","border_color":"border-gray-light"}],"background_color":"bg-none","background_color_content":"bg-none"}},"downloads":{"module_download_list":{"inhalt":null,"downloads":[{"download":{"ID":63364,"id":63364,"title":"EC_5610_plus_PI_fr_2024_09","filename":"EC_5610_plus_PI_fr_2024_09.pdf","filesize":614361,"url":"https:\/\/dev.klb-koetztal.de\/app\/uploads\/2024\/09\/EC_5610_plus_PI_fr_2024_09.pdf","link":"https:\/\/dev.klb-koetztal.de\/fr\/?attachment_id=63364","alt":"","author":"7","description":"","caption":"","name":"ec_5610_plus_pi_fr_2024_09-2","status":"inherit","uploaded_to":0,"date":"2024-09-26 07:10:20","modified":"2024-09-26 07:10:20","menu_order":0,"mime_type":"application\/pdf","type":"application","subtype":"pdf","icon":"https:\/\/dev.klb-koetztal.de\/wp\/wp-includes\/images\/media\/document.png"},"filename":"Information produit","protected":false,"doclang":"FR","externalkey":"Produktinformation","docpos":"3"},{"download":{"ID":63306,"id":63306,"title":"EC5610_Grund_Umwelt-Deklaration_2024-09","filename":"EC5610_Grund_Umwelt-Deklaration_2024-09.pdf","filesize":3964702,"url":"https:\/\/dev.klb-koetztal.de\/app\/uploads\/2024\/09\/EC5610_Grund_Umwelt-Deklaration_2024-09.pdf","link":"https:\/\/dev.klb-koetztal.de\/fr\/?attachment_id=63306","alt":"","author":"7","description":"","caption":"","name":"ec5610_grund_umwelt-deklaration_2024-09-2","status":"inherit","uploaded_to":0,"date":"2024-09-23 05:30:14","modified":"2024-09-23 05:30:14","menu_order":0,"mime_type":"application\/pdf","type":"application","subtype":"pdf","icon":"https:\/\/dev.klb-koetztal.de\/wp\/wp-includes\/images\/media\/document.png"},"filename":"D\u00e9clarations de produit environnemental (EPD)","protected":false,"doclang":"Multi","externalkey":"Umweltproduktdeklaration","docpos":"50"},{"download":false,"filename":"Fiche de donn\u00e9es de s\u00e9curit\u00e9","protected":true,"doclang":"FR","externalkey":"Sicherheitsdatenblatt","docpos":"3"}],"einstellungen":null,"background_color":"bg-none","background_color_content":"bg-none"}},"included_in_systems":{"module_included_in_systems":{"":null,"background_color":"bg-gray-medium","background_color_content":"bg-none"}},"contact":{"module_contact":{"":null,"background_color":"bg-none","background_color_content":"bg-none"}},"ausschreibende":{"module_ausschreibende":{"andern_sie_den_inhalt_unter_universelle_elemente":null,"background_color":"bg-none","background_color_content":"bg-none"}}},"yoast_head":"<!-- This site is optimized with the Yoast SEO plugin v27.0 - https:\/\/yoast.com\/product\/yoast-seo-wordpress\/ -->\n<title>EC 5610 + Rev\u00eatement bicomposant pour OS 5b Wall | KLB K\u00f6tztal<\/title>\n<meta name=\"description\" content=\"Rev\u00eatement \u00e0 2 composants EC 5610 + pontant les fissures comme syst\u00e8me protection de surface OS 5b sur le b\u00e9ton, b\u00e9ton arm\u00e9 \u2714\ufe0f rev\u00eatement mural, parking, garage\" \/>\n<meta name=\"robots\" content=\"noindex, follow, max-snippet:-1, max-image-preview:large, max-video-preview:-1\" \/>\n<meta property=\"og:locale\" content=\"fr_FR\" \/>\n<meta property=\"og:type\" content=\"article\" \/>\n<meta property=\"og:title\" content=\"EC 5610 + Rev\u00eatement bicomposant pour OS 5b Wall | KLB K\u00f6tztal\" \/>\n<meta property=\"og:description\" content=\"Rev\u00eatement \u00e0 2 composants EC 5610 + pontant les fissures comme syst\u00e8me protection de surface OS 5b sur le b\u00e9ton, b\u00e9ton arm\u00e9 \u2714\ufe0f rev\u00eatement mural, parking, garage\" \/>\n<meta property=\"og:url\" content=\"https:\/\/dev.klb-koetztal.de\/fr\/produkt\/parkhaus-oberflaechenschutzsystem-klb-system-polymer-ec-5610\/\" \/>\n<meta property=\"og:site_name\" content=\"KLB K\u00f6tztal\" \/>\n<meta property=\"article:publisher\" content=\"https:\/\/www.facebook.com\/klbkoetztal\" \/>\n<meta property=\"article:modified_time\" content=\"2026-03-16T13:00:55+00:00\" \/>\n<meta property=\"og:image\" content=\"https:\/\/dev.klb-koetztal.de\/app\/uploads\/2024\/10\/EC_5610_plus_OS5b_KLB_40kg_Gebinde.jpg\" \/>\n\t<meta property=\"og:image:width\" content=\"600\" \/>\n\t<meta property=\"og:image:height\" content=\"600\" \/>\n\t<meta property=\"og:image:type\" content=\"image\/jpeg\" \/>\n<meta name=\"twitter:card\" content=\"summary_large_image\" \/>\n<script type=\"application\/ld+json\" class=\"yoast-schema-graph\">{\"@context\":\"https:\/\/schema.org\",\"@graph\":[{\"@type\":\"WebPage\",\"@id\":\"https:\/\/dev.klb-koetztal.de\/fr\/produkt\/parkhaus-oberflaechenschutzsystem-klb-system-polymer-ec-5610\/\",\"url\":\"https:\/\/dev.klb-koetztal.de\/fr\/produkt\/parkhaus-oberflaechenschutzsystem-klb-system-polymer-ec-5610\/\",\"name\":\"EC 5610 + Rev\u00eatement bicomposant pour OS 5b Wall | KLB K\u00f6tztal\",\"isPartOf\":{\"@id\":\"https:\/\/dev.klb-koetztal.de\/fr\/#website\"},\"primaryImageOfPage\":{\"@id\":\"https:\/\/dev.klb-koetztal.de\/fr\/produkt\/parkhaus-oberflaechenschutzsystem-klb-system-polymer-ec-5610\/#primaryimage\"},\"image\":{\"@id\":\"https:\/\/dev.klb-koetztal.de\/fr\/produkt\/parkhaus-oberflaechenschutzsystem-klb-system-polymer-ec-5610\/#primaryimage\"},\"thumbnailUrl\":\"https:\/\/dev.klb-koetztal.de\/app\/uploads\/2024\/10\/EC_5610_plus_OS5b_KLB_40kg_Gebinde.jpg\",\"datePublished\":\"2024-10-15T12:02:40+00:00\",\"dateModified\":\"2026-03-16T13:00:55+00:00\",\"description\":\"Rev\u00eatement \u00e0 2 composants EC 5610 + pontant les fissures comme syst\u00e8me protection de surface OS 5b sur le b\u00e9ton, b\u00e9ton arm\u00e9 \u2714\ufe0f rev\u00eatement mural, parking, garage\",\"breadcrumb\":{\"@id\":\"https:\/\/dev.klb-koetztal.de\/fr\/produkt\/parkhaus-oberflaechenschutzsystem-klb-system-polymer-ec-5610\/#breadcrumb\"},\"inLanguage\":\"fr-FR\",\"potentialAction\":[{\"@type\":\"ReadAction\",\"target\":[\"https:\/\/dev.klb-koetztal.de\/fr\/produkt\/parkhaus-oberflaechenschutzsystem-klb-system-polymer-ec-5610\/\"]}]},{\"@type\":\"ImageObject\",\"inLanguage\":\"fr-FR\",\"@id\":\"https:\/\/dev.klb-koetztal.de\/fr\/produkt\/parkhaus-oberflaechenschutzsystem-klb-system-polymer-ec-5610\/#primaryimage\",\"url\":\"https:\/\/dev.klb-koetztal.de\/app\/uploads\/2024\/10\/EC_5610_plus_OS5b_KLB_40kg_Gebinde.jpg\",\"contentUrl\":\"https:\/\/dev.klb-koetztal.de\/app\/uploads\/2024\/10\/EC_5610_plus_OS5b_KLB_40kg_Gebinde.jpg\",\"width\":600,\"height\":600},{\"@type\":\"BreadcrumbList\",\"@id\":\"https:\/\/dev.klb-koetztal.de\/fr\/produkt\/parkhaus-oberflaechenschutzsystem-klb-system-polymer-ec-5610\/#breadcrumb\",\"itemListElement\":[{\"@type\":\"ListItem\",\"position\":1,\"name\":\"Startseite\",\"item\":\"https:\/\/dev.klb-koetztal.de\/fr\/\"},{\"@type\":\"ListItem\",\"position\":2,\"name\":\"PARKHAUS-Oberfl\u00e4chenschutzsystem KLB-SYSTEM POLYMER EC 5610 +\"}]},{\"@type\":\"WebSite\",\"@id\":\"https:\/\/dev.klb-koetztal.de\/fr\/#website\",\"url\":\"https:\/\/dev.klb-koetztal.de\/fr\/\",\"name\":\"KLB K\u00f6tztal\",\"description\":\"Gute B\u00f6den haben ein System.\",\"potentialAction\":[{\"@type\":\"SearchAction\",\"target\":{\"@type\":\"EntryPoint\",\"urlTemplate\":\"https:\/\/dev.klb-koetztal.de\/fr\/?s={search_term_string}\"},\"query-input\":{\"@type\":\"PropertyValueSpecification\",\"valueRequired\":true,\"valueName\":\"search_term_string\"}}],\"inLanguage\":\"fr-FR\"}]}<\/script>\n<!-- \/ Yoast SEO plugin. -->","yoast_head_json":{"title":"EC 5610 + Rev\u00eatement bicomposant pour OS 5b Wall | KLB K\u00f6tztal","description":"Rev\u00eatement \u00e0 2 composants EC 5610 + pontant les fissures comme syst\u00e8me protection de surface OS 5b sur le b\u00e9ton, b\u00e9ton arm\u00e9 \u2714\ufe0f rev\u00eatement mural, parking, garage","robots":{"index":"noindex","follow":"follow","max-snippet":"max-snippet:-1","max-image-preview":"max-image-preview:large","max-video-preview":"max-video-preview:-1"},"og_locale":"fr_FR","og_type":"article","og_title":"EC 5610 + Rev\u00eatement bicomposant pour OS 5b Wall | KLB K\u00f6tztal","og_description":"Rev\u00eatement \u00e0 2 composants EC 5610 + pontant les fissures comme syst\u00e8me protection de surface OS 5b sur le b\u00e9ton, b\u00e9ton arm\u00e9 \u2714\ufe0f rev\u00eatement mural, parking, garage","og_url":"https:\/\/dev.klb-koetztal.de\/fr\/produkt\/parkhaus-oberflaechenschutzsystem-klb-system-polymer-ec-5610\/","og_site_name":"KLB K\u00f6tztal","article_publisher":"https:\/\/www.facebook.com\/klbkoetztal","article_modified_time":"2026-03-16T13:00:55+00:00","og_image":[{"width":600,"height":600,"url":"https:\/\/dev.klb-koetztal.de\/app\/uploads\/2024\/10\/EC_5610_plus_OS5b_KLB_40kg_Gebinde.jpg","type":"image\/jpeg"}],"twitter_card":"summary_large_image","schema":{"@context":"https:\/\/schema.org","@graph":[{"@type":"WebPage","@id":"https:\/\/dev.klb-koetztal.de\/fr\/produkt\/parkhaus-oberflaechenschutzsystem-klb-system-polymer-ec-5610\/","url":"https:\/\/dev.klb-koetztal.de\/fr\/produkt\/parkhaus-oberflaechenschutzsystem-klb-system-polymer-ec-5610\/","name":"EC 5610 + Rev\u00eatement bicomposant pour OS 5b Wall | KLB K\u00f6tztal","isPartOf":{"@id":"https:\/\/dev.klb-koetztal.de\/fr\/#website"},"primaryImageOfPage":{"@id":"https:\/\/dev.klb-koetztal.de\/fr\/produkt\/parkhaus-oberflaechenschutzsystem-klb-system-polymer-ec-5610\/#primaryimage"},"image":{"@id":"https:\/\/dev.klb-koetztal.de\/fr\/produkt\/parkhaus-oberflaechenschutzsystem-klb-system-polymer-ec-5610\/#primaryimage"},"thumbnailUrl":"https:\/\/dev.klb-koetztal.de\/app\/uploads\/2024\/10\/EC_5610_plus_OS5b_KLB_40kg_Gebinde.jpg","datePublished":"2024-10-15T12:02:40+00:00","dateModified":"2026-03-16T13:00:55+00:00","description":"Rev\u00eatement \u00e0 2 composants EC 5610 + pontant les fissures comme syst\u00e8me protection de surface OS 5b sur le b\u00e9ton, b\u00e9ton arm\u00e9 \u2714\ufe0f rev\u00eatement mural, parking, garage","breadcrumb":{"@id":"https:\/\/dev.klb-koetztal.de\/fr\/produkt\/parkhaus-oberflaechenschutzsystem-klb-system-polymer-ec-5610\/#breadcrumb"},"inLanguage":"fr-FR","potentialAction":[{"@type":"ReadAction","target":["https:\/\/dev.klb-koetztal.de\/fr\/produkt\/parkhaus-oberflaechenschutzsystem-klb-system-polymer-ec-5610\/"]}]},{"@type":"ImageObject","inLanguage":"fr-FR","@id":"https:\/\/dev.klb-koetztal.de\/fr\/produkt\/parkhaus-oberflaechenschutzsystem-klb-system-polymer-ec-5610\/#primaryimage","url":"https:\/\/dev.klb-koetztal.de\/app\/uploads\/2024\/10\/EC_5610_plus_OS5b_KLB_40kg_Gebinde.jpg","contentUrl":"https:\/\/dev.klb-koetztal.de\/app\/uploads\/2024\/10\/EC_5610_plus_OS5b_KLB_40kg_Gebinde.jpg","width":600,"height":600},{"@type":"BreadcrumbList","@id":"https:\/\/dev.klb-koetztal.de\/fr\/produkt\/parkhaus-oberflaechenschutzsystem-klb-system-polymer-ec-5610\/#breadcrumb","itemListElement":[{"@type":"ListItem","position":1,"name":"Startseite","item":"https:\/\/dev.klb-koetztal.de\/fr\/"},{"@type":"ListItem","position":2,"name":"PARKHAUS-Oberfl\u00e4chenschutzsystem KLB-SYSTEM POLYMER EC 5610 +"}]},{"@type":"WebSite","@id":"https:\/\/dev.klb-koetztal.de\/fr\/#website","url":"https:\/\/dev.klb-koetztal.de\/fr\/","name":"KLB K\u00f6tztal","description":"Gute B\u00f6den haben ein System.","potentialAction":[{"@type":"SearchAction","target":{"@type":"EntryPoint","urlTemplate":"https:\/\/dev.klb-koetztal.de\/fr\/?s={search_term_string}"},"query-input":{"@type":"PropertyValueSpecification","valueRequired":true,"valueName":"search_term_string"}}],"inLanguage":"fr-FR"}]}},"_links":{"self":[{"href":"https:\/\/dev.klb-koetztal.de\/fr\/wp-json\/wp\/v2\/product\/63441","targetHints":{"allow":["GET"]}}],"collection":[{"href":"https:\/\/dev.klb-koetztal.de\/fr\/wp-json\/wp\/v2\/product"}],"about":[{"href":"https:\/\/dev.klb-koetztal.de\/fr\/wp-json\/wp\/v2\/types\/product"}],"wp:featuredmedia":[{"embeddable":true,"href":"https:\/\/dev.klb-koetztal.de\/fr\/wp-json\/wp\/v2\/media\/63445"}],"wp:attachment":[{"href":"https:\/\/dev.klb-koetztal.de\/fr\/wp-json\/wp\/v2\/media?parent=63441"}],"wp:term":[{"taxonomy":"product_brand","embeddable":true,"href":"https:\/\/dev.klb-koetztal.de\/fr\/wp-json\/wp\/v2\/product_brand?post=63441"},{"taxonomy":"product_cat","embeddable":true,"href":"https:\/\/dev.klb-koetztal.de\/fr\/wp-json\/wp\/v2\/product_cat?post=63441"},{"taxonomy":"product_tag","embeddable":true,"href":"https:\/\/dev.klb-koetztal.de\/fr\/wp-json\/wp\/v2\/product_tag?post=63441"}],"curies":[{"name":"wp","href":"https:\/\/api.w.org\/{rel}","templated":true}]}}