{"id":62777,"date":"2024-08-20T16:34:58","date_gmt":"2024-08-20T14:34:58","guid":{"rendered":"https:\/\/www.klb-koetztal.de\/produkt\/klb-system-epoxid-ep-216-rapid\/"},"modified":"2026-03-16T14:21:49","modified_gmt":"2026-03-16T13:21:49","slug":"klb-system-epoxid-ep-216-rapid","status":"publish","type":"product","link":"https:\/\/dev.klb-koetztal.de\/fr\/produkt\/klb-system-epoxid-ep-216-rapid\/","title":{"rendered":"KLB-SYSTEM EPOXID EP 216 RAPID"},"content":{"rendered":"","protected":false},"excerpt":{"rendered":"<p>Rev\u00eatement en r\u00e9sine \u00e9poxy \u00e0 2 composants, \u00e0 durcissement rapide&#160;et sans solvants pour la r\u00e9alisation de rev\u00eatements lisses ou comme couche de base et de finition sur les sols saupoudr\u00e9s &#8211; tout particuli\u00e8rement pour les surfaces de parking test\u00e9 selon l&rsquo;OS 8.<br \/>\nAccessible&#160;apr\u00e8s 3 \u00e0 5 heures, ajust\u00e9 pour une utilisation rapide.<\/p>\n","protected":false},"featured_media":49745,"template":"","meta":{"_acf_changed":false},"product_brand":[],"product_cat":[10042,10065,10066],"product_tag":[],"class_list":{"0":"post-62777","1":"product","2":"type-product","3":"status-publish","4":"has-post-thumbnail","6":"product_cat-revetements","7":"product_cat-revetements_revetements-en-resine-epoxyde-2-composants","8":"product_cat-revetements_revetements-dans-les-parkings-y-compris-a-durcissement-rapide","10":"first","11":"instock","12":"shipping-taxable","13":"product-type-simple"},"acf":{"product_header":{"module_product_header":{"":null,"prototype_headline":{"headline":"KLB-SYSTEM EPOXID EP 216 RAPID","h1":true,"subheadline":"Rev\u00eatement en r\u00e9sine \u00e9poxy \u00e0 2 composants \u00e0 durcissement rapide et pigment\u00e9&#160;pour les rev\u00eatements de sol lisses ou antid\u00e9rapants avec possibilit\u00e9 de r\u00e9utilisation rapide.&#160;","anchor":"","url":""},"grid_text_slider":false,"grid_text_content":[{"text":"<p class=\"product-short-title\" style=\"text-align: center;\"><strong>Br\u00e8ve description<\/strong><\/p>\n<p>Rev\u00eatement en r\u00e9sine \u00e9poxy \u00e0 2 composants, \u00e0 durcissement rapide&#160;et sans solvants pour la r\u00e9alisation de rev\u00eatements lisses ou comme couche de base et de finition sur les sols saupoudr\u00e9s &#8211; tout particuli\u00e8rement pour les surfaces de parking test\u00e9 selon l&rsquo;OS 8.<\/p>\n<p>Accessible&#160;apr\u00e8s 3 \u00e0 5 heures, ajust\u00e9 pour une utilisation rapide.<\/p>\n","width":"4","background_color_text":"bg-white","border_color":"border-gray-light"},{"text":"<p class=\"product-sicing-title\" style=\"text-align: center;\"><strong>Unit\u00e9s d'emballage<\/strong><\/p>\n<ul>\n<li>AK2010-50 &#8211; Combinaison Seau 10,00 kg<\/li>\n<li>AL1281-30 &#8211; Combinaison Hobbock 30,00 kg<\/li>\n<\/ul>\n<p><\/p>\n<p>N&rsquo;h\u00e9sitez pas \u00e0 contacter directement pour toute demande concernant des quantit\u00e9s de livraison ou des unit\u00e9s de conditionnement plus importantes.<\/p>\n\n","width":"4","background_color_text":"bg-white","border_color":"border-gray-light"},{"text":"<p class=\"product-attr-title\" style=\"text-align: center;\"><strong>Propri\u00e9t\u00e9s<\/strong><\/p>\n<ul>\n<li>Total Solid selon GISCODE (m\u00e9thode d&rsquo;essai de \u00ab Deutsche Bauchemie \u00bb, l&rsquo;association all. pour la chimie de construction)<\/li>\n<li>\u00e0 durcissement rapide<\/li>\n<li>accessibilit\u00e9 rapide<\/li>\n<li>utilisation universelle<\/li>\n<li>peut \u00eatre rempli de sable de quartz s\u00e9ch\u00e9 au feu<\/li>\n<li>bonne r\u00e9sistance \u00e0 l&rsquo;eau et aux produits chimiques<\/li>\n<li>tr\u00e8s bon \u00e9talement<\/li>\n<li>r\u00e9sistant \u00e0 l&rsquo;abrasion et \u00e0 l&rsquo;usure<\/li>\n<\/ul>\n","width":"4","background_color_text":"bg-white","border_color":"border-gray-light"}],"background_color":"bg-none","background_color_content":"bg-none"}},"downloads":{"module_download_list":{"inhalt":null,"downloads":[{"download":{"ID":66984,"id":66984,"title":"EP_216_RAPID_PI_fr_2025_08","filename":"EP_216_RAPID_PI_fr_2025_08.pdf","filesize":1585621,"url":"https:\/\/dev.klb-koetztal.de\/app\/uploads\/2025\/08\/EP_216_RAPID_PI_fr_2025_08.pdf","link":"https:\/\/dev.klb-koetztal.de\/fr\/?attachment_id=66984","alt":"","author":"7","description":"","caption":"","name":"ep_216_rapid_pi_fr_2025_08-2","status":"inherit","uploaded_to":0,"date":"2025-08-11 10:01:00","modified":"2025-08-11 10:01:00","menu_order":0,"mime_type":"application\/pdf","type":"application","subtype":"pdf","icon":"https:\/\/dev.klb-koetztal.de\/wp\/wp-includes\/images\/media\/document.png"},"filename":"Information produit","protected":false,"doclang":"FR","externalkey":"Produktinformation","docpos":"3"},{"download":{"ID":49750,"id":49750,"title":"Leistungserkl\u00e4rung - Statement of performance","filename":"EP216_Rapid_LE_2017-06.pdf","filesize":227388,"url":"https:\/\/dev.klb-koetztal.de\/app\/uploads\/2022\/03\/EP216_Rapid_LE_2017-06.pdf","link":"https:\/\/dev.klb-koetztal.de\/fr\/?attachment_id=49750","alt":"","author":"7","description":"","caption":"","name":"ep216_rapid_le_2017-06","status":"inherit","uploaded_to":0,"date":"2022-03-14 10:01:35","modified":"2026-03-16 13:21:56","menu_order":0,"mime_type":"application\/pdf","type":"application","subtype":"pdf","icon":"https:\/\/dev.klb-koetztal.de\/wp\/wp-includes\/images\/media\/document.png"},"filename":"D\u00e9claration de performance","protected":false,"doclang":"Multi","externalkey":"Leistungserklaerung","docpos":"50"},{"download":{"ID":51984,"id":51984,"title":"EP216_Rapid_Umwelt-Deklaration_2022-08","filename":"EP216_Rapid_Umwelt-Deklaration_2022-08.pdf","filesize":2902075,"url":"https:\/\/dev.klb-koetztal.de\/app\/uploads\/2022\/09\/EP216_Rapid_Umwelt-Deklaration_2022-08.pdf","link":"https:\/\/dev.klb-koetztal.de\/fr\/?attachment_id=51984","alt":"","author":"7","description":"","caption":"","name":"ep216_rapid_umwelt-deklaration_2022-08-2","status":"inherit","uploaded_to":0,"date":"2022-09-01 09:41:24","modified":"2022-09-01 09:41:24","menu_order":0,"mime_type":"application\/pdf","type":"application","subtype":"pdf","icon":"https:\/\/dev.klb-koetztal.de\/wp\/wp-includes\/images\/media\/document.png"},"filename":"D\u00e9clarations de produit environnemental (EPD)","protected":false,"doclang":"Multi","externalkey":"Umweltproduktdeklaration","docpos":"50"},{"download":false,"filename":"Fiche de donn\u00e9es de s\u00e9curit\u00e9","protected":true,"doclang":"FR","externalkey":"Sicherheitsdatenblatt","docpos":"3"}],"einstellungen":null,"background_color":"bg-none","background_color_content":"bg-none"}},"included_in_systems":{"module_included_in_systems":{"":null,"background_color":"bg-gray-medium","background_color_content":"bg-none"}},"contact":{"module_contact":{"":null,"background_color":"bg-none","background_color_content":"bg-none"}},"ausschreibende":{"module_ausschreibende":{"andern_sie_den_inhalt_unter_universelle_elemente":null,"background_color":"bg-none","background_color_content":"bg-none"}}},"yoast_head":"<!-- This site is optimized with the Yoast SEO plugin v27.0 - https:\/\/yoast.com\/product\/yoast-seo-wordpress\/ -->\n<title>Rev\u00eatement EP 216 RAPID durcissant rapide, chimi-r\u00e9sistant | KLB<\/title>\n<meta name=\"description\" content=\"Rev\u00eatement EP 216 RAPID sans solvant, r\u00e9sistant chimique et m\u00e9canique en durcissement rapide, p.ex. aux r\u00e9novations | KLB sols \u2714\ufe0f antid\u00e9rapance possible\" \/>\n<meta name=\"robots\" content=\"noindex, follow, max-snippet:-1, max-image-preview:large, max-video-preview:-1\" \/>\n<meta property=\"og:locale\" content=\"fr_FR\" \/>\n<meta property=\"og:type\" content=\"article\" \/>\n<meta property=\"og:title\" content=\"Rev\u00eatement EP 216 RAPID durcissant rapide, chimi-r\u00e9sistant | KLB\" \/>\n<meta property=\"og:description\" content=\"Rev\u00eatement EP 216 RAPID sans solvant, r\u00e9sistant chimique et m\u00e9canique en durcissement rapide, p.ex. aux r\u00e9novations | KLB sols \u2714\ufe0f antid\u00e9rapance possible\" \/>\n<meta property=\"og:url\" content=\"https:\/\/dev.klb-koetztal.de\/fr\/produkt\/klb-system-epoxid-ep-216-rapid\/\" \/>\n<meta property=\"og:site_name\" content=\"KLB K\u00f6tztal\" \/>\n<meta property=\"article:publisher\" content=\"https:\/\/www.facebook.com\/klbkoetztal\" \/>\n<meta property=\"article:modified_time\" content=\"2026-03-16T13:21:49+00:00\" \/>\n<meta property=\"og:image\" content=\"https:\/\/dev.klb-koetztal.de\/app\/uploads\/2022\/03\/EP216_Rapid.jpg\" \/>\n\t<meta property=\"og:image:width\" content=\"500\" \/>\n\t<meta property=\"og:image:height\" content=\"500\" \/>\n\t<meta property=\"og:image:type\" content=\"image\/jpeg\" \/>\n<meta name=\"twitter:card\" content=\"summary_large_image\" \/>\n<script type=\"application\/ld+json\" class=\"yoast-schema-graph\">{\"@context\":\"https:\/\/schema.org\",\"@graph\":[{\"@type\":\"WebPage\",\"@id\":\"https:\/\/dev.klb-koetztal.de\/fr\/produkt\/klb-system-epoxid-ep-216-rapid\/\",\"url\":\"https:\/\/dev.klb-koetztal.de\/fr\/produkt\/klb-system-epoxid-ep-216-rapid\/\",\"name\":\"Rev\u00eatement EP 216 RAPID durcissant rapide, chimi-r\u00e9sistant | KLB\",\"isPartOf\":{\"@id\":\"https:\/\/dev.klb-koetztal.de\/fr\/#website\"},\"primaryImageOfPage\":{\"@id\":\"https:\/\/dev.klb-koetztal.de\/fr\/produkt\/klb-system-epoxid-ep-216-rapid\/#primaryimage\"},\"image\":{\"@id\":\"https:\/\/dev.klb-koetztal.de\/fr\/produkt\/klb-system-epoxid-ep-216-rapid\/#primaryimage\"},\"thumbnailUrl\":\"https:\/\/dev.klb-koetztal.de\/app\/uploads\/2022\/03\/EP216_Rapid.jpg\",\"datePublished\":\"2024-08-20T14:34:58+00:00\",\"dateModified\":\"2026-03-16T13:21:49+00:00\",\"description\":\"Rev\u00eatement EP 216 RAPID sans solvant, r\u00e9sistant chimique et m\u00e9canique en durcissement rapide, p.ex. aux r\u00e9novations | KLB sols \u2714\ufe0f antid\u00e9rapance possible\",\"breadcrumb\":{\"@id\":\"https:\/\/dev.klb-koetztal.de\/fr\/produkt\/klb-system-epoxid-ep-216-rapid\/#breadcrumb\"},\"inLanguage\":\"fr-FR\",\"potentialAction\":[{\"@type\":\"ReadAction\",\"target\":[\"https:\/\/dev.klb-koetztal.de\/fr\/produkt\/klb-system-epoxid-ep-216-rapid\/\"]}]},{\"@type\":\"ImageObject\",\"inLanguage\":\"fr-FR\",\"@id\":\"https:\/\/dev.klb-koetztal.de\/fr\/produkt\/klb-system-epoxid-ep-216-rapid\/#primaryimage\",\"url\":\"https:\/\/dev.klb-koetztal.de\/app\/uploads\/2022\/03\/EP216_Rapid.jpg\",\"contentUrl\":\"https:\/\/dev.klb-koetztal.de\/app\/uploads\/2022\/03\/EP216_Rapid.jpg\",\"width\":500,\"height\":500},{\"@type\":\"BreadcrumbList\",\"@id\":\"https:\/\/dev.klb-koetztal.de\/fr\/produkt\/klb-system-epoxid-ep-216-rapid\/#breadcrumb\",\"itemListElement\":[{\"@type\":\"ListItem\",\"position\":1,\"name\":\"Startseite\",\"item\":\"https:\/\/dev.klb-koetztal.de\/fr\/\"},{\"@type\":\"ListItem\",\"position\":2,\"name\":\"KLB-SYSTEM EPOXID EP 216 RAPID\"}]},{\"@type\":\"WebSite\",\"@id\":\"https:\/\/dev.klb-koetztal.de\/fr\/#website\",\"url\":\"https:\/\/dev.klb-koetztal.de\/fr\/\",\"name\":\"KLB K\u00f6tztal\",\"description\":\"Gute B\u00f6den haben ein System.\",\"potentialAction\":[{\"@type\":\"SearchAction\",\"target\":{\"@type\":\"EntryPoint\",\"urlTemplate\":\"https:\/\/dev.klb-koetztal.de\/fr\/?s={search_term_string}\"},\"query-input\":{\"@type\":\"PropertyValueSpecification\",\"valueRequired\":true,\"valueName\":\"search_term_string\"}}],\"inLanguage\":\"fr-FR\"}]}<\/script>\n<!-- \/ Yoast SEO plugin. -->","yoast_head_json":{"title":"Rev\u00eatement EP 216 RAPID durcissant rapide, chimi-r\u00e9sistant | KLB","description":"Rev\u00eatement EP 216 RAPID sans solvant, r\u00e9sistant chimique et m\u00e9canique en durcissement rapide, p.ex. aux r\u00e9novations | KLB sols \u2714\ufe0f antid\u00e9rapance possible","robots":{"index":"noindex","follow":"follow","max-snippet":"max-snippet:-1","max-image-preview":"max-image-preview:large","max-video-preview":"max-video-preview:-1"},"og_locale":"fr_FR","og_type":"article","og_title":"Rev\u00eatement EP 216 RAPID durcissant rapide, chimi-r\u00e9sistant | KLB","og_description":"Rev\u00eatement EP 216 RAPID sans solvant, r\u00e9sistant chimique et m\u00e9canique en durcissement rapide, p.ex. aux r\u00e9novations | KLB sols \u2714\ufe0f antid\u00e9rapance possible","og_url":"https:\/\/dev.klb-koetztal.de\/fr\/produkt\/klb-system-epoxid-ep-216-rapid\/","og_site_name":"KLB K\u00f6tztal","article_publisher":"https:\/\/www.facebook.com\/klbkoetztal","article_modified_time":"2026-03-16T13:21:49+00:00","og_image":[{"width":500,"height":500,"url":"https:\/\/dev.klb-koetztal.de\/app\/uploads\/2022\/03\/EP216_Rapid.jpg","type":"image\/jpeg"}],"twitter_card":"summary_large_image","schema":{"@context":"https:\/\/schema.org","@graph":[{"@type":"WebPage","@id":"https:\/\/dev.klb-koetztal.de\/fr\/produkt\/klb-system-epoxid-ep-216-rapid\/","url":"https:\/\/dev.klb-koetztal.de\/fr\/produkt\/klb-system-epoxid-ep-216-rapid\/","name":"Rev\u00eatement EP 216 RAPID durcissant rapide, chimi-r\u00e9sistant | KLB","isPartOf":{"@id":"https:\/\/dev.klb-koetztal.de\/fr\/#website"},"primaryImageOfPage":{"@id":"https:\/\/dev.klb-koetztal.de\/fr\/produkt\/klb-system-epoxid-ep-216-rapid\/#primaryimage"},"image":{"@id":"https:\/\/dev.klb-koetztal.de\/fr\/produkt\/klb-system-epoxid-ep-216-rapid\/#primaryimage"},"thumbnailUrl":"https:\/\/dev.klb-koetztal.de\/app\/uploads\/2022\/03\/EP216_Rapid.jpg","datePublished":"2024-08-20T14:34:58+00:00","dateModified":"2026-03-16T13:21:49+00:00","description":"Rev\u00eatement EP 216 RAPID sans solvant, r\u00e9sistant chimique et m\u00e9canique en durcissement rapide, p.ex. aux r\u00e9novations | KLB sols \u2714\ufe0f antid\u00e9rapance possible","breadcrumb":{"@id":"https:\/\/dev.klb-koetztal.de\/fr\/produkt\/klb-system-epoxid-ep-216-rapid\/#breadcrumb"},"inLanguage":"fr-FR","potentialAction":[{"@type":"ReadAction","target":["https:\/\/dev.klb-koetztal.de\/fr\/produkt\/klb-system-epoxid-ep-216-rapid\/"]}]},{"@type":"ImageObject","inLanguage":"fr-FR","@id":"https:\/\/dev.klb-koetztal.de\/fr\/produkt\/klb-system-epoxid-ep-216-rapid\/#primaryimage","url":"https:\/\/dev.klb-koetztal.de\/app\/uploads\/2022\/03\/EP216_Rapid.jpg","contentUrl":"https:\/\/dev.klb-koetztal.de\/app\/uploads\/2022\/03\/EP216_Rapid.jpg","width":500,"height":500},{"@type":"BreadcrumbList","@id":"https:\/\/dev.klb-koetztal.de\/fr\/produkt\/klb-system-epoxid-ep-216-rapid\/#breadcrumb","itemListElement":[{"@type":"ListItem","position":1,"name":"Startseite","item":"https:\/\/dev.klb-koetztal.de\/fr\/"},{"@type":"ListItem","position":2,"name":"KLB-SYSTEM EPOXID EP 216 RAPID"}]},{"@type":"WebSite","@id":"https:\/\/dev.klb-koetztal.de\/fr\/#website","url":"https:\/\/dev.klb-koetztal.de\/fr\/","name":"KLB K\u00f6tztal","description":"Gute B\u00f6den haben ein System.","potentialAction":[{"@type":"SearchAction","target":{"@type":"EntryPoint","urlTemplate":"https:\/\/dev.klb-koetztal.de\/fr\/?s={search_term_string}"},"query-input":{"@type":"PropertyValueSpecification","valueRequired":true,"valueName":"search_term_string"}}],"inLanguage":"fr-FR"}]}},"_links":{"self":[{"href":"https:\/\/dev.klb-koetztal.de\/fr\/wp-json\/wp\/v2\/product\/62777","targetHints":{"allow":["GET"]}}],"collection":[{"href":"https:\/\/dev.klb-koetztal.de\/fr\/wp-json\/wp\/v2\/product"}],"about":[{"href":"https:\/\/dev.klb-koetztal.de\/fr\/wp-json\/wp\/v2\/types\/product"}],"wp:featuredmedia":[{"embeddable":true,"href":"https:\/\/dev.klb-koetztal.de\/fr\/wp-json\/wp\/v2\/media\/49745"}],"wp:attachment":[{"href":"https:\/\/dev.klb-koetztal.de\/fr\/wp-json\/wp\/v2\/media?parent=62777"}],"wp:term":[{"taxonomy":"product_brand","embeddable":true,"href":"https:\/\/dev.klb-koetztal.de\/fr\/wp-json\/wp\/v2\/product_brand?post=62777"},{"taxonomy":"product_cat","embeddable":true,"href":"https:\/\/dev.klb-koetztal.de\/fr\/wp-json\/wp\/v2\/product_cat?post=62777"},{"taxonomy":"product_tag","embeddable":true,"href":"https:\/\/dev.klb-koetztal.de\/fr\/wp-json\/wp\/v2\/product_tag?post=62777"}],"curies":[{"name":"wp","href":"https:\/\/api.w.org\/{rel}","templated":true}]}}