{"id":62774,"date":"2024-08-20T16:34:40","date_gmt":"2024-08-20T14:34:40","guid":{"rendered":"https:\/\/www.klb-koetztal.de\/produkt\/klb-system-epoxid-ep-216-universal\/"},"modified":"2026-03-16T14:21:19","modified_gmt":"2026-03-16T13:21:19","slug":"klb-system-epoxid-ep-216-universal","status":"publish","type":"product","link":"https:\/\/dev.klb-koetztal.de\/fr\/produkt\/klb-system-epoxid-ep-216-universal\/","title":{"rendered":"KLB-SYSTEM EPOXID EP 216 Universal"},"content":{"rendered":"","protected":false},"excerpt":{"rendered":"<p>Rev\u00eatement en r\u00e9sine \u00e9poxy \u00e0 2 composants, universel, autolissant et sans solvants pour la r\u00e9alisation de rev\u00eatements lisses ou comme couche de base et de finition sur les sols saupoudr\u00e9s &#8211; tout particuli\u00e8rement pour les surfaces de parking test\u00e9 selon l&rsquo;OS 8.<br \/>\nConvient aux rev\u00eatements en couches minces et&#160;peut \u00eatre rempli de sable de quartz pour les \u00e9paisseurs de couche plus \u00e9lev\u00e9es.<\/p>\n","protected":false},"featured_media":49485,"template":"","meta":{"_acf_changed":false},"product_brand":[],"product_cat":[10042,10065,10066,10061,10062],"product_tag":[],"class_list":{"0":"post-62774","1":"product","2":"type-product","3":"status-publish","4":"has-post-thumbnail","6":"product_cat-revetements","7":"product_cat-revetements_revetements-en-resine-epoxyde-2-composants","8":"product_cat-revetements_revetements-dans-les-parkings-y-compris-a-durcissement-rapide","9":"product_cat-scellements-de-finition-pour-des-revetements-saupoudres","10":"product_cat-scellements-de-finition-pour-des-revetements-saupoudres_couche-de-scellement-en-resine-epoxyde-a-2-composants","12":"first","13":"instock","14":"shipping-taxable","15":"product-type-simple"},"acf":{"product_header":{"module_product_header":{"":null,"prototype_headline":{"headline":"KLB-SYSTEM EPOXID EP 216 Universal","h1":true,"subheadline":"Rev\u00eatement et scellement de t\u00eate en r\u00e9sine \u00e9poxy \u00e0 2 composants, universel et color\u00e9 pour les rev\u00eatements industriels ou comme syst\u00e8me de protection de surface OS 8 selon la directive DAfStb","anchor":"","url":""},"grid_text_slider":false,"grid_text_content":[{"text":"<p class=\"product-short-title\" style=\"text-align: center;\"><strong>Br\u00e8ve description<\/strong><\/p>\n<p>Rev\u00eatement en r\u00e9sine \u00e9poxy \u00e0 2 composants, universel, autolissant et sans solvants pour la r\u00e9alisation de rev\u00eatements lisses ou comme couche de base et de finition sur les sols saupoudr\u00e9s &#8211; tout particuli\u00e8rement pour les surfaces de parking test\u00e9 selon l&rsquo;OS 8.<\/p>\n<p>Convient aux rev\u00eatements en couches minces et&#160;peut \u00eatre rempli de sable de quartz pour les \u00e9paisseurs de couche plus \u00e9lev\u00e9es.<\/p>\n","width":"4","background_color_text":"bg-white","border_color":"border-gray-light"},{"text":"<p class=\"product-sicing-title\" style=\"text-align: center;\"><strong>Unit\u00e9s d'emballage<\/strong><\/p>\n<ul>\n<li>AL1280-50 &#8211; Combinaison Seau 10,00 kg<\/li>\n<li>AL1280-30 &#8211; Combinaison Hobbock 30,00 kg<\/li>\n<\/ul>\n<p><\/p>\n<p>N&rsquo;h\u00e9sitez pas \u00e0 contacter directement pour toute demande concernant des quantit\u00e9s de livraison ou des unit\u00e9s de conditionnement plus importantes.<\/p>\n\n","width":"4","background_color_text":"bg-white","border_color":"border-gray-light"},{"text":"<p class=\"product-attr-title\" style=\"text-align: center;\"><strong>Propri\u00e9t\u00e9s<\/strong><\/p>\n<ul>\n<li>\u00e9galement pour des couches fines<\/li>\n<li>utilisation universelle<\/li>\n<li>bonne r\u00e9sistance \u00e0 l&rsquo;eau et aux produits chimiques<\/li>\n<li>tendance r\u00e9duite au jaunissement<\/li>\n<li>Total Solid selon GISCODE (m\u00e9thode d&rsquo;essai de \u00ab Deutsche Bauchemie \u00bb, l&rsquo;association all. pour la chimie de construction)<\/li>\n<li>exempt de substances susceptibles d&rsquo;endommager les vernis<\/li>\n<li>peut \u00eatre rempli de sable de quartz s\u00e9ch\u00e9 au feu<\/li>\n<li>\u00e9galement disponible en couleurs sp\u00e9ciales<\/li>\n<li>tr\u00e8s bon \u00e9talement<\/li>\n<li>qualit\u00e9 \u00e9prouv\u00e9e<\/li>\n<li>surface color\u00e9e<\/li>\n<li>brillant<\/li>\n<li>r\u00e9sistant \u00e0 l&rsquo;abrasion et \u00e0 l&rsquo;usure<\/li>\n<\/ul>\n","width":"4","background_color_text":"bg-white","border_color":"border-gray-light"}],"background_color":"bg-none","background_color_content":"bg-none"}},"downloads":{"module_download_list":{"inhalt":null,"downloads":[{"download":{"ID":67939,"id":67939,"title":"EP_216_Universal_PI_fr_2025_11","filename":"EP_216_Universal_PI_fr_2025_11.pdf","filesize":1776281,"url":"https:\/\/dev.klb-koetztal.de\/app\/uploads\/2025\/11\/EP_216_Universal_PI_fr_2025_11.pdf","link":"https:\/\/dev.klb-koetztal.de\/fr\/?attachment_id=67939","alt":"","author":"7","description":"","caption":"","name":"ep_216_universal_pi_fr_2025_11-2","status":"inherit","uploaded_to":0,"date":"2025-11-03 12:20:21","modified":"2025-11-03 12:20:21","menu_order":0,"mime_type":"application\/pdf","type":"application","subtype":"pdf","icon":"https:\/\/dev.klb-koetztal.de\/wp\/wp-includes\/images\/media\/document.png"},"filename":"Information produit","protected":false,"doclang":"FR","externalkey":"Produktinformation","docpos":"3"},{"download":{"ID":59151,"id":59151,"title":"EP_216_Universal_LE_en_2023_12","filename":"EP_216_Universal_LE_en_2023_12.pdf","filesize":352991,"url":"https:\/\/dev.klb-koetztal.de\/app\/uploads\/2023\/12\/EP_216_Universal_LE_en_2023_12.pdf","link":"https:\/\/dev.klb-koetztal.de\/fr\/?attachment_id=59151","alt":"","author":"7","description":"","caption":"","name":"ep_216_universal_le_en_2023_12-2","status":"inherit","uploaded_to":0,"date":"2023-12-01 12:23:55","modified":"2023-12-01 12:23:55","menu_order":0,"mime_type":"application\/pdf","type":"application","subtype":"pdf","icon":"https:\/\/dev.klb-koetztal.de\/wp\/wp-includes\/images\/media\/document.png"},"filename":"Statement of performance","protected":false,"doclang":"GB","externalkey":"Leistungserklaerung","docpos":"2"},{"download":{"ID":59154,"id":59154,"title":"EP_216_Universal_LE_fr_2023_12","filename":"EP_216_Universal_LE_fr_2023_12.pdf","filesize":355349,"url":"https:\/\/dev.klb-koetztal.de\/app\/uploads\/2023\/12\/EP_216_Universal_LE_fr_2023_12.pdf","link":"https:\/\/dev.klb-koetztal.de\/fr\/?attachment_id=59154","alt":"","author":"7","description":"","caption":"","name":"ep_216_universal_le_fr_2023_12-2","status":"inherit","uploaded_to":0,"date":"2023-12-01 12:30:22","modified":"2023-12-01 12:30:22","menu_order":0,"mime_type":"application\/pdf","type":"application","subtype":"pdf","icon":"https:\/\/dev.klb-koetztal.de\/wp\/wp-includes\/images\/media\/document.png"},"filename":"D\u00e9claration de performance","protected":false,"doclang":"FR","externalkey":"Leistungserklaerung","docpos":"3"},{"download":{"ID":51987,"id":51987,"title":"EP216_Universal_Umwelt-Deklaration_2022-08","filename":"EP216_Universal_Umwelt-Deklaration_2022-08.pdf","filesize":4670835,"url":"https:\/\/dev.klb-koetztal.de\/app\/uploads\/2022\/09\/EP216_Universal_Umwelt-Deklaration_2022-08.pdf","link":"https:\/\/dev.klb-koetztal.de\/fr\/?attachment_id=51987","alt":"","author":"7","description":"","caption":"","name":"ep216_universal_umwelt-deklaration_2022-08-2","status":"inherit","uploaded_to":0,"date":"2022-09-01 09:41:43","modified":"2022-09-01 09:41:43","menu_order":0,"mime_type":"application\/pdf","type":"application","subtype":"pdf","icon":"https:\/\/dev.klb-koetztal.de\/wp\/wp-includes\/images\/media\/document.png"},"filename":"D\u00e9clarations de produit environnemental (EPD)","protected":false,"doclang":"Multi","externalkey":"Umweltproduktdeklaration","docpos":"50"},{"download":false,"filename":"Fiche de donn\u00e9es de s\u00e9curit\u00e9","protected":true,"doclang":"FR","externalkey":"Sicherheitsdatenblatt","docpos":"3"}],"einstellungen":null,"background_color":"bg-none","background_color_content":"bg-none"}},"included_in_systems":{"module_included_in_systems":{"":null,"background_color":"bg-gray-medium","background_color_content":"bg-none"}},"contact":{"module_contact":{"":null,"background_color":"bg-none","background_color_content":"bg-none"}},"ausschreibende":{"module_ausschreibende":{"andern_sie_den_inhalt_unter_universelle_elemente":null,"background_color":"bg-none","background_color_content":"bg-none"}}},"yoast_head":"<!-- This site is optimized with the Yoast SEO plugin v27.0 - https:\/\/yoast.com\/product\/yoast-seo-wordpress\/ -->\n<title>Rev\u00eatement EP 216 Unviersal autolissant, r\u00e9silient | KLB<\/title>\n<meta name=\"description\" content=\"Rev\u00eatement et finition EP 216 Universal \u00e0 faible viscosit\u00e9, sans solvant, r\u00e9sistant chimique et m\u00e9canique | KLB sols industriels \u2714\ufe0f DAfStb OS 8\" \/>\n<meta name=\"robots\" content=\"noindex, follow, max-snippet:-1, max-image-preview:large, max-video-preview:-1\" \/>\n<meta property=\"og:locale\" content=\"fr_FR\" \/>\n<meta property=\"og:type\" content=\"article\" \/>\n<meta property=\"og:title\" content=\"Rev\u00eatement EP 216 Unviersal autolissant, r\u00e9silient | KLB\" \/>\n<meta property=\"og:description\" content=\"Rev\u00eatement et finition EP 216 Universal \u00e0 faible viscosit\u00e9, sans solvant, r\u00e9sistant chimique et m\u00e9canique | KLB sols industriels \u2714\ufe0f DAfStb OS 8\" \/>\n<meta property=\"og:url\" content=\"https:\/\/dev.klb-koetztal.de\/fr\/produkt\/klb-system-epoxid-ep-216-universal\/\" \/>\n<meta property=\"og:site_name\" content=\"KLB K\u00f6tztal\" \/>\n<meta property=\"article:publisher\" content=\"https:\/\/www.facebook.com\/klbkoetztal\" \/>\n<meta property=\"article:modified_time\" content=\"2026-03-16T13:21:19+00:00\" \/>\n<meta property=\"og:image\" content=\"https:\/\/dev.klb-koetztal.de\/app\/uploads\/2022\/03\/EP216.jpg\" \/>\n\t<meta property=\"og:image:width\" content=\"500\" \/>\n\t<meta property=\"og:image:height\" content=\"500\" \/>\n\t<meta property=\"og:image:type\" content=\"image\/jpeg\" \/>\n<meta name=\"twitter:card\" content=\"summary_large_image\" \/>\n<script type=\"application\/ld+json\" class=\"yoast-schema-graph\">{\"@context\":\"https:\/\/schema.org\",\"@graph\":[{\"@type\":\"WebPage\",\"@id\":\"https:\/\/dev.klb-koetztal.de\/fr\/produkt\/klb-system-epoxid-ep-216-universal\/\",\"url\":\"https:\/\/dev.klb-koetztal.de\/fr\/produkt\/klb-system-epoxid-ep-216-universal\/\",\"name\":\"Rev\u00eatement EP 216 Unviersal autolissant, r\u00e9silient | KLB\",\"isPartOf\":{\"@id\":\"https:\/\/dev.klb-koetztal.de\/fr\/#website\"},\"primaryImageOfPage\":{\"@id\":\"https:\/\/dev.klb-koetztal.de\/fr\/produkt\/klb-system-epoxid-ep-216-universal\/#primaryimage\"},\"image\":{\"@id\":\"https:\/\/dev.klb-koetztal.de\/fr\/produkt\/klb-system-epoxid-ep-216-universal\/#primaryimage\"},\"thumbnailUrl\":\"https:\/\/dev.klb-koetztal.de\/app\/uploads\/2022\/03\/EP216.jpg\",\"datePublished\":\"2024-08-20T14:34:40+00:00\",\"dateModified\":\"2026-03-16T13:21:19+00:00\",\"description\":\"Rev\u00eatement et finition EP 216 Universal \u00e0 faible viscosit\u00e9, sans solvant, r\u00e9sistant chimique et m\u00e9canique | KLB sols industriels \u2714\ufe0f DAfStb OS 8\",\"breadcrumb\":{\"@id\":\"https:\/\/dev.klb-koetztal.de\/fr\/produkt\/klb-system-epoxid-ep-216-universal\/#breadcrumb\"},\"inLanguage\":\"fr-FR\",\"potentialAction\":[{\"@type\":\"ReadAction\",\"target\":[\"https:\/\/dev.klb-koetztal.de\/fr\/produkt\/klb-system-epoxid-ep-216-universal\/\"]}]},{\"@type\":\"ImageObject\",\"inLanguage\":\"fr-FR\",\"@id\":\"https:\/\/dev.klb-koetztal.de\/fr\/produkt\/klb-system-epoxid-ep-216-universal\/#primaryimage\",\"url\":\"https:\/\/dev.klb-koetztal.de\/app\/uploads\/2022\/03\/EP216.jpg\",\"contentUrl\":\"https:\/\/dev.klb-koetztal.de\/app\/uploads\/2022\/03\/EP216.jpg\",\"width\":500,\"height\":500},{\"@type\":\"BreadcrumbList\",\"@id\":\"https:\/\/dev.klb-koetztal.de\/fr\/produkt\/klb-system-epoxid-ep-216-universal\/#breadcrumb\",\"itemListElement\":[{\"@type\":\"ListItem\",\"position\":1,\"name\":\"Startseite\",\"item\":\"https:\/\/dev.klb-koetztal.de\/fr\/\"},{\"@type\":\"ListItem\",\"position\":2,\"name\":\"KLB-SYSTEM EPOXID EP 216 Universal\"}]},{\"@type\":\"WebSite\",\"@id\":\"https:\/\/dev.klb-koetztal.de\/fr\/#website\",\"url\":\"https:\/\/dev.klb-koetztal.de\/fr\/\",\"name\":\"KLB K\u00f6tztal\",\"description\":\"Gute B\u00f6den haben ein System.\",\"potentialAction\":[{\"@type\":\"SearchAction\",\"target\":{\"@type\":\"EntryPoint\",\"urlTemplate\":\"https:\/\/dev.klb-koetztal.de\/fr\/?s={search_term_string}\"},\"query-input\":{\"@type\":\"PropertyValueSpecification\",\"valueRequired\":true,\"valueName\":\"search_term_string\"}}],\"inLanguage\":\"fr-FR\"}]}<\/script>\n<!-- \/ Yoast SEO plugin. -->","yoast_head_json":{"title":"Rev\u00eatement EP 216 Unviersal autolissant, r\u00e9silient | KLB","description":"Rev\u00eatement et finition EP 216 Universal \u00e0 faible viscosit\u00e9, sans solvant, r\u00e9sistant chimique et m\u00e9canique | KLB sols industriels \u2714\ufe0f DAfStb OS 8","robots":{"index":"noindex","follow":"follow","max-snippet":"max-snippet:-1","max-image-preview":"max-image-preview:large","max-video-preview":"max-video-preview:-1"},"og_locale":"fr_FR","og_type":"article","og_title":"Rev\u00eatement EP 216 Unviersal autolissant, r\u00e9silient | KLB","og_description":"Rev\u00eatement et finition EP 216 Universal \u00e0 faible viscosit\u00e9, sans solvant, r\u00e9sistant chimique et m\u00e9canique | KLB sols industriels \u2714\ufe0f DAfStb OS 8","og_url":"https:\/\/dev.klb-koetztal.de\/fr\/produkt\/klb-system-epoxid-ep-216-universal\/","og_site_name":"KLB K\u00f6tztal","article_publisher":"https:\/\/www.facebook.com\/klbkoetztal","article_modified_time":"2026-03-16T13:21:19+00:00","og_image":[{"width":500,"height":500,"url":"https:\/\/dev.klb-koetztal.de\/app\/uploads\/2022\/03\/EP216.jpg","type":"image\/jpeg"}],"twitter_card":"summary_large_image","schema":{"@context":"https:\/\/schema.org","@graph":[{"@type":"WebPage","@id":"https:\/\/dev.klb-koetztal.de\/fr\/produkt\/klb-system-epoxid-ep-216-universal\/","url":"https:\/\/dev.klb-koetztal.de\/fr\/produkt\/klb-system-epoxid-ep-216-universal\/","name":"Rev\u00eatement EP 216 Unviersal autolissant, r\u00e9silient | KLB","isPartOf":{"@id":"https:\/\/dev.klb-koetztal.de\/fr\/#website"},"primaryImageOfPage":{"@id":"https:\/\/dev.klb-koetztal.de\/fr\/produkt\/klb-system-epoxid-ep-216-universal\/#primaryimage"},"image":{"@id":"https:\/\/dev.klb-koetztal.de\/fr\/produkt\/klb-system-epoxid-ep-216-universal\/#primaryimage"},"thumbnailUrl":"https:\/\/dev.klb-koetztal.de\/app\/uploads\/2022\/03\/EP216.jpg","datePublished":"2024-08-20T14:34:40+00:00","dateModified":"2026-03-16T13:21:19+00:00","description":"Rev\u00eatement et finition EP 216 Universal \u00e0 faible viscosit\u00e9, sans solvant, r\u00e9sistant chimique et m\u00e9canique | KLB sols industriels \u2714\ufe0f DAfStb OS 8","breadcrumb":{"@id":"https:\/\/dev.klb-koetztal.de\/fr\/produkt\/klb-system-epoxid-ep-216-universal\/#breadcrumb"},"inLanguage":"fr-FR","potentialAction":[{"@type":"ReadAction","target":["https:\/\/dev.klb-koetztal.de\/fr\/produkt\/klb-system-epoxid-ep-216-universal\/"]}]},{"@type":"ImageObject","inLanguage":"fr-FR","@id":"https:\/\/dev.klb-koetztal.de\/fr\/produkt\/klb-system-epoxid-ep-216-universal\/#primaryimage","url":"https:\/\/dev.klb-koetztal.de\/app\/uploads\/2022\/03\/EP216.jpg","contentUrl":"https:\/\/dev.klb-koetztal.de\/app\/uploads\/2022\/03\/EP216.jpg","width":500,"height":500},{"@type":"BreadcrumbList","@id":"https:\/\/dev.klb-koetztal.de\/fr\/produkt\/klb-system-epoxid-ep-216-universal\/#breadcrumb","itemListElement":[{"@type":"ListItem","position":1,"name":"Startseite","item":"https:\/\/dev.klb-koetztal.de\/fr\/"},{"@type":"ListItem","position":2,"name":"KLB-SYSTEM EPOXID EP 216 Universal"}]},{"@type":"WebSite","@id":"https:\/\/dev.klb-koetztal.de\/fr\/#website","url":"https:\/\/dev.klb-koetztal.de\/fr\/","name":"KLB K\u00f6tztal","description":"Gute B\u00f6den haben ein System.","potentialAction":[{"@type":"SearchAction","target":{"@type":"EntryPoint","urlTemplate":"https:\/\/dev.klb-koetztal.de\/fr\/?s={search_term_string}"},"query-input":{"@type":"PropertyValueSpecification","valueRequired":true,"valueName":"search_term_string"}}],"inLanguage":"fr-FR"}]}},"_links":{"self":[{"href":"https:\/\/dev.klb-koetztal.de\/fr\/wp-json\/wp\/v2\/product\/62774","targetHints":{"allow":["GET"]}}],"collection":[{"href":"https:\/\/dev.klb-koetztal.de\/fr\/wp-json\/wp\/v2\/product"}],"about":[{"href":"https:\/\/dev.klb-koetztal.de\/fr\/wp-json\/wp\/v2\/types\/product"}],"wp:featuredmedia":[{"embeddable":true,"href":"https:\/\/dev.klb-koetztal.de\/fr\/wp-json\/wp\/v2\/media\/49485"}],"wp:attachment":[{"href":"https:\/\/dev.klb-koetztal.de\/fr\/wp-json\/wp\/v2\/media?parent=62774"}],"wp:term":[{"taxonomy":"product_brand","embeddable":true,"href":"https:\/\/dev.klb-koetztal.de\/fr\/wp-json\/wp\/v2\/product_brand?post=62774"},{"taxonomy":"product_cat","embeddable":true,"href":"https:\/\/dev.klb-koetztal.de\/fr\/wp-json\/wp\/v2\/product_cat?post=62774"},{"taxonomy":"product_tag","embeddable":true,"href":"https:\/\/dev.klb-koetztal.de\/fr\/wp-json\/wp\/v2\/product_tag?post=62774"}],"curies":[{"name":"wp","href":"https:\/\/api.w.org\/{rel}","templated":true}]}}