{"id":62771,"date":"2024-08-20T15:27:17","date_gmt":"2024-08-20T13:27:17","guid":{"rendered":"https:\/\/www.klb-koetztal.de\/produkt\/klb-system-polyurethan-pu-414-flair\/"},"modified":"2026-03-16T14:26:54","modified_gmt":"2026-03-16T13:26:54","slug":"klb-system-polyurethan-pu-414-flair","status":"publish","type":"product","link":"https:\/\/dev.klb-koetztal.de\/fr\/produkt\/klb-system-polyurethan-pu-414-flair\/","title":{"rendered":"KLB-SYSTEM POLYURETHAN PU 414 FLAIR"},"content":{"rendered":"","protected":false},"excerpt":{"rendered":"<p>Rev\u00eatement en polyur\u00e9thane \u00e0 2 composants, \u00e0 faible \u00e9mission et \u00e9lastique pour les rev\u00eatements de sol d\u00e9coratifs qui sont&#160;largement stables \u00e0 la lumi\u00e8re !&#160;KLB-SYSTEM POLYURETHAN PU 414 FLAIR&#160;est destin\u00e9 \u00e0 la r\u00e9alisation&#160;de surfaces hautement d\u00e9coratives, qui donnent \u00e0 chaque pi\u00e8ce \u00e0 l&rsquo;int\u00e9rieur&#160;un FLAIR individuel et unique.<br \/>\nCe rev\u00eatement \u00e9lastique am\u00e9liore le confort sous le pied. Il est appliqu\u00e9 surtout \u00e0 l\u2019int\u00e9rieur, dans les domaines exigeant un aspect d\u00e9coratif, p. ex. les surfaces commerciales et habitables, les cabinets m\u00e9dicaux, les centres de bien-\u00eatre et de sant\u00e9 physique, les \u00e9coles etc. Le rev\u00eatement n\u2019est pas adapt\u00e9 pour les domaines industriels soumis \u00e0 des contraintes m\u00e9caniques importantes.<\/p>\n","protected":false},"featured_media":61084,"template":"","meta":{"_acf_changed":false},"product_brand":[],"product_cat":[10042,10047],"product_tag":[],"class_list":{"0":"post-62771","1":"product","2":"type-product","3":"status-publish","4":"has-post-thumbnail","6":"product_cat-revetements","7":"product_cat-revetements_revetements-en-polyurethane-a-2-composants-confortables","9":"first","10":"instock","11":"shipping-taxable","12":"product-type-simple"},"acf":{"product_header":{"module_product_header":{"":null,"prototype_headline":{"headline":"KLB-SYSTEM POLYURETHAN PU 414 FLAIR","h1":true,"subheadline":"Rev\u00eatement design en polyur\u00e9thane \u00e0 2 composants, \u00e0 faible \u00e9mission et d\u00e9coratif avec un effet structur\u00e9 particulier pour les rev\u00eatements de sol d\u00e9coratifs.","anchor":"","url":""},"grid_text_slider":false,"grid_text_content":[{"text":"<p class=\"product-short-title\" style=\"text-align: center;\"><strong>Br\u00e8ve description<\/strong><\/p>\n<p>Rev\u00eatement en polyur\u00e9thane \u00e0 2 composants, \u00e0 faible \u00e9mission et \u00e9lastique pour les rev\u00eatements de sol d\u00e9coratifs qui sont&#160;largement stables \u00e0 la lumi\u00e8re !&#160;<strong>KLB-SYSTEM POLYURETHAN PU 414 FLAIR&#160;<\/strong>est destin\u00e9 \u00e0 la r\u00e9alisation&#160;de surfaces hautement d\u00e9coratives, qui donnent \u00e0 chaque pi\u00e8ce \u00e0 l&rsquo;int\u00e9rieur&#160;un FLAIR individuel et unique.<\/p>\n<p>Ce rev\u00eatement \u00e9lastique am\u00e9liore le confort sous le pied. Il est appliqu\u00e9 surtout \u00e0 l\u2019int\u00e9rieur, dans les domaines exigeant un aspect d\u00e9coratif, p. ex. les surfaces commerciales et habitables, les cabinets m\u00e9dicaux, les centres de bien-\u00eatre et de sant\u00e9 physique, les \u00e9coles etc. Le rev\u00eatement n\u2019est pas adapt\u00e9 pour les domaines industriels soumis \u00e0 des contraintes m\u00e9caniques importantes.<\/p>\n","width":"4","background_color_text":"bg-white","border_color":"border-gray-light"},{"text":"<p class=\"product-sicing-title\" style=\"text-align: center;\"><strong>Unit\u00e9s d'emballage<\/strong><\/p>\n<ul>\n<li>AK0008-50 &#8211; Combinaison Seau 10,00 kg<\/li>\n<li>AK0008-30 &#8211; Combinaison Hobbock 30,00 kg<\/li>\n<\/ul>\n<p><\/p>\n<p>N&rsquo;h\u00e9sitez pas \u00e0 contacter directement pour toute demande concernant des quantit\u00e9s de livraison ou des unit\u00e9s de conditionnement plus importantes.<\/p>\n\n","width":"4","background_color_text":"bg-white","border_color":"border-gray-light"},{"text":"<p class=\"product-attr-title\" style=\"text-align: center;\"><strong>Propri\u00e9t\u00e9s<\/strong><\/p>\n<ul>\n<li>qualit\u00e9 contr\u00f4l\u00e9e, \u00e0 faible \u00e9mission<\/li>\n<li>certifi\u00e9 selon EMICODE\u00ae  EC 1PLUS<\/li>\n<li>conforme \u00e0 l&rsquo;AgBB et adapt\u00e9 aux salles de s\u00e9jour<\/li>\n<li>surface d\u00e9corative et attrayante<\/li>\n<li>disponible dans de nombreuses couleurs tendance<\/li>\n<li>surface personnalisable<\/li>\n<li>\u00e9lastique<\/li>\n<li>bon confort de marche<\/li>\n<li>adapt\u00e9 pour les travaux de r\u00e9novation<\/li>\n<li>en grande partie stable \u00e0 la lumi\u00e8re<\/li>\n<li>exempt de substances susceptibles d&rsquo;endommager les vernis<\/li>\n<\/ul>\n","width":"4","background_color_text":"bg-white","border_color":"border-gray-light"}],"background_color":"bg-none","background_color_content":"bg-none"}},"downloads":{"module_download_list":{"inhalt":null,"downloads":[{"download":{"ID":68284,"id":68284,"title":"PU_414_FLAIR_PI_fr_2025-12","filename":"PU_414_FLAIR_PI_fr_2025-12.pdf","filesize":1459999,"url":"https:\/\/dev.klb-koetztal.de\/app\/uploads\/2025\/12\/PU_414_FLAIR_PI_fr_2025-12.pdf","link":"https:\/\/dev.klb-koetztal.de\/fr\/?attachment_id=68284","alt":"","author":"7","description":"","caption":"","name":"pu_414_flair_pi_fr_2025-12-2","status":"inherit","uploaded_to":0,"date":"2025-12-04 08:20:23","modified":"2025-12-04 08:20:23","menu_order":0,"mime_type":"application\/pdf","type":"application","subtype":"pdf","icon":"https:\/\/dev.klb-koetztal.de\/wp\/wp-includes\/images\/media\/document.png"},"filename":"Information produit","protected":false,"doclang":"FR","externalkey":"Produktinformation","docpos":"3"},{"download":{"ID":68245,"id":68245,"title":"PU_414_FLAIR_LE_en_2025_12","filename":"PU_414_FLAIR_LE_en_2025_12.pdf","filesize":547789,"url":"https:\/\/dev.klb-koetztal.de\/app\/uploads\/2025\/12\/PU_414_FLAIR_LE_en_2025_12.pdf","link":"https:\/\/dev.klb-koetztal.de\/fr\/?attachment_id=68245","alt":"","author":"7","description":"","caption":"","name":"pu_414_flair_le_en_2025_12-2","status":"inherit","uploaded_to":0,"date":"2025-12-04 06:40:46","modified":"2025-12-04 06:40:46","menu_order":0,"mime_type":"application\/pdf","type":"application","subtype":"pdf","icon":"https:\/\/dev.klb-koetztal.de\/wp\/wp-includes\/images\/media\/document.png"},"filename":"Statement of performance","protected":false,"doclang":"GB","externalkey":"Leistungserklaerung","docpos":"2"},{"download":{"ID":68248,"id":68248,"title":"PU_414_FLAIR_LE_fr_2025_12","filename":"PU_414_FLAIR_LE_fr_2025_12.pdf","filesize":546463,"url":"https:\/\/dev.klb-koetztal.de\/app\/uploads\/2025\/12\/PU_414_FLAIR_LE_fr_2025_12.pdf","link":"https:\/\/dev.klb-koetztal.de\/fr\/?attachment_id=68248","alt":"","author":"7","description":"","caption":"","name":"pu_414_flair_le_fr_2025_12-2","status":"inherit","uploaded_to":0,"date":"2025-12-04 06:40:47","modified":"2025-12-04 06:40:47","menu_order":0,"mime_type":"application\/pdf","type":"application","subtype":"pdf","icon":"https:\/\/dev.klb-koetztal.de\/wp\/wp-includes\/images\/media\/document.png"},"filename":"D\u00e9claration de performance","protected":false,"doclang":"FR","externalkey":"Leistungserklaerung","docpos":"3"},{"download":{"ID":60816,"id":60816,"title":"PU414FLAIR_Umwelt-Deklaration_2024-03","filename":"PU414FLAIR_Umwelt-Deklaration_2024-03.pdf","filesize":2560962,"url":"https:\/\/dev.klb-koetztal.de\/app\/uploads\/2024\/03\/PU414FLAIR_Umwelt-Deklaration_2024-03.pdf","link":"https:\/\/dev.klb-koetztal.de\/fr\/?attachment_id=60816","alt":"","author":"7","description":"","caption":"","name":"pu414flair_umwelt-deklaration_2024-03-2","status":"inherit","uploaded_to":0,"date":"2024-03-25 11:01:52","modified":"2024-03-25 11:01:52","menu_order":0,"mime_type":"application\/pdf","type":"application","subtype":"pdf","icon":"https:\/\/dev.klb-koetztal.de\/wp\/wp-includes\/images\/media\/document.png"},"filename":"D\u00e9clarations de produit environnemental (EPD)","protected":false,"doclang":"Multi","externalkey":"Umweltproduktdeklaration","docpos":"50"},{"download":false,"filename":"Fiche de donn\u00e9es de s\u00e9curit\u00e9","protected":true,"doclang":"FR","externalkey":"Sicherheitsdatenblatt","docpos":"3"},{"download":{"ID":61104,"id":61104,"title":"Nuancier_FR_KLB-SYSTEM_POLYURETHAN_PU_414_FLAIR_03_2024","filename":"Nuancier_FR_KLB-SYSTEM_POLYURETHAN_PU_414_FLAIR_03_2024.pdf","filesize":434152,"url":"https:\/\/dev.klb-koetztal.de\/app\/uploads\/2024\/04\/Nuancier_FR_KLB-SYSTEM_POLYURETHAN_PU_414_FLAIR_03_2024.pdf","link":"https:\/\/dev.klb-koetztal.de\/fr\/?attachment_id=61104","alt":"","author":"7","description":"","caption":"","name":"nuancier_fr_klb-system_polyurethan_pu_414_flair_03_2024-2","status":"inherit","uploaded_to":0,"date":"2024-04-11 13:50:22","modified":"2024-04-11 13:50:22","menu_order":0,"mime_type":"application\/pdf","type":"application","subtype":"pdf","icon":"https:\/\/dev.klb-koetztal.de\/wp\/wp-includes\/images\/media\/document.png"},"filename":"Nuanciers FR","protected":false,"doclang":"FR","externalkey":"Farbkarten","docpos":"3"}],"einstellungen":null,"background_color":"bg-none","background_color_content":"bg-none"}},"included_in_systems":{"module_included_in_systems":{"":null,"background_color":"bg-gray-medium","background_color_content":"bg-none"}},"contact":{"module_contact":{"":null,"background_color":"bg-none","background_color_content":"bg-none"}},"ausschreibende":{"module_ausschreibende":{"andern_sie_den_inhalt_unter_universelle_elemente":null,"background_color":"bg-none","background_color_content":"bg-none"}}},"yoast_head":"<!-- This site is optimized with the Yoast SEO plugin v27.0 - https:\/\/yoast.com\/product\/yoast-seo-wordpress\/ -->\n<title>Rev\u00eatement en effet PU 414 FLAIR bicomp. faible COV | KLB K\u00f6tztal<\/title>\n<meta name=\"description\" content=\"Rev\u00eatement PU 414 FLAIR faible en COV, \u00e9lastique pour sols d\u00e9coratifs en technique d&#039;essuyage, p.ex. cabinets m\u00e9dicaux, \u00e9coles, etc. | KLB sol \u2714\ufe0f effet marbr\u00e9\" \/>\n<meta name=\"robots\" content=\"noindex, follow, max-snippet:-1, max-image-preview:large, max-video-preview:-1\" \/>\n<meta property=\"og:locale\" content=\"fr_FR\" \/>\n<meta property=\"og:type\" content=\"article\" \/>\n<meta property=\"og:title\" content=\"Rev\u00eatement en effet PU 414 FLAIR bicomp. faible COV | KLB K\u00f6tztal\" \/>\n<meta property=\"og:description\" content=\"Rev\u00eatement PU 414 FLAIR faible en COV, \u00e9lastique pour sols d\u00e9coratifs en technique d&#039;essuyage, p.ex. cabinets m\u00e9dicaux, \u00e9coles, etc. | KLB sol \u2714\ufe0f effet marbr\u00e9\" \/>\n<meta property=\"og:url\" content=\"https:\/\/dev.klb-koetztal.de\/fr\/produkt\/klb-system-polyurethan-pu-414-flair\/\" \/>\n<meta property=\"og:site_name\" content=\"KLB K\u00f6tztal\" \/>\n<meta property=\"article:publisher\" content=\"https:\/\/www.facebook.com\/klbkoetztal\" \/>\n<meta property=\"article:modified_time\" content=\"2026-03-16T13:26:54+00:00\" \/>\n<meta property=\"og:image\" content=\"https:\/\/dev.klb-koetztal.de\/app\/uploads\/2024\/04\/PU_414_FLAIR_Dekor_Effektbeschichtung_KLB_marble_marmor_Polyurethan_600px.jpg\" \/>\n\t<meta property=\"og:image:width\" content=\"600\" \/>\n\t<meta property=\"og:image:height\" content=\"600\" \/>\n\t<meta property=\"og:image:type\" content=\"image\/jpeg\" \/>\n<meta name=\"twitter:card\" content=\"summary_large_image\" \/>\n<script type=\"application\/ld+json\" class=\"yoast-schema-graph\">{\"@context\":\"https:\/\/schema.org\",\"@graph\":[{\"@type\":\"WebPage\",\"@id\":\"https:\/\/dev.klb-koetztal.de\/fr\/produkt\/klb-system-polyurethan-pu-414-flair\/\",\"url\":\"https:\/\/dev.klb-koetztal.de\/fr\/produkt\/klb-system-polyurethan-pu-414-flair\/\",\"name\":\"Rev\u00eatement en effet PU 414 FLAIR bicomp. faible COV | KLB K\u00f6tztal\",\"isPartOf\":{\"@id\":\"https:\/\/dev.klb-koetztal.de\/fr\/#website\"},\"primaryImageOfPage\":{\"@id\":\"https:\/\/dev.klb-koetztal.de\/fr\/produkt\/klb-system-polyurethan-pu-414-flair\/#primaryimage\"},\"image\":{\"@id\":\"https:\/\/dev.klb-koetztal.de\/fr\/produkt\/klb-system-polyurethan-pu-414-flair\/#primaryimage\"},\"thumbnailUrl\":\"https:\/\/dev.klb-koetztal.de\/app\/uploads\/2024\/04\/PU_414_FLAIR_Dekor_Effektbeschichtung_KLB_marble_marmor_Polyurethan_600px.jpg\",\"datePublished\":\"2024-08-20T13:27:17+00:00\",\"dateModified\":\"2026-03-16T13:26:54+00:00\",\"description\":\"Rev\u00eatement PU 414 FLAIR faible en COV, \u00e9lastique pour sols d\u00e9coratifs en technique d'essuyage, p.ex. cabinets m\u00e9dicaux, \u00e9coles, etc. | KLB sol \u2714\ufe0f effet marbr\u00e9\",\"breadcrumb\":{\"@id\":\"https:\/\/dev.klb-koetztal.de\/fr\/produkt\/klb-system-polyurethan-pu-414-flair\/#breadcrumb\"},\"inLanguage\":\"fr-FR\",\"potentialAction\":[{\"@type\":\"ReadAction\",\"target\":[\"https:\/\/dev.klb-koetztal.de\/fr\/produkt\/klb-system-polyurethan-pu-414-flair\/\"]}]},{\"@type\":\"ImageObject\",\"inLanguage\":\"fr-FR\",\"@id\":\"https:\/\/dev.klb-koetztal.de\/fr\/produkt\/klb-system-polyurethan-pu-414-flair\/#primaryimage\",\"url\":\"https:\/\/dev.klb-koetztal.de\/app\/uploads\/2024\/04\/PU_414_FLAIR_Dekor_Effektbeschichtung_KLB_marble_marmor_Polyurethan_600px.jpg\",\"contentUrl\":\"https:\/\/dev.klb-koetztal.de\/app\/uploads\/2024\/04\/PU_414_FLAIR_Dekor_Effektbeschichtung_KLB_marble_marmor_Polyurethan_600px.jpg\",\"width\":600,\"height\":600,\"caption\":\"Gebinde des fugenlosen polyurethan Designbodens PU 414 FLAIR als Dekorbeschichtung\"},{\"@type\":\"BreadcrumbList\",\"@id\":\"https:\/\/dev.klb-koetztal.de\/fr\/produkt\/klb-system-polyurethan-pu-414-flair\/#breadcrumb\",\"itemListElement\":[{\"@type\":\"ListItem\",\"position\":1,\"name\":\"Startseite\",\"item\":\"https:\/\/dev.klb-koetztal.de\/fr\/\"},{\"@type\":\"ListItem\",\"position\":2,\"name\":\"KLB-SYSTEM POLYURETHAN PU 414 FLAIR\"}]},{\"@type\":\"WebSite\",\"@id\":\"https:\/\/dev.klb-koetztal.de\/fr\/#website\",\"url\":\"https:\/\/dev.klb-koetztal.de\/fr\/\",\"name\":\"KLB K\u00f6tztal\",\"description\":\"Gute B\u00f6den haben ein System.\",\"potentialAction\":[{\"@type\":\"SearchAction\",\"target\":{\"@type\":\"EntryPoint\",\"urlTemplate\":\"https:\/\/dev.klb-koetztal.de\/fr\/?s={search_term_string}\"},\"query-input\":{\"@type\":\"PropertyValueSpecification\",\"valueRequired\":true,\"valueName\":\"search_term_string\"}}],\"inLanguage\":\"fr-FR\"}]}<\/script>\n<!-- \/ Yoast SEO plugin. -->","yoast_head_json":{"title":"Rev\u00eatement en effet PU 414 FLAIR bicomp. faible COV | KLB K\u00f6tztal","description":"Rev\u00eatement PU 414 FLAIR faible en COV, \u00e9lastique pour sols d\u00e9coratifs en technique d'essuyage, p.ex. cabinets m\u00e9dicaux, \u00e9coles, etc. | KLB sol \u2714\ufe0f effet marbr\u00e9","robots":{"index":"noindex","follow":"follow","max-snippet":"max-snippet:-1","max-image-preview":"max-image-preview:large","max-video-preview":"max-video-preview:-1"},"og_locale":"fr_FR","og_type":"article","og_title":"Rev\u00eatement en effet PU 414 FLAIR bicomp. faible COV | KLB K\u00f6tztal","og_description":"Rev\u00eatement PU 414 FLAIR faible en COV, \u00e9lastique pour sols d\u00e9coratifs en technique d'essuyage, p.ex. cabinets m\u00e9dicaux, \u00e9coles, etc. | KLB sol \u2714\ufe0f effet marbr\u00e9","og_url":"https:\/\/dev.klb-koetztal.de\/fr\/produkt\/klb-system-polyurethan-pu-414-flair\/","og_site_name":"KLB K\u00f6tztal","article_publisher":"https:\/\/www.facebook.com\/klbkoetztal","article_modified_time":"2026-03-16T13:26:54+00:00","og_image":[{"width":600,"height":600,"url":"https:\/\/dev.klb-koetztal.de\/app\/uploads\/2024\/04\/PU_414_FLAIR_Dekor_Effektbeschichtung_KLB_marble_marmor_Polyurethan_600px.jpg","type":"image\/jpeg"}],"twitter_card":"summary_large_image","schema":{"@context":"https:\/\/schema.org","@graph":[{"@type":"WebPage","@id":"https:\/\/dev.klb-koetztal.de\/fr\/produkt\/klb-system-polyurethan-pu-414-flair\/","url":"https:\/\/dev.klb-koetztal.de\/fr\/produkt\/klb-system-polyurethan-pu-414-flair\/","name":"Rev\u00eatement en effet PU 414 FLAIR bicomp. faible COV | KLB K\u00f6tztal","isPartOf":{"@id":"https:\/\/dev.klb-koetztal.de\/fr\/#website"},"primaryImageOfPage":{"@id":"https:\/\/dev.klb-koetztal.de\/fr\/produkt\/klb-system-polyurethan-pu-414-flair\/#primaryimage"},"image":{"@id":"https:\/\/dev.klb-koetztal.de\/fr\/produkt\/klb-system-polyurethan-pu-414-flair\/#primaryimage"},"thumbnailUrl":"https:\/\/dev.klb-koetztal.de\/app\/uploads\/2024\/04\/PU_414_FLAIR_Dekor_Effektbeschichtung_KLB_marble_marmor_Polyurethan_600px.jpg","datePublished":"2024-08-20T13:27:17+00:00","dateModified":"2026-03-16T13:26:54+00:00","description":"Rev\u00eatement PU 414 FLAIR faible en COV, \u00e9lastique pour sols d\u00e9coratifs en technique d'essuyage, p.ex. cabinets m\u00e9dicaux, \u00e9coles, etc. | KLB sol \u2714\ufe0f effet marbr\u00e9","breadcrumb":{"@id":"https:\/\/dev.klb-koetztal.de\/fr\/produkt\/klb-system-polyurethan-pu-414-flair\/#breadcrumb"},"inLanguage":"fr-FR","potentialAction":[{"@type":"ReadAction","target":["https:\/\/dev.klb-koetztal.de\/fr\/produkt\/klb-system-polyurethan-pu-414-flair\/"]}]},{"@type":"ImageObject","inLanguage":"fr-FR","@id":"https:\/\/dev.klb-koetztal.de\/fr\/produkt\/klb-system-polyurethan-pu-414-flair\/#primaryimage","url":"https:\/\/dev.klb-koetztal.de\/app\/uploads\/2024\/04\/PU_414_FLAIR_Dekor_Effektbeschichtung_KLB_marble_marmor_Polyurethan_600px.jpg","contentUrl":"https:\/\/dev.klb-koetztal.de\/app\/uploads\/2024\/04\/PU_414_FLAIR_Dekor_Effektbeschichtung_KLB_marble_marmor_Polyurethan_600px.jpg","width":600,"height":600,"caption":"Gebinde des fugenlosen polyurethan Designbodens PU 414 FLAIR als Dekorbeschichtung"},{"@type":"BreadcrumbList","@id":"https:\/\/dev.klb-koetztal.de\/fr\/produkt\/klb-system-polyurethan-pu-414-flair\/#breadcrumb","itemListElement":[{"@type":"ListItem","position":1,"name":"Startseite","item":"https:\/\/dev.klb-koetztal.de\/fr\/"},{"@type":"ListItem","position":2,"name":"KLB-SYSTEM POLYURETHAN PU 414 FLAIR"}]},{"@type":"WebSite","@id":"https:\/\/dev.klb-koetztal.de\/fr\/#website","url":"https:\/\/dev.klb-koetztal.de\/fr\/","name":"KLB K\u00f6tztal","description":"Gute B\u00f6den haben ein System.","potentialAction":[{"@type":"SearchAction","target":{"@type":"EntryPoint","urlTemplate":"https:\/\/dev.klb-koetztal.de\/fr\/?s={search_term_string}"},"query-input":{"@type":"PropertyValueSpecification","valueRequired":true,"valueName":"search_term_string"}}],"inLanguage":"fr-FR"}]}},"_links":{"self":[{"href":"https:\/\/dev.klb-koetztal.de\/fr\/wp-json\/wp\/v2\/product\/62771","targetHints":{"allow":["GET"]}}],"collection":[{"href":"https:\/\/dev.klb-koetztal.de\/fr\/wp-json\/wp\/v2\/product"}],"about":[{"href":"https:\/\/dev.klb-koetztal.de\/fr\/wp-json\/wp\/v2\/types\/product"}],"wp:featuredmedia":[{"embeddable":true,"href":"https:\/\/dev.klb-koetztal.de\/fr\/wp-json\/wp\/v2\/media\/61084"}],"wp:attachment":[{"href":"https:\/\/dev.klb-koetztal.de\/fr\/wp-json\/wp\/v2\/media?parent=62771"}],"wp:term":[{"taxonomy":"product_brand","embeddable":true,"href":"https:\/\/dev.klb-koetztal.de\/fr\/wp-json\/wp\/v2\/product_brand?post=62771"},{"taxonomy":"product_cat","embeddable":true,"href":"https:\/\/dev.klb-koetztal.de\/fr\/wp-json\/wp\/v2\/product_cat?post=62771"},{"taxonomy":"product_tag","embeddable":true,"href":"https:\/\/dev.klb-koetztal.de\/fr\/wp-json\/wp\/v2\/product_tag?post=62771"}],"curies":[{"name":"wp","href":"https:\/\/api.w.org\/{rel}","templated":true}]}}