{"id":62175,"date":"2024-06-25T09:10:03","date_gmt":"2024-06-25T07:10:03","guid":{"rendered":"https:\/\/www.klb-koetztal.de\/produkt\/klb-system-zubehoer-armierungsgewebe-va-1040\/"},"modified":"2026-03-16T14:05:26","modified_gmt":"2026-03-16T13:05:26","slug":"klb-system-zubehoer-armierungsgewebe-va-1040","status":"publish","type":"product","link":"https:\/\/dev.klb-koetztal.de\/fr\/produkt\/klb-system-zubehoer-armierungsgewebe-va-1040\/","title":{"rendered":"KLB-SYSTEM ZUBEH\u00d6R Armierungsgewebe VA 1040"},"content":{"rendered":"","protected":false},"excerpt":{"rendered":"<p>Toile d&rsquo;armature \u00e0 mailles ouvertes pour l&rsquo;insertion pontant les fissures lors de travaux en r\u00e9sine r\u00e9active sur les murs et les plafonds. Convient particuli\u00e8rement pour l&rsquo;armature dans les mastic de rev\u00eatement mural stables, tels que l&rsquo;EP 652 W.<\/p>\n","protected":false},"featured_media":50830,"template":"","meta":{"_acf_changed":false},"product_brand":[],"product_cat":[10395,10396],"product_tag":[],"class_list":{"0":"post-62175","1":"product","2":"type-product","3":"status-publish","4":"has-post-thumbnail","6":"product_cat-treillis-et-toiles-darmature-rubans-detancheite-angles-et-manchettes","7":"product_cat-treillis-et-toiles-darmature-rubans-detancheite-angles-et-manchettes_treillis-darmature","9":"first","10":"instock","11":"shipping-taxable","12":"product-type-simple"},"acf":{"product_header":{"module_product_header":{"":null,"prototype_headline":{"headline":"KLB-SYSTEM ZUBEH\u00d6R Armierungsgewebe VA 1040","h1":true,"subheadline":"Toile d'armature \u00e0 mailles ouvertes pour l'armature de syst\u00e8mes en r\u00e9sine r\u00e9active afin de r\u00e9aliser&#160;de rev\u00eatements de murs et de plafonds d\u00e9coratifs, lisses et pontant les fissures.","anchor":"","url":""},"grid_text_slider":false,"grid_text_content":[{"text":"<p class=\"product-short-title\" style=\"text-align: center;\"><strong>Br\u00e8ve description<\/strong><\/p>\n<p>Toile d&rsquo;armature \u00e0 mailles ouvertes pour l&rsquo;insertion pontant les fissures lors de travaux en r\u00e9sine r\u00e9active sur les murs et les plafonds. Convient particuli\u00e8rement pour l&rsquo;armature dans les mastic de rev\u00eatement mural stables, tels que l&rsquo;EP 652 W.<\/p>\n","width":"4","background_color_text":"bg-white","border_color":"border-gray-light"},{"text":"<p class=\"product-sicing-title\" style=\"text-align: center;\"><strong>Unit\u00e9s d'emballage<\/strong><\/p>\n<ul><\/ul>\n<p><\/p>\n<p>N&rsquo;h\u00e9sitez pas \u00e0 contacter directement pour toute demande concernant des quantit\u00e9s de livraison ou des unit\u00e9s de conditionnement plus importantes.<\/p>\n\n","width":"4","background_color_text":"bg-white","border_color":"border-gray-light"},{"text":"<p class=\"product-attr-title\" style=\"text-align: center;\"><strong>Propri\u00e9t\u00e9s<\/strong><\/p>\n<ul>\n<li>bonnes propri\u00e9t\u00e9s de traitement<\/li>\n<li>pontant les fissures<\/li>\n<li>renfor\u00e7ant<\/li>\n<li>r\u00e9sistant \u00e0 la traction<\/li>\n<li>non glissant<\/li>\n<li>bonne r\u00e9sistance \u00e0 l&rsquo;eau et aux produits chimiques<\/li>\n<li>tr\u00e8s \u00e9conomique<\/li>\n<\/ul>\n","width":"4","background_color_text":"bg-white","border_color":"border-gray-light"}],"background_color":"bg-none","background_color_content":"bg-none"}},"downloads":{"module_download_list":{"inhalt":null,"downloads":[{"download":{"ID":62181,"id":62181,"title":"Armierungsgewebe_VA_1040_PI_fr_2024_06","filename":"Armierungsgewebe_VA_1040_PI_fr_2024_06.pdf","filesize":1854419,"url":"https:\/\/dev.klb-koetztal.de\/app\/uploads\/2024\/06\/Armierungsgewebe_VA_1040_PI_fr_2024_06.pdf","link":"https:\/\/dev.klb-koetztal.de\/fr\/?attachment_id=62181","alt":"","author":"7","description":"","caption":"","name":"armierungsgewebe_va_1040_pi_fr_2024_06-2","status":"inherit","uploaded_to":0,"date":"2024-06-25 07:10:10","modified":"2024-06-25 07:10:10","menu_order":0,"mime_type":"application\/pdf","type":"application","subtype":"pdf","icon":"https:\/\/dev.klb-koetztal.de\/wp\/wp-includes\/images\/media\/document.png"},"filename":"Information produit","protected":false,"doclang":"FR","externalkey":"Produktinformation","docpos":"3"}],"einstellungen":null,"background_color":"bg-none","background_color_content":"bg-none"}},"included_in_systems":{"module_included_in_systems":{"":null,"background_color":"bg-gray-medium","background_color_content":"bg-none"}},"contact":{"module_contact":{"":null,"background_color":"bg-none","background_color_content":"bg-none"}},"ausschreibende":{"module_ausschreibende":{"andern_sie_den_inhalt_unter_universelle_elemente":null,"background_color":"bg-none","background_color_content":"bg-none"}}},"yoast_head":"<!-- This site is optimized with the Yoast SEO plugin v27.0 - https:\/\/yoast.com\/product\/yoast-seo-wordpress\/ -->\n<title>Toile d&#039;armature \u00e0 mailles ouvertes VA 1040 | KLB K\u00f6tztal<\/title>\n<meta name=\"description\" content=\"Toile d&#039;armature pour rev\u00eatements muraux et de plafond en r\u00e9sine r\u00e9active \u00e0 pontage de fissures, lisses, d\u00e9coratifs. Rl. 100 m\u00e8tres, env. 3,5 mm d&#039;ouverture.\" \/>\n<meta name=\"robots\" content=\"noindex, follow, max-snippet:-1, max-image-preview:large, max-video-preview:-1\" \/>\n<meta property=\"og:locale\" content=\"fr_FR\" \/>\n<meta property=\"og:type\" content=\"article\" \/>\n<meta property=\"og:title\" content=\"Toile d&#039;armature \u00e0 mailles ouvertes VA 1040 | KLB K\u00f6tztal\" \/>\n<meta property=\"og:description\" content=\"Toile d&#039;armature pour rev\u00eatements muraux et de plafond en r\u00e9sine r\u00e9active \u00e0 pontage de fissures, lisses, d\u00e9coratifs. Rl. 100 m\u00e8tres, env. 3,5 mm d&#039;ouverture.\" \/>\n<meta property=\"og:url\" content=\"https:\/\/dev.klb-koetztal.de\/fr\/produkt\/klb-system-zubehoer-armierungsgewebe-va-1040\/\" \/>\n<meta property=\"og:site_name\" content=\"KLB K\u00f6tztal\" \/>\n<meta property=\"article:publisher\" content=\"https:\/\/www.facebook.com\/klbkoetztal\" \/>\n<meta property=\"article:modified_time\" content=\"2026-03-16T13:05:26+00:00\" \/>\n<meta property=\"og:image\" content=\"https:\/\/dev.klb-koetztal.de\/app\/uploads\/2022\/03\/VA-1040-DSC_0008.jpg\" \/>\n\t<meta property=\"og:image:width\" content=\"1010\" \/>\n\t<meta property=\"og:image:height\" content=\"1262\" \/>\n\t<meta property=\"og:image:type\" content=\"image\/jpeg\" \/>\n<meta name=\"twitter:card\" content=\"summary_large_image\" \/>\n<script type=\"application\/ld+json\" class=\"yoast-schema-graph\">{\"@context\":\"https:\/\/schema.org\",\"@graph\":[{\"@type\":\"WebPage\",\"@id\":\"https:\/\/dev.klb-koetztal.de\/fr\/produkt\/klb-system-zubehoer-armierungsgewebe-va-1040\/\",\"url\":\"https:\/\/dev.klb-koetztal.de\/fr\/produkt\/klb-system-zubehoer-armierungsgewebe-va-1040\/\",\"name\":\"Toile d'armature \u00e0 mailles ouvertes VA 1040 | KLB K\u00f6tztal\",\"isPartOf\":{\"@id\":\"https:\/\/dev.klb-koetztal.de\/fr\/#website\"},\"primaryImageOfPage\":{\"@id\":\"https:\/\/dev.klb-koetztal.de\/fr\/produkt\/klb-system-zubehoer-armierungsgewebe-va-1040\/#primaryimage\"},\"image\":{\"@id\":\"https:\/\/dev.klb-koetztal.de\/fr\/produkt\/klb-system-zubehoer-armierungsgewebe-va-1040\/#primaryimage\"},\"thumbnailUrl\":\"https:\/\/dev.klb-koetztal.de\/app\/uploads\/2022\/03\/VA-1040-DSC_0008.jpg\",\"datePublished\":\"2024-06-25T07:10:03+00:00\",\"dateModified\":\"2026-03-16T13:05:26+00:00\",\"description\":\"Toile d'armature pour rev\u00eatements muraux et de plafond en r\u00e9sine r\u00e9active \u00e0 pontage de fissures, lisses, d\u00e9coratifs. Rl. 100 m\u00e8tres, env. 3,5 mm d'ouverture.\",\"breadcrumb\":{\"@id\":\"https:\/\/dev.klb-koetztal.de\/fr\/produkt\/klb-system-zubehoer-armierungsgewebe-va-1040\/#breadcrumb\"},\"inLanguage\":\"fr-FR\",\"potentialAction\":[{\"@type\":\"ReadAction\",\"target\":[\"https:\/\/dev.klb-koetztal.de\/fr\/produkt\/klb-system-zubehoer-armierungsgewebe-va-1040\/\"]}]},{\"@type\":\"ImageObject\",\"inLanguage\":\"fr-FR\",\"@id\":\"https:\/\/dev.klb-koetztal.de\/fr\/produkt\/klb-system-zubehoer-armierungsgewebe-va-1040\/#primaryimage\",\"url\":\"https:\/\/dev.klb-koetztal.de\/app\/uploads\/2022\/03\/VA-1040-DSC_0008.jpg\",\"contentUrl\":\"https:\/\/dev.klb-koetztal.de\/app\/uploads\/2022\/03\/VA-1040-DSC_0008.jpg\",\"width\":1010,\"height\":1262},{\"@type\":\"BreadcrumbList\",\"@id\":\"https:\/\/dev.klb-koetztal.de\/fr\/produkt\/klb-system-zubehoer-armierungsgewebe-va-1040\/#breadcrumb\",\"itemListElement\":[{\"@type\":\"ListItem\",\"position\":1,\"name\":\"Startseite\",\"item\":\"https:\/\/dev.klb-koetztal.de\/fr\/\"},{\"@type\":\"ListItem\",\"position\":2,\"name\":\"KLB-SYSTEM ZUBEH\u00d6R Armierungsgewebe VA 1040\"}]},{\"@type\":\"WebSite\",\"@id\":\"https:\/\/dev.klb-koetztal.de\/fr\/#website\",\"url\":\"https:\/\/dev.klb-koetztal.de\/fr\/\",\"name\":\"KLB K\u00f6tztal\",\"description\":\"Gute B\u00f6den haben ein System.\",\"potentialAction\":[{\"@type\":\"SearchAction\",\"target\":{\"@type\":\"EntryPoint\",\"urlTemplate\":\"https:\/\/dev.klb-koetztal.de\/fr\/?s={search_term_string}\"},\"query-input\":{\"@type\":\"PropertyValueSpecification\",\"valueRequired\":true,\"valueName\":\"search_term_string\"}}],\"inLanguage\":\"fr-FR\"}]}<\/script>\n<!-- \/ Yoast SEO plugin. -->","yoast_head_json":{"title":"Toile d'armature \u00e0 mailles ouvertes VA 1040 | KLB K\u00f6tztal","description":"Toile d'armature pour rev\u00eatements muraux et de plafond en r\u00e9sine r\u00e9active \u00e0 pontage de fissures, lisses, d\u00e9coratifs. Rl. 100 m\u00e8tres, env. 3,5 mm d'ouverture.","robots":{"index":"noindex","follow":"follow","max-snippet":"max-snippet:-1","max-image-preview":"max-image-preview:large","max-video-preview":"max-video-preview:-1"},"og_locale":"fr_FR","og_type":"article","og_title":"Toile d'armature \u00e0 mailles ouvertes VA 1040 | KLB K\u00f6tztal","og_description":"Toile d'armature pour rev\u00eatements muraux et de plafond en r\u00e9sine r\u00e9active \u00e0 pontage de fissures, lisses, d\u00e9coratifs. Rl. 100 m\u00e8tres, env. 3,5 mm d'ouverture.","og_url":"https:\/\/dev.klb-koetztal.de\/fr\/produkt\/klb-system-zubehoer-armierungsgewebe-va-1040\/","og_site_name":"KLB K\u00f6tztal","article_publisher":"https:\/\/www.facebook.com\/klbkoetztal","article_modified_time":"2026-03-16T13:05:26+00:00","og_image":[{"width":1010,"height":1262,"url":"https:\/\/dev.klb-koetztal.de\/app\/uploads\/2022\/03\/VA-1040-DSC_0008.jpg","type":"image\/jpeg"}],"twitter_card":"summary_large_image","schema":{"@context":"https:\/\/schema.org","@graph":[{"@type":"WebPage","@id":"https:\/\/dev.klb-koetztal.de\/fr\/produkt\/klb-system-zubehoer-armierungsgewebe-va-1040\/","url":"https:\/\/dev.klb-koetztal.de\/fr\/produkt\/klb-system-zubehoer-armierungsgewebe-va-1040\/","name":"Toile d'armature \u00e0 mailles ouvertes VA 1040 | KLB K\u00f6tztal","isPartOf":{"@id":"https:\/\/dev.klb-koetztal.de\/fr\/#website"},"primaryImageOfPage":{"@id":"https:\/\/dev.klb-koetztal.de\/fr\/produkt\/klb-system-zubehoer-armierungsgewebe-va-1040\/#primaryimage"},"image":{"@id":"https:\/\/dev.klb-koetztal.de\/fr\/produkt\/klb-system-zubehoer-armierungsgewebe-va-1040\/#primaryimage"},"thumbnailUrl":"https:\/\/dev.klb-koetztal.de\/app\/uploads\/2022\/03\/VA-1040-DSC_0008.jpg","datePublished":"2024-06-25T07:10:03+00:00","dateModified":"2026-03-16T13:05:26+00:00","description":"Toile d'armature pour rev\u00eatements muraux et de plafond en r\u00e9sine r\u00e9active \u00e0 pontage de fissures, lisses, d\u00e9coratifs. Rl. 100 m\u00e8tres, env. 3,5 mm d'ouverture.","breadcrumb":{"@id":"https:\/\/dev.klb-koetztal.de\/fr\/produkt\/klb-system-zubehoer-armierungsgewebe-va-1040\/#breadcrumb"},"inLanguage":"fr-FR","potentialAction":[{"@type":"ReadAction","target":["https:\/\/dev.klb-koetztal.de\/fr\/produkt\/klb-system-zubehoer-armierungsgewebe-va-1040\/"]}]},{"@type":"ImageObject","inLanguage":"fr-FR","@id":"https:\/\/dev.klb-koetztal.de\/fr\/produkt\/klb-system-zubehoer-armierungsgewebe-va-1040\/#primaryimage","url":"https:\/\/dev.klb-koetztal.de\/app\/uploads\/2022\/03\/VA-1040-DSC_0008.jpg","contentUrl":"https:\/\/dev.klb-koetztal.de\/app\/uploads\/2022\/03\/VA-1040-DSC_0008.jpg","width":1010,"height":1262},{"@type":"BreadcrumbList","@id":"https:\/\/dev.klb-koetztal.de\/fr\/produkt\/klb-system-zubehoer-armierungsgewebe-va-1040\/#breadcrumb","itemListElement":[{"@type":"ListItem","position":1,"name":"Startseite","item":"https:\/\/dev.klb-koetztal.de\/fr\/"},{"@type":"ListItem","position":2,"name":"KLB-SYSTEM ZUBEH\u00d6R Armierungsgewebe VA 1040"}]},{"@type":"WebSite","@id":"https:\/\/dev.klb-koetztal.de\/fr\/#website","url":"https:\/\/dev.klb-koetztal.de\/fr\/","name":"KLB K\u00f6tztal","description":"Gute B\u00f6den haben ein System.","potentialAction":[{"@type":"SearchAction","target":{"@type":"EntryPoint","urlTemplate":"https:\/\/dev.klb-koetztal.de\/fr\/?s={search_term_string}"},"query-input":{"@type":"PropertyValueSpecification","valueRequired":true,"valueName":"search_term_string"}}],"inLanguage":"fr-FR"}]}},"_links":{"self":[{"href":"https:\/\/dev.klb-koetztal.de\/fr\/wp-json\/wp\/v2\/product\/62175","targetHints":{"allow":["GET"]}}],"collection":[{"href":"https:\/\/dev.klb-koetztal.de\/fr\/wp-json\/wp\/v2\/product"}],"about":[{"href":"https:\/\/dev.klb-koetztal.de\/fr\/wp-json\/wp\/v2\/types\/product"}],"wp:featuredmedia":[{"embeddable":true,"href":"https:\/\/dev.klb-koetztal.de\/fr\/wp-json\/wp\/v2\/media\/50830"}],"wp:attachment":[{"href":"https:\/\/dev.klb-koetztal.de\/fr\/wp-json\/wp\/v2\/media?parent=62175"}],"wp:term":[{"taxonomy":"product_brand","embeddable":true,"href":"https:\/\/dev.klb-koetztal.de\/fr\/wp-json\/wp\/v2\/product_brand?post=62175"},{"taxonomy":"product_cat","embeddable":true,"href":"https:\/\/dev.klb-koetztal.de\/fr\/wp-json\/wp\/v2\/product_cat?post=62175"},{"taxonomy":"product_tag","embeddable":true,"href":"https:\/\/dev.klb-koetztal.de\/fr\/wp-json\/wp\/v2\/product_tag?post=62175"}],"curies":[{"name":"wp","href":"https:\/\/api.w.org\/{rel}","templated":true}]}}