{"id":62005,"date":"2024-06-17T13:50:09","date_gmt":"2024-06-17T11:50:09","guid":{"rendered":"https:\/\/www.klb-koetztal.de\/produkt\/klb-system-acryl-ac-23\/"},"modified":"2026-02-25T12:24:07","modified_gmt":"2026-02-25T11:24:07","slug":"klb-system-acryl-ac-23","status":"publish","type":"product","link":"https:\/\/dev.klb-koetztal.de\/fr\/produkt\/klb-system-acryl-ac-23\/","title":{"rendered":"KLB-SYSTEM ACRYL AC 23"},"content":{"rendered":"","protected":false},"excerpt":{"rendered":"<p>Primaire en r\u00e9sine acrylique KLB-SYSTEM ACRYL AC 23&#160;\u00e0 faible viscosit\u00e9 et \u00e0 durcissement rapide avec une bonne adh\u00e9rence sur les chapes et le b\u00e9ton. Convient particuli\u00e8rement pour les&#160;bords de joint verticales de joints de bloc en combinaison avec les mati\u00e8res de jointoiement acryliques, telles que&#160;KLB-SYSTEM ACRYL AC 353&#160;ou KLB-SYSTEM ACRYL AC 356.<br \/>\nLa poudre de durcissement doit \u00eatre command\u00e9e s\u00e9par\u00e9ment !<\/p>\n","protected":false},"featured_media":64186,"template":"","meta":{"_acf_changed":false},"product_brand":[],"product_cat":[10040,10110,10036,10093],"product_tag":[],"class_list":{"0":"post-62005","1":"product","2":"type-product","3":"status-publish","4":"has-post-thumbnail","6":"product_cat-couches-de-fond","7":"product_cat-couches-de-fond_couches-de-fond-pmma","8":"product_cat-mortier-prefabrique-resines-pour-gorges-annulaires-resines-de-renovation-dinjection-et-de-joints","9":"product_cat-mortier-prefabrique-resines-pour-gorges-annulaires-resines-de-renovation-dinjection-et-de-joints_resines-de-joints","11":"first","12":"instock","13":"shipping-taxable","14":"product-type-simple"},"acf":{"product_header":{"module_product_header":{"":null,"prototype_headline":{"headline":"KLB-SYSTEM ACRYL AC 23","h1":true,"subheadline":"Primaire en PMMA \u00e0 2 composants, \u00e0 durcissement rapide et \u00e0 faible viscosit\u00e9 pour les joints de bloc","anchor":"","url":""},"grid_text_slider":false,"grid_text_content":[{"text":"<p class=\"product-short-title\" style=\"text-align: center;\"><strong>Br\u00e8ve description<\/strong><\/p>\n<p>Primaire en r\u00e9sine acrylique <strong>KLB-SYSTEM ACRYL AC 23<\/strong>&#160;\u00e0 faible viscosit\u00e9 et \u00e0 durcissement rapide avec une bonne adh\u00e9rence sur les chapes et le b\u00e9ton. Convient particuli\u00e8rement pour les&#160;bords de joint verticales de joints de bloc en combinaison avec les mati\u00e8res de jointoiement acryliques, telles que<strong>&#160;KLB-SYSTEM ACRYL AC 353&#160;<\/strong>ou <strong>KLB-SYSTEM ACRYL AC 356.<\/strong><\/p>\n<p>La poudre de durcissement doit \u00eatre command\u00e9e s\u00e9par\u00e9ment !<\/p>\n","width":"4","background_color_text":"bg-white","border_color":"border-gray-light"},{"text":"<p class=\"product-sicing-title\" style=\"text-align: center;\"><strong>Unit\u00e9s d'emballage<\/strong><\/p>\n<ul>\n<li>MA0102-53 &#8211; Bidon 10,00 kg<\/li>\n<\/ul>\n<p><\/p>\n<p>N&rsquo;h\u00e9sitez pas \u00e0 contacter directement pour toute demande concernant des quantit\u00e9s de livraison ou des unit\u00e9s de conditionnement plus importantes.<\/p>\n\n","width":"4","background_color_text":"bg-white","border_color":"border-gray-light"},{"text":"<p class=\"product-attr-title\" style=\"text-align: center;\"><strong>Propri\u00e9t\u00e9s<\/strong><\/p>\n<ul>\n<li>\u00e0 durcissement tr\u00e8s rapide<\/li>\n<li>peut \u00eatre retravaill\u00e9 apr\u00e8s 30 minutes<\/li>\n<li>application facile sur les surfaces verticales<\/li>\n<li>durcit \u00e0 basses temp\u00e9ratures<\/li>\n<li>bonne r\u00e9sistance \u00e0 l&rsquo;eau et aux produits chimiques<\/li>\n<li>adapt\u00e9 pour les travaux de r\u00e9novation<\/li>\n<\/ul>\n","width":"4","background_color_text":"bg-white","border_color":"border-gray-light"}],"background_color":"bg-none","background_color_content":"bg-none"}},"downloads":{"module_download_list":{"inhalt":null,"downloads":[{"download":{"ID":62014,"id":62014,"title":"AC_23_PI_fr_2024_06","filename":"AC_23_PI_fr_2024_06.pdf","filesize":196977,"url":"https:\/\/dev.klb-koetztal.de\/app\/uploads\/2024\/06\/AC_23_PI_fr_2024_06.pdf","link":"https:\/\/dev.klb-koetztal.de\/fr\/?attachment_id=62014","alt":"","author":"7","description":"","caption":"","name":"ac_23_pi_fr_2024_06-2","status":"inherit","uploaded_to":0,"date":"2024-06-17 11:50:18","modified":"2024-06-17 11:50:18","menu_order":0,"mime_type":"application\/pdf","type":"application","subtype":"pdf","icon":"https:\/\/dev.klb-koetztal.de\/wp\/wp-includes\/images\/media\/document.png"},"filename":"Information produit","protected":false,"doclang":"FR","externalkey":"Produktinformation","docpos":"3"},{"download":{"ID":67752,"id":67752,"title":"AC23_Umwelt-Deklaration_2025-10","filename":"AC23_Umwelt-Deklaration_2025-10.pdf","filesize":1691714,"url":"https:\/\/dev.klb-koetztal.de\/app\/uploads\/2025\/10\/AC23_Umwelt-Deklaration_2025-10.pdf","link":"https:\/\/dev.klb-koetztal.de\/fr\/?attachment_id=67752","alt":"","author":"7","description":"","caption":"","name":"ac23_umwelt-deklaration_2025-10-2","status":"inherit","uploaded_to":0,"date":"2025-10-16 09:51:01","modified":"2025-10-16 09:51:01","menu_order":0,"mime_type":"application\/pdf","type":"application","subtype":"pdf","icon":"https:\/\/dev.klb-koetztal.de\/wp\/wp-includes\/images\/media\/document.png"},"filename":"D\u00e9clarations de produit environnemental (EPD)","protected":false,"doclang":"Multi","externalkey":"Umweltproduktdeklaration","docpos":"50"},{"download":false,"filename":"Fiche de donn\u00e9es de s\u00e9curit\u00e9","protected":true,"doclang":"FR","externalkey":"Sicherheitsdatenblatt","docpos":"3"}],"einstellungen":null,"background_color":"bg-none","background_color_content":"bg-none"}},"included_in_systems":{"module_included_in_systems":{"":null,"background_color":"bg-gray-medium","background_color_content":"bg-none"}},"contact":{"module_contact":{"":null,"background_color":"bg-none","background_color_content":"bg-none"}},"ausschreibende":{"module_ausschreibende":{"andern_sie_den_inhalt_unter_universelle_elemente":null,"background_color":"bg-none","background_color_content":"bg-none"}}},"yoast_head":"<!-- This site is optimized with the Yoast SEO plugin v27.0 - https:\/\/yoast.com\/product\/yoast-seo-wordpress\/ -->\n<title>Primaire AC 23 rapide, faible viscosit\u00e9, joints bloc| KLB K\u00f6tztal<\/title>\n<meta name=\"description\" content=\"Primaire acrylique AC 23 faible viscosit\u00e9, durcissement rapide. Bonne adh\u00e9rence sur surfaces verticales de chapes et b\u00e9ton | KLB rev\u00eatements \u2714\ufe0f Joints de bloc\" \/>\n<meta name=\"robots\" content=\"noindex, follow, max-snippet:-1, max-image-preview:large, max-video-preview:-1\" \/>\n<meta property=\"og:locale\" content=\"fr_FR\" \/>\n<meta property=\"og:type\" content=\"article\" \/>\n<meta property=\"og:title\" content=\"Primaire AC 23 rapide, faible viscosit\u00e9, joints bloc| KLB K\u00f6tztal\" \/>\n<meta property=\"og:description\" content=\"Primaire acrylique AC 23 faible viscosit\u00e9, durcissement rapide. Bonne adh\u00e9rence sur surfaces verticales de chapes et b\u00e9ton | KLB rev\u00eatements \u2714\ufe0f Joints de bloc\" \/>\n<meta property=\"og:url\" content=\"https:\/\/dev.klb-koetztal.de\/fr\/produkt\/klb-system-acryl-ac-23\/\" \/>\n<meta property=\"og:site_name\" content=\"KLB K\u00f6tztal\" \/>\n<meta property=\"article:publisher\" content=\"https:\/\/www.facebook.com\/klbkoetztal\" \/>\n<meta property=\"article:modified_time\" content=\"2026-02-25T11:24:07+00:00\" \/>\n<meta property=\"og:image\" content=\"https:\/\/dev.klb-koetztal.de\/app\/uploads\/2025\/01\/AC_23_KLB_Gebinde_10kg_600px.jpg\" \/>\n\t<meta property=\"og:image:width\" content=\"600\" \/>\n\t<meta property=\"og:image:height\" content=\"600\" \/>\n\t<meta property=\"og:image:type\" content=\"image\/jpeg\" \/>\n<meta name=\"twitter:card\" content=\"summary_large_image\" \/>\n<script type=\"application\/ld+json\" class=\"yoast-schema-graph\">{\"@context\":\"https:\/\/schema.org\",\"@graph\":[{\"@type\":\"WebPage\",\"@id\":\"https:\/\/dev.klb-koetztal.de\/fr\/produkt\/klb-system-acryl-ac-23\/\",\"url\":\"https:\/\/dev.klb-koetztal.de\/fr\/produkt\/klb-system-acryl-ac-23\/\",\"name\":\"Primaire AC 23 rapide, faible viscosit\u00e9, joints bloc| KLB K\u00f6tztal\",\"isPartOf\":{\"@id\":\"https:\/\/dev.klb-koetztal.de\/fr\/#website\"},\"primaryImageOfPage\":{\"@id\":\"https:\/\/dev.klb-koetztal.de\/fr\/produkt\/klb-system-acryl-ac-23\/#primaryimage\"},\"image\":{\"@id\":\"https:\/\/dev.klb-koetztal.de\/fr\/produkt\/klb-system-acryl-ac-23\/#primaryimage\"},\"thumbnailUrl\":\"https:\/\/dev.klb-koetztal.de\/app\/uploads\/2025\/01\/AC_23_KLB_Gebinde_10kg_600px.jpg\",\"datePublished\":\"2024-06-17T11:50:09+00:00\",\"dateModified\":\"2026-02-25T11:24:07+00:00\",\"description\":\"Primaire acrylique AC 23 faible viscosit\u00e9, durcissement rapide. Bonne adh\u00e9rence sur surfaces verticales de chapes et b\u00e9ton | KLB rev\u00eatements \u2714\ufe0f Joints de bloc\",\"breadcrumb\":{\"@id\":\"https:\/\/dev.klb-koetztal.de\/fr\/produkt\/klb-system-acryl-ac-23\/#breadcrumb\"},\"inLanguage\":\"fr-FR\",\"potentialAction\":[{\"@type\":\"ReadAction\",\"target\":[\"https:\/\/dev.klb-koetztal.de\/fr\/produkt\/klb-system-acryl-ac-23\/\"]}]},{\"@type\":\"ImageObject\",\"inLanguage\":\"fr-FR\",\"@id\":\"https:\/\/dev.klb-koetztal.de\/fr\/produkt\/klb-system-acryl-ac-23\/#primaryimage\",\"url\":\"https:\/\/dev.klb-koetztal.de\/app\/uploads\/2025\/01\/AC_23_KLB_Gebinde_10kg_600px.jpg\",\"contentUrl\":\"https:\/\/dev.klb-koetztal.de\/app\/uploads\/2025\/01\/AC_23_KLB_Gebinde_10kg_600px.jpg\",\"width\":600,\"height\":600},{\"@type\":\"BreadcrumbList\",\"@id\":\"https:\/\/dev.klb-koetztal.de\/fr\/produkt\/klb-system-acryl-ac-23\/#breadcrumb\",\"itemListElement\":[{\"@type\":\"ListItem\",\"position\":1,\"name\":\"Startseite\",\"item\":\"https:\/\/dev.klb-koetztal.de\/fr\/\"},{\"@type\":\"ListItem\",\"position\":2,\"name\":\"KLB-SYSTEM ACRYL AC 23\"}]},{\"@type\":\"WebSite\",\"@id\":\"https:\/\/dev.klb-koetztal.de\/fr\/#website\",\"url\":\"https:\/\/dev.klb-koetztal.de\/fr\/\",\"name\":\"KLB K\u00f6tztal\",\"description\":\"Gute B\u00f6den haben ein System.\",\"potentialAction\":[{\"@type\":\"SearchAction\",\"target\":{\"@type\":\"EntryPoint\",\"urlTemplate\":\"https:\/\/dev.klb-koetztal.de\/fr\/?s={search_term_string}\"},\"query-input\":{\"@type\":\"PropertyValueSpecification\",\"valueRequired\":true,\"valueName\":\"search_term_string\"}}],\"inLanguage\":\"fr-FR\"}]}<\/script>\n<!-- \/ Yoast SEO plugin. -->","yoast_head_json":{"title":"Primaire AC 23 rapide, faible viscosit\u00e9, joints bloc| KLB K\u00f6tztal","description":"Primaire acrylique AC 23 faible viscosit\u00e9, durcissement rapide. Bonne adh\u00e9rence sur surfaces verticales de chapes et b\u00e9ton | KLB rev\u00eatements \u2714\ufe0f Joints de bloc","robots":{"index":"noindex","follow":"follow","max-snippet":"max-snippet:-1","max-image-preview":"max-image-preview:large","max-video-preview":"max-video-preview:-1"},"og_locale":"fr_FR","og_type":"article","og_title":"Primaire AC 23 rapide, faible viscosit\u00e9, joints bloc| KLB K\u00f6tztal","og_description":"Primaire acrylique AC 23 faible viscosit\u00e9, durcissement rapide. Bonne adh\u00e9rence sur surfaces verticales de chapes et b\u00e9ton | KLB rev\u00eatements \u2714\ufe0f Joints de bloc","og_url":"https:\/\/dev.klb-koetztal.de\/fr\/produkt\/klb-system-acryl-ac-23\/","og_site_name":"KLB K\u00f6tztal","article_publisher":"https:\/\/www.facebook.com\/klbkoetztal","article_modified_time":"2026-02-25T11:24:07+00:00","og_image":[{"width":600,"height":600,"url":"https:\/\/dev.klb-koetztal.de\/app\/uploads\/2025\/01\/AC_23_KLB_Gebinde_10kg_600px.jpg","type":"image\/jpeg"}],"twitter_card":"summary_large_image","schema":{"@context":"https:\/\/schema.org","@graph":[{"@type":"WebPage","@id":"https:\/\/dev.klb-koetztal.de\/fr\/produkt\/klb-system-acryl-ac-23\/","url":"https:\/\/dev.klb-koetztal.de\/fr\/produkt\/klb-system-acryl-ac-23\/","name":"Primaire AC 23 rapide, faible viscosit\u00e9, joints bloc| KLB K\u00f6tztal","isPartOf":{"@id":"https:\/\/dev.klb-koetztal.de\/fr\/#website"},"primaryImageOfPage":{"@id":"https:\/\/dev.klb-koetztal.de\/fr\/produkt\/klb-system-acryl-ac-23\/#primaryimage"},"image":{"@id":"https:\/\/dev.klb-koetztal.de\/fr\/produkt\/klb-system-acryl-ac-23\/#primaryimage"},"thumbnailUrl":"https:\/\/dev.klb-koetztal.de\/app\/uploads\/2025\/01\/AC_23_KLB_Gebinde_10kg_600px.jpg","datePublished":"2024-06-17T11:50:09+00:00","dateModified":"2026-02-25T11:24:07+00:00","description":"Primaire acrylique AC 23 faible viscosit\u00e9, durcissement rapide. Bonne adh\u00e9rence sur surfaces verticales de chapes et b\u00e9ton | KLB rev\u00eatements \u2714\ufe0f Joints de bloc","breadcrumb":{"@id":"https:\/\/dev.klb-koetztal.de\/fr\/produkt\/klb-system-acryl-ac-23\/#breadcrumb"},"inLanguage":"fr-FR","potentialAction":[{"@type":"ReadAction","target":["https:\/\/dev.klb-koetztal.de\/fr\/produkt\/klb-system-acryl-ac-23\/"]}]},{"@type":"ImageObject","inLanguage":"fr-FR","@id":"https:\/\/dev.klb-koetztal.de\/fr\/produkt\/klb-system-acryl-ac-23\/#primaryimage","url":"https:\/\/dev.klb-koetztal.de\/app\/uploads\/2025\/01\/AC_23_KLB_Gebinde_10kg_600px.jpg","contentUrl":"https:\/\/dev.klb-koetztal.de\/app\/uploads\/2025\/01\/AC_23_KLB_Gebinde_10kg_600px.jpg","width":600,"height":600},{"@type":"BreadcrumbList","@id":"https:\/\/dev.klb-koetztal.de\/fr\/produkt\/klb-system-acryl-ac-23\/#breadcrumb","itemListElement":[{"@type":"ListItem","position":1,"name":"Startseite","item":"https:\/\/dev.klb-koetztal.de\/fr\/"},{"@type":"ListItem","position":2,"name":"KLB-SYSTEM ACRYL AC 23"}]},{"@type":"WebSite","@id":"https:\/\/dev.klb-koetztal.de\/fr\/#website","url":"https:\/\/dev.klb-koetztal.de\/fr\/","name":"KLB K\u00f6tztal","description":"Gute B\u00f6den haben ein System.","potentialAction":[{"@type":"SearchAction","target":{"@type":"EntryPoint","urlTemplate":"https:\/\/dev.klb-koetztal.de\/fr\/?s={search_term_string}"},"query-input":{"@type":"PropertyValueSpecification","valueRequired":true,"valueName":"search_term_string"}}],"inLanguage":"fr-FR"}]}},"_links":{"self":[{"href":"https:\/\/dev.klb-koetztal.de\/fr\/wp-json\/wp\/v2\/product\/62005","targetHints":{"allow":["GET"]}}],"collection":[{"href":"https:\/\/dev.klb-koetztal.de\/fr\/wp-json\/wp\/v2\/product"}],"about":[{"href":"https:\/\/dev.klb-koetztal.de\/fr\/wp-json\/wp\/v2\/types\/product"}],"wp:featuredmedia":[{"embeddable":true,"href":"https:\/\/dev.klb-koetztal.de\/fr\/wp-json\/wp\/v2\/media\/64186"}],"wp:attachment":[{"href":"https:\/\/dev.klb-koetztal.de\/fr\/wp-json\/wp\/v2\/media?parent=62005"}],"wp:term":[{"taxonomy":"product_brand","embeddable":true,"href":"https:\/\/dev.klb-koetztal.de\/fr\/wp-json\/wp\/v2\/product_brand?post=62005"},{"taxonomy":"product_cat","embeddable":true,"href":"https:\/\/dev.klb-koetztal.de\/fr\/wp-json\/wp\/v2\/product_cat?post=62005"},{"taxonomy":"product_tag","embeddable":true,"href":"https:\/\/dev.klb-koetztal.de\/fr\/wp-json\/wp\/v2\/product_tag?post=62005"}],"curies":[{"name":"wp","href":"https:\/\/api.w.org\/{rel}","templated":true}]}}