{"id":61678,"date":"2024-05-21T14:00:12","date_gmt":"2024-05-21T12:00:12","guid":{"rendered":"https:\/\/www.klb-koetztal.de\/produkt\/floor-sealer-300-antistatic\/"},"modified":"2026-02-25T12:16:59","modified_gmt":"2026-02-25T11:16:59","slug":"floor-sealer-300-antistatic","status":"publish","type":"product","link":"https:\/\/dev.klb-koetztal.de\/fr\/produkt\/floor-sealer-300-antistatic\/","title":{"rendered":"Floor Sealer 300 Antistatic"},"content":{"rendered":"","protected":false},"excerpt":{"rendered":"<p>Scellement en polyur\u00e9thane \u00e0 2 composants, pigment\u00e9, \u00e9lectro-disspateur et \u00e0 faible \u00e9mission pour la r\u00e9novation des&#160;sols sup\u00e9rieurs. La finition peut \u00eatre utilis\u00e9e pour la remise \u00e0 neuf, la r\u00e9novation ou le rafra\u00eechissement de rev\u00eatements de surface conducteurs (p.ex. les rev\u00eatements en PVC, le linol\u00e9um, ainsi que les rev\u00eatements en caoutchouc et \u00e0 base de clous en caoutchouc) ou \u00e9galement comme scellement dissipateur pour les rev\u00eatements de surface non conducteurs en cas de changement ult\u00e9rieur&#160;d&rsquo;utilisation. Convient aux exigences en mati\u00e8re de la protection personnelle et DES.<br \/>\nCertifi\u00e9 selon EMICODE EC1 plus et adapt\u00e9 aux&#160;pi\u00e8ces de s\u00e9jour \u00e0 l&rsquo;int\u00e9rieur.<\/p>\n","protected":false},"featured_media":59682,"template":"","meta":{"_acf_changed":false},"product_brand":[],"product_cat":[12535,12538],"product_tag":[],"class_list":{"0":"post-61678","1":"product","2":"type-product","3":"status-publish","4":"has-post-thumbnail","6":"product_cat-floor-sealer","7":"product_cat-floor-sealer_scellements-en-polyurethane-a-2-composants-emulsionnes-a-leau","9":"first","10":"instock","11":"shipping-taxable","12":"product-type-simple"},"acf":{"product_header":{"module_product_header":{"":null,"prototype_headline":{"headline":"Floor Sealer 300 Antistatic","h1":true,"subheadline":"Scellement en polyur\u00e9thane \u00e0 2 composants, pigment\u00e9, \u00e9lectro-dissipateur,&#160;\u00e0 faible \u00e9mission et&#160;respectueux de l'environnement pour la r\u00e9novation des sols sup\u00e9rieurs avec une bonne adh\u00e9rence.&#160;","anchor":"","url":""},"grid_text_slider":false,"grid_text_content":[{"text":"<p class=\"product-short-title\" style=\"text-align: center;\"><strong>Br\u00e8ve description<\/strong><\/p>\n<p>Scellement en polyur\u00e9thane \u00e0 2 composants, pigment\u00e9, \u00e9lectro-disspateur et \u00e0 faible \u00e9mission pour la r\u00e9novation des&#160;sols sup\u00e9rieurs. La finition peut \u00eatre utilis\u00e9e pour la remise \u00e0 neuf, la r\u00e9novation ou le rafra\u00eechissement de rev\u00eatements de surface conducteurs (p.ex. les rev\u00eatements en PVC, le linol\u00e9um, ainsi que les rev\u00eatements en caoutchouc et \u00e0 base de clous en caoutchouc) ou \u00e9galement comme scellement dissipateur pour les rev\u00eatements de surface non conducteurs en cas de changement ult\u00e9rieur&#160;d&rsquo;utilisation. Convient aux exigences en mati\u00e8re de la protection personnelle et DES.<\/p>\n<p>Certifi\u00e9 selon EMICODE EC1 plus et adapt\u00e9 aux&#160;pi\u00e8ces de s\u00e9jour \u00e0 l&rsquo;int\u00e9rieur.<\/p>\n","width":"4","background_color_text":"bg-white","border_color":"border-gray-light"},{"text":"<p class=\"product-sicing-title\" style=\"text-align: center;\"><strong>Unit\u00e9s d'emballage<\/strong><\/p>\n<ul>\n<li>FF6953-41 &#8211; Emballage en kit 10,00 kg<\/li>\n<\/ul>\n<p><\/p>\n<p>N&rsquo;h\u00e9sitez pas \u00e0 contacter directement pour toute demande concernant des quantit\u00e9s de livraison ou des unit\u00e9s de conditionnement plus importantes.<\/p>\n\n","width":"4","background_color_text":"bg-white","border_color":"border-gray-light"},{"text":"<p class=\"product-attr-title\" style=\"text-align: center;\"><strong>Propri\u00e9t\u00e9s<\/strong><\/p>\n<ul>\n<li>\u00e9lectro-dissipateur pour la protection antid\u00e9flagrante<\/li>\n<li>pour des exigences \u00e9lev\u00e9es en mati\u00e8re de protection DES<\/li>\n<li>\u00e0 tr\u00e8s faible \u00e9mission<\/li>\n<li>certifi\u00e9 selon EMICODE\u00ae  EC 1PLUS<\/li>\n<li>respectueux de l&rsquo;environnement<\/li>\n<li>r\u00e9sistant \u00e0 la lumi\u00e8re<\/li>\n<li>faible sensibilit\u00e9 aux taches<\/li>\n<li>tr\u00e8s haute adh\u00e9rence<\/li>\n<li>inodore<\/li>\n<li>r\u00e9sistant \u00e0 l&rsquo;abrasion et \u00e0 l&rsquo;usure<\/li>\n<li>mat<\/li>\n<li>surface homog\u00e8ne<\/li>\n<\/ul>\n","width":"4","background_color_text":"bg-white","border_color":"border-gray-light"}],"background_color":"bg-none","background_color_content":"bg-none"}},"downloads":{"module_download_list":{"inhalt":null,"downloads":[{"download":{"ID":66850,"id":66850,"title":"FLOOR_SEALER_300_Antistatic_PI_fr_2025_08","filename":"FLOOR_SEALER_300_Antistatic_PI_fr_2025_08.pdf","filesize":1380730,"url":"https:\/\/dev.klb-koetztal.de\/app\/uploads\/2025\/08\/FLOOR_SEALER_300_Antistatic_PI_fr_2025_08.pdf","link":"https:\/\/dev.klb-koetztal.de\/fr\/?attachment_id=66850","alt":"","author":"7","description":"","caption":"","name":"floor_sealer_300_antistatic_pi_fr_2025_08-2","status":"inherit","uploaded_to":0,"date":"2025-08-01 13:00:31","modified":"2025-08-01 13:00:31","menu_order":0,"mime_type":"application\/pdf","type":"application","subtype":"pdf","icon":"https:\/\/dev.klb-koetztal.de\/wp\/wp-includes\/images\/media\/document.png"},"filename":"Information produit","protected":false,"doclang":"FR","externalkey":"Produktinformation","docpos":"3"},{"download":{"ID":59577,"id":59577,"title":"FloorSealer300_Umwelt-Deklaration_2022-06","filename":"FloorSealer300_Umwelt-Deklaration_2022-06.pdf","filesize":2558509,"url":"https:\/\/dev.klb-koetztal.de\/app\/uploads\/2024\/01\/FloorSealer300_Umwelt-Deklaration_2022-06.pdf","link":"https:\/\/dev.klb-koetztal.de\/fr\/?attachment_id=59577","alt":"","author":"7","description":"","caption":"","name":"floorsealer300_umwelt-deklaration_2022-06-2","status":"inherit","uploaded_to":0,"date":"2024-01-25 14:30:17","modified":"2024-01-25 14:30:17","menu_order":0,"mime_type":"application\/pdf","type":"application","subtype":"pdf","icon":"https:\/\/dev.klb-koetztal.de\/wp\/wp-includes\/images\/media\/document.png"},"filename":"D\u00e9clarations de produit environnemental (EPD)","protected":false,"doclang":"Multi","externalkey":"Umweltproduktdeklaration","docpos":"50"},{"download":false,"filename":"Fiche de donn\u00e9es de s\u00e9curit\u00e9","protected":true,"doclang":"FR","externalkey":"Sicherheitsdatenblatt","docpos":"3"}],"einstellungen":null,"background_color":"bg-none","background_color_content":"bg-none"}},"included_in_systems":{"module_included_in_systems":{"":null,"background_color":"bg-gray-medium","background_color_content":"bg-none"}},"contact":{"module_contact":{"":null,"background_color":"bg-none","background_color_content":"bg-none"}},"ausschreibende":{"module_ausschreibende":{"andern_sie_den_inhalt_unter_universelle_elemente":null,"background_color":"bg-none","background_color_content":"bg-none"}}},"yoast_head":"<!-- This site is optimized with the Yoast SEO plugin v27.0 - https:\/\/yoast.com\/product\/yoast-seo-wordpress\/ -->\n<title>Floor Sealer 300 Antistatic<\/title>\n<meta name=\"description\" content=\"\u2714\ufe0f\" \/>\n<meta name=\"robots\" content=\"noindex, follow, max-snippet:-1, max-image-preview:large, max-video-preview:-1\" \/>\n<meta property=\"og:locale\" content=\"fr_FR\" \/>\n<meta property=\"og:type\" content=\"article\" \/>\n<meta property=\"og:title\" content=\"Floor Sealer 300 Antistatic\" \/>\n<meta property=\"og:description\" content=\"\u2714\ufe0f\" \/>\n<meta property=\"og:url\" content=\"https:\/\/dev.klb-koetztal.de\/fr\/produkt\/floor-sealer-300-antistatic\/\" \/>\n<meta property=\"og:site_name\" content=\"KLB K\u00f6tztal\" \/>\n<meta property=\"article:publisher\" content=\"https:\/\/www.facebook.com\/klbkoetztal\" \/>\n<meta property=\"article:modified_time\" content=\"2026-02-25T11:16:59+00:00\" \/>\n<meta property=\"og:image\" content=\"https:\/\/dev.klb-koetztal.de\/app\/uploads\/2024\/01\/Floor_Sealer_300_10kg_500px_neu.jpg\" \/>\n\t<meta property=\"og:image:width\" content=\"500\" \/>\n\t<meta property=\"og:image:height\" content=\"500\" \/>\n\t<meta property=\"og:image:type\" content=\"image\/jpeg\" \/>\n<meta name=\"twitter:card\" content=\"summary_large_image\" \/>\n<script type=\"application\/ld+json\" class=\"yoast-schema-graph\">{\"@context\":\"https:\/\/schema.org\",\"@graph\":[{\"@type\":\"WebPage\",\"@id\":\"https:\/\/dev.klb-koetztal.de\/fr\/produkt\/floor-sealer-300-antistatic\/\",\"url\":\"https:\/\/dev.klb-koetztal.de\/fr\/produkt\/floor-sealer-300-antistatic\/\",\"name\":\"Floor Sealer 300 Antistatic\",\"isPartOf\":{\"@id\":\"https:\/\/dev.klb-koetztal.de\/fr\/#website\"},\"primaryImageOfPage\":{\"@id\":\"https:\/\/dev.klb-koetztal.de\/fr\/produkt\/floor-sealer-300-antistatic\/#primaryimage\"},\"image\":{\"@id\":\"https:\/\/dev.klb-koetztal.de\/fr\/produkt\/floor-sealer-300-antistatic\/#primaryimage\"},\"thumbnailUrl\":\"https:\/\/dev.klb-koetztal.de\/app\/uploads\/2024\/01\/Floor_Sealer_300_10kg_500px_neu.jpg\",\"datePublished\":\"2024-05-21T12:00:12+00:00\",\"dateModified\":\"2026-02-25T11:16:59+00:00\",\"description\":\"\u2714\ufe0f\",\"breadcrumb\":{\"@id\":\"https:\/\/dev.klb-koetztal.de\/fr\/produkt\/floor-sealer-300-antistatic\/#breadcrumb\"},\"inLanguage\":\"fr-FR\",\"potentialAction\":[{\"@type\":\"ReadAction\",\"target\":[\"https:\/\/dev.klb-koetztal.de\/fr\/produkt\/floor-sealer-300-antistatic\/\"]}]},{\"@type\":\"ImageObject\",\"inLanguage\":\"fr-FR\",\"@id\":\"https:\/\/dev.klb-koetztal.de\/fr\/produkt\/floor-sealer-300-antistatic\/#primaryimage\",\"url\":\"https:\/\/dev.klb-koetztal.de\/app\/uploads\/2024\/01\/Floor_Sealer_300_10kg_500px_neu.jpg\",\"contentUrl\":\"https:\/\/dev.klb-koetztal.de\/app\/uploads\/2024\/01\/Floor_Sealer_300_10kg_500px_neu.jpg\",\"width\":500,\"height\":500},{\"@type\":\"BreadcrumbList\",\"@id\":\"https:\/\/dev.klb-koetztal.de\/fr\/produkt\/floor-sealer-300-antistatic\/#breadcrumb\",\"itemListElement\":[{\"@type\":\"ListItem\",\"position\":1,\"name\":\"Startseite\",\"item\":\"https:\/\/dev.klb-koetztal.de\/fr\/\"},{\"@type\":\"ListItem\",\"position\":2,\"name\":\"Floor Sealer 300 Antistatic\"}]},{\"@type\":\"WebSite\",\"@id\":\"https:\/\/dev.klb-koetztal.de\/fr\/#website\",\"url\":\"https:\/\/dev.klb-koetztal.de\/fr\/\",\"name\":\"KLB K\u00f6tztal\",\"description\":\"Gute B\u00f6den haben ein System.\",\"potentialAction\":[{\"@type\":\"SearchAction\",\"target\":{\"@type\":\"EntryPoint\",\"urlTemplate\":\"https:\/\/dev.klb-koetztal.de\/fr\/?s={search_term_string}\"},\"query-input\":{\"@type\":\"PropertyValueSpecification\",\"valueRequired\":true,\"valueName\":\"search_term_string\"}}],\"inLanguage\":\"fr-FR\"}]}<\/script>\n<!-- \/ Yoast SEO plugin. -->","yoast_head_json":{"title":"Floor Sealer 300 Antistatic","description":"\u2714\ufe0f","robots":{"index":"noindex","follow":"follow","max-snippet":"max-snippet:-1","max-image-preview":"max-image-preview:large","max-video-preview":"max-video-preview:-1"},"og_locale":"fr_FR","og_type":"article","og_title":"Floor Sealer 300 Antistatic","og_description":"\u2714\ufe0f","og_url":"https:\/\/dev.klb-koetztal.de\/fr\/produkt\/floor-sealer-300-antistatic\/","og_site_name":"KLB K\u00f6tztal","article_publisher":"https:\/\/www.facebook.com\/klbkoetztal","article_modified_time":"2026-02-25T11:16:59+00:00","og_image":[{"width":500,"height":500,"url":"https:\/\/dev.klb-koetztal.de\/app\/uploads\/2024\/01\/Floor_Sealer_300_10kg_500px_neu.jpg","type":"image\/jpeg"}],"twitter_card":"summary_large_image","schema":{"@context":"https:\/\/schema.org","@graph":[{"@type":"WebPage","@id":"https:\/\/dev.klb-koetztal.de\/fr\/produkt\/floor-sealer-300-antistatic\/","url":"https:\/\/dev.klb-koetztal.de\/fr\/produkt\/floor-sealer-300-antistatic\/","name":"Floor Sealer 300 Antistatic","isPartOf":{"@id":"https:\/\/dev.klb-koetztal.de\/fr\/#website"},"primaryImageOfPage":{"@id":"https:\/\/dev.klb-koetztal.de\/fr\/produkt\/floor-sealer-300-antistatic\/#primaryimage"},"image":{"@id":"https:\/\/dev.klb-koetztal.de\/fr\/produkt\/floor-sealer-300-antistatic\/#primaryimage"},"thumbnailUrl":"https:\/\/dev.klb-koetztal.de\/app\/uploads\/2024\/01\/Floor_Sealer_300_10kg_500px_neu.jpg","datePublished":"2024-05-21T12:00:12+00:00","dateModified":"2026-02-25T11:16:59+00:00","description":"\u2714\ufe0f","breadcrumb":{"@id":"https:\/\/dev.klb-koetztal.de\/fr\/produkt\/floor-sealer-300-antistatic\/#breadcrumb"},"inLanguage":"fr-FR","potentialAction":[{"@type":"ReadAction","target":["https:\/\/dev.klb-koetztal.de\/fr\/produkt\/floor-sealer-300-antistatic\/"]}]},{"@type":"ImageObject","inLanguage":"fr-FR","@id":"https:\/\/dev.klb-koetztal.de\/fr\/produkt\/floor-sealer-300-antistatic\/#primaryimage","url":"https:\/\/dev.klb-koetztal.de\/app\/uploads\/2024\/01\/Floor_Sealer_300_10kg_500px_neu.jpg","contentUrl":"https:\/\/dev.klb-koetztal.de\/app\/uploads\/2024\/01\/Floor_Sealer_300_10kg_500px_neu.jpg","width":500,"height":500},{"@type":"BreadcrumbList","@id":"https:\/\/dev.klb-koetztal.de\/fr\/produkt\/floor-sealer-300-antistatic\/#breadcrumb","itemListElement":[{"@type":"ListItem","position":1,"name":"Startseite","item":"https:\/\/dev.klb-koetztal.de\/fr\/"},{"@type":"ListItem","position":2,"name":"Floor Sealer 300 Antistatic"}]},{"@type":"WebSite","@id":"https:\/\/dev.klb-koetztal.de\/fr\/#website","url":"https:\/\/dev.klb-koetztal.de\/fr\/","name":"KLB K\u00f6tztal","description":"Gute B\u00f6den haben ein System.","potentialAction":[{"@type":"SearchAction","target":{"@type":"EntryPoint","urlTemplate":"https:\/\/dev.klb-koetztal.de\/fr\/?s={search_term_string}"},"query-input":{"@type":"PropertyValueSpecification","valueRequired":true,"valueName":"search_term_string"}}],"inLanguage":"fr-FR"}]}},"_links":{"self":[{"href":"https:\/\/dev.klb-koetztal.de\/fr\/wp-json\/wp\/v2\/product\/61678","targetHints":{"allow":["GET"]}}],"collection":[{"href":"https:\/\/dev.klb-koetztal.de\/fr\/wp-json\/wp\/v2\/product"}],"about":[{"href":"https:\/\/dev.klb-koetztal.de\/fr\/wp-json\/wp\/v2\/types\/product"}],"wp:featuredmedia":[{"embeddable":true,"href":"https:\/\/dev.klb-koetztal.de\/fr\/wp-json\/wp\/v2\/media\/59682"}],"wp:attachment":[{"href":"https:\/\/dev.klb-koetztal.de\/fr\/wp-json\/wp\/v2\/media?parent=61678"}],"wp:term":[{"taxonomy":"product_brand","embeddable":true,"href":"https:\/\/dev.klb-koetztal.de\/fr\/wp-json\/wp\/v2\/product_brand?post=61678"},{"taxonomy":"product_cat","embeddable":true,"href":"https:\/\/dev.klb-koetztal.de\/fr\/wp-json\/wp\/v2\/product_cat?post=61678"},{"taxonomy":"product_tag","embeddable":true,"href":"https:\/\/dev.klb-koetztal.de\/fr\/wp-json\/wp\/v2\/product_tag?post=61678"}],"curies":[{"name":"wp","href":"https:\/\/api.w.org\/{rel}","templated":true}]}}