{"id":61677,"date":"2024-05-21T14:00:04","date_gmt":"2024-05-21T12:00:04","guid":{"rendered":"https:\/\/www.klb-koetztal.de\/produkt\/floor-sealer-72-repair\/"},"modified":"2026-02-25T12:16:03","modified_gmt":"2026-02-25T11:16:03","slug":"floor-sealer-72-repair","status":"publish","type":"product","link":"https:\/\/dev.klb-koetztal.de\/fr\/produkt\/floor-sealer-72-repair\/","title":{"rendered":"FLOOR SEALER&#160;72 Repair&#160;"},"content":{"rendered":"","protected":false},"excerpt":{"rendered":"<p>Mati\u00e8re UP bicomposante \u00e0 durcissement rapide pour la&#160;r\u00e9novation&#160;et la&#160;r\u00e9paration&#160;de petits \u00e9clats, des rayures ou des arrachements&#160;sur les sols sup\u00e9rieurs \u00e9lastiques, comme les rev\u00eatements en PVC, en linol\u00e9um, ainsi qu&rsquo;en caoutchouc avant la finition color\u00e9e avec les syst\u00e8mes FLOOR SEALER.<\/p>\n","protected":false},"featured_media":59523,"template":"","meta":{"_acf_changed":false},"product_brand":[],"product_cat":[12535,12536],"product_tag":[],"class_list":{"0":"post-61677","1":"product","2":"type-product","3":"status-publish","4":"has-post-thumbnail","6":"product_cat-floor-sealer","7":"product_cat-floor-sealer_resines-de-renovation-et-dinjection","9":"first","10":"instock","11":"shipping-taxable","12":"product-type-simple"},"acf":{"product_header":{"module_product_header":{"":null,"prototype_headline":{"headline":"FLOOR SEALER&#160;72 Repair&#160;","h1":true,"subheadline":"Mati\u00e8re UP bicomposante \u00e0 durcissement rapide pour la r\u00e9paration de petites zones endommag\u00e9es sur les sols sup\u00e9rieurs avant l'application des syst\u00e8mes FLOOR SEALER.","anchor":"","url":""},"grid_text_slider":false,"grid_text_content":[{"text":"<p class=\"product-short-title\" style=\"text-align: center;\"><strong>Br\u00e8ve description<\/strong><\/p>\n<p>Mati\u00e8re UP bicomposante \u00e0 durcissement rapide pour la&#160;r\u00e9novation&#160;et la&#160;r\u00e9paration&#160;de petits \u00e9clats, des rayures ou des arrachements&#160;sur les sols sup\u00e9rieurs \u00e9lastiques, comme les rev\u00eatements en PVC, en linol\u00e9um, ainsi qu&rsquo;en caoutchouc avant la finition color\u00e9e avec les syst\u00e8mes FLOOR SEALER.<\/p>\n","width":"4","background_color_text":"bg-white","border_color":"border-gray-light"},{"text":"<p class=\"product-sicing-title\" style=\"text-align: center;\"><strong>Unit\u00e9s d'emballage<\/strong><\/p>\n<ul>\n<li>FF6157-95 &#8211; Combinaison Bo\u00eete 1,00 kg<\/li>\n<\/ul>\n<p><\/p>\n<p>N&rsquo;h\u00e9sitez pas \u00e0 contacter directement pour toute demande concernant des quantit\u00e9s de livraison ou des unit\u00e9s de conditionnement plus importantes.<\/p>\n\n","width":"4","background_color_text":"bg-white","border_color":"border-gray-light"},{"text":"<p class=\"product-attr-title\" style=\"text-align: center;\"><strong>Propri\u00e9t\u00e9s<\/strong><\/p>\n<ul>\n<li>\u00e0 durcissement tr\u00e8s rapide<\/li>\n<li>rapidement recouvrable<\/li>\n<li>facile \u00e0 poncer<\/li>\n<li>bonne adh\u00e9rence interm\u00e9diaire<\/li>\n<li>consistance stable<\/li>\n<li>\u00e9tanche aux liquides<\/li>\n<li>bonne r\u00e9sistance \u00e0 l&rsquo;eau et aux produits chimiques<\/li>\n<li>pour des couches de remplissage et d&rsquo;\u00e9galisation<\/li>\n<\/ul>\n","width":"4","background_color_text":"bg-white","border_color":"border-gray-light"}],"background_color":"bg-none","background_color_content":"bg-none"}},"downloads":{"module_download_list":{"inhalt":null,"downloads":[{"download":{"ID":60201,"id":60201,"title":"FLOOR_SEALER_72_Repair_Set_PI_fr_2024_02-1","filename":"FLOOR_SEALER_72_Repair_Set_PI_fr_2024_02-1.pdf","filesize":297004,"url":"https:\/\/dev.klb-koetztal.de\/app\/uploads\/2024\/02\/FLOOR_SEALER_72_Repair_Set_PI_fr_2024_02-1.pdf","link":"https:\/\/dev.klb-koetztal.de\/fr\/?attachment_id=60201","alt":"","author":"7","description":"","caption":"","name":"floor_sealer_72_repair_set_pi_fr_2024_02-1-2","status":"inherit","uploaded_to":0,"date":"2024-02-19 10:40:11","modified":"2024-02-19 10:40:11","menu_order":0,"mime_type":"application\/pdf","type":"application","subtype":"pdf","icon":"https:\/\/dev.klb-koetztal.de\/wp\/wp-includes\/images\/media\/document.png"},"filename":"Information produit","protected":false,"doclang":"FR","externalkey":"Produktinformation","docpos":"3"},{"download":false,"filename":"Fiche de donn\u00e9es de s\u00e9curit\u00e9","protected":true,"doclang":"FR","externalkey":"Sicherheitsdatenblatt","docpos":"3"}],"einstellungen":null,"background_color":"bg-none","background_color_content":"bg-none"}},"included_in_systems":{"module_included_in_systems":{"":null,"background_color":"bg-gray-medium","background_color_content":"bg-none"}},"contact":{"module_contact":{"":null,"background_color":"bg-none","background_color_content":"bg-none"}},"ausschreibende":{"module_ausschreibende":{"andern_sie_den_inhalt_unter_universelle_elemente":null,"background_color":"bg-none","background_color_content":"bg-none"}}},"yoast_head":"<!-- This site is optimized with the Yoast SEO plugin v27.0 - https:\/\/yoast.com\/product\/yoast-seo-wordpress\/ -->\n<title>FLOOR SEALER&#160;72 Repair&#160;<\/title>\n<meta name=\"description\" content=\"\u2714\ufe0f\" \/>\n<meta name=\"robots\" content=\"noindex, follow, max-snippet:-1, max-image-preview:large, max-video-preview:-1\" \/>\n<meta property=\"og:locale\" content=\"fr_FR\" \/>\n<meta property=\"og:type\" content=\"article\" \/>\n<meta property=\"og:title\" content=\"FLOOR SEALER&#160;72 Repair&#160;\" \/>\n<meta property=\"og:description\" content=\"\u2714\ufe0f\" \/>\n<meta property=\"og:url\" content=\"https:\/\/dev.klb-koetztal.de\/fr\/produkt\/floor-sealer-72-repair\/\" \/>\n<meta property=\"og:site_name\" content=\"KLB K\u00f6tztal\" \/>\n<meta property=\"article:publisher\" content=\"https:\/\/www.facebook.com\/klbkoetztal\" \/>\n<meta property=\"article:modified_time\" content=\"2026-02-25T11:16:03+00:00\" \/>\n<meta property=\"og:image\" content=\"https:\/\/dev.klb-koetztal.de\/app\/uploads\/2024\/01\/KLB_Floor_Sealer_Repar_Kit_1kg_20221121-DSC_0475-Bearbeitet_500px.jpg\" \/>\n\t<meta property=\"og:image:width\" content=\"500\" \/>\n\t<meta property=\"og:image:height\" content=\"500\" \/>\n\t<meta property=\"og:image:type\" content=\"image\/jpeg\" \/>\n<meta name=\"twitter:card\" content=\"summary_large_image\" \/>\n<script type=\"application\/ld+json\" class=\"yoast-schema-graph\">{\"@context\":\"https:\/\/schema.org\",\"@graph\":[{\"@type\":\"WebPage\",\"@id\":\"https:\/\/dev.klb-koetztal.de\/fr\/produkt\/floor-sealer-72-repair\/\",\"url\":\"https:\/\/dev.klb-koetztal.de\/fr\/produkt\/floor-sealer-72-repair\/\",\"name\":\"FLOOR SEALER&#160;72 Repair&#160;\",\"isPartOf\":{\"@id\":\"https:\/\/dev.klb-koetztal.de\/fr\/#website\"},\"primaryImageOfPage\":{\"@id\":\"https:\/\/dev.klb-koetztal.de\/fr\/produkt\/floor-sealer-72-repair\/#primaryimage\"},\"image\":{\"@id\":\"https:\/\/dev.klb-koetztal.de\/fr\/produkt\/floor-sealer-72-repair\/#primaryimage\"},\"thumbnailUrl\":\"https:\/\/dev.klb-koetztal.de\/app\/uploads\/2024\/01\/KLB_Floor_Sealer_Repar_Kit_1kg_20221121-DSC_0475-Bearbeitet_500px.jpg\",\"datePublished\":\"2024-05-21T12:00:04+00:00\",\"dateModified\":\"2026-02-25T11:16:03+00:00\",\"description\":\"\u2714\ufe0f\",\"breadcrumb\":{\"@id\":\"https:\/\/dev.klb-koetztal.de\/fr\/produkt\/floor-sealer-72-repair\/#breadcrumb\"},\"inLanguage\":\"fr-FR\",\"potentialAction\":[{\"@type\":\"ReadAction\",\"target\":[\"https:\/\/dev.klb-koetztal.de\/fr\/produkt\/floor-sealer-72-repair\/\"]}]},{\"@type\":\"ImageObject\",\"inLanguage\":\"fr-FR\",\"@id\":\"https:\/\/dev.klb-koetztal.de\/fr\/produkt\/floor-sealer-72-repair\/#primaryimage\",\"url\":\"https:\/\/dev.klb-koetztal.de\/app\/uploads\/2024\/01\/KLB_Floor_Sealer_Repar_Kit_1kg_20221121-DSC_0475-Bearbeitet_500px.jpg\",\"contentUrl\":\"https:\/\/dev.klb-koetztal.de\/app\/uploads\/2024\/01\/KLB_Floor_Sealer_Repar_Kit_1kg_20221121-DSC_0475-Bearbeitet_500px.jpg\",\"width\":500,\"height\":500},{\"@type\":\"BreadcrumbList\",\"@id\":\"https:\/\/dev.klb-koetztal.de\/fr\/produkt\/floor-sealer-72-repair\/#breadcrumb\",\"itemListElement\":[{\"@type\":\"ListItem\",\"position\":1,\"name\":\"Startseite\",\"item\":\"https:\/\/dev.klb-koetztal.de\/fr\/\"},{\"@type\":\"ListItem\",\"position\":2,\"name\":\"FLOOR SEALER&#160;72 Repair&#160;\"}]},{\"@type\":\"WebSite\",\"@id\":\"https:\/\/dev.klb-koetztal.de\/fr\/#website\",\"url\":\"https:\/\/dev.klb-koetztal.de\/fr\/\",\"name\":\"KLB K\u00f6tztal\",\"description\":\"Gute B\u00f6den haben ein System.\",\"potentialAction\":[{\"@type\":\"SearchAction\",\"target\":{\"@type\":\"EntryPoint\",\"urlTemplate\":\"https:\/\/dev.klb-koetztal.de\/fr\/?s={search_term_string}\"},\"query-input\":{\"@type\":\"PropertyValueSpecification\",\"valueRequired\":true,\"valueName\":\"search_term_string\"}}],\"inLanguage\":\"fr-FR\"}]}<\/script>\n<!-- \/ Yoast SEO plugin. -->","yoast_head_json":{"title":"FLOOR SEALER&#160;72 Repair&#160;","description":"\u2714\ufe0f","robots":{"index":"noindex","follow":"follow","max-snippet":"max-snippet:-1","max-image-preview":"max-image-preview:large","max-video-preview":"max-video-preview:-1"},"og_locale":"fr_FR","og_type":"article","og_title":"FLOOR SEALER&#160;72 Repair&#160;","og_description":"\u2714\ufe0f","og_url":"https:\/\/dev.klb-koetztal.de\/fr\/produkt\/floor-sealer-72-repair\/","og_site_name":"KLB K\u00f6tztal","article_publisher":"https:\/\/www.facebook.com\/klbkoetztal","article_modified_time":"2026-02-25T11:16:03+00:00","og_image":[{"width":500,"height":500,"url":"https:\/\/dev.klb-koetztal.de\/app\/uploads\/2024\/01\/KLB_Floor_Sealer_Repar_Kit_1kg_20221121-DSC_0475-Bearbeitet_500px.jpg","type":"image\/jpeg"}],"twitter_card":"summary_large_image","schema":{"@context":"https:\/\/schema.org","@graph":[{"@type":"WebPage","@id":"https:\/\/dev.klb-koetztal.de\/fr\/produkt\/floor-sealer-72-repair\/","url":"https:\/\/dev.klb-koetztal.de\/fr\/produkt\/floor-sealer-72-repair\/","name":"FLOOR SEALER&#160;72 Repair&#160;","isPartOf":{"@id":"https:\/\/dev.klb-koetztal.de\/fr\/#website"},"primaryImageOfPage":{"@id":"https:\/\/dev.klb-koetztal.de\/fr\/produkt\/floor-sealer-72-repair\/#primaryimage"},"image":{"@id":"https:\/\/dev.klb-koetztal.de\/fr\/produkt\/floor-sealer-72-repair\/#primaryimage"},"thumbnailUrl":"https:\/\/dev.klb-koetztal.de\/app\/uploads\/2024\/01\/KLB_Floor_Sealer_Repar_Kit_1kg_20221121-DSC_0475-Bearbeitet_500px.jpg","datePublished":"2024-05-21T12:00:04+00:00","dateModified":"2026-02-25T11:16:03+00:00","description":"\u2714\ufe0f","breadcrumb":{"@id":"https:\/\/dev.klb-koetztal.de\/fr\/produkt\/floor-sealer-72-repair\/#breadcrumb"},"inLanguage":"fr-FR","potentialAction":[{"@type":"ReadAction","target":["https:\/\/dev.klb-koetztal.de\/fr\/produkt\/floor-sealer-72-repair\/"]}]},{"@type":"ImageObject","inLanguage":"fr-FR","@id":"https:\/\/dev.klb-koetztal.de\/fr\/produkt\/floor-sealer-72-repair\/#primaryimage","url":"https:\/\/dev.klb-koetztal.de\/app\/uploads\/2024\/01\/KLB_Floor_Sealer_Repar_Kit_1kg_20221121-DSC_0475-Bearbeitet_500px.jpg","contentUrl":"https:\/\/dev.klb-koetztal.de\/app\/uploads\/2024\/01\/KLB_Floor_Sealer_Repar_Kit_1kg_20221121-DSC_0475-Bearbeitet_500px.jpg","width":500,"height":500},{"@type":"BreadcrumbList","@id":"https:\/\/dev.klb-koetztal.de\/fr\/produkt\/floor-sealer-72-repair\/#breadcrumb","itemListElement":[{"@type":"ListItem","position":1,"name":"Startseite","item":"https:\/\/dev.klb-koetztal.de\/fr\/"},{"@type":"ListItem","position":2,"name":"FLOOR SEALER&#160;72 Repair&#160;"}]},{"@type":"WebSite","@id":"https:\/\/dev.klb-koetztal.de\/fr\/#website","url":"https:\/\/dev.klb-koetztal.de\/fr\/","name":"KLB K\u00f6tztal","description":"Gute B\u00f6den haben ein System.","potentialAction":[{"@type":"SearchAction","target":{"@type":"EntryPoint","urlTemplate":"https:\/\/dev.klb-koetztal.de\/fr\/?s={search_term_string}"},"query-input":{"@type":"PropertyValueSpecification","valueRequired":true,"valueName":"search_term_string"}}],"inLanguage":"fr-FR"}]}},"_links":{"self":[{"href":"https:\/\/dev.klb-koetztal.de\/fr\/wp-json\/wp\/v2\/product\/61677","targetHints":{"allow":["GET"]}}],"collection":[{"href":"https:\/\/dev.klb-koetztal.de\/fr\/wp-json\/wp\/v2\/product"}],"about":[{"href":"https:\/\/dev.klb-koetztal.de\/fr\/wp-json\/wp\/v2\/types\/product"}],"wp:featuredmedia":[{"embeddable":true,"href":"https:\/\/dev.klb-koetztal.de\/fr\/wp-json\/wp\/v2\/media\/59523"}],"wp:attachment":[{"href":"https:\/\/dev.klb-koetztal.de\/fr\/wp-json\/wp\/v2\/media?parent=61677"}],"wp:term":[{"taxonomy":"product_brand","embeddable":true,"href":"https:\/\/dev.klb-koetztal.de\/fr\/wp-json\/wp\/v2\/product_brand?post=61677"},{"taxonomy":"product_cat","embeddable":true,"href":"https:\/\/dev.klb-koetztal.de\/fr\/wp-json\/wp\/v2\/product_cat?post=61677"},{"taxonomy":"product_tag","embeddable":true,"href":"https:\/\/dev.klb-koetztal.de\/fr\/wp-json\/wp\/v2\/product_tag?post=61677"}],"curies":[{"name":"wp","href":"https:\/\/api.w.org\/{rel}","templated":true}]}}