{"id":61358,"date":"2024-05-06T17:50:52","date_gmt":"2024-05-06T15:50:52","guid":{"rendered":"https:\/\/www.klb-koetztal.de\/produkt\/klb-system-acryl-ac-20\/"},"modified":"2026-03-16T14:06:54","modified_gmt":"2026-03-16T13:06:54","slug":"klb-system-acryl-ac-20","status":"publish","type":"product","link":"https:\/\/dev.klb-koetztal.de\/fr\/produkt\/klb-system-acryl-ac-20\/","title":{"rendered":"KLB-SYSTEM ACRYL AC 20"},"content":{"rendered":"","protected":false},"excerpt":{"rendered":"<p>Primaire en PMMA \u00e0 faible viscosit\u00e9 et \u00e0 durcissement rapide pour les substrats min\u00e9raux et les rev\u00eatements ult\u00e9rieurs en PMMA.<br \/>\nLa poudre de durcissement doit \u00eatre command\u00e9e s\u00e9par\u00e9ment !<br \/>\n&#160;<\/p>\n","protected":false},"featured_media":50267,"template":"","meta":{"_acf_changed":false},"product_brand":[],"product_cat":[10040,10110,10042,10112],"product_tag":[],"class_list":{"0":"post-61358","1":"product","2":"type-product","3":"status-publish","4":"has-post-thumbnail","6":"product_cat-couches-de-fond","7":"product_cat-couches-de-fond_couches-de-fond-pmma","8":"product_cat-revetements","9":"product_cat-revetements_revetements-et-scellement-de-finition-pmma","11":"first","12":"instock","13":"shipping-taxable","14":"product-type-simple"},"acf":{"product_header":{"module_product_header":{"":null,"prototype_headline":{"headline":"KLB-SYSTEM ACRYL AC 20","h1":true,"subheadline":"Primaire en PMMA \u00e0 2 composants, \u00e0 durcissement rapide et \u00e0 faible viscosit\u00e9","anchor":"","url":""},"grid_text_slider":false,"grid_text_content":[{"text":"<p class=\"product-short-title\" style=\"text-align: center;\"><strong>Br\u00e8ve description<\/strong><\/p>\n<p>Primaire en PMMA \u00e0 faible viscosit\u00e9 et \u00e0 durcissement rapide pour les substrats min\u00e9raux et les rev\u00eatements ult\u00e9rieurs en PMMA.<\/p>\n<p>La poudre de durcissement doit \u00eatre command\u00e9e s\u00e9par\u00e9ment !<\/p>\n<p>&#160;<\/p>\n","width":"4","background_color_text":"bg-white","border_color":"border-gray-light"},{"text":"<p class=\"product-sicing-title\" style=\"text-align: center;\"><strong>Unit\u00e9s d'emballage<\/strong><\/p>\n<ul>\n<li>AK0002-92 &#8211; Combinaison Bo\u00eete 1,00 kg<\/li>\n<li>MA0102-52 &#8211; Bidon 10,00 kg<\/li>\n<li>MA0102-25 &#8211; Hobbock 25,00 kg<\/li>\n<li>MA0102-02 &#8211; F\u00fbt 190,00 kg<\/li>\n<\/ul>\n<p><\/p>\n<p>N&rsquo;h\u00e9sitez pas \u00e0 contacter directement pour toute demande concernant des quantit\u00e9s de livraison ou des unit\u00e9s de conditionnement plus importantes.<\/p>\n\n","width":"4","background_color_text":"bg-white","border_color":"border-gray-light"},{"text":"<p class=\"product-attr-title\" style=\"text-align: center;\"><strong>Propri\u00e9t\u00e9s<\/strong><\/p>\n<ul>\n<li>\u00e0 durcissement tr\u00e8s rapide<\/li>\n<li>bonne r\u00e9sistance \u00e0 l&rsquo;eau et aux produits chimiques<\/li>\n<li>durcit \u00e0 basses temp\u00e9ratures<\/li>\n<li>recouvrable apr\u00e8s 1 heure<\/li>\n<li>remplissable pour l&rsquo;\u00e9galisation des rugosit\u00e9s<\/li>\n<li>sans solvant<\/li>\n<li>exempt de substances susceptibles d&rsquo;endommager les vernis<\/li>\n<li>adapt\u00e9 pour les travaux de r\u00e9novation<\/li>\n<\/ul>\n","width":"4","background_color_text":"bg-white","border_color":"border-gray-light"}],"background_color":"bg-none","background_color_content":"bg-none"}},"downloads":{"module_download_list":{"inhalt":null,"downloads":[{"download":{"ID":56371,"id":56371,"title":"AC_20_PI_fr_2023_05","filename":"AC_20_PI_fr_2023_05.pdf","filesize":267154,"url":"https:\/\/dev.klb-koetztal.de\/app\/uploads\/2023\/05\/AC_20_PI_fr_2023_05.pdf","link":"https:\/\/dev.klb-koetztal.de\/fr\/?attachment_id=56371","alt":"","author":"7","description":"","caption":"","name":"ac_20_pi_fr_2023_05-2","status":"inherit","uploaded_to":0,"date":"2023-05-16 15:40:10","modified":"2023-05-16 15:40:10","menu_order":0,"mime_type":"application\/pdf","type":"application","subtype":"pdf","icon":"https:\/\/dev.klb-koetztal.de\/wp\/wp-includes\/images\/media\/document.png"},"filename":"Information produit","protected":false,"doclang":"FR","externalkey":"Produktinformation","docpos":"3"},{"download":{"ID":67716,"id":67716,"title":"AC20_Umwelt-Deklaration_2025-10","filename":"AC20_Umwelt-Deklaration_2025-10.pdf","filesize":1691279,"url":"https:\/\/dev.klb-koetztal.de\/app\/uploads\/2025\/10\/AC20_Umwelt-Deklaration_2025-10.pdf","link":"https:\/\/dev.klb-koetztal.de\/fr\/?attachment_id=67716","alt":"","author":"7","description":"","caption":"","name":"ac20_umwelt-deklaration_2025-10-2","status":"inherit","uploaded_to":0,"date":"2025-10-16 09:00:54","modified":"2025-10-16 09:00:54","menu_order":0,"mime_type":"application\/pdf","type":"application","subtype":"pdf","icon":"https:\/\/dev.klb-koetztal.de\/wp\/wp-includes\/images\/media\/document.png"},"filename":"D\u00e9clarations de produit environnemental (EPD)","protected":false,"doclang":"Multi","externalkey":"Umweltproduktdeklaration","docpos":"50"},{"download":false,"filename":"Fiche de donn\u00e9es de s\u00e9curit\u00e9","protected":true,"doclang":"FR","externalkey":"Sicherheitsdatenblatt","docpos":"3"}],"einstellungen":null,"background_color":"bg-none","background_color_content":"bg-none"}},"included_in_systems":{"module_included_in_systems":{"":null,"background_color":"bg-gray-medium","background_color_content":"bg-none"}},"contact":{"module_contact":{"":null,"background_color":"bg-none","background_color_content":"bg-none"}},"ausschreibende":{"module_ausschreibende":{"andern_sie_den_inhalt_unter_universelle_elemente":null,"background_color":"bg-none","background_color_content":"bg-none"}}},"yoast_head":"<!-- This site is optimized with the Yoast SEO plugin v27.0 - https:\/\/yoast.com\/product\/yoast-seo-wordpress\/ -->\n<title>Primaire AC 20 durcissant rapide, faible viscosit\u00e9 | KLB K\u00f6tztal<\/title>\n<meta name=\"description\" content=\"Primaire AC 20 sans solvant, incolore, \u00e0 durcissement rapide, base PMMA sur les chapes et b\u00e9ton | KLB rev\u00eatements \u2714\ufe0f utiliser \u00e0 des temp\u00e9ratures basses\" \/>\n<meta name=\"robots\" content=\"noindex, follow, max-snippet:-1, max-image-preview:large, max-video-preview:-1\" \/>\n<meta property=\"og:locale\" content=\"fr_FR\" \/>\n<meta property=\"og:type\" content=\"article\" \/>\n<meta property=\"og:title\" content=\"Primaire AC 20 durcissant rapide, faible viscosit\u00e9 | KLB K\u00f6tztal\" \/>\n<meta property=\"og:description\" content=\"Primaire AC 20 sans solvant, incolore, \u00e0 durcissement rapide, base PMMA sur les chapes et b\u00e9ton | KLB rev\u00eatements \u2714\ufe0f utiliser \u00e0 des temp\u00e9ratures basses\" \/>\n<meta property=\"og:url\" content=\"https:\/\/dev.klb-koetztal.de\/fr\/produkt\/klb-system-acryl-ac-20\/\" \/>\n<meta property=\"og:site_name\" content=\"KLB K\u00f6tztal\" \/>\n<meta property=\"article:publisher\" content=\"https:\/\/www.facebook.com\/klbkoetztal\" \/>\n<meta property=\"article:modified_time\" content=\"2026-03-16T13:06:54+00:00\" \/>\n<meta property=\"og:image\" content=\"https:\/\/dev.klb-koetztal.de\/app\/uploads\/2022\/03\/AC20.jpg\" \/>\n\t<meta property=\"og:image:width\" content=\"500\" \/>\n\t<meta property=\"og:image:height\" content=\"500\" \/>\n\t<meta property=\"og:image:type\" content=\"image\/jpeg\" \/>\n<meta name=\"twitter:card\" content=\"summary_large_image\" \/>\n<script type=\"application\/ld+json\" class=\"yoast-schema-graph\">{\"@context\":\"https:\/\/schema.org\",\"@graph\":[{\"@type\":\"WebPage\",\"@id\":\"https:\/\/dev.klb-koetztal.de\/fr\/produkt\/klb-system-acryl-ac-20\/\",\"url\":\"https:\/\/dev.klb-koetztal.de\/fr\/produkt\/klb-system-acryl-ac-20\/\",\"name\":\"Primaire AC 20 durcissant rapide, faible viscosit\u00e9 | KLB K\u00f6tztal\",\"isPartOf\":{\"@id\":\"https:\/\/dev.klb-koetztal.de\/fr\/#website\"},\"primaryImageOfPage\":{\"@id\":\"https:\/\/dev.klb-koetztal.de\/fr\/produkt\/klb-system-acryl-ac-20\/#primaryimage\"},\"image\":{\"@id\":\"https:\/\/dev.klb-koetztal.de\/fr\/produkt\/klb-system-acryl-ac-20\/#primaryimage\"},\"thumbnailUrl\":\"https:\/\/dev.klb-koetztal.de\/app\/uploads\/2022\/03\/AC20.jpg\",\"datePublished\":\"2024-05-06T15:50:52+00:00\",\"dateModified\":\"2026-03-16T13:06:54+00:00\",\"description\":\"Primaire AC 20 sans solvant, incolore, \u00e0 durcissement rapide, base PMMA sur les chapes et b\u00e9ton | KLB rev\u00eatements \u2714\ufe0f utiliser \u00e0 des temp\u00e9ratures basses\",\"breadcrumb\":{\"@id\":\"https:\/\/dev.klb-koetztal.de\/fr\/produkt\/klb-system-acryl-ac-20\/#breadcrumb\"},\"inLanguage\":\"fr-FR\",\"potentialAction\":[{\"@type\":\"ReadAction\",\"target\":[\"https:\/\/dev.klb-koetztal.de\/fr\/produkt\/klb-system-acryl-ac-20\/\"]}]},{\"@type\":\"ImageObject\",\"inLanguage\":\"fr-FR\",\"@id\":\"https:\/\/dev.klb-koetztal.de\/fr\/produkt\/klb-system-acryl-ac-20\/#primaryimage\",\"url\":\"https:\/\/dev.klb-koetztal.de\/app\/uploads\/2022\/03\/AC20.jpg\",\"contentUrl\":\"https:\/\/dev.klb-koetztal.de\/app\/uploads\/2022\/03\/AC20.jpg\",\"width\":500,\"height\":500},{\"@type\":\"BreadcrumbList\",\"@id\":\"https:\/\/dev.klb-koetztal.de\/fr\/produkt\/klb-system-acryl-ac-20\/#breadcrumb\",\"itemListElement\":[{\"@type\":\"ListItem\",\"position\":1,\"name\":\"Startseite\",\"item\":\"https:\/\/dev.klb-koetztal.de\/fr\/\"},{\"@type\":\"ListItem\",\"position\":2,\"name\":\"KLB-SYSTEM ACRYL AC 20\"}]},{\"@type\":\"WebSite\",\"@id\":\"https:\/\/dev.klb-koetztal.de\/fr\/#website\",\"url\":\"https:\/\/dev.klb-koetztal.de\/fr\/\",\"name\":\"KLB K\u00f6tztal\",\"description\":\"Gute B\u00f6den haben ein System.\",\"potentialAction\":[{\"@type\":\"SearchAction\",\"target\":{\"@type\":\"EntryPoint\",\"urlTemplate\":\"https:\/\/dev.klb-koetztal.de\/fr\/?s={search_term_string}\"},\"query-input\":{\"@type\":\"PropertyValueSpecification\",\"valueRequired\":true,\"valueName\":\"search_term_string\"}}],\"inLanguage\":\"fr-FR\"}]}<\/script>\n<!-- \/ Yoast SEO plugin. -->","yoast_head_json":{"title":"Primaire AC 20 durcissant rapide, faible viscosit\u00e9 | KLB K\u00f6tztal","description":"Primaire AC 20 sans solvant, incolore, \u00e0 durcissement rapide, base PMMA sur les chapes et b\u00e9ton | KLB rev\u00eatements \u2714\ufe0f utiliser \u00e0 des temp\u00e9ratures basses","robots":{"index":"noindex","follow":"follow","max-snippet":"max-snippet:-1","max-image-preview":"max-image-preview:large","max-video-preview":"max-video-preview:-1"},"og_locale":"fr_FR","og_type":"article","og_title":"Primaire AC 20 durcissant rapide, faible viscosit\u00e9 | KLB K\u00f6tztal","og_description":"Primaire AC 20 sans solvant, incolore, \u00e0 durcissement rapide, base PMMA sur les chapes et b\u00e9ton | KLB rev\u00eatements \u2714\ufe0f utiliser \u00e0 des temp\u00e9ratures basses","og_url":"https:\/\/dev.klb-koetztal.de\/fr\/produkt\/klb-system-acryl-ac-20\/","og_site_name":"KLB K\u00f6tztal","article_publisher":"https:\/\/www.facebook.com\/klbkoetztal","article_modified_time":"2026-03-16T13:06:54+00:00","og_image":[{"width":500,"height":500,"url":"https:\/\/dev.klb-koetztal.de\/app\/uploads\/2022\/03\/AC20.jpg","type":"image\/jpeg"}],"twitter_card":"summary_large_image","schema":{"@context":"https:\/\/schema.org","@graph":[{"@type":"WebPage","@id":"https:\/\/dev.klb-koetztal.de\/fr\/produkt\/klb-system-acryl-ac-20\/","url":"https:\/\/dev.klb-koetztal.de\/fr\/produkt\/klb-system-acryl-ac-20\/","name":"Primaire AC 20 durcissant rapide, faible viscosit\u00e9 | KLB K\u00f6tztal","isPartOf":{"@id":"https:\/\/dev.klb-koetztal.de\/fr\/#website"},"primaryImageOfPage":{"@id":"https:\/\/dev.klb-koetztal.de\/fr\/produkt\/klb-system-acryl-ac-20\/#primaryimage"},"image":{"@id":"https:\/\/dev.klb-koetztal.de\/fr\/produkt\/klb-system-acryl-ac-20\/#primaryimage"},"thumbnailUrl":"https:\/\/dev.klb-koetztal.de\/app\/uploads\/2022\/03\/AC20.jpg","datePublished":"2024-05-06T15:50:52+00:00","dateModified":"2026-03-16T13:06:54+00:00","description":"Primaire AC 20 sans solvant, incolore, \u00e0 durcissement rapide, base PMMA sur les chapes et b\u00e9ton | KLB rev\u00eatements \u2714\ufe0f utiliser \u00e0 des temp\u00e9ratures basses","breadcrumb":{"@id":"https:\/\/dev.klb-koetztal.de\/fr\/produkt\/klb-system-acryl-ac-20\/#breadcrumb"},"inLanguage":"fr-FR","potentialAction":[{"@type":"ReadAction","target":["https:\/\/dev.klb-koetztal.de\/fr\/produkt\/klb-system-acryl-ac-20\/"]}]},{"@type":"ImageObject","inLanguage":"fr-FR","@id":"https:\/\/dev.klb-koetztal.de\/fr\/produkt\/klb-system-acryl-ac-20\/#primaryimage","url":"https:\/\/dev.klb-koetztal.de\/app\/uploads\/2022\/03\/AC20.jpg","contentUrl":"https:\/\/dev.klb-koetztal.de\/app\/uploads\/2022\/03\/AC20.jpg","width":500,"height":500},{"@type":"BreadcrumbList","@id":"https:\/\/dev.klb-koetztal.de\/fr\/produkt\/klb-system-acryl-ac-20\/#breadcrumb","itemListElement":[{"@type":"ListItem","position":1,"name":"Startseite","item":"https:\/\/dev.klb-koetztal.de\/fr\/"},{"@type":"ListItem","position":2,"name":"KLB-SYSTEM ACRYL AC 20"}]},{"@type":"WebSite","@id":"https:\/\/dev.klb-koetztal.de\/fr\/#website","url":"https:\/\/dev.klb-koetztal.de\/fr\/","name":"KLB K\u00f6tztal","description":"Gute B\u00f6den haben ein System.","potentialAction":[{"@type":"SearchAction","target":{"@type":"EntryPoint","urlTemplate":"https:\/\/dev.klb-koetztal.de\/fr\/?s={search_term_string}"},"query-input":{"@type":"PropertyValueSpecification","valueRequired":true,"valueName":"search_term_string"}}],"inLanguage":"fr-FR"}]}},"_links":{"self":[{"href":"https:\/\/dev.klb-koetztal.de\/fr\/wp-json\/wp\/v2\/product\/61358","targetHints":{"allow":["GET"]}}],"collection":[{"href":"https:\/\/dev.klb-koetztal.de\/fr\/wp-json\/wp\/v2\/product"}],"about":[{"href":"https:\/\/dev.klb-koetztal.de\/fr\/wp-json\/wp\/v2\/types\/product"}],"wp:featuredmedia":[{"embeddable":true,"href":"https:\/\/dev.klb-koetztal.de\/fr\/wp-json\/wp\/v2\/media\/50267"}],"wp:attachment":[{"href":"https:\/\/dev.klb-koetztal.de\/fr\/wp-json\/wp\/v2\/media?parent=61358"}],"wp:term":[{"taxonomy":"product_brand","embeddable":true,"href":"https:\/\/dev.klb-koetztal.de\/fr\/wp-json\/wp\/v2\/product_brand?post=61358"},{"taxonomy":"product_cat","embeddable":true,"href":"https:\/\/dev.klb-koetztal.de\/fr\/wp-json\/wp\/v2\/product_cat?post=61358"},{"taxonomy":"product_tag","embeddable":true,"href":"https:\/\/dev.klb-koetztal.de\/fr\/wp-json\/wp\/v2\/product_tag?post=61358"}],"curies":[{"name":"wp","href":"https:\/\/api.w.org\/{rel}","templated":true}]}}