{"id":61183,"date":"2024-04-19T09:55:12","date_gmt":"2024-04-19T07:55:12","guid":{"rendered":"https:\/\/www.klb-koetztal.de\/produkt\/klb-system-polyurethan-pu-405\/"},"modified":"2026-02-25T12:31:34","modified_gmt":"2026-02-25T11:31:34","slug":"klb-system-polyurethan-pu-405","status":"publish","type":"product","link":"https:\/\/dev.klb-koetztal.de\/fr\/produkt\/klb-system-polyurethan-pu-405\/","title":{"rendered":"KLB-SYSTEM POLYURETHAN PU 405"},"content":{"rendered":"","protected":false},"excerpt":{"rendered":"<p>Rev\u00eatement en polyur\u00e9thane \u00e0 2 composants, \u00e0 faible \u00e9mission et \u00e9lastique pour les rev\u00eatements de sol d\u00e9coratifs qui sont&#160;largement stables \u00e0 la lumi\u00e8re !&#160;KLB-SYSTEM POLYURETHAN PU 405 est destin\u00e9 \u00e0 la formation de rev\u00eatements \u00e0 couleur&#160;claire appliqu\u00e9s sur les surfaces d\u00e9coratives int\u00e9rieures.<br \/>\nCe rev\u00eatement \u00e9lastique am\u00e9liore le confort sous le pied. Il est appliqu\u00e9 surtout \u00e0 l\u2019int\u00e9rieur, dans les domaines exigeant un aspect d\u00e9coratif, p. ex. les surfaces commerciales et habitables, les cabinets m\u00e9dicaux, les centres de bien-\u00eatre et de sant\u00e9 physique, les \u00e9coles etc. Le rev\u00eatement n\u2019est pas adapt\u00e9 pour les domaines industriels soumis \u00e0 des contraintes m\u00e9caniques importantes.<\/p>\n","protected":false},"featured_media":50110,"template":"","meta":{"_acf_changed":false},"product_brand":[],"product_cat":[10042,10047],"product_tag":[],"class_list":{"0":"post-61183","1":"product","2":"type-product","3":"status-publish","4":"has-post-thumbnail","6":"product_cat-revetements","7":"product_cat-revetements_revetements-en-polyurethane-a-2-composants-confortables","9":"first","10":"instock","11":"shipping-taxable","12":"product-type-simple"},"acf":{"product_header":{"module_product_header":{"":null,"prototype_headline":{"headline":"KLB-SYSTEM POLYURETHAN PU 405","h1":true,"subheadline":"Rev\u00eatement en polyur\u00e9thane \u00e0 2 composants, \u00e0 faible \u00e9mission et \u00e9lastique pour les rev\u00eatements de sol d\u00e9coratifs qui sont&#160;largement stables \u00e0 la lumi\u00e8re","anchor":"","url":""},"grid_text_slider":false,"grid_text_content":[{"text":"<p class=\"product-short-title\" style=\"text-align: center;\"><strong>Br\u00e8ve description<\/strong><\/p>\n<p>Rev\u00eatement en polyur\u00e9thane \u00e0 2 composants, \u00e0 faible \u00e9mission et \u00e9lastique pour les rev\u00eatements de sol d\u00e9coratifs qui sont&#160;largement stables \u00e0 la lumi\u00e8re !&#160;<strong>KLB-SYSTEM POLYURETHAN PU 405<\/strong> est destin\u00e9 \u00e0 la formation de rev\u00eatements \u00e0 couleur&#160;claire appliqu\u00e9s sur les surfaces d\u00e9coratives int\u00e9rieures.<\/p>\n<p>Ce rev\u00eatement \u00e9lastique am\u00e9liore le confort sous le pied. Il est appliqu\u00e9 surtout \u00e0 l\u2019int\u00e9rieur, dans les domaines exigeant un aspect d\u00e9coratif, p. ex. les surfaces commerciales et habitables, les cabinets m\u00e9dicaux, les centres de bien-\u00eatre et de sant\u00e9 physique, les \u00e9coles etc. Le rev\u00eatement n\u2019est pas adapt\u00e9 pour les domaines industriels soumis \u00e0 des contraintes m\u00e9caniques importantes.<\/p>\n","width":"4","background_color_text":"bg-white","border_color":"border-gray-light"},{"text":"<p class=\"product-sicing-title\" style=\"text-align: center;\"><strong>Unit\u00e9s d'emballage<\/strong><\/p>\n<ul>\n<li>AK6082-50 &#8211; Combinaison Seau 10,00 kg<\/li>\n<li>AK6082-30 &#8211; Combinaison Hobbock 30,00 kg<\/li>\n<\/ul>\n<p><\/p>\n<p>N&rsquo;h\u00e9sitez pas \u00e0 contacter directement pour toute demande concernant des quantit\u00e9s de livraison ou des unit\u00e9s de conditionnement plus importantes.<\/p>\n\n","width":"4","background_color_text":"bg-white","border_color":"border-gray-light"},{"text":"<p class=\"product-attr-title\" style=\"text-align: center;\"><strong>Propri\u00e9t\u00e9s<\/strong><\/p>\n<ul>\n<li>qualit\u00e9 contr\u00f4l\u00e9e, \u00e0 faible \u00e9mission<\/li>\n<li>conforme \u00e0 l&rsquo;AgBB et adapt\u00e9 aux salles de s\u00e9jour<\/li>\n<li>surface d\u00e9corative et attrayante<\/li>\n<li>en grande partie stable \u00e0 la lumi\u00e8re<\/li>\n<li>autolissant<\/li>\n<li>\u00e9lastique<\/li>\n<li>sans solvant<\/li>\n<li>exempt de substances susceptibles d&rsquo;endommager les vernis<\/li>\n<li>utilisation simple<\/li>\n<\/ul>\n","width":"4","background_color_text":"bg-white","border_color":"border-gray-light"}],"background_color":"bg-none","background_color_content":"bg-none"}},"downloads":{"module_download_list":{"inhalt":null,"downloads":[{"download":{"ID":68857,"id":68857,"title":"PU_405_PI_fr_2026_02","filename":"PU_405_PI_fr_2026_02.pdf","filesize":975323,"url":"https:\/\/dev.klb-koetztal.de\/app\/uploads\/2026\/02\/PU_405_PI_fr_2026_02.pdf","link":"https:\/\/dev.klb-koetztal.de\/fr\/?attachment_id=68857","alt":"","author":"7","description":"","caption":"","name":"pu_405_pi_fr_2026_02-2","status":"inherit","uploaded_to":0,"date":"2026-02-24 08:30:49","modified":"2026-02-24 08:30:49","menu_order":0,"mime_type":"application\/pdf","type":"application","subtype":"pdf","icon":"https:\/\/dev.klb-koetztal.de\/wp\/wp-includes\/images\/media\/document.png"},"filename":"Information produit","protected":false,"doclang":"FR","externalkey":"Produktinformation","docpos":"3"},{"download":{"ID":68254,"id":68254,"title":"PU_405_LE_en_2025_12","filename":"PU_405_LE_en_2025_12.pdf","filesize":604149,"url":"https:\/\/dev.klb-koetztal.de\/app\/uploads\/2025\/12\/PU_405_LE_en_2025_12.pdf","link":"https:\/\/dev.klb-koetztal.de\/fr\/?attachment_id=68254","alt":"","author":"7","description":"","caption":"","name":"pu_405_le_en_2025_12-2","status":"inherit","uploaded_to":0,"date":"2025-12-04 06:51:21","modified":"2025-12-04 06:51:21","menu_order":0,"mime_type":"application\/pdf","type":"application","subtype":"pdf","icon":"https:\/\/dev.klb-koetztal.de\/wp\/wp-includes\/images\/media\/document.png"},"filename":"Statement of performance","protected":false,"doclang":"GB","externalkey":"Leistungserklaerung","docpos":"2"},{"download":{"ID":68257,"id":68257,"title":"PU_405_LE_fr_2025_12","filename":"PU_405_LE_fr_2025_12.pdf","filesize":604447,"url":"https:\/\/dev.klb-koetztal.de\/app\/uploads\/2025\/12\/PU_405_LE_fr_2025_12.pdf","link":"https:\/\/dev.klb-koetztal.de\/fr\/?attachment_id=68257","alt":"","author":"7","description":"","caption":"","name":"pu_405_le_fr_2025_12-2","status":"inherit","uploaded_to":0,"date":"2025-12-04 06:51:23","modified":"2025-12-04 06:51:23","menu_order":0,"mime_type":"application\/pdf","type":"application","subtype":"pdf","icon":"https:\/\/dev.klb-koetztal.de\/wp\/wp-includes\/images\/media\/document.png"},"filename":"D\u00e9claration de performance","protected":false,"doclang":"FR","externalkey":"Leistungserklaerung","docpos":"3"},{"download":{"ID":51315,"id":51315,"title":"EPD-Information","filename":"PU405_Umwelt-Deklaration_2022-06.pdf","filesize":2560319,"url":"https:\/\/dev.klb-koetztal.de\/app\/uploads\/2022\/06\/PU405_Umwelt-Deklaration_2022-06.pdf","link":"https:\/\/dev.klb-koetztal.de\/fr\/?attachment_id=51315","alt":"","author":"7","description":"","caption":"","name":"pu405_umwelt-deklaration_2022-06","status":"inherit","uploaded_to":0,"date":"2022-06-30 12:32:56","modified":"2026-02-25 11:31:50","menu_order":0,"mime_type":"application\/pdf","type":"application","subtype":"pdf","icon":"https:\/\/dev.klb-koetztal.de\/wp\/wp-includes\/images\/media\/document.png"},"filename":"D\u00e9clarations de produit environnemental (EPD)","protected":false,"doclang":"Multi","externalkey":"Umweltproduktdeklaration","docpos":"50"},{"download":false,"filename":"Fiche de donn\u00e9es de s\u00e9curit\u00e9","protected":true,"doclang":"FR","externalkey":"Sicherheitsdatenblatt","docpos":"3"}],"einstellungen":null,"background_color":"bg-none","background_color_content":"bg-none"}},"included_in_systems":{"module_included_in_systems":{"":null,"background_color":"bg-gray-medium","background_color_content":"bg-none"}},"contact":{"module_contact":{"":null,"background_color":"bg-none","background_color_content":"bg-none"}},"ausschreibende":{"module_ausschreibende":{"andern_sie_den_inhalt_unter_universelle_elemente":null,"background_color":"bg-none","background_color_content":"bg-none"}}},"yoast_head":"<!-- This site is optimized with the Yoast SEO plugin v27.0 - https:\/\/yoast.com\/product\/yoast-seo-wordpress\/ -->\n<title>Rev\u00eatement PU 405 faible en \u00e9mission bicomp. | KLB K\u00f6tztal<\/title>\n<meta name=\"description\" content=\"Rev\u00eatement r\u00e9sine polyur\u00e9thane PU 405 faible en COV, \u00e9lastique pour sols de confort d\u00e9coratifs \u00e0 l&#039;int\u00e9rieur, p.ex. m\u00e9decins, \u00e9coles | KLB sol \u2714\ufe0f durable\" \/>\n<meta name=\"robots\" content=\"noindex, follow, max-snippet:-1, max-image-preview:large, max-video-preview:-1\" \/>\n<meta property=\"og:locale\" content=\"fr_FR\" \/>\n<meta property=\"og:type\" content=\"article\" \/>\n<meta property=\"og:title\" content=\"Rev\u00eatement PU 405 faible en \u00e9mission bicomp. | KLB K\u00f6tztal\" \/>\n<meta property=\"og:description\" content=\"Rev\u00eatement r\u00e9sine polyur\u00e9thane PU 405 faible en COV, \u00e9lastique pour sols de confort d\u00e9coratifs \u00e0 l&#039;int\u00e9rieur, p.ex. m\u00e9decins, \u00e9coles | KLB sol \u2714\ufe0f durable\" \/>\n<meta property=\"og:url\" content=\"https:\/\/dev.klb-koetztal.de\/fr\/produkt\/klb-system-polyurethan-pu-405\/\" \/>\n<meta property=\"og:site_name\" content=\"KLB K\u00f6tztal\" \/>\n<meta property=\"article:publisher\" content=\"https:\/\/www.facebook.com\/klbkoetztal\" \/>\n<meta property=\"article:modified_time\" content=\"2026-02-25T11:31:34+00:00\" \/>\n<meta property=\"og:image\" content=\"https:\/\/dev.klb-koetztal.de\/app\/uploads\/2022\/03\/PU405.jpg\" \/>\n\t<meta property=\"og:image:width\" content=\"500\" \/>\n\t<meta property=\"og:image:height\" content=\"500\" \/>\n\t<meta property=\"og:image:type\" content=\"image\/jpeg\" \/>\n<meta name=\"twitter:card\" content=\"summary_large_image\" \/>\n<script type=\"application\/ld+json\" class=\"yoast-schema-graph\">{\"@context\":\"https:\/\/schema.org\",\"@graph\":[{\"@type\":\"WebPage\",\"@id\":\"https:\/\/dev.klb-koetztal.de\/fr\/produkt\/klb-system-polyurethan-pu-405\/\",\"url\":\"https:\/\/dev.klb-koetztal.de\/fr\/produkt\/klb-system-polyurethan-pu-405\/\",\"name\":\"Rev\u00eatement PU 405 faible en \u00e9mission bicomp. | KLB K\u00f6tztal\",\"isPartOf\":{\"@id\":\"https:\/\/dev.klb-koetztal.de\/fr\/#website\"},\"primaryImageOfPage\":{\"@id\":\"https:\/\/dev.klb-koetztal.de\/fr\/produkt\/klb-system-polyurethan-pu-405\/#primaryimage\"},\"image\":{\"@id\":\"https:\/\/dev.klb-koetztal.de\/fr\/produkt\/klb-system-polyurethan-pu-405\/#primaryimage\"},\"thumbnailUrl\":\"https:\/\/dev.klb-koetztal.de\/app\/uploads\/2022\/03\/PU405.jpg\",\"datePublished\":\"2024-04-19T07:55:12+00:00\",\"dateModified\":\"2026-02-25T11:31:34+00:00\",\"description\":\"Rev\u00eatement r\u00e9sine polyur\u00e9thane PU 405 faible en COV, \u00e9lastique pour sols de confort d\u00e9coratifs \u00e0 l'int\u00e9rieur, p.ex. m\u00e9decins, \u00e9coles | KLB sol \u2714\ufe0f durable\",\"breadcrumb\":{\"@id\":\"https:\/\/dev.klb-koetztal.de\/fr\/produkt\/klb-system-polyurethan-pu-405\/#breadcrumb\"},\"inLanguage\":\"fr-FR\",\"potentialAction\":[{\"@type\":\"ReadAction\",\"target\":[\"https:\/\/dev.klb-koetztal.de\/fr\/produkt\/klb-system-polyurethan-pu-405\/\"]}]},{\"@type\":\"ImageObject\",\"inLanguage\":\"fr-FR\",\"@id\":\"https:\/\/dev.klb-koetztal.de\/fr\/produkt\/klb-system-polyurethan-pu-405\/#primaryimage\",\"url\":\"https:\/\/dev.klb-koetztal.de\/app\/uploads\/2022\/03\/PU405.jpg\",\"contentUrl\":\"https:\/\/dev.klb-koetztal.de\/app\/uploads\/2022\/03\/PU405.jpg\",\"width\":500,\"height\":500},{\"@type\":\"BreadcrumbList\",\"@id\":\"https:\/\/dev.klb-koetztal.de\/fr\/produkt\/klb-system-polyurethan-pu-405\/#breadcrumb\",\"itemListElement\":[{\"@type\":\"ListItem\",\"position\":1,\"name\":\"Startseite\",\"item\":\"https:\/\/dev.klb-koetztal.de\/fr\/\"},{\"@type\":\"ListItem\",\"position\":2,\"name\":\"KLB-SYSTEM POLYURETHAN PU 405\"}]},{\"@type\":\"WebSite\",\"@id\":\"https:\/\/dev.klb-koetztal.de\/fr\/#website\",\"url\":\"https:\/\/dev.klb-koetztal.de\/fr\/\",\"name\":\"KLB K\u00f6tztal\",\"description\":\"Gute B\u00f6den haben ein System.\",\"potentialAction\":[{\"@type\":\"SearchAction\",\"target\":{\"@type\":\"EntryPoint\",\"urlTemplate\":\"https:\/\/dev.klb-koetztal.de\/fr\/?s={search_term_string}\"},\"query-input\":{\"@type\":\"PropertyValueSpecification\",\"valueRequired\":true,\"valueName\":\"search_term_string\"}}],\"inLanguage\":\"fr-FR\"}]}<\/script>\n<!-- \/ Yoast SEO plugin. -->","yoast_head_json":{"title":"Rev\u00eatement PU 405 faible en \u00e9mission bicomp. | KLB K\u00f6tztal","description":"Rev\u00eatement r\u00e9sine polyur\u00e9thane PU 405 faible en COV, \u00e9lastique pour sols de confort d\u00e9coratifs \u00e0 l'int\u00e9rieur, p.ex. m\u00e9decins, \u00e9coles | KLB sol \u2714\ufe0f durable","robots":{"index":"noindex","follow":"follow","max-snippet":"max-snippet:-1","max-image-preview":"max-image-preview:large","max-video-preview":"max-video-preview:-1"},"og_locale":"fr_FR","og_type":"article","og_title":"Rev\u00eatement PU 405 faible en \u00e9mission bicomp. | KLB K\u00f6tztal","og_description":"Rev\u00eatement r\u00e9sine polyur\u00e9thane PU 405 faible en COV, \u00e9lastique pour sols de confort d\u00e9coratifs \u00e0 l'int\u00e9rieur, p.ex. m\u00e9decins, \u00e9coles | KLB sol \u2714\ufe0f durable","og_url":"https:\/\/dev.klb-koetztal.de\/fr\/produkt\/klb-system-polyurethan-pu-405\/","og_site_name":"KLB K\u00f6tztal","article_publisher":"https:\/\/www.facebook.com\/klbkoetztal","article_modified_time":"2026-02-25T11:31:34+00:00","og_image":[{"width":500,"height":500,"url":"https:\/\/dev.klb-koetztal.de\/app\/uploads\/2022\/03\/PU405.jpg","type":"image\/jpeg"}],"twitter_card":"summary_large_image","schema":{"@context":"https:\/\/schema.org","@graph":[{"@type":"WebPage","@id":"https:\/\/dev.klb-koetztal.de\/fr\/produkt\/klb-system-polyurethan-pu-405\/","url":"https:\/\/dev.klb-koetztal.de\/fr\/produkt\/klb-system-polyurethan-pu-405\/","name":"Rev\u00eatement PU 405 faible en \u00e9mission bicomp. | KLB K\u00f6tztal","isPartOf":{"@id":"https:\/\/dev.klb-koetztal.de\/fr\/#website"},"primaryImageOfPage":{"@id":"https:\/\/dev.klb-koetztal.de\/fr\/produkt\/klb-system-polyurethan-pu-405\/#primaryimage"},"image":{"@id":"https:\/\/dev.klb-koetztal.de\/fr\/produkt\/klb-system-polyurethan-pu-405\/#primaryimage"},"thumbnailUrl":"https:\/\/dev.klb-koetztal.de\/app\/uploads\/2022\/03\/PU405.jpg","datePublished":"2024-04-19T07:55:12+00:00","dateModified":"2026-02-25T11:31:34+00:00","description":"Rev\u00eatement r\u00e9sine polyur\u00e9thane PU 405 faible en COV, \u00e9lastique pour sols de confort d\u00e9coratifs \u00e0 l'int\u00e9rieur, p.ex. m\u00e9decins, \u00e9coles | KLB sol \u2714\ufe0f durable","breadcrumb":{"@id":"https:\/\/dev.klb-koetztal.de\/fr\/produkt\/klb-system-polyurethan-pu-405\/#breadcrumb"},"inLanguage":"fr-FR","potentialAction":[{"@type":"ReadAction","target":["https:\/\/dev.klb-koetztal.de\/fr\/produkt\/klb-system-polyurethan-pu-405\/"]}]},{"@type":"ImageObject","inLanguage":"fr-FR","@id":"https:\/\/dev.klb-koetztal.de\/fr\/produkt\/klb-system-polyurethan-pu-405\/#primaryimage","url":"https:\/\/dev.klb-koetztal.de\/app\/uploads\/2022\/03\/PU405.jpg","contentUrl":"https:\/\/dev.klb-koetztal.de\/app\/uploads\/2022\/03\/PU405.jpg","width":500,"height":500},{"@type":"BreadcrumbList","@id":"https:\/\/dev.klb-koetztal.de\/fr\/produkt\/klb-system-polyurethan-pu-405\/#breadcrumb","itemListElement":[{"@type":"ListItem","position":1,"name":"Startseite","item":"https:\/\/dev.klb-koetztal.de\/fr\/"},{"@type":"ListItem","position":2,"name":"KLB-SYSTEM POLYURETHAN PU 405"}]},{"@type":"WebSite","@id":"https:\/\/dev.klb-koetztal.de\/fr\/#website","url":"https:\/\/dev.klb-koetztal.de\/fr\/","name":"KLB K\u00f6tztal","description":"Gute B\u00f6den haben ein System.","potentialAction":[{"@type":"SearchAction","target":{"@type":"EntryPoint","urlTemplate":"https:\/\/dev.klb-koetztal.de\/fr\/?s={search_term_string}"},"query-input":{"@type":"PropertyValueSpecification","valueRequired":true,"valueName":"search_term_string"}}],"inLanguage":"fr-FR"}]}},"_links":{"self":[{"href":"https:\/\/dev.klb-koetztal.de\/fr\/wp-json\/wp\/v2\/product\/61183","targetHints":{"allow":["GET"]}}],"collection":[{"href":"https:\/\/dev.klb-koetztal.de\/fr\/wp-json\/wp\/v2\/product"}],"about":[{"href":"https:\/\/dev.klb-koetztal.de\/fr\/wp-json\/wp\/v2\/types\/product"}],"wp:featuredmedia":[{"embeddable":true,"href":"https:\/\/dev.klb-koetztal.de\/fr\/wp-json\/wp\/v2\/media\/50110"}],"wp:attachment":[{"href":"https:\/\/dev.klb-koetztal.de\/fr\/wp-json\/wp\/v2\/media?parent=61183"}],"wp:term":[{"taxonomy":"product_brand","embeddable":true,"href":"https:\/\/dev.klb-koetztal.de\/fr\/wp-json\/wp\/v2\/product_brand?post=61183"},{"taxonomy":"product_cat","embeddable":true,"href":"https:\/\/dev.klb-koetztal.de\/fr\/wp-json\/wp\/v2\/product_cat?post=61183"},{"taxonomy":"product_tag","embeddable":true,"href":"https:\/\/dev.klb-koetztal.de\/fr\/wp-json\/wp\/v2\/product_tag?post=61183"}],"curies":[{"name":"wp","href":"https:\/\/api.w.org\/{rel}","templated":true}]}}