{"id":60370,"date":"2024-03-05T08:25:33","date_gmt":"2024-03-05T07:25:33","guid":{"rendered":"https:\/\/www.klb-koetztal.de\/produkt\/klb-system-epoxid-ep-179\/"},"modified":"2026-02-25T11:32:04","modified_gmt":"2026-02-25T10:32:04","slug":"klb-system-epoxid-ep-179","status":"publish","type":"product","link":"https:\/\/dev.klb-koetztal.de\/fr\/produkt\/klb-system-epoxid-ep-179\/","title":{"rendered":"KLB-SYSTEM EPOXID EP 179"},"content":{"rendered":"","protected":false},"excerpt":{"rendered":"<p>R\u00e9sine \u00e9poxy \u00e0 2 composants, thixotrophe et incolore pour la r\u00e9alisation de mortiers stables pour les gorges arrondies ou triangulaires&#160;en sables naturels et color\u00e9s&#160;avec pores ferm\u00e9s.<br \/>\nSa consistance et qualit\u00e9 constantes permettent une rapide mise en oeuvre.&#160;La r\u00e9sine a une faible couleur inh\u00e9rente et, pour une r\u00e9sine \u00e9poxy, un faible jaunissement.<\/p>\n","protected":false},"featured_media":50567,"template":"","meta":{"_acf_changed":false},"product_brand":[],"product_cat":[10036,10113,10044],"product_tag":[],"class_list":{"0":"post-60370","1":"product","2":"type-product","3":"status-publish","4":"has-post-thumbnail","6":"product_cat-mortier-prefabrique-resines-pour-gorges-annulaires-resines-de-renovation-dinjection-et-de-joints","7":"product_cat-mortier-prefabrique-resines-pour-gorges-annulaires-resines-de-renovation-dinjection-et-de-joints_resines-pour-gorges-annulaires","8":"product_cat-liant-decor-scellement-de-finition-bouche-pores","10":"first","11":"instock","12":"shipping-taxable","13":"product-type-simple"},"acf":{"product_header":{"module_product_header":{"":null,"prototype_headline":{"headline":"KLB-SYSTEM EPOXID EP 179","h1":true,"subheadline":"R\u00e9sine \u00e9poxy bicomposante, thixotrope pour la r\u00e9alisation de gorges annulaires&#160;de sables&#160;color\u00e9s ou naturels","anchor":"","url":""},"grid_text_slider":false,"grid_text_content":[{"text":"<p class=\"product-short-title\" style=\"text-align: center;\"><strong>Br\u00e8ve description<\/strong><\/p>\n<p>R\u00e9sine \u00e9poxy \u00e0 2 composants, thixotrophe et incolore pour la r\u00e9alisation de mortiers stables pour les gorges arrondies ou triangulaires&#160;en sables naturels et color\u00e9s&#160;avec pores ferm\u00e9s.<\/p>\n<p>Sa consistance et qualit\u00e9 constantes permettent une rapide mise en oeuvre.&#160;La r\u00e9sine a une faible couleur inh\u00e9rente et, pour une r\u00e9sine \u00e9poxy, un faible jaunissement.<\/p>\n","width":"4","background_color_text":"bg-white","border_color":"border-gray-light"},{"text":"<p class=\"product-sicing-title\" style=\"text-align: center;\"><strong>Unit\u00e9s d'emballage<\/strong><\/p>\n<ul><\/ul>\n<p><\/p>\n<p>N&rsquo;h\u00e9sitez pas \u00e0 contacter directement pour toute demande concernant des quantit\u00e9s de livraison ou des unit\u00e9s de conditionnement plus importantes.<\/p>\n\n","width":"4","background_color_text":"bg-white","border_color":"border-gray-light"},{"text":"<p class=\"product-attr-title\" style=\"text-align: center;\"><strong>Propri\u00e9t\u00e9s<\/strong><\/p>\n<ul>\n<li>Total Solid selon GISCODE (m\u00e9thode d&rsquo;essai de \u00ab Deutsche Bauchemie \u00bb, l&rsquo;association all. pour la chimie de construction)<\/li>\n<li>consistance stable<\/li>\n<li>bouche-pores homog\u00e8ne<\/li>\n<li>r\u00e9sistant aux contraintes m\u00e9caniques<\/li>\n<li>adapt\u00e9 pour les zones humides<\/li>\n<li>bonne r\u00e9sistance chimique<\/li>\n<li>tr\u00e8s \u00e9conomique<\/li>\n<\/ul>\n","width":"4","background_color_text":"bg-white","border_color":"border-gray-light"}],"background_color":"bg-none","background_color_content":"bg-none"}},"downloads":{"module_download_list":{"inhalt":null,"downloads":[{"download":{"ID":54948,"id":54948,"title":"EP_179_PI_fr_2023_02","filename":"EP_179_PI_fr_2023_02.pdf","filesize":296223,"url":"https:\/\/dev.klb-koetztal.de\/app\/uploads\/2023\/02\/EP_179_PI_fr_2023_02.pdf","link":"https:\/\/dev.klb-koetztal.de\/fr\/?attachment_id=54948","alt":"","author":"7","description":"","caption":"","name":"ep_179_pi_fr_2023_02-2","status":"inherit","uploaded_to":0,"date":"2023-02-17 11:10:13","modified":"2023-02-17 11:10:13","menu_order":0,"mime_type":"application\/pdf","type":"application","subtype":"pdf","icon":"https:\/\/dev.klb-koetztal.de\/wp\/wp-includes\/images\/media\/document.png"},"filename":"Information produit","protected":false,"doclang":"FR","externalkey":"Produktinformation","docpos":"3"},{"download":{"ID":50568,"id":50568,"title":"Leistungserkl\u00e4rung - Statement of performance","filename":"EP179_LE_2013-04.pdf","filesize":170925,"url":"https:\/\/dev.klb-koetztal.de\/app\/uploads\/2022\/03\/EP179_LE_2013-04.pdf","link":"https:\/\/dev.klb-koetztal.de\/fr\/?attachment_id=50568","alt":"","author":"7","description":"","caption":"","name":"ep179_le_2013-04","status":"inherit","uploaded_to":0,"date":"2022-03-15 12:16:37","modified":"2026-02-25 10:32:14","menu_order":0,"mime_type":"application\/pdf","type":"application","subtype":"pdf","icon":"https:\/\/dev.klb-koetztal.de\/wp\/wp-includes\/images\/media\/document.png"},"filename":"D\u00e9claration de performance","protected":false,"doclang":"Multi","externalkey":"Leistungserklaerung","docpos":"50"},{"download":{"ID":51948,"id":51948,"title":"EP179_Umwelt-Deklaration_2022-08","filename":"EP179_Umwelt-Deklaration_2022-08.pdf","filesize":2902231,"url":"https:\/\/dev.klb-koetztal.de\/app\/uploads\/2022\/09\/EP179_Umwelt-Deklaration_2022-08.pdf","link":"https:\/\/dev.klb-koetztal.de\/fr\/?attachment_id=51948","alt":"","author":"7","description":"","caption":"","name":"ep179_umwelt-deklaration_2022-08-2","status":"inherit","uploaded_to":0,"date":"2022-09-01 09:05:39","modified":"2022-09-01 09:05:39","menu_order":0,"mime_type":"application\/pdf","type":"application","subtype":"pdf","icon":"https:\/\/dev.klb-koetztal.de\/wp\/wp-includes\/images\/media\/document.png"},"filename":"D\u00e9clarations de produit environnemental (EPD)","protected":false,"doclang":"Multi","externalkey":"Umweltproduktdeklaration","docpos":"50"},{"download":false,"filename":"Fiche de donn\u00e9es de s\u00e9curit\u00e9","protected":true,"doclang":"FR","externalkey":"Sicherheitsdatenblatt","docpos":"3"}],"einstellungen":null,"background_color":"bg-none","background_color_content":"bg-none"}},"included_in_systems":{"module_included_in_systems":{"":null,"background_color":"bg-gray-medium","background_color_content":"bg-none"}},"contact":{"module_contact":{"":null,"background_color":"bg-none","background_color_content":"bg-none"}},"ausschreibende":{"module_ausschreibende":{"andern_sie_den_inhalt_unter_universelle_elemente":null,"background_color":"bg-none","background_color_content":"bg-none"}}},"yoast_head":"<!-- This site is optimized with the Yoast SEO plugin v27.0 - https:\/\/yoast.com\/product\/yoast-seo-wordpress\/ -->\n<title>R\u00e9sine \u00e9poxy EP 179 bicomposante, stable, gorges annulaires | KLB<\/title>\n<meta name=\"description\" content=\"R\u00e9sine \u00e9poxy EP 179 thixotrope, incolore, jaunit l\u00e9g\u00e8rement | KLB rev\u00eatements \u2714\ufe0fgorges annulaires\/triangulaires de sables color\u00e9s\/naturels ferm\u00e9s en pores\" \/>\n<meta name=\"robots\" content=\"noindex, follow, max-snippet:-1, max-image-preview:large, max-video-preview:-1\" \/>\n<meta property=\"og:locale\" content=\"fr_FR\" \/>\n<meta property=\"og:type\" content=\"article\" \/>\n<meta property=\"og:title\" content=\"R\u00e9sine \u00e9poxy EP 179 bicomposante, stable, gorges annulaires | KLB\" \/>\n<meta property=\"og:description\" content=\"R\u00e9sine \u00e9poxy EP 179 thixotrope, incolore, jaunit l\u00e9g\u00e8rement | KLB rev\u00eatements \u2714\ufe0fgorges annulaires\/triangulaires de sables color\u00e9s\/naturels ferm\u00e9s en pores\" \/>\n<meta property=\"og:url\" content=\"https:\/\/dev.klb-koetztal.de\/fr\/produkt\/klb-system-epoxid-ep-179\/\" \/>\n<meta property=\"og:site_name\" content=\"KLB K\u00f6tztal\" \/>\n<meta property=\"article:publisher\" content=\"https:\/\/www.facebook.com\/klbkoetztal\" \/>\n<meta property=\"article:modified_time\" content=\"2026-02-25T10:32:04+00:00\" \/>\n<meta property=\"og:image\" content=\"https:\/\/dev.klb-koetztal.de\/app\/uploads\/2022\/03\/EP179.jpg\" \/>\n\t<meta property=\"og:image:width\" content=\"500\" \/>\n\t<meta property=\"og:image:height\" content=\"500\" \/>\n\t<meta property=\"og:image:type\" content=\"image\/jpeg\" \/>\n<meta name=\"twitter:card\" content=\"summary_large_image\" \/>\n<script type=\"application\/ld+json\" class=\"yoast-schema-graph\">{\"@context\":\"https:\/\/schema.org\",\"@graph\":[{\"@type\":\"WebPage\",\"@id\":\"https:\/\/dev.klb-koetztal.de\/fr\/produkt\/klb-system-epoxid-ep-179\/\",\"url\":\"https:\/\/dev.klb-koetztal.de\/fr\/produkt\/klb-system-epoxid-ep-179\/\",\"name\":\"R\u00e9sine \u00e9poxy EP 179 bicomposante, stable, gorges annulaires | KLB\",\"isPartOf\":{\"@id\":\"https:\/\/dev.klb-koetztal.de\/fr\/#website\"},\"primaryImageOfPage\":{\"@id\":\"https:\/\/dev.klb-koetztal.de\/fr\/produkt\/klb-system-epoxid-ep-179\/#primaryimage\"},\"image\":{\"@id\":\"https:\/\/dev.klb-koetztal.de\/fr\/produkt\/klb-system-epoxid-ep-179\/#primaryimage\"},\"thumbnailUrl\":\"https:\/\/dev.klb-koetztal.de\/app\/uploads\/2022\/03\/EP179.jpg\",\"datePublished\":\"2024-03-05T07:25:33+00:00\",\"dateModified\":\"2026-02-25T10:32:04+00:00\",\"description\":\"R\u00e9sine \u00e9poxy EP 179 thixotrope, incolore, jaunit l\u00e9g\u00e8rement | KLB rev\u00eatements \u2714\ufe0fgorges annulaires\/triangulaires de sables color\u00e9s\/naturels ferm\u00e9s en pores\",\"breadcrumb\":{\"@id\":\"https:\/\/dev.klb-koetztal.de\/fr\/produkt\/klb-system-epoxid-ep-179\/#breadcrumb\"},\"inLanguage\":\"fr-FR\",\"potentialAction\":[{\"@type\":\"ReadAction\",\"target\":[\"https:\/\/dev.klb-koetztal.de\/fr\/produkt\/klb-system-epoxid-ep-179\/\"]}]},{\"@type\":\"ImageObject\",\"inLanguage\":\"fr-FR\",\"@id\":\"https:\/\/dev.klb-koetztal.de\/fr\/produkt\/klb-system-epoxid-ep-179\/#primaryimage\",\"url\":\"https:\/\/dev.klb-koetztal.de\/app\/uploads\/2022\/03\/EP179.jpg\",\"contentUrl\":\"https:\/\/dev.klb-koetztal.de\/app\/uploads\/2022\/03\/EP179.jpg\",\"width\":500,\"height\":500},{\"@type\":\"BreadcrumbList\",\"@id\":\"https:\/\/dev.klb-koetztal.de\/fr\/produkt\/klb-system-epoxid-ep-179\/#breadcrumb\",\"itemListElement\":[{\"@type\":\"ListItem\",\"position\":1,\"name\":\"Startseite\",\"item\":\"https:\/\/dev.klb-koetztal.de\/fr\/\"},{\"@type\":\"ListItem\",\"position\":2,\"name\":\"KLB-SYSTEM EPOXID EP 179\"}]},{\"@type\":\"WebSite\",\"@id\":\"https:\/\/dev.klb-koetztal.de\/fr\/#website\",\"url\":\"https:\/\/dev.klb-koetztal.de\/fr\/\",\"name\":\"KLB K\u00f6tztal\",\"description\":\"Gute B\u00f6den haben ein System.\",\"potentialAction\":[{\"@type\":\"SearchAction\",\"target\":{\"@type\":\"EntryPoint\",\"urlTemplate\":\"https:\/\/dev.klb-koetztal.de\/fr\/?s={search_term_string}\"},\"query-input\":{\"@type\":\"PropertyValueSpecification\",\"valueRequired\":true,\"valueName\":\"search_term_string\"}}],\"inLanguage\":\"fr-FR\"}]}<\/script>\n<!-- \/ Yoast SEO plugin. -->","yoast_head_json":{"title":"R\u00e9sine \u00e9poxy EP 179 bicomposante, stable, gorges annulaires | KLB","description":"R\u00e9sine \u00e9poxy EP 179 thixotrope, incolore, jaunit l\u00e9g\u00e8rement | KLB rev\u00eatements \u2714\ufe0fgorges annulaires\/triangulaires de sables color\u00e9s\/naturels ferm\u00e9s en pores","robots":{"index":"noindex","follow":"follow","max-snippet":"max-snippet:-1","max-image-preview":"max-image-preview:large","max-video-preview":"max-video-preview:-1"},"og_locale":"fr_FR","og_type":"article","og_title":"R\u00e9sine \u00e9poxy EP 179 bicomposante, stable, gorges annulaires | KLB","og_description":"R\u00e9sine \u00e9poxy EP 179 thixotrope, incolore, jaunit l\u00e9g\u00e8rement | KLB rev\u00eatements \u2714\ufe0fgorges annulaires\/triangulaires de sables color\u00e9s\/naturels ferm\u00e9s en pores","og_url":"https:\/\/dev.klb-koetztal.de\/fr\/produkt\/klb-system-epoxid-ep-179\/","og_site_name":"KLB K\u00f6tztal","article_publisher":"https:\/\/www.facebook.com\/klbkoetztal","article_modified_time":"2026-02-25T10:32:04+00:00","og_image":[{"width":500,"height":500,"url":"https:\/\/dev.klb-koetztal.de\/app\/uploads\/2022\/03\/EP179.jpg","type":"image\/jpeg"}],"twitter_card":"summary_large_image","schema":{"@context":"https:\/\/schema.org","@graph":[{"@type":"WebPage","@id":"https:\/\/dev.klb-koetztal.de\/fr\/produkt\/klb-system-epoxid-ep-179\/","url":"https:\/\/dev.klb-koetztal.de\/fr\/produkt\/klb-system-epoxid-ep-179\/","name":"R\u00e9sine \u00e9poxy EP 179 bicomposante, stable, gorges annulaires | KLB","isPartOf":{"@id":"https:\/\/dev.klb-koetztal.de\/fr\/#website"},"primaryImageOfPage":{"@id":"https:\/\/dev.klb-koetztal.de\/fr\/produkt\/klb-system-epoxid-ep-179\/#primaryimage"},"image":{"@id":"https:\/\/dev.klb-koetztal.de\/fr\/produkt\/klb-system-epoxid-ep-179\/#primaryimage"},"thumbnailUrl":"https:\/\/dev.klb-koetztal.de\/app\/uploads\/2022\/03\/EP179.jpg","datePublished":"2024-03-05T07:25:33+00:00","dateModified":"2026-02-25T10:32:04+00:00","description":"R\u00e9sine \u00e9poxy EP 179 thixotrope, incolore, jaunit l\u00e9g\u00e8rement | KLB rev\u00eatements \u2714\ufe0fgorges annulaires\/triangulaires de sables color\u00e9s\/naturels ferm\u00e9s en pores","breadcrumb":{"@id":"https:\/\/dev.klb-koetztal.de\/fr\/produkt\/klb-system-epoxid-ep-179\/#breadcrumb"},"inLanguage":"fr-FR","potentialAction":[{"@type":"ReadAction","target":["https:\/\/dev.klb-koetztal.de\/fr\/produkt\/klb-system-epoxid-ep-179\/"]}]},{"@type":"ImageObject","inLanguage":"fr-FR","@id":"https:\/\/dev.klb-koetztal.de\/fr\/produkt\/klb-system-epoxid-ep-179\/#primaryimage","url":"https:\/\/dev.klb-koetztal.de\/app\/uploads\/2022\/03\/EP179.jpg","contentUrl":"https:\/\/dev.klb-koetztal.de\/app\/uploads\/2022\/03\/EP179.jpg","width":500,"height":500},{"@type":"BreadcrumbList","@id":"https:\/\/dev.klb-koetztal.de\/fr\/produkt\/klb-system-epoxid-ep-179\/#breadcrumb","itemListElement":[{"@type":"ListItem","position":1,"name":"Startseite","item":"https:\/\/dev.klb-koetztal.de\/fr\/"},{"@type":"ListItem","position":2,"name":"KLB-SYSTEM EPOXID EP 179"}]},{"@type":"WebSite","@id":"https:\/\/dev.klb-koetztal.de\/fr\/#website","url":"https:\/\/dev.klb-koetztal.de\/fr\/","name":"KLB K\u00f6tztal","description":"Gute B\u00f6den haben ein System.","potentialAction":[{"@type":"SearchAction","target":{"@type":"EntryPoint","urlTemplate":"https:\/\/dev.klb-koetztal.de\/fr\/?s={search_term_string}"},"query-input":{"@type":"PropertyValueSpecification","valueRequired":true,"valueName":"search_term_string"}}],"inLanguage":"fr-FR"}]}},"_links":{"self":[{"href":"https:\/\/dev.klb-koetztal.de\/fr\/wp-json\/wp\/v2\/product\/60370","targetHints":{"allow":["GET"]}}],"collection":[{"href":"https:\/\/dev.klb-koetztal.de\/fr\/wp-json\/wp\/v2\/product"}],"about":[{"href":"https:\/\/dev.klb-koetztal.de\/fr\/wp-json\/wp\/v2\/types\/product"}],"wp:featuredmedia":[{"embeddable":true,"href":"https:\/\/dev.klb-koetztal.de\/fr\/wp-json\/wp\/v2\/media\/50567"}],"wp:attachment":[{"href":"https:\/\/dev.klb-koetztal.de\/fr\/wp-json\/wp\/v2\/media?parent=60370"}],"wp:term":[{"taxonomy":"product_brand","embeddable":true,"href":"https:\/\/dev.klb-koetztal.de\/fr\/wp-json\/wp\/v2\/product_brand?post=60370"},{"taxonomy":"product_cat","embeddable":true,"href":"https:\/\/dev.klb-koetztal.de\/fr\/wp-json\/wp\/v2\/product_cat?post=60370"},{"taxonomy":"product_tag","embeddable":true,"href":"https:\/\/dev.klb-koetztal.de\/fr\/wp-json\/wp\/v2\/product_tag?post=60370"}],"curies":[{"name":"wp","href":"https:\/\/api.w.org\/{rel}","templated":true}]}}