{"id":60359,"date":"2024-03-05T08:13:08","date_gmt":"2024-03-05T07:13:08","guid":{"rendered":"https:\/\/www.klb-koetztal.de\/produkt\/parking-systeme-de-protection-de-surface-klb-system-epoxid-ep-5530\/"},"modified":"2026-03-16T14:13:50","modified_gmt":"2026-03-16T13:13:50","slug":"parking-systeme-de-protection-de-surface-klb-system-epoxid-ep-5530","status":"publish","type":"product","link":"https:\/\/dev.klb-koetztal.de\/fr\/produkt\/parking-systeme-de-protection-de-surface-klb-system-epoxid-ep-5530\/","title":{"rendered":"PARKING syst\u00e8me de protection de surface&#160;KLB-SYSTEM EPOXID EP 5530"},"content":{"rendered":"","protected":false},"excerpt":{"rendered":"<p>Couche de fond syst\u00e8me en r\u00e9sine \u00e9poxy&#160;\u00e0 2 composants, pr\u00eate \u00e0 l&#8217;emploi et approuv\u00e9e pour les syst\u00e8mes de protection de surfaces&#160;OS 8, OS 11a\/b et OS 14 selon&#160;la directive DAfStb&#160;ou de maintenance TR. Convient aux substrats en b\u00e9ton normalement absorbants.&#160;Test\u00e9 contre les&#160;remont\u00e9es d\u2018humidit\u00e9 &#8211; 365 jours.<\/p>\n","protected":false},"featured_media":49550,"template":"","meta":{"_acf_changed":false},"product_brand":[],"product_cat":[10040,10041,10042,10066],"product_tag":[],"class_list":{"0":"post-60359","1":"product","2":"type-product","3":"status-publish","4":"has-post-thumbnail","6":"product_cat-couches-de-fond","7":"product_cat-couches-de-fond_couches-de-fond-en-resine-epoxyde-a-2-composants","8":"product_cat-revetements","9":"product_cat-revetements_revetements-dans-les-parkings-y-compris-a-durcissement-rapide","11":"first","12":"instock","13":"shipping-taxable","14":"product-type-simple"},"acf":{"product_header":{"module_product_header":{"":null,"prototype_headline":{"headline":"PARKING syst\u00e8me de protection de surface&#160;KLB-SYSTEM EPOXID EP 5530","h1":true,"subheadline":"Couche de fond en r\u00e9sine \u00e9poxy&#160;\u00e0 2 composants, pr\u00eate \u00e0 l'emploi pour les rev\u00eatements en r\u00e9sine \u00e9poxy et polyur\u00e9thane ainsi que pour les&#160;syst\u00e8mes de protection de surfaces (OS 8, OS 11a\/b et OS 14) selon la directive DAfStb et de maintenance TR","anchor":"","url":""},"grid_text_slider":false,"grid_text_content":[{"text":"<p class=\"product-short-title\" style=\"text-align: center;\"><strong>Br\u00e8ve description<\/strong><\/p>\n<p>Couche de fond syst\u00e8me en r\u00e9sine \u00e9poxy&#160;\u00e0 2 composants, pr\u00eate \u00e0 l&#8217;emploi et approuv\u00e9e pour les syst\u00e8mes de protection de surfaces&#160;OS 8, OS 11a\/b et OS 14 selon&#160;la directive DAfStb&#160;ou de maintenance TR. Convient aux substrats en b\u00e9ton normalement absorbants.&#160;Test\u00e9 contre les&#160;remont\u00e9es d\u2018humidit\u00e9 &#8211; 365 jours.<\/p>\n","width":"4","background_color_text":"bg-white","border_color":"border-gray-light"},{"text":"<p class=\"product-sicing-title\" style=\"text-align: center;\"><strong>Unit\u00e9s d'emballage<\/strong><\/p>\n<ul>\n<li>AK1333-51 &#8211; Combinaison Seau 12,00 kg<\/li>\n<li>AK1333-31 &#8211; Combinaison Hobbock 30,00 kg<\/li>\n<li>AK1333-02 &#8211; Combinaison F\u00fbt 1200,00 kg<\/li>\n<\/ul>\n<p><\/p>\n<p>N&rsquo;h\u00e9sitez pas \u00e0 contacter directement pour toute demande concernant des quantit\u00e9s de livraison ou des unit\u00e9s de conditionnement plus importantes.<\/p>\n\n","width":"4","background_color_text":"bg-white","border_color":"border-gray-light"},{"text":"<p class=\"product-attr-title\" style=\"text-align: center;\"><strong>Propri\u00e9t\u00e9s<\/strong><\/p>\n<ul>\n<li>pr\u00eat \u00e0 l&#8217;emploi<\/li>\n<li>\u00e0 durcissement rapide<\/li>\n<li>rapidement recouvrable<\/li>\n<li>bonne adh\u00e9rence interm\u00e9diaire<\/li>\n<li>Total Solid selon GISCODE (m\u00e9thode d&rsquo;essai de \u00ab Deutsche Bauchemie \u00bb, l&rsquo;association all. pour la chimie de construction)<\/li>\n<li>tr\u00e8s \u00e9conomique<\/li>\n<\/ul>\n","width":"4","background_color_text":"bg-white","border_color":"border-gray-light"}],"background_color":"bg-none","background_color_content":"bg-none"}},"downloads":{"module_download_list":{"inhalt":null,"downloads":[{"download":{"ID":68168,"id":68168,"title":"EP_5530_PI_fr_2025_11","filename":"EP_5530_PI_fr_2025_11.pdf","filesize":1313346,"url":"https:\/\/dev.klb-koetztal.de\/app\/uploads\/2025\/11\/EP_5530_PI_fr_2025_11.pdf","link":"https:\/\/dev.klb-koetztal.de\/fr\/?attachment_id=68168","alt":"","author":"7","description":"","caption":"","name":"ep_5530_pi_fr_2025_11-2","status":"inherit","uploaded_to":0,"date":"2025-11-28 07:20:50","modified":"2025-11-28 07:20:50","menu_order":0,"mime_type":"application\/pdf","type":"application","subtype":"pdf","icon":"https:\/\/dev.klb-koetztal.de\/wp\/wp-includes\/images\/media\/document.png"},"filename":"Information produit","protected":false,"doclang":"FR","externalkey":"Produktinformation","docpos":"3"},{"download":{"ID":67900,"id":67900,"title":"EP_5530_LE_en_2025_10","filename":"EP_5530_LE_en_2025_10.pdf","filesize":783649,"url":"https:\/\/dev.klb-koetztal.de\/app\/uploads\/2025\/10\/EP_5530_LE_en_2025_10.pdf","link":"https:\/\/dev.klb-koetztal.de\/fr\/?attachment_id=67900","alt":"","author":"7","description":"","caption":"","name":"ep_5530_le_en_2025_10-2","status":"inherit","uploaded_to":0,"date":"2025-10-31 12:40:41","modified":"2025-10-31 12:40:41","menu_order":0,"mime_type":"application\/pdf","type":"application","subtype":"pdf","icon":"https:\/\/dev.klb-koetztal.de\/wp\/wp-includes\/images\/media\/document.png"},"filename":"Statement of performance","protected":false,"doclang":"GB","externalkey":"Leistungserklaerung","docpos":"2"},{"download":{"ID":68035,"id":68035,"title":"EP_5530_LE_fr_2025_11","filename":"EP_5530_LE_fr_2025_11.pdf","filesize":682380,"url":"https:\/\/dev.klb-koetztal.de\/app\/uploads\/2025\/11\/EP_5530_LE_fr_2025_11.pdf","link":"https:\/\/dev.klb-koetztal.de\/fr\/?attachment_id=68035","alt":"","author":"7","description":"","caption":"","name":"ep_5530_le_fr_2025_11-2","status":"inherit","uploaded_to":0,"date":"2025-11-04 13:42:05","modified":"2025-11-04 13:42:05","menu_order":0,"mime_type":"application\/pdf","type":"application","subtype":"pdf","icon":"https:\/\/dev.klb-koetztal.de\/wp\/wp-includes\/images\/media\/document.png"},"filename":"D\u00e9claration de performance","protected":false,"doclang":"FR","externalkey":"Leistungserklaerung","docpos":"3"},{"download":{"ID":52068,"id":52068,"title":"EP5530_Umwelt-Deklaration_2022-08","filename":"EP5530_Umwelt-Deklaration_2022-08.pdf","filesize":4670082,"url":"https:\/\/dev.klb-koetztal.de\/app\/uploads\/2022\/09\/EP5530_Umwelt-Deklaration_2022-08.pdf","link":"https:\/\/dev.klb-koetztal.de\/fr\/?attachment_id=52068","alt":"","author":"7","description":"","caption":"","name":"ep5530_umwelt-deklaration_2022-08-2","status":"inherit","uploaded_to":0,"date":"2022-09-01 11:40:43","modified":"2022-09-01 11:40:43","menu_order":0,"mime_type":"application\/pdf","type":"application","subtype":"pdf","icon":"https:\/\/dev.klb-koetztal.de\/wp\/wp-includes\/images\/media\/document.png"},"filename":"D\u00e9clarations de produit environnemental (EPD)","protected":false,"doclang":"Multi","externalkey":"Umweltproduktdeklaration","docpos":"50"},{"download":false,"filename":"Fiche de donn\u00e9es de s\u00e9curit\u00e9","protected":true,"doclang":"FR","externalkey":"Sicherheitsdatenblatt","docpos":"3"}],"einstellungen":null,"background_color":"bg-none","background_color_content":"bg-none"}},"included_in_systems":{"module_included_in_systems":{"":null,"background_color":"bg-gray-medium","background_color_content":"bg-none"}},"contact":{"module_contact":{"":null,"background_color":"bg-none","background_color_content":"bg-none"}},"ausschreibende":{"module_ausschreibende":{"andern_sie_den_inhalt_unter_universelle_elemente":null,"background_color":"bg-none","background_color_content":"bg-none"}}},"yoast_head":"<!-- This site is optimized with the Yoast SEO plugin v27.0 - https:\/\/yoast.com\/product\/yoast-seo-wordpress\/ -->\n<title>Primaire EP 5530 en \u00e9poxy bicomp. pr\u00eat \u00e0 l&#039;emploi | KLB K\u00f6tztal<\/title>\n<meta name=\"description\" content=\"Couche de base EP 5530 pr\u00eate \u00e0 l&#039;emploi, sans retrait pour substrats en b\u00e9ton | KLB rev\u00eatements \u2714\ufe0f syst\u00e8mes de protection de surface OS 8, OS 11 a\/b, OS 14\" \/>\n<meta name=\"robots\" content=\"noindex, follow, max-snippet:-1, max-image-preview:large, max-video-preview:-1\" \/>\n<meta property=\"og:locale\" content=\"fr_FR\" \/>\n<meta property=\"og:type\" content=\"article\" \/>\n<meta property=\"og:title\" content=\"Primaire EP 5530 en \u00e9poxy bicomp. pr\u00eat \u00e0 l&#039;emploi | KLB K\u00f6tztal\" \/>\n<meta property=\"og:description\" content=\"Couche de base EP 5530 pr\u00eate \u00e0 l&#039;emploi, sans retrait pour substrats en b\u00e9ton | KLB rev\u00eatements \u2714\ufe0f syst\u00e8mes de protection de surface OS 8, OS 11 a\/b, OS 14\" \/>\n<meta property=\"og:url\" content=\"https:\/\/dev.klb-koetztal.de\/fr\/produkt\/parking-systeme-de-protection-de-surface-klb-system-epoxid-ep-5530\/\" \/>\n<meta property=\"og:site_name\" content=\"KLB K\u00f6tztal\" \/>\n<meta property=\"article:publisher\" content=\"https:\/\/www.facebook.com\/klbkoetztal\" \/>\n<meta property=\"article:modified_time\" content=\"2026-03-16T13:13:50+00:00\" \/>\n<meta property=\"og:image\" content=\"https:\/\/dev.klb-koetztal.de\/app\/uploads\/2022\/03\/EP5530.jpg\" \/>\n\t<meta property=\"og:image:width\" content=\"500\" \/>\n\t<meta property=\"og:image:height\" content=\"500\" \/>\n\t<meta property=\"og:image:type\" content=\"image\/jpeg\" \/>\n<meta name=\"twitter:card\" content=\"summary_large_image\" \/>\n<script type=\"application\/ld+json\" class=\"yoast-schema-graph\">{\"@context\":\"https:\/\/schema.org\",\"@graph\":[{\"@type\":\"WebPage\",\"@id\":\"https:\/\/dev.klb-koetztal.de\/fr\/produkt\/parking-systeme-de-protection-de-surface-klb-system-epoxid-ep-5530\/\",\"url\":\"https:\/\/dev.klb-koetztal.de\/fr\/produkt\/parking-systeme-de-protection-de-surface-klb-system-epoxid-ep-5530\/\",\"name\":\"Primaire EP 5530 en \u00e9poxy bicomp. pr\u00eat \u00e0 l'emploi | KLB K\u00f6tztal\",\"isPartOf\":{\"@id\":\"https:\/\/dev.klb-koetztal.de\/fr\/#website\"},\"primaryImageOfPage\":{\"@id\":\"https:\/\/dev.klb-koetztal.de\/fr\/produkt\/parking-systeme-de-protection-de-surface-klb-system-epoxid-ep-5530\/#primaryimage\"},\"image\":{\"@id\":\"https:\/\/dev.klb-koetztal.de\/fr\/produkt\/parking-systeme-de-protection-de-surface-klb-system-epoxid-ep-5530\/#primaryimage\"},\"thumbnailUrl\":\"https:\/\/dev.klb-koetztal.de\/app\/uploads\/2022\/03\/EP5530.jpg\",\"datePublished\":\"2024-03-05T07:13:08+00:00\",\"dateModified\":\"2026-03-16T13:13:50+00:00\",\"description\":\"Couche de base EP 5530 pr\u00eate \u00e0 l'emploi, sans retrait pour substrats en b\u00e9ton | KLB rev\u00eatements \u2714\ufe0f syst\u00e8mes de protection de surface OS 8, OS 11 a\/b, OS 14\",\"breadcrumb\":{\"@id\":\"https:\/\/dev.klb-koetztal.de\/fr\/produkt\/parking-systeme-de-protection-de-surface-klb-system-epoxid-ep-5530\/#breadcrumb\"},\"inLanguage\":\"fr-FR\",\"potentialAction\":[{\"@type\":\"ReadAction\",\"target\":[\"https:\/\/dev.klb-koetztal.de\/fr\/produkt\/parking-systeme-de-protection-de-surface-klb-system-epoxid-ep-5530\/\"]}]},{\"@type\":\"ImageObject\",\"inLanguage\":\"fr-FR\",\"@id\":\"https:\/\/dev.klb-koetztal.de\/fr\/produkt\/parking-systeme-de-protection-de-surface-klb-system-epoxid-ep-5530\/#primaryimage\",\"url\":\"https:\/\/dev.klb-koetztal.de\/app\/uploads\/2022\/03\/EP5530.jpg\",\"contentUrl\":\"https:\/\/dev.klb-koetztal.de\/app\/uploads\/2022\/03\/EP5530.jpg\",\"width\":500,\"height\":500},{\"@type\":\"BreadcrumbList\",\"@id\":\"https:\/\/dev.klb-koetztal.de\/fr\/produkt\/parking-systeme-de-protection-de-surface-klb-system-epoxid-ep-5530\/#breadcrumb\",\"itemListElement\":[{\"@type\":\"ListItem\",\"position\":1,\"name\":\"Startseite\",\"item\":\"https:\/\/dev.klb-koetztal.de\/fr\/\"},{\"@type\":\"ListItem\",\"position\":2,\"name\":\"PARKING syst\u00e8me de protection de surface&#160;KLB-SYSTEM EPOXID EP 5530\"}]},{\"@type\":\"WebSite\",\"@id\":\"https:\/\/dev.klb-koetztal.de\/fr\/#website\",\"url\":\"https:\/\/dev.klb-koetztal.de\/fr\/\",\"name\":\"KLB K\u00f6tztal\",\"description\":\"Gute B\u00f6den haben ein System.\",\"potentialAction\":[{\"@type\":\"SearchAction\",\"target\":{\"@type\":\"EntryPoint\",\"urlTemplate\":\"https:\/\/dev.klb-koetztal.de\/fr\/?s={search_term_string}\"},\"query-input\":{\"@type\":\"PropertyValueSpecification\",\"valueRequired\":true,\"valueName\":\"search_term_string\"}}],\"inLanguage\":\"fr-FR\"}]}<\/script>\n<!-- \/ Yoast SEO plugin. -->","yoast_head_json":{"title":"Primaire EP 5530 en \u00e9poxy bicomp. pr\u00eat \u00e0 l'emploi | KLB K\u00f6tztal","description":"Couche de base EP 5530 pr\u00eate \u00e0 l'emploi, sans retrait pour substrats en b\u00e9ton | KLB rev\u00eatements \u2714\ufe0f syst\u00e8mes de protection de surface OS 8, OS 11 a\/b, OS 14","robots":{"index":"noindex","follow":"follow","max-snippet":"max-snippet:-1","max-image-preview":"max-image-preview:large","max-video-preview":"max-video-preview:-1"},"og_locale":"fr_FR","og_type":"article","og_title":"Primaire EP 5530 en \u00e9poxy bicomp. pr\u00eat \u00e0 l'emploi | KLB K\u00f6tztal","og_description":"Couche de base EP 5530 pr\u00eate \u00e0 l'emploi, sans retrait pour substrats en b\u00e9ton | KLB rev\u00eatements \u2714\ufe0f syst\u00e8mes de protection de surface OS 8, OS 11 a\/b, OS 14","og_url":"https:\/\/dev.klb-koetztal.de\/fr\/produkt\/parking-systeme-de-protection-de-surface-klb-system-epoxid-ep-5530\/","og_site_name":"KLB K\u00f6tztal","article_publisher":"https:\/\/www.facebook.com\/klbkoetztal","article_modified_time":"2026-03-16T13:13:50+00:00","og_image":[{"width":500,"height":500,"url":"https:\/\/dev.klb-koetztal.de\/app\/uploads\/2022\/03\/EP5530.jpg","type":"image\/jpeg"}],"twitter_card":"summary_large_image","schema":{"@context":"https:\/\/schema.org","@graph":[{"@type":"WebPage","@id":"https:\/\/dev.klb-koetztal.de\/fr\/produkt\/parking-systeme-de-protection-de-surface-klb-system-epoxid-ep-5530\/","url":"https:\/\/dev.klb-koetztal.de\/fr\/produkt\/parking-systeme-de-protection-de-surface-klb-system-epoxid-ep-5530\/","name":"Primaire EP 5530 en \u00e9poxy bicomp. pr\u00eat \u00e0 l'emploi | KLB K\u00f6tztal","isPartOf":{"@id":"https:\/\/dev.klb-koetztal.de\/fr\/#website"},"primaryImageOfPage":{"@id":"https:\/\/dev.klb-koetztal.de\/fr\/produkt\/parking-systeme-de-protection-de-surface-klb-system-epoxid-ep-5530\/#primaryimage"},"image":{"@id":"https:\/\/dev.klb-koetztal.de\/fr\/produkt\/parking-systeme-de-protection-de-surface-klb-system-epoxid-ep-5530\/#primaryimage"},"thumbnailUrl":"https:\/\/dev.klb-koetztal.de\/app\/uploads\/2022\/03\/EP5530.jpg","datePublished":"2024-03-05T07:13:08+00:00","dateModified":"2026-03-16T13:13:50+00:00","description":"Couche de base EP 5530 pr\u00eate \u00e0 l'emploi, sans retrait pour substrats en b\u00e9ton | KLB rev\u00eatements \u2714\ufe0f syst\u00e8mes de protection de surface OS 8, OS 11 a\/b, OS 14","breadcrumb":{"@id":"https:\/\/dev.klb-koetztal.de\/fr\/produkt\/parking-systeme-de-protection-de-surface-klb-system-epoxid-ep-5530\/#breadcrumb"},"inLanguage":"fr-FR","potentialAction":[{"@type":"ReadAction","target":["https:\/\/dev.klb-koetztal.de\/fr\/produkt\/parking-systeme-de-protection-de-surface-klb-system-epoxid-ep-5530\/"]}]},{"@type":"ImageObject","inLanguage":"fr-FR","@id":"https:\/\/dev.klb-koetztal.de\/fr\/produkt\/parking-systeme-de-protection-de-surface-klb-system-epoxid-ep-5530\/#primaryimage","url":"https:\/\/dev.klb-koetztal.de\/app\/uploads\/2022\/03\/EP5530.jpg","contentUrl":"https:\/\/dev.klb-koetztal.de\/app\/uploads\/2022\/03\/EP5530.jpg","width":500,"height":500},{"@type":"BreadcrumbList","@id":"https:\/\/dev.klb-koetztal.de\/fr\/produkt\/parking-systeme-de-protection-de-surface-klb-system-epoxid-ep-5530\/#breadcrumb","itemListElement":[{"@type":"ListItem","position":1,"name":"Startseite","item":"https:\/\/dev.klb-koetztal.de\/fr\/"},{"@type":"ListItem","position":2,"name":"PARKING syst\u00e8me de protection de surface&#160;KLB-SYSTEM EPOXID EP 5530"}]},{"@type":"WebSite","@id":"https:\/\/dev.klb-koetztal.de\/fr\/#website","url":"https:\/\/dev.klb-koetztal.de\/fr\/","name":"KLB K\u00f6tztal","description":"Gute B\u00f6den haben ein System.","potentialAction":[{"@type":"SearchAction","target":{"@type":"EntryPoint","urlTemplate":"https:\/\/dev.klb-koetztal.de\/fr\/?s={search_term_string}"},"query-input":{"@type":"PropertyValueSpecification","valueRequired":true,"valueName":"search_term_string"}}],"inLanguage":"fr-FR"}]}},"_links":{"self":[{"href":"https:\/\/dev.klb-koetztal.de\/fr\/wp-json\/wp\/v2\/product\/60359","targetHints":{"allow":["GET"]}}],"collection":[{"href":"https:\/\/dev.klb-koetztal.de\/fr\/wp-json\/wp\/v2\/product"}],"about":[{"href":"https:\/\/dev.klb-koetztal.de\/fr\/wp-json\/wp\/v2\/types\/product"}],"wp:featuredmedia":[{"embeddable":true,"href":"https:\/\/dev.klb-koetztal.de\/fr\/wp-json\/wp\/v2\/media\/49550"}],"wp:attachment":[{"href":"https:\/\/dev.klb-koetztal.de\/fr\/wp-json\/wp\/v2\/media?parent=60359"}],"wp:term":[{"taxonomy":"product_brand","embeddable":true,"href":"https:\/\/dev.klb-koetztal.de\/fr\/wp-json\/wp\/v2\/product_brand?post=60359"},{"taxonomy":"product_cat","embeddable":true,"href":"https:\/\/dev.klb-koetztal.de\/fr\/wp-json\/wp\/v2\/product_cat?post=60359"},{"taxonomy":"product_tag","embeddable":true,"href":"https:\/\/dev.klb-koetztal.de\/fr\/wp-json\/wp\/v2\/product_tag?post=60359"}],"curies":[{"name":"wp","href":"https:\/\/api.w.org\/{rel}","templated":true}]}}