{"id":59950,"date":"2024-02-07T09:30:04","date_gmt":"2024-02-07T08:30:05","guid":{"rendered":"https:\/\/www.klb-koetztal.de\/produkt\/klb-naturapur-pu-435\/"},"modified":"2026-03-16T14:10:29","modified_gmt":"2026-03-16T13:10:29","slug":"klb-naturapur-pu-435","status":"publish","type":"product","link":"https:\/\/dev.klb-koetztal.de\/fr\/produkt\/klb-naturapur-pu-435\/","title":{"rendered":"KLB-NaturaPUR PU 435"},"content":{"rendered":"","protected":false},"excerpt":{"rendered":"<p>Rev\u00eatement de sol biosourc\u00e9, \u00e0 faible \u00b4emission et d\u00e9coratif de la nouvelle s\u00e9rie KLB-NaturaPUR avec les&#160;caract\u00e9ristiques similaires au linol\u00e9um pour les projets commerciaux ou priv\u00e9s.&#160;Avec une part \u00e9lev\u00e9e&#160;de mati\u00e8res premi\u00e8res biosourc\u00e9es et renouvelables. Peut \u00eatre install\u00e9 sans joints, \u00e9lastique et insonorisant. Rev\u00eatement \u00e9cologique et hautement d\u00e9coratif pour l&rsquo;int\u00e9rieur, disponible&#160;dans de nombreuses couleurs tendance.<\/p>\n","protected":false},"featured_media":59951,"template":"","meta":{"_acf_changed":false},"product_brand":[],"product_cat":[10042,10047],"product_tag":[],"class_list":{"0":"post-59950","1":"product","2":"type-product","3":"status-publish","4":"has-post-thumbnail","6":"product_cat-revetements","7":"product_cat-revetements_revetements-en-polyurethane-a-2-composants-confortables","9":"first","10":"instock","11":"shipping-taxable","12":"product-type-simple"},"acf":{"product_header":{"module_product_header":{"":null,"prototype_headline":{"headline":"KLB-NaturaPUR PU 435","h1":true,"subheadline":"Rev\u00eatement de sol d\u00e9coratif et&#160;\u00e0 faible \u00e9mission&#160;\u00e0 base de mati\u00e8res premi\u00e8res biosourc\u00e9es&#160;avec les caract\u00e9ristiques particuli\u00e8res du linol\u00e9um.","anchor":"","url":""},"grid_text_slider":false,"grid_text_content":[{"text":"<p class=\"product-short-title\" style=\"text-align: center;\"><strong>Br\u00e8ve description<\/strong><\/p>\n<p>Rev\u00eatement de sol biosourc\u00e9, \u00e0 faible \u00b4emission et d\u00e9coratif de la nouvelle s\u00e9rie <strong>KLB-NaturaPUR<\/strong> avec les&#160;caract\u00e9ristiques similaires au linol\u00e9um pour les projets commerciaux ou priv\u00e9s.&#160;Avec une part \u00e9lev\u00e9e&#160;de mati\u00e8res premi\u00e8res biosourc\u00e9es et renouvelables. Peut \u00eatre install\u00e9 sans joints, \u00e9lastique et insonorisant. Rev\u00eatement \u00e9cologique et hautement d\u00e9coratif pour l&rsquo;int\u00e9rieur, disponible&#160;dans de nombreuses couleurs tendance.<\/p>\n","width":"4","background_color_text":"bg-white","border_color":"border-gray-light"},{"text":"<p class=\"product-sicing-title\" style=\"text-align: center;\"><strong>Unit\u00e9s d'emballage<\/strong><\/p>\n<ul>\n<li>AK6225-50 &#8211; Combinaison Hobbock 12,00 kg<\/li>\n<li>AK6225-30 &#8211; Combinaison Hobbock 26,00 kg<\/li>\n<\/ul>\n<p><\/p>\n<p>N&rsquo;h\u00e9sitez pas \u00e0 contacter directement pour toute demande concernant des quantit\u00e9s de livraison ou des unit\u00e9s de conditionnement plus importantes.<\/p>\n\n","width":"4","background_color_text":"bg-white","border_color":"border-gray-light"},{"text":"<p class=\"product-attr-title\" style=\"text-align: center;\"><strong>Propri\u00e9t\u00e9s<\/strong><\/p>\n<ul>\n<li>qualit\u00e9 contr\u00f4l\u00e9e, \u00e0 faible \u00e9mission<\/li>\n<li>certifi\u00e9 selon EMICODE\u00ae  EC 1PLUS<\/li>\n<li>rev\u00eatement sans joint<\/li>\n<li>surface d\u00e9corative et attrayante<\/li>\n<li>respectueux de l&rsquo;environnement<\/li>\n<li>fabriqu\u00e9 \u00e0 partir de mati\u00e8res premi\u00e8res renouvelables<\/li>\n<li>\u00e9cologique<\/li>\n<li>isolant aux bruits d&rsquo;impact<\/li>\n<li>adapt\u00e9 pour des constructions de sol avec chauffage int\u00e9gr\u00e9<\/li>\n<li>bonne aptitude au nettoyage<\/li>\n<li>bonne r\u00e9sistance \u00e0 l&rsquo;eau et aux produits chimiques<\/li>\n<li>faible sensibilit\u00e9 aux taches<\/li>\n<li>facile \u00e0 entretenir<\/li>\n<li>r\u00e9sistant \u00e0 l&rsquo;usure<\/li>\n<li>peut \u00eatre d\u00e9sinfect\u00e9<\/li>\n<li>\u00e9lastique<\/li>\n<\/ul>\n","width":"4","background_color_text":"bg-white","border_color":"border-gray-light"}],"background_color":"bg-none","background_color_content":"bg-none"}},"downloads":{"module_download_list":{"inhalt":null,"downloads":[{"download":{"ID":68293,"id":68293,"title":"PU_435_NaturaPUR_PI_fr_2025_12","filename":"PU_435_NaturaPUR_PI_fr_2025_12.pdf","filesize":1809316,"url":"https:\/\/dev.klb-koetztal.de\/app\/uploads\/2025\/12\/PU_435_NaturaPUR_PI_fr_2025_12.pdf","link":"https:\/\/dev.klb-koetztal.de\/fr\/?attachment_id=68293","alt":"","author":"7","description":"","caption":"","name":"pu_435_naturapur_pi_fr_2025_12-2","status":"inherit","uploaded_to":0,"date":"2025-12-04 09:10:26","modified":"2025-12-04 09:10:26","menu_order":0,"mime_type":"application\/pdf","type":"application","subtype":"pdf","icon":"https:\/\/dev.klb-koetztal.de\/wp\/wp-includes\/images\/media\/document.png"},"filename":"Information produit","protected":false,"doclang":"FR","externalkey":"Produktinformation","docpos":"3"},{"download":{"ID":68263,"id":68263,"title":"PU_435_NaturaPUR_LE_en_2025_12","filename":"PU_435_NaturaPUR_LE_en_2025_12.pdf","filesize":632630,"url":"https:\/\/dev.klb-koetztal.de\/app\/uploads\/2025\/12\/PU_435_NaturaPUR_LE_en_2025_12.pdf","link":"https:\/\/dev.klb-koetztal.de\/fr\/?attachment_id=68263","alt":"","author":"7","description":"","caption":"","name":"pu_435_naturapur_le_en_2025_12-2","status":"inherit","uploaded_to":0,"date":"2025-12-04 07:01:13","modified":"2025-12-04 07:01:13","menu_order":0,"mime_type":"application\/pdf","type":"application","subtype":"pdf","icon":"https:\/\/dev.klb-koetztal.de\/wp\/wp-includes\/images\/media\/document.png"},"filename":"Statement of performance","protected":false,"doclang":"GB","externalkey":"Leistungserklaerung","docpos":"2"},{"download":{"ID":68266,"id":68266,"title":"PU_435_NaturaPUR_LE_fr_2025_12","filename":"PU_435_NaturaPUR_LE_fr_2025_12.pdf","filesize":855794,"url":"https:\/\/dev.klb-koetztal.de\/app\/uploads\/2025\/12\/PU_435_NaturaPUR_LE_fr_2025_12.pdf","link":"https:\/\/dev.klb-koetztal.de\/fr\/?attachment_id=68266","alt":"","author":"7","description":"","caption":"","name":"pu_435_naturapur_le_fr_2025_12-2","status":"inherit","uploaded_to":0,"date":"2025-12-04 07:01:15","modified":"2025-12-04 07:01:15","menu_order":0,"mime_type":"application\/pdf","type":"application","subtype":"pdf","icon":"https:\/\/dev.klb-koetztal.de\/wp\/wp-includes\/images\/media\/document.png"},"filename":"D\u00e9claration de performance","protected":false,"doclang":"FR","externalkey":"Leistungserklaerung","docpos":"3"},{"download":{"ID":60969,"id":60969,"title":"PU435_NaturaPUR_Umwelt-Deklaration_2024-04","filename":"PU435_NaturaPUR_Umwelt-Deklaration_2024-04.pdf","filesize":2559725,"url":"https:\/\/dev.klb-koetztal.de\/app\/uploads\/2024\/04\/PU435_NaturaPUR_Umwelt-Deklaration_2024-04.pdf","link":"https:\/\/dev.klb-koetztal.de\/fr\/?attachment_id=60969","alt":"","author":"7","description":"","caption":"","name":"pu435_naturapur_umwelt-deklaration_2024-04-2","status":"inherit","uploaded_to":0,"date":"2024-04-03 09:40:15","modified":"2024-04-03 09:40:15","menu_order":0,"mime_type":"application\/pdf","type":"application","subtype":"pdf","icon":"https:\/\/dev.klb-koetztal.de\/wp\/wp-includes\/images\/media\/document.png"},"filename":"D\u00e9clarations de produit environnemental (EPD)","protected":false,"doclang":"Multi","externalkey":"Umweltproduktdeklaration","docpos":"50"},{"download":false,"filename":"Fiche de donn\u00e9es de s\u00e9curit\u00e9","protected":true,"doclang":"FR","externalkey":"Sicherheitsdatenblatt","docpos":"3"},{"download":{"ID":60960,"id":60960,"title":"Farbkarte_FR_KLB-NaturaPUR_PU_435_03_2024_web","filename":"Farbkarte_FR_KLB-NaturaPUR_PU_435_03_2024_web.pdf","filesize":468370,"url":"https:\/\/dev.klb-koetztal.de\/app\/uploads\/2024\/04\/Farbkarte_FR_KLB-NaturaPUR_PU_435_03_2024_web.pdf","link":"https:\/\/dev.klb-koetztal.de\/fr\/?attachment_id=60960","alt":"","author":"7","description":"","caption":"","name":"farbkarte_fr_klb-naturapur_pu_435_03_2024_web-2-2","status":"inherit","uploaded_to":0,"date":"2024-04-03 09:00:20","modified":"2024-04-03 09:00:20","menu_order":0,"mime_type":"application\/pdf","type":"application","subtype":"pdf","icon":"https:\/\/dev.klb-koetztal.de\/wp\/wp-includes\/images\/media\/document.png"},"filename":"Nuanciers FR","protected":false,"doclang":"FR","externalkey":"Farbkarten","docpos":"3"}],"einstellungen":null,"background_color":"bg-none","background_color_content":"bg-none"}},"included_in_systems":{"module_included_in_systems":{"":null,"background_color":"bg-gray-medium","background_color_content":"bg-none"}},"contact":{"module_contact":{"":null,"background_color":"bg-none","background_color_content":"bg-none"}},"ausschreibende":{"module_ausschreibende":{"andern_sie_den_inhalt_unter_universelle_elemente":null,"background_color":"bg-none","background_color_content":"bg-none"}}},"yoast_head":"<!-- This site is optimized with the Yoast SEO plugin v27.0 - https:\/\/yoast.com\/product\/yoast-seo-wordpress\/ -->\n<title>Rev\u00eatement de sol \u00e9cologique KLB-NaturaPUR PU 435 | KLB K\u00f6tztal<\/title>\n<meta name=\"description\" content=\"Rev\u00eatement KLB-NaturaPUR PU 435 \u00e0 faible \u00e9mission d\u00e9coratif avec mati\u00e8res premi\u00e8res biosourc\u00e9es comme le linol\u00e9um \u2714\ufe0f insonorisant, confort de marche, sans COV\" \/>\n<meta name=\"robots\" content=\"noindex, follow, max-snippet:-1, max-image-preview:large, max-video-preview:-1\" \/>\n<meta property=\"og:locale\" content=\"fr_FR\" \/>\n<meta property=\"og:type\" content=\"article\" \/>\n<meta property=\"og:title\" content=\"Rev\u00eatement de sol \u00e9cologique KLB-NaturaPUR PU 435 | KLB K\u00f6tztal\" \/>\n<meta property=\"og:description\" content=\"Rev\u00eatement KLB-NaturaPUR PU 435 \u00e0 faible \u00e9mission d\u00e9coratif avec mati\u00e8res premi\u00e8res biosourc\u00e9es comme le linol\u00e9um \u2714\ufe0f insonorisant, confort de marche, sans COV\" \/>\n<meta property=\"og:url\" content=\"https:\/\/dev.klb-koetztal.de\/fr\/produkt\/klb-naturapur-pu-435\/\" \/>\n<meta property=\"og:site_name\" content=\"KLB K\u00f6tztal\" \/>\n<meta property=\"article:publisher\" content=\"https:\/\/www.facebook.com\/klbkoetztal\" \/>\n<meta property=\"article:modified_time\" content=\"2026-03-16T13:10:29+00:00\" \/>\n<meta property=\"og:image\" content=\"https:\/\/dev.klb-koetztal.de\/app\/uploads\/2024\/02\/KLB-NaturaPUR_PU_435_30kg_6kg_600px.jpg\" \/>\n\t<meta property=\"og:image:width\" content=\"600\" \/>\n\t<meta property=\"og:image:height\" content=\"600\" \/>\n\t<meta property=\"og:image:type\" content=\"image\/jpeg\" \/>\n<meta name=\"twitter:card\" content=\"summary_large_image\" \/>\n<script type=\"application\/ld+json\" class=\"yoast-schema-graph\">{\"@context\":\"https:\/\/schema.org\",\"@graph\":[{\"@type\":\"WebPage\",\"@id\":\"https:\/\/dev.klb-koetztal.de\/fr\/produkt\/klb-naturapur-pu-435\/\",\"url\":\"https:\/\/dev.klb-koetztal.de\/fr\/produkt\/klb-naturapur-pu-435\/\",\"name\":\"Rev\u00eatement de sol \u00e9cologique KLB-NaturaPUR PU 435 | KLB K\u00f6tztal\",\"isPartOf\":{\"@id\":\"https:\/\/dev.klb-koetztal.de\/fr\/#website\"},\"primaryImageOfPage\":{\"@id\":\"https:\/\/dev.klb-koetztal.de\/fr\/produkt\/klb-naturapur-pu-435\/#primaryimage\"},\"image\":{\"@id\":\"https:\/\/dev.klb-koetztal.de\/fr\/produkt\/klb-naturapur-pu-435\/#primaryimage\"},\"thumbnailUrl\":\"https:\/\/dev.klb-koetztal.de\/app\/uploads\/2024\/02\/KLB-NaturaPUR_PU_435_30kg_6kg_600px.jpg\",\"datePublished\":\"2024-02-07T08:30:05+00:00\",\"dateModified\":\"2026-03-16T13:10:29+00:00\",\"description\":\"Rev\u00eatement KLB-NaturaPUR PU 435 \u00e0 faible \u00e9mission d\u00e9coratif avec mati\u00e8res premi\u00e8res biosourc\u00e9es comme le linol\u00e9um \u2714\ufe0f insonorisant, confort de marche, sans COV\",\"breadcrumb\":{\"@id\":\"https:\/\/dev.klb-koetztal.de\/fr\/produkt\/klb-naturapur-pu-435\/#breadcrumb\"},\"inLanguage\":\"fr-FR\",\"potentialAction\":[{\"@type\":\"ReadAction\",\"target\":[\"https:\/\/dev.klb-koetztal.de\/fr\/produkt\/klb-naturapur-pu-435\/\"]}]},{\"@type\":\"ImageObject\",\"inLanguage\":\"fr-FR\",\"@id\":\"https:\/\/dev.klb-koetztal.de\/fr\/produkt\/klb-naturapur-pu-435\/#primaryimage\",\"url\":\"https:\/\/dev.klb-koetztal.de\/app\/uploads\/2024\/02\/KLB-NaturaPUR_PU_435_30kg_6kg_600px.jpg\",\"contentUrl\":\"https:\/\/dev.klb-koetztal.de\/app\/uploads\/2024\/02\/KLB-NaturaPUR_PU_435_30kg_6kg_600px.jpg\",\"width\":600,\"height\":600},{\"@type\":\"BreadcrumbList\",\"@id\":\"https:\/\/dev.klb-koetztal.de\/fr\/produkt\/klb-naturapur-pu-435\/#breadcrumb\",\"itemListElement\":[{\"@type\":\"ListItem\",\"position\":1,\"name\":\"Startseite\",\"item\":\"https:\/\/dev.klb-koetztal.de\/fr\/\"},{\"@type\":\"ListItem\",\"position\":2,\"name\":\"KLB-NaturaPUR PU 435\"}]},{\"@type\":\"WebSite\",\"@id\":\"https:\/\/dev.klb-koetztal.de\/fr\/#website\",\"url\":\"https:\/\/dev.klb-koetztal.de\/fr\/\",\"name\":\"KLB K\u00f6tztal\",\"description\":\"Gute B\u00f6den haben ein System.\",\"potentialAction\":[{\"@type\":\"SearchAction\",\"target\":{\"@type\":\"EntryPoint\",\"urlTemplate\":\"https:\/\/dev.klb-koetztal.de\/fr\/?s={search_term_string}\"},\"query-input\":{\"@type\":\"PropertyValueSpecification\",\"valueRequired\":true,\"valueName\":\"search_term_string\"}}],\"inLanguage\":\"fr-FR\"}]}<\/script>\n<!-- \/ Yoast SEO plugin. -->","yoast_head_json":{"title":"Rev\u00eatement de sol \u00e9cologique KLB-NaturaPUR PU 435 | KLB K\u00f6tztal","description":"Rev\u00eatement KLB-NaturaPUR PU 435 \u00e0 faible \u00e9mission d\u00e9coratif avec mati\u00e8res premi\u00e8res biosourc\u00e9es comme le linol\u00e9um \u2714\ufe0f insonorisant, confort de marche, sans COV","robots":{"index":"noindex","follow":"follow","max-snippet":"max-snippet:-1","max-image-preview":"max-image-preview:large","max-video-preview":"max-video-preview:-1"},"og_locale":"fr_FR","og_type":"article","og_title":"Rev\u00eatement de sol \u00e9cologique KLB-NaturaPUR PU 435 | KLB K\u00f6tztal","og_description":"Rev\u00eatement KLB-NaturaPUR PU 435 \u00e0 faible \u00e9mission d\u00e9coratif avec mati\u00e8res premi\u00e8res biosourc\u00e9es comme le linol\u00e9um \u2714\ufe0f insonorisant, confort de marche, sans COV","og_url":"https:\/\/dev.klb-koetztal.de\/fr\/produkt\/klb-naturapur-pu-435\/","og_site_name":"KLB K\u00f6tztal","article_publisher":"https:\/\/www.facebook.com\/klbkoetztal","article_modified_time":"2026-03-16T13:10:29+00:00","og_image":[{"width":600,"height":600,"url":"https:\/\/dev.klb-koetztal.de\/app\/uploads\/2024\/02\/KLB-NaturaPUR_PU_435_30kg_6kg_600px.jpg","type":"image\/jpeg"}],"twitter_card":"summary_large_image","schema":{"@context":"https:\/\/schema.org","@graph":[{"@type":"WebPage","@id":"https:\/\/dev.klb-koetztal.de\/fr\/produkt\/klb-naturapur-pu-435\/","url":"https:\/\/dev.klb-koetztal.de\/fr\/produkt\/klb-naturapur-pu-435\/","name":"Rev\u00eatement de sol \u00e9cologique KLB-NaturaPUR PU 435 | KLB K\u00f6tztal","isPartOf":{"@id":"https:\/\/dev.klb-koetztal.de\/fr\/#website"},"primaryImageOfPage":{"@id":"https:\/\/dev.klb-koetztal.de\/fr\/produkt\/klb-naturapur-pu-435\/#primaryimage"},"image":{"@id":"https:\/\/dev.klb-koetztal.de\/fr\/produkt\/klb-naturapur-pu-435\/#primaryimage"},"thumbnailUrl":"https:\/\/dev.klb-koetztal.de\/app\/uploads\/2024\/02\/KLB-NaturaPUR_PU_435_30kg_6kg_600px.jpg","datePublished":"2024-02-07T08:30:05+00:00","dateModified":"2026-03-16T13:10:29+00:00","description":"Rev\u00eatement KLB-NaturaPUR PU 435 \u00e0 faible \u00e9mission d\u00e9coratif avec mati\u00e8res premi\u00e8res biosourc\u00e9es comme le linol\u00e9um \u2714\ufe0f insonorisant, confort de marche, sans COV","breadcrumb":{"@id":"https:\/\/dev.klb-koetztal.de\/fr\/produkt\/klb-naturapur-pu-435\/#breadcrumb"},"inLanguage":"fr-FR","potentialAction":[{"@type":"ReadAction","target":["https:\/\/dev.klb-koetztal.de\/fr\/produkt\/klb-naturapur-pu-435\/"]}]},{"@type":"ImageObject","inLanguage":"fr-FR","@id":"https:\/\/dev.klb-koetztal.de\/fr\/produkt\/klb-naturapur-pu-435\/#primaryimage","url":"https:\/\/dev.klb-koetztal.de\/app\/uploads\/2024\/02\/KLB-NaturaPUR_PU_435_30kg_6kg_600px.jpg","contentUrl":"https:\/\/dev.klb-koetztal.de\/app\/uploads\/2024\/02\/KLB-NaturaPUR_PU_435_30kg_6kg_600px.jpg","width":600,"height":600},{"@type":"BreadcrumbList","@id":"https:\/\/dev.klb-koetztal.de\/fr\/produkt\/klb-naturapur-pu-435\/#breadcrumb","itemListElement":[{"@type":"ListItem","position":1,"name":"Startseite","item":"https:\/\/dev.klb-koetztal.de\/fr\/"},{"@type":"ListItem","position":2,"name":"KLB-NaturaPUR PU 435"}]},{"@type":"WebSite","@id":"https:\/\/dev.klb-koetztal.de\/fr\/#website","url":"https:\/\/dev.klb-koetztal.de\/fr\/","name":"KLB K\u00f6tztal","description":"Gute B\u00f6den haben ein System.","potentialAction":[{"@type":"SearchAction","target":{"@type":"EntryPoint","urlTemplate":"https:\/\/dev.klb-koetztal.de\/fr\/?s={search_term_string}"},"query-input":{"@type":"PropertyValueSpecification","valueRequired":true,"valueName":"search_term_string"}}],"inLanguage":"fr-FR"}]}},"_links":{"self":[{"href":"https:\/\/dev.klb-koetztal.de\/fr\/wp-json\/wp\/v2\/product\/59950","targetHints":{"allow":["GET"]}}],"collection":[{"href":"https:\/\/dev.klb-koetztal.de\/fr\/wp-json\/wp\/v2\/product"}],"about":[{"href":"https:\/\/dev.klb-koetztal.de\/fr\/wp-json\/wp\/v2\/types\/product"}],"wp:featuredmedia":[{"embeddable":true,"href":"https:\/\/dev.klb-koetztal.de\/fr\/wp-json\/wp\/v2\/media\/59951"}],"wp:attachment":[{"href":"https:\/\/dev.klb-koetztal.de\/fr\/wp-json\/wp\/v2\/media?parent=59950"}],"wp:term":[{"taxonomy":"product_brand","embeddable":true,"href":"https:\/\/dev.klb-koetztal.de\/fr\/wp-json\/wp\/v2\/product_brand?post=59950"},{"taxonomy":"product_cat","embeddable":true,"href":"https:\/\/dev.klb-koetztal.de\/fr\/wp-json\/wp\/v2\/product_cat?post=59950"},{"taxonomy":"product_tag","embeddable":true,"href":"https:\/\/dev.klb-koetztal.de\/fr\/wp-json\/wp\/v2\/product_tag?post=59950"}],"curies":[{"name":"wp","href":"https:\/\/api.w.org\/{rel}","templated":true}]}}