{"id":59875,"date":"2024-02-01T11:30:05","date_gmt":"2024-02-01T10:30:05","guid":{"rendered":"https:\/\/www.klb-koetztal.de\/produkt\/chemoresin-pu-beton-4094-kat\/"},"modified":"2026-02-25T12:30:40","modified_gmt":"2026-02-25T11:30:40","slug":"chemoresin-pu-beton-4094-kat","status":"publish","type":"product","link":"https:\/\/dev.klb-koetztal.de\/fr\/produkt\/chemoresin-pu-beton-4094-kat\/","title":{"rendered":"CHEMORESIN PU-BETON 4094 KAT"},"content":{"rendered":"","protected":false},"excerpt":{"rendered":"<p>CHEMORESIN PU-BETON 4094 KAT est un acc\u00e9l\u00e9rateur de r\u00e9action pour acc\u00e9l\u00e9rer les primaires, rev\u00eatements ou scellants de t\u00eate de la gamme PU-BETON. Acc\u00e9l\u00e8re la r\u00e9action de durcissement pour un recouvrement et une r\u00e9utilisation plus rapide, mais r\u00e9duit \u00e9galement la dur\u00e9e d&rsquo;utilisation.<br \/>\nRespecter imp\u00e9rativement le dosage indiqu\u00e9 dans les informations produit.<\/p>\n","protected":false},"featured_media":59876,"template":"","meta":{"_acf_changed":false},"product_brand":[],"product_cat":[10392,10049,10042,10118],"product_tag":[],"class_list":{"0":"post-59875","1":"product","2":"type-product","3":"status-publish","4":"has-post-thumbnail","6":"product_cat-chemoresin_revetements-couches-de-fonds-et-de-scellement-en-beton-polyurethane","7":"product_cat-chemoresin-3","8":"product_cat-revetements","9":"product_cat-revetements_revetements-couches-de-fonds-et-de-scellement-en-beton-polyurethane","11":"first","12":"instock","13":"shipping-taxable","14":"product-type-simple"},"acf":{"product_header":{"module_product_header":{"":null,"prototype_headline":{"headline":"CHEMORESIN PU-BETON 4094 KAT","h1":true,"subheadline":"Additif pour acc\u00e9l\u00e9rer le temps de durcissement et l'accessabilit\u00e9 pour les rev\u00eatements de la gamme CHEMORESIN PU-BETON","anchor":"","url":""},"grid_text_slider":false,"grid_text_content":[{"text":"<p class=\"product-short-title\" style=\"text-align: center;\"><strong>Br\u00e8ve description<\/strong><\/p>\n<p><strong>CHEMORESIN PU-BETON 4094 KAT<\/strong> est un acc\u00e9l\u00e9rateur de r\u00e9action pour acc\u00e9l\u00e9rer les primaires, rev\u00eatements ou scellants de t\u00eate de la gamme PU-BETON. Acc\u00e9l\u00e8re la r\u00e9action de durcissement pour un recouvrement et une r\u00e9utilisation plus rapide, mais r\u00e9duit \u00e9galement la dur\u00e9e d&rsquo;utilisation.<\/p>\n<p>Respecter imp\u00e9rativement le dosage indiqu\u00e9 dans les informations produit.<\/p>\n","width":"4","background_color_text":"bg-white","border_color":"border-gray-light"},{"text":"<p class=\"product-sicing-title\" style=\"text-align: center;\"><strong>Unit\u00e9s d'emballage<\/strong><\/p>\n<ul>\n<li>PU6182-70 &#8211; Bidon 5,00 kg<\/li>\n<\/ul>\n<p><\/p>\n<p>N&rsquo;h\u00e9sitez pas \u00e0 contacter directement pour toute demande concernant des quantit\u00e9s de livraison ou des unit\u00e9s de conditionnement plus importantes.<\/p>\n\n","width":"4","background_color_text":"bg-white","border_color":"border-gray-light"},{"text":"<p class=\"product-attr-title\" style=\"text-align: center;\"><strong>Propri\u00e9t\u00e9s<\/strong><\/p>\n<ul>\n<li>gain de temps<\/li>\n<li>monocomposant<\/li>\n<li>temps de durcissement courts<\/li>\n<li>composant du syst\u00e8me PU-Beton<\/li>\n<\/ul>\n","width":"4","background_color_text":"bg-white","border_color":"border-gray-light"}],"background_color":"bg-none","background_color_content":"bg-none"}},"downloads":{"module_download_list":{"inhalt":null,"downloads":[{"download":{"ID":68818,"id":68818,"title":"CHEMORESIN_PU-BETON_4094_KAT_PI_fr_2026_02","filename":"CHEMORESIN_PU-BETON_4094_KAT_PI_fr_2026_02.pdf","filesize":455001,"url":"https:\/\/dev.klb-koetztal.de\/app\/uploads\/2026\/02\/CHEMORESIN_PU-BETON_4094_KAT_PI_fr_2026_02.pdf","link":"https:\/\/dev.klb-koetztal.de\/fr\/?attachment_id=68818","alt":"","author":"7","description":"","caption":"","name":"chemoresin_pu-beton_4094_kat_pi_fr_2026_02-2","status":"inherit","uploaded_to":0,"date":"2026-02-24 08:00:46","modified":"2026-02-24 08:00:46","menu_order":0,"mime_type":"application\/pdf","type":"application","subtype":"pdf","icon":"https:\/\/dev.klb-koetztal.de\/wp\/wp-includes\/images\/media\/document.png"},"filename":"Information produit","protected":false,"doclang":"FR","externalkey":"Produktinformation","docpos":"3"},{"download":false,"filename":"Fiche de donn\u00e9es de s\u00e9curit\u00e9","protected":true,"doclang":"FR","externalkey":"Sicherheitsdatenblatt","docpos":"3"},{"download":false,"filename":"Fiche de donn\u00e9es de s\u00e9curit\u00e9","protected":true,"doclang":"FR","externalkey":"Sicherheitsdatenblatt","docpos":"3"}],"einstellungen":null,"background_color":"bg-none","background_color_content":"bg-none"}},"included_in_systems":{"module_included_in_systems":{"":null,"background_color":"bg-gray-medium","background_color_content":"bg-none"}},"contact":{"module_contact":{"":null,"background_color":"bg-none","background_color_content":"bg-none"}},"ausschreibende":{"module_ausschreibende":{"andern_sie_den_inhalt_unter_universelle_elemente":null,"background_color":"bg-none","background_color_content":"bg-none"}}},"yoast_head":"<!-- This site is optimized with the Yoast SEO plugin v27.0 - https:\/\/yoast.com\/product\/yoast-seo-wordpress\/ -->\n<title>Acc\u00e9l\u00e9rateur PU-B\u00c9TON KAT 9094 | CHEMORESIN KLB<\/title>\n<meta name=\"description\" content=\"Acc\u00e9l\u00e9rateur pour acc\u00e9l\u00e9rer le durcissement de sols CHEMORESIN PU-BETON dans les temps d&#039;installations plus cours et aux temp\u00e9ratures baisses \u2714\ufe0f Catalyseur\" \/>\n<meta name=\"robots\" content=\"noindex, follow, max-snippet:-1, max-image-preview:large, max-video-preview:-1\" \/>\n<meta property=\"og:locale\" content=\"fr_FR\" \/>\n<meta property=\"og:type\" content=\"article\" \/>\n<meta property=\"og:title\" content=\"Acc\u00e9l\u00e9rateur PU-B\u00c9TON KAT 9094 | CHEMORESIN KLB\" \/>\n<meta property=\"og:description\" content=\"Acc\u00e9l\u00e9rateur pour acc\u00e9l\u00e9rer le durcissement de sols CHEMORESIN PU-BETON dans les temps d&#039;installations plus cours et aux temp\u00e9ratures baisses \u2714\ufe0f Catalyseur\" \/>\n<meta property=\"og:url\" content=\"https:\/\/dev.klb-koetztal.de\/fr\/produkt\/chemoresin-pu-beton-4094-kat\/\" \/>\n<meta property=\"og:site_name\" content=\"KLB K\u00f6tztal\" \/>\n<meta property=\"article:publisher\" content=\"https:\/\/www.facebook.com\/klbkoetztal\" \/>\n<meta property=\"article:modified_time\" content=\"2026-02-25T11:30:40+00:00\" \/>\n<meta property=\"og:image\" content=\"https:\/\/dev.klb-koetztal.de\/app\/uploads\/2024\/02\/CHEMORESIN_PU-BETON_4094_KAT_5_kg_500px.jpg\" \/>\n\t<meta property=\"og:image:width\" content=\"500\" \/>\n\t<meta property=\"og:image:height\" content=\"500\" \/>\n\t<meta property=\"og:image:type\" content=\"image\/jpeg\" \/>\n<meta name=\"twitter:card\" content=\"summary_large_image\" \/>\n<script type=\"application\/ld+json\" class=\"yoast-schema-graph\">{\"@context\":\"https:\/\/schema.org\",\"@graph\":[{\"@type\":\"WebPage\",\"@id\":\"https:\/\/dev.klb-koetztal.de\/fr\/produkt\/chemoresin-pu-beton-4094-kat\/\",\"url\":\"https:\/\/dev.klb-koetztal.de\/fr\/produkt\/chemoresin-pu-beton-4094-kat\/\",\"name\":\"Acc\u00e9l\u00e9rateur PU-B\u00c9TON KAT 9094 | CHEMORESIN KLB\",\"isPartOf\":{\"@id\":\"https:\/\/dev.klb-koetztal.de\/fr\/#website\"},\"primaryImageOfPage\":{\"@id\":\"https:\/\/dev.klb-koetztal.de\/fr\/produkt\/chemoresin-pu-beton-4094-kat\/#primaryimage\"},\"image\":{\"@id\":\"https:\/\/dev.klb-koetztal.de\/fr\/produkt\/chemoresin-pu-beton-4094-kat\/#primaryimage\"},\"thumbnailUrl\":\"https:\/\/dev.klb-koetztal.de\/app\/uploads\/2024\/02\/CHEMORESIN_PU-BETON_4094_KAT_5_kg_500px.jpg\",\"datePublished\":\"2024-02-01T10:30:05+00:00\",\"dateModified\":\"2026-02-25T11:30:40+00:00\",\"description\":\"Acc\u00e9l\u00e9rateur pour acc\u00e9l\u00e9rer le durcissement de sols CHEMORESIN PU-BETON dans les temps d'installations plus cours et aux temp\u00e9ratures baisses \u2714\ufe0f Catalyseur\",\"breadcrumb\":{\"@id\":\"https:\/\/dev.klb-koetztal.de\/fr\/produkt\/chemoresin-pu-beton-4094-kat\/#breadcrumb\"},\"inLanguage\":\"fr-FR\",\"potentialAction\":[{\"@type\":\"ReadAction\",\"target\":[\"https:\/\/dev.klb-koetztal.de\/fr\/produkt\/chemoresin-pu-beton-4094-kat\/\"]}]},{\"@type\":\"ImageObject\",\"inLanguage\":\"fr-FR\",\"@id\":\"https:\/\/dev.klb-koetztal.de\/fr\/produkt\/chemoresin-pu-beton-4094-kat\/#primaryimage\",\"url\":\"https:\/\/dev.klb-koetztal.de\/app\/uploads\/2024\/02\/CHEMORESIN_PU-BETON_4094_KAT_5_kg_500px.jpg\",\"contentUrl\":\"https:\/\/dev.klb-koetztal.de\/app\/uploads\/2024\/02\/CHEMORESIN_PU-BETON_4094_KAT_5_kg_500px.jpg\",\"width\":500,\"height\":500},{\"@type\":\"BreadcrumbList\",\"@id\":\"https:\/\/dev.klb-koetztal.de\/fr\/produkt\/chemoresin-pu-beton-4094-kat\/#breadcrumb\",\"itemListElement\":[{\"@type\":\"ListItem\",\"position\":1,\"name\":\"Startseite\",\"item\":\"https:\/\/dev.klb-koetztal.de\/fr\/\"},{\"@type\":\"ListItem\",\"position\":2,\"name\":\"CHEMORESIN PU-BETON 4094 KAT\"}]},{\"@type\":\"WebSite\",\"@id\":\"https:\/\/dev.klb-koetztal.de\/fr\/#website\",\"url\":\"https:\/\/dev.klb-koetztal.de\/fr\/\",\"name\":\"KLB K\u00f6tztal\",\"description\":\"Gute B\u00f6den haben ein System.\",\"potentialAction\":[{\"@type\":\"SearchAction\",\"target\":{\"@type\":\"EntryPoint\",\"urlTemplate\":\"https:\/\/dev.klb-koetztal.de\/fr\/?s={search_term_string}\"},\"query-input\":{\"@type\":\"PropertyValueSpecification\",\"valueRequired\":true,\"valueName\":\"search_term_string\"}}],\"inLanguage\":\"fr-FR\"}]}<\/script>\n<!-- \/ Yoast SEO plugin. -->","yoast_head_json":{"title":"Acc\u00e9l\u00e9rateur PU-B\u00c9TON KAT 9094 | CHEMORESIN KLB","description":"Acc\u00e9l\u00e9rateur pour acc\u00e9l\u00e9rer le durcissement de sols CHEMORESIN PU-BETON dans les temps d'installations plus cours et aux temp\u00e9ratures baisses \u2714\ufe0f Catalyseur","robots":{"index":"noindex","follow":"follow","max-snippet":"max-snippet:-1","max-image-preview":"max-image-preview:large","max-video-preview":"max-video-preview:-1"},"og_locale":"fr_FR","og_type":"article","og_title":"Acc\u00e9l\u00e9rateur PU-B\u00c9TON KAT 9094 | CHEMORESIN KLB","og_description":"Acc\u00e9l\u00e9rateur pour acc\u00e9l\u00e9rer le durcissement de sols CHEMORESIN PU-BETON dans les temps d'installations plus cours et aux temp\u00e9ratures baisses \u2714\ufe0f Catalyseur","og_url":"https:\/\/dev.klb-koetztal.de\/fr\/produkt\/chemoresin-pu-beton-4094-kat\/","og_site_name":"KLB K\u00f6tztal","article_publisher":"https:\/\/www.facebook.com\/klbkoetztal","article_modified_time":"2026-02-25T11:30:40+00:00","og_image":[{"width":500,"height":500,"url":"https:\/\/dev.klb-koetztal.de\/app\/uploads\/2024\/02\/CHEMORESIN_PU-BETON_4094_KAT_5_kg_500px.jpg","type":"image\/jpeg"}],"twitter_card":"summary_large_image","schema":{"@context":"https:\/\/schema.org","@graph":[{"@type":"WebPage","@id":"https:\/\/dev.klb-koetztal.de\/fr\/produkt\/chemoresin-pu-beton-4094-kat\/","url":"https:\/\/dev.klb-koetztal.de\/fr\/produkt\/chemoresin-pu-beton-4094-kat\/","name":"Acc\u00e9l\u00e9rateur PU-B\u00c9TON KAT 9094 | CHEMORESIN KLB","isPartOf":{"@id":"https:\/\/dev.klb-koetztal.de\/fr\/#website"},"primaryImageOfPage":{"@id":"https:\/\/dev.klb-koetztal.de\/fr\/produkt\/chemoresin-pu-beton-4094-kat\/#primaryimage"},"image":{"@id":"https:\/\/dev.klb-koetztal.de\/fr\/produkt\/chemoresin-pu-beton-4094-kat\/#primaryimage"},"thumbnailUrl":"https:\/\/dev.klb-koetztal.de\/app\/uploads\/2024\/02\/CHEMORESIN_PU-BETON_4094_KAT_5_kg_500px.jpg","datePublished":"2024-02-01T10:30:05+00:00","dateModified":"2026-02-25T11:30:40+00:00","description":"Acc\u00e9l\u00e9rateur pour acc\u00e9l\u00e9rer le durcissement de sols CHEMORESIN PU-BETON dans les temps d'installations plus cours et aux temp\u00e9ratures baisses \u2714\ufe0f Catalyseur","breadcrumb":{"@id":"https:\/\/dev.klb-koetztal.de\/fr\/produkt\/chemoresin-pu-beton-4094-kat\/#breadcrumb"},"inLanguage":"fr-FR","potentialAction":[{"@type":"ReadAction","target":["https:\/\/dev.klb-koetztal.de\/fr\/produkt\/chemoresin-pu-beton-4094-kat\/"]}]},{"@type":"ImageObject","inLanguage":"fr-FR","@id":"https:\/\/dev.klb-koetztal.de\/fr\/produkt\/chemoresin-pu-beton-4094-kat\/#primaryimage","url":"https:\/\/dev.klb-koetztal.de\/app\/uploads\/2024\/02\/CHEMORESIN_PU-BETON_4094_KAT_5_kg_500px.jpg","contentUrl":"https:\/\/dev.klb-koetztal.de\/app\/uploads\/2024\/02\/CHEMORESIN_PU-BETON_4094_KAT_5_kg_500px.jpg","width":500,"height":500},{"@type":"BreadcrumbList","@id":"https:\/\/dev.klb-koetztal.de\/fr\/produkt\/chemoresin-pu-beton-4094-kat\/#breadcrumb","itemListElement":[{"@type":"ListItem","position":1,"name":"Startseite","item":"https:\/\/dev.klb-koetztal.de\/fr\/"},{"@type":"ListItem","position":2,"name":"CHEMORESIN PU-BETON 4094 KAT"}]},{"@type":"WebSite","@id":"https:\/\/dev.klb-koetztal.de\/fr\/#website","url":"https:\/\/dev.klb-koetztal.de\/fr\/","name":"KLB K\u00f6tztal","description":"Gute B\u00f6den haben ein System.","potentialAction":[{"@type":"SearchAction","target":{"@type":"EntryPoint","urlTemplate":"https:\/\/dev.klb-koetztal.de\/fr\/?s={search_term_string}"},"query-input":{"@type":"PropertyValueSpecification","valueRequired":true,"valueName":"search_term_string"}}],"inLanguage":"fr-FR"}]}},"_links":{"self":[{"href":"https:\/\/dev.klb-koetztal.de\/fr\/wp-json\/wp\/v2\/product\/59875","targetHints":{"allow":["GET"]}}],"collection":[{"href":"https:\/\/dev.klb-koetztal.de\/fr\/wp-json\/wp\/v2\/product"}],"about":[{"href":"https:\/\/dev.klb-koetztal.de\/fr\/wp-json\/wp\/v2\/types\/product"}],"wp:featuredmedia":[{"embeddable":true,"href":"https:\/\/dev.klb-koetztal.de\/fr\/wp-json\/wp\/v2\/media\/59876"}],"wp:attachment":[{"href":"https:\/\/dev.klb-koetztal.de\/fr\/wp-json\/wp\/v2\/media?parent=59875"}],"wp:term":[{"taxonomy":"product_brand","embeddable":true,"href":"https:\/\/dev.klb-koetztal.de\/fr\/wp-json\/wp\/v2\/product_brand?post=59875"},{"taxonomy":"product_cat","embeddable":true,"href":"https:\/\/dev.klb-koetztal.de\/fr\/wp-json\/wp\/v2\/product_cat?post=59875"},{"taxonomy":"product_tag","embeddable":true,"href":"https:\/\/dev.klb-koetztal.de\/fr\/wp-json\/wp\/v2\/product_tag?post=59875"}],"curies":[{"name":"wp","href":"https:\/\/api.w.org\/{rel}","templated":true}]}}