{"id":59845,"date":"2024-02-01T10:51:55","date_gmt":"2024-02-01T09:51:55","guid":{"rendered":"https:\/\/www.klb-koetztal.de\/produkt\/chemoresin-pu-beton-4004\/"},"modified":"2026-02-25T12:00:24","modified_gmt":"2026-02-25T11:00:24","slug":"chemoresin-pu-beton-4004","status":"publish","type":"product","link":"https:\/\/dev.klb-koetztal.de\/fr\/produkt\/chemoresin-pu-beton-4004\/","title":{"rendered":"CHEMORESIN PU-BETON 4004"},"content":{"rendered":"","protected":false},"excerpt":{"rendered":"<p>Rev\u00eatement PU-BETON en polyur\u00e9thane \u00e0 3 composants de haute qualit\u00e9 et applicable \u00e0 la raclette dans une \u00e9paisseur de 4&#160;mm. Peut \u00eatre r\u00e9gl\u00e9 dans les diff\u00e9rents niveaux d&rsquo;antid\u00e9rapance de R9 \u00e0 R13. \u00c0 utiliser de pr\u00e9f\u00e9rence dans l&rsquo;industrie alimentaire pour les surfaces de sol soumises \u00e0 des temp\u00e9ratures allant jusqu&rsquo;\u00e0 70&#160;\u00b0C qui sont expos\u00e9es \u00e0 l&rsquo;eau et aux produits chimiques. Peut \u00eatre acc\u00e9l\u00e9r\u00e9 avec&#160;CHEMORESIN PU-BETON 4094 KAT pour r\u00e9duire les temps d&rsquo;installation.<br \/>\nDisponible dans les couleurs&#160;beige, gris, vert et rouge.<\/p>\n","protected":false},"featured_media":59846,"template":"","meta":{"_acf_changed":false},"product_brand":[],"product_cat":[10392,10049,10042,10118],"product_tag":[],"class_list":{"0":"post-59845","1":"product","2":"type-product","3":"status-publish","4":"has-post-thumbnail","6":"product_cat-chemoresin_revetements-couches-de-fonds-et-de-scellement-en-beton-polyurethane","7":"product_cat-chemoresin-3","8":"product_cat-revetements","9":"product_cat-revetements_revetements-couches-de-fonds-et-de-scellement-en-beton-polyurethane","11":"first","12":"instock","13":"shipping-taxable","14":"product-type-simple"},"acf":{"product_header":{"module_product_header":{"":null,"prototype_headline":{"headline":"CHEMORESIN PU-BETON 4004","h1":true,"subheadline":"Rev\u00eatement&#160;en b\u00e9ton polyur\u00e9thane \u00e0 3 composants qui est applicable \u00e0 la raclette&#160;dans une \u00e9paisseur d'environ&#160;4&#160;mm pour les sols expos\u00e9s aux produits chimiques et \u00e0&#160;l\u2018eau dans les zones alimentaires et chimiques. Acc\u00e9l\u00e9rable et durcissant rapidement.","anchor":"","url":""},"grid_text_slider":false,"grid_text_content":[{"text":"<p class=\"product-short-title\" style=\"text-align: center;\"><strong>Br\u00e8ve description<\/strong><\/p>\n<p>Rev\u00eatement PU-BETON en polyur\u00e9thane \u00e0 3 composants de haute qualit\u00e9 et applicable \u00e0 la raclette dans une \u00e9paisseur de 4&#160;mm. Peut \u00eatre r\u00e9gl\u00e9 dans les diff\u00e9rents niveaux d&rsquo;antid\u00e9rapance de R9 \u00e0 R13. \u00c0 utiliser de pr\u00e9f\u00e9rence dans l&rsquo;industrie alimentaire pour les surfaces de sol soumises \u00e0 des temp\u00e9ratures allant jusqu&rsquo;\u00e0 70&#160;\u00b0C qui sont expos\u00e9es \u00e0 l&rsquo;eau et aux produits chimiques. Peut \u00eatre acc\u00e9l\u00e9r\u00e9 avec&#160;CHEMORESIN PU-BETON 4094 KAT pour r\u00e9duire les temps d&rsquo;installation.<\/p>\n<p>Disponible dans les couleurs&#160;beige, gris, vert et rouge.<\/p>\n","width":"4","background_color_text":"bg-white","border_color":"border-gray-light"},{"text":"<p class=\"product-sicing-title\" style=\"text-align: center;\"><strong>Unit\u00e9s d'emballage<\/strong><\/p>\n<ul>\n<li>AK6180-36 &#8211; Emballage en kit 28,00 kg<\/li>\n<li>AK6180-18 &#8211; Emballage en kit 56,00 kg<\/li>\n<\/ul>\n<p><\/p>\n<p>N&rsquo;h\u00e9sitez pas \u00e0 contacter directement pour toute demande concernant des quantit\u00e9s de livraison ou des unit\u00e9s de conditionnement plus importantes.<\/p>\n\n","width":"4","background_color_text":"bg-white","border_color":"border-gray-light"},{"text":"<p class=\"product-attr-title\" style=\"text-align: center;\"><strong>Propri\u00e9t\u00e9s<\/strong><\/p>\n<ul>\n<li>qualit\u00e9 contr\u00f4l\u00e9e, \u00e0 faible \u00e9mission<\/li>\n<li>certifi\u00e9 selon EMICODE\u00ae  EC 1PLUS<\/li>\n<li>conforme \u00e0 l&rsquo;AgBB et adapt\u00e9 aux salles de s\u00e9jour<\/li>\n<li>rev\u00eatement sans joint<\/li>\n<li>applicable \u00e0 la raclette<\/li>\n<li>autolissant<\/li>\n<li>acc\u00e9l\u00e9rable<\/li>\n<li>\u00e0 durcissement rapide<\/li>\n<li>r\u00e9sistant \u00e0 l&rsquo;eau chaude<\/li>\n<li>hygi\u00e9nique<\/li>\n<li>bonne r\u00e9sistance chimique<\/li>\n<li>r\u00e9sistant aux chocs<\/li>\n<li>r\u00e9sistant \u00e0 la charge permanente de l\u2019eau<\/li>\n<li>r\u00e9sistant aux contraintes m\u00e9caniques<\/li>\n<li>utilisable \u00e0 partir de 5 \u00b0C avec acc\u00e9l\u00e9rateur<\/li>\n<\/ul>\n","width":"4","background_color_text":"bg-white","border_color":"border-gray-light"}],"background_color":"bg-none","background_color_content":"bg-none"}},"downloads":{"module_download_list":{"inhalt":null,"downloads":[{"download":{"ID":68002,"id":68002,"title":"CHEMORESIN_PU-BETON_4004_PI_fr_2025_11","filename":"CHEMORESIN_PU-BETON_4004_PI_fr_2025_11.pdf","filesize":1804252,"url":"https:\/\/dev.klb-koetztal.de\/app\/uploads\/2025\/11\/CHEMORESIN_PU-BETON_4004_PI_fr_2025_11.pdf","link":"https:\/\/dev.klb-koetztal.de\/fr\/?attachment_id=68002","alt":"","author":"7","description":"","caption":"","name":"chemoresin_pu-beton_4004_pi_fr_2025_11-2","status":"inherit","uploaded_to":0,"date":"2025-11-03 14:00:38","modified":"2025-11-03 14:00:38","menu_order":0,"mime_type":"application\/pdf","type":"application","subtype":"pdf","icon":"https:\/\/dev.klb-koetztal.de\/wp\/wp-includes\/images\/media\/document.png"},"filename":"Information produit","protected":false,"doclang":"FR","externalkey":"Produktinformation","docpos":"3"},{"download":{"ID":60022,"id":60022,"title":"CHEMORESIN_PU-BETON_4004_LE_en_2024_02","filename":"CHEMORESIN_PU-BETON_4004_LE_en_2024_02.pdf","filesize":206789,"url":"https:\/\/dev.klb-koetztal.de\/app\/uploads\/2024\/02\/CHEMORESIN_PU-BETON_4004_LE_en_2024_02.pdf","link":"https:\/\/dev.klb-koetztal.de\/fr\/?attachment_id=60022","alt":"","author":"7","description":"","caption":"","name":"chemoresin_pu-beton_4004_le_en_2024_02-2","status":"inherit","uploaded_to":0,"date":"2024-02-08 07:50:12","modified":"2024-02-08 07:50:12","menu_order":0,"mime_type":"application\/pdf","type":"application","subtype":"pdf","icon":"https:\/\/dev.klb-koetztal.de\/wp\/wp-includes\/images\/media\/document.png"},"filename":"Statement of performance","protected":false,"doclang":"GB","externalkey":"Leistungserklaerung","docpos":"2"},{"download":{"ID":66462,"id":66462,"title":"CHEMORESIN_PU-BETON_4004_LE_fr_2025_07","filename":"CHEMORESIN_PU-BETON_4004_LE_fr_2025_07.pdf","filesize":769230,"url":"https:\/\/dev.klb-koetztal.de\/app\/uploads\/2025\/07\/CHEMORESIN_PU-BETON_4004_LE_fr_2025_07.pdf","link":"https:\/\/dev.klb-koetztal.de\/fr\/?attachment_id=66462","alt":"","author":"7","description":"","caption":"","name":"chemoresin_pu-beton_4004_le_fr_2025_07-2","status":"inherit","uploaded_to":0,"date":"2025-07-14 08:40:24","modified":"2025-07-14 08:40:24","menu_order":0,"mime_type":"application\/pdf","type":"application","subtype":"pdf","icon":"https:\/\/dev.klb-koetztal.de\/wp\/wp-includes\/images\/media\/document.png"},"filename":"D\u00e9claration de performance","protected":false,"doclang":"FR","externalkey":"Leistungserklaerung","docpos":"3"},{"download":{"ID":59869,"id":59869,"title":"Chemoresin_PU-BETON_4004_Umwelt-Deklaration_2023-08","filename":"Chemoresin_PU-BETON_4004_Umwelt-Deklaration_2023-08.pdf","filesize":2570724,"url":"https:\/\/dev.klb-koetztal.de\/app\/uploads\/2024\/02\/Chemoresin_PU-BETON_4004_Umwelt-Deklaration_2023-08.pdf","link":"https:\/\/dev.klb-koetztal.de\/fr\/?attachment_id=59869","alt":"","author":"7","description":"","caption":"","name":"chemoresin_pu-beton_4004_umwelt-deklaration_2023-08-2","status":"inherit","uploaded_to":0,"date":"2024-02-01 09:52:11","modified":"2024-02-01 09:52:11","menu_order":0,"mime_type":"application\/pdf","type":"application","subtype":"pdf","icon":"https:\/\/dev.klb-koetztal.de\/wp\/wp-includes\/images\/media\/document.png"},"filename":"D\u00e9clarations de produit environnemental (EPD)","protected":false,"doclang":"Multi","externalkey":"Umweltproduktdeklaration","docpos":"50"},{"download":false,"filename":"Fiche de donn\u00e9es de s\u00e9curit\u00e9","protected":true,"doclang":"FR","externalkey":"Sicherheitsdatenblatt","docpos":"3"}],"einstellungen":null,"background_color":"bg-none","background_color_content":"bg-none"}},"included_in_systems":{"module_included_in_systems":{"":null,"background_color":"bg-gray-medium","background_color_content":"bg-none"}},"contact":{"module_contact":{"":null,"background_color":"bg-none","background_color_content":"bg-none"}},"ausschreibende":{"module_ausschreibende":{"andern_sie_den_inhalt_unter_universelle_elemente":null,"background_color":"bg-none","background_color_content":"bg-none"}}},"yoast_head":"<!-- This site is optimized with the Yoast SEO plugin v27.0 - https:\/\/yoast.com\/product\/yoast-seo-wordpress\/ -->\n<title>Rev\u00eatement PU-BETON 4004 de haute qualit\u00e9, en charge humide | KLB<\/title>\n<meta name=\"description\" content=\"Rev\u00eatement mortier PU-BETON 4004 r\u00e9sistant \u00e0 l&#039;eau et chimiques, color\u00e9, robuste pour le rouleau | KLB sols \u2714\ufe0fstabilit\u00e9 thermique jusqu&#039;\u00e0 70 \u00b0C, acc\u00e9l\u00e9rable\" \/>\n<meta name=\"robots\" content=\"noindex, follow, max-snippet:-1, max-image-preview:large, max-video-preview:-1\" \/>\n<meta property=\"og:locale\" content=\"fr_FR\" \/>\n<meta property=\"og:type\" content=\"article\" \/>\n<meta property=\"og:title\" content=\"Rev\u00eatement PU-BETON 4004 de haute qualit\u00e9, en charge humide | KLB\" \/>\n<meta property=\"og:description\" content=\"Rev\u00eatement mortier PU-BETON 4004 r\u00e9sistant \u00e0 l&#039;eau et chimiques, color\u00e9, robuste pour le rouleau | KLB sols \u2714\ufe0fstabilit\u00e9 thermique jusqu&#039;\u00e0 70 \u00b0C, acc\u00e9l\u00e9rable\" \/>\n<meta property=\"og:url\" content=\"https:\/\/dev.klb-koetztal.de\/fr\/produkt\/chemoresin-pu-beton-4004\/\" \/>\n<meta property=\"og:site_name\" content=\"KLB K\u00f6tztal\" \/>\n<meta property=\"article:publisher\" content=\"https:\/\/www.facebook.com\/klbkoetztal\" \/>\n<meta property=\"article:modified_time\" content=\"2026-02-25T11:00:24+00:00\" \/>\n<meta property=\"og:image\" content=\"https:\/\/dev.klb-koetztal.de\/app\/uploads\/2024\/02\/CHEMORESIN_PU-BETON_4004_26_5_kg_500px.jpg\" \/>\n\t<meta property=\"og:image:width\" content=\"500\" \/>\n\t<meta property=\"og:image:height\" content=\"500\" \/>\n\t<meta property=\"og:image:type\" content=\"image\/jpeg\" \/>\n<meta name=\"twitter:card\" content=\"summary_large_image\" \/>\n<script type=\"application\/ld+json\" class=\"yoast-schema-graph\">{\"@context\":\"https:\/\/schema.org\",\"@graph\":[{\"@type\":\"WebPage\",\"@id\":\"https:\/\/dev.klb-koetztal.de\/fr\/produkt\/chemoresin-pu-beton-4004\/\",\"url\":\"https:\/\/dev.klb-koetztal.de\/fr\/produkt\/chemoresin-pu-beton-4004\/\",\"name\":\"Rev\u00eatement PU-BETON 4004 de haute qualit\u00e9, en charge humide | KLB\",\"isPartOf\":{\"@id\":\"https:\/\/dev.klb-koetztal.de\/fr\/#website\"},\"primaryImageOfPage\":{\"@id\":\"https:\/\/dev.klb-koetztal.de\/fr\/produkt\/chemoresin-pu-beton-4004\/#primaryimage\"},\"image\":{\"@id\":\"https:\/\/dev.klb-koetztal.de\/fr\/produkt\/chemoresin-pu-beton-4004\/#primaryimage\"},\"thumbnailUrl\":\"https:\/\/dev.klb-koetztal.de\/app\/uploads\/2024\/02\/CHEMORESIN_PU-BETON_4004_26_5_kg_500px.jpg\",\"datePublished\":\"2024-02-01T09:51:55+00:00\",\"dateModified\":\"2026-02-25T11:00:24+00:00\",\"description\":\"Rev\u00eatement mortier PU-BETON 4004 r\u00e9sistant \u00e0 l'eau et chimiques, color\u00e9, robuste pour le rouleau | KLB sols \u2714\ufe0fstabilit\u00e9 thermique jusqu'\u00e0 70 \u00b0C, acc\u00e9l\u00e9rable\",\"breadcrumb\":{\"@id\":\"https:\/\/dev.klb-koetztal.de\/fr\/produkt\/chemoresin-pu-beton-4004\/#breadcrumb\"},\"inLanguage\":\"fr-FR\",\"potentialAction\":[{\"@type\":\"ReadAction\",\"target\":[\"https:\/\/dev.klb-koetztal.de\/fr\/produkt\/chemoresin-pu-beton-4004\/\"]}]},{\"@type\":\"ImageObject\",\"inLanguage\":\"fr-FR\",\"@id\":\"https:\/\/dev.klb-koetztal.de\/fr\/produkt\/chemoresin-pu-beton-4004\/#primaryimage\",\"url\":\"https:\/\/dev.klb-koetztal.de\/app\/uploads\/2024\/02\/CHEMORESIN_PU-BETON_4004_26_5_kg_500px.jpg\",\"contentUrl\":\"https:\/\/dev.klb-koetztal.de\/app\/uploads\/2024\/02\/CHEMORESIN_PU-BETON_4004_26_5_kg_500px.jpg\",\"width\":500,\"height\":500},{\"@type\":\"BreadcrumbList\",\"@id\":\"https:\/\/dev.klb-koetztal.de\/fr\/produkt\/chemoresin-pu-beton-4004\/#breadcrumb\",\"itemListElement\":[{\"@type\":\"ListItem\",\"position\":1,\"name\":\"Startseite\",\"item\":\"https:\/\/dev.klb-koetztal.de\/fr\/\"},{\"@type\":\"ListItem\",\"position\":2,\"name\":\"CHEMORESIN PU-BETON 4004\"}]},{\"@type\":\"WebSite\",\"@id\":\"https:\/\/dev.klb-koetztal.de\/fr\/#website\",\"url\":\"https:\/\/dev.klb-koetztal.de\/fr\/\",\"name\":\"KLB K\u00f6tztal\",\"description\":\"Gute B\u00f6den haben ein System.\",\"potentialAction\":[{\"@type\":\"SearchAction\",\"target\":{\"@type\":\"EntryPoint\",\"urlTemplate\":\"https:\/\/dev.klb-koetztal.de\/fr\/?s={search_term_string}\"},\"query-input\":{\"@type\":\"PropertyValueSpecification\",\"valueRequired\":true,\"valueName\":\"search_term_string\"}}],\"inLanguage\":\"fr-FR\"}]}<\/script>\n<!-- \/ Yoast SEO plugin. -->","yoast_head_json":{"title":"Rev\u00eatement PU-BETON 4004 de haute qualit\u00e9, en charge humide | KLB","description":"Rev\u00eatement mortier PU-BETON 4004 r\u00e9sistant \u00e0 l'eau et chimiques, color\u00e9, robuste pour le rouleau | KLB sols \u2714\ufe0fstabilit\u00e9 thermique jusqu'\u00e0 70 \u00b0C, acc\u00e9l\u00e9rable","robots":{"index":"noindex","follow":"follow","max-snippet":"max-snippet:-1","max-image-preview":"max-image-preview:large","max-video-preview":"max-video-preview:-1"},"og_locale":"fr_FR","og_type":"article","og_title":"Rev\u00eatement PU-BETON 4004 de haute qualit\u00e9, en charge humide | KLB","og_description":"Rev\u00eatement mortier PU-BETON 4004 r\u00e9sistant \u00e0 l'eau et chimiques, color\u00e9, robuste pour le rouleau | KLB sols \u2714\ufe0fstabilit\u00e9 thermique jusqu'\u00e0 70 \u00b0C, acc\u00e9l\u00e9rable","og_url":"https:\/\/dev.klb-koetztal.de\/fr\/produkt\/chemoresin-pu-beton-4004\/","og_site_name":"KLB K\u00f6tztal","article_publisher":"https:\/\/www.facebook.com\/klbkoetztal","article_modified_time":"2026-02-25T11:00:24+00:00","og_image":[{"width":500,"height":500,"url":"https:\/\/dev.klb-koetztal.de\/app\/uploads\/2024\/02\/CHEMORESIN_PU-BETON_4004_26_5_kg_500px.jpg","type":"image\/jpeg"}],"twitter_card":"summary_large_image","schema":{"@context":"https:\/\/schema.org","@graph":[{"@type":"WebPage","@id":"https:\/\/dev.klb-koetztal.de\/fr\/produkt\/chemoresin-pu-beton-4004\/","url":"https:\/\/dev.klb-koetztal.de\/fr\/produkt\/chemoresin-pu-beton-4004\/","name":"Rev\u00eatement PU-BETON 4004 de haute qualit\u00e9, en charge humide | KLB","isPartOf":{"@id":"https:\/\/dev.klb-koetztal.de\/fr\/#website"},"primaryImageOfPage":{"@id":"https:\/\/dev.klb-koetztal.de\/fr\/produkt\/chemoresin-pu-beton-4004\/#primaryimage"},"image":{"@id":"https:\/\/dev.klb-koetztal.de\/fr\/produkt\/chemoresin-pu-beton-4004\/#primaryimage"},"thumbnailUrl":"https:\/\/dev.klb-koetztal.de\/app\/uploads\/2024\/02\/CHEMORESIN_PU-BETON_4004_26_5_kg_500px.jpg","datePublished":"2024-02-01T09:51:55+00:00","dateModified":"2026-02-25T11:00:24+00:00","description":"Rev\u00eatement mortier PU-BETON 4004 r\u00e9sistant \u00e0 l'eau et chimiques, color\u00e9, robuste pour le rouleau | KLB sols \u2714\ufe0fstabilit\u00e9 thermique jusqu'\u00e0 70 \u00b0C, acc\u00e9l\u00e9rable","breadcrumb":{"@id":"https:\/\/dev.klb-koetztal.de\/fr\/produkt\/chemoresin-pu-beton-4004\/#breadcrumb"},"inLanguage":"fr-FR","potentialAction":[{"@type":"ReadAction","target":["https:\/\/dev.klb-koetztal.de\/fr\/produkt\/chemoresin-pu-beton-4004\/"]}]},{"@type":"ImageObject","inLanguage":"fr-FR","@id":"https:\/\/dev.klb-koetztal.de\/fr\/produkt\/chemoresin-pu-beton-4004\/#primaryimage","url":"https:\/\/dev.klb-koetztal.de\/app\/uploads\/2024\/02\/CHEMORESIN_PU-BETON_4004_26_5_kg_500px.jpg","contentUrl":"https:\/\/dev.klb-koetztal.de\/app\/uploads\/2024\/02\/CHEMORESIN_PU-BETON_4004_26_5_kg_500px.jpg","width":500,"height":500},{"@type":"BreadcrumbList","@id":"https:\/\/dev.klb-koetztal.de\/fr\/produkt\/chemoresin-pu-beton-4004\/#breadcrumb","itemListElement":[{"@type":"ListItem","position":1,"name":"Startseite","item":"https:\/\/dev.klb-koetztal.de\/fr\/"},{"@type":"ListItem","position":2,"name":"CHEMORESIN PU-BETON 4004"}]},{"@type":"WebSite","@id":"https:\/\/dev.klb-koetztal.de\/fr\/#website","url":"https:\/\/dev.klb-koetztal.de\/fr\/","name":"KLB K\u00f6tztal","description":"Gute B\u00f6den haben ein System.","potentialAction":[{"@type":"SearchAction","target":{"@type":"EntryPoint","urlTemplate":"https:\/\/dev.klb-koetztal.de\/fr\/?s={search_term_string}"},"query-input":{"@type":"PropertyValueSpecification","valueRequired":true,"valueName":"search_term_string"}}],"inLanguage":"fr-FR"}]}},"_links":{"self":[{"href":"https:\/\/dev.klb-koetztal.de\/fr\/wp-json\/wp\/v2\/product\/59845","targetHints":{"allow":["GET"]}}],"collection":[{"href":"https:\/\/dev.klb-koetztal.de\/fr\/wp-json\/wp\/v2\/product"}],"about":[{"href":"https:\/\/dev.klb-koetztal.de\/fr\/wp-json\/wp\/v2\/types\/product"}],"wp:featuredmedia":[{"embeddable":true,"href":"https:\/\/dev.klb-koetztal.de\/fr\/wp-json\/wp\/v2\/media\/59846"}],"wp:attachment":[{"href":"https:\/\/dev.klb-koetztal.de\/fr\/wp-json\/wp\/v2\/media?parent=59845"}],"wp:term":[{"taxonomy":"product_brand","embeddable":true,"href":"https:\/\/dev.klb-koetztal.de\/fr\/wp-json\/wp\/v2\/product_brand?post=59845"},{"taxonomy":"product_cat","embeddable":true,"href":"https:\/\/dev.klb-koetztal.de\/fr\/wp-json\/wp\/v2\/product_cat?post=59845"},{"taxonomy":"product_tag","embeddable":true,"href":"https:\/\/dev.klb-koetztal.de\/fr\/wp-json\/wp\/v2\/product_tag?post=59845"}],"curies":[{"name":"wp","href":"https:\/\/api.w.org\/{rel}","templated":true}]}}