{"id":59827,"date":"2024-02-01T10:51:36","date_gmt":"2024-02-01T09:51:36","guid":{"rendered":"https:\/\/www.klb-koetztal.de\/produkt\/chemoresin-pu-beton-4045\/"},"modified":"2026-02-25T12:00:49","modified_gmt":"2026-02-25T11:00:49","slug":"chemoresin-pu-beton-4045","status":"publish","type":"product","link":"https:\/\/dev.klb-koetztal.de\/fr\/produkt\/chemoresin-pu-beton-4045\/","title":{"rendered":"CHEMORESIN PU-BETON 4045"},"content":{"rendered":"","protected":false},"excerpt":{"rendered":"<p>Mortier d&rsquo;\u00e9galisation PU-BETON \u00e0 3 composants de haute qualit\u00e9 et applicable \u00e0 la raclette pour primer et \u00e9galiser les substrats&#160;rugueux, frais\u00e9s ou grenaill\u00e9s avant l&rsquo;application de rev\u00eatements en CHEMORESIN PU-BETON.&#160;Applicable dans une \u00e9paisseur de couche de 2 \u00e0 environ 10 mm.&#160;Pour le remplissage des \u00e9clats&#160;et des zones endommag\u00e9es. Peut \u00eatre utilis\u00e9 sans primaire sur des substrats l\u00e9g\u00e8rement absorbants.<\/p>\n","protected":false},"featured_media":59828,"template":"","meta":{"_acf_changed":false},"product_brand":[],"product_cat":[10392,10049,10042,10118],"product_tag":[],"class_list":{"0":"post-59827","1":"product","2":"type-product","3":"status-publish","4":"has-post-thumbnail","6":"product_cat-chemoresin_revetements-couches-de-fonds-et-de-scellement-en-beton-polyurethane","7":"product_cat-chemoresin-3","8":"product_cat-revetements","9":"product_cat-revetements_revetements-couches-de-fonds-et-de-scellement-en-beton-polyurethane","11":"first","12":"instock","13":"shipping-taxable","14":"product-type-simple"},"acf":{"product_header":{"module_product_header":{"":null,"prototype_headline":{"headline":"CHEMORESIN PU-BETON 4045","h1":true,"subheadline":"Mortier de fond et d\u2018\u00e9galisation en b\u00e9ton polyur\u00e9thane \u00e0 3 composants","anchor":"","url":""},"grid_text_slider":false,"grid_text_content":[{"text":"<p class=\"product-short-title\" style=\"text-align: center;\"><strong>Br\u00e8ve description<\/strong><\/p>\n<p>Mortier d&rsquo;\u00e9galisation PU-BETON \u00e0 3 composants de haute qualit\u00e9 et applicable \u00e0 la raclette pour primer et \u00e9galiser les substrats&#160;rugueux, frais\u00e9s ou grenaill\u00e9s avant l&rsquo;application de rev\u00eatements en CHEMORESIN PU-BETON.&#160;Applicable dans une \u00e9paisseur de couche de 2 \u00e0 environ 10 mm.&#160;Pour le remplissage des \u00e9clats&#160;et des zones endommag\u00e9es. Peut \u00eatre utilis\u00e9 sans primaire sur des substrats l\u00e9g\u00e8rement absorbants.<\/p>\n","width":"4","background_color_text":"bg-white","border_color":"border-gray-light"},{"text":"<p class=\"product-sicing-title\" style=\"text-align: center;\"><strong>Unit\u00e9s d'emballage<\/strong><\/p>\n<ul><\/ul>\n<p><\/p>\n<p>N&rsquo;h\u00e9sitez pas \u00e0 contacter directement pour toute demande concernant des quantit\u00e9s de livraison ou des unit\u00e9s de conditionnement plus importantes.<\/p>\n\n","width":"4","background_color_text":"bg-white","border_color":"border-gray-light"},{"text":"<p class=\"product-attr-title\" style=\"text-align: center;\"><strong>Propri\u00e9t\u00e9s<\/strong><\/p>\n<ul>\n<li>formulation faible en \u00e9missions<\/li>\n<li>certifi\u00e9 selon EMICODE\u00ae  EC 1PLUS<\/li>\n<li>conforme \u00e0 l&rsquo;AgBB et adapt\u00e9 aux salles de s\u00e9jour<\/li>\n<li>composant du syst\u00e8me PU-Beton<\/li>\n<li>bonnes propri\u00e9t\u00e9s de traitement<\/li>\n<li>\u00e9galisateur pour rugosit\u00e9s de surface<\/li>\n<li>autolissant<\/li>\n<li>utilisable sans primaire<\/li>\n<li>r\u00e9sistant \u00e0 l&rsquo;eau chaude<\/li>\n<li>bonne r\u00e9sistance chimique<\/li>\n<li>bonne adh\u00e9rence interm\u00e9diaire<\/li>\n<\/ul>\n","width":"4","background_color_text":"bg-white","border_color":"border-gray-light"}],"background_color":"bg-none","background_color_content":"bg-none"}},"downloads":{"module_download_list":{"inhalt":null,"downloads":[{"download":{"ID":63244,"id":63244,"title":"CHEMORESIN_PU-BETON_4045_PI_fr_2024_09","filename":"CHEMORESIN_PU-BETON_4045_PI_fr_2024_09.pdf","filesize":917776,"url":"https:\/\/dev.klb-koetztal.de\/app\/uploads\/2024\/09\/CHEMORESIN_PU-BETON_4045_PI_fr_2024_09.pdf","link":"https:\/\/dev.klb-koetztal.de\/fr\/?attachment_id=63244","alt":"","author":"7","description":"","caption":"","name":"chemoresin_pu-beton_4045_pi_fr_2024_09-2","status":"inherit","uploaded_to":0,"date":"2024-09-17 09:10:49","modified":"2024-09-17 09:10:49","menu_order":0,"mime_type":"application\/pdf","type":"application","subtype":"pdf","icon":"https:\/\/dev.klb-koetztal.de\/wp\/wp-includes\/images\/media\/document.png"},"filename":"Information produit","protected":false,"doclang":"FR","externalkey":"Produktinformation","docpos":"3"},{"download":{"ID":59842,"id":59842,"title":"Chemoresin_PU-BETON_4045_Umwelt-Deklaration_2023-08","filename":"Chemoresin_PU-BETON_4045_Umwelt-Deklaration_2023-08.pdf","filesize":2571284,"url":"https:\/\/dev.klb-koetztal.de\/app\/uploads\/2024\/02\/Chemoresin_PU-BETON_4045_Umwelt-Deklaration_2023-08.pdf","link":"https:\/\/dev.klb-koetztal.de\/fr\/?attachment_id=59842","alt":"","author":"7","description":"","caption":"","name":"chemoresin_pu-beton_4045_umwelt-deklaration_2023-08-2","status":"inherit","uploaded_to":0,"date":"2024-02-01 09:51:48","modified":"2024-02-01 09:51:48","menu_order":0,"mime_type":"application\/pdf","type":"application","subtype":"pdf","icon":"https:\/\/dev.klb-koetztal.de\/wp\/wp-includes\/images\/media\/document.png"},"filename":"D\u00e9clarations de produit environnemental (EPD)","protected":false,"doclang":"Multi","externalkey":"Umweltproduktdeklaration","docpos":"50"},{"download":false,"filename":"Fiche de donn\u00e9es de s\u00e9curit\u00e9","protected":true,"doclang":"FR","externalkey":"Sicherheitsdatenblatt","docpos":"3"}],"einstellungen":null,"background_color":"bg-none","background_color_content":"bg-none"}},"included_in_systems":{"module_included_in_systems":{"":null,"background_color":"bg-gray-medium","background_color_content":"bg-none"}},"contact":{"module_contact":{"":null,"background_color":"bg-none","background_color_content":"bg-none"}},"ausschreibende":{"module_ausschreibende":{"andern_sie_den_inhalt_unter_universelle_elemente":null,"background_color":"bg-none","background_color_content":"bg-none"}}},"yoast_head":"<!-- This site is optimized with the Yoast SEO plugin v27.0 - https:\/\/yoast.com\/product\/yoast-seo-wordpress\/ -->\n<title>Mortier PU-BETON 4045 nivellant, de haute qualit\u00e9 | KLB K\u00f6tztal<\/title>\n<meta name=\"description\" content=\"Mortier d&#039;\u00e9galisation PU-BETON 4045 \u00e0 3 composants, de haute qualit\u00e9, bouche-pore | KLB rev\u00eatements r\u00e9sine synth\u00e9tique \u2714\ufe0f\u00e9clats, d\u00e9fauts, substrats rugueux\" \/>\n<meta name=\"robots\" content=\"noindex, follow, max-snippet:-1, max-image-preview:large, max-video-preview:-1\" \/>\n<meta property=\"og:locale\" content=\"fr_FR\" \/>\n<meta property=\"og:type\" content=\"article\" \/>\n<meta property=\"og:title\" content=\"Mortier PU-BETON 4045 nivellant, de haute qualit\u00e9 | KLB K\u00f6tztal\" \/>\n<meta property=\"og:description\" content=\"Mortier d&#039;\u00e9galisation PU-BETON 4045 \u00e0 3 composants, de haute qualit\u00e9, bouche-pore | KLB rev\u00eatements r\u00e9sine synth\u00e9tique \u2714\ufe0f\u00e9clats, d\u00e9fauts, substrats rugueux\" \/>\n<meta property=\"og:url\" content=\"https:\/\/dev.klb-koetztal.de\/fr\/produkt\/chemoresin-pu-beton-4045\/\" \/>\n<meta property=\"og:site_name\" content=\"KLB K\u00f6tztal\" \/>\n<meta property=\"article:publisher\" content=\"https:\/\/www.facebook.com\/klbkoetztal\" \/>\n<meta property=\"article:modified_time\" content=\"2026-02-25T11:00:49+00:00\" \/>\n<meta property=\"og:image\" content=\"https:\/\/dev.klb-koetztal.de\/app\/uploads\/2024\/02\/CHEMORESIN_PU-BETON_4045_37_kg_500px.jpg\" \/>\n\t<meta property=\"og:image:width\" content=\"500\" \/>\n\t<meta property=\"og:image:height\" content=\"500\" \/>\n\t<meta property=\"og:image:type\" content=\"image\/jpeg\" \/>\n<meta name=\"twitter:card\" content=\"summary_large_image\" \/>\n<script type=\"application\/ld+json\" class=\"yoast-schema-graph\">{\"@context\":\"https:\/\/schema.org\",\"@graph\":[{\"@type\":\"WebPage\",\"@id\":\"https:\/\/dev.klb-koetztal.de\/fr\/produkt\/chemoresin-pu-beton-4045\/\",\"url\":\"https:\/\/dev.klb-koetztal.de\/fr\/produkt\/chemoresin-pu-beton-4045\/\",\"name\":\"Mortier PU-BETON 4045 nivellant, de haute qualit\u00e9 | KLB K\u00f6tztal\",\"isPartOf\":{\"@id\":\"https:\/\/dev.klb-koetztal.de\/fr\/#website\"},\"primaryImageOfPage\":{\"@id\":\"https:\/\/dev.klb-koetztal.de\/fr\/produkt\/chemoresin-pu-beton-4045\/#primaryimage\"},\"image\":{\"@id\":\"https:\/\/dev.klb-koetztal.de\/fr\/produkt\/chemoresin-pu-beton-4045\/#primaryimage\"},\"thumbnailUrl\":\"https:\/\/dev.klb-koetztal.de\/app\/uploads\/2024\/02\/CHEMORESIN_PU-BETON_4045_37_kg_500px.jpg\",\"datePublished\":\"2024-02-01T09:51:36+00:00\",\"dateModified\":\"2026-02-25T11:00:49+00:00\",\"description\":\"Mortier d'\u00e9galisation PU-BETON 4045 \u00e0 3 composants, de haute qualit\u00e9, bouche-pore | KLB rev\u00eatements r\u00e9sine synth\u00e9tique \u2714\ufe0f\u00e9clats, d\u00e9fauts, substrats rugueux\",\"breadcrumb\":{\"@id\":\"https:\/\/dev.klb-koetztal.de\/fr\/produkt\/chemoresin-pu-beton-4045\/#breadcrumb\"},\"inLanguage\":\"fr-FR\",\"potentialAction\":[{\"@type\":\"ReadAction\",\"target\":[\"https:\/\/dev.klb-koetztal.de\/fr\/produkt\/chemoresin-pu-beton-4045\/\"]}]},{\"@type\":\"ImageObject\",\"inLanguage\":\"fr-FR\",\"@id\":\"https:\/\/dev.klb-koetztal.de\/fr\/produkt\/chemoresin-pu-beton-4045\/#primaryimage\",\"url\":\"https:\/\/dev.klb-koetztal.de\/app\/uploads\/2024\/02\/CHEMORESIN_PU-BETON_4045_37_kg_500px.jpg\",\"contentUrl\":\"https:\/\/dev.klb-koetztal.de\/app\/uploads\/2024\/02\/CHEMORESIN_PU-BETON_4045_37_kg_500px.jpg\",\"width\":500,\"height\":500},{\"@type\":\"BreadcrumbList\",\"@id\":\"https:\/\/dev.klb-koetztal.de\/fr\/produkt\/chemoresin-pu-beton-4045\/#breadcrumb\",\"itemListElement\":[{\"@type\":\"ListItem\",\"position\":1,\"name\":\"Startseite\",\"item\":\"https:\/\/dev.klb-koetztal.de\/fr\/\"},{\"@type\":\"ListItem\",\"position\":2,\"name\":\"CHEMORESIN PU-BETON 4045\"}]},{\"@type\":\"WebSite\",\"@id\":\"https:\/\/dev.klb-koetztal.de\/fr\/#website\",\"url\":\"https:\/\/dev.klb-koetztal.de\/fr\/\",\"name\":\"KLB K\u00f6tztal\",\"description\":\"Gute B\u00f6den haben ein System.\",\"potentialAction\":[{\"@type\":\"SearchAction\",\"target\":{\"@type\":\"EntryPoint\",\"urlTemplate\":\"https:\/\/dev.klb-koetztal.de\/fr\/?s={search_term_string}\"},\"query-input\":{\"@type\":\"PropertyValueSpecification\",\"valueRequired\":true,\"valueName\":\"search_term_string\"}}],\"inLanguage\":\"fr-FR\"}]}<\/script>\n<!-- \/ Yoast SEO plugin. -->","yoast_head_json":{"title":"Mortier PU-BETON 4045 nivellant, de haute qualit\u00e9 | KLB K\u00f6tztal","description":"Mortier d'\u00e9galisation PU-BETON 4045 \u00e0 3 composants, de haute qualit\u00e9, bouche-pore | KLB rev\u00eatements r\u00e9sine synth\u00e9tique \u2714\ufe0f\u00e9clats, d\u00e9fauts, substrats rugueux","robots":{"index":"noindex","follow":"follow","max-snippet":"max-snippet:-1","max-image-preview":"max-image-preview:large","max-video-preview":"max-video-preview:-1"},"og_locale":"fr_FR","og_type":"article","og_title":"Mortier PU-BETON 4045 nivellant, de haute qualit\u00e9 | KLB K\u00f6tztal","og_description":"Mortier d'\u00e9galisation PU-BETON 4045 \u00e0 3 composants, de haute qualit\u00e9, bouche-pore | KLB rev\u00eatements r\u00e9sine synth\u00e9tique \u2714\ufe0f\u00e9clats, d\u00e9fauts, substrats rugueux","og_url":"https:\/\/dev.klb-koetztal.de\/fr\/produkt\/chemoresin-pu-beton-4045\/","og_site_name":"KLB K\u00f6tztal","article_publisher":"https:\/\/www.facebook.com\/klbkoetztal","article_modified_time":"2026-02-25T11:00:49+00:00","og_image":[{"width":500,"height":500,"url":"https:\/\/dev.klb-koetztal.de\/app\/uploads\/2024\/02\/CHEMORESIN_PU-BETON_4045_37_kg_500px.jpg","type":"image\/jpeg"}],"twitter_card":"summary_large_image","schema":{"@context":"https:\/\/schema.org","@graph":[{"@type":"WebPage","@id":"https:\/\/dev.klb-koetztal.de\/fr\/produkt\/chemoresin-pu-beton-4045\/","url":"https:\/\/dev.klb-koetztal.de\/fr\/produkt\/chemoresin-pu-beton-4045\/","name":"Mortier PU-BETON 4045 nivellant, de haute qualit\u00e9 | KLB K\u00f6tztal","isPartOf":{"@id":"https:\/\/dev.klb-koetztal.de\/fr\/#website"},"primaryImageOfPage":{"@id":"https:\/\/dev.klb-koetztal.de\/fr\/produkt\/chemoresin-pu-beton-4045\/#primaryimage"},"image":{"@id":"https:\/\/dev.klb-koetztal.de\/fr\/produkt\/chemoresin-pu-beton-4045\/#primaryimage"},"thumbnailUrl":"https:\/\/dev.klb-koetztal.de\/app\/uploads\/2024\/02\/CHEMORESIN_PU-BETON_4045_37_kg_500px.jpg","datePublished":"2024-02-01T09:51:36+00:00","dateModified":"2026-02-25T11:00:49+00:00","description":"Mortier d'\u00e9galisation PU-BETON 4045 \u00e0 3 composants, de haute qualit\u00e9, bouche-pore | KLB rev\u00eatements r\u00e9sine synth\u00e9tique \u2714\ufe0f\u00e9clats, d\u00e9fauts, substrats rugueux","breadcrumb":{"@id":"https:\/\/dev.klb-koetztal.de\/fr\/produkt\/chemoresin-pu-beton-4045\/#breadcrumb"},"inLanguage":"fr-FR","potentialAction":[{"@type":"ReadAction","target":["https:\/\/dev.klb-koetztal.de\/fr\/produkt\/chemoresin-pu-beton-4045\/"]}]},{"@type":"ImageObject","inLanguage":"fr-FR","@id":"https:\/\/dev.klb-koetztal.de\/fr\/produkt\/chemoresin-pu-beton-4045\/#primaryimage","url":"https:\/\/dev.klb-koetztal.de\/app\/uploads\/2024\/02\/CHEMORESIN_PU-BETON_4045_37_kg_500px.jpg","contentUrl":"https:\/\/dev.klb-koetztal.de\/app\/uploads\/2024\/02\/CHEMORESIN_PU-BETON_4045_37_kg_500px.jpg","width":500,"height":500},{"@type":"BreadcrumbList","@id":"https:\/\/dev.klb-koetztal.de\/fr\/produkt\/chemoresin-pu-beton-4045\/#breadcrumb","itemListElement":[{"@type":"ListItem","position":1,"name":"Startseite","item":"https:\/\/dev.klb-koetztal.de\/fr\/"},{"@type":"ListItem","position":2,"name":"CHEMORESIN PU-BETON 4045"}]},{"@type":"WebSite","@id":"https:\/\/dev.klb-koetztal.de\/fr\/#website","url":"https:\/\/dev.klb-koetztal.de\/fr\/","name":"KLB K\u00f6tztal","description":"Gute B\u00f6den haben ein System.","potentialAction":[{"@type":"SearchAction","target":{"@type":"EntryPoint","urlTemplate":"https:\/\/dev.klb-koetztal.de\/fr\/?s={search_term_string}"},"query-input":{"@type":"PropertyValueSpecification","valueRequired":true,"valueName":"search_term_string"}}],"inLanguage":"fr-FR"}]}},"_links":{"self":[{"href":"https:\/\/dev.klb-koetztal.de\/fr\/wp-json\/wp\/v2\/product\/59827","targetHints":{"allow":["GET"]}}],"collection":[{"href":"https:\/\/dev.klb-koetztal.de\/fr\/wp-json\/wp\/v2\/product"}],"about":[{"href":"https:\/\/dev.klb-koetztal.de\/fr\/wp-json\/wp\/v2\/types\/product"}],"wp:featuredmedia":[{"embeddable":true,"href":"https:\/\/dev.klb-koetztal.de\/fr\/wp-json\/wp\/v2\/media\/59828"}],"wp:attachment":[{"href":"https:\/\/dev.klb-koetztal.de\/fr\/wp-json\/wp\/v2\/media?parent=59827"}],"wp:term":[{"taxonomy":"product_brand","embeddable":true,"href":"https:\/\/dev.klb-koetztal.de\/fr\/wp-json\/wp\/v2\/product_brand?post=59827"},{"taxonomy":"product_cat","embeddable":true,"href":"https:\/\/dev.klb-koetztal.de\/fr\/wp-json\/wp\/v2\/product_cat?post=59827"},{"taxonomy":"product_tag","embeddable":true,"href":"https:\/\/dev.klb-koetztal.de\/fr\/wp-json\/wp\/v2\/product_tag?post=59827"}],"curies":[{"name":"wp","href":"https:\/\/api.w.org\/{rel}","templated":true}]}}