{"id":59809,"date":"2024-02-01T10:51:19","date_gmt":"2024-02-01T09:51:19","guid":{"rendered":"https:\/\/www.klb-koetztal.de\/produkt\/chemoresin-pu-beton-4080\/"},"modified":"2026-02-25T12:01:58","modified_gmt":"2026-02-25T11:01:58","slug":"chemoresin-pu-beton-4080","status":"publish","type":"product","link":"https:\/\/dev.klb-koetztal.de\/fr\/produkt\/chemoresin-pu-beton-4080\/","title":{"rendered":"CHEMORESIN PU-BETON 4080"},"content":{"rendered":"","protected":false},"excerpt":{"rendered":"<p>Finition de t\u00eate PU-BETON \u00e0 3 composants, color\u00e9e et applicable \u00e0 la raclette pour les rev\u00eatements en CHEMORESIN PU-BETON saupoudr\u00e9s de sable quartzeux ou de corindon.&#160;Peut \u00eatre acc\u00e9l\u00e9r\u00e9 avec&#160;CHEMORESIN PU-BETON 4094 KAT pour un temps d&rsquo;installation plus court et une utilisation plus rapide.<br \/>\nDisponible dans les couleurs beige, gris, vert et rouge et dans certaines teintes sp\u00e9ciales.<\/p>\n","protected":false},"featured_media":59810,"template":"","meta":{"_acf_changed":false},"product_brand":[],"product_cat":[10392,10049,10042,10118,10061,10120,10038,10121],"product_tag":[],"class_list":{"0":"post-59809","1":"product","2":"type-product","3":"status-publish","4":"has-post-thumbnail","6":"product_cat-chemoresin_revetements-couches-de-fonds-et-de-scellement-en-beton-polyurethane","7":"product_cat-chemoresin-3","8":"product_cat-revetements","9":"product_cat-revetements_revetements-couches-de-fonds-et-de-scellement-en-beton-polyurethane","10":"product_cat-scellements-de-finition-pour-des-revetements-saupoudres","11":"product_cat-scellements-de-finition-pour-des-revetements-saupoudres_scellements-de-finition-en-beton-polyurethane","12":"product_cat-scellements-impregnations","13":"product_cat-scellements-impregnations_beton-en-polyurethane","15":"first","16":"instock","17":"shipping-taxable","18":"product-type-simple"},"acf":{"product_header":{"module_product_header":{"":null,"prototype_headline":{"headline":"CHEMORESIN PU-BETON 4080","h1":true,"subheadline":"Scellement de t\u00eate color\u00e9&#160;\u00e0 3 composants pour CHEMORESIN PU-BETON","anchor":"","url":""},"grid_text_slider":false,"grid_text_content":[{"text":"<p class=\"product-short-title\" style=\"text-align: center;\"><strong>Br\u00e8ve description<\/strong><\/p>\n<p>Finition de t\u00eate PU-BETON \u00e0 3 composants, color\u00e9e et applicable \u00e0 la raclette pour les rev\u00eatements en CHEMORESIN PU-BETON saupoudr\u00e9s de sable quartzeux ou de corindon.&#160;Peut \u00eatre acc\u00e9l\u00e9r\u00e9 avec&#160;CHEMORESIN PU-BETON 4094 KAT pour un temps d&rsquo;installation plus court et une utilisation plus rapide.<\/p>\n<p>Disponible dans les couleurs beige, gris, vert et rouge et dans certaines teintes sp\u00e9ciales.<\/p>\n","width":"4","background_color_text":"bg-white","border_color":"border-gray-light"},{"text":"<p class=\"product-sicing-title\" style=\"text-align: center;\"><strong>Unit\u00e9s d'emballage<\/strong><\/p>\n<ul>\n<li>AK6180-70 &#8211; Emballage en kit 7,60 kg<\/li>\n<li>AK6180-23 &#8211; Emballage en kit 22,80 kg<\/li>\n<\/ul>\n<p><\/p>\n<p>N&rsquo;h\u00e9sitez pas \u00e0 contacter directement pour toute demande concernant des quantit\u00e9s de livraison ou des unit\u00e9s de conditionnement plus importantes.<\/p>\n\n","width":"4","background_color_text":"bg-white","border_color":"border-gray-light"},{"text":"<p class=\"product-attr-title\" style=\"text-align: center;\"><strong>Propri\u00e9t\u00e9s<\/strong><\/p>\n<ul>\n<li>formulation faible en \u00e9missions<\/li>\n<li>certifi\u00e9 selon EMICODE\u00ae  EC 1PLUS<\/li>\n<li>conforme \u00e0 l&rsquo;AgBB et adapt\u00e9 aux salles de s\u00e9jour<\/li>\n<li>composant du syst\u00e8me PU-Beton<\/li>\n<li>r\u00e9sistant \u00e0 l&rsquo;abrasion et \u00e0 l&rsquo;usure<\/li>\n<li>r\u00e9sistant \u00e0 l&rsquo;eau chaude<\/li>\n<li>sans solvant<\/li>\n<li>surface color\u00e9e<\/li>\n<li>particuli\u00e8rement pour des rev\u00eatements antid\u00e9rapants<\/li>\n<li>bonne r\u00e9sistance chimique<\/li>\n<li>r\u00e9sistant \u00e0 la charge permanente de l\u2019eau<\/li>\n<li>disponible en plusieurs teintes<\/li>\n<li>mat<\/li>\n<li>acc\u00e9l\u00e9rable<\/li>\n<li>\u00e0 durcissement rapide<\/li>\n<li>utilisable \u00e0 partir de 5 \u00b0C avec acc\u00e9l\u00e9rateur<\/li>\n<\/ul>\n","width":"4","background_color_text":"bg-white","border_color":"border-gray-light"}],"background_color":"bg-none","background_color_content":"bg-none"}},"downloads":{"module_download_list":{"inhalt":null,"downloads":[{"download":{"ID":67975,"id":67975,"title":"CHEMORESIN_PU-BETON_4080__PI_fr_2025_11","filename":"CHEMORESIN_PU-BETON_4080__PI_fr_2025_11.pdf","filesize":1689381,"url":"https:\/\/dev.klb-koetztal.de\/app\/uploads\/2025\/11\/CHEMORESIN_PU-BETON_4080__PI_fr_2025_11.pdf","link":"https:\/\/dev.klb-koetztal.de\/fr\/?attachment_id=67975","alt":"","author":"7","description":"","caption":"","name":"chemoresin_pu-beton_4080__pi_fr_2025_11-2","status":"inherit","uploaded_to":0,"date":"2025-11-03 12:51:02","modified":"2025-11-03 12:51:02","menu_order":0,"mime_type":"application\/pdf","type":"application","subtype":"pdf","icon":"https:\/\/dev.klb-koetztal.de\/wp\/wp-includes\/images\/media\/document.png"},"filename":"Information produit","protected":false,"doclang":"FR","externalkey":"Produktinformation","docpos":"3"},{"download":{"ID":67511,"id":67511,"title":"CHEMORESIN_PU-BETON_4080__LE_fr_2025_09","filename":"CHEMORESIN_PU-BETON_4080__LE_fr_2025_09.pdf","filesize":816855,"url":"https:\/\/dev.klb-koetztal.de\/app\/uploads\/2025\/09\/CHEMORESIN_PU-BETON_4080__LE_fr_2025_09.pdf","link":"https:\/\/dev.klb-koetztal.de\/fr\/?attachment_id=67511","alt":"","author":"7","description":"","caption":"","name":"chemoresin_pu-beton_4080__le_fr_2025_09-2","status":"inherit","uploaded_to":0,"date":"2025-09-17 12:00:23","modified":"2025-09-17 12:00:23","menu_order":0,"mime_type":"application\/pdf","type":"application","subtype":"pdf","icon":"https:\/\/dev.klb-koetztal.de\/wp\/wp-includes\/images\/media\/document.png"},"filename":"D\u00e9claration de performance","protected":false,"doclang":"FR","externalkey":"Leistungserklaerung","docpos":"3"},{"download":{"ID":67672,"id":67672,"title":"CHEMORESIN_PU-BETON_4080_LE_en_2025_10","filename":"CHEMORESIN_PU-BETON_4080_LE_en_2025_10.pdf","filesize":819991,"url":"https:\/\/dev.klb-koetztal.de\/app\/uploads\/2025\/10\/CHEMORESIN_PU-BETON_4080_LE_en_2025_10.pdf","link":"https:\/\/dev.klb-koetztal.de\/fr\/?attachment_id=67672","alt":"","author":"7","description":"","caption":"","name":"chemoresin_pu-beton_4080_le_en_2025_10-2","status":"inherit","uploaded_to":0,"date":"2025-10-08 05:21:06","modified":"2025-10-08 05:21:06","menu_order":0,"mime_type":"application\/pdf","type":"application","subtype":"pdf","icon":"https:\/\/dev.klb-koetztal.de\/wp\/wp-includes\/images\/media\/document.png"},"filename":"Statement of performance","protected":false,"doclang":"GB","externalkey":"Leistungserklaerung","docpos":"2"},{"download":{"ID":59824,"id":59824,"title":"Chemoresin_PU-BETON_4080_Umwelt-Deklaration_2023-08-1","filename":"Chemoresin_PU-BETON_4080_Umwelt-Deklaration_2023-08-1.pdf","filesize":2568190,"url":"https:\/\/dev.klb-koetztal.de\/app\/uploads\/2024\/02\/Chemoresin_PU-BETON_4080_Umwelt-Deklaration_2023-08-1.pdf","link":"https:\/\/dev.klb-koetztal.de\/fr\/?attachment_id=59824","alt":"","author":"7","description":"","caption":"","name":"chemoresin_pu-beton_4080_umwelt-deklaration_2023-08-1-2","status":"inherit","uploaded_to":0,"date":"2024-02-01 09:51:30","modified":"2024-02-01 09:51:30","menu_order":0,"mime_type":"application\/pdf","type":"application","subtype":"pdf","icon":"https:\/\/dev.klb-koetztal.de\/wp\/wp-includes\/images\/media\/document.png"},"filename":"D\u00e9clarations de produit environnemental (EPD)","protected":false,"doclang":"Multi","externalkey":"Umweltproduktdeklaration","docpos":"50"},{"download":false,"filename":"Fiche de donn\u00e9es de s\u00e9curit\u00e9","protected":true,"doclang":"FR","externalkey":"Sicherheitsdatenblatt","docpos":"3"}],"einstellungen":null,"background_color":"bg-none","background_color_content":"bg-none"}},"included_in_systems":{"module_included_in_systems":{"":null,"background_color":"bg-gray-medium","background_color_content":"bg-none"}},"contact":{"module_contact":{"":null,"background_color":"bg-none","background_color_content":"bg-none"}},"ausschreibende":{"module_ausschreibende":{"andern_sie_den_inhalt_unter_universelle_elemente":null,"background_color":"bg-none","background_color_content":"bg-none"}}},"yoast_head":"<!-- This site is optimized with the Yoast SEO plugin v27.0 - https:\/\/yoast.com\/product\/yoast-seo-wordpress\/ -->\n<title>Finition de t\u00eate PU-BETON 4080 sans solvant, pigment\u00e9e | KLB<\/title>\n<meta name=\"description\" content=\"Finition PU-BETON 4080 tricomposant, sans solvant, r\u00e9sistance \u00e0 l&#039;abrasion et chimique pour le rouleau | KLB rev\u00eatements r\u00e9sine r\u00e9active \u2714\ufe0f sols saupoudr\u00e9s\" \/>\n<meta name=\"robots\" content=\"noindex, follow, max-snippet:-1, max-image-preview:large, max-video-preview:-1\" \/>\n<meta property=\"og:locale\" content=\"fr_FR\" \/>\n<meta property=\"og:type\" content=\"article\" \/>\n<meta property=\"og:title\" content=\"Finition de t\u00eate PU-BETON 4080 sans solvant, pigment\u00e9e | KLB\" \/>\n<meta property=\"og:description\" content=\"Finition PU-BETON 4080 tricomposant, sans solvant, r\u00e9sistance \u00e0 l&#039;abrasion et chimique pour le rouleau | KLB rev\u00eatements r\u00e9sine r\u00e9active \u2714\ufe0f sols saupoudr\u00e9s\" \/>\n<meta property=\"og:url\" content=\"https:\/\/dev.klb-koetztal.de\/fr\/produkt\/chemoresin-pu-beton-4080\/\" \/>\n<meta property=\"og:site_name\" content=\"KLB K\u00f6tztal\" \/>\n<meta property=\"article:publisher\" content=\"https:\/\/www.facebook.com\/klbkoetztal\" \/>\n<meta property=\"article:modified_time\" content=\"2026-02-25T11:01:58+00:00\" \/>\n<meta property=\"og:image\" content=\"https:\/\/dev.klb-koetztal.de\/app\/uploads\/2024\/02\/CHEMORESIN_PU-BETON_4080_76_kg_500px.jpg\" \/>\n\t<meta property=\"og:image:width\" content=\"500\" \/>\n\t<meta property=\"og:image:height\" content=\"500\" \/>\n\t<meta property=\"og:image:type\" content=\"image\/jpeg\" \/>\n<meta name=\"twitter:card\" content=\"summary_large_image\" \/>\n<script type=\"application\/ld+json\" class=\"yoast-schema-graph\">{\"@context\":\"https:\/\/schema.org\",\"@graph\":[{\"@type\":\"WebPage\",\"@id\":\"https:\/\/dev.klb-koetztal.de\/fr\/produkt\/chemoresin-pu-beton-4080\/\",\"url\":\"https:\/\/dev.klb-koetztal.de\/fr\/produkt\/chemoresin-pu-beton-4080\/\",\"name\":\"Finition de t\u00eate PU-BETON 4080 sans solvant, pigment\u00e9e | KLB\",\"isPartOf\":{\"@id\":\"https:\/\/dev.klb-koetztal.de\/fr\/#website\"},\"primaryImageOfPage\":{\"@id\":\"https:\/\/dev.klb-koetztal.de\/fr\/produkt\/chemoresin-pu-beton-4080\/#primaryimage\"},\"image\":{\"@id\":\"https:\/\/dev.klb-koetztal.de\/fr\/produkt\/chemoresin-pu-beton-4080\/#primaryimage\"},\"thumbnailUrl\":\"https:\/\/dev.klb-koetztal.de\/app\/uploads\/2024\/02\/CHEMORESIN_PU-BETON_4080_76_kg_500px.jpg\",\"datePublished\":\"2024-02-01T09:51:19+00:00\",\"dateModified\":\"2026-02-25T11:01:58+00:00\",\"description\":\"Finition PU-BETON 4080 tricomposant, sans solvant, r\u00e9sistance \u00e0 l'abrasion et chimique pour le rouleau | KLB rev\u00eatements r\u00e9sine r\u00e9active \u2714\ufe0f sols saupoudr\u00e9s\",\"breadcrumb\":{\"@id\":\"https:\/\/dev.klb-koetztal.de\/fr\/produkt\/chemoresin-pu-beton-4080\/#breadcrumb\"},\"inLanguage\":\"fr-FR\",\"potentialAction\":[{\"@type\":\"ReadAction\",\"target\":[\"https:\/\/dev.klb-koetztal.de\/fr\/produkt\/chemoresin-pu-beton-4080\/\"]}]},{\"@type\":\"ImageObject\",\"inLanguage\":\"fr-FR\",\"@id\":\"https:\/\/dev.klb-koetztal.de\/fr\/produkt\/chemoresin-pu-beton-4080\/#primaryimage\",\"url\":\"https:\/\/dev.klb-koetztal.de\/app\/uploads\/2024\/02\/CHEMORESIN_PU-BETON_4080_76_kg_500px.jpg\",\"contentUrl\":\"https:\/\/dev.klb-koetztal.de\/app\/uploads\/2024\/02\/CHEMORESIN_PU-BETON_4080_76_kg_500px.jpg\",\"width\":500,\"height\":500},{\"@type\":\"BreadcrumbList\",\"@id\":\"https:\/\/dev.klb-koetztal.de\/fr\/produkt\/chemoresin-pu-beton-4080\/#breadcrumb\",\"itemListElement\":[{\"@type\":\"ListItem\",\"position\":1,\"name\":\"Startseite\",\"item\":\"https:\/\/dev.klb-koetztal.de\/fr\/\"},{\"@type\":\"ListItem\",\"position\":2,\"name\":\"CHEMORESIN PU-BETON 4080\"}]},{\"@type\":\"WebSite\",\"@id\":\"https:\/\/dev.klb-koetztal.de\/fr\/#website\",\"url\":\"https:\/\/dev.klb-koetztal.de\/fr\/\",\"name\":\"KLB K\u00f6tztal\",\"description\":\"Gute B\u00f6den haben ein System.\",\"potentialAction\":[{\"@type\":\"SearchAction\",\"target\":{\"@type\":\"EntryPoint\",\"urlTemplate\":\"https:\/\/dev.klb-koetztal.de\/fr\/?s={search_term_string}\"},\"query-input\":{\"@type\":\"PropertyValueSpecification\",\"valueRequired\":true,\"valueName\":\"search_term_string\"}}],\"inLanguage\":\"fr-FR\"}]}<\/script>\n<!-- \/ Yoast SEO plugin. -->","yoast_head_json":{"title":"Finition de t\u00eate PU-BETON 4080 sans solvant, pigment\u00e9e | KLB","description":"Finition PU-BETON 4080 tricomposant, sans solvant, r\u00e9sistance \u00e0 l'abrasion et chimique pour le rouleau | KLB rev\u00eatements r\u00e9sine r\u00e9active \u2714\ufe0f sols saupoudr\u00e9s","robots":{"index":"noindex","follow":"follow","max-snippet":"max-snippet:-1","max-image-preview":"max-image-preview:large","max-video-preview":"max-video-preview:-1"},"og_locale":"fr_FR","og_type":"article","og_title":"Finition de t\u00eate PU-BETON 4080 sans solvant, pigment\u00e9e | KLB","og_description":"Finition PU-BETON 4080 tricomposant, sans solvant, r\u00e9sistance \u00e0 l'abrasion et chimique pour le rouleau | KLB rev\u00eatements r\u00e9sine r\u00e9active \u2714\ufe0f sols saupoudr\u00e9s","og_url":"https:\/\/dev.klb-koetztal.de\/fr\/produkt\/chemoresin-pu-beton-4080\/","og_site_name":"KLB K\u00f6tztal","article_publisher":"https:\/\/www.facebook.com\/klbkoetztal","article_modified_time":"2026-02-25T11:01:58+00:00","og_image":[{"width":500,"height":500,"url":"https:\/\/dev.klb-koetztal.de\/app\/uploads\/2024\/02\/CHEMORESIN_PU-BETON_4080_76_kg_500px.jpg","type":"image\/jpeg"}],"twitter_card":"summary_large_image","schema":{"@context":"https:\/\/schema.org","@graph":[{"@type":"WebPage","@id":"https:\/\/dev.klb-koetztal.de\/fr\/produkt\/chemoresin-pu-beton-4080\/","url":"https:\/\/dev.klb-koetztal.de\/fr\/produkt\/chemoresin-pu-beton-4080\/","name":"Finition de t\u00eate PU-BETON 4080 sans solvant, pigment\u00e9e | KLB","isPartOf":{"@id":"https:\/\/dev.klb-koetztal.de\/fr\/#website"},"primaryImageOfPage":{"@id":"https:\/\/dev.klb-koetztal.de\/fr\/produkt\/chemoresin-pu-beton-4080\/#primaryimage"},"image":{"@id":"https:\/\/dev.klb-koetztal.de\/fr\/produkt\/chemoresin-pu-beton-4080\/#primaryimage"},"thumbnailUrl":"https:\/\/dev.klb-koetztal.de\/app\/uploads\/2024\/02\/CHEMORESIN_PU-BETON_4080_76_kg_500px.jpg","datePublished":"2024-02-01T09:51:19+00:00","dateModified":"2026-02-25T11:01:58+00:00","description":"Finition PU-BETON 4080 tricomposant, sans solvant, r\u00e9sistance \u00e0 l'abrasion et chimique pour le rouleau | KLB rev\u00eatements r\u00e9sine r\u00e9active \u2714\ufe0f sols saupoudr\u00e9s","breadcrumb":{"@id":"https:\/\/dev.klb-koetztal.de\/fr\/produkt\/chemoresin-pu-beton-4080\/#breadcrumb"},"inLanguage":"fr-FR","potentialAction":[{"@type":"ReadAction","target":["https:\/\/dev.klb-koetztal.de\/fr\/produkt\/chemoresin-pu-beton-4080\/"]}]},{"@type":"ImageObject","inLanguage":"fr-FR","@id":"https:\/\/dev.klb-koetztal.de\/fr\/produkt\/chemoresin-pu-beton-4080\/#primaryimage","url":"https:\/\/dev.klb-koetztal.de\/app\/uploads\/2024\/02\/CHEMORESIN_PU-BETON_4080_76_kg_500px.jpg","contentUrl":"https:\/\/dev.klb-koetztal.de\/app\/uploads\/2024\/02\/CHEMORESIN_PU-BETON_4080_76_kg_500px.jpg","width":500,"height":500},{"@type":"BreadcrumbList","@id":"https:\/\/dev.klb-koetztal.de\/fr\/produkt\/chemoresin-pu-beton-4080\/#breadcrumb","itemListElement":[{"@type":"ListItem","position":1,"name":"Startseite","item":"https:\/\/dev.klb-koetztal.de\/fr\/"},{"@type":"ListItem","position":2,"name":"CHEMORESIN PU-BETON 4080"}]},{"@type":"WebSite","@id":"https:\/\/dev.klb-koetztal.de\/fr\/#website","url":"https:\/\/dev.klb-koetztal.de\/fr\/","name":"KLB K\u00f6tztal","description":"Gute B\u00f6den haben ein System.","potentialAction":[{"@type":"SearchAction","target":{"@type":"EntryPoint","urlTemplate":"https:\/\/dev.klb-koetztal.de\/fr\/?s={search_term_string}"},"query-input":{"@type":"PropertyValueSpecification","valueRequired":true,"valueName":"search_term_string"}}],"inLanguage":"fr-FR"}]}},"_links":{"self":[{"href":"https:\/\/dev.klb-koetztal.de\/fr\/wp-json\/wp\/v2\/product\/59809","targetHints":{"allow":["GET"]}}],"collection":[{"href":"https:\/\/dev.klb-koetztal.de\/fr\/wp-json\/wp\/v2\/product"}],"about":[{"href":"https:\/\/dev.klb-koetztal.de\/fr\/wp-json\/wp\/v2\/types\/product"}],"wp:featuredmedia":[{"embeddable":true,"href":"https:\/\/dev.klb-koetztal.de\/fr\/wp-json\/wp\/v2\/media\/59810"}],"wp:attachment":[{"href":"https:\/\/dev.klb-koetztal.de\/fr\/wp-json\/wp\/v2\/media?parent=59809"}],"wp:term":[{"taxonomy":"product_brand","embeddable":true,"href":"https:\/\/dev.klb-koetztal.de\/fr\/wp-json\/wp\/v2\/product_brand?post=59809"},{"taxonomy":"product_cat","embeddable":true,"href":"https:\/\/dev.klb-koetztal.de\/fr\/wp-json\/wp\/v2\/product_cat?post=59809"},{"taxonomy":"product_tag","embeddable":true,"href":"https:\/\/dev.klb-koetztal.de\/fr\/wp-json\/wp\/v2\/product_tag?post=59809"}],"curies":[{"name":"wp","href":"https:\/\/api.w.org\/{rel}","templated":true}]}}