{"id":59791,"date":"2024-02-01T10:51:03","date_gmt":"2024-02-01T09:51:03","guid":{"rendered":"https:\/\/www.klb-koetztal.de\/produkt\/chemoresin-pu-beton-4051\/"},"modified":"2026-02-25T12:01:08","modified_gmt":"2026-02-25T11:01:08","slug":"chemoresin-pu-beton-4051","status":"publish","type":"product","link":"https:\/\/dev.klb-koetztal.de\/fr\/produkt\/chemoresin-pu-beton-4051\/","title":{"rendered":"CHEMORESIN&#160;PU-BETON 4051"},"content":{"rendered":"","protected":false},"excerpt":{"rendered":"<p>Primaire PU-BETON \u00e0 3 composants comme couche de base et composant de syst\u00e8me pour les rev\u00eatements CHEMORESIN PU-BETON. Optimise l&rsquo;adh\u00e9rence et r\u00e9duit la formation de bulles.<br \/>\nPeut \u00eatre acc\u00e9l\u00e9r\u00e9 avec&#160;CHEMORESIN PU-BETON 4094 KAT pour r\u00e9duire les temps d&rsquo;installation.<\/p>\n","protected":false},"featured_media":59792,"template":"","meta":{"_acf_changed":false},"product_brand":[],"product_cat":[10392,10049,10042,10118],"product_tag":[],"class_list":{"0":"post-59791","1":"product","2":"type-product","3":"status-publish","4":"has-post-thumbnail","6":"product_cat-chemoresin_revetements-couches-de-fonds-et-de-scellement-en-beton-polyurethane","7":"product_cat-chemoresin-3","8":"product_cat-revetements","9":"product_cat-revetements_revetements-couches-de-fonds-et-de-scellement-en-beton-polyurethane","11":"first","12":"instock","13":"shipping-taxable","14":"product-type-simple"},"acf":{"product_header":{"module_product_header":{"":null,"prototype_headline":{"headline":"CHEMORESIN&#160;PU-BETON 4051","h1":true,"subheadline":"Primaire syst\u00e8me PU-BETON \u00e0 3 composants pour les rev\u00eatements PU-BETON, peut \u00eatre acc\u00e9l\u00e9r\u00e9","anchor":"","url":""},"grid_text_slider":false,"grid_text_content":[{"text":"<p class=\"product-short-title\" style=\"text-align: center;\"><strong>Br\u00e8ve description<\/strong><\/p>\n<p>Primaire PU-BETON \u00e0 3 composants comme couche de base et composant de syst\u00e8me pour les rev\u00eatements CHEMORESIN PU-BETON. Optimise l&rsquo;adh\u00e9rence et r\u00e9duit la formation de bulles.<\/p>\n<p>Peut \u00eatre acc\u00e9l\u00e9r\u00e9 avec&#160;CHEMORESIN PU-BETON 4094 KAT pour r\u00e9duire les temps d&rsquo;installation.<\/p>\n","width":"4","background_color_text":"bg-white","border_color":"border-gray-light"},{"text":"<p class=\"product-sicing-title\" style=\"text-align: center;\"><strong>Unit\u00e9s d'emballage<\/strong><\/p>\n<ul>\n<li>AK6180-51 &#8211; Emballage en kit 6,00 kg<\/li>\n<li>AK6180-45 &#8211; Emballage en kit 18,00 kg<\/li>\n<\/ul>\n<p><\/p>\n<p>N&rsquo;h\u00e9sitez pas \u00e0 contacter directement pour toute demande concernant des quantit\u00e9s de livraison ou des unit\u00e9s de conditionnement plus importantes.<\/p>\n\n","width":"4","background_color_text":"bg-white","border_color":"border-gray-light"},{"text":"<p class=\"product-attr-title\" style=\"text-align: center;\"><strong>Propri\u00e9t\u00e9s<\/strong><\/p>\n<ul>\n<li>formulation faible en \u00e9missions<\/li>\n<li>certifi\u00e9 selon EMICODE\u00ae  EC 1PLUS<\/li>\n<li>conforme \u00e0 l&rsquo;AgBB et adapt\u00e9 aux salles de s\u00e9jour<\/li>\n<li>composant du syst\u00e8me PU-Beton<\/li>\n<li>pr\u00eat \u00e0 l&#8217;emploi<\/li>\n<li>sans solvant<\/li>\n<li>bonne r\u00e9sistance \u00e0 l&rsquo;eau et aux produits chimiques<\/li>\n<li>utilisation simple<\/li>\n<li>bonne adh\u00e9rence interm\u00e9diaire<\/li>\n<li>acc\u00e9l\u00e9rable<\/li>\n<li>\u00e0 durcissement rapide<\/li>\n<li>utilisable \u00e0 partir de 5 \u00b0C avec acc\u00e9l\u00e9rateur<\/li>\n<\/ul>\n","width":"4","background_color_text":"bg-white","border_color":"border-gray-light"}],"background_color":"bg-none","background_color_content":"bg-none"}},"downloads":{"module_download_list":{"inhalt":null,"downloads":[{"download":{"ID":63979,"id":63979,"title":"CHEMORESIN_PU-BETON_4051__PI_fr_2024_12","filename":"CHEMORESIN_PU-BETON_4051__PI_fr_2024_12.pdf","filesize":894765,"url":"https:\/\/dev.klb-koetztal.de\/app\/uploads\/2024\/12\/CHEMORESIN_PU-BETON_4051__PI_fr_2024_12.pdf","link":"https:\/\/dev.klb-koetztal.de\/fr\/?attachment_id=63979","alt":"","author":"7","description":"","caption":"","name":"chemoresin_pu-beton_4051__pi_fr_2024_12-2","status":"inherit","uploaded_to":0,"date":"2024-12-02 12:30:23","modified":"2024-12-02 12:30:23","menu_order":0,"mime_type":"application\/pdf","type":"application","subtype":"pdf","icon":"https:\/\/dev.klb-koetztal.de\/wp\/wp-includes\/images\/media\/document.png"},"filename":"Information produit","protected":false,"doclang":"FR","externalkey":"Produktinformation","docpos":"3"},{"download":{"ID":59910,"id":59910,"title":"CHEMORESIN_PU-BETON_4051_LE_en_2024_02","filename":"CHEMORESIN_PU-BETON_4051_LE_en_2024_02.pdf","filesize":254685,"url":"https:\/\/dev.klb-koetztal.de\/app\/uploads\/2024\/02\/CHEMORESIN_PU-BETON_4051_LE_en_2024_02.pdf","link":"https:\/\/dev.klb-koetztal.de\/fr\/?attachment_id=59910","alt":"","author":"7","description":"","caption":"","name":"chemoresin_pu-beton_4051_le_en_2024_02-2","status":"inherit","uploaded_to":0,"date":"2024-02-02 06:20:11","modified":"2024-02-02 06:20:11","menu_order":0,"mime_type":"application\/pdf","type":"application","subtype":"pdf","icon":"https:\/\/dev.klb-koetztal.de\/wp\/wp-includes\/images\/media\/document.png"},"filename":"Statement of performance","protected":false,"doclang":"GB","externalkey":"Leistungserklaerung","docpos":"2"},{"download":{"ID":59913,"id":59913,"title":"CHEMORESIN_PU-BETON_4051_LE_fr_2024_02","filename":"CHEMORESIN_PU-BETON_4051_LE_fr_2024_02.pdf","filesize":257009,"url":"https:\/\/dev.klb-koetztal.de\/app\/uploads\/2024\/02\/CHEMORESIN_PU-BETON_4051_LE_fr_2024_02.pdf","link":"https:\/\/dev.klb-koetztal.de\/fr\/?attachment_id=59913","alt":"","author":"7","description":"","caption":"","name":"chemoresin_pu-beton_4051_le_fr_2024_02-2","status":"inherit","uploaded_to":0,"date":"2024-02-02 06:20:13","modified":"2024-02-02 06:20:13","menu_order":0,"mime_type":"application\/pdf","type":"application","subtype":"pdf","icon":"https:\/\/dev.klb-koetztal.de\/wp\/wp-includes\/images\/media\/document.png"},"filename":"D\u00e9claration de performance","protected":false,"doclang":"FR","externalkey":"Leistungserklaerung","docpos":"3"},{"download":{"ID":59806,"id":59806,"title":"Chemoresin_PU-BETON_4051_Umwelt-Deklaration_2023-08","filename":"Chemoresin_PU-BETON_4051_Umwelt-Deklaration_2023-08.pdf","filesize":2587531,"url":"https:\/\/dev.klb-koetztal.de\/app\/uploads\/2024\/02\/Chemoresin_PU-BETON_4051_Umwelt-Deklaration_2023-08.pdf","link":"https:\/\/dev.klb-koetztal.de\/fr\/?attachment_id=59806","alt":"","author":"7","description":"","caption":"","name":"chemoresin_pu-beton_4051_umwelt-deklaration_2023-08-2","status":"inherit","uploaded_to":0,"date":"2024-02-01 09:51:14","modified":"2024-02-01 09:51:14","menu_order":0,"mime_type":"application\/pdf","type":"application","subtype":"pdf","icon":"https:\/\/dev.klb-koetztal.de\/wp\/wp-includes\/images\/media\/document.png"},"filename":"D\u00e9clarations de produit environnemental (EPD)","protected":false,"doclang":"Multi","externalkey":"Umweltproduktdeklaration","docpos":"50"},{"download":false,"filename":"Fiche de donn\u00e9es de s\u00e9curit\u00e9","protected":true,"doclang":"FR","externalkey":"Sicherheitsdatenblatt","docpos":"3"}],"einstellungen":null,"background_color":"bg-none","background_color_content":"bg-none"}},"included_in_systems":{"module_included_in_systems":{"":null,"background_color":"bg-gray-medium","background_color_content":"bg-none"}},"contact":{"module_contact":{"":null,"background_color":"bg-none","background_color_content":"bg-none"}},"ausschreibende":{"module_ausschreibende":{"andern_sie_den_inhalt_unter_universelle_elemente":null,"background_color":"bg-none","background_color_content":"bg-none"}}},"yoast_head":"<!-- This site is optimized with the Yoast SEO plugin v27.0 - https:\/\/yoast.com\/product\/yoast-seo-wordpress\/ -->\n<title>Primaire PU-BETON 4051 sans solvant, r\u00e9silient | KLB<\/title>\n<meta name=\"description\" content=\"Primaire PU-BETON 4051 \u00e0 3 composants, hautement r\u00e9silient, sans solvant pour le rouleau | KLB rev\u00eatements de sol \u2714\ufe0f r\u00e9sistant \u00e0 l&#039;eau chaude et aux chimiques\" \/>\n<meta name=\"robots\" content=\"noindex, follow, max-snippet:-1, max-image-preview:large, max-video-preview:-1\" \/>\n<meta property=\"og:locale\" content=\"fr_FR\" \/>\n<meta property=\"og:type\" content=\"article\" \/>\n<meta property=\"og:title\" content=\"Primaire PU-BETON 4051 sans solvant, r\u00e9silient | KLB\" \/>\n<meta property=\"og:description\" content=\"Primaire PU-BETON 4051 \u00e0 3 composants, hautement r\u00e9silient, sans solvant pour le rouleau | KLB rev\u00eatements de sol \u2714\ufe0f r\u00e9sistant \u00e0 l&#039;eau chaude et aux chimiques\" \/>\n<meta property=\"og:url\" content=\"https:\/\/dev.klb-koetztal.de\/fr\/produkt\/chemoresin-pu-beton-4051\/\" \/>\n<meta property=\"og:site_name\" content=\"KLB K\u00f6tztal\" \/>\n<meta property=\"article:publisher\" content=\"https:\/\/www.facebook.com\/klbkoetztal\" \/>\n<meta property=\"article:modified_time\" content=\"2026-02-25T11:01:08+00:00\" \/>\n<meta property=\"og:image\" content=\"https:\/\/dev.klb-koetztal.de\/app\/uploads\/2024\/02\/CHEMORESIN_PU-BETON_4051_6_kg_500px.jpg\" \/>\n\t<meta property=\"og:image:width\" content=\"500\" \/>\n\t<meta property=\"og:image:height\" content=\"500\" \/>\n\t<meta property=\"og:image:type\" content=\"image\/jpeg\" \/>\n<meta name=\"twitter:card\" content=\"summary_large_image\" \/>\n<script type=\"application\/ld+json\" class=\"yoast-schema-graph\">{\"@context\":\"https:\/\/schema.org\",\"@graph\":[{\"@type\":\"WebPage\",\"@id\":\"https:\/\/dev.klb-koetztal.de\/fr\/produkt\/chemoresin-pu-beton-4051\/\",\"url\":\"https:\/\/dev.klb-koetztal.de\/fr\/produkt\/chemoresin-pu-beton-4051\/\",\"name\":\"Primaire PU-BETON 4051 sans solvant, r\u00e9silient | KLB\",\"isPartOf\":{\"@id\":\"https:\/\/dev.klb-koetztal.de\/fr\/#website\"},\"primaryImageOfPage\":{\"@id\":\"https:\/\/dev.klb-koetztal.de\/fr\/produkt\/chemoresin-pu-beton-4051\/#primaryimage\"},\"image\":{\"@id\":\"https:\/\/dev.klb-koetztal.de\/fr\/produkt\/chemoresin-pu-beton-4051\/#primaryimage\"},\"thumbnailUrl\":\"https:\/\/dev.klb-koetztal.de\/app\/uploads\/2024\/02\/CHEMORESIN_PU-BETON_4051_6_kg_500px.jpg\",\"datePublished\":\"2024-02-01T09:51:03+00:00\",\"dateModified\":\"2026-02-25T11:01:08+00:00\",\"description\":\"Primaire PU-BETON 4051 \u00e0 3 composants, hautement r\u00e9silient, sans solvant pour le rouleau | KLB rev\u00eatements de sol \u2714\ufe0f r\u00e9sistant \u00e0 l'eau chaude et aux chimiques\",\"breadcrumb\":{\"@id\":\"https:\/\/dev.klb-koetztal.de\/fr\/produkt\/chemoresin-pu-beton-4051\/#breadcrumb\"},\"inLanguage\":\"fr-FR\",\"potentialAction\":[{\"@type\":\"ReadAction\",\"target\":[\"https:\/\/dev.klb-koetztal.de\/fr\/produkt\/chemoresin-pu-beton-4051\/\"]}]},{\"@type\":\"ImageObject\",\"inLanguage\":\"fr-FR\",\"@id\":\"https:\/\/dev.klb-koetztal.de\/fr\/produkt\/chemoresin-pu-beton-4051\/#primaryimage\",\"url\":\"https:\/\/dev.klb-koetztal.de\/app\/uploads\/2024\/02\/CHEMORESIN_PU-BETON_4051_6_kg_500px.jpg\",\"contentUrl\":\"https:\/\/dev.klb-koetztal.de\/app\/uploads\/2024\/02\/CHEMORESIN_PU-BETON_4051_6_kg_500px.jpg\",\"width\":500,\"height\":500},{\"@type\":\"BreadcrumbList\",\"@id\":\"https:\/\/dev.klb-koetztal.de\/fr\/produkt\/chemoresin-pu-beton-4051\/#breadcrumb\",\"itemListElement\":[{\"@type\":\"ListItem\",\"position\":1,\"name\":\"Startseite\",\"item\":\"https:\/\/dev.klb-koetztal.de\/fr\/\"},{\"@type\":\"ListItem\",\"position\":2,\"name\":\"CHEMORESIN&#160;PU-BETON 4051\"}]},{\"@type\":\"WebSite\",\"@id\":\"https:\/\/dev.klb-koetztal.de\/fr\/#website\",\"url\":\"https:\/\/dev.klb-koetztal.de\/fr\/\",\"name\":\"KLB K\u00f6tztal\",\"description\":\"Gute B\u00f6den haben ein System.\",\"potentialAction\":[{\"@type\":\"SearchAction\",\"target\":{\"@type\":\"EntryPoint\",\"urlTemplate\":\"https:\/\/dev.klb-koetztal.de\/fr\/?s={search_term_string}\"},\"query-input\":{\"@type\":\"PropertyValueSpecification\",\"valueRequired\":true,\"valueName\":\"search_term_string\"}}],\"inLanguage\":\"fr-FR\"}]}<\/script>\n<!-- \/ Yoast SEO plugin. -->","yoast_head_json":{"title":"Primaire PU-BETON 4051 sans solvant, r\u00e9silient | KLB","description":"Primaire PU-BETON 4051 \u00e0 3 composants, hautement r\u00e9silient, sans solvant pour le rouleau | KLB rev\u00eatements de sol \u2714\ufe0f r\u00e9sistant \u00e0 l'eau chaude et aux chimiques","robots":{"index":"noindex","follow":"follow","max-snippet":"max-snippet:-1","max-image-preview":"max-image-preview:large","max-video-preview":"max-video-preview:-1"},"og_locale":"fr_FR","og_type":"article","og_title":"Primaire PU-BETON 4051 sans solvant, r\u00e9silient | KLB","og_description":"Primaire PU-BETON 4051 \u00e0 3 composants, hautement r\u00e9silient, sans solvant pour le rouleau | KLB rev\u00eatements de sol \u2714\ufe0f r\u00e9sistant \u00e0 l'eau chaude et aux chimiques","og_url":"https:\/\/dev.klb-koetztal.de\/fr\/produkt\/chemoresin-pu-beton-4051\/","og_site_name":"KLB K\u00f6tztal","article_publisher":"https:\/\/www.facebook.com\/klbkoetztal","article_modified_time":"2026-02-25T11:01:08+00:00","og_image":[{"width":500,"height":500,"url":"https:\/\/dev.klb-koetztal.de\/app\/uploads\/2024\/02\/CHEMORESIN_PU-BETON_4051_6_kg_500px.jpg","type":"image\/jpeg"}],"twitter_card":"summary_large_image","schema":{"@context":"https:\/\/schema.org","@graph":[{"@type":"WebPage","@id":"https:\/\/dev.klb-koetztal.de\/fr\/produkt\/chemoresin-pu-beton-4051\/","url":"https:\/\/dev.klb-koetztal.de\/fr\/produkt\/chemoresin-pu-beton-4051\/","name":"Primaire PU-BETON 4051 sans solvant, r\u00e9silient | KLB","isPartOf":{"@id":"https:\/\/dev.klb-koetztal.de\/fr\/#website"},"primaryImageOfPage":{"@id":"https:\/\/dev.klb-koetztal.de\/fr\/produkt\/chemoresin-pu-beton-4051\/#primaryimage"},"image":{"@id":"https:\/\/dev.klb-koetztal.de\/fr\/produkt\/chemoresin-pu-beton-4051\/#primaryimage"},"thumbnailUrl":"https:\/\/dev.klb-koetztal.de\/app\/uploads\/2024\/02\/CHEMORESIN_PU-BETON_4051_6_kg_500px.jpg","datePublished":"2024-02-01T09:51:03+00:00","dateModified":"2026-02-25T11:01:08+00:00","description":"Primaire PU-BETON 4051 \u00e0 3 composants, hautement r\u00e9silient, sans solvant pour le rouleau | KLB rev\u00eatements de sol \u2714\ufe0f r\u00e9sistant \u00e0 l'eau chaude et aux chimiques","breadcrumb":{"@id":"https:\/\/dev.klb-koetztal.de\/fr\/produkt\/chemoresin-pu-beton-4051\/#breadcrumb"},"inLanguage":"fr-FR","potentialAction":[{"@type":"ReadAction","target":["https:\/\/dev.klb-koetztal.de\/fr\/produkt\/chemoresin-pu-beton-4051\/"]}]},{"@type":"ImageObject","inLanguage":"fr-FR","@id":"https:\/\/dev.klb-koetztal.de\/fr\/produkt\/chemoresin-pu-beton-4051\/#primaryimage","url":"https:\/\/dev.klb-koetztal.de\/app\/uploads\/2024\/02\/CHEMORESIN_PU-BETON_4051_6_kg_500px.jpg","contentUrl":"https:\/\/dev.klb-koetztal.de\/app\/uploads\/2024\/02\/CHEMORESIN_PU-BETON_4051_6_kg_500px.jpg","width":500,"height":500},{"@type":"BreadcrumbList","@id":"https:\/\/dev.klb-koetztal.de\/fr\/produkt\/chemoresin-pu-beton-4051\/#breadcrumb","itemListElement":[{"@type":"ListItem","position":1,"name":"Startseite","item":"https:\/\/dev.klb-koetztal.de\/fr\/"},{"@type":"ListItem","position":2,"name":"CHEMORESIN&#160;PU-BETON 4051"}]},{"@type":"WebSite","@id":"https:\/\/dev.klb-koetztal.de\/fr\/#website","url":"https:\/\/dev.klb-koetztal.de\/fr\/","name":"KLB K\u00f6tztal","description":"Gute B\u00f6den haben ein System.","potentialAction":[{"@type":"SearchAction","target":{"@type":"EntryPoint","urlTemplate":"https:\/\/dev.klb-koetztal.de\/fr\/?s={search_term_string}"},"query-input":{"@type":"PropertyValueSpecification","valueRequired":true,"valueName":"search_term_string"}}],"inLanguage":"fr-FR"}]}},"_links":{"self":[{"href":"https:\/\/dev.klb-koetztal.de\/fr\/wp-json\/wp\/v2\/product\/59791","targetHints":{"allow":["GET"]}}],"collection":[{"href":"https:\/\/dev.klb-koetztal.de\/fr\/wp-json\/wp\/v2\/product"}],"about":[{"href":"https:\/\/dev.klb-koetztal.de\/fr\/wp-json\/wp\/v2\/types\/product"}],"wp:featuredmedia":[{"embeddable":true,"href":"https:\/\/dev.klb-koetztal.de\/fr\/wp-json\/wp\/v2\/media\/59792"}],"wp:attachment":[{"href":"https:\/\/dev.klb-koetztal.de\/fr\/wp-json\/wp\/v2\/media?parent=59791"}],"wp:term":[{"taxonomy":"product_brand","embeddable":true,"href":"https:\/\/dev.klb-koetztal.de\/fr\/wp-json\/wp\/v2\/product_brand?post=59791"},{"taxonomy":"product_cat","embeddable":true,"href":"https:\/\/dev.klb-koetztal.de\/fr\/wp-json\/wp\/v2\/product_cat?post=59791"},{"taxonomy":"product_tag","embeddable":true,"href":"https:\/\/dev.klb-koetztal.de\/fr\/wp-json\/wp\/v2\/product_tag?post=59791"}],"curies":[{"name":"wp","href":"https:\/\/api.w.org\/{rel}","templated":true}]}}