{"id":59517,"date":"2024-01-22T13:01:42","date_gmt":"2024-01-22T12:01:42","guid":{"rendered":"https:\/\/www.klb-koetztal.de\/produkt\/klb-system-epoxid-ep-82-fugenmastik\/"},"modified":"2026-02-25T11:48:33","modified_gmt":"2026-02-25T10:48:33","slug":"klb-system-epoxid-ep-82-fugenmastik","status":"publish","type":"product","link":"https:\/\/dev.klb-koetztal.de\/fr\/produkt\/klb-system-epoxid-ep-82-fugenmastik\/","title":{"rendered":"KLB-SYSTEM EPOXID EP&#160;82&#160;Fugenmastik"},"content":{"rendered":"","protected":false},"excerpt":{"rendered":"<p>Mati\u00e8re en r\u00e9sine \u00b4epoxy \u00e0 2 composants, p\u00e2teuse, sans solvants et modelable&#160;pour la r\u00e9alisation de gorges arrondies ou triangulaires, ainsi que pour le remplissage de joints, d&rsquo;\u00e9clats, de d\u00e9fauts, de trous ou \u00e9galement pour les couches d&rsquo;\u00e9galisation.<br \/>\nMati\u00e8re pr\u00eate \u00e0 l&#8217;emploi et stable avec une consistance souple, p\u00e2teuse qui est facile \u00e0 \u00e9taler et \u00e0 modeler. Peut \u00eatre tir\u00e9e \u00e0 z\u00e9ro. \u00c0 durcissement rapide et sans retrait.<\/p>\n","protected":false},"featured_media":66483,"template":"","meta":{"_acf_changed":false},"product_brand":[],"product_cat":[10036,10113,10093],"product_tag":[],"class_list":{"0":"post-59517","1":"product","2":"type-product","3":"status-publish","4":"has-post-thumbnail","6":"product_cat-mortier-prefabrique-resines-pour-gorges-annulaires-resines-de-renovation-dinjection-et-de-joints","7":"product_cat-mortier-prefabrique-resines-pour-gorges-annulaires-resines-de-renovation-dinjection-et-de-joints_resines-pour-gorges-annulaires","8":"product_cat-mortier-prefabrique-resines-pour-gorges-annulaires-resines-de-renovation-dinjection-et-de-joints_resines-de-joints","10":"first","11":"instock","12":"shipping-taxable","13":"product-type-simple"},"acf":{"product_header":{"module_product_header":{"":null,"prototype_headline":{"headline":"KLB-SYSTEM EPOXID EP&#160;82&#160;Fugenmastik","h1":true,"subheadline":"Mastic en r\u00e9sine \u00b4epoxy \u00e0 2 composants et&#160;p\u00e2teux pour la formation de gorges arrondies modelables et les travaux de r\u00e9paration","anchor":"","url":""},"grid_text_slider":false,"grid_text_content":[{"text":"<p class=\"product-short-title\" style=\"text-align: center;\"><strong>Br\u00e8ve description<\/strong><\/p>\n<p>Mati\u00e8re en r\u00e9sine \u00b4epoxy \u00e0 2 composants, p\u00e2teuse, sans solvants et modelable&#160;pour la r\u00e9alisation de gorges arrondies ou triangulaires, ainsi que pour le remplissage de joints, d&rsquo;\u00e9clats, de d\u00e9fauts, de trous ou \u00e9galement pour les couches d&rsquo;\u00e9galisation.<\/p>\n<p>Mati\u00e8re pr\u00eate \u00e0 l&#8217;emploi et stable avec une consistance souple, p\u00e2teuse qui est facile \u00e0 \u00e9taler et \u00e0 modeler. Peut \u00eatre tir\u00e9e \u00e0 z\u00e9ro. \u00c0 durcissement rapide et sans retrait.<\/p>\n","width":"4","background_color_text":"bg-white","border_color":"border-gray-light"},{"text":"<p class=\"product-sicing-title\" style=\"text-align: center;\"><strong>Unit\u00e9s d'emballage<\/strong><\/p>\n<ul>\n<li>AK3039-58 &#8211; Combinaison Seau 7,00 kg<\/li>\n<\/ul>\n<p><\/p>\n<p>N&rsquo;h\u00e9sitez pas \u00e0 contacter directement pour toute demande concernant des quantit\u00e9s de livraison ou des unit\u00e9s de conditionnement plus importantes.<\/p>\n\n","width":"4","background_color_text":"bg-white","border_color":"border-gray-light"},{"text":"<p class=\"product-attr-title\" style=\"text-align: center;\"><strong>Propri\u00e9t\u00e9s<\/strong><\/p>\n<ul>\n<li>consistance stable<\/li>\n<li>utilisation simple<\/li>\n<li>\u00e9galisable jusqu&rsquo;\u00e0 0 mm<\/li>\n<li>\u00e0 durcissement rapide<\/li>\n<li>Total Solid selon GISCODE (m\u00e9thode d&rsquo;essai de \u00ab Deutsche Bauchemie \u00bb, l&rsquo;association all. pour la chimie de construction)<\/li>\n<li>bonnes propri\u00e9t\u00e9s de traitement<\/li>\n<li>bonne r\u00e9sistance \u00e0 l&rsquo;eau et aux produits chimiques<\/li>\n<\/ul>\n","width":"4","background_color_text":"bg-white","border_color":"border-gray-light"}],"background_color":"bg-none","background_color_content":"bg-none"}},"downloads":{"module_download_list":{"inhalt":null,"downloads":[{"download":{"ID":67120,"id":67120,"title":"EP_82_Fugenmastik_PI_fr_2025_08","filename":"EP_82_Fugenmastik_PI_fr_2025_08.pdf","filesize":1044195,"url":"https:\/\/dev.klb-koetztal.de\/app\/uploads\/2025\/08\/EP_82_Fugenmastik_PI_fr_2025_08.pdf","link":"https:\/\/dev.klb-koetztal.de\/fr\/?attachment_id=67120","alt":"","author":"7","description":"","caption":"","name":"ep_82_fugenmastik_pi_fr_2025_08-2","status":"inherit","uploaded_to":0,"date":"2025-08-21 07:50:15","modified":"2025-08-21 07:50:15","menu_order":0,"mime_type":"application\/pdf","type":"application","subtype":"pdf","icon":"https:\/\/dev.klb-koetztal.de\/wp\/wp-includes\/images\/media\/document.png"},"filename":"Information produit","protected":false,"doclang":"FR","externalkey":"Produktinformation","docpos":"3"}],"einstellungen":null,"background_color":"bg-none","background_color_content":"bg-none"}},"included_in_systems":{"module_included_in_systems":{"":null,"background_color":"bg-gray-medium","background_color_content":"bg-none"}},"contact":{"module_contact":{"":null,"background_color":"bg-none","background_color_content":"bg-none"}},"ausschreibende":{"module_ausschreibende":{"andern_sie_den_inhalt_unter_universelle_elemente":null,"background_color":"bg-none","background_color_content":"bg-none"}}},"yoast_head":"<!-- This site is optimized with the Yoast SEO plugin v27.0 - https:\/\/yoast.com\/product\/yoast-seo-wordpress\/ -->\n<title>Adh\u00e9sif EP 82 thixotropique | KLB K\u00f6tztal<\/title>\n<meta name=\"description\" content=\"Adh\u00e9sif EP82 rigide, thixotrophique, sans solvant | KLB sol \u2714\ufe0f collage de b\u00e9ton, bois, panneaux d&#039;agglom\u00e9r\u00e9, coussins isolants, remplir les joints\" \/>\n<meta name=\"robots\" content=\"noindex, follow, max-snippet:-1, max-image-preview:large, max-video-preview:-1\" \/>\n<meta property=\"og:locale\" content=\"fr_FR\" \/>\n<meta property=\"og:type\" content=\"article\" \/>\n<meta property=\"og:title\" content=\"Adh\u00e9sif EP 82 thixotropique | KLB K\u00f6tztal\" \/>\n<meta property=\"og:description\" content=\"Adh\u00e9sif EP82 rigide, thixotrophique, sans solvant | KLB sol \u2714\ufe0f collage de b\u00e9ton, bois, panneaux d&#039;agglom\u00e9r\u00e9, coussins isolants, remplir les joints\" \/>\n<meta property=\"og:url\" content=\"https:\/\/dev.klb-koetztal.de\/fr\/produkt\/klb-system-epoxid-ep-82-fugenmastik\/\" \/>\n<meta property=\"og:site_name\" content=\"KLB K\u00f6tztal\" \/>\n<meta property=\"article:publisher\" content=\"https:\/\/www.facebook.com\/klbkoetztal\" \/>\n<meta property=\"article:modified_time\" content=\"2026-02-25T10:48:33+00:00\" \/>\n<meta property=\"og:image\" content=\"https:\/\/dev.klb-koetztal.de\/app\/uploads\/2025\/07\/EP_82_Fugenmastik_KLB_600px_web.jpg\" \/>\n\t<meta property=\"og:image:width\" content=\"600\" \/>\n\t<meta property=\"og:image:height\" content=\"600\" \/>\n\t<meta property=\"og:image:type\" content=\"image\/jpeg\" \/>\n<meta name=\"twitter:card\" content=\"summary_large_image\" \/>\n<script type=\"application\/ld+json\" class=\"yoast-schema-graph\">{\"@context\":\"https:\/\/schema.org\",\"@graph\":[{\"@type\":\"WebPage\",\"@id\":\"https:\/\/dev.klb-koetztal.de\/fr\/produkt\/klb-system-epoxid-ep-82-fugenmastik\/\",\"url\":\"https:\/\/dev.klb-koetztal.de\/fr\/produkt\/klb-system-epoxid-ep-82-fugenmastik\/\",\"name\":\"Adh\u00e9sif EP 82 thixotropique | KLB K\u00f6tztal\",\"isPartOf\":{\"@id\":\"https:\/\/dev.klb-koetztal.de\/fr\/#website\"},\"primaryImageOfPage\":{\"@id\":\"https:\/\/dev.klb-koetztal.de\/fr\/produkt\/klb-system-epoxid-ep-82-fugenmastik\/#primaryimage\"},\"image\":{\"@id\":\"https:\/\/dev.klb-koetztal.de\/fr\/produkt\/klb-system-epoxid-ep-82-fugenmastik\/#primaryimage\"},\"thumbnailUrl\":\"https:\/\/dev.klb-koetztal.de\/app\/uploads\/2025\/07\/EP_82_Fugenmastik_KLB_600px_web.jpg\",\"datePublished\":\"2024-01-22T12:01:42+00:00\",\"dateModified\":\"2026-02-25T10:48:33+00:00\",\"description\":\"Adh\u00e9sif EP82 rigide, thixotrophique, sans solvant | KLB sol \u2714\ufe0f collage de b\u00e9ton, bois, panneaux d'agglom\u00e9r\u00e9, coussins isolants, remplir les joints\",\"breadcrumb\":{\"@id\":\"https:\/\/dev.klb-koetztal.de\/fr\/produkt\/klb-system-epoxid-ep-82-fugenmastik\/#breadcrumb\"},\"inLanguage\":\"fr-FR\",\"potentialAction\":[{\"@type\":\"ReadAction\",\"target\":[\"https:\/\/dev.klb-koetztal.de\/fr\/produkt\/klb-system-epoxid-ep-82-fugenmastik\/\"]}]},{\"@type\":\"ImageObject\",\"inLanguage\":\"fr-FR\",\"@id\":\"https:\/\/dev.klb-koetztal.de\/fr\/produkt\/klb-system-epoxid-ep-82-fugenmastik\/#primaryimage\",\"url\":\"https:\/\/dev.klb-koetztal.de\/app\/uploads\/2025\/07\/EP_82_Fugenmastik_KLB_600px_web.jpg\",\"contentUrl\":\"https:\/\/dev.klb-koetztal.de\/app\/uploads\/2025\/07\/EP_82_Fugenmastik_KLB_600px_web.jpg\",\"width\":600,\"height\":600},{\"@type\":\"BreadcrumbList\",\"@id\":\"https:\/\/dev.klb-koetztal.de\/fr\/produkt\/klb-system-epoxid-ep-82-fugenmastik\/#breadcrumb\",\"itemListElement\":[{\"@type\":\"ListItem\",\"position\":1,\"name\":\"Startseite\",\"item\":\"https:\/\/dev.klb-koetztal.de\/fr\/\"},{\"@type\":\"ListItem\",\"position\":2,\"name\":\"KLB-SYSTEM EPOXID EP&#160;82&#160;Fugenmastik\"}]},{\"@type\":\"WebSite\",\"@id\":\"https:\/\/dev.klb-koetztal.de\/fr\/#website\",\"url\":\"https:\/\/dev.klb-koetztal.de\/fr\/\",\"name\":\"KLB K\u00f6tztal\",\"description\":\"Gute B\u00f6den haben ein System.\",\"potentialAction\":[{\"@type\":\"SearchAction\",\"target\":{\"@type\":\"EntryPoint\",\"urlTemplate\":\"https:\/\/dev.klb-koetztal.de\/fr\/?s={search_term_string}\"},\"query-input\":{\"@type\":\"PropertyValueSpecification\",\"valueRequired\":true,\"valueName\":\"search_term_string\"}}],\"inLanguage\":\"fr-FR\"}]}<\/script>\n<!-- \/ Yoast SEO plugin. -->","yoast_head_json":{"title":"Adh\u00e9sif EP 82 thixotropique | KLB K\u00f6tztal","description":"Adh\u00e9sif EP82 rigide, thixotrophique, sans solvant | KLB sol \u2714\ufe0f collage de b\u00e9ton, bois, panneaux d'agglom\u00e9r\u00e9, coussins isolants, remplir les joints","robots":{"index":"noindex","follow":"follow","max-snippet":"max-snippet:-1","max-image-preview":"max-image-preview:large","max-video-preview":"max-video-preview:-1"},"og_locale":"fr_FR","og_type":"article","og_title":"Adh\u00e9sif EP 82 thixotropique | KLB K\u00f6tztal","og_description":"Adh\u00e9sif EP82 rigide, thixotrophique, sans solvant | KLB sol \u2714\ufe0f collage de b\u00e9ton, bois, panneaux d'agglom\u00e9r\u00e9, coussins isolants, remplir les joints","og_url":"https:\/\/dev.klb-koetztal.de\/fr\/produkt\/klb-system-epoxid-ep-82-fugenmastik\/","og_site_name":"KLB K\u00f6tztal","article_publisher":"https:\/\/www.facebook.com\/klbkoetztal","article_modified_time":"2026-02-25T10:48:33+00:00","og_image":[{"width":600,"height":600,"url":"https:\/\/dev.klb-koetztal.de\/app\/uploads\/2025\/07\/EP_82_Fugenmastik_KLB_600px_web.jpg","type":"image\/jpeg"}],"twitter_card":"summary_large_image","schema":{"@context":"https:\/\/schema.org","@graph":[{"@type":"WebPage","@id":"https:\/\/dev.klb-koetztal.de\/fr\/produkt\/klb-system-epoxid-ep-82-fugenmastik\/","url":"https:\/\/dev.klb-koetztal.de\/fr\/produkt\/klb-system-epoxid-ep-82-fugenmastik\/","name":"Adh\u00e9sif EP 82 thixotropique | KLB K\u00f6tztal","isPartOf":{"@id":"https:\/\/dev.klb-koetztal.de\/fr\/#website"},"primaryImageOfPage":{"@id":"https:\/\/dev.klb-koetztal.de\/fr\/produkt\/klb-system-epoxid-ep-82-fugenmastik\/#primaryimage"},"image":{"@id":"https:\/\/dev.klb-koetztal.de\/fr\/produkt\/klb-system-epoxid-ep-82-fugenmastik\/#primaryimage"},"thumbnailUrl":"https:\/\/dev.klb-koetztal.de\/app\/uploads\/2025\/07\/EP_82_Fugenmastik_KLB_600px_web.jpg","datePublished":"2024-01-22T12:01:42+00:00","dateModified":"2026-02-25T10:48:33+00:00","description":"Adh\u00e9sif EP82 rigide, thixotrophique, sans solvant | KLB sol \u2714\ufe0f collage de b\u00e9ton, bois, panneaux d'agglom\u00e9r\u00e9, coussins isolants, remplir les joints","breadcrumb":{"@id":"https:\/\/dev.klb-koetztal.de\/fr\/produkt\/klb-system-epoxid-ep-82-fugenmastik\/#breadcrumb"},"inLanguage":"fr-FR","potentialAction":[{"@type":"ReadAction","target":["https:\/\/dev.klb-koetztal.de\/fr\/produkt\/klb-system-epoxid-ep-82-fugenmastik\/"]}]},{"@type":"ImageObject","inLanguage":"fr-FR","@id":"https:\/\/dev.klb-koetztal.de\/fr\/produkt\/klb-system-epoxid-ep-82-fugenmastik\/#primaryimage","url":"https:\/\/dev.klb-koetztal.de\/app\/uploads\/2025\/07\/EP_82_Fugenmastik_KLB_600px_web.jpg","contentUrl":"https:\/\/dev.klb-koetztal.de\/app\/uploads\/2025\/07\/EP_82_Fugenmastik_KLB_600px_web.jpg","width":600,"height":600},{"@type":"BreadcrumbList","@id":"https:\/\/dev.klb-koetztal.de\/fr\/produkt\/klb-system-epoxid-ep-82-fugenmastik\/#breadcrumb","itemListElement":[{"@type":"ListItem","position":1,"name":"Startseite","item":"https:\/\/dev.klb-koetztal.de\/fr\/"},{"@type":"ListItem","position":2,"name":"KLB-SYSTEM EPOXID EP&#160;82&#160;Fugenmastik"}]},{"@type":"WebSite","@id":"https:\/\/dev.klb-koetztal.de\/fr\/#website","url":"https:\/\/dev.klb-koetztal.de\/fr\/","name":"KLB K\u00f6tztal","description":"Gute B\u00f6den haben ein System.","potentialAction":[{"@type":"SearchAction","target":{"@type":"EntryPoint","urlTemplate":"https:\/\/dev.klb-koetztal.de\/fr\/?s={search_term_string}"},"query-input":{"@type":"PropertyValueSpecification","valueRequired":true,"valueName":"search_term_string"}}],"inLanguage":"fr-FR"}]}},"_links":{"self":[{"href":"https:\/\/dev.klb-koetztal.de\/fr\/wp-json\/wp\/v2\/product\/59517","targetHints":{"allow":["GET"]}}],"collection":[{"href":"https:\/\/dev.klb-koetztal.de\/fr\/wp-json\/wp\/v2\/product"}],"about":[{"href":"https:\/\/dev.klb-koetztal.de\/fr\/wp-json\/wp\/v2\/types\/product"}],"wp:featuredmedia":[{"embeddable":true,"href":"https:\/\/dev.klb-koetztal.de\/fr\/wp-json\/wp\/v2\/media\/66483"}],"wp:attachment":[{"href":"https:\/\/dev.klb-koetztal.de\/fr\/wp-json\/wp\/v2\/media?parent=59517"}],"wp:term":[{"taxonomy":"product_brand","embeddable":true,"href":"https:\/\/dev.klb-koetztal.de\/fr\/wp-json\/wp\/v2\/product_brand?post=59517"},{"taxonomy":"product_cat","embeddable":true,"href":"https:\/\/dev.klb-koetztal.de\/fr\/wp-json\/wp\/v2\/product_cat?post=59517"},{"taxonomy":"product_tag","embeddable":true,"href":"https:\/\/dev.klb-koetztal.de\/fr\/wp-json\/wp\/v2\/product_tag?post=59517"}],"curies":[{"name":"wp","href":"https:\/\/api.w.org\/{rel}","templated":true}]}}