{"id":59516,"date":"2024-01-22T13:01:11","date_gmt":"2024-01-22T12:01:11","guid":{"rendered":"https:\/\/www.klb-koetztal.de\/produkt\/klb-system-epoxid-ep-85-fein-neu\/"},"modified":"2026-03-16T14:18:16","modified_gmt":"2026-03-16T13:18:16","slug":"klb-system-epoxid-ep-85-fein-neu","status":"publish","type":"product","link":"https:\/\/dev.klb-koetztal.de\/fr\/produkt\/klb-system-epoxid-ep-85-fein-neu\/","title":{"rendered":"KLB-SYSTEM EPOXID EP 85 Fein"},"content":{"rendered":"","protected":false},"excerpt":{"rendered":"<p>Mortier fin en r\u00e9sine \u00e9poxy bicomposante, pr\u00eat \u00e0 l&#8217;emploi, pour la r\u00e9alisation de gorges arrondies ou triangulaires. Sans solvants. Convient \u00e9galement au remplissage sans retrait de trous et d&rsquo;autres irr\u00e9gularit\u00e9s avant les travaux de rev\u00eatement. La consistance stable et tr\u00e8s souple permet une application facile. Bien adh\u00e9rent, \u00e0 durcissement sans retrait et rapide.<\/p>\n","protected":false},"featured_media":58749,"template":"","meta":{"_acf_changed":false},"product_brand":[],"product_cat":[10036,10101,10052,10102],"product_tag":[],"class_list":{"0":"post-59516","1":"product","2":"type-product","3":"status-publish","4":"has-post-thumbnail","6":"product_cat-mortier-prefabrique-resines-pour-gorges-annulaires-resines-de-renovation-dinjection-et-de-joints","7":"product_cat-mortier-prefabrique-resines-pour-gorges-annulaires-resines-de-renovation-dinjection-et-de-joints_mortier-prefabrique","8":"product_cat-mortiers-en-resine-epoxyde-et-mortier-prefabrique-a-2-composants","9":"product_cat-mortiers-en-resine-epoxyde-et-mortier-prefabrique-a-2-composants_mortier-prefabrique","11":"first","12":"instock","13":"shipping-taxable","14":"product-type-simple"},"acf":{"product_header":{"module_product_header":{"":null,"prototype_headline":{"headline":"KLB-SYSTEM EPOXID EP 85 Fein","h1":true,"subheadline":"Mortier en r\u00e9sine \u00e9poxy bicomposante, pr\u00eat \u00e0 l'emploi, \u00e0 grain fin et&#160;p\u00e2teux pour la formation des gorges arrondies et&#160;les travaux de r\u00e9paration","anchor":"","url":""},"grid_text_slider":false,"grid_text_content":[{"text":"<p class=\"product-short-title\" style=\"text-align: center;\"><strong>Br\u00e8ve description<\/strong><\/p>\n<p>Mortier fin en r\u00e9sine \u00e9poxy bicomposante, pr\u00eat \u00e0 l&#8217;emploi, pour la r\u00e9alisation de gorges arrondies ou triangulaires. Sans solvants. Convient \u00e9galement au remplissage sans retrait de trous et d&rsquo;autres irr\u00e9gularit\u00e9s avant les travaux de rev\u00eatement. La consistance stable et tr\u00e8s souple permet une application facile. Bien adh\u00e9rent, \u00e0 durcissement sans retrait et rapide.<\/p>\n","width":"4","background_color_text":"bg-white","border_color":"border-gray-light"},{"text":"<p class=\"product-sicing-title\" style=\"text-align: center;\"><strong>Unit\u00e9s d'emballage<\/strong><\/p>\n<ul>\n<li>AK8803-14 &#8211; Seau 15,00 kg<\/li>\n<\/ul>\n<p><\/p>\n<p>N&rsquo;h\u00e9sitez pas \u00e0 contacter directement pour toute demande concernant des quantit\u00e9s de livraison ou des unit\u00e9s de conditionnement plus importantes.<\/p>\n\n","width":"4","background_color_text":"bg-white","border_color":"border-gray-light"},{"text":"<p class=\"product-attr-title\" style=\"text-align: center;\"><strong>Propri\u00e9t\u00e9s<\/strong><\/p>\n<ul>\n<li>Total Solid selon GISCODE (m\u00e9thode d&rsquo;essai de \u00ab Deutsche Bauchemie \u00bb, l&rsquo;association all. pour la chimie de construction)<\/li>\n<li>pr\u00eat \u00e0 l&#8217;emploi<\/li>\n<li>surfaces \u00e9tanches<\/li>\n<li>utilisation universelle<\/li>\n<li>consistance stable<\/li>\n<li>exempt de substances susceptibles d&rsquo;endommager les vernis<\/li>\n<li>pour des r\u00e9novations et r\u00e9parations<\/li>\n<\/ul>\n","width":"4","background_color_text":"bg-white","border_color":"border-gray-light"}],"background_color":"bg-none","background_color_content":"bg-none"}},"downloads":{"module_download_list":{"inhalt":null,"downloads":[{"download":{"ID":68636,"id":68636,"title":"EP_85_Fein_PI_fr_2026_01","filename":"EP_85_Fein_PI_fr_2026_01.pdf","filesize":529621,"url":"https:\/\/dev.klb-koetztal.de\/app\/uploads\/2026\/01\/EP_85_Fein_PI_fr_2026_01.pdf","link":"https:\/\/dev.klb-koetztal.de\/fr\/?attachment_id=68636","alt":"","author":"7","description":"","caption":"","name":"ep_85_fein_pi_fr_2026_01-2","status":"inherit","uploaded_to":0,"date":"2026-01-21 12:31:06","modified":"2026-01-21 12:31:06","menu_order":0,"mime_type":"application\/pdf","type":"application","subtype":"pdf","icon":"https:\/\/dev.klb-koetztal.de\/wp\/wp-includes\/images\/media\/document.png"},"filename":"Information produit","protected":false,"doclang":"FR","externalkey":"Produktinformation","docpos":"3"},{"download":{"ID":58763,"id":58763,"title":"EP85_Fein_Umwelt-Deklaration_2023-08","filename":"EP85_Fein_Umwelt-Deklaration_2023-08.pdf","filesize":2472801,"url":"https:\/\/dev.klb-koetztal.de\/app\/uploads\/2023\/10\/EP85_Fein_Umwelt-Deklaration_2023-08.pdf","link":"https:\/\/dev.klb-koetztal.de\/fr\/?attachment_id=58763","alt":"","author":"7","description":"","caption":"","name":"ep85_fein_umwelt-deklaration_2023-08-2","status":"inherit","uploaded_to":0,"date":"2023-10-27 06:20:23","modified":"2023-10-27 06:20:23","menu_order":0,"mime_type":"application\/pdf","type":"application","subtype":"pdf","icon":"https:\/\/dev.klb-koetztal.de\/wp\/wp-includes\/images\/media\/document.png"},"filename":"D\u00e9clarations de produit environnemental (EPD)","protected":false,"doclang":"Multi","externalkey":"Umweltproduktdeklaration","docpos":"50"},{"download":false,"filename":"Fiche de donn\u00e9es de s\u00e9curit\u00e9","protected":true,"doclang":"FR","externalkey":"Sicherheitsdatenblatt","docpos":"3"}],"einstellungen":null,"background_color":"bg-none","background_color_content":"bg-none"}},"included_in_systems":{"module_included_in_systems":{"":null,"background_color":"bg-gray-medium","background_color_content":"bg-none"}},"contact":{"module_contact":{"":null,"background_color":"bg-none","background_color_content":"bg-none"}},"ausschreibende":{"module_ausschreibende":{"andern_sie_den_inhalt_unter_universelle_elemente":null,"background_color":"bg-none","background_color_content":"bg-none"}}},"yoast_head":"<!-- This site is optimized with the Yoast SEO plugin v27.0 - https:\/\/yoast.com\/product\/yoast-seo-wordpress\/ -->\n<title>Mortier EP 85 Fein NEU stable, sans solvant | KLB K\u00f6tztal<\/title>\n<meta name=\"description\" content=\"Mortier en \u00e9poxy stable, adh\u00e9rent, rapidement pour les gorges annulaires et triangulaires | KLB rev\u00eatements \u2714\ufe0f aussi pour les r\u00e9parations et remplissages\" \/>\n<meta name=\"robots\" content=\"noindex, follow, max-snippet:-1, max-image-preview:large, max-video-preview:-1\" \/>\n<meta property=\"og:locale\" content=\"fr_FR\" \/>\n<meta property=\"og:type\" content=\"article\" \/>\n<meta property=\"og:title\" content=\"Mortier EP 85 Fein NEU stable, sans solvant | KLB K\u00f6tztal\" \/>\n<meta property=\"og:description\" content=\"Mortier en \u00e9poxy stable, adh\u00e9rent, rapidement pour les gorges annulaires et triangulaires | KLB rev\u00eatements \u2714\ufe0f aussi pour les r\u00e9parations et remplissages\" \/>\n<meta property=\"og:url\" content=\"https:\/\/dev.klb-koetztal.de\/fr\/produkt\/klb-system-epoxid-ep-85-fein-neu\/\" \/>\n<meta property=\"og:site_name\" content=\"KLB K\u00f6tztal\" \/>\n<meta property=\"article:publisher\" content=\"https:\/\/www.facebook.com\/klbkoetztal\" \/>\n<meta property=\"article:modified_time\" content=\"2026-03-16T13:18:16+00:00\" \/>\n<meta property=\"og:image\" content=\"https:\/\/dev.klb-koetztal.de\/app\/uploads\/2023\/10\/EP_85_Fein_NEU_Kombi_KLB_Plastik_12kg_1kg_600px.jpg\" \/>\n\t<meta property=\"og:image:width\" content=\"600\" \/>\n\t<meta property=\"og:image:height\" content=\"600\" \/>\n\t<meta property=\"og:image:type\" content=\"image\/jpeg\" \/>\n<meta name=\"twitter:card\" content=\"summary_large_image\" \/>\n<script type=\"application\/ld+json\" class=\"yoast-schema-graph\">{\"@context\":\"https:\/\/schema.org\",\"@graph\":[{\"@type\":\"WebPage\",\"@id\":\"https:\/\/dev.klb-koetztal.de\/fr\/produkt\/klb-system-epoxid-ep-85-fein-neu\/\",\"url\":\"https:\/\/dev.klb-koetztal.de\/fr\/produkt\/klb-system-epoxid-ep-85-fein-neu\/\",\"name\":\"Mortier EP 85 Fein NEU stable, sans solvant | KLB K\u00f6tztal\",\"isPartOf\":{\"@id\":\"https:\/\/dev.klb-koetztal.de\/fr\/#website\"},\"primaryImageOfPage\":{\"@id\":\"https:\/\/dev.klb-koetztal.de\/fr\/produkt\/klb-system-epoxid-ep-85-fein-neu\/#primaryimage\"},\"image\":{\"@id\":\"https:\/\/dev.klb-koetztal.de\/fr\/produkt\/klb-system-epoxid-ep-85-fein-neu\/#primaryimage\"},\"thumbnailUrl\":\"https:\/\/dev.klb-koetztal.de\/app\/uploads\/2023\/10\/EP_85_Fein_NEU_Kombi_KLB_Plastik_12kg_1kg_600px.jpg\",\"datePublished\":\"2024-01-22T12:01:11+00:00\",\"dateModified\":\"2026-03-16T13:18:16+00:00\",\"description\":\"Mortier en \u00e9poxy stable, adh\u00e9rent, rapidement pour les gorges annulaires et triangulaires | KLB rev\u00eatements \u2714\ufe0f aussi pour les r\u00e9parations et remplissages\",\"breadcrumb\":{\"@id\":\"https:\/\/dev.klb-koetztal.de\/fr\/produkt\/klb-system-epoxid-ep-85-fein-neu\/#breadcrumb\"},\"inLanguage\":\"fr-FR\",\"potentialAction\":[{\"@type\":\"ReadAction\",\"target\":[\"https:\/\/dev.klb-koetztal.de\/fr\/produkt\/klb-system-epoxid-ep-85-fein-neu\/\"]}]},{\"@type\":\"ImageObject\",\"inLanguage\":\"fr-FR\",\"@id\":\"https:\/\/dev.klb-koetztal.de\/fr\/produkt\/klb-system-epoxid-ep-85-fein-neu\/#primaryimage\",\"url\":\"https:\/\/dev.klb-koetztal.de\/app\/uploads\/2023\/10\/EP_85_Fein_NEU_Kombi_KLB_Plastik_12kg_1kg_600px.jpg\",\"contentUrl\":\"https:\/\/dev.klb-koetztal.de\/app\/uploads\/2023\/10\/EP_85_Fein_NEU_Kombi_KLB_Plastik_12kg_1kg_600px.jpg\",\"width\":600,\"height\":600},{\"@type\":\"BreadcrumbList\",\"@id\":\"https:\/\/dev.klb-koetztal.de\/fr\/produkt\/klb-system-epoxid-ep-85-fein-neu\/#breadcrumb\",\"itemListElement\":[{\"@type\":\"ListItem\",\"position\":1,\"name\":\"Startseite\",\"item\":\"https:\/\/dev.klb-koetztal.de\/fr\/\"},{\"@type\":\"ListItem\",\"position\":2,\"name\":\"KLB-SYSTEM EPOXID EP 85 Fein\"}]},{\"@type\":\"WebSite\",\"@id\":\"https:\/\/dev.klb-koetztal.de\/fr\/#website\",\"url\":\"https:\/\/dev.klb-koetztal.de\/fr\/\",\"name\":\"KLB K\u00f6tztal\",\"description\":\"Gute B\u00f6den haben ein System.\",\"potentialAction\":[{\"@type\":\"SearchAction\",\"target\":{\"@type\":\"EntryPoint\",\"urlTemplate\":\"https:\/\/dev.klb-koetztal.de\/fr\/?s={search_term_string}\"},\"query-input\":{\"@type\":\"PropertyValueSpecification\",\"valueRequired\":true,\"valueName\":\"search_term_string\"}}],\"inLanguage\":\"fr-FR\"}]}<\/script>\n<!-- \/ Yoast SEO plugin. -->","yoast_head_json":{"title":"Mortier EP 85 Fein NEU stable, sans solvant | KLB K\u00f6tztal","description":"Mortier en \u00e9poxy stable, adh\u00e9rent, rapidement pour les gorges annulaires et triangulaires | KLB rev\u00eatements \u2714\ufe0f aussi pour les r\u00e9parations et remplissages","robots":{"index":"noindex","follow":"follow","max-snippet":"max-snippet:-1","max-image-preview":"max-image-preview:large","max-video-preview":"max-video-preview:-1"},"og_locale":"fr_FR","og_type":"article","og_title":"Mortier EP 85 Fein NEU stable, sans solvant | KLB K\u00f6tztal","og_description":"Mortier en \u00e9poxy stable, adh\u00e9rent, rapidement pour les gorges annulaires et triangulaires | KLB rev\u00eatements \u2714\ufe0f aussi pour les r\u00e9parations et remplissages","og_url":"https:\/\/dev.klb-koetztal.de\/fr\/produkt\/klb-system-epoxid-ep-85-fein-neu\/","og_site_name":"KLB K\u00f6tztal","article_publisher":"https:\/\/www.facebook.com\/klbkoetztal","article_modified_time":"2026-03-16T13:18:16+00:00","og_image":[{"width":600,"height":600,"url":"https:\/\/dev.klb-koetztal.de\/app\/uploads\/2023\/10\/EP_85_Fein_NEU_Kombi_KLB_Plastik_12kg_1kg_600px.jpg","type":"image\/jpeg"}],"twitter_card":"summary_large_image","schema":{"@context":"https:\/\/schema.org","@graph":[{"@type":"WebPage","@id":"https:\/\/dev.klb-koetztal.de\/fr\/produkt\/klb-system-epoxid-ep-85-fein-neu\/","url":"https:\/\/dev.klb-koetztal.de\/fr\/produkt\/klb-system-epoxid-ep-85-fein-neu\/","name":"Mortier EP 85 Fein NEU stable, sans solvant | KLB K\u00f6tztal","isPartOf":{"@id":"https:\/\/dev.klb-koetztal.de\/fr\/#website"},"primaryImageOfPage":{"@id":"https:\/\/dev.klb-koetztal.de\/fr\/produkt\/klb-system-epoxid-ep-85-fein-neu\/#primaryimage"},"image":{"@id":"https:\/\/dev.klb-koetztal.de\/fr\/produkt\/klb-system-epoxid-ep-85-fein-neu\/#primaryimage"},"thumbnailUrl":"https:\/\/dev.klb-koetztal.de\/app\/uploads\/2023\/10\/EP_85_Fein_NEU_Kombi_KLB_Plastik_12kg_1kg_600px.jpg","datePublished":"2024-01-22T12:01:11+00:00","dateModified":"2026-03-16T13:18:16+00:00","description":"Mortier en \u00e9poxy stable, adh\u00e9rent, rapidement pour les gorges annulaires et triangulaires | KLB rev\u00eatements \u2714\ufe0f aussi pour les r\u00e9parations et remplissages","breadcrumb":{"@id":"https:\/\/dev.klb-koetztal.de\/fr\/produkt\/klb-system-epoxid-ep-85-fein-neu\/#breadcrumb"},"inLanguage":"fr-FR","potentialAction":[{"@type":"ReadAction","target":["https:\/\/dev.klb-koetztal.de\/fr\/produkt\/klb-system-epoxid-ep-85-fein-neu\/"]}]},{"@type":"ImageObject","inLanguage":"fr-FR","@id":"https:\/\/dev.klb-koetztal.de\/fr\/produkt\/klb-system-epoxid-ep-85-fein-neu\/#primaryimage","url":"https:\/\/dev.klb-koetztal.de\/app\/uploads\/2023\/10\/EP_85_Fein_NEU_Kombi_KLB_Plastik_12kg_1kg_600px.jpg","contentUrl":"https:\/\/dev.klb-koetztal.de\/app\/uploads\/2023\/10\/EP_85_Fein_NEU_Kombi_KLB_Plastik_12kg_1kg_600px.jpg","width":600,"height":600},{"@type":"BreadcrumbList","@id":"https:\/\/dev.klb-koetztal.de\/fr\/produkt\/klb-system-epoxid-ep-85-fein-neu\/#breadcrumb","itemListElement":[{"@type":"ListItem","position":1,"name":"Startseite","item":"https:\/\/dev.klb-koetztal.de\/fr\/"},{"@type":"ListItem","position":2,"name":"KLB-SYSTEM EPOXID EP 85 Fein"}]},{"@type":"WebSite","@id":"https:\/\/dev.klb-koetztal.de\/fr\/#website","url":"https:\/\/dev.klb-koetztal.de\/fr\/","name":"KLB K\u00f6tztal","description":"Gute B\u00f6den haben ein System.","potentialAction":[{"@type":"SearchAction","target":{"@type":"EntryPoint","urlTemplate":"https:\/\/dev.klb-koetztal.de\/fr\/?s={search_term_string}"},"query-input":{"@type":"PropertyValueSpecification","valueRequired":true,"valueName":"search_term_string"}}],"inLanguage":"fr-FR"}]}},"_links":{"self":[{"href":"https:\/\/dev.klb-koetztal.de\/fr\/wp-json\/wp\/v2\/product\/59516","targetHints":{"allow":["GET"]}}],"collection":[{"href":"https:\/\/dev.klb-koetztal.de\/fr\/wp-json\/wp\/v2\/product"}],"about":[{"href":"https:\/\/dev.klb-koetztal.de\/fr\/wp-json\/wp\/v2\/types\/product"}],"wp:featuredmedia":[{"embeddable":true,"href":"https:\/\/dev.klb-koetztal.de\/fr\/wp-json\/wp\/v2\/media\/58749"}],"wp:attachment":[{"href":"https:\/\/dev.klb-koetztal.de\/fr\/wp-json\/wp\/v2\/media?parent=59516"}],"wp:term":[{"taxonomy":"product_brand","embeddable":true,"href":"https:\/\/dev.klb-koetztal.de\/fr\/wp-json\/wp\/v2\/product_brand?post=59516"},{"taxonomy":"product_cat","embeddable":true,"href":"https:\/\/dev.klb-koetztal.de\/fr\/wp-json\/wp\/v2\/product_cat?post=59516"},{"taxonomy":"product_tag","embeddable":true,"href":"https:\/\/dev.klb-koetztal.de\/fr\/wp-json\/wp\/v2\/product_tag?post=59516"}],"curies":[{"name":"wp","href":"https:\/\/api.w.org\/{rel}","templated":true}]}}