{"id":58035,"date":"2023-08-30T14:30:05","date_gmt":"2023-08-30T12:30:05","guid":{"rendered":"https:\/\/www.klb-koetztal.de\/produkt\/parking-systeme-de-protection-de-surface-klb-system-polyurea-pu-5580\/"},"modified":"2026-03-16T14:01:40","modified_gmt":"2026-03-16T13:01:40","slug":"parking-systeme-de-protection-de-surface-klb-system-polyurea-pu-5580","status":"publish","type":"product","link":"https:\/\/dev.klb-koetztal.de\/fr\/produkt\/parking-systeme-de-protection-de-surface-klb-system-polyurea-pu-5580\/","title":{"rendered":"PARKING syst\u00e8me de protection de surface KLB-\u200bSYSTEM POLYUREA PU 5580"},"content":{"rendered":"","protected":false},"excerpt":{"rendered":"<p>R\u00e9sine polyur\u00e9e \u00e0 deux composants, sans solvants, pigment\u00e9e et flexibilis\u00e9e qui est&#160;utilis\u00e9e comme scellement de t\u00eate pour les syst\u00e8mes de protection de surface, test\u00e9e OS 11a\/b et OS 14 selon&#160;la directive DAfStb&#160;ou de maintenance TR&#160;pour l&rsquo;int\u00e9rierur et l&rsquo;ext\u00e9rieur.<br \/>\nR\u00e9sistante \u00e0 la lumi\u00e8re et aux intemp\u00e9ries.<\/p>\n","protected":false},"featured_media":49807,"template":"","meta":{"_acf_changed":false},"product_brand":[],"product_cat":[10042,10066,10061,10067],"product_tag":[],"class_list":{"0":"post-58035","1":"product","2":"type-product","3":"status-publish","4":"has-post-thumbnail","6":"product_cat-revetements","7":"product_cat-revetements_revetements-dans-les-parkings-y-compris-a-durcissement-rapide","8":"product_cat-scellements-de-finition-pour-des-revetements-saupoudres","9":"product_cat-scellements-de-finition-pour-des-revetements-saupoudres_scellements-de-finition-en-polyuree-a-2-composants","11":"first","12":"instock","13":"shipping-taxable","14":"product-type-simple"},"acf":{"product_header":{"module_product_header":{"":null,"prototype_headline":{"headline":"PARKING syst\u00e8me de protection de surface KLB-\u200bSYSTEM POLYUREA PU 5580","h1":true,"subheadline":"Scellement de t\u00eate en polyur\u00e9e \u00e0 deux composants, r\u00e9sistant \u00e0 la lumi\u00e8re et aux intemp\u00e9ries, flexibilis\u00e9","anchor":"","url":""},"grid_text_slider":false,"grid_text_content":[{"text":"<p class=\"product-short-title\" style=\"text-align: center;\"><strong>Br\u00e8ve description<\/strong><\/p>\n<p>R\u00e9sine polyur\u00e9e \u00e0 deux composants, sans solvants, pigment\u00e9e et flexibilis\u00e9e qui est&#160;utilis\u00e9e comme scellement de t\u00eate pour les syst\u00e8mes de protection de surface, test\u00e9e OS 11a\/b et OS 14 selon&#160;la directive DAfStb&#160;ou de maintenance TR&#160;pour l&rsquo;int\u00e9rierur et l&rsquo;ext\u00e9rieur.<\/p>\n<p>R\u00e9sistante \u00e0 la lumi\u00e8re et aux intemp\u00e9ries.<\/p>\n","width":"4","background_color_text":"bg-white","border_color":"border-gray-light"},{"text":"<p class=\"product-sicing-title\" style=\"text-align: center;\"><strong>Unit\u00e9s d'emballage<\/strong><\/p>\n<ul>\n<li>AK6146-40 &#8211; Combinaison Seau 10,00 kg<\/li>\n<li>AK6146-25 &#8211; Combinaison Hobbock 25,00 kg<\/li>\n<\/ul>\n<p><\/p>\n<p>N&rsquo;h\u00e9sitez pas \u00e0 contacter directement pour toute demande concernant des quantit\u00e9s de livraison ou des unit\u00e9s de conditionnement plus importantes.<\/p>\n\n","width":"4","background_color_text":"bg-white","border_color":"border-gray-light"},{"text":"<p class=\"product-attr-title\" style=\"text-align: center;\"><strong>Propri\u00e9t\u00e9s<\/strong><\/p>\n<ul>\n<li>sans solvant<\/li>\n<li>\u00e0 durcissement rapide<\/li>\n<li>viscoplastique<\/li>\n<li>r\u00e9sistant \u00e0 l&rsquo;abrasion et \u00e0 l&rsquo;usure<\/li>\n<li>r\u00e9sistant au sel de d\u00e9vergla\u00e7age<\/li>\n<li>bonne r\u00e9sistance \u00e0 l&rsquo;eau et aux produits chimiques<\/li>\n<li>r\u00e9sistant au glycol, \u00e0 l&rsquo;huile et \u00e0 l&rsquo;acide sulfurique<\/li>\n<li>bonne r\u00e9sistance aux plastifiants<\/li>\n<li>rapidement r\u00e9sistant \u00e0 la pluie<\/li>\n<li>r\u00e9sistant aux intemp\u00e9ries<\/li>\n<li>r\u00e9sistant de teinte<\/li>\n<li>r\u00e9sistant \u00e0 la lumi\u00e8re<\/li>\n<\/ul>\n","width":"4","background_color_text":"bg-white","border_color":"border-gray-light"}],"background_color":"bg-none","background_color_content":"bg-none"}},"downloads":{"module_download_list":{"inhalt":null,"downloads":[{"download":{"ID":62041,"id":62041,"title":"PU_5580_PI_fr_2024_06","filename":"PU_5580_PI_fr_2024_06.pdf","filesize":948360,"url":"https:\/\/dev.klb-koetztal.de\/app\/uploads\/2024\/06\/PU_5580_PI_fr_2024_06.pdf","link":"https:\/\/dev.klb-koetztal.de\/fr\/?attachment_id=62041","alt":"","author":"7","description":"","caption":"","name":"pu_5580_pi_fr_2024_06-2","status":"inherit","uploaded_to":0,"date":"2024-06-17 12:10:58","modified":"2024-06-17 12:10:58","menu_order":0,"mime_type":"application\/pdf","type":"application","subtype":"pdf","icon":"https:\/\/dev.klb-koetztal.de\/wp\/wp-includes\/images\/media\/document.png"},"filename":"Information produit","protected":false,"doclang":"FR","externalkey":"Produktinformation","docpos":"3"},{"download":{"ID":49765,"id":49765,"title":"Leistungserkl\u00e4rung - Statement of performance","filename":"Parkhaus_Aufbau_Leistungserklaerungen_23.08.2019.pdf","filesize":904343,"url":"https:\/\/dev.klb-koetztal.de\/app\/uploads\/2022\/03\/Parkhaus_Aufbau_Leistungserklaerungen_23.08.2019.pdf","link":"https:\/\/dev.klb-koetztal.de\/fr\/?attachment_id=49765","alt":"","author":"7","description":"","caption":"","name":"parkhaus_aufbau_leistungserklaerungen_23-08-2019","status":"inherit","uploaded_to":0,"date":"2022-03-14 10:01:46","modified":"2026-03-16 13:26:06","menu_order":0,"mime_type":"application\/pdf","type":"application","subtype":"pdf","icon":"https:\/\/dev.klb-koetztal.de\/wp\/wp-includes\/images\/media\/document.png"},"filename":"D\u00e9claration de performance","protected":false,"doclang":"Multi","externalkey":"Leistungserklaerung","docpos":"50"},{"download":{"ID":51362,"id":51362,"title":"EPD-Information","filename":"PU5580_Umwelt-Deklaration_2022-07.pdf","filesize":4329778,"url":"https:\/\/dev.klb-koetztal.de\/app\/uploads\/2022\/07\/PU5580_Umwelt-Deklaration_2022-07.pdf","link":"https:\/\/dev.klb-koetztal.de\/fr\/?attachment_id=51362","alt":"","author":"7","description":"","caption":"","name":"pu5580_umwelt-deklaration_2022-07","status":"inherit","uploaded_to":0,"date":"2022-07-04 07:28:44","modified":"2026-03-16 13:01:55","menu_order":0,"mime_type":"application\/pdf","type":"application","subtype":"pdf","icon":"https:\/\/dev.klb-koetztal.de\/wp\/wp-includes\/images\/media\/document.png"},"filename":"D\u00e9clarations de produit environnemental (EPD)","protected":false,"doclang":"Multi","externalkey":"Umweltproduktdeklaration","docpos":"50"},{"download":false,"filename":"Fiche de donn\u00e9es de s\u00e9curit\u00e9","protected":true,"doclang":"FR","externalkey":"Sicherheitsdatenblatt","docpos":"3"}],"einstellungen":null,"background_color":"bg-none","background_color_content":"bg-none"}},"included_in_systems":{"module_included_in_systems":{"":null,"background_color":"bg-gray-medium","background_color_content":"bg-none"}},"contact":{"module_contact":{"":null,"background_color":"bg-none","background_color_content":"bg-none"}},"ausschreibende":{"module_ausschreibende":{"andern_sie_den_inhalt_unter_universelle_elemente":null,"background_color":"bg-none","background_color_content":"bg-none"}}},"yoast_head":"<!-- This site is optimized with the Yoast SEO plugin v27.0 - https:\/\/yoast.com\/product\/yoast-seo-wordpress\/ -->\n<title>Finition t\u00eate PU 5580 color\u00e9e, flexibilis\u00e9e bicomp. | KLB K\u00f6tztal<\/title>\n<meta name=\"description\" content=\"Scellement de t\u00eate PU 5580 sans solvants, flexibles, stable \u00e0 lumi\u00e8re et crayonnement | KLB sols commerciaux \u2714\ufe0fprotection de surface OS 11 a\/b ou OS 14\" \/>\n<meta name=\"robots\" content=\"noindex, follow, max-snippet:-1, max-image-preview:large, max-video-preview:-1\" \/>\n<meta property=\"og:locale\" content=\"fr_FR\" \/>\n<meta property=\"og:type\" content=\"article\" \/>\n<meta property=\"og:title\" content=\"Finition t\u00eate PU 5580 color\u00e9e, flexibilis\u00e9e bicomp. | KLB K\u00f6tztal\" \/>\n<meta property=\"og:description\" content=\"Scellement de t\u00eate PU 5580 sans solvants, flexibles, stable \u00e0 lumi\u00e8re et crayonnement | KLB sols commerciaux \u2714\ufe0fprotection de surface OS 11 a\/b ou OS 14\" \/>\n<meta property=\"og:url\" content=\"https:\/\/dev.klb-koetztal.de\/fr\/produkt\/parking-systeme-de-protection-de-surface-klb-system-polyurea-pu-5580\/\" \/>\n<meta property=\"og:site_name\" content=\"KLB K\u00f6tztal\" \/>\n<meta property=\"article:publisher\" content=\"https:\/\/www.facebook.com\/klbkoetztal\" \/>\n<meta property=\"article:modified_time\" content=\"2026-03-16T13:01:40+00:00\" \/>\n<meta property=\"og:image\" content=\"https:\/\/dev.klb-koetztal.de\/app\/uploads\/2022\/03\/PU5580.jpg\" \/>\n\t<meta property=\"og:image:width\" content=\"500\" \/>\n\t<meta property=\"og:image:height\" content=\"500\" \/>\n\t<meta property=\"og:image:type\" content=\"image\/jpeg\" \/>\n<meta name=\"twitter:card\" content=\"summary_large_image\" \/>\n<script type=\"application\/ld+json\" class=\"yoast-schema-graph\">{\"@context\":\"https:\/\/schema.org\",\"@graph\":[{\"@type\":\"WebPage\",\"@id\":\"https:\/\/dev.klb-koetztal.de\/fr\/produkt\/parking-systeme-de-protection-de-surface-klb-system-polyurea-pu-5580\/\",\"url\":\"https:\/\/dev.klb-koetztal.de\/fr\/produkt\/parking-systeme-de-protection-de-surface-klb-system-polyurea-pu-5580\/\",\"name\":\"Finition t\u00eate PU 5580 color\u00e9e, flexibilis\u00e9e bicomp. | KLB K\u00f6tztal\",\"isPartOf\":{\"@id\":\"https:\/\/dev.klb-koetztal.de\/fr\/#website\"},\"primaryImageOfPage\":{\"@id\":\"https:\/\/dev.klb-koetztal.de\/fr\/produkt\/parking-systeme-de-protection-de-surface-klb-system-polyurea-pu-5580\/#primaryimage\"},\"image\":{\"@id\":\"https:\/\/dev.klb-koetztal.de\/fr\/produkt\/parking-systeme-de-protection-de-surface-klb-system-polyurea-pu-5580\/#primaryimage\"},\"thumbnailUrl\":\"https:\/\/dev.klb-koetztal.de\/app\/uploads\/2022\/03\/PU5580.jpg\",\"datePublished\":\"2023-08-30T12:30:05+00:00\",\"dateModified\":\"2026-03-16T13:01:40+00:00\",\"description\":\"Scellement de t\u00eate PU 5580 sans solvants, flexibles, stable \u00e0 lumi\u00e8re et crayonnement | KLB sols commerciaux \u2714\ufe0fprotection de surface OS 11 a\/b ou OS 14\",\"breadcrumb\":{\"@id\":\"https:\/\/dev.klb-koetztal.de\/fr\/produkt\/parking-systeme-de-protection-de-surface-klb-system-polyurea-pu-5580\/#breadcrumb\"},\"inLanguage\":\"fr-FR\",\"potentialAction\":[{\"@type\":\"ReadAction\",\"target\":[\"https:\/\/dev.klb-koetztal.de\/fr\/produkt\/parking-systeme-de-protection-de-surface-klb-system-polyurea-pu-5580\/\"]}]},{\"@type\":\"ImageObject\",\"inLanguage\":\"fr-FR\",\"@id\":\"https:\/\/dev.klb-koetztal.de\/fr\/produkt\/parking-systeme-de-protection-de-surface-klb-system-polyurea-pu-5580\/#primaryimage\",\"url\":\"https:\/\/dev.klb-koetztal.de\/app\/uploads\/2022\/03\/PU5580.jpg\",\"contentUrl\":\"https:\/\/dev.klb-koetztal.de\/app\/uploads\/2022\/03\/PU5580.jpg\",\"width\":500,\"height\":500},{\"@type\":\"BreadcrumbList\",\"@id\":\"https:\/\/dev.klb-koetztal.de\/fr\/produkt\/parking-systeme-de-protection-de-surface-klb-system-polyurea-pu-5580\/#breadcrumb\",\"itemListElement\":[{\"@type\":\"ListItem\",\"position\":1,\"name\":\"Startseite\",\"item\":\"https:\/\/dev.klb-koetztal.de\/fr\/\"},{\"@type\":\"ListItem\",\"position\":2,\"name\":\"PARKING syst\u00e8me de protection de surface KLB-\u200bSYSTEM POLYUREA PU 5580\"}]},{\"@type\":\"WebSite\",\"@id\":\"https:\/\/dev.klb-koetztal.de\/fr\/#website\",\"url\":\"https:\/\/dev.klb-koetztal.de\/fr\/\",\"name\":\"KLB K\u00f6tztal\",\"description\":\"Gute B\u00f6den haben ein System.\",\"potentialAction\":[{\"@type\":\"SearchAction\",\"target\":{\"@type\":\"EntryPoint\",\"urlTemplate\":\"https:\/\/dev.klb-koetztal.de\/fr\/?s={search_term_string}\"},\"query-input\":{\"@type\":\"PropertyValueSpecification\",\"valueRequired\":true,\"valueName\":\"search_term_string\"}}],\"inLanguage\":\"fr-FR\"}]}<\/script>\n<!-- \/ Yoast SEO plugin. -->","yoast_head_json":{"title":"Finition t\u00eate PU 5580 color\u00e9e, flexibilis\u00e9e bicomp. | KLB K\u00f6tztal","description":"Scellement de t\u00eate PU 5580 sans solvants, flexibles, stable \u00e0 lumi\u00e8re et crayonnement | KLB sols commerciaux \u2714\ufe0fprotection de surface OS 11 a\/b ou OS 14","robots":{"index":"noindex","follow":"follow","max-snippet":"max-snippet:-1","max-image-preview":"max-image-preview:large","max-video-preview":"max-video-preview:-1"},"og_locale":"fr_FR","og_type":"article","og_title":"Finition t\u00eate PU 5580 color\u00e9e, flexibilis\u00e9e bicomp. | KLB K\u00f6tztal","og_description":"Scellement de t\u00eate PU 5580 sans solvants, flexibles, stable \u00e0 lumi\u00e8re et crayonnement | KLB sols commerciaux \u2714\ufe0fprotection de surface OS 11 a\/b ou OS 14","og_url":"https:\/\/dev.klb-koetztal.de\/fr\/produkt\/parking-systeme-de-protection-de-surface-klb-system-polyurea-pu-5580\/","og_site_name":"KLB K\u00f6tztal","article_publisher":"https:\/\/www.facebook.com\/klbkoetztal","article_modified_time":"2026-03-16T13:01:40+00:00","og_image":[{"width":500,"height":500,"url":"https:\/\/dev.klb-koetztal.de\/app\/uploads\/2022\/03\/PU5580.jpg","type":"image\/jpeg"}],"twitter_card":"summary_large_image","schema":{"@context":"https:\/\/schema.org","@graph":[{"@type":"WebPage","@id":"https:\/\/dev.klb-koetztal.de\/fr\/produkt\/parking-systeme-de-protection-de-surface-klb-system-polyurea-pu-5580\/","url":"https:\/\/dev.klb-koetztal.de\/fr\/produkt\/parking-systeme-de-protection-de-surface-klb-system-polyurea-pu-5580\/","name":"Finition t\u00eate PU 5580 color\u00e9e, flexibilis\u00e9e bicomp. | KLB K\u00f6tztal","isPartOf":{"@id":"https:\/\/dev.klb-koetztal.de\/fr\/#website"},"primaryImageOfPage":{"@id":"https:\/\/dev.klb-koetztal.de\/fr\/produkt\/parking-systeme-de-protection-de-surface-klb-system-polyurea-pu-5580\/#primaryimage"},"image":{"@id":"https:\/\/dev.klb-koetztal.de\/fr\/produkt\/parking-systeme-de-protection-de-surface-klb-system-polyurea-pu-5580\/#primaryimage"},"thumbnailUrl":"https:\/\/dev.klb-koetztal.de\/app\/uploads\/2022\/03\/PU5580.jpg","datePublished":"2023-08-30T12:30:05+00:00","dateModified":"2026-03-16T13:01:40+00:00","description":"Scellement de t\u00eate PU 5580 sans solvants, flexibles, stable \u00e0 lumi\u00e8re et crayonnement | KLB sols commerciaux \u2714\ufe0fprotection de surface OS 11 a\/b ou OS 14","breadcrumb":{"@id":"https:\/\/dev.klb-koetztal.de\/fr\/produkt\/parking-systeme-de-protection-de-surface-klb-system-polyurea-pu-5580\/#breadcrumb"},"inLanguage":"fr-FR","potentialAction":[{"@type":"ReadAction","target":["https:\/\/dev.klb-koetztal.de\/fr\/produkt\/parking-systeme-de-protection-de-surface-klb-system-polyurea-pu-5580\/"]}]},{"@type":"ImageObject","inLanguage":"fr-FR","@id":"https:\/\/dev.klb-koetztal.de\/fr\/produkt\/parking-systeme-de-protection-de-surface-klb-system-polyurea-pu-5580\/#primaryimage","url":"https:\/\/dev.klb-koetztal.de\/app\/uploads\/2022\/03\/PU5580.jpg","contentUrl":"https:\/\/dev.klb-koetztal.de\/app\/uploads\/2022\/03\/PU5580.jpg","width":500,"height":500},{"@type":"BreadcrumbList","@id":"https:\/\/dev.klb-koetztal.de\/fr\/produkt\/parking-systeme-de-protection-de-surface-klb-system-polyurea-pu-5580\/#breadcrumb","itemListElement":[{"@type":"ListItem","position":1,"name":"Startseite","item":"https:\/\/dev.klb-koetztal.de\/fr\/"},{"@type":"ListItem","position":2,"name":"PARKING syst\u00e8me de protection de surface KLB-\u200bSYSTEM POLYUREA PU 5580"}]},{"@type":"WebSite","@id":"https:\/\/dev.klb-koetztal.de\/fr\/#website","url":"https:\/\/dev.klb-koetztal.de\/fr\/","name":"KLB K\u00f6tztal","description":"Gute B\u00f6den haben ein System.","potentialAction":[{"@type":"SearchAction","target":{"@type":"EntryPoint","urlTemplate":"https:\/\/dev.klb-koetztal.de\/fr\/?s={search_term_string}"},"query-input":{"@type":"PropertyValueSpecification","valueRequired":true,"valueName":"search_term_string"}}],"inLanguage":"fr-FR"}]}},"_links":{"self":[{"href":"https:\/\/dev.klb-koetztal.de\/fr\/wp-json\/wp\/v2\/product\/58035","targetHints":{"allow":["GET"]}}],"collection":[{"href":"https:\/\/dev.klb-koetztal.de\/fr\/wp-json\/wp\/v2\/product"}],"about":[{"href":"https:\/\/dev.klb-koetztal.de\/fr\/wp-json\/wp\/v2\/types\/product"}],"wp:featuredmedia":[{"embeddable":true,"href":"https:\/\/dev.klb-koetztal.de\/fr\/wp-json\/wp\/v2\/media\/49807"}],"wp:attachment":[{"href":"https:\/\/dev.klb-koetztal.de\/fr\/wp-json\/wp\/v2\/media?parent=58035"}],"wp:term":[{"taxonomy":"product_brand","embeddable":true,"href":"https:\/\/dev.klb-koetztal.de\/fr\/wp-json\/wp\/v2\/product_brand?post=58035"},{"taxonomy":"product_cat","embeddable":true,"href":"https:\/\/dev.klb-koetztal.de\/fr\/wp-json\/wp\/v2\/product_cat?post=58035"},{"taxonomy":"product_tag","embeddable":true,"href":"https:\/\/dev.klb-koetztal.de\/fr\/wp-json\/wp\/v2\/product_tag?post=58035"}],"curies":[{"name":"wp","href":"https:\/\/api.w.org\/{rel}","templated":true}]}}