{"id":57372,"date":"2023-07-07T10:30:04","date_gmt":"2023-07-07T08:30:04","guid":{"rendered":"https:\/\/www.klb-koetztal.de\/produkt\/klb-system-balkon-bs-575-top\/"},"modified":"2026-02-25T11:57:55","modified_gmt":"2026-02-25T10:57:55","slug":"klb-system-balkon-bs-575-top","status":"publish","type":"product","link":"https:\/\/dev.klb-koetztal.de\/fr\/produkt\/klb-system-balkon-bs-575-top\/","title":{"rendered":"KLB-SYSTEM BALKON BS 575 Top"},"content":{"rendered":"","protected":false},"excerpt":{"rendered":"<p>KLB-SYSTEM BALKON BS 575 Top est un scellement de t\u00eate en polyur\u00e9e \u00e0 deux composants, color\u00e9, \u00e0 durcissement rapide et sans solvants, qui&#160;peut \u00eatre utilis\u00e9&#160;conform\u00e9ment \u00e0 la norme DIN 18531-5 Annexe A pour la r\u00e9alisation de surfaces de sols et de plinthes saupoudr\u00e9es \u00e0 couleur unie, r\u00e9sistantes \u00e0 la lumi\u00e8re et&#160;aux intemp\u00e9ries sur les balcons, les pergolas et les loggias. En combinaison avec&#160;KLB-SYSTEM BALKON BS 570 WP, un rev\u00eatement de balcon peut \u00eatre install\u00e9 en 2 jours. Convient pour&#160;les surfaces saupoudr\u00e9es \u00e0 l&rsquo;int\u00e9rieur et \u00e0 l&rsquo;ext\u00e9rieur,&#160;tout particuli\u00e8rement si une couche sup\u00e9rieure stable \u00e0 la lumi\u00e8re est requise.<\/p>\n","protected":false},"featured_media":49607,"template":"","meta":{"_acf_changed":false},"product_brand":[],"product_cat":[10061,10067],"product_tag":[],"class_list":{"0":"post-57372","1":"product","2":"type-product","3":"status-publish","4":"has-post-thumbnail","6":"product_cat-scellements-de-finition-pour-des-revetements-saupoudres","7":"product_cat-scellements-de-finition-pour-des-revetements-saupoudres_scellements-de-finition-en-polyuree-a-2-composants","9":"first","10":"instock","11":"shipping-taxable","12":"product-type-simple"},"acf":{"product_header":{"module_product_header":{"":null,"prototype_headline":{"headline":"KLB-SYSTEM BALKON BS 575 Top","h1":true,"subheadline":"Scellement de t\u00eate en polyur\u00e9e \u00e0 deux composants, \u00e0 durcissement rapide, r\u00e9sistant \u00e0 la lumi\u00e8re et aux intemp\u00e9ries, flexibilis\u00e9 qui est d\u00e9stin\u00e9 particuli\u00e8rement \u00e0 la r\u00e9alisation de&#160;sols antid\u00e9rapants&#160;sur les balcons, les pergolas et les loggias","anchor":"","url":""},"grid_text_slider":false,"grid_text_content":[{"text":"<p class=\"product-short-title\" style=\"text-align: center;\"><strong>Br\u00e8ve description<\/strong><\/p>\n<p><strong>KLB-SYSTEM BALKON BS 575 Top<\/strong> est un scellement de t\u00eate en polyur\u00e9e \u00e0 deux composants, color\u00e9, \u00e0 durcissement rapide et sans solvants, qui&#160;peut \u00eatre utilis\u00e9&#160;conform\u00e9ment \u00e0 la norme DIN 18531-5 Annexe A pour la r\u00e9alisation de surfaces de sols et de plinthes saupoudr\u00e9es \u00e0 couleur unie, r\u00e9sistantes \u00e0 la lumi\u00e8re et&#160;aux intemp\u00e9ries sur les balcons, les pergolas et les loggias. En combinaison avec&#160;<strong>KLB-SYSTEM BALKON BS 570 WP<\/strong>, un rev\u00eatement de balcon peut \u00eatre install\u00e9 en 2 jours. Convient pour&#160;les surfaces saupoudr\u00e9es \u00e0 l&rsquo;int\u00e9rieur et \u00e0 l&rsquo;ext\u00e9rieur,&#160;tout particuli\u00e8rement si une couche sup\u00e9rieure stable \u00e0 la lumi\u00e8re est requise.<\/p>\n","width":"4","background_color_text":"bg-white","border_color":"border-gray-light"},{"text":"<p class=\"product-sicing-title\" style=\"text-align: center;\"><strong>Unit\u00e9s d'emballage<\/strong><\/p>\n<ul>\n<li>AK6146-60 &#8211; Combinaison Seau 5,00 kg<\/li>\n<\/ul>\n<p><\/p>\n<p>N&rsquo;h\u00e9sitez pas \u00e0 contacter directement pour toute demande concernant des quantit\u00e9s de livraison ou des unit\u00e9s de conditionnement plus importantes.<\/p>\n\n","width":"4","background_color_text":"bg-white","border_color":"border-gray-light"},{"text":"<p class=\"product-attr-title\" style=\"text-align: center;\"><strong>Propri\u00e9t\u00e9s<\/strong><\/p>\n<ul>\n<li>Total Solid selon GISCODE (m\u00e9thode d&rsquo;essai de \u00ab Deutsche Bauchemie \u00bb, l&rsquo;association all. pour la chimie de construction)<\/li>\n<li>\u00e0 durcissement rapide<\/li>\n<li>viscoplastique<\/li>\n<li>r\u00e9sistant \u00e0 l&rsquo;abrasion et \u00e0 l&rsquo;usure<\/li>\n<li>bonne r\u00e9sistance \u00e0 l&rsquo;eau et aux produits chimiques<\/li>\n<li>rapidement r\u00e9sistant \u00e0 la pluie<\/li>\n<li>r\u00e9sistant aux intemp\u00e9ries<\/li>\n<li>r\u00e9sistant de teinte<\/li>\n<li>r\u00e9sistant \u00e0 la lumi\u00e8re<\/li>\n<\/ul>\n","width":"4","background_color_text":"bg-white","border_color":"border-gray-light"}],"background_color":"bg-none","background_color_content":"bg-none"}},"downloads":{"module_download_list":{"inhalt":null,"downloads":[{"download":{"ID":58443,"id":58443,"title":"BS_575_Top_PI_fr_2023_10","filename":"BS_575_Top_PI_fr_2023_10.pdf","filesize":446441,"url":"https:\/\/dev.klb-koetztal.de\/app\/uploads\/2023\/10\/BS_575_Top_PI_fr_2023_10.pdf","link":"https:\/\/dev.klb-koetztal.de\/fr\/?attachment_id=58443","alt":"","author":"7","description":"","caption":"","name":"bs_575_top_pi_fr_2023_10-2","status":"inherit","uploaded_to":0,"date":"2023-10-04 12:30:12","modified":"2023-10-04 12:30:12","menu_order":0,"mime_type":"application\/pdf","type":"application","subtype":"pdf","icon":"https:\/\/dev.klb-koetztal.de\/wp\/wp-includes\/images\/media\/document.png"},"filename":"Information produit","protected":false,"doclang":"FR","externalkey":"Produktinformation","docpos":"3"},{"download":{"ID":49610,"id":49610,"title":"Leistungserkl\u00e4rung - Statement of performance","filename":"EP50_LE_2013-04.pdf","filesize":169744,"url":"https:\/\/dev.klb-koetztal.de\/app\/uploads\/2022\/03\/EP50_LE_2013-04.pdf","link":"https:\/\/dev.klb-koetztal.de\/fr\/?attachment_id=49610","alt":"","author":"7","description":"","caption":"","name":"ep50_le_2013-04","status":"inherit","uploaded_to":0,"date":"2022-03-14 09:59:57","modified":"2026-03-16 13:12:20","menu_order":0,"mime_type":"application\/pdf","type":"application","subtype":"pdf","icon":"https:\/\/dev.klb-koetztal.de\/wp\/wp-includes\/images\/media\/document.png"},"filename":"Fiche de donn\u00e9es de s\u00e9curit\u00e9","protected":false,"doclang":"FR","externalkey":"Sicherheitsdatenblatt","docpos":"3"}],"einstellungen":null,"background_color":"bg-none","background_color_content":"bg-none"}},"included_in_systems":{"module_included_in_systems":{"":null,"background_color":"bg-gray-medium","background_color_content":"bg-none"}},"contact":{"module_contact":{"":null,"background_color":"bg-none","background_color_content":"bg-none"}},"ausschreibende":{"module_ausschreibende":{"andern_sie_den_inhalt_unter_universelle_elemente":null,"background_color":"bg-none","background_color_content":"bg-none"}}},"yoast_head":"<!-- This site is optimized with the Yoast SEO plugin v27.0 - https:\/\/yoast.com\/product\/yoast-seo-wordpress\/ -->\n<title>Finition de balcon stable lumi\u00e8re et intemp\u00e9ries BS 575 Top| KLB<\/title>\n<meta name=\"description\" content=\"Scellement de t\u00eate en polyur\u00e9e bicomposante stable \u00e0 lumi\u00e8re et intemp\u00e9ries, flexibilis\u00e9 sur balcons, loggias, pergolas \u2714\ufe0f rapide, antid\u00e9rapant, DIN 18531-5 A\" \/>\n<meta name=\"robots\" content=\"noindex, follow, max-snippet:-1, max-image-preview:large, max-video-preview:-1\" \/>\n<meta property=\"og:locale\" content=\"fr_FR\" \/>\n<meta property=\"og:type\" content=\"article\" \/>\n<meta property=\"og:title\" content=\"Finition de balcon stable lumi\u00e8re et intemp\u00e9ries BS 575 Top| KLB\" \/>\n<meta property=\"og:description\" content=\"Scellement de t\u00eate en polyur\u00e9e bicomposante stable \u00e0 lumi\u00e8re et intemp\u00e9ries, flexibilis\u00e9 sur balcons, loggias, pergolas \u2714\ufe0f rapide, antid\u00e9rapant, DIN 18531-5 A\" \/>\n<meta property=\"og:url\" content=\"https:\/\/dev.klb-koetztal.de\/fr\/produkt\/klb-system-balkon-bs-575-top\/\" \/>\n<meta property=\"og:site_name\" content=\"KLB K\u00f6tztal\" \/>\n<meta property=\"article:publisher\" content=\"https:\/\/www.facebook.com\/klbkoetztal\" \/>\n<meta property=\"article:modified_time\" content=\"2026-02-25T10:57:55+00:00\" \/>\n<meta property=\"og:image\" content=\"https:\/\/dev.klb-koetztal.de\/app\/uploads\/2023\/07\/BS_575_Top_Kombi_5kg_KLB_600px.jpg\" \/>\n\t<meta property=\"og:image:width\" content=\"600\" \/>\n\t<meta property=\"og:image:height\" content=\"600\" \/>\n\t<meta property=\"og:image:type\" content=\"image\/jpeg\" \/>\n<meta name=\"twitter:card\" content=\"summary_large_image\" \/>\n<script type=\"application\/ld+json\" class=\"yoast-schema-graph\">{\"@context\":\"https:\/\/schema.org\",\"@graph\":[{\"@type\":\"WebPage\",\"@id\":\"https:\/\/dev.klb-koetztal.de\/fr\/produkt\/klb-system-balkon-bs-575-top\/\",\"url\":\"https:\/\/dev.klb-koetztal.de\/fr\/produkt\/klb-system-balkon-bs-575-top\/\",\"name\":\"Finition de balcon stable lumi\u00e8re et intemp\u00e9ries BS 575 Top| KLB\",\"isPartOf\":{\"@id\":\"https:\/\/dev.klb-koetztal.de\/fr\/#website\"},\"primaryImageOfPage\":{\"@id\":\"https:\/\/dev.klb-koetztal.de\/fr\/produkt\/klb-system-balkon-bs-575-top\/#primaryimage\"},\"image\":{\"@id\":\"https:\/\/dev.klb-koetztal.de\/fr\/produkt\/klb-system-balkon-bs-575-top\/#primaryimage\"},\"thumbnailUrl\":\"https:\/\/dev.klb-koetztal.de\/app\/uploads\/2022\/03\/EP50.jpg\",\"datePublished\":\"2023-07-07T08:30:04+00:00\",\"dateModified\":\"2026-02-25T10:57:55+00:00\",\"description\":\"Scellement de t\u00eate en polyur\u00e9e bicomposante stable \u00e0 lumi\u00e8re et intemp\u00e9ries, flexibilis\u00e9 sur balcons, loggias, pergolas \u2714\ufe0f rapide, antid\u00e9rapant, DIN 18531-5 A\",\"breadcrumb\":{\"@id\":\"https:\/\/dev.klb-koetztal.de\/fr\/produkt\/klb-system-balkon-bs-575-top\/#breadcrumb\"},\"inLanguage\":\"fr-FR\",\"potentialAction\":[{\"@type\":\"ReadAction\",\"target\":[\"https:\/\/dev.klb-koetztal.de\/fr\/produkt\/klb-system-balkon-bs-575-top\/\"]}]},{\"@type\":\"ImageObject\",\"inLanguage\":\"fr-FR\",\"@id\":\"https:\/\/dev.klb-koetztal.de\/fr\/produkt\/klb-system-balkon-bs-575-top\/#primaryimage\",\"url\":\"https:\/\/dev.klb-koetztal.de\/app\/uploads\/2022\/03\/EP50.jpg\",\"contentUrl\":\"https:\/\/dev.klb-koetztal.de\/app\/uploads\/2022\/03\/EP50.jpg\",\"width\":500,\"height\":500},{\"@type\":\"BreadcrumbList\",\"@id\":\"https:\/\/dev.klb-koetztal.de\/fr\/produkt\/klb-system-balkon-bs-575-top\/#breadcrumb\",\"itemListElement\":[{\"@type\":\"ListItem\",\"position\":1,\"name\":\"Startseite\",\"item\":\"https:\/\/dev.klb-koetztal.de\/fr\/\"},{\"@type\":\"ListItem\",\"position\":2,\"name\":\"KLB-SYSTEM BALKON BS 575 Top\"}]},{\"@type\":\"WebSite\",\"@id\":\"https:\/\/dev.klb-koetztal.de\/fr\/#website\",\"url\":\"https:\/\/dev.klb-koetztal.de\/fr\/\",\"name\":\"KLB K\u00f6tztal\",\"description\":\"Gute B\u00f6den haben ein System.\",\"potentialAction\":[{\"@type\":\"SearchAction\",\"target\":{\"@type\":\"EntryPoint\",\"urlTemplate\":\"https:\/\/dev.klb-koetztal.de\/fr\/?s={search_term_string}\"},\"query-input\":{\"@type\":\"PropertyValueSpecification\",\"valueRequired\":true,\"valueName\":\"search_term_string\"}}],\"inLanguage\":\"fr-FR\"}]}<\/script>\n<!-- \/ Yoast SEO plugin. -->","yoast_head_json":{"title":"Finition de balcon stable lumi\u00e8re et intemp\u00e9ries BS 575 Top| KLB","description":"Scellement de t\u00eate en polyur\u00e9e bicomposante stable \u00e0 lumi\u00e8re et intemp\u00e9ries, flexibilis\u00e9 sur balcons, loggias, pergolas \u2714\ufe0f rapide, antid\u00e9rapant, DIN 18531-5 A","robots":{"index":"noindex","follow":"follow","max-snippet":"max-snippet:-1","max-image-preview":"max-image-preview:large","max-video-preview":"max-video-preview:-1"},"og_locale":"fr_FR","og_type":"article","og_title":"Finition de balcon stable lumi\u00e8re et intemp\u00e9ries BS 575 Top| KLB","og_description":"Scellement de t\u00eate en polyur\u00e9e bicomposante stable \u00e0 lumi\u00e8re et intemp\u00e9ries, flexibilis\u00e9 sur balcons, loggias, pergolas \u2714\ufe0f rapide, antid\u00e9rapant, DIN 18531-5 A","og_url":"https:\/\/dev.klb-koetztal.de\/fr\/produkt\/klb-system-balkon-bs-575-top\/","og_site_name":"KLB K\u00f6tztal","article_publisher":"https:\/\/www.facebook.com\/klbkoetztal","article_modified_time":"2026-02-25T10:57:55+00:00","og_image":[{"width":600,"height":600,"url":"https:\/\/dev.klb-koetztal.de\/app\/uploads\/2023\/07\/BS_575_Top_Kombi_5kg_KLB_600px.jpg","type":"image\/jpeg"}],"twitter_card":"summary_large_image","schema":{"@context":"https:\/\/schema.org","@graph":[{"@type":"WebPage","@id":"https:\/\/dev.klb-koetztal.de\/fr\/produkt\/klb-system-balkon-bs-575-top\/","url":"https:\/\/dev.klb-koetztal.de\/fr\/produkt\/klb-system-balkon-bs-575-top\/","name":"Finition de balcon stable lumi\u00e8re et intemp\u00e9ries BS 575 Top| KLB","isPartOf":{"@id":"https:\/\/dev.klb-koetztal.de\/fr\/#website"},"primaryImageOfPage":{"@id":"https:\/\/dev.klb-koetztal.de\/fr\/produkt\/klb-system-balkon-bs-575-top\/#primaryimage"},"image":{"@id":"https:\/\/dev.klb-koetztal.de\/fr\/produkt\/klb-system-balkon-bs-575-top\/#primaryimage"},"thumbnailUrl":"https:\/\/dev.klb-koetztal.de\/app\/uploads\/2022\/03\/EP50.jpg","datePublished":"2023-07-07T08:30:04+00:00","dateModified":"2026-02-25T10:57:55+00:00","description":"Scellement de t\u00eate en polyur\u00e9e bicomposante stable \u00e0 lumi\u00e8re et intemp\u00e9ries, flexibilis\u00e9 sur balcons, loggias, pergolas \u2714\ufe0f rapide, antid\u00e9rapant, DIN 18531-5 A","breadcrumb":{"@id":"https:\/\/dev.klb-koetztal.de\/fr\/produkt\/klb-system-balkon-bs-575-top\/#breadcrumb"},"inLanguage":"fr-FR","potentialAction":[{"@type":"ReadAction","target":["https:\/\/dev.klb-koetztal.de\/fr\/produkt\/klb-system-balkon-bs-575-top\/"]}]},{"@type":"ImageObject","inLanguage":"fr-FR","@id":"https:\/\/dev.klb-koetztal.de\/fr\/produkt\/klb-system-balkon-bs-575-top\/#primaryimage","url":"https:\/\/dev.klb-koetztal.de\/app\/uploads\/2022\/03\/EP50.jpg","contentUrl":"https:\/\/dev.klb-koetztal.de\/app\/uploads\/2022\/03\/EP50.jpg","width":500,"height":500},{"@type":"BreadcrumbList","@id":"https:\/\/dev.klb-koetztal.de\/fr\/produkt\/klb-system-balkon-bs-575-top\/#breadcrumb","itemListElement":[{"@type":"ListItem","position":1,"name":"Startseite","item":"https:\/\/dev.klb-koetztal.de\/fr\/"},{"@type":"ListItem","position":2,"name":"KLB-SYSTEM BALKON BS 575 Top"}]},{"@type":"WebSite","@id":"https:\/\/dev.klb-koetztal.de\/fr\/#website","url":"https:\/\/dev.klb-koetztal.de\/fr\/","name":"KLB K\u00f6tztal","description":"Gute B\u00f6den haben ein System.","potentialAction":[{"@type":"SearchAction","target":{"@type":"EntryPoint","urlTemplate":"https:\/\/dev.klb-koetztal.de\/fr\/?s={search_term_string}"},"query-input":{"@type":"PropertyValueSpecification","valueRequired":true,"valueName":"search_term_string"}}],"inLanguage":"fr-FR"}]}},"_links":{"self":[{"href":"https:\/\/dev.klb-koetztal.de\/fr\/wp-json\/wp\/v2\/product\/57372","targetHints":{"allow":["GET"]}}],"collection":[{"href":"https:\/\/dev.klb-koetztal.de\/fr\/wp-json\/wp\/v2\/product"}],"about":[{"href":"https:\/\/dev.klb-koetztal.de\/fr\/wp-json\/wp\/v2\/types\/product"}],"wp:featuredmedia":[{"embeddable":true,"href":"https:\/\/dev.klb-koetztal.de\/fr\/wp-json\/wp\/v2\/media\/49607"}],"wp:attachment":[{"href":"https:\/\/dev.klb-koetztal.de\/fr\/wp-json\/wp\/v2\/media?parent=57372"}],"wp:term":[{"taxonomy":"product_brand","embeddable":true,"href":"https:\/\/dev.klb-koetztal.de\/fr\/wp-json\/wp\/v2\/product_brand?post=57372"},{"taxonomy":"product_cat","embeddable":true,"href":"https:\/\/dev.klb-koetztal.de\/fr\/wp-json\/wp\/v2\/product_cat?post=57372"},{"taxonomy":"product_tag","embeddable":true,"href":"https:\/\/dev.klb-koetztal.de\/fr\/wp-json\/wp\/v2\/product_tag?post=57372"}],"curies":[{"name":"wp","href":"https:\/\/api.w.org\/{rel}","templated":true}]}}