{"id":57369,"date":"2023-07-07T10:16:29","date_gmt":"2023-07-07T08:16:29","guid":{"rendered":"https:\/\/www.klb-koetztal.de\/produkt\/parkhaus-oberflaechenschutzsystem-klb-system-epoxid-ep-5590\/"},"modified":"2026-02-25T11:41:40","modified_gmt":"2026-02-25T10:41:40","slug":"parkhaus-oberflaechenschutzsystem-klb-system-epoxid-ep-5590","status":"publish","type":"product","link":"https:\/\/dev.klb-koetztal.de\/fr\/produkt\/parkhaus-oberflaechenschutzsystem-klb-system-epoxid-ep-5590\/","title":{"rendered":"PARKHAUS-Oberfl\u00e4chenschutzsystem KLB-SYSTEM EPOXID EP 5590"},"content":{"rendered":"","protected":false},"excerpt":{"rendered":"<p>Rev\u00eatement en r\u00e9sine \u00e9poxy bicomposante flexibilis\u00e9 et perm\u00e9able pour la r\u00e9alisation des sols saupoudr\u00e9s et antid\u00e9rapants. Test\u00e9 comme syst\u00e8me de protection de surface OS 8 en tant que syst\u00e8me \u00ab K7 EP OS 8 Flex&#160;\u00bb avec un pontage suppl\u00e9mentaire de fissure de 0,6 mm (classe A3) et perm\u00e9abilit\u00e9 (classe II).<\/p>\n","protected":false},"featured_media":56663,"template":"","meta":{"_acf_changed":false},"product_brand":[],"product_cat":[10042,10065,10066],"product_tag":[],"class_list":{"0":"post-57369","1":"product","2":"type-product","3":"status-publish","4":"has-post-thumbnail","6":"product_cat-revetements","7":"product_cat-revetements_revetements-en-resine-epoxyde-2-composants","8":"product_cat-revetements_revetements-dans-les-parkings-y-compris-a-durcissement-rapide","10":"first","11":"instock","12":"shipping-taxable","13":"product-type-simple"},"acf":{"product_header":{"module_product_header":{"":null,"prototype_headline":{"headline":"PARKHAUS-Oberfl\u00e4chenschutzsystem KLB-SYSTEM EPOXID EP 5590","h1":true,"subheadline":"Rev\u00eatement en r\u00e9sine \u00e9poxy bicomposante flexibilis\u00e9, avec pontage statique de fissure (classe A3) et perm\u00e9able&#160;(classe II) pour la r\u00e9alisation des sols saupoudr\u00e9s et antid\u00e9rapants","anchor":"","url":""},"grid_text_slider":false,"grid_text_content":[{"text":"<p class=\"product-short-title\" style=\"text-align: center;\"><strong>Br\u00e8ve description<\/strong><\/p>\n<p>Rev\u00eatement en r\u00e9sine \u00e9poxy bicomposante flexibilis\u00e9 et perm\u00e9able pour la r\u00e9alisation des sols saupoudr\u00e9s et antid\u00e9rapants. Test\u00e9 comme syst\u00e8me de protection de surface OS 8 en tant que syst\u00e8me \u00ab K7 EP OS 8 Flex&#160;\u00bb avec un pontage suppl\u00e9mentaire de fissure de 0,6 mm (classe A3) et perm\u00e9abilit\u00e9 (classe II).<\/p>\n","width":"4","background_color_text":"bg-white","border_color":"border-gray-light"},{"text":"<p class=\"product-sicing-title\" style=\"text-align: center;\"><strong>Unit\u00e9s d'emballage<\/strong><\/p>\n<ul>\n<li>AK1469-50 &#8211; Combinaison Hobbock 12,00 kg<\/li>\n<li>AK1469-30 &#8211; Combinaison Hobbock 30,00 kg<\/li>\n<\/ul>\n<p><\/p>\n<p>N&rsquo;h\u00e9sitez pas \u00e0 contacter directement pour toute demande concernant des quantit\u00e9s de livraison ou des unit\u00e9s de conditionnement plus importantes.<\/p>\n\n","width":"4","background_color_text":"bg-white","border_color":"border-gray-light"},{"text":"<p class=\"product-attr-title\" style=\"text-align: center;\"><strong>Propri\u00e9t\u00e9s<\/strong><\/p>\n<ul>\n<li>flexibilis\u00e9<\/li>\n<li>pontant les fissures<\/li>\n<li>perm\u00e9able \u00e0 la vapeur d&rsquo;eau<\/li>\n<li>Total Solid selon GISCODE (m\u00e9thode d&rsquo;essai de \u00ab Deutsche Bauchemie \u00bb, l&rsquo;association all. pour la chimie de construction)<\/li>\n<li>exempt de substances susceptibles d&rsquo;endommager les vernis<\/li>\n<li>pour l&rsquo;ext\u00e9rieur<\/li>\n<li>pour l&rsquo;int\u00e9rieur<\/li>\n<\/ul>\n","width":"4","background_color_text":"bg-white","border_color":"border-gray-light"}],"background_color":"bg-none","background_color_content":"bg-none"}},"downloads":{"module_download_list":{"inhalt":null,"downloads":[{"download":{"ID":66930,"id":66930,"title":"EP_5590_PI_fr_2025_08","filename":"EP_5590_PI_fr_2025_08.pdf","filesize":2296099,"url":"https:\/\/dev.klb-koetztal.de\/app\/uploads\/2025\/08\/EP_5590_PI_fr_2025_08.pdf","link":"https:\/\/dev.klb-koetztal.de\/fr\/?attachment_id=66930","alt":"","author":"7","description":"","caption":"","name":"ep_5590_pi_fr_2025_08-2","status":"inherit","uploaded_to":0,"date":"2025-08-07 05:21:57","modified":"2025-08-07 05:21:57","menu_order":0,"mime_type":"application\/pdf","type":"application","subtype":"pdf","icon":"https:\/\/dev.klb-koetztal.de\/wp\/wp-includes\/images\/media\/document.png"},"filename":"Information produit","protected":false,"doclang":"FR","externalkey":"Produktinformation","docpos":"3"},{"download":{"ID":62973,"id":62973,"title":"EP_5590_LE_fr_2024_09","filename":"EP_5590_LE_fr_2024_09.pdf","filesize":355868,"url":"https:\/\/dev.klb-koetztal.de\/app\/uploads\/2024\/09\/EP_5590_LE_fr_2024_09.pdf","link":"https:\/\/dev.klb-koetztal.de\/fr\/?attachment_id=62973","alt":"","author":"7","description":"","caption":"","name":"ep_5590_le_fr_2024_09-2","status":"inherit","uploaded_to":0,"date":"2024-09-04 05:30:12","modified":"2024-09-04 05:30:12","menu_order":0,"mime_type":"application\/pdf","type":"application","subtype":"pdf","icon":"https:\/\/dev.klb-koetztal.de\/wp\/wp-includes\/images\/media\/document.png"},"filename":"D\u00e9claration de performance","protected":false,"doclang":"FR","externalkey":"Leistungserklaerung","docpos":"3"},{"download":{"ID":62976,"id":62976,"title":"EP_5590_LE_en_2024_09","filename":"EP_5590_LE_en_2024_09.pdf","filesize":353323,"url":"https:\/\/dev.klb-koetztal.de\/app\/uploads\/2024\/09\/EP_5590_LE_en_2024_09.pdf","link":"https:\/\/dev.klb-koetztal.de\/fr\/?attachment_id=62976","alt":"","author":"7","description":"","caption":"","name":"ep_5590_le_en_2024_09-2","status":"inherit","uploaded_to":0,"date":"2024-09-04 05:30:14","modified":"2024-09-04 05:30:14","menu_order":0,"mime_type":"application\/pdf","type":"application","subtype":"pdf","icon":"https:\/\/dev.klb-koetztal.de\/wp\/wp-includes\/images\/media\/document.png"},"filename":"Statement of performance","protected":false,"doclang":"GB","externalkey":"Leistungserklaerung","docpos":"2"},{"download":{"ID":56680,"id":56680,"title":"EP5590_Umwelt-Deklaration_2023-02","filename":"EP5590_Umwelt-Deklaration_2023-02.pdf","filesize":2482667,"url":"https:\/\/dev.klb-koetztal.de\/app\/uploads\/2023\/05\/EP5590_Umwelt-Deklaration_2023-02.pdf","link":"https:\/\/dev.klb-koetztal.de\/fr\/?attachment_id=56680","alt":"","author":"7","description":"","caption":"","name":"ep5590_umwelt-deklaration_2023-02-2","status":"inherit","uploaded_to":0,"date":"2023-05-31 13:20:17","modified":"2023-05-31 13:20:17","menu_order":0,"mime_type":"application\/pdf","type":"application","subtype":"pdf","icon":"https:\/\/dev.klb-koetztal.de\/wp\/wp-includes\/images\/media\/document.png"},"filename":"D\u00e9clarations de produit environnemental (EPD)","protected":false,"doclang":"Multi","externalkey":"Umweltproduktdeklaration","docpos":"50"},{"download":false,"filename":"Fiche de donn\u00e9es de s\u00e9curit\u00e9","protected":true,"doclang":"FR","externalkey":"Sicherheitsdatenblatt","docpos":"3"}],"einstellungen":null,"background_color":"bg-none","background_color_content":"bg-none"}},"included_in_systems":{"module_included_in_systems":{"":null,"background_color":"bg-gray-medium","background_color_content":"bg-none"}},"contact":{"module_contact":{"":null,"background_color":"bg-none","background_color_content":"bg-none"}},"ausschreibende":{"module_ausschreibende":{"andern_sie_den_inhalt_unter_universelle_elemente":null,"background_color":"bg-none","background_color_content":"bg-none"}}},"yoast_head":"<!-- This site is optimized with the Yoast SEO plugin v27.0 - https:\/\/yoast.com\/product\/yoast-seo-wordpress\/ -->\n<title>Couche de saupoudrage OS 8 flexibilis\u00e9e, perm\u00e9able EP 5590 | KLB<\/title>\n<meta name=\"description\" content=\"Couche de saupoudrage EP 5590 flexibilis\u00e9e et perm\u00e9able | KLB rev\u00eatement de parking EP OS 8 Flex en syst\u00e8me test\u00e9 \u2714\ufe0f pontage statique de fissures &gt;0,6 mm\" \/>\n<meta name=\"robots\" content=\"noindex, follow, max-snippet:-1, max-image-preview:large, max-video-preview:-1\" \/>\n<meta property=\"og:locale\" content=\"fr_FR\" \/>\n<meta property=\"og:type\" content=\"article\" \/>\n<meta property=\"og:title\" content=\"Couche de saupoudrage OS 8 flexibilis\u00e9e, perm\u00e9able EP 5590 | KLB\" \/>\n<meta property=\"og:description\" content=\"Couche de saupoudrage EP 5590 flexibilis\u00e9e et perm\u00e9able | KLB rev\u00eatement de parking EP OS 8 Flex en syst\u00e8me test\u00e9 \u2714\ufe0f pontage statique de fissures &gt;0,6 mm\" \/>\n<meta property=\"og:url\" content=\"https:\/\/dev.klb-koetztal.de\/fr\/produkt\/parkhaus-oberflaechenschutzsystem-klb-system-epoxid-ep-5590\/\" \/>\n<meta property=\"og:site_name\" content=\"KLB K\u00f6tztal\" \/>\n<meta property=\"article:publisher\" content=\"https:\/\/www.facebook.com\/klbkoetztal\" \/>\n<meta property=\"article:modified_time\" content=\"2026-02-25T10:41:40+00:00\" \/>\n<meta property=\"og:image\" content=\"https:\/\/dev.klb-koetztal.de\/app\/uploads\/2023\/05\/EP_5590_KLB-System_abstreuschicht_os-8_flex_600px.jpg\" \/>\n\t<meta property=\"og:image:width\" content=\"600\" \/>\n\t<meta property=\"og:image:height\" content=\"600\" \/>\n\t<meta property=\"og:image:type\" content=\"image\/jpeg\" \/>\n<meta name=\"twitter:card\" content=\"summary_large_image\" \/>\n<script type=\"application\/ld+json\" class=\"yoast-schema-graph\">{\"@context\":\"https:\/\/schema.org\",\"@graph\":[{\"@type\":\"WebPage\",\"@id\":\"https:\/\/dev.klb-koetztal.de\/fr\/produkt\/parkhaus-oberflaechenschutzsystem-klb-system-epoxid-ep-5590\/\",\"url\":\"https:\/\/dev.klb-koetztal.de\/fr\/produkt\/parkhaus-oberflaechenschutzsystem-klb-system-epoxid-ep-5590\/\",\"name\":\"Couche de saupoudrage OS 8 flexibilis\u00e9e, perm\u00e9able EP 5590 | KLB\",\"isPartOf\":{\"@id\":\"https:\/\/dev.klb-koetztal.de\/fr\/#website\"},\"primaryImageOfPage\":{\"@id\":\"https:\/\/dev.klb-koetztal.de\/fr\/produkt\/parkhaus-oberflaechenschutzsystem-klb-system-epoxid-ep-5590\/#primaryimage\"},\"image\":{\"@id\":\"https:\/\/dev.klb-koetztal.de\/fr\/produkt\/parkhaus-oberflaechenschutzsystem-klb-system-epoxid-ep-5590\/#primaryimage\"},\"thumbnailUrl\":\"https:\/\/dev.klb-koetztal.de\/app\/uploads\/2023\/05\/EP_5590_KLB-System_abstreuschicht_os-8_flex_600px.jpg\",\"datePublished\":\"2023-07-07T08:16:29+00:00\",\"dateModified\":\"2026-02-25T10:41:40+00:00\",\"description\":\"Couche de saupoudrage EP 5590 flexibilis\u00e9e et perm\u00e9able | KLB rev\u00eatement de parking EP OS 8 Flex en syst\u00e8me test\u00e9 \u2714\ufe0f pontage statique de fissures >0,6 mm\",\"breadcrumb\":{\"@id\":\"https:\/\/dev.klb-koetztal.de\/fr\/produkt\/parkhaus-oberflaechenschutzsystem-klb-system-epoxid-ep-5590\/#breadcrumb\"},\"inLanguage\":\"fr-FR\",\"potentialAction\":[{\"@type\":\"ReadAction\",\"target\":[\"https:\/\/dev.klb-koetztal.de\/fr\/produkt\/parkhaus-oberflaechenschutzsystem-klb-system-epoxid-ep-5590\/\"]}]},{\"@type\":\"ImageObject\",\"inLanguage\":\"fr-FR\",\"@id\":\"https:\/\/dev.klb-koetztal.de\/fr\/produkt\/parkhaus-oberflaechenschutzsystem-klb-system-epoxid-ep-5590\/#primaryimage\",\"url\":\"https:\/\/dev.klb-koetztal.de\/app\/uploads\/2023\/05\/EP_5590_KLB-System_abstreuschicht_os-8_flex_600px.jpg\",\"contentUrl\":\"https:\/\/dev.klb-koetztal.de\/app\/uploads\/2023\/05\/EP_5590_KLB-System_abstreuschicht_os-8_flex_600px.jpg\",\"width\":600,\"height\":600},{\"@type\":\"BreadcrumbList\",\"@id\":\"https:\/\/dev.klb-koetztal.de\/fr\/produkt\/parkhaus-oberflaechenschutzsystem-klb-system-epoxid-ep-5590\/#breadcrumb\",\"itemListElement\":[{\"@type\":\"ListItem\",\"position\":1,\"name\":\"Startseite\",\"item\":\"https:\/\/dev.klb-koetztal.de\/fr\/\"},{\"@type\":\"ListItem\",\"position\":2,\"name\":\"PARKHAUS-Oberfl\u00e4chenschutzsystem KLB-SYSTEM EPOXID EP 5590\"}]},{\"@type\":\"WebSite\",\"@id\":\"https:\/\/dev.klb-koetztal.de\/fr\/#website\",\"url\":\"https:\/\/dev.klb-koetztal.de\/fr\/\",\"name\":\"KLB K\u00f6tztal\",\"description\":\"Gute B\u00f6den haben ein System.\",\"potentialAction\":[{\"@type\":\"SearchAction\",\"target\":{\"@type\":\"EntryPoint\",\"urlTemplate\":\"https:\/\/dev.klb-koetztal.de\/fr\/?s={search_term_string}\"},\"query-input\":{\"@type\":\"PropertyValueSpecification\",\"valueRequired\":true,\"valueName\":\"search_term_string\"}}],\"inLanguage\":\"fr-FR\"}]}<\/script>\n<!-- \/ Yoast SEO plugin. -->","yoast_head_json":{"title":"Couche de saupoudrage OS 8 flexibilis\u00e9e, perm\u00e9able EP 5590 | KLB","description":"Couche de saupoudrage EP 5590 flexibilis\u00e9e et perm\u00e9able | KLB rev\u00eatement de parking EP OS 8 Flex en syst\u00e8me test\u00e9 \u2714\ufe0f pontage statique de fissures >0,6 mm","robots":{"index":"noindex","follow":"follow","max-snippet":"max-snippet:-1","max-image-preview":"max-image-preview:large","max-video-preview":"max-video-preview:-1"},"og_locale":"fr_FR","og_type":"article","og_title":"Couche de saupoudrage OS 8 flexibilis\u00e9e, perm\u00e9able EP 5590 | KLB","og_description":"Couche de saupoudrage EP 5590 flexibilis\u00e9e et perm\u00e9able | KLB rev\u00eatement de parking EP OS 8 Flex en syst\u00e8me test\u00e9 \u2714\ufe0f pontage statique de fissures >0,6 mm","og_url":"https:\/\/dev.klb-koetztal.de\/fr\/produkt\/parkhaus-oberflaechenschutzsystem-klb-system-epoxid-ep-5590\/","og_site_name":"KLB K\u00f6tztal","article_publisher":"https:\/\/www.facebook.com\/klbkoetztal","article_modified_time":"2026-02-25T10:41:40+00:00","og_image":[{"width":600,"height":600,"url":"https:\/\/dev.klb-koetztal.de\/app\/uploads\/2023\/05\/EP_5590_KLB-System_abstreuschicht_os-8_flex_600px.jpg","type":"image\/jpeg"}],"twitter_card":"summary_large_image","schema":{"@context":"https:\/\/schema.org","@graph":[{"@type":"WebPage","@id":"https:\/\/dev.klb-koetztal.de\/fr\/produkt\/parkhaus-oberflaechenschutzsystem-klb-system-epoxid-ep-5590\/","url":"https:\/\/dev.klb-koetztal.de\/fr\/produkt\/parkhaus-oberflaechenschutzsystem-klb-system-epoxid-ep-5590\/","name":"Couche de saupoudrage OS 8 flexibilis\u00e9e, perm\u00e9able EP 5590 | KLB","isPartOf":{"@id":"https:\/\/dev.klb-koetztal.de\/fr\/#website"},"primaryImageOfPage":{"@id":"https:\/\/dev.klb-koetztal.de\/fr\/produkt\/parkhaus-oberflaechenschutzsystem-klb-system-epoxid-ep-5590\/#primaryimage"},"image":{"@id":"https:\/\/dev.klb-koetztal.de\/fr\/produkt\/parkhaus-oberflaechenschutzsystem-klb-system-epoxid-ep-5590\/#primaryimage"},"thumbnailUrl":"https:\/\/dev.klb-koetztal.de\/app\/uploads\/2023\/05\/EP_5590_KLB-System_abstreuschicht_os-8_flex_600px.jpg","datePublished":"2023-07-07T08:16:29+00:00","dateModified":"2026-02-25T10:41:40+00:00","description":"Couche de saupoudrage EP 5590 flexibilis\u00e9e et perm\u00e9able | KLB rev\u00eatement de parking EP OS 8 Flex en syst\u00e8me test\u00e9 \u2714\ufe0f pontage statique de fissures >0,6 mm","breadcrumb":{"@id":"https:\/\/dev.klb-koetztal.de\/fr\/produkt\/parkhaus-oberflaechenschutzsystem-klb-system-epoxid-ep-5590\/#breadcrumb"},"inLanguage":"fr-FR","potentialAction":[{"@type":"ReadAction","target":["https:\/\/dev.klb-koetztal.de\/fr\/produkt\/parkhaus-oberflaechenschutzsystem-klb-system-epoxid-ep-5590\/"]}]},{"@type":"ImageObject","inLanguage":"fr-FR","@id":"https:\/\/dev.klb-koetztal.de\/fr\/produkt\/parkhaus-oberflaechenschutzsystem-klb-system-epoxid-ep-5590\/#primaryimage","url":"https:\/\/dev.klb-koetztal.de\/app\/uploads\/2023\/05\/EP_5590_KLB-System_abstreuschicht_os-8_flex_600px.jpg","contentUrl":"https:\/\/dev.klb-koetztal.de\/app\/uploads\/2023\/05\/EP_5590_KLB-System_abstreuschicht_os-8_flex_600px.jpg","width":600,"height":600},{"@type":"BreadcrumbList","@id":"https:\/\/dev.klb-koetztal.de\/fr\/produkt\/parkhaus-oberflaechenschutzsystem-klb-system-epoxid-ep-5590\/#breadcrumb","itemListElement":[{"@type":"ListItem","position":1,"name":"Startseite","item":"https:\/\/dev.klb-koetztal.de\/fr\/"},{"@type":"ListItem","position":2,"name":"PARKHAUS-Oberfl\u00e4chenschutzsystem KLB-SYSTEM EPOXID EP 5590"}]},{"@type":"WebSite","@id":"https:\/\/dev.klb-koetztal.de\/fr\/#website","url":"https:\/\/dev.klb-koetztal.de\/fr\/","name":"KLB K\u00f6tztal","description":"Gute B\u00f6den haben ein System.","potentialAction":[{"@type":"SearchAction","target":{"@type":"EntryPoint","urlTemplate":"https:\/\/dev.klb-koetztal.de\/fr\/?s={search_term_string}"},"query-input":{"@type":"PropertyValueSpecification","valueRequired":true,"valueName":"search_term_string"}}],"inLanguage":"fr-FR"}]}},"_links":{"self":[{"href":"https:\/\/dev.klb-koetztal.de\/fr\/wp-json\/wp\/v2\/product\/57369","targetHints":{"allow":["GET"]}}],"collection":[{"href":"https:\/\/dev.klb-koetztal.de\/fr\/wp-json\/wp\/v2\/product"}],"about":[{"href":"https:\/\/dev.klb-koetztal.de\/fr\/wp-json\/wp\/v2\/types\/product"}],"wp:featuredmedia":[{"embeddable":true,"href":"https:\/\/dev.klb-koetztal.de\/fr\/wp-json\/wp\/v2\/media\/56663"}],"wp:attachment":[{"href":"https:\/\/dev.klb-koetztal.de\/fr\/wp-json\/wp\/v2\/media?parent=57369"}],"wp:term":[{"taxonomy":"product_brand","embeddable":true,"href":"https:\/\/dev.klb-koetztal.de\/fr\/wp-json\/wp\/v2\/product_brand?post=57369"},{"taxonomy":"product_cat","embeddable":true,"href":"https:\/\/dev.klb-koetztal.de\/fr\/wp-json\/wp\/v2\/product_cat?post=57369"},{"taxonomy":"product_tag","embeddable":true,"href":"https:\/\/dev.klb-koetztal.de\/fr\/wp-json\/wp\/v2\/product_tag?post=57369"}],"curies":[{"name":"wp","href":"https:\/\/api.w.org\/{rel}","templated":true}]}}