{"id":57284,"date":"2023-07-05T09:20:05","date_gmt":"2023-07-05T07:20:05","guid":{"rendered":"https:\/\/www.klb-koetztal.de\/produkt\/klb-system-balkon-bs-570-wp\/"},"modified":"2026-03-16T14:16:27","modified_gmt":"2026-03-16T13:16:27","slug":"klb-system-balkon-bs-570-wp","status":"publish","type":"product","link":"https:\/\/dev.klb-koetztal.de\/fr\/produkt\/klb-system-balkon-bs-570-wp\/","title":{"rendered":"KLB-SYSTEM BALKON&#160;BS 570 WP"},"content":{"rendered":"","protected":false},"excerpt":{"rendered":"<p>KLB-SYSTEM BALKON&#160;BS 570 WP est&#160;une \u00e9tanch\u00e9it\u00e9 composite en&#160;polyur\u00e9thane \u00e0 deux composants, qui est \u00e9lastique m\u00eame \u00e0 basse temp\u00e9rature, avec un pontage de fissure et en combinaison avec&#160;KLB-SYSTEM BALKON BS 575 Top, destin\u00e9e \u00e0 la&#160;r\u00e9alisation de sols antid\u00e9rapants et&#160;stables \u00e0 la lumi\u00e8re&#160;sur les balcons, les pergolas et les loggias selon la norme DIN 18531 Partie 5.<\/p>\n","protected":false},"featured_media":57215,"template":"","meta":{"_acf_changed":false},"product_brand":[],"product_cat":[10042,10047],"product_tag":[],"class_list":{"0":"post-57284","1":"product","2":"type-product","3":"status-publish","4":"has-post-thumbnail","6":"product_cat-revetements","7":"product_cat-revetements_revetements-en-polyurethane-a-2-composants-confortables","9":"first","10":"instock","11":"shipping-taxable","12":"product-type-simple"},"acf":{"product_header":{"module_product_header":{"":null,"prototype_headline":{"headline":"KLB-SYSTEM BALKON&#160;BS 570 WP","h1":true,"subheadline":"Couche interm\u00e9diaire en polyur\u00e9thane \u00e0 deux composants, qui est \u00e9lastique m\u00eame \u00e0 basse temp\u00e9rature et d\u00e9stin\u00e9e \u00e0&#160;la r\u00e9alisation de syst\u00e8mes&#160;stables \u00e0 la lumi\u00e8re et antid\u00e9rapants sur les balcons, les loggias et les&#160;pergolas \u00e0 l'ext\u00e9rieur","anchor":"","url":""},"grid_text_slider":false,"grid_text_content":[{"text":"<p class=\"product-short-title\" style=\"text-align: center;\"><strong>Br\u00e8ve description<\/strong><\/p>\n<p><strong>KLB-SYSTEM BALKON&#160;BS 570 WP<\/strong> est&#160;une \u00e9tanch\u00e9it\u00e9 composite en&#160;polyur\u00e9thane \u00e0 deux composants, qui est \u00e9lastique m\u00eame \u00e0 basse temp\u00e9rature, avec un pontage de fissure et en combinaison avec&#160;<strong>KLB-SYSTEM BALKON BS 575 Top<\/strong>, destin\u00e9e \u00e0 la&#160;r\u00e9alisation de sols antid\u00e9rapants et&#160;stables \u00e0 la lumi\u00e8re&#160;sur les balcons, les pergolas et les loggias selon la norme DIN 18531 Partie 5.<\/p>\n","width":"4","background_color_text":"bg-white","border_color":"border-gray-light"},{"text":"<p class=\"product-sicing-title\" style=\"text-align: center;\"><strong>Unit\u00e9s d'emballage<\/strong><\/p>\n<ul>\n<li>AK6144-47 &#8211; Combinaison Seau 10,00 kg<\/li>\n<\/ul>\n<p><\/p>\n<p>N&rsquo;h\u00e9sitez pas \u00e0 contacter directement pour toute demande concernant des quantit\u00e9s de livraison ou des unit\u00e9s de conditionnement plus importantes.<\/p>\n\n","width":"4","background_color_text":"bg-white","border_color":"border-gray-light"},{"text":"<p class=\"product-attr-title\" style=\"text-align: center;\"><strong>Propri\u00e9t\u00e9s<\/strong><\/p>\n<ul>\n<li>\u00e9lastique et d\u00e9formable<\/li>\n<li>flexible au froid<\/li>\n<li>r\u00e9sistant au gel et au sel de d\u00e9vergla\u00e7age<\/li>\n<li>\u00e9tanche aux liquides<\/li>\n<li>pontant les fissures<\/li>\n<li>rev\u00eatement sans joint<\/li>\n<\/ul>\n","width":"4","background_color_text":"bg-white","border_color":"border-gray-light"}],"background_color":"bg-none","background_color_content":"bg-none"}},"downloads":{"module_download_list":{"inhalt":null,"downloads":[{"download":{"ID":57316,"id":57316,"title":"BS_570_WP_PI_fr_2023_07-1","filename":"BS_570_WP_PI_fr_2023_07-1.pdf","filesize":427959,"url":"https:\/\/dev.klb-koetztal.de\/app\/uploads\/2023\/07\/BS_570_WP_PI_fr_2023_07-1.pdf","link":"https:\/\/dev.klb-koetztal.de\/fr\/?attachment_id=57316","alt":"","author":"7","description":"","caption":"","name":"bs_570_wp_pi_fr_2023_07-1-2","status":"inherit","uploaded_to":0,"date":"2023-07-05 11:20:56","modified":"2023-07-05 11:20:56","menu_order":0,"mime_type":"application\/pdf","type":"application","subtype":"pdf","icon":"https:\/\/dev.klb-koetztal.de\/wp\/wp-includes\/images\/media\/document.png"},"filename":"Information produit","protected":false,"doclang":"FR","externalkey":"Produktinformation","docpos":"3"},{"download":{"ID":57223,"id":57223,"title":"BS570WP_Umwelt-Deklaration_2023-06","filename":"BS570WP_Umwelt-Deklaration_2023-06.pdf","filesize":2566184,"url":"https:\/\/dev.klb-koetztal.de\/app\/uploads\/2023\/07\/BS570WP_Umwelt-Deklaration_2023-06.pdf","link":"https:\/\/dev.klb-koetztal.de\/fr\/?attachment_id=57223","alt":"","author":"7","description":"","caption":"","name":"bs570wp_umwelt-deklaration_2023-06-2","status":"inherit","uploaded_to":0,"date":"2023-07-04 10:00:14","modified":"2023-07-04 10:00:14","menu_order":0,"mime_type":"application\/pdf","type":"application","subtype":"pdf","icon":"https:\/\/dev.klb-koetztal.de\/wp\/wp-includes\/images\/media\/document.png"},"filename":"D\u00e9clarations de produit environnemental (EPD)","protected":false,"doclang":"Multi","externalkey":"Umweltproduktdeklaration","docpos":"50"},{"download":false,"filename":"Fiche de donn\u00e9es de s\u00e9curit\u00e9","protected":true,"doclang":"FR","externalkey":"Sicherheitsdatenblatt","docpos":"3"}],"einstellungen":null,"background_color":"bg-none","background_color_content":"bg-none"}},"included_in_systems":{"module_included_in_systems":{"":null,"background_color":"bg-gray-medium","background_color_content":"bg-none"}},"contact":{"module_contact":{"":null,"background_color":"bg-none","background_color_content":"bg-none"}},"ausschreibende":{"module_ausschreibende":{"andern_sie_den_inhalt_unter_universelle_elemente":null,"background_color":"bg-none","background_color_content":"bg-none"}}},"yoast_head":"<!-- This site is optimized with the Yoast SEO plugin v27.0 - https:\/\/yoast.com\/product\/yoast-seo-wordpress\/ -->\n<title>Rev\u00eatement balcon BS 570 WP \u00e9tanche et pontant les fissures | KLB<\/title>\n<meta name=\"description\" content=\"Rev\u00eatement PU bicomposant \u00e9lastique \u00e0 basse temp\u00e9rature, antid\u00e9rapant, stable lumi\u00e8re \u2714\ufe0f balcons, pergolas, loggias - DIN 18531-5 - KLB-SYSTEM BALKON BS 570 WP\" \/>\n<meta name=\"robots\" content=\"noindex, follow, max-snippet:-1, max-image-preview:large, max-video-preview:-1\" \/>\n<meta property=\"og:locale\" content=\"fr_FR\" \/>\n<meta property=\"og:type\" content=\"article\" \/>\n<meta property=\"og:title\" content=\"Rev\u00eatement balcon BS 570 WP \u00e9tanche et pontant les fissures | KLB\" \/>\n<meta property=\"og:description\" content=\"Rev\u00eatement PU bicomposant \u00e9lastique \u00e0 basse temp\u00e9rature, antid\u00e9rapant, stable lumi\u00e8re \u2714\ufe0f balcons, pergolas, loggias - DIN 18531-5 - KLB-SYSTEM BALKON BS 570 WP\" \/>\n<meta property=\"og:url\" content=\"https:\/\/dev.klb-koetztal.de\/fr\/produkt\/klb-system-balkon-bs-570-wp\/\" \/>\n<meta property=\"og:site_name\" content=\"KLB K\u00f6tztal\" \/>\n<meta property=\"article:publisher\" content=\"https:\/\/www.facebook.com\/klbkoetztal\" \/>\n<meta property=\"article:modified_time\" content=\"2026-03-16T13:16:27+00:00\" \/>\n<meta property=\"og:image\" content=\"https:\/\/dev.klb-koetztal.de\/app\/uploads\/2023\/07\/O2_KLB_Balcony_decor_pu_outdoor_cqs_4605_600px.png\" \/>\n\t<meta property=\"og:image:width\" content=\"600\" \/>\n\t<meta property=\"og:image:height\" content=\"600\" \/>\n\t<meta property=\"og:image:type\" content=\"image\/png\" \/>\n<meta name=\"twitter:card\" content=\"summary_large_image\" \/>\n<script type=\"application\/ld+json\" class=\"yoast-schema-graph\">{\"@context\":\"https:\/\/schema.org\",\"@graph\":[{\"@type\":\"WebPage\",\"@id\":\"https:\/\/dev.klb-koetztal.de\/fr\/produkt\/klb-system-balkon-bs-570-wp\/\",\"url\":\"https:\/\/dev.klb-koetztal.de\/fr\/produkt\/klb-system-balkon-bs-570-wp\/\",\"name\":\"Rev\u00eatement balcon BS 570 WP \u00e9tanche et pontant les fissures | KLB\",\"isPartOf\":{\"@id\":\"https:\/\/dev.klb-koetztal.de\/fr\/#website\"},\"primaryImageOfPage\":{\"@id\":\"https:\/\/dev.klb-koetztal.de\/fr\/produkt\/klb-system-balkon-bs-570-wp\/#primaryimage\"},\"image\":{\"@id\":\"https:\/\/dev.klb-koetztal.de\/fr\/produkt\/klb-system-balkon-bs-570-wp\/#primaryimage\"},\"thumbnailUrl\":\"https:\/\/dev.klb-koetztal.de\/app\/uploads\/2023\/07\/BS_570_WP_12kg_Kombi_600px.jpg\",\"datePublished\":\"2023-07-05T07:20:05+00:00\",\"dateModified\":\"2026-03-16T13:16:27+00:00\",\"description\":\"Rev\u00eatement PU bicomposant \u00e9lastique \u00e0 basse temp\u00e9rature, antid\u00e9rapant, stable lumi\u00e8re \u2714\ufe0f balcons, pergolas, loggias - DIN 18531-5 - KLB-SYSTEM BALKON BS 570 WP\",\"breadcrumb\":{\"@id\":\"https:\/\/dev.klb-koetztal.de\/fr\/produkt\/klb-system-balkon-bs-570-wp\/#breadcrumb\"},\"inLanguage\":\"fr-FR\",\"potentialAction\":[{\"@type\":\"ReadAction\",\"target\":[\"https:\/\/dev.klb-koetztal.de\/fr\/produkt\/klb-system-balkon-bs-570-wp\/\"]}]},{\"@type\":\"ImageObject\",\"inLanguage\":\"fr-FR\",\"@id\":\"https:\/\/dev.klb-koetztal.de\/fr\/produkt\/klb-system-balkon-bs-570-wp\/#primaryimage\",\"url\":\"https:\/\/dev.klb-koetztal.de\/app\/uploads\/2023\/07\/BS_570_WP_12kg_Kombi_600px.jpg\",\"contentUrl\":\"https:\/\/dev.klb-koetztal.de\/app\/uploads\/2023\/07\/BS_570_WP_12kg_Kombi_600px.jpg\",\"width\":600,\"height\":600},{\"@type\":\"BreadcrumbList\",\"@id\":\"https:\/\/dev.klb-koetztal.de\/fr\/produkt\/klb-system-balkon-bs-570-wp\/#breadcrumb\",\"itemListElement\":[{\"@type\":\"ListItem\",\"position\":1,\"name\":\"Startseite\",\"item\":\"https:\/\/dev.klb-koetztal.de\/fr\/\"},{\"@type\":\"ListItem\",\"position\":2,\"name\":\"KLB-SYSTEM BALKON&#160;BS 570 WP\"}]},{\"@type\":\"WebSite\",\"@id\":\"https:\/\/dev.klb-koetztal.de\/fr\/#website\",\"url\":\"https:\/\/dev.klb-koetztal.de\/fr\/\",\"name\":\"KLB K\u00f6tztal\",\"description\":\"Gute B\u00f6den haben ein System.\",\"potentialAction\":[{\"@type\":\"SearchAction\",\"target\":{\"@type\":\"EntryPoint\",\"urlTemplate\":\"https:\/\/dev.klb-koetztal.de\/fr\/?s={search_term_string}\"},\"query-input\":{\"@type\":\"PropertyValueSpecification\",\"valueRequired\":true,\"valueName\":\"search_term_string\"}}],\"inLanguage\":\"fr-FR\"}]}<\/script>\n<!-- \/ Yoast SEO plugin. -->","yoast_head_json":{"title":"Rev\u00eatement balcon BS 570 WP \u00e9tanche et pontant les fissures | KLB","description":"Rev\u00eatement PU bicomposant \u00e9lastique \u00e0 basse temp\u00e9rature, antid\u00e9rapant, stable lumi\u00e8re \u2714\ufe0f balcons, pergolas, loggias - DIN 18531-5 - KLB-SYSTEM BALKON BS 570 WP","robots":{"index":"noindex","follow":"follow","max-snippet":"max-snippet:-1","max-image-preview":"max-image-preview:large","max-video-preview":"max-video-preview:-1"},"og_locale":"fr_FR","og_type":"article","og_title":"Rev\u00eatement balcon BS 570 WP \u00e9tanche et pontant les fissures | KLB","og_description":"Rev\u00eatement PU bicomposant \u00e9lastique \u00e0 basse temp\u00e9rature, antid\u00e9rapant, stable lumi\u00e8re \u2714\ufe0f balcons, pergolas, loggias - DIN 18531-5 - KLB-SYSTEM BALKON BS 570 WP","og_url":"https:\/\/dev.klb-koetztal.de\/fr\/produkt\/klb-system-balkon-bs-570-wp\/","og_site_name":"KLB K\u00f6tztal","article_publisher":"https:\/\/www.facebook.com\/klbkoetztal","article_modified_time":"2026-03-16T13:16:27+00:00","og_image":[{"width":600,"height":600,"url":"https:\/\/dev.klb-koetztal.de\/app\/uploads\/2023\/07\/O2_KLB_Balcony_decor_pu_outdoor_cqs_4605_600px.png","type":"image\/png"}],"twitter_card":"summary_large_image","schema":{"@context":"https:\/\/schema.org","@graph":[{"@type":"WebPage","@id":"https:\/\/dev.klb-koetztal.de\/fr\/produkt\/klb-system-balkon-bs-570-wp\/","url":"https:\/\/dev.klb-koetztal.de\/fr\/produkt\/klb-system-balkon-bs-570-wp\/","name":"Rev\u00eatement balcon BS 570 WP \u00e9tanche et pontant les fissures | KLB","isPartOf":{"@id":"https:\/\/dev.klb-koetztal.de\/fr\/#website"},"primaryImageOfPage":{"@id":"https:\/\/dev.klb-koetztal.de\/fr\/produkt\/klb-system-balkon-bs-570-wp\/#primaryimage"},"image":{"@id":"https:\/\/dev.klb-koetztal.de\/fr\/produkt\/klb-system-balkon-bs-570-wp\/#primaryimage"},"thumbnailUrl":"https:\/\/dev.klb-koetztal.de\/app\/uploads\/2023\/07\/BS_570_WP_12kg_Kombi_600px.jpg","datePublished":"2023-07-05T07:20:05+00:00","dateModified":"2026-03-16T13:16:27+00:00","description":"Rev\u00eatement PU bicomposant \u00e9lastique \u00e0 basse temp\u00e9rature, antid\u00e9rapant, stable lumi\u00e8re \u2714\ufe0f balcons, pergolas, loggias - DIN 18531-5 - KLB-SYSTEM BALKON BS 570 WP","breadcrumb":{"@id":"https:\/\/dev.klb-koetztal.de\/fr\/produkt\/klb-system-balkon-bs-570-wp\/#breadcrumb"},"inLanguage":"fr-FR","potentialAction":[{"@type":"ReadAction","target":["https:\/\/dev.klb-koetztal.de\/fr\/produkt\/klb-system-balkon-bs-570-wp\/"]}]},{"@type":"ImageObject","inLanguage":"fr-FR","@id":"https:\/\/dev.klb-koetztal.de\/fr\/produkt\/klb-system-balkon-bs-570-wp\/#primaryimage","url":"https:\/\/dev.klb-koetztal.de\/app\/uploads\/2023\/07\/BS_570_WP_12kg_Kombi_600px.jpg","contentUrl":"https:\/\/dev.klb-koetztal.de\/app\/uploads\/2023\/07\/BS_570_WP_12kg_Kombi_600px.jpg","width":600,"height":600},{"@type":"BreadcrumbList","@id":"https:\/\/dev.klb-koetztal.de\/fr\/produkt\/klb-system-balkon-bs-570-wp\/#breadcrumb","itemListElement":[{"@type":"ListItem","position":1,"name":"Startseite","item":"https:\/\/dev.klb-koetztal.de\/fr\/"},{"@type":"ListItem","position":2,"name":"KLB-SYSTEM BALKON&#160;BS 570 WP"}]},{"@type":"WebSite","@id":"https:\/\/dev.klb-koetztal.de\/fr\/#website","url":"https:\/\/dev.klb-koetztal.de\/fr\/","name":"KLB K\u00f6tztal","description":"Gute B\u00f6den haben ein System.","potentialAction":[{"@type":"SearchAction","target":{"@type":"EntryPoint","urlTemplate":"https:\/\/dev.klb-koetztal.de\/fr\/?s={search_term_string}"},"query-input":{"@type":"PropertyValueSpecification","valueRequired":true,"valueName":"search_term_string"}}],"inLanguage":"fr-FR"}]}},"_links":{"self":[{"href":"https:\/\/dev.klb-koetztal.de\/fr\/wp-json\/wp\/v2\/product\/57284","targetHints":{"allow":["GET"]}}],"collection":[{"href":"https:\/\/dev.klb-koetztal.de\/fr\/wp-json\/wp\/v2\/product"}],"about":[{"href":"https:\/\/dev.klb-koetztal.de\/fr\/wp-json\/wp\/v2\/types\/product"}],"wp:featuredmedia":[{"embeddable":true,"href":"https:\/\/dev.klb-koetztal.de\/fr\/wp-json\/wp\/v2\/media\/57215"}],"wp:attachment":[{"href":"https:\/\/dev.klb-koetztal.de\/fr\/wp-json\/wp\/v2\/media?parent=57284"}],"wp:term":[{"taxonomy":"product_brand","embeddable":true,"href":"https:\/\/dev.klb-koetztal.de\/fr\/wp-json\/wp\/v2\/product_brand?post=57284"},{"taxonomy":"product_cat","embeddable":true,"href":"https:\/\/dev.klb-koetztal.de\/fr\/wp-json\/wp\/v2\/product_cat?post=57284"},{"taxonomy":"product_tag","embeddable":true,"href":"https:\/\/dev.klb-koetztal.de\/fr\/wp-json\/wp\/v2\/product_tag?post=57284"}],"curies":[{"name":"wp","href":"https:\/\/api.w.org\/{rel}","templated":true}]}}