{"id":56377,"date":"2023-05-16T17:40:13","date_gmt":"2023-05-16T15:40:13","guid":{"rendered":"https:\/\/www.klb-koetztal.de\/produkt\/klb-system-ac-add-25\/"},"modified":"2026-03-16T14:01:19","modified_gmt":"2026-03-16T13:01:19","slug":"klb-system-ac-add-25","status":"publish","type":"product","link":"https:\/\/dev.klb-koetztal.de\/fr\/produkt\/klb-system-ac-add-25\/","title":{"rendered":"KLB-SYSTEM AC-ADD 25"},"content":{"rendered":"","protected":false},"excerpt":{"rendered":"<p>AC-ADD 25 est un additif pour am\u00e9liorer l&rsquo;adh\u00e9rence de l&rsquo;AC 20 sur les substrats c\u00e9ramiques et les m\u00e9taux. AC-ADD 25&#160;est ajout\u00e9 au primaire AC 20 avec 10 % en poids avant l&rsquo;addition du durcisseur. Le produit&#160;assure une adh\u00e9sion optimale au substrat. Doit \u00eatre soigneusement m\u00e9lang\u00e9 avant d&rsquo;ajouter le durcisseur.<\/p>\n","protected":false},"featured_media":0,"template":"","meta":{"_acf_changed":false},"product_brand":[],"product_cat":[10040,10110,10042,10112],"product_tag":[],"class_list":{"0":"post-56377","1":"product","2":"type-product","3":"status-publish","5":"product_cat-couches-de-fond","6":"product_cat-couches-de-fond_couches-de-fond-pmma","7":"product_cat-revetements","8":"product_cat-revetements_revetements-et-scellement-de-finition-pmma","10":"first","11":"instock","12":"shipping-taxable","13":"product-type-simple"},"acf":{"product_header":{"module_product_header":{"":null,"prototype_headline":{"headline":"KLB-SYSTEM AC-ADD 25","h1":true,"subheadline":"Additif d'adh\u00e9rence pour les primaires PMMA&#160;sur les substrats en c\u00e9ramique et en m\u00e9tal","anchor":"","url":""},"grid_text_slider":false,"grid_text_content":[{"text":"<p class=\"product-short-title\" style=\"text-align: center;\"><strong>Br\u00e8ve description<\/strong><\/p>\n<p>AC-ADD 25 est un additif pour am\u00e9liorer l&rsquo;adh\u00e9rence de l&rsquo;AC 20 sur les substrats c\u00e9ramiques et les m\u00e9taux. AC-ADD 25&#160;est ajout\u00e9 au primaire AC 20 avec 10 % en poids avant l&rsquo;addition du durcisseur. Le produit&#160;assure une adh\u00e9sion optimale au substrat. Doit \u00eatre soigneusement m\u00e9lang\u00e9 avant d&rsquo;ajouter le durcisseur.<\/p>\n","width":"4","background_color_text":"bg-white","border_color":"border-gray-light"},{"text":"<p class=\"product-sicing-title\" style=\"text-align: center;\"><strong>Unit\u00e9s d'emballage<\/strong><\/p>\n<ul>\n<li>MA0038-90 &#8211; Bouteille 1,00 kg<\/li>\n<li>MA0038-70 &#8211; Bidon 10,00 kg<\/li>\n<\/ul>\n<p><\/p>\n<p>N&rsquo;h\u00e9sitez pas \u00e0 contacter directement pour toute demande concernant des quantit\u00e9s de livraison ou des unit\u00e9s de conditionnement plus importantes.<\/p>\n\n","width":"4","background_color_text":"bg-white","border_color":"border-gray-light"},{"text":"<p class=\"product-attr-title\" style=\"text-align: center;\"><strong>Propri\u00e9t\u00e9s<\/strong><\/p>\n<ul>\n<li>durcit \u00e0 basses temp\u00e9ratures<\/li>\n<li>tr\u00e8s haute adh\u00e9rence<\/li>\n<\/ul>\n","width":"4","background_color_text":"bg-white","border_color":"border-gray-light"}],"background_color":"bg-none","background_color_content":"bg-none"}},"downloads":{"module_download_list":{"inhalt":null,"downloads":[{"download":{"ID":56386,"id":56386,"title":"ADD_25_PI_fr_2023_05","filename":"ADD_25_PI_fr_2023_05.pdf","filesize":166747,"url":"https:\/\/dev.klb-koetztal.de\/app\/uploads\/2023\/05\/ADD_25_PI_fr_2023_05.pdf","link":"https:\/\/dev.klb-koetztal.de\/fr\/?attachment_id=56386","alt":"","author":"7","description":"","caption":"","name":"add_25_pi_fr_2023_05-2","status":"inherit","uploaded_to":0,"date":"2023-05-16 15:40:17","modified":"2023-05-16 15:40:17","menu_order":0,"mime_type":"application\/pdf","type":"application","subtype":"pdf","icon":"https:\/\/dev.klb-koetztal.de\/wp\/wp-includes\/images\/media\/document.png"},"filename":"Information produit","protected":false,"doclang":"FR","externalkey":"Produktinformation","docpos":"3"},{"download":false,"filename":"Fiche de donn\u00e9es de s\u00e9curit\u00e9","protected":true,"doclang":"FR","externalkey":"Sicherheitsdatenblatt","docpos":"3"}],"einstellungen":null,"background_color":"bg-none","background_color_content":"bg-none"}},"included_in_systems":{"module_included_in_systems":{"":null,"background_color":"bg-gray-medium","background_color_content":"bg-none"}},"contact":{"module_contact":{"":null,"background_color":"bg-none","background_color_content":"bg-none"}},"ausschreibende":{"module_ausschreibende":{"andern_sie_den_inhalt_unter_universelle_elemente":null,"background_color":"bg-none","background_color_content":"bg-none"}}},"yoast_head":"<!-- This site is optimized with the Yoast SEO plugin v27.0 - https:\/\/yoast.com\/product\/yoast-seo-wordpress\/ -->\n<title>KLB-SYSTEM AC-ADD 25<\/title>\n<meta name=\"description\" content=\"Additif AC-ADD 25 pour am\u00e9liorer l&#039;adh\u00e9rence | KLB rev\u00eatement de sol en r\u00e9sine r\u00e9active \u2714\ufe0fam\u00e9liorer l&#039;adh\u00e9rence de AC 20 sur substrats c\u00e9ramiques et m\u00e9taux\" \/>\n<meta name=\"robots\" content=\"noindex, follow, max-snippet:-1, max-image-preview:large, max-video-preview:-1\" \/>\n<meta property=\"og:locale\" content=\"fr_FR\" \/>\n<meta property=\"og:type\" content=\"article\" \/>\n<meta property=\"og:title\" content=\"KLB-SYSTEM AC-ADD 25\" \/>\n<meta property=\"og:description\" content=\"Additif AC-ADD 25 pour am\u00e9liorer l&#039;adh\u00e9rence | KLB rev\u00eatement de sol en r\u00e9sine r\u00e9active \u2714\ufe0fam\u00e9liorer l&#039;adh\u00e9rence de AC 20 sur substrats c\u00e9ramiques et m\u00e9taux\" \/>\n<meta property=\"og:url\" content=\"https:\/\/dev.klb-koetztal.de\/fr\/produkt\/klb-system-ac-add-25\/\" \/>\n<meta property=\"og:site_name\" content=\"KLB K\u00f6tztal\" \/>\n<meta property=\"article:publisher\" content=\"https:\/\/www.facebook.com\/klbkoetztal\" \/>\n<meta property=\"article:modified_time\" content=\"2026-03-16T13:01:19+00:00\" \/>\n<meta name=\"twitter:card\" content=\"summary_large_image\" \/>\n<script type=\"application\/ld+json\" class=\"yoast-schema-graph\">{\"@context\":\"https:\/\/schema.org\",\"@graph\":[{\"@type\":\"WebPage\",\"@id\":\"https:\/\/dev.klb-koetztal.de\/fr\/produkt\/klb-system-ac-add-25\/\",\"url\":\"https:\/\/dev.klb-koetztal.de\/fr\/produkt\/klb-system-ac-add-25\/\",\"name\":\"KLB-SYSTEM AC-ADD 25\",\"isPartOf\":{\"@id\":\"https:\/\/dev.klb-koetztal.de\/fr\/#website\"},\"datePublished\":\"2023-05-16T15:40:13+00:00\",\"dateModified\":\"2026-03-16T13:01:19+00:00\",\"description\":\"Additif AC-ADD 25 pour am\u00e9liorer l'adh\u00e9rence | KLB rev\u00eatement de sol en r\u00e9sine r\u00e9active \u2714\ufe0fam\u00e9liorer l'adh\u00e9rence de AC 20 sur substrats c\u00e9ramiques et m\u00e9taux\",\"breadcrumb\":{\"@id\":\"https:\/\/dev.klb-koetztal.de\/fr\/produkt\/klb-system-ac-add-25\/#breadcrumb\"},\"inLanguage\":\"fr-FR\",\"potentialAction\":[{\"@type\":\"ReadAction\",\"target\":[\"https:\/\/dev.klb-koetztal.de\/fr\/produkt\/klb-system-ac-add-25\/\"]}]},{\"@type\":\"BreadcrumbList\",\"@id\":\"https:\/\/dev.klb-koetztal.de\/fr\/produkt\/klb-system-ac-add-25\/#breadcrumb\",\"itemListElement\":[{\"@type\":\"ListItem\",\"position\":1,\"name\":\"Startseite\",\"item\":\"https:\/\/dev.klb-koetztal.de\/fr\/\"},{\"@type\":\"ListItem\",\"position\":2,\"name\":\"KLB-SYSTEM AC-ADD 25\"}]},{\"@type\":\"WebSite\",\"@id\":\"https:\/\/dev.klb-koetztal.de\/fr\/#website\",\"url\":\"https:\/\/dev.klb-koetztal.de\/fr\/\",\"name\":\"KLB K\u00f6tztal\",\"description\":\"Gute B\u00f6den haben ein System.\",\"potentialAction\":[{\"@type\":\"SearchAction\",\"target\":{\"@type\":\"EntryPoint\",\"urlTemplate\":\"https:\/\/dev.klb-koetztal.de\/fr\/?s={search_term_string}\"},\"query-input\":{\"@type\":\"PropertyValueSpecification\",\"valueRequired\":true,\"valueName\":\"search_term_string\"}}],\"inLanguage\":\"fr-FR\"}]}<\/script>\n<!-- \/ Yoast SEO plugin. -->","yoast_head_json":{"title":"KLB-SYSTEM AC-ADD 25","description":"Additif AC-ADD 25 pour am\u00e9liorer l'adh\u00e9rence | KLB rev\u00eatement de sol en r\u00e9sine r\u00e9active \u2714\ufe0fam\u00e9liorer l'adh\u00e9rence de AC 20 sur substrats c\u00e9ramiques et m\u00e9taux","robots":{"index":"noindex","follow":"follow","max-snippet":"max-snippet:-1","max-image-preview":"max-image-preview:large","max-video-preview":"max-video-preview:-1"},"og_locale":"fr_FR","og_type":"article","og_title":"KLB-SYSTEM AC-ADD 25","og_description":"Additif AC-ADD 25 pour am\u00e9liorer l'adh\u00e9rence | KLB rev\u00eatement de sol en r\u00e9sine r\u00e9active \u2714\ufe0fam\u00e9liorer l'adh\u00e9rence de AC 20 sur substrats c\u00e9ramiques et m\u00e9taux","og_url":"https:\/\/dev.klb-koetztal.de\/fr\/produkt\/klb-system-ac-add-25\/","og_site_name":"KLB K\u00f6tztal","article_publisher":"https:\/\/www.facebook.com\/klbkoetztal","article_modified_time":"2026-03-16T13:01:19+00:00","twitter_card":"summary_large_image","schema":{"@context":"https:\/\/schema.org","@graph":[{"@type":"WebPage","@id":"https:\/\/dev.klb-koetztal.de\/fr\/produkt\/klb-system-ac-add-25\/","url":"https:\/\/dev.klb-koetztal.de\/fr\/produkt\/klb-system-ac-add-25\/","name":"KLB-SYSTEM AC-ADD 25","isPartOf":{"@id":"https:\/\/dev.klb-koetztal.de\/fr\/#website"},"datePublished":"2023-05-16T15:40:13+00:00","dateModified":"2026-03-16T13:01:19+00:00","description":"Additif AC-ADD 25 pour am\u00e9liorer l'adh\u00e9rence | KLB rev\u00eatement de sol en r\u00e9sine r\u00e9active \u2714\ufe0fam\u00e9liorer l'adh\u00e9rence de AC 20 sur substrats c\u00e9ramiques et m\u00e9taux","breadcrumb":{"@id":"https:\/\/dev.klb-koetztal.de\/fr\/produkt\/klb-system-ac-add-25\/#breadcrumb"},"inLanguage":"fr-FR","potentialAction":[{"@type":"ReadAction","target":["https:\/\/dev.klb-koetztal.de\/fr\/produkt\/klb-system-ac-add-25\/"]}]},{"@type":"BreadcrumbList","@id":"https:\/\/dev.klb-koetztal.de\/fr\/produkt\/klb-system-ac-add-25\/#breadcrumb","itemListElement":[{"@type":"ListItem","position":1,"name":"Startseite","item":"https:\/\/dev.klb-koetztal.de\/fr\/"},{"@type":"ListItem","position":2,"name":"KLB-SYSTEM AC-ADD 25"}]},{"@type":"WebSite","@id":"https:\/\/dev.klb-koetztal.de\/fr\/#website","url":"https:\/\/dev.klb-koetztal.de\/fr\/","name":"KLB K\u00f6tztal","description":"Gute B\u00f6den haben ein System.","potentialAction":[{"@type":"SearchAction","target":{"@type":"EntryPoint","urlTemplate":"https:\/\/dev.klb-koetztal.de\/fr\/?s={search_term_string}"},"query-input":{"@type":"PropertyValueSpecification","valueRequired":true,"valueName":"search_term_string"}}],"inLanguage":"fr-FR"}]}},"_links":{"self":[{"href":"https:\/\/dev.klb-koetztal.de\/fr\/wp-json\/wp\/v2\/product\/56377","targetHints":{"allow":["GET"]}}],"collection":[{"href":"https:\/\/dev.klb-koetztal.de\/fr\/wp-json\/wp\/v2\/product"}],"about":[{"href":"https:\/\/dev.klb-koetztal.de\/fr\/wp-json\/wp\/v2\/types\/product"}],"wp:attachment":[{"href":"https:\/\/dev.klb-koetztal.de\/fr\/wp-json\/wp\/v2\/media?parent=56377"}],"wp:term":[{"taxonomy":"product_brand","embeddable":true,"href":"https:\/\/dev.klb-koetztal.de\/fr\/wp-json\/wp\/v2\/product_brand?post=56377"},{"taxonomy":"product_cat","embeddable":true,"href":"https:\/\/dev.klb-koetztal.de\/fr\/wp-json\/wp\/v2\/product_cat?post=56377"},{"taxonomy":"product_tag","embeddable":true,"href":"https:\/\/dev.klb-koetztal.de\/fr\/wp-json\/wp\/v2\/product_tag?post=56377"}],"curies":[{"name":"wp","href":"https:\/\/api.w.org\/{rel}","templated":true}]}}