{"id":56211,"date":"2023-05-05T15:08:38","date_gmt":"2023-05-05T13:08:38","guid":{"rendered":"https:\/\/www.klb-koetztal.de\/produkt\/klb-system-polyurea-pu-469\/"},"modified":"2026-03-16T14:19:29","modified_gmt":"2026-03-16T13:19:29","slug":"klb-system-polyurea-pu-469","status":"publish","type":"product","link":"https:\/\/dev.klb-koetztal.de\/fr\/produkt\/klb-system-polyurea-pu-469\/","title":{"rendered":"KLB-SYSTEM POLYUREA PU 469"},"content":{"rendered":"","protected":false},"excerpt":{"rendered":"<p>R\u00e9sine en polyur\u00e9e bicomposante, \u00e0 faible odeur, color\u00e9e et \u00e9lastique pour les couches racl\u00e9es et de finition sur les joints de bloc, \u00e0 durcissement rapide.<\/p>\n","protected":false},"featured_media":56148,"template":"","meta":{"_acf_changed":false},"product_brand":[],"product_cat":[10036,10093,10038],"product_tag":[],"class_list":{"0":"post-56211","1":"product","2":"type-product","3":"status-publish","4":"has-post-thumbnail","6":"product_cat-mortier-prefabrique-resines-pour-gorges-annulaires-resines-de-renovation-dinjection-et-de-joints","7":"product_cat-mortier-prefabrique-resines-pour-gorges-annulaires-resines-de-renovation-dinjection-et-de-joints_resines-de-joints","8":"product_cat-scellements-impregnations","10":"first","11":"instock","12":"shipping-taxable","13":"product-type-simple"},"acf":{"product_header":{"module_product_header":{"":null,"prototype_headline":{"headline":"KLB-SYSTEM POLYUREA PU 469","h1":true,"subheadline":"R\u00e9sine en polyur\u00e9e bicomposante, \u00e0 faible odeur, color\u00e9e et \u00e9lastique pour les couches racl\u00e9es et de finition sur les joints de bloc","anchor":"","url":""},"grid_text_slider":false,"grid_text_content":[{"text":"<p class=\"product-short-title\" style=\"text-align: center;\"><strong>Br\u00e8ve description<\/strong><\/p>\n<p>R\u00e9sine en polyur\u00e9e bicomposante, \u00e0 faible odeur, color\u00e9e et \u00e9lastique pour les couches racl\u00e9es et de finition sur les joints de bloc, \u00e0 durcissement rapide.<\/p>\n","width":"4","background_color_text":"bg-white","border_color":"border-gray-light"},{"text":"<p class=\"product-sicing-title\" style=\"text-align: center;\"><strong>Unit\u00e9s d'emballage<\/strong><\/p>\n<ul>\n<li>AK6179-70 &#8211; Emballage en kit 6,00 kg<\/li>\n<\/ul>\n<p><\/p>\n<p>N&rsquo;h\u00e9sitez pas \u00e0 contacter directement pour toute demande concernant des quantit\u00e9s de livraison ou des unit\u00e9s de conditionnement plus importantes.<\/p>\n\n","width":"4","background_color_text":"bg-white","border_color":"border-gray-light"},{"text":"<p class=\"product-attr-title\" style=\"text-align: center;\"><strong>Propri\u00e9t\u00e9s<\/strong><\/p>\n<ul>\n<li>sans solvant<\/li>\n<li>inodore<\/li>\n<li>r\u00e9sistant \u00e0 la lumi\u00e8re<\/li>\n<li>\u00e9lastique<\/li>\n<li>\u00e0 durcissement rapide<\/li>\n<li>bonne r\u00e9sistance \u00e0 l&rsquo;eau et aux produits chimiques<\/li>\n<li>surface color\u00e9e<\/li>\n<li>Total Solid selon GISCODE (m\u00e9thode d&rsquo;essai de \u00ab Deutsche Bauchemie \u00bb, l&rsquo;association all. pour la chimie de construction)<\/li>\n<\/ul>\n","width":"4","background_color_text":"bg-white","border_color":"border-gray-light"}],"background_color":"bg-none","background_color_content":"bg-none"}},"downloads":{"module_download_list":{"inhalt":null,"downloads":[{"download":{"ID":58230,"id":58230,"title":"PU_469_PI_fr_2023_09","filename":"PU_469_PI_fr_2023_09.pdf","filesize":694797,"url":"https:\/\/dev.klb-koetztal.de\/app\/uploads\/2023\/09\/PU_469_PI_fr_2023_09.pdf","link":"https:\/\/dev.klb-koetztal.de\/fr\/?attachment_id=58230","alt":"","author":"7","description":"","caption":"","name":"pu_469_pi_fr_2023_09-2","status":"inherit","uploaded_to":0,"date":"2023-09-11 13:20:22","modified":"2023-09-11 13:20:22","menu_order":0,"mime_type":"application\/pdf","type":"application","subtype":"pdf","icon":"https:\/\/dev.klb-koetztal.de\/wp\/wp-includes\/images\/media\/document.png"},"filename":"Information produit","protected":false,"doclang":"FR","externalkey":"Produktinformation","docpos":"3"},{"download":{"ID":56162,"id":56162,"title":"PU469_Umwelt-Deklaration_2023-03","filename":"PU469_Umwelt-Deklaration_2023-03.pdf","filesize":2570167,"url":"https:\/\/dev.klb-koetztal.de\/app\/uploads\/2023\/05\/PU469_Umwelt-Deklaration_2023-03.pdf","link":"https:\/\/dev.klb-koetztal.de\/fr\/?attachment_id=56162","alt":"","author":"7","description":"","caption":"","name":"pu469_umwelt-deklaration_2023-03-2","status":"inherit","uploaded_to":0,"date":"2023-05-05 11:33:38","modified":"2023-05-05 11:33:38","menu_order":0,"mime_type":"application\/pdf","type":"application","subtype":"pdf","icon":"https:\/\/dev.klb-koetztal.de\/wp\/wp-includes\/images\/media\/document.png"},"filename":"D\u00e9clarations de produit environnemental (EPD)","protected":false,"doclang":"Multi","externalkey":"Umweltproduktdeklaration","docpos":"50"},{"download":false,"filename":"Fiche de donn\u00e9es de s\u00e9curit\u00e9","protected":true,"doclang":"FR","externalkey":"Sicherheitsdatenblatt","docpos":"3"}],"einstellungen":null,"background_color":"bg-none","background_color_content":"bg-none"}},"included_in_systems":{"module_included_in_systems":{"":null,"background_color":"bg-gray-medium","background_color_content":"bg-none"}},"contact":{"module_contact":{"":null,"background_color":"bg-none","background_color_content":"bg-none"}},"ausschreibende":{"module_ausschreibende":{"andern_sie_den_inhalt_unter_universelle_elemente":null,"background_color":"bg-none","background_color_content":"bg-none"}}},"yoast_head":"<!-- This site is optimized with the Yoast SEO plugin v27.0 - https:\/\/yoast.com\/product\/yoast-seo-wordpress\/ -->\n<title>Finition et couche racl\u00e9e pour les joints de blocs PU 469 | KLB<\/title>\n<meta name=\"description\" content=\"R\u00e9sine en polyur\u00e9e bicomposante color\u00e9e, \u00e9lastifi\u00e9e pour les couches racl\u00e9es et de finition sur les joints blocs \u2714\ufe0f rapide, peu jaunissant, \u00e0 faible odeur\" \/>\n<meta name=\"robots\" content=\"noindex, follow, max-snippet:-1, max-image-preview:large, max-video-preview:-1\" \/>\n<meta property=\"og:locale\" content=\"fr_FR\" \/>\n<meta property=\"og:type\" content=\"article\" \/>\n<meta property=\"og:title\" content=\"Finition et couche racl\u00e9e pour les joints de blocs PU 469 | KLB\" \/>\n<meta property=\"og:description\" content=\"R\u00e9sine en polyur\u00e9e bicomposante color\u00e9e, \u00e9lastifi\u00e9e pour les couches racl\u00e9es et de finition sur les joints blocs \u2714\ufe0f rapide, peu jaunissant, \u00e0 faible odeur\" \/>\n<meta property=\"og:url\" content=\"https:\/\/dev.klb-koetztal.de\/fr\/produkt\/klb-system-polyurea-pu-469\/\" \/>\n<meta property=\"og:site_name\" content=\"KLB K\u00f6tztal\" \/>\n<meta property=\"article:publisher\" content=\"https:\/\/www.facebook.com\/klbkoetztal\" \/>\n<meta property=\"article:modified_time\" content=\"2026-03-16T13:19:29+00:00\" \/>\n<meta property=\"og:image\" content=\"https:\/\/dev.klb-koetztal.de\/app\/uploads\/2023\/05\/PU_469_KLB_750px.jpg\" \/>\n\t<meta property=\"og:image:width\" content=\"750\" \/>\n\t<meta property=\"og:image:height\" content=\"750\" \/>\n\t<meta property=\"og:image:type\" content=\"image\/jpeg\" \/>\n<meta name=\"twitter:card\" content=\"summary_large_image\" \/>\n<script type=\"application\/ld+json\" class=\"yoast-schema-graph\">{\"@context\":\"https:\/\/schema.org\",\"@graph\":[{\"@type\":\"WebPage\",\"@id\":\"https:\/\/dev.klb-koetztal.de\/fr\/produkt\/klb-system-polyurea-pu-469\/\",\"url\":\"https:\/\/dev.klb-koetztal.de\/fr\/produkt\/klb-system-polyurea-pu-469\/\",\"name\":\"Finition et couche racl\u00e9e pour les joints de blocs PU 469 | KLB\",\"isPartOf\":{\"@id\":\"https:\/\/dev.klb-koetztal.de\/fr\/#website\"},\"primaryImageOfPage\":{\"@id\":\"https:\/\/dev.klb-koetztal.de\/fr\/produkt\/klb-system-polyurea-pu-469\/#primaryimage\"},\"image\":{\"@id\":\"https:\/\/dev.klb-koetztal.de\/fr\/produkt\/klb-system-polyurea-pu-469\/#primaryimage\"},\"thumbnailUrl\":\"https:\/\/dev.klb-koetztal.de\/app\/uploads\/2023\/05\/PU_469_KLB_750px.jpg\",\"datePublished\":\"2023-05-05T13:08:38+00:00\",\"dateModified\":\"2026-03-16T13:19:29+00:00\",\"description\":\"R\u00e9sine en polyur\u00e9e bicomposante color\u00e9e, \u00e9lastifi\u00e9e pour les couches racl\u00e9es et de finition sur les joints blocs \u2714\ufe0f rapide, peu jaunissant, \u00e0 faible odeur\",\"breadcrumb\":{\"@id\":\"https:\/\/dev.klb-koetztal.de\/fr\/produkt\/klb-system-polyurea-pu-469\/#breadcrumb\"},\"inLanguage\":\"fr-FR\",\"potentialAction\":[{\"@type\":\"ReadAction\",\"target\":[\"https:\/\/dev.klb-koetztal.de\/fr\/produkt\/klb-system-polyurea-pu-469\/\"]}]},{\"@type\":\"ImageObject\",\"inLanguage\":\"fr-FR\",\"@id\":\"https:\/\/dev.klb-koetztal.de\/fr\/produkt\/klb-system-polyurea-pu-469\/#primaryimage\",\"url\":\"https:\/\/dev.klb-koetztal.de\/app\/uploads\/2023\/05\/PU_469_KLB_750px.jpg\",\"contentUrl\":\"https:\/\/dev.klb-koetztal.de\/app\/uploads\/2023\/05\/PU_469_KLB_750px.jpg\",\"width\":750,\"height\":750},{\"@type\":\"BreadcrumbList\",\"@id\":\"https:\/\/dev.klb-koetztal.de\/fr\/produkt\/klb-system-polyurea-pu-469\/#breadcrumb\",\"itemListElement\":[{\"@type\":\"ListItem\",\"position\":1,\"name\":\"Startseite\",\"item\":\"https:\/\/dev.klb-koetztal.de\/fr\/\"},{\"@type\":\"ListItem\",\"position\":2,\"name\":\"KLB-SYSTEM POLYUREA PU 469\"}]},{\"@type\":\"WebSite\",\"@id\":\"https:\/\/dev.klb-koetztal.de\/fr\/#website\",\"url\":\"https:\/\/dev.klb-koetztal.de\/fr\/\",\"name\":\"KLB K\u00f6tztal\",\"description\":\"Gute B\u00f6den haben ein System.\",\"potentialAction\":[{\"@type\":\"SearchAction\",\"target\":{\"@type\":\"EntryPoint\",\"urlTemplate\":\"https:\/\/dev.klb-koetztal.de\/fr\/?s={search_term_string}\"},\"query-input\":{\"@type\":\"PropertyValueSpecification\",\"valueRequired\":true,\"valueName\":\"search_term_string\"}}],\"inLanguage\":\"fr-FR\"}]}<\/script>\n<!-- \/ Yoast SEO plugin. -->","yoast_head_json":{"title":"Finition et couche racl\u00e9e pour les joints de blocs PU 469 | KLB","description":"R\u00e9sine en polyur\u00e9e bicomposante color\u00e9e, \u00e9lastifi\u00e9e pour les couches racl\u00e9es et de finition sur les joints blocs \u2714\ufe0f rapide, peu jaunissant, \u00e0 faible odeur","robots":{"index":"noindex","follow":"follow","max-snippet":"max-snippet:-1","max-image-preview":"max-image-preview:large","max-video-preview":"max-video-preview:-1"},"og_locale":"fr_FR","og_type":"article","og_title":"Finition et couche racl\u00e9e pour les joints de blocs PU 469 | KLB","og_description":"R\u00e9sine en polyur\u00e9e bicomposante color\u00e9e, \u00e9lastifi\u00e9e pour les couches racl\u00e9es et de finition sur les joints blocs \u2714\ufe0f rapide, peu jaunissant, \u00e0 faible odeur","og_url":"https:\/\/dev.klb-koetztal.de\/fr\/produkt\/klb-system-polyurea-pu-469\/","og_site_name":"KLB K\u00f6tztal","article_publisher":"https:\/\/www.facebook.com\/klbkoetztal","article_modified_time":"2026-03-16T13:19:29+00:00","og_image":[{"width":750,"height":750,"url":"https:\/\/dev.klb-koetztal.de\/app\/uploads\/2023\/05\/PU_469_KLB_750px.jpg","type":"image\/jpeg"}],"twitter_card":"summary_large_image","schema":{"@context":"https:\/\/schema.org","@graph":[{"@type":"WebPage","@id":"https:\/\/dev.klb-koetztal.de\/fr\/produkt\/klb-system-polyurea-pu-469\/","url":"https:\/\/dev.klb-koetztal.de\/fr\/produkt\/klb-system-polyurea-pu-469\/","name":"Finition et couche racl\u00e9e pour les joints de blocs PU 469 | KLB","isPartOf":{"@id":"https:\/\/dev.klb-koetztal.de\/fr\/#website"},"primaryImageOfPage":{"@id":"https:\/\/dev.klb-koetztal.de\/fr\/produkt\/klb-system-polyurea-pu-469\/#primaryimage"},"image":{"@id":"https:\/\/dev.klb-koetztal.de\/fr\/produkt\/klb-system-polyurea-pu-469\/#primaryimage"},"thumbnailUrl":"https:\/\/dev.klb-koetztal.de\/app\/uploads\/2023\/05\/PU_469_KLB_750px.jpg","datePublished":"2023-05-05T13:08:38+00:00","dateModified":"2026-03-16T13:19:29+00:00","description":"R\u00e9sine en polyur\u00e9e bicomposante color\u00e9e, \u00e9lastifi\u00e9e pour les couches racl\u00e9es et de finition sur les joints blocs \u2714\ufe0f rapide, peu jaunissant, \u00e0 faible odeur","breadcrumb":{"@id":"https:\/\/dev.klb-koetztal.de\/fr\/produkt\/klb-system-polyurea-pu-469\/#breadcrumb"},"inLanguage":"fr-FR","potentialAction":[{"@type":"ReadAction","target":["https:\/\/dev.klb-koetztal.de\/fr\/produkt\/klb-system-polyurea-pu-469\/"]}]},{"@type":"ImageObject","inLanguage":"fr-FR","@id":"https:\/\/dev.klb-koetztal.de\/fr\/produkt\/klb-system-polyurea-pu-469\/#primaryimage","url":"https:\/\/dev.klb-koetztal.de\/app\/uploads\/2023\/05\/PU_469_KLB_750px.jpg","contentUrl":"https:\/\/dev.klb-koetztal.de\/app\/uploads\/2023\/05\/PU_469_KLB_750px.jpg","width":750,"height":750},{"@type":"BreadcrumbList","@id":"https:\/\/dev.klb-koetztal.de\/fr\/produkt\/klb-system-polyurea-pu-469\/#breadcrumb","itemListElement":[{"@type":"ListItem","position":1,"name":"Startseite","item":"https:\/\/dev.klb-koetztal.de\/fr\/"},{"@type":"ListItem","position":2,"name":"KLB-SYSTEM POLYUREA PU 469"}]},{"@type":"WebSite","@id":"https:\/\/dev.klb-koetztal.de\/fr\/#website","url":"https:\/\/dev.klb-koetztal.de\/fr\/","name":"KLB K\u00f6tztal","description":"Gute B\u00f6den haben ein System.","potentialAction":[{"@type":"SearchAction","target":{"@type":"EntryPoint","urlTemplate":"https:\/\/dev.klb-koetztal.de\/fr\/?s={search_term_string}"},"query-input":{"@type":"PropertyValueSpecification","valueRequired":true,"valueName":"search_term_string"}}],"inLanguage":"fr-FR"}]}},"_links":{"self":[{"href":"https:\/\/dev.klb-koetztal.de\/fr\/wp-json\/wp\/v2\/product\/56211","targetHints":{"allow":["GET"]}}],"collection":[{"href":"https:\/\/dev.klb-koetztal.de\/fr\/wp-json\/wp\/v2\/product"}],"about":[{"href":"https:\/\/dev.klb-koetztal.de\/fr\/wp-json\/wp\/v2\/types\/product"}],"wp:featuredmedia":[{"embeddable":true,"href":"https:\/\/dev.klb-koetztal.de\/fr\/wp-json\/wp\/v2\/media\/56148"}],"wp:attachment":[{"href":"https:\/\/dev.klb-koetztal.de\/fr\/wp-json\/wp\/v2\/media?parent=56211"}],"wp:term":[{"taxonomy":"product_brand","embeddable":true,"href":"https:\/\/dev.klb-koetztal.de\/fr\/wp-json\/wp\/v2\/product_brand?post=56211"},{"taxonomy":"product_cat","embeddable":true,"href":"https:\/\/dev.klb-koetztal.de\/fr\/wp-json\/wp\/v2\/product_cat?post=56211"},{"taxonomy":"product_tag","embeddable":true,"href":"https:\/\/dev.klb-koetztal.de\/fr\/wp-json\/wp\/v2\/product_tag?post=56211"}],"curies":[{"name":"wp","href":"https:\/\/api.w.org\/{rel}","templated":true}]}}