{"id":56104,"date":"2023-04-28T10:58:44","date_gmt":"2023-04-28T08:58:44","guid":{"rendered":"https:\/\/www.klb-koetztal.de\/produkt\/klb-system-ec-450-decor\/"},"modified":"2026-03-16T14:05:33","modified_gmt":"2026-03-16T13:05:33","slug":"klb-system-ec-450-decor","status":"publish","type":"product","link":"https:\/\/dev.klb-koetztal.de\/fr\/produkt\/klb-system-ec-450-decor\/","title":{"rendered":"KLB-SYSTEM EC 450 DECOR"},"content":{"rendered":"","protected":false},"excerpt":{"rendered":"<p>KLB-SYSTEM EC 450 DECOR est utilis\u00e9 comme enduit de spatule design \u00e0 3 composants pour la r\u00e9alisation de rev\u00eatements muraux&#160;et de sols color\u00e9s, \u00e0 faible&#160;\u00e9mission, d\u00e9coratifs et sans joints, en aspect du stucco v\u00e9nitien qui sont appliqu\u00e9s en plusieurs \u00e9tapes de travail.<br \/>\nSelon&#160;les exigences en mati\u00e8re de r\u00e9sistance et d&rsquo;aspect, l&rsquo;application se fait en au moins 2 couches de remplissage de diff\u00e9rentes teintes.<\/p>\n","protected":false},"featured_media":51413,"template":"","meta":{"_acf_changed":false},"product_brand":[],"product_cat":[10042,10057,10048],"product_tag":[],"class_list":{"0":"post-56104","1":"product","2":"type-product","3":"status-publish","4":"has-post-thumbnail","6":"product_cat-revetements","7":"product_cat-revetements_revetements-et-scellements-permeables-a-la-diffusion-de-vapeur","8":"product_cat-revetements_revetements-muraux-et-scellements","10":"first","11":"instock","12":"shipping-taxable","13":"product-type-simple"},"acf":{"product_header":{"module_product_header":{"":null,"prototype_headline":{"headline":"KLB-SYSTEM EC 450 DECOR","h1":true,"subheadline":"Rev\u00eatement de spatule design \u00e0 3 composants, color\u00e9 et \u00e0 faible \u00e9mission pour les rev\u00eatements de sol et muraux sans joints et d\u00e9coratifs","anchor":"","url":""},"grid_text_slider":false,"grid_text_content":[{"text":"<p class=\"product-short-title\" style=\"text-align: center;\"><strong>Br\u00e8ve description<\/strong><\/p>\n<p>KLB-SYSTEM EC 450 DECOR est utilis\u00e9 comme enduit de spatule design \u00e0 3 composants pour la r\u00e9alisation de rev\u00eatements muraux&#160;et de sols color\u00e9s, \u00e0 faible&#160;\u00e9mission, d\u00e9coratifs et sans joints, en aspect du stucco v\u00e9nitien qui sont appliqu\u00e9s en plusieurs \u00e9tapes de travail.<\/p>\n<p>Selon&#160;les exigences en mati\u00e8re de r\u00e9sistance et d&rsquo;aspect, l&rsquo;application se fait en au moins 2 couches de remplissage de diff\u00e9rentes teintes.<\/p>\n","width":"4","background_color_text":"bg-white","border_color":"border-gray-light"},{"text":"<p class=\"product-sicing-title\" style=\"text-align: center;\"><strong>Unit\u00e9s d'emballage<\/strong><\/p>\n<ul>\n<li>AK6987-51 &#8211; Emballage en kit 13,40 kg<\/li>\n<\/ul>\n<p><\/p>\n<p>N&rsquo;h\u00e9sitez pas \u00e0 contacter directement pour toute demande concernant des quantit\u00e9s de livraison ou des unit\u00e9s de conditionnement plus importantes.<\/p>\n\n","width":"4","background_color_text":"bg-white","border_color":"border-gray-light"},{"text":"<p class=\"product-attr-title\" style=\"text-align: center;\"><strong>Propri\u00e9t\u00e9s<\/strong><\/p>\n<ul>\n<li>surface d\u00e9corative et attrayante<\/li>\n<li>peu sensible au jaunissement<\/li>\n<li>adapt\u00e9 pour les travaux de r\u00e9novation<\/li>\n<li>faible sensibilit\u00e9 aux taches<\/li>\n<li>bonne aptitude au nettoyage<\/li>\n<li>respectueux de l&rsquo;environnement<\/li>\n<li>qualit\u00e9 contr\u00f4l\u00e9e, \u00e0 faible \u00e9mission<\/li>\n<li>tr\u00e8s \u00e9conomique<\/li>\n<li>utilisation simple<\/li>\n<\/ul>\n","width":"4","background_color_text":"bg-white","border_color":"border-gray-light"}],"background_color":"bg-none","background_color_content":"bg-none"}},"downloads":{"module_download_list":{"inhalt":null,"downloads":[{"download":{"ID":66724,"id":66724,"title":"EC_450_DECOR_PI_fr_2025_08","filename":"EC_450_DECOR_PI_fr_2025_08.pdf","filesize":2259599,"url":"https:\/\/dev.klb-koetztal.de\/app\/uploads\/2025\/08\/EC_450_DECOR_PI_fr_2025_08.pdf","link":"https:\/\/dev.klb-koetztal.de\/fr\/?attachment_id=66724","alt":"","author":"7","description":"","caption":"","name":"ec_450_decor_pi_fr_2025_08-2","status":"inherit","uploaded_to":0,"date":"2025-08-01 06:31:13","modified":"2025-08-01 06:31:13","menu_order":0,"mime_type":"application\/pdf","type":"application","subtype":"pdf","icon":"https:\/\/dev.klb-koetztal.de\/wp\/wp-includes\/images\/media\/document.png"},"filename":"Information produit","protected":false,"doclang":"FR","externalkey":"Produktinformation","docpos":"3"},{"download":{"ID":62514,"id":62514,"title":"EC_450_DECOR_LE_en_2024_08","filename":"EC_450_DECOR_LE_en_2024_08.pdf","filesize":670511,"url":"https:\/\/dev.klb-koetztal.de\/app\/uploads\/2024\/08\/EC_450_DECOR_LE_en_2024_08.pdf","link":"https:\/\/dev.klb-koetztal.de\/fr\/?attachment_id=62514","alt":"","author":"7","description":"","caption":"","name":"ec_450_decor_le_en_2024_08-2","status":"inherit","uploaded_to":0,"date":"2024-08-06 13:40:19","modified":"2024-08-06 13:40:19","menu_order":0,"mime_type":"application\/pdf","type":"application","subtype":"pdf","icon":"https:\/\/dev.klb-koetztal.de\/wp\/wp-includes\/images\/media\/document.png"},"filename":"Statement of performance","protected":false,"doclang":"GB","externalkey":"Leistungserklaerung","docpos":"2"},{"download":{"ID":62517,"id":62517,"title":"EC_450_DECOR_LE_fr_2024_08","filename":"EC_450_DECOR_LE_fr_2024_08.pdf","filesize":674204,"url":"https:\/\/dev.klb-koetztal.de\/app\/uploads\/2024\/08\/EC_450_DECOR_LE_fr_2024_08.pdf","link":"https:\/\/dev.klb-koetztal.de\/fr\/?attachment_id=62517","alt":"","author":"7","description":"","caption":"","name":"ec_450_decor_le_fr_2024_08-2","status":"inherit","uploaded_to":0,"date":"2024-08-06 13:40:22","modified":"2024-08-06 13:40:22","menu_order":0,"mime_type":"application\/pdf","type":"application","subtype":"pdf","icon":"https:\/\/dev.klb-koetztal.de\/wp\/wp-includes\/images\/media\/document.png"},"filename":"D\u00e9claration de performance","protected":false,"doclang":"FR","externalkey":"Leistungserklaerung","docpos":"3"},{"download":false,"filename":"Fiche de donn\u00e9es de s\u00e9curit\u00e9","protected":true,"doclang":"FR","externalkey":"Sicherheitsdatenblatt","docpos":"3"},{"download":{"ID":52551,"id":52551,"title":"Farbkarte_FR_KLB_EC_450-DECOR_08_2022","filename":"Farbkarte_FR_KLB_EC_450-DECOR_08_2022.pdf","filesize":580817,"url":"https:\/\/dev.klb-koetztal.de\/app\/uploads\/2022\/09\/Farbkarte_FR_KLB_EC_450-DECOR_08_2022.pdf","link":"https:\/\/dev.klb-koetztal.de\/fr\/?attachment_id=52551","alt":"","author":"7","description":"","caption":"","name":"farbkarte_fr_klb_ec_450-decor_08_2022-2","status":"inherit","uploaded_to":0,"date":"2022-09-22 06:56:36","modified":"2022-09-22 06:56:36","menu_order":0,"mime_type":"application\/pdf","type":"application","subtype":"pdf","icon":"https:\/\/dev.klb-koetztal.de\/wp\/wp-includes\/images\/media\/document.png"},"filename":"Nuanciers FR","protected":false,"doclang":"FR","externalkey":"Farbkarten","docpos":"3"},{"download":{"ID":52548,"id":52548,"title":"Farbkarte_EN_KLB_EC_450-DECOR_08_2022","filename":"Farbkarte_EN_KLB_EC_450-DECOR_08_2022.pdf","filesize":578053,"url":"https:\/\/dev.klb-koetztal.de\/app\/uploads\/2022\/09\/Farbkarte_EN_KLB_EC_450-DECOR_08_2022.pdf","link":"https:\/\/dev.klb-koetztal.de\/fr\/?attachment_id=52548","alt":"","author":"7","description":"","caption":"","name":"farbkarte_en_klb_ec_450-decor_08_2022-2","status":"inherit","uploaded_to":0,"date":"2022-09-22 06:56:34","modified":"2022-09-22 06:56:34","menu_order":0,"mime_type":"application\/pdf","type":"application","subtype":"pdf","icon":"https:\/\/dev.klb-koetztal.de\/wp\/wp-includes\/images\/media\/document.png"},"filename":"Nuanciers FR","protected":false,"doclang":"GB","externalkey":"Farbkarten","docpos":"2"}],"einstellungen":null,"background_color":"bg-none","background_color_content":"bg-none"}},"included_in_systems":{"module_included_in_systems":{"":null,"background_color":"bg-gray-medium","background_color_content":"bg-none"}},"contact":{"module_contact":{"":null,"background_color":"bg-none","background_color_content":"bg-none"}},"ausschreibende":{"module_ausschreibende":{"andern_sie_den_inhalt_unter_universelle_elemente":null,"background_color":"bg-none","background_color_content":"bg-none"}}},"yoast_head":"<!-- This site is optimized with the Yoast SEO plugin v27.0 - https:\/\/yoast.com\/product\/yoast-seo-wordpress\/ -->\n<title>Rev\u00eatement \u00e0 effet d\u00e9cor en spatule - EC 450 DECOR - KLB K\u00f6tztal<\/title>\n<meta name=\"description\" content=\"Rev\u00eatement design min\u00e9raux pour murs\u00a0et sols color\u00e9s, d\u00e9coratifs en aspect du stucco v\u00e9nitien | KLB rev\u00eatement design \u2714\ufe0f \u00e0 faible \u00e9mission, \u00e0 faible odeur\" \/>\n<meta name=\"robots\" content=\"noindex, follow, max-snippet:-1, max-image-preview:large, max-video-preview:-1\" \/>\n<meta property=\"og:locale\" content=\"fr_FR\" \/>\n<meta property=\"og:type\" content=\"article\" \/>\n<meta property=\"og:title\" content=\"Rev\u00eatement \u00e0 effet d\u00e9cor en spatule - EC 450 DECOR - KLB K\u00f6tztal\" \/>\n<meta property=\"og:description\" content=\"Rev\u00eatement design min\u00e9raux pour murs\u00a0et sols color\u00e9s, d\u00e9coratifs en aspect du stucco v\u00e9nitien | KLB rev\u00eatement design \u2714\ufe0f \u00e0 faible \u00e9mission, \u00e0 faible odeur\" \/>\n<meta property=\"og:url\" content=\"https:\/\/dev.klb-koetztal.de\/fr\/produkt\/klb-system-ec-450-decor\/\" \/>\n<meta property=\"og:site_name\" content=\"KLB K\u00f6tztal\" \/>\n<meta property=\"article:publisher\" content=\"https:\/\/www.facebook.com\/klbkoetztal\" \/>\n<meta property=\"article:modified_time\" content=\"2026-03-16T13:05:33+00:00\" \/>\n<meta property=\"og:image\" content=\"https:\/\/dev.klb-koetztal.de\/app\/uploads\/2022\/07\/EC450-Decor_600px_Kombi.jpg\" \/>\n\t<meta property=\"og:image:width\" content=\"600\" \/>\n\t<meta property=\"og:image:height\" content=\"600\" \/>\n\t<meta property=\"og:image:type\" content=\"image\/jpeg\" \/>\n<meta name=\"twitter:card\" content=\"summary_large_image\" \/>\n<script type=\"application\/ld+json\" class=\"yoast-schema-graph\">{\"@context\":\"https:\/\/schema.org\",\"@graph\":[{\"@type\":\"WebPage\",\"@id\":\"https:\/\/dev.klb-koetztal.de\/fr\/produkt\/klb-system-ec-450-decor\/\",\"url\":\"https:\/\/dev.klb-koetztal.de\/fr\/produkt\/klb-system-ec-450-decor\/\",\"name\":\"Rev\u00eatement \u00e0 effet d\u00e9cor en spatule - EC 450 DECOR - KLB K\u00f6tztal\",\"isPartOf\":{\"@id\":\"https:\/\/dev.klb-koetztal.de\/fr\/#website\"},\"primaryImageOfPage\":{\"@id\":\"https:\/\/dev.klb-koetztal.de\/fr\/produkt\/klb-system-ec-450-decor\/#primaryimage\"},\"image\":{\"@id\":\"https:\/\/dev.klb-koetztal.de\/fr\/produkt\/klb-system-ec-450-decor\/#primaryimage\"},\"thumbnailUrl\":\"https:\/\/dev.klb-koetztal.de\/app\/uploads\/2022\/07\/EC450-Decor_600px_Kombi.jpg\",\"datePublished\":\"2023-04-28T08:58:44+00:00\",\"dateModified\":\"2026-03-16T13:05:33+00:00\",\"description\":\"Rev\u00eatement design min\u00e9raux pour murs\u00a0et sols color\u00e9s, d\u00e9coratifs en aspect du stucco v\u00e9nitien | KLB rev\u00eatement design \u2714\ufe0f \u00e0 faible \u00e9mission, \u00e0 faible odeur\",\"breadcrumb\":{\"@id\":\"https:\/\/dev.klb-koetztal.de\/fr\/produkt\/klb-system-ec-450-decor\/#breadcrumb\"},\"inLanguage\":\"fr-FR\",\"potentialAction\":[{\"@type\":\"ReadAction\",\"target\":[\"https:\/\/dev.klb-koetztal.de\/fr\/produkt\/klb-system-ec-450-decor\/\"]}]},{\"@type\":\"ImageObject\",\"inLanguage\":\"fr-FR\",\"@id\":\"https:\/\/dev.klb-koetztal.de\/fr\/produkt\/klb-system-ec-450-decor\/#primaryimage\",\"url\":\"https:\/\/dev.klb-koetztal.de\/app\/uploads\/2022\/07\/EC450-Decor_600px_Kombi.jpg\",\"contentUrl\":\"https:\/\/dev.klb-koetztal.de\/app\/uploads\/2022\/07\/EC450-Decor_600px_Kombi.jpg\",\"width\":600,\"height\":600},{\"@type\":\"BreadcrumbList\",\"@id\":\"https:\/\/dev.klb-koetztal.de\/fr\/produkt\/klb-system-ec-450-decor\/#breadcrumb\",\"itemListElement\":[{\"@type\":\"ListItem\",\"position\":1,\"name\":\"Startseite\",\"item\":\"https:\/\/dev.klb-koetztal.de\/fr\/\"},{\"@type\":\"ListItem\",\"position\":2,\"name\":\"KLB-SYSTEM EC 450 DECOR\"}]},{\"@type\":\"WebSite\",\"@id\":\"https:\/\/dev.klb-koetztal.de\/fr\/#website\",\"url\":\"https:\/\/dev.klb-koetztal.de\/fr\/\",\"name\":\"KLB K\u00f6tztal\",\"description\":\"Gute B\u00f6den haben ein System.\",\"potentialAction\":[{\"@type\":\"SearchAction\",\"target\":{\"@type\":\"EntryPoint\",\"urlTemplate\":\"https:\/\/dev.klb-koetztal.de\/fr\/?s={search_term_string}\"},\"query-input\":{\"@type\":\"PropertyValueSpecification\",\"valueRequired\":true,\"valueName\":\"search_term_string\"}}],\"inLanguage\":\"fr-FR\"}]}<\/script>\n<!-- \/ Yoast SEO plugin. -->","yoast_head_json":{"title":"Rev\u00eatement \u00e0 effet d\u00e9cor en spatule - EC 450 DECOR - KLB K\u00f6tztal","description":"Rev\u00eatement design min\u00e9raux pour murs\u00a0et sols color\u00e9s, d\u00e9coratifs en aspect du stucco v\u00e9nitien | KLB rev\u00eatement design \u2714\ufe0f \u00e0 faible \u00e9mission, \u00e0 faible odeur","robots":{"index":"noindex","follow":"follow","max-snippet":"max-snippet:-1","max-image-preview":"max-image-preview:large","max-video-preview":"max-video-preview:-1"},"og_locale":"fr_FR","og_type":"article","og_title":"Rev\u00eatement \u00e0 effet d\u00e9cor en spatule - EC 450 DECOR - KLB K\u00f6tztal","og_description":"Rev\u00eatement design min\u00e9raux pour murs\u00a0et sols color\u00e9s, d\u00e9coratifs en aspect du stucco v\u00e9nitien | KLB rev\u00eatement design \u2714\ufe0f \u00e0 faible \u00e9mission, \u00e0 faible odeur","og_url":"https:\/\/dev.klb-koetztal.de\/fr\/produkt\/klb-system-ec-450-decor\/","og_site_name":"KLB K\u00f6tztal","article_publisher":"https:\/\/www.facebook.com\/klbkoetztal","article_modified_time":"2026-03-16T13:05:33+00:00","og_image":[{"width":600,"height":600,"url":"https:\/\/dev.klb-koetztal.de\/app\/uploads\/2022\/07\/EC450-Decor_600px_Kombi.jpg","type":"image\/jpeg"}],"twitter_card":"summary_large_image","schema":{"@context":"https:\/\/schema.org","@graph":[{"@type":"WebPage","@id":"https:\/\/dev.klb-koetztal.de\/fr\/produkt\/klb-system-ec-450-decor\/","url":"https:\/\/dev.klb-koetztal.de\/fr\/produkt\/klb-system-ec-450-decor\/","name":"Rev\u00eatement \u00e0 effet d\u00e9cor en spatule - EC 450 DECOR - KLB K\u00f6tztal","isPartOf":{"@id":"https:\/\/dev.klb-koetztal.de\/fr\/#website"},"primaryImageOfPage":{"@id":"https:\/\/dev.klb-koetztal.de\/fr\/produkt\/klb-system-ec-450-decor\/#primaryimage"},"image":{"@id":"https:\/\/dev.klb-koetztal.de\/fr\/produkt\/klb-system-ec-450-decor\/#primaryimage"},"thumbnailUrl":"https:\/\/dev.klb-koetztal.de\/app\/uploads\/2022\/07\/EC450-Decor_600px_Kombi.jpg","datePublished":"2023-04-28T08:58:44+00:00","dateModified":"2026-03-16T13:05:33+00:00","description":"Rev\u00eatement design min\u00e9raux pour murs\u00a0et sols color\u00e9s, d\u00e9coratifs en aspect du stucco v\u00e9nitien | KLB rev\u00eatement design \u2714\ufe0f \u00e0 faible \u00e9mission, \u00e0 faible odeur","breadcrumb":{"@id":"https:\/\/dev.klb-koetztal.de\/fr\/produkt\/klb-system-ec-450-decor\/#breadcrumb"},"inLanguage":"fr-FR","potentialAction":[{"@type":"ReadAction","target":["https:\/\/dev.klb-koetztal.de\/fr\/produkt\/klb-system-ec-450-decor\/"]}]},{"@type":"ImageObject","inLanguage":"fr-FR","@id":"https:\/\/dev.klb-koetztal.de\/fr\/produkt\/klb-system-ec-450-decor\/#primaryimage","url":"https:\/\/dev.klb-koetztal.de\/app\/uploads\/2022\/07\/EC450-Decor_600px_Kombi.jpg","contentUrl":"https:\/\/dev.klb-koetztal.de\/app\/uploads\/2022\/07\/EC450-Decor_600px_Kombi.jpg","width":600,"height":600},{"@type":"BreadcrumbList","@id":"https:\/\/dev.klb-koetztal.de\/fr\/produkt\/klb-system-ec-450-decor\/#breadcrumb","itemListElement":[{"@type":"ListItem","position":1,"name":"Startseite","item":"https:\/\/dev.klb-koetztal.de\/fr\/"},{"@type":"ListItem","position":2,"name":"KLB-SYSTEM EC 450 DECOR"}]},{"@type":"WebSite","@id":"https:\/\/dev.klb-koetztal.de\/fr\/#website","url":"https:\/\/dev.klb-koetztal.de\/fr\/","name":"KLB K\u00f6tztal","description":"Gute B\u00f6den haben ein System.","potentialAction":[{"@type":"SearchAction","target":{"@type":"EntryPoint","urlTemplate":"https:\/\/dev.klb-koetztal.de\/fr\/?s={search_term_string}"},"query-input":{"@type":"PropertyValueSpecification","valueRequired":true,"valueName":"search_term_string"}}],"inLanguage":"fr-FR"}]}},"_links":{"self":[{"href":"https:\/\/dev.klb-koetztal.de\/fr\/wp-json\/wp\/v2\/product\/56104","targetHints":{"allow":["GET"]}}],"collection":[{"href":"https:\/\/dev.klb-koetztal.de\/fr\/wp-json\/wp\/v2\/product"}],"about":[{"href":"https:\/\/dev.klb-koetztal.de\/fr\/wp-json\/wp\/v2\/types\/product"}],"wp:featuredmedia":[{"embeddable":true,"href":"https:\/\/dev.klb-koetztal.de\/fr\/wp-json\/wp\/v2\/media\/51413"}],"wp:attachment":[{"href":"https:\/\/dev.klb-koetztal.de\/fr\/wp-json\/wp\/v2\/media?parent=56104"}],"wp:term":[{"taxonomy":"product_brand","embeddable":true,"href":"https:\/\/dev.klb-koetztal.de\/fr\/wp-json\/wp\/v2\/product_brand?post=56104"},{"taxonomy":"product_cat","embeddable":true,"href":"https:\/\/dev.klb-koetztal.de\/fr\/wp-json\/wp\/v2\/product_cat?post=56104"},{"taxonomy":"product_tag","embeddable":true,"href":"https:\/\/dev.klb-koetztal.de\/fr\/wp-json\/wp\/v2\/product_tag?post=56104"}],"curies":[{"name":"wp","href":"https:\/\/api.w.org\/{rel}","templated":true}]}}