{"id":55866,"date":"2023-04-05T08:20:05","date_gmt":"2023-04-05T06:20:05","guid":{"rendered":"https:\/\/www.klb-koetztal.de\/produkt\/klb-glasperlen\/"},"modified":"2026-02-25T12:27:04","modified_gmt":"2026-02-25T11:27:04","slug":"klb-glasperlen","status":"publish","type":"product","link":"https:\/\/dev.klb-koetztal.de\/fr\/produkt\/klb-glasperlen\/","title":{"rendered":"KLB-Glasperlen"},"content":{"rendered":"","protected":false},"excerpt":{"rendered":"<p>Perles de verre \u00e0 m\u00e9langer \u00e0 la r\u00e9sine \u00e9poxy pour la r\u00e9alisation de scellements de finition l\u00e9g\u00e8rement antid\u00e9rapantes en R9. Ajouter env. 15 % de perles sur&#160;EP 175 Spezial.<\/p>\n","protected":false},"featured_media":50358,"template":"","meta":{"_acf_changed":false},"product_brand":[],"product_cat":[10054,10117],"product_tag":[],"class_list":{"0":"post-55866","1":"product","2":"type-product","3":"status-publish","4":"has-post-thumbnail","6":"product_cat-matieres-de-remplissage-sable-quartzeux-materiau-de-sablage-epaississant","7":"product_cat-matieres-de-remplissage-sable-quartzeux-materiau-de-sablage-epaississant_epaississant-et-granulat-structure","9":"first","10":"instock","11":"shipping-taxable","12":"product-type-simple"},"acf":{"product_header":{"module_product_header":{"":null,"prototype_headline":{"headline":"KLB-Glasperlen","h1":true,"subheadline":"","anchor":"","url":""},"grid_text_slider":false,"grid_text_content":[{"text":"<p class=\"product-short-title\" style=\"text-align: center;\"><strong>Br\u00e8ve description<\/strong><\/p>\n<p>Perles de verre \u00e0 m\u00e9langer \u00e0 la r\u00e9sine \u00e9poxy pour la r\u00e9alisation de scellements de finition l\u00e9g\u00e8rement antid\u00e9rapantes en R9. Ajouter env. 15 % de perles sur&#160;EP 175 Spezial.<\/p>\n","width":"4","background_color_text":"bg-white","border_color":"border-gray-light"},{"text":"<p class=\"product-sicing-title\" style=\"text-align: center;\"><strong>Unit\u00e9s d'emballage<\/strong><\/p>\n<ul>\n<li>ZA1220-25 &#8211; Sac 25,00 kg<\/li>\n<\/ul>\n<p><\/p>\n<p>N&rsquo;h\u00e9sitez pas \u00e0 contacter directement pour toute demande concernant des quantit\u00e9s de livraison ou des unit\u00e9s de conditionnement plus importantes.<\/p>\n\n","width":"4","background_color_text":"bg-white","border_color":"border-gray-light"},{"text":"<p class=\"product-attr-title\" style=\"text-align: center;\"><strong>Propri\u00e9t\u00e9s<\/strong><\/p>\n<ul><\/ul>\n","width":"4","background_color_text":"bg-white","border_color":"border-gray-light"}],"background_color":"bg-none","background_color_content":"bg-none"}},"downloads":{"module_download_list":{"inhalt":null,"downloads":[{"download":{"ID":63828,"id":63828,"title":"Glasperlen_PI_fr_2024_11","filename":"Glasperlen_PI_fr_2024_11.pdf","filesize":156168,"url":"https:\/\/dev.klb-koetztal.de\/app\/uploads\/2024\/11\/Glasperlen_PI_fr_2024_11.pdf","link":"https:\/\/dev.klb-koetztal.de\/fr\/?attachment_id=63828","alt":"","author":"7","description":"","caption":"","name":"glasperlen_pi_fr_2024_11-2","status":"inherit","uploaded_to":0,"date":"2024-11-14 07:40:11","modified":"2024-11-14 07:40:11","menu_order":0,"mime_type":"application\/pdf","type":"application","subtype":"pdf","icon":"https:\/\/dev.klb-koetztal.de\/wp\/wp-includes\/images\/media\/document.png"},"filename":"Information produit","protected":false,"doclang":"FR","externalkey":"Produktinformation","docpos":"3"},{"download":false,"filename":"Fiche de donn\u00e9es de s\u00e9curit\u00e9","protected":true,"doclang":"FR","externalkey":"Sicherheitsdatenblatt","docpos":"3"}],"einstellungen":null,"background_color":"bg-none","background_color_content":"bg-none"}},"included_in_systems":{"module_included_in_systems":{"":null,"background_color":"bg-gray-medium","background_color_content":"bg-none"}},"contact":{"module_contact":{"":null,"background_color":"bg-none","background_color_content":"bg-none"}},"ausschreibende":{"module_ausschreibende":{"andern_sie_den_inhalt_unter_universelle_elemente":null,"background_color":"bg-none","background_color_content":"bg-none"}}},"yoast_head":"<!-- This site is optimized with the Yoast SEO plugin v27.0 - https:\/\/yoast.com\/product\/yoast-seo-wordpress\/ -->\n<title>Perles de verre KLB \u00e0 m\u00e9langer dans les scellements | KLB K\u00f6tztal<\/title>\n<meta name=\"description\" content=\"Perles de verre KLB \u00e0 m\u00e9langer dans les scellements, comme l&#039;EP 175 Spezial pour augmenter l&#039;effet antid\u00e9rapant \u2714\ufe0f Antid\u00e9rapance R9\/R10\" \/>\n<meta name=\"robots\" content=\"noindex, follow, max-snippet:-1, max-image-preview:large, max-video-preview:-1\" \/>\n<meta property=\"og:locale\" content=\"fr_FR\" \/>\n<meta property=\"og:type\" content=\"article\" \/>\n<meta property=\"og:title\" content=\"Perles de verre KLB \u00e0 m\u00e9langer dans les scellements | KLB K\u00f6tztal\" \/>\n<meta property=\"og:description\" content=\"Perles de verre KLB \u00e0 m\u00e9langer dans les scellements, comme l&#039;EP 175 Spezial pour augmenter l&#039;effet antid\u00e9rapant \u2714\ufe0f Antid\u00e9rapance R9\/R10\" \/>\n<meta property=\"og:url\" content=\"https:\/\/dev.klb-koetztal.de\/fr\/produkt\/klb-glasperlen\/\" \/>\n<meta property=\"og:site_name\" content=\"KLB K\u00f6tztal\" \/>\n<meta property=\"article:publisher\" content=\"https:\/\/www.facebook.com\/klbkoetztal\" \/>\n<meta property=\"article:modified_time\" content=\"2026-02-25T11:27:04+00:00\" \/>\n<meta property=\"og:image\" content=\"https:\/\/dev.klb-koetztal.de\/app\/uploads\/2022\/03\/Produkt_Platzhalter.jpg\" \/>\n\t<meta property=\"og:image:width\" content=\"500\" \/>\n\t<meta property=\"og:image:height\" content=\"500\" \/>\n\t<meta property=\"og:image:type\" content=\"image\/jpeg\" \/>\n<meta name=\"twitter:card\" content=\"summary_large_image\" \/>\n<script type=\"application\/ld+json\" class=\"yoast-schema-graph\">{\"@context\":\"https:\/\/schema.org\",\"@graph\":[{\"@type\":\"WebPage\",\"@id\":\"https:\/\/dev.klb-koetztal.de\/fr\/produkt\/klb-glasperlen\/\",\"url\":\"https:\/\/dev.klb-koetztal.de\/fr\/produkt\/klb-glasperlen\/\",\"name\":\"Perles de verre KLB \u00e0 m\u00e9langer dans les scellements | KLB K\u00f6tztal\",\"isPartOf\":{\"@id\":\"https:\/\/dev.klb-koetztal.de\/fr\/#website\"},\"primaryImageOfPage\":{\"@id\":\"https:\/\/dev.klb-koetztal.de\/fr\/produkt\/klb-glasperlen\/#primaryimage\"},\"image\":{\"@id\":\"https:\/\/dev.klb-koetztal.de\/fr\/produkt\/klb-glasperlen\/#primaryimage\"},\"thumbnailUrl\":\"https:\/\/dev.klb-koetztal.de\/app\/uploads\/2022\/03\/Produkt_Platzhalter.jpg\",\"datePublished\":\"2023-04-05T06:20:05+00:00\",\"dateModified\":\"2026-02-25T11:27:04+00:00\",\"description\":\"Perles de verre KLB \u00e0 m\u00e9langer dans les scellements, comme l'EP 175 Spezial pour augmenter l'effet antid\u00e9rapant \u2714\ufe0f Antid\u00e9rapance R9\/R10\",\"breadcrumb\":{\"@id\":\"https:\/\/dev.klb-koetztal.de\/fr\/produkt\/klb-glasperlen\/#breadcrumb\"},\"inLanguage\":\"fr-FR\",\"potentialAction\":[{\"@type\":\"ReadAction\",\"target\":[\"https:\/\/dev.klb-koetztal.de\/fr\/produkt\/klb-glasperlen\/\"]}]},{\"@type\":\"ImageObject\",\"inLanguage\":\"fr-FR\",\"@id\":\"https:\/\/dev.klb-koetztal.de\/fr\/produkt\/klb-glasperlen\/#primaryimage\",\"url\":\"https:\/\/dev.klb-koetztal.de\/app\/uploads\/2022\/03\/Produkt_Platzhalter.jpg\",\"contentUrl\":\"https:\/\/dev.klb-koetztal.de\/app\/uploads\/2022\/03\/Produkt_Platzhalter.jpg\",\"width\":500,\"height\":500},{\"@type\":\"BreadcrumbList\",\"@id\":\"https:\/\/dev.klb-koetztal.de\/fr\/produkt\/klb-glasperlen\/#breadcrumb\",\"itemListElement\":[{\"@type\":\"ListItem\",\"position\":1,\"name\":\"Startseite\",\"item\":\"https:\/\/dev.klb-koetztal.de\/fr\/\"},{\"@type\":\"ListItem\",\"position\":2,\"name\":\"KLB-Glasperlen\"}]},{\"@type\":\"WebSite\",\"@id\":\"https:\/\/dev.klb-koetztal.de\/fr\/#website\",\"url\":\"https:\/\/dev.klb-koetztal.de\/fr\/\",\"name\":\"KLB K\u00f6tztal\",\"description\":\"Gute B\u00f6den haben ein System.\",\"potentialAction\":[{\"@type\":\"SearchAction\",\"target\":{\"@type\":\"EntryPoint\",\"urlTemplate\":\"https:\/\/dev.klb-koetztal.de\/fr\/?s={search_term_string}\"},\"query-input\":{\"@type\":\"PropertyValueSpecification\",\"valueRequired\":true,\"valueName\":\"search_term_string\"}}],\"inLanguage\":\"fr-FR\"}]}<\/script>\n<!-- \/ Yoast SEO plugin. -->","yoast_head_json":{"title":"Perles de verre KLB \u00e0 m\u00e9langer dans les scellements | KLB K\u00f6tztal","description":"Perles de verre KLB \u00e0 m\u00e9langer dans les scellements, comme l'EP 175 Spezial pour augmenter l'effet antid\u00e9rapant \u2714\ufe0f Antid\u00e9rapance R9\/R10","robots":{"index":"noindex","follow":"follow","max-snippet":"max-snippet:-1","max-image-preview":"max-image-preview:large","max-video-preview":"max-video-preview:-1"},"og_locale":"fr_FR","og_type":"article","og_title":"Perles de verre KLB \u00e0 m\u00e9langer dans les scellements | KLB K\u00f6tztal","og_description":"Perles de verre KLB \u00e0 m\u00e9langer dans les scellements, comme l'EP 175 Spezial pour augmenter l'effet antid\u00e9rapant \u2714\ufe0f Antid\u00e9rapance R9\/R10","og_url":"https:\/\/dev.klb-koetztal.de\/fr\/produkt\/klb-glasperlen\/","og_site_name":"KLB K\u00f6tztal","article_publisher":"https:\/\/www.facebook.com\/klbkoetztal","article_modified_time":"2026-02-25T11:27:04+00:00","og_image":[{"width":500,"height":500,"url":"https:\/\/dev.klb-koetztal.de\/app\/uploads\/2022\/03\/Produkt_Platzhalter.jpg","type":"image\/jpeg"}],"twitter_card":"summary_large_image","schema":{"@context":"https:\/\/schema.org","@graph":[{"@type":"WebPage","@id":"https:\/\/dev.klb-koetztal.de\/fr\/produkt\/klb-glasperlen\/","url":"https:\/\/dev.klb-koetztal.de\/fr\/produkt\/klb-glasperlen\/","name":"Perles de verre KLB \u00e0 m\u00e9langer dans les scellements | KLB K\u00f6tztal","isPartOf":{"@id":"https:\/\/dev.klb-koetztal.de\/fr\/#website"},"primaryImageOfPage":{"@id":"https:\/\/dev.klb-koetztal.de\/fr\/produkt\/klb-glasperlen\/#primaryimage"},"image":{"@id":"https:\/\/dev.klb-koetztal.de\/fr\/produkt\/klb-glasperlen\/#primaryimage"},"thumbnailUrl":"https:\/\/dev.klb-koetztal.de\/app\/uploads\/2022\/03\/Produkt_Platzhalter.jpg","datePublished":"2023-04-05T06:20:05+00:00","dateModified":"2026-02-25T11:27:04+00:00","description":"Perles de verre KLB \u00e0 m\u00e9langer dans les scellements, comme l'EP 175 Spezial pour augmenter l'effet antid\u00e9rapant \u2714\ufe0f Antid\u00e9rapance R9\/R10","breadcrumb":{"@id":"https:\/\/dev.klb-koetztal.de\/fr\/produkt\/klb-glasperlen\/#breadcrumb"},"inLanguage":"fr-FR","potentialAction":[{"@type":"ReadAction","target":["https:\/\/dev.klb-koetztal.de\/fr\/produkt\/klb-glasperlen\/"]}]},{"@type":"ImageObject","inLanguage":"fr-FR","@id":"https:\/\/dev.klb-koetztal.de\/fr\/produkt\/klb-glasperlen\/#primaryimage","url":"https:\/\/dev.klb-koetztal.de\/app\/uploads\/2022\/03\/Produkt_Platzhalter.jpg","contentUrl":"https:\/\/dev.klb-koetztal.de\/app\/uploads\/2022\/03\/Produkt_Platzhalter.jpg","width":500,"height":500},{"@type":"BreadcrumbList","@id":"https:\/\/dev.klb-koetztal.de\/fr\/produkt\/klb-glasperlen\/#breadcrumb","itemListElement":[{"@type":"ListItem","position":1,"name":"Startseite","item":"https:\/\/dev.klb-koetztal.de\/fr\/"},{"@type":"ListItem","position":2,"name":"KLB-Glasperlen"}]},{"@type":"WebSite","@id":"https:\/\/dev.klb-koetztal.de\/fr\/#website","url":"https:\/\/dev.klb-koetztal.de\/fr\/","name":"KLB K\u00f6tztal","description":"Gute B\u00f6den haben ein System.","potentialAction":[{"@type":"SearchAction","target":{"@type":"EntryPoint","urlTemplate":"https:\/\/dev.klb-koetztal.de\/fr\/?s={search_term_string}"},"query-input":{"@type":"PropertyValueSpecification","valueRequired":true,"valueName":"search_term_string"}}],"inLanguage":"fr-FR"}]}},"_links":{"self":[{"href":"https:\/\/dev.klb-koetztal.de\/fr\/wp-json\/wp\/v2\/product\/55866","targetHints":{"allow":["GET"]}}],"collection":[{"href":"https:\/\/dev.klb-koetztal.de\/fr\/wp-json\/wp\/v2\/product"}],"about":[{"href":"https:\/\/dev.klb-koetztal.de\/fr\/wp-json\/wp\/v2\/types\/product"}],"wp:featuredmedia":[{"embeddable":true,"href":"https:\/\/dev.klb-koetztal.de\/fr\/wp-json\/wp\/v2\/media\/50358"}],"wp:attachment":[{"href":"https:\/\/dev.klb-koetztal.de\/fr\/wp-json\/wp\/v2\/media?parent=55866"}],"wp:term":[{"taxonomy":"product_brand","embeddable":true,"href":"https:\/\/dev.klb-koetztal.de\/fr\/wp-json\/wp\/v2\/product_brand?post=55866"},{"taxonomy":"product_cat","embeddable":true,"href":"https:\/\/dev.klb-koetztal.de\/fr\/wp-json\/wp\/v2\/product_cat?post=55866"},{"taxonomy":"product_tag","embeddable":true,"href":"https:\/\/dev.klb-koetztal.de\/fr\/wp-json\/wp\/v2\/product_tag?post=55866"}],"curies":[{"name":"wp","href":"https:\/\/api.w.org\/{rel}","templated":true}]}}