{"id":51404,"date":"2022-07-14T13:28:07","date_gmt":"2022-07-14T11:28:07","guid":{"rendered":"https:\/\/www.klb-koetztal.de\/produkt\/klb-system-polyurethan-pu-881-el-r10\/"},"modified":"2026-02-25T12:06:26","modified_gmt":"2026-02-25T11:06:26","slug":"klb-system-polyurethan-pu-881-el-r10","status":"publish","type":"product","link":"https:\/\/dev.klb-koetztal.de\/fr\/produkt\/klb-system-polyurethan-pu-881-el-r10\/","title":{"rendered":"KLB-SYSTEM POLYURETHAN&nbsp;PU 881 EL+ &#8211; R10"},"content":{"rendered":"","protected":false},"excerpt":{"rendered":"<p>Scellant en&#160;polyur\u00e9thane \u00e0 2 composants, solvant\u00e9&#160;et dissipateur pour la&#160;finition mate sur les rev\u00eatements en r\u00e9sine polyur\u00e9thane ou \u00e9poxy conducteurs, ajust\u00e9 dans&#160;la classe de r\u00e9sistance au glissement R10 (convient \u00e9galement dans les zones avec l&rsquo;exigence R9). En combinaison avec EP 200 EL+ ou PU 413 EL+, le produit est \u00e9galement disponible en version DES (\u00e0 pr\u00e9ciser lors de la commande).<\/p>\n","protected":false},"featured_media":50818,"template":"","meta":{"_acf_changed":false},"product_brand":[],"product_cat":[10038,10109],"product_tag":[],"class_list":{"0":"post-51404","1":"product","2":"type-product","3":"status-publish","4":"has-post-thumbnail","6":"product_cat-scellements-impregnations","7":"product_cat-scellements-impregnations_scellements-en-polyurethane-a-2-composants-avec-solvant","9":"first","10":"instock","11":"shipping-taxable","12":"product-type-simple"},"acf":{"product_header":{"module_product_header":{"":null,"prototype_headline":{"headline":"KLB-SYSTEM POLYURETHAN&nbsp;PU 881 EL+ - R10","h1":true,"subheadline":"Scellement mat en polyur\u00e9thane \u00e0 2 composants, \u00e9lectro-conducteur&#160;et pigment\u00e9 en classe d'antid\u00e9rapance R10","anchor":"","url":""},"grid_text_slider":false,"grid_text_content":[{"text":"<p class=\"product-short-title\" style=\"text-align: center;\"><strong>Br\u00e8ve description<\/strong><\/p>\n<p>Scellant en&#160;polyur\u00e9thane \u00e0 2 composants, solvant\u00e9&#160;et dissipateur pour la&#160;finition mate sur les rev\u00eatements en r\u00e9sine polyur\u00e9thane ou \u00e9poxy conducteurs, ajust\u00e9 dans&#160;la classe de r\u00e9sistance au glissement R10 (convient \u00e9galement dans les zones avec l&rsquo;exigence R9). En combinaison avec EP 200 EL+ ou PU 413 EL+, le produit est \u00e9galement disponible en version DES (\u00e0 pr\u00e9ciser lors de la commande).<\/p>\n","width":"4","background_color_text":"bg-white","border_color":"border-gray-light"},{"text":"<p class=\"product-sicing-title\" style=\"text-align: center;\"><strong>Unit\u00e9s d'emballage<\/strong><\/p>\n<ul>\n<li>AK6626-51 &#8211; Combinaison Hobbock 10,00 kg<\/li>\n<\/ul>\n<p><\/p>\n<p>N&rsquo;h\u00e9sitez pas \u00e0 contacter directement pour toute demande concernant des quantit\u00e9s de livraison ou des unit\u00e9s de conditionnement plus importantes.<\/p>\n\n","width":"4","background_color_text":"bg-white","border_color":"border-gray-light"},{"text":"<p class=\"product-attr-title\" style=\"text-align: center;\"><strong>Propri\u00e9t\u00e9s<\/strong><\/p>\n<ul>\n<li>\u00e9lectro-dissipateur<\/li>\n<li>en combinaison \u00e9galement pour les rev\u00eatements DES<\/li>\n<li>surfaces claires, color\u00e9es<\/li>\n<li>surface homog\u00e8ne<\/li>\n<li>esth\u00e9tique<\/li>\n<li>satin\u00e9 mat<\/li>\n<li>exempt de substances susceptibles d&rsquo;endommager les vernis<\/li>\n<li>r\u00e9sistant \u00e0 l&rsquo;abrasion et \u00e0 l&rsquo;usure<\/li>\n<li>antid\u00e9rapant<\/li>\n<\/ul>\n","width":"4","background_color_text":"bg-white","border_color":"border-gray-light"}],"background_color":"bg-none","background_color_content":"bg-none"}},"downloads":{"module_download_list":{"inhalt":null,"downloads":[{"download":{"ID":56974,"id":56974,"title":"PU_881_EL_plus_R10_PI_fr_2023_06","filename":"PU_881_EL_plus_R10_PI_fr_2023_06.pdf","filesize":297261,"url":"https:\/\/dev.klb-koetztal.de\/app\/uploads\/2023\/06\/PU_881_EL_plus_R10_PI_fr_2023_06.pdf","link":"https:\/\/dev.klb-koetztal.de\/fr\/?attachment_id=56974","alt":"","author":"7","description":"","caption":"","name":"pu_881_el_plus_r10_pi_fr_2023_06-2","status":"inherit","uploaded_to":0,"date":"2023-06-07 07:20:20","modified":"2023-06-07 07:20:20","menu_order":0,"mime_type":"application\/pdf","type":"application","subtype":"pdf","icon":"https:\/\/dev.klb-koetztal.de\/wp\/wp-includes\/images\/media\/document.png"},"filename":"Information produit","protected":false,"doclang":"FR","externalkey":"Produktinformation","docpos":"3"},{"download":{"ID":50161,"id":50161,"title":"Leistungserkl\u00e4rung - Statement of performance","filename":"PU881_EL_LE_2013-04.pdf","filesize":170480,"url":"https:\/\/dev.klb-koetztal.de\/app\/uploads\/2022\/03\/PU881_EL_LE_2013-04.pdf","link":"https:\/\/dev.klb-koetztal.de\/fr\/?attachment_id=50161","alt":"","author":"7","description":"","caption":"","name":"pu881_el_le_2013-04","status":"inherit","uploaded_to":0,"date":"2022-03-14 10:07:13","modified":"2026-02-25 11:06:34","menu_order":0,"mime_type":"application\/pdf","type":"application","subtype":"pdf","icon":"https:\/\/dev.klb-koetztal.de\/wp\/wp-includes\/images\/media\/document.png"},"filename":"D\u00e9claration de performance","protected":false,"doclang":"Multi","externalkey":"Leistungserklaerung","docpos":"50"},{"download":{"ID":59268,"id":59268,"title":"PU881ELR10_Umwelt-Deklaration_2023-12","filename":"PU881ELR10_Umwelt-Deklaration_2023-12.pdf","filesize":2572489,"url":"https:\/\/dev.klb-koetztal.de\/app\/uploads\/2023\/12\/PU881ELR10_Umwelt-Deklaration_2023-12.pdf","link":"https:\/\/dev.klb-koetztal.de\/fr\/?attachment_id=59268","alt":"","author":"7","description":"","caption":"","name":"pu881elr10_umwelt-deklaration_2023-12-2","status":"inherit","uploaded_to":0,"date":"2023-12-15 09:30:53","modified":"2023-12-15 09:30:53","menu_order":0,"mime_type":"application\/pdf","type":"application","subtype":"pdf","icon":"https:\/\/dev.klb-koetztal.de\/wp\/wp-includes\/images\/media\/document.png"},"filename":"D\u00e9clarations de produit environnemental (EPD)","protected":false,"doclang":"Multi","externalkey":"Umweltproduktdeklaration","docpos":"50"},{"download":false,"filename":"Fiche de donn\u00e9es de s\u00e9curit\u00e9","protected":true,"doclang":"FR","externalkey":"Sicherheitsdatenblatt","docpos":"3"}],"einstellungen":null,"background_color":"bg-none","background_color_content":"bg-none"}},"included_in_systems":{"module_included_in_systems":{"":null,"background_color":"bg-gray-medium","background_color_content":"bg-none"}},"contact":{"module_contact":{"":null,"background_color":"bg-none","background_color_content":"bg-none"}},"ausschreibende":{"module_ausschreibende":{"andern_sie_den_inhalt_unter_universelle_elemente":null,"background_color":"bg-none","background_color_content":"bg-none"}}},"yoast_head":"<!-- This site is optimized with the Yoast SEO plugin v27.0 - https:\/\/yoast.com\/product\/yoast-seo-wordpress\/ -->\n<title>Scellement mat PU 881 EL+ R10 conducteur DES bicomp | KLB K\u00f6tztal<\/title>\n<meta name=\"description\" content=\"Finition PU 881 EL+ R10 \u00e9lectro-conductrice, solvant\u00e9e pour rev\u00eatements en polyur\u00e9thaen et \u00e9poxy dissipateurs | KLB sols industriels \u2714\ufe0f R9\/R10\" \/>\n<meta name=\"robots\" content=\"noindex, follow, max-snippet:-1, max-image-preview:large, max-video-preview:-1\" \/>\n<meta property=\"og:locale\" content=\"fr_FR\" \/>\n<meta property=\"og:type\" content=\"article\" \/>\n<meta property=\"og:title\" content=\"Scellement mat PU 881 EL+ R10 conducteur DES bicomp | KLB K\u00f6tztal\" \/>\n<meta property=\"og:description\" content=\"Finition PU 881 EL+ R10 \u00e9lectro-conductrice, solvant\u00e9e pour rev\u00eatements en polyur\u00e9thaen et \u00e9poxy dissipateurs | KLB sols industriels \u2714\ufe0f R9\/R10\" \/>\n<meta property=\"og:url\" content=\"https:\/\/dev.klb-koetztal.de\/fr\/produkt\/klb-system-polyurethan-pu-881-el-r10\/\" \/>\n<meta property=\"og:site_name\" content=\"KLB K\u00f6tztal\" \/>\n<meta property=\"article:publisher\" content=\"https:\/\/www.facebook.com\/klbkoetztal\" \/>\n<meta property=\"article:modified_time\" content=\"2026-02-25T11:06:26+00:00\" \/>\n<meta property=\"og:image\" content=\"https:\/\/dev.klb-koetztal.de\/app\/uploads\/2022\/03\/PU881_EL_R10.jpg\" \/>\n\t<meta property=\"og:image:width\" content=\"500\" \/>\n\t<meta property=\"og:image:height\" content=\"500\" \/>\n\t<meta property=\"og:image:type\" content=\"image\/jpeg\" \/>\n<meta name=\"twitter:card\" content=\"summary_large_image\" \/>\n<script type=\"application\/ld+json\" class=\"yoast-schema-graph\">{\"@context\":\"https:\/\/schema.org\",\"@graph\":[{\"@type\":\"WebPage\",\"@id\":\"https:\/\/dev.klb-koetztal.de\/fr\/produkt\/klb-system-polyurethan-pu-881-el-r10\/\",\"url\":\"https:\/\/dev.klb-koetztal.de\/fr\/produkt\/klb-system-polyurethan-pu-881-el-r10\/\",\"name\":\"Scellement mat PU 881 EL+ R10 conducteur DES bicomp | KLB K\u00f6tztal\",\"isPartOf\":{\"@id\":\"https:\/\/dev.klb-koetztal.de\/fr\/#website\"},\"primaryImageOfPage\":{\"@id\":\"https:\/\/dev.klb-koetztal.de\/fr\/produkt\/klb-system-polyurethan-pu-881-el-r10\/#primaryimage\"},\"image\":{\"@id\":\"https:\/\/dev.klb-koetztal.de\/fr\/produkt\/klb-system-polyurethan-pu-881-el-r10\/#primaryimage\"},\"thumbnailUrl\":\"https:\/\/dev.klb-koetztal.de\/app\/uploads\/2022\/03\/PU881_EL_R10.jpg\",\"datePublished\":\"2022-07-14T11:28:07+00:00\",\"dateModified\":\"2026-02-25T11:06:26+00:00\",\"description\":\"Finition PU 881 EL+ R10 \u00e9lectro-conductrice, solvant\u00e9e pour rev\u00eatements en polyur\u00e9thaen et \u00e9poxy dissipateurs | KLB sols industriels \u2714\ufe0f R9\/R10\",\"breadcrumb\":{\"@id\":\"https:\/\/dev.klb-koetztal.de\/fr\/produkt\/klb-system-polyurethan-pu-881-el-r10\/#breadcrumb\"},\"inLanguage\":\"fr-FR\",\"potentialAction\":[{\"@type\":\"ReadAction\",\"target\":[\"https:\/\/dev.klb-koetztal.de\/fr\/produkt\/klb-system-polyurethan-pu-881-el-r10\/\"]}]},{\"@type\":\"ImageObject\",\"inLanguage\":\"fr-FR\",\"@id\":\"https:\/\/dev.klb-koetztal.de\/fr\/produkt\/klb-system-polyurethan-pu-881-el-r10\/#primaryimage\",\"url\":\"https:\/\/dev.klb-koetztal.de\/app\/uploads\/2022\/03\/PU881_EL_R10.jpg\",\"contentUrl\":\"https:\/\/dev.klb-koetztal.de\/app\/uploads\/2022\/03\/PU881_EL_R10.jpg\",\"width\":500,\"height\":500},{\"@type\":\"BreadcrumbList\",\"@id\":\"https:\/\/dev.klb-koetztal.de\/fr\/produkt\/klb-system-polyurethan-pu-881-el-r10\/#breadcrumb\",\"itemListElement\":[{\"@type\":\"ListItem\",\"position\":1,\"name\":\"Startseite\",\"item\":\"https:\/\/dev.klb-koetztal.de\/fr\/\"},{\"@type\":\"ListItem\",\"position\":2,\"name\":\"KLB-SYSTEM POLYURETHAN&nbsp;PU 881 EL+ &#8211; R10\"}]},{\"@type\":\"WebSite\",\"@id\":\"https:\/\/dev.klb-koetztal.de\/fr\/#website\",\"url\":\"https:\/\/dev.klb-koetztal.de\/fr\/\",\"name\":\"KLB K\u00f6tztal\",\"description\":\"Gute B\u00f6den haben ein System.\",\"potentialAction\":[{\"@type\":\"SearchAction\",\"target\":{\"@type\":\"EntryPoint\",\"urlTemplate\":\"https:\/\/dev.klb-koetztal.de\/fr\/?s={search_term_string}\"},\"query-input\":{\"@type\":\"PropertyValueSpecification\",\"valueRequired\":true,\"valueName\":\"search_term_string\"}}],\"inLanguage\":\"fr-FR\"}]}<\/script>\n<!-- \/ Yoast SEO plugin. -->","yoast_head_json":{"title":"Scellement mat PU 881 EL+ R10 conducteur DES bicomp | KLB K\u00f6tztal","description":"Finition PU 881 EL+ R10 \u00e9lectro-conductrice, solvant\u00e9e pour rev\u00eatements en polyur\u00e9thaen et \u00e9poxy dissipateurs | KLB sols industriels \u2714\ufe0f R9\/R10","robots":{"index":"noindex","follow":"follow","max-snippet":"max-snippet:-1","max-image-preview":"max-image-preview:large","max-video-preview":"max-video-preview:-1"},"og_locale":"fr_FR","og_type":"article","og_title":"Scellement mat PU 881 EL+ R10 conducteur DES bicomp | KLB K\u00f6tztal","og_description":"Finition PU 881 EL+ R10 \u00e9lectro-conductrice, solvant\u00e9e pour rev\u00eatements en polyur\u00e9thaen et \u00e9poxy dissipateurs | KLB sols industriels \u2714\ufe0f R9\/R10","og_url":"https:\/\/dev.klb-koetztal.de\/fr\/produkt\/klb-system-polyurethan-pu-881-el-r10\/","og_site_name":"KLB K\u00f6tztal","article_publisher":"https:\/\/www.facebook.com\/klbkoetztal","article_modified_time":"2026-02-25T11:06:26+00:00","og_image":[{"width":500,"height":500,"url":"https:\/\/dev.klb-koetztal.de\/app\/uploads\/2022\/03\/PU881_EL_R10.jpg","type":"image\/jpeg"}],"twitter_card":"summary_large_image","schema":{"@context":"https:\/\/schema.org","@graph":[{"@type":"WebPage","@id":"https:\/\/dev.klb-koetztal.de\/fr\/produkt\/klb-system-polyurethan-pu-881-el-r10\/","url":"https:\/\/dev.klb-koetztal.de\/fr\/produkt\/klb-system-polyurethan-pu-881-el-r10\/","name":"Scellement mat PU 881 EL+ R10 conducteur DES bicomp | KLB K\u00f6tztal","isPartOf":{"@id":"https:\/\/dev.klb-koetztal.de\/fr\/#website"},"primaryImageOfPage":{"@id":"https:\/\/dev.klb-koetztal.de\/fr\/produkt\/klb-system-polyurethan-pu-881-el-r10\/#primaryimage"},"image":{"@id":"https:\/\/dev.klb-koetztal.de\/fr\/produkt\/klb-system-polyurethan-pu-881-el-r10\/#primaryimage"},"thumbnailUrl":"https:\/\/dev.klb-koetztal.de\/app\/uploads\/2022\/03\/PU881_EL_R10.jpg","datePublished":"2022-07-14T11:28:07+00:00","dateModified":"2026-02-25T11:06:26+00:00","description":"Finition PU 881 EL+ R10 \u00e9lectro-conductrice, solvant\u00e9e pour rev\u00eatements en polyur\u00e9thaen et \u00e9poxy dissipateurs | KLB sols industriels \u2714\ufe0f R9\/R10","breadcrumb":{"@id":"https:\/\/dev.klb-koetztal.de\/fr\/produkt\/klb-system-polyurethan-pu-881-el-r10\/#breadcrumb"},"inLanguage":"fr-FR","potentialAction":[{"@type":"ReadAction","target":["https:\/\/dev.klb-koetztal.de\/fr\/produkt\/klb-system-polyurethan-pu-881-el-r10\/"]}]},{"@type":"ImageObject","inLanguage":"fr-FR","@id":"https:\/\/dev.klb-koetztal.de\/fr\/produkt\/klb-system-polyurethan-pu-881-el-r10\/#primaryimage","url":"https:\/\/dev.klb-koetztal.de\/app\/uploads\/2022\/03\/PU881_EL_R10.jpg","contentUrl":"https:\/\/dev.klb-koetztal.de\/app\/uploads\/2022\/03\/PU881_EL_R10.jpg","width":500,"height":500},{"@type":"BreadcrumbList","@id":"https:\/\/dev.klb-koetztal.de\/fr\/produkt\/klb-system-polyurethan-pu-881-el-r10\/#breadcrumb","itemListElement":[{"@type":"ListItem","position":1,"name":"Startseite","item":"https:\/\/dev.klb-koetztal.de\/fr\/"},{"@type":"ListItem","position":2,"name":"KLB-SYSTEM POLYURETHAN&nbsp;PU 881 EL+ &#8211; R10"}]},{"@type":"WebSite","@id":"https:\/\/dev.klb-koetztal.de\/fr\/#website","url":"https:\/\/dev.klb-koetztal.de\/fr\/","name":"KLB K\u00f6tztal","description":"Gute B\u00f6den haben ein System.","potentialAction":[{"@type":"SearchAction","target":{"@type":"EntryPoint","urlTemplate":"https:\/\/dev.klb-koetztal.de\/fr\/?s={search_term_string}"},"query-input":{"@type":"PropertyValueSpecification","valueRequired":true,"valueName":"search_term_string"}}],"inLanguage":"fr-FR"}]}},"_links":{"self":[{"href":"https:\/\/dev.klb-koetztal.de\/fr\/wp-json\/wp\/v2\/product\/51404","targetHints":{"allow":["GET"]}}],"collection":[{"href":"https:\/\/dev.klb-koetztal.de\/fr\/wp-json\/wp\/v2\/product"}],"about":[{"href":"https:\/\/dev.klb-koetztal.de\/fr\/wp-json\/wp\/v2\/types\/product"}],"wp:featuredmedia":[{"embeddable":true,"href":"https:\/\/dev.klb-koetztal.de\/fr\/wp-json\/wp\/v2\/media\/50818"}],"wp:attachment":[{"href":"https:\/\/dev.klb-koetztal.de\/fr\/wp-json\/wp\/v2\/media?parent=51404"}],"wp:term":[{"taxonomy":"product_brand","embeddable":true,"href":"https:\/\/dev.klb-koetztal.de\/fr\/wp-json\/wp\/v2\/product_brand?post=51404"},{"taxonomy":"product_cat","embeddable":true,"href":"https:\/\/dev.klb-koetztal.de\/fr\/wp-json\/wp\/v2\/product_cat?post=51404"},{"taxonomy":"product_tag","embeddable":true,"href":"https:\/\/dev.klb-koetztal.de\/fr\/wp-json\/wp\/v2\/product_tag?post=51404"}],"curies":[{"name":"wp","href":"https:\/\/api.w.org\/{rel}","templated":true}]}}