{"id":51127,"date":"2022-05-04T09:46:30","date_gmt":"2022-05-04T07:46:30","guid":{"rendered":"https:\/\/www.klb-koetztal.de\/produkt\/klb-system-polyurethan-pu-68-rapid-u\/"},"modified":"2026-03-16T14:18:59","modified_gmt":"2026-03-16T13:18:59","slug":"klb-system-polyurethan-pu-68-rapid-u","status":"publish","type":"product","link":"https:\/\/dev.klb-koetztal.de\/fr\/produkt\/klb-system-polyurethan-pu-68-rapid-u\/","title":{"rendered":"KLB-SYSTEM POLYURETHAN PU 68 Rapid U"},"content":{"rendered":"","protected":false},"excerpt":{"rendered":"<p>Primaire et liant en polyur\u00e9thane \u00e0 2 composants, \u00e0 durcissement rapide et sans solvants. Convient comme couche d&rsquo;adh\u00e9rence et mortier de reprofilage&#160;pour la r\u00e9novation de joints d&rsquo;\u00e9l\u00e9ments de construction dans le syst\u00e8me&#160;avec la r\u00e9sine de jointoiement en PU&#160;KLB-SYSTEM POLYURETHAN PU 466.<\/p>\n","protected":false},"featured_media":51128,"template":"","meta":{"_acf_changed":false},"product_brand":[],"product_cat":[10152,10040],"product_tag":[],"class_list":{"0":"post-51127","1":"product","2":"type-product","3":"status-publish","4":"has-post-thumbnail","6":"product_cat-couches-de-fond_couches-de-fond-en-resine-polyurethane-a-2-composants","7":"product_cat-couches-de-fond","9":"first","10":"instock","11":"shipping-taxable","12":"product-type-simple"},"acf":{"product_header":{"module_product_header":{"":null,"prototype_headline":{"headline":"KLB-SYSTEM POLYURETHAN PU 68 Rapid U","h1":true,"subheadline":"Liant et primaire en polyur\u00e9thane \u00e0 2 composants, \u00e0 durcissement rapide pour le b\u00e9ton et d'autres. Convient aux r\u00e9parations et comme couche d'adh\u00e9rence pour la r\u00e9novation de joints en b\u00e9ton.&#160;","anchor":"","url":""},"grid_text_slider":false,"grid_text_content":[{"text":"<p class=\"product-short-title\" style=\"text-align: center;\"><strong>Br\u00e8ve description<\/strong><\/p>\n<p>Primaire et liant en polyur\u00e9thane \u00e0 2 composants, \u00e0 durcissement rapide et sans solvants. Convient comme couche d&rsquo;adh\u00e9rence et mortier de reprofilage&#160;pour la r\u00e9novation de joints d&rsquo;\u00e9l\u00e9ments de construction dans le syst\u00e8me&#160;avec la r\u00e9sine de jointoiement en PU&#160;KLB-SYSTEM POLYURETHAN PU 466.<\/p>\n","width":"4","background_color_text":"bg-white","border_color":"border-gray-light"},{"text":"<p class=\"product-sicing-title\" style=\"text-align: center;\"><strong>Unit\u00e9s d'emballage<\/strong><\/p>\n<ul>\n<li>AK6156-95 &#8211; Combinaison Seau 1,00 kg<\/li>\n<li>AK6156-70 &#8211; Combinaison Hobbock 5,00 kg<\/li>\n<\/ul>\n<p><\/p>\n<p>N&rsquo;h\u00e9sitez pas \u00e0 contacter directement pour toute demande concernant des quantit\u00e9s de livraison ou des unit\u00e9s de conditionnement plus importantes.<\/p>\n\n","width":"4","background_color_text":"bg-white","border_color":"border-gray-light"},{"text":"<p class=\"product-attr-title\" style=\"text-align: center;\"><strong>Propri\u00e9t\u00e9s<\/strong><\/p>\n<ul>\n<li>sans solvant<\/li>\n<li>temps de r\u00e9action court<\/li>\n<li>rapidement recouvrable<\/li>\n<li>tr\u00e8s haute adh\u00e9rence<\/li>\n<li>bonne r\u00e9sistance \u00e0 l&rsquo;eau et aux produits chimiques<\/li>\n<\/ul>\n","width":"4","background_color_text":"bg-white","border_color":"border-gray-light"}],"background_color":"bg-none","background_color_content":"bg-none"}},"downloads":{"module_download_list":{"inhalt":null,"downloads":[{"download":{"ID":68668,"id":68668,"title":"PU_68_Rapid_U_PI_fr_2026_01","filename":"PU_68_Rapid_U_PI_fr_2026_01.pdf","filesize":828546,"url":"https:\/\/dev.klb-koetztal.de\/app\/uploads\/2026\/01\/PU_68_Rapid_U_PI_fr_2026_01.pdf","link":"https:\/\/dev.klb-koetztal.de\/fr\/?attachment_id=68668","alt":"","author":"7","description":"","caption":"","name":"pu_68_rapid_u_pi_fr_2026_01-2","status":"inherit","uploaded_to":0,"date":"2026-01-23 07:00:54","modified":"2026-01-23 07:00:54","menu_order":0,"mime_type":"application\/pdf","type":"application","subtype":"pdf","icon":"https:\/\/dev.klb-koetztal.de\/wp\/wp-includes\/images\/media\/document.png"},"filename":"Information produit","protected":false,"doclang":"FR","externalkey":"Produktinformation","docpos":"3"},{"download":{"ID":51318,"id":51318,"title":"EPD-Information","filename":"PU68_RAPID_U_Umwelt-Deklaration_2022-06.pdf","filesize":2560573,"url":"https:\/\/dev.klb-koetztal.de\/app\/uploads\/2022\/06\/PU68_RAPID_U_Umwelt-Deklaration_2022-06.pdf","link":"https:\/\/dev.klb-koetztal.de\/fr\/?attachment_id=51318","alt":"","author":"7","description":"","caption":"","name":"pu68_rapid_u_umwelt-deklaration_2022-06","status":"inherit","uploaded_to":0,"date":"2022-06-30 12:33:27","modified":"2026-03-16 13:19:06","menu_order":0,"mime_type":"application\/pdf","type":"application","subtype":"pdf","icon":"https:\/\/dev.klb-koetztal.de\/wp\/wp-includes\/images\/media\/document.png"},"filename":"D\u00e9clarations de produit environnemental (EPD)","protected":false,"doclang":"Multi","externalkey":"Umweltproduktdeklaration","docpos":"50"},{"download":false,"filename":"Fiche de donn\u00e9es de s\u00e9curit\u00e9","protected":true,"doclang":"FR","externalkey":"Sicherheitsdatenblatt","docpos":"3"}],"einstellungen":null,"background_color":"bg-none","background_color_content":"bg-none"}},"included_in_systems":{"module_included_in_systems":{"":null,"background_color":"bg-gray-medium","background_color_content":"bg-none"}},"contact":{"module_contact":{"":null,"background_color":"bg-none","background_color_content":"bg-none"}},"ausschreibende":{"module_ausschreibende":{"andern_sie_den_inhalt_unter_universelle_elemente":null,"background_color":"bg-none","background_color_content":"bg-none"}}},"yoast_head":"<!-- This site is optimized with the Yoast SEO plugin v27.0 - https:\/\/yoast.com\/product\/yoast-seo-wordpress\/ -->\n<title>Primaire PU 68 Rapid U durcissant rapide, r\u00e9active | KLB K\u00f6tztal<\/title>\n<meta name=\"description\" content=\"Primaire PU 68 Rapid U \u00e0 durcissement rapide, r\u00e9active, sans solvant | KLB rev\u00eatements de sol \u2714\ufe0f r\u00e9parations, pont d&#039;ahd\u00e9rence pour r\u00e9nover joints en b\u00e9ton\" \/>\n<meta name=\"robots\" content=\"noindex, follow, max-snippet:-1, max-image-preview:large, max-video-preview:-1\" \/>\n<meta property=\"og:locale\" content=\"fr_FR\" \/>\n<meta property=\"og:type\" content=\"article\" \/>\n<meta property=\"og:title\" content=\"Primaire PU 68 Rapid U durcissant rapide, r\u00e9active | KLB K\u00f6tztal\" \/>\n<meta property=\"og:description\" content=\"Primaire PU 68 Rapid U \u00e0 durcissement rapide, r\u00e9active, sans solvant | KLB rev\u00eatements de sol \u2714\ufe0f r\u00e9parations, pont d&#039;ahd\u00e9rence pour r\u00e9nover joints en b\u00e9ton\" \/>\n<meta property=\"og:url\" content=\"https:\/\/dev.klb-koetztal.de\/fr\/produkt\/klb-system-polyurethan-pu-68-rapid-u\/\" \/>\n<meta property=\"og:site_name\" content=\"KLB K\u00f6tztal\" \/>\n<meta property=\"article:publisher\" content=\"https:\/\/www.facebook.com\/klbkoetztal\" \/>\n<meta property=\"article:modified_time\" content=\"2026-03-16T13:18:59+00:00\" \/>\n<meta property=\"og:image\" content=\"https:\/\/dev.klb-koetztal.de\/app\/uploads\/2022\/05\/PU_68_Rapid_U-KLB-Polyurethan-Grundierung-schnellhaertend_1kg_Kombi_Gebinde.jpg\" \/>\n\t<meta property=\"og:image:width\" content=\"600\" \/>\n\t<meta property=\"og:image:height\" content=\"600\" \/>\n\t<meta property=\"og:image:type\" content=\"image\/jpeg\" \/>\n<meta name=\"twitter:card\" content=\"summary_large_image\" \/>\n<script type=\"application\/ld+json\" class=\"yoast-schema-graph\">{\"@context\":\"https:\/\/schema.org\",\"@graph\":[{\"@type\":\"WebPage\",\"@id\":\"https:\/\/dev.klb-koetztal.de\/fr\/produkt\/klb-system-polyurethan-pu-68-rapid-u\/\",\"url\":\"https:\/\/dev.klb-koetztal.de\/fr\/produkt\/klb-system-polyurethan-pu-68-rapid-u\/\",\"name\":\"Primaire PU 68 Rapid U durcissant rapide, r\u00e9active | KLB K\u00f6tztal\",\"isPartOf\":{\"@id\":\"https:\/\/dev.klb-koetztal.de\/fr\/#website\"},\"primaryImageOfPage\":{\"@id\":\"https:\/\/dev.klb-koetztal.de\/fr\/produkt\/klb-system-polyurethan-pu-68-rapid-u\/#primaryimage\"},\"image\":{\"@id\":\"https:\/\/dev.klb-koetztal.de\/fr\/produkt\/klb-system-polyurethan-pu-68-rapid-u\/#primaryimage\"},\"thumbnailUrl\":\"https:\/\/dev.klb-koetztal.de\/app\/uploads\/2022\/05\/PU_68_Rapid_U-KLB-Polyurethan-Grundierung-schnellhaertend_1kg_Kombi_Gebinde.jpg\",\"datePublished\":\"2022-05-04T07:46:30+00:00\",\"dateModified\":\"2026-03-16T13:18:59+00:00\",\"description\":\"Primaire PU 68 Rapid U \u00e0 durcissement rapide, r\u00e9active, sans solvant | KLB rev\u00eatements de sol \u2714\ufe0f r\u00e9parations, pont d'ahd\u00e9rence pour r\u00e9nover joints en b\u00e9ton\",\"breadcrumb\":{\"@id\":\"https:\/\/dev.klb-koetztal.de\/fr\/produkt\/klb-system-polyurethan-pu-68-rapid-u\/#breadcrumb\"},\"inLanguage\":\"fr-FR\",\"potentialAction\":[{\"@type\":\"ReadAction\",\"target\":[\"https:\/\/dev.klb-koetztal.de\/fr\/produkt\/klb-system-polyurethan-pu-68-rapid-u\/\"]}]},{\"@type\":\"ImageObject\",\"inLanguage\":\"fr-FR\",\"@id\":\"https:\/\/dev.klb-koetztal.de\/fr\/produkt\/klb-system-polyurethan-pu-68-rapid-u\/#primaryimage\",\"url\":\"https:\/\/dev.klb-koetztal.de\/app\/uploads\/2022\/05\/PU_68_Rapid_U-KLB-Polyurethan-Grundierung-schnellhaertend_1kg_Kombi_Gebinde.jpg\",\"contentUrl\":\"https:\/\/dev.klb-koetztal.de\/app\/uploads\/2022\/05\/PU_68_Rapid_U-KLB-Polyurethan-Grundierung-schnellhaertend_1kg_Kombi_Gebinde.jpg\",\"width\":600,\"height\":600},{\"@type\":\"BreadcrumbList\",\"@id\":\"https:\/\/dev.klb-koetztal.de\/fr\/produkt\/klb-system-polyurethan-pu-68-rapid-u\/#breadcrumb\",\"itemListElement\":[{\"@type\":\"ListItem\",\"position\":1,\"name\":\"Startseite\",\"item\":\"https:\/\/dev.klb-koetztal.de\/fr\/\"},{\"@type\":\"ListItem\",\"position\":2,\"name\":\"KLB-SYSTEM POLYURETHAN PU 68 Rapid U\"}]},{\"@type\":\"WebSite\",\"@id\":\"https:\/\/dev.klb-koetztal.de\/fr\/#website\",\"url\":\"https:\/\/dev.klb-koetztal.de\/fr\/\",\"name\":\"KLB K\u00f6tztal\",\"description\":\"Gute B\u00f6den haben ein System.\",\"potentialAction\":[{\"@type\":\"SearchAction\",\"target\":{\"@type\":\"EntryPoint\",\"urlTemplate\":\"https:\/\/dev.klb-koetztal.de\/fr\/?s={search_term_string}\"},\"query-input\":{\"@type\":\"PropertyValueSpecification\",\"valueRequired\":true,\"valueName\":\"search_term_string\"}}],\"inLanguage\":\"fr-FR\"}]}<\/script>\n<!-- \/ Yoast SEO plugin. -->","yoast_head_json":{"title":"Primaire PU 68 Rapid U durcissant rapide, r\u00e9active | KLB K\u00f6tztal","description":"Primaire PU 68 Rapid U \u00e0 durcissement rapide, r\u00e9active, sans solvant | KLB rev\u00eatements de sol \u2714\ufe0f r\u00e9parations, pont d'ahd\u00e9rence pour r\u00e9nover joints en b\u00e9ton","robots":{"index":"noindex","follow":"follow","max-snippet":"max-snippet:-1","max-image-preview":"max-image-preview:large","max-video-preview":"max-video-preview:-1"},"og_locale":"fr_FR","og_type":"article","og_title":"Primaire PU 68 Rapid U durcissant rapide, r\u00e9active | KLB K\u00f6tztal","og_description":"Primaire PU 68 Rapid U \u00e0 durcissement rapide, r\u00e9active, sans solvant | KLB rev\u00eatements de sol \u2714\ufe0f r\u00e9parations, pont d'ahd\u00e9rence pour r\u00e9nover joints en b\u00e9ton","og_url":"https:\/\/dev.klb-koetztal.de\/fr\/produkt\/klb-system-polyurethan-pu-68-rapid-u\/","og_site_name":"KLB K\u00f6tztal","article_publisher":"https:\/\/www.facebook.com\/klbkoetztal","article_modified_time":"2026-03-16T13:18:59+00:00","og_image":[{"width":600,"height":600,"url":"https:\/\/dev.klb-koetztal.de\/app\/uploads\/2022\/05\/PU_68_Rapid_U-KLB-Polyurethan-Grundierung-schnellhaertend_1kg_Kombi_Gebinde.jpg","type":"image\/jpeg"}],"twitter_card":"summary_large_image","schema":{"@context":"https:\/\/schema.org","@graph":[{"@type":"WebPage","@id":"https:\/\/dev.klb-koetztal.de\/fr\/produkt\/klb-system-polyurethan-pu-68-rapid-u\/","url":"https:\/\/dev.klb-koetztal.de\/fr\/produkt\/klb-system-polyurethan-pu-68-rapid-u\/","name":"Primaire PU 68 Rapid U durcissant rapide, r\u00e9active | KLB K\u00f6tztal","isPartOf":{"@id":"https:\/\/dev.klb-koetztal.de\/fr\/#website"},"primaryImageOfPage":{"@id":"https:\/\/dev.klb-koetztal.de\/fr\/produkt\/klb-system-polyurethan-pu-68-rapid-u\/#primaryimage"},"image":{"@id":"https:\/\/dev.klb-koetztal.de\/fr\/produkt\/klb-system-polyurethan-pu-68-rapid-u\/#primaryimage"},"thumbnailUrl":"https:\/\/dev.klb-koetztal.de\/app\/uploads\/2022\/05\/PU_68_Rapid_U-KLB-Polyurethan-Grundierung-schnellhaertend_1kg_Kombi_Gebinde.jpg","datePublished":"2022-05-04T07:46:30+00:00","dateModified":"2026-03-16T13:18:59+00:00","description":"Primaire PU 68 Rapid U \u00e0 durcissement rapide, r\u00e9active, sans solvant | KLB rev\u00eatements de sol \u2714\ufe0f r\u00e9parations, pont d'ahd\u00e9rence pour r\u00e9nover joints en b\u00e9ton","breadcrumb":{"@id":"https:\/\/dev.klb-koetztal.de\/fr\/produkt\/klb-system-polyurethan-pu-68-rapid-u\/#breadcrumb"},"inLanguage":"fr-FR","potentialAction":[{"@type":"ReadAction","target":["https:\/\/dev.klb-koetztal.de\/fr\/produkt\/klb-system-polyurethan-pu-68-rapid-u\/"]}]},{"@type":"ImageObject","inLanguage":"fr-FR","@id":"https:\/\/dev.klb-koetztal.de\/fr\/produkt\/klb-system-polyurethan-pu-68-rapid-u\/#primaryimage","url":"https:\/\/dev.klb-koetztal.de\/app\/uploads\/2022\/05\/PU_68_Rapid_U-KLB-Polyurethan-Grundierung-schnellhaertend_1kg_Kombi_Gebinde.jpg","contentUrl":"https:\/\/dev.klb-koetztal.de\/app\/uploads\/2022\/05\/PU_68_Rapid_U-KLB-Polyurethan-Grundierung-schnellhaertend_1kg_Kombi_Gebinde.jpg","width":600,"height":600},{"@type":"BreadcrumbList","@id":"https:\/\/dev.klb-koetztal.de\/fr\/produkt\/klb-system-polyurethan-pu-68-rapid-u\/#breadcrumb","itemListElement":[{"@type":"ListItem","position":1,"name":"Startseite","item":"https:\/\/dev.klb-koetztal.de\/fr\/"},{"@type":"ListItem","position":2,"name":"KLB-SYSTEM POLYURETHAN PU 68 Rapid U"}]},{"@type":"WebSite","@id":"https:\/\/dev.klb-koetztal.de\/fr\/#website","url":"https:\/\/dev.klb-koetztal.de\/fr\/","name":"KLB K\u00f6tztal","description":"Gute B\u00f6den haben ein System.","potentialAction":[{"@type":"SearchAction","target":{"@type":"EntryPoint","urlTemplate":"https:\/\/dev.klb-koetztal.de\/fr\/?s={search_term_string}"},"query-input":{"@type":"PropertyValueSpecification","valueRequired":true,"valueName":"search_term_string"}}],"inLanguage":"fr-FR"}]}},"_links":{"self":[{"href":"https:\/\/dev.klb-koetztal.de\/fr\/wp-json\/wp\/v2\/product\/51127","targetHints":{"allow":["GET"]}}],"collection":[{"href":"https:\/\/dev.klb-koetztal.de\/fr\/wp-json\/wp\/v2\/product"}],"about":[{"href":"https:\/\/dev.klb-koetztal.de\/fr\/wp-json\/wp\/v2\/types\/product"}],"wp:featuredmedia":[{"embeddable":true,"href":"https:\/\/dev.klb-koetztal.de\/fr\/wp-json\/wp\/v2\/media\/51128"}],"wp:attachment":[{"href":"https:\/\/dev.klb-koetztal.de\/fr\/wp-json\/wp\/v2\/media?parent=51127"}],"wp:term":[{"taxonomy":"product_brand","embeddable":true,"href":"https:\/\/dev.klb-koetztal.de\/fr\/wp-json\/wp\/v2\/product_brand?post=51127"},{"taxonomy":"product_cat","embeddable":true,"href":"https:\/\/dev.klb-koetztal.de\/fr\/wp-json\/wp\/v2\/product_cat?post=51127"},{"taxonomy":"product_tag","embeddable":true,"href":"https:\/\/dev.klb-koetztal.de\/fr\/wp-json\/wp\/v2\/product_tag?post=51127"}],"curies":[{"name":"wp","href":"https:\/\/api.w.org\/{rel}","templated":true}]}}