{"id":51119,"date":"2022-05-04T08:06:43","date_gmt":"2022-05-04T06:06:43","guid":{"rendered":"https:\/\/www.klb-koetztal.de\/produkt\/klb-system-polyurethan-pu-466\/"},"modified":"2026-03-16T14:19:17","modified_gmt":"2026-03-16T13:19:17","slug":"klb-system-polyurethan-pu-466","status":"publish","type":"product","link":"https:\/\/dev.klb-koetztal.de\/fr\/produkt\/klb-system-polyurethan-pu-466\/","title":{"rendered":"KLB-SYSTEM POLYURETHAN PU 466"},"content":{"rendered":"","protected":false},"excerpt":{"rendered":"<p>R\u00e9sine de jointoiement&#160;en polyur\u00e9thane \u00e0 2 composants, \u00e0 durcissement rapide et&#160;hautement \u00e9lastique&#160;pour les joints d&rsquo;\u00e9l\u00e9ments de construction, de raccordement, industriels ou&#160;de mouvement qui sont&#160;r\u00e9sistants, accessibles et d\u00e9formables. Particuli\u00e8rement avantageux dans la r\u00e9novation ; rapide \u00e0 installer et \u00e0 utiliser, peu odorant et sans solvant.<br \/>\n\u00c0 utiliser en combinaison avec les deux primaires&#160;KLB-SYSTEM POLYURETHAN PU 68 Rapid U&#160;ou PU 64 Haftpromotor.<\/p>\n","protected":false},"featured_media":51120,"template":"","meta":{"_acf_changed":false},"product_brand":[],"product_cat":[10036,10093],"product_tag":[],"class_list":{"0":"post-51119","1":"product","2":"type-product","3":"status-publish","4":"has-post-thumbnail","6":"product_cat-mortier-prefabrique-resines-pour-gorges-annulaires-resines-de-renovation-dinjection-et-de-joints","7":"product_cat-mortier-prefabrique-resines-pour-gorges-annulaires-resines-de-renovation-dinjection-et-de-joints_resines-de-joints","9":"first","10":"instock","11":"shipping-taxable","12":"product-type-simple"},"acf":{"product_header":{"module_product_header":{"":null,"prototype_headline":{"headline":"KLB-SYSTEM POLYURETHAN PU 466","h1":true,"subheadline":"R\u00e9sine de jointoiement&#160;en polyur\u00e9thane \u00e0 2 composants, \u00e0 durcissement rapide et&#160;hautement \u00e9lastique&#160;pour les joints d'\u00e9l\u00e9ments de construction, de raccordement, industriels ou&#160;de mouvement qui sont&#160;r\u00e9sistants, accessibles et d\u00e9formables. Particuli\u00e8rement avantageux dans la r\u00e9novation, le produit est&#160;rapide \u00e0 installer et \u00e0 utiliser, peu odorant et sans solvant.&#160;","anchor":"","url":""},"grid_text_slider":false,"grid_text_content":[{"text":"<p class=\"product-short-title\" style=\"text-align: center;\"><strong>Br\u00e8ve description<\/strong><\/p>\n<p>R\u00e9sine de jointoiement&#160;en polyur\u00e9thane \u00e0 2 composants, \u00e0 durcissement rapide et&#160;hautement \u00e9lastique&#160;pour les joints d&rsquo;\u00e9l\u00e9ments de construction, de raccordement, industriels ou&#160;de mouvement qui sont&#160;r\u00e9sistants, accessibles et d\u00e9formables. Particuli\u00e8rement avantageux dans la r\u00e9novation ; rapide \u00e0 installer et \u00e0 utiliser, peu odorant et sans solvant.<\/p>\n<p>\u00c0 utiliser en combinaison avec les deux primaires&#160;KLB-SYSTEM POLYURETHAN PU 68 Rapid U&#160;ou PU 64 Haftpromotor.<\/p>\n","width":"4","background_color_text":"bg-white","border_color":"border-gray-light"},{"text":"<p class=\"product-sicing-title\" style=\"text-align: center;\"><strong>Unit\u00e9s d'emballage<\/strong><\/p>\n<ul>\n<li>AK6155-50 &#8211; Combinaison Seau 12,00 kg<\/li>\n<li>AK6155-17 &#8211; Combinaison Hobbock 30,00 kg<\/li>\n<\/ul>\n<p><\/p>\n<p>N&rsquo;h\u00e9sitez pas \u00e0 contacter directement pour toute demande concernant des quantit\u00e9s de livraison ou des unit\u00e9s de conditionnement plus importantes.<\/p>\n\n","width":"4","background_color_text":"bg-white","border_color":"border-gray-light"},{"text":"<p class=\"product-attr-title\" style=\"text-align: center;\"><strong>Propri\u00e9t\u00e9s<\/strong><\/p>\n<ul>\n<li>sans solvant<\/li>\n<li>inodore<\/li>\n<li>\u00e0 durcissement rapide<\/li>\n<li>viscoplastique<\/li>\n<li>d\u00e9formable<\/li>\n<li>bonne capacit\u00e9 de remplissage<\/li>\n<li>rapidement pon\u00e7able<\/li>\n<\/ul>\n","width":"4","background_color_text":"bg-white","border_color":"border-gray-light"}],"background_color":"bg-none","background_color_content":"bg-none"}},"downloads":{"module_download_list":{"inhalt":null,"downloads":[{"download":{"ID":60123,"id":60123,"title":"PU_466_PI_fr_2024_02","filename":"PU_466_PI_fr_2024_02.pdf","filesize":645390,"url":"https:\/\/dev.klb-koetztal.de\/app\/uploads\/2024\/02\/PU_466_PI_fr_2024_02.pdf","link":"https:\/\/dev.klb-koetztal.de\/fr\/?attachment_id=60123","alt":"","author":"7","description":"","caption":"","name":"pu_466_pi_fr_2024_02-2","status":"inherit","uploaded_to":0,"date":"2024-02-13 08:30:26","modified":"2024-02-13 08:30:26","menu_order":0,"mime_type":"application\/pdf","type":"application","subtype":"pdf","icon":"https:\/\/dev.klb-koetztal.de\/wp\/wp-includes\/images\/media\/document.png"},"filename":"Information produit","protected":false,"doclang":"FR","externalkey":"Produktinformation","docpos":"3"},{"download":{"ID":51314,"id":51314,"title":"EPD-Information","filename":"PU466_Umwelt-Deklaration_2022-06.pdf","filesize":2560856,"url":"https:\/\/dev.klb-koetztal.de\/app\/uploads\/2022\/06\/PU466_Umwelt-Deklaration_2022-06.pdf","link":"https:\/\/dev.klb-koetztal.de\/fr\/?attachment_id=51314","alt":"","author":"7","description":"","caption":"","name":"pu466_umwelt-deklaration_2022-06","status":"inherit","uploaded_to":0,"date":"2022-06-30 12:28:56","modified":"2026-03-16 13:19:24","menu_order":0,"mime_type":"application\/pdf","type":"application","subtype":"pdf","icon":"https:\/\/dev.klb-koetztal.de\/wp\/wp-includes\/images\/media\/document.png"},"filename":"D\u00e9clarations de produit environnemental (EPD)","protected":false,"doclang":"Multi","externalkey":"Umweltproduktdeklaration","docpos":"50"},{"download":false,"filename":"Fiche de donn\u00e9es de s\u00e9curit\u00e9","protected":true,"doclang":"FR","externalkey":"Sicherheitsdatenblatt","docpos":"3"}],"einstellungen":null,"background_color":"bg-none","background_color_content":"bg-none"}},"included_in_systems":{"module_included_in_systems":{"":null,"background_color":"bg-gray-medium","background_color_content":"bg-none"}},"contact":{"module_contact":{"":null,"background_color":"bg-none","background_color_content":"bg-none"}},"ausschreibende":{"module_ausschreibende":{"andern_sie_den_inhalt_unter_universelle_elemente":null,"background_color":"bg-none","background_color_content":"bg-none"}}},"yoast_head":"<!-- This site is optimized with the Yoast SEO plugin v27.0 - https:\/\/yoast.com\/product\/yoast-seo-wordpress\/ -->\n<title>R\u00e9sine de scellement PU 466 rapide, \u00e9lastique | KLB K\u00f6tztal<\/title>\n<meta name=\"description\" content=\"R\u00e9sine de scellement durcissant rapide, tr\u00e8s \u00e9lastique, peu odorant bicomp. PU 466 \u00e0 r\u00e9nover | KLB rev\u00eatements r\u00e9sine synth\u00e9tique \u2714\ufe0faccessible, d\u00e9formable\" \/>\n<meta name=\"robots\" content=\"noindex, follow, max-snippet:-1, max-image-preview:large, max-video-preview:-1\" \/>\n<meta property=\"og:locale\" content=\"fr_FR\" \/>\n<meta property=\"og:type\" content=\"article\" \/>\n<meta property=\"og:title\" content=\"R\u00e9sine de scellement PU 466 rapide, \u00e9lastique | KLB K\u00f6tztal\" \/>\n<meta property=\"og:description\" content=\"R\u00e9sine de scellement durcissant rapide, tr\u00e8s \u00e9lastique, peu odorant bicomp. PU 466 \u00e0 r\u00e9nover | KLB rev\u00eatements r\u00e9sine synth\u00e9tique \u2714\ufe0faccessible, d\u00e9formable\" \/>\n<meta property=\"og:url\" content=\"https:\/\/dev.klb-koetztal.de\/fr\/produkt\/klb-system-polyurethan-pu-466\/\" \/>\n<meta property=\"og:site_name\" content=\"KLB K\u00f6tztal\" \/>\n<meta property=\"article:publisher\" content=\"https:\/\/www.facebook.com\/klbkoetztal\" \/>\n<meta property=\"article:modified_time\" content=\"2026-03-16T13:19:17+00:00\" \/>\n<meta property=\"og:image\" content=\"https:\/\/dev.klb-koetztal.de\/app\/uploads\/2022\/05\/PU-466-KLB-Gebinde-Fugenmasse_30kg_12kg.jpg\" \/>\n\t<meta property=\"og:image:width\" content=\"600\" \/>\n\t<meta property=\"og:image:height\" content=\"600\" \/>\n\t<meta property=\"og:image:type\" content=\"image\/jpeg\" \/>\n<meta name=\"twitter:card\" content=\"summary_large_image\" \/>\n<script type=\"application\/ld+json\" class=\"yoast-schema-graph\">{\"@context\":\"https:\/\/schema.org\",\"@graph\":[{\"@type\":\"WebPage\",\"@id\":\"https:\/\/dev.klb-koetztal.de\/fr\/produkt\/klb-system-polyurethan-pu-466\/\",\"url\":\"https:\/\/dev.klb-koetztal.de\/fr\/produkt\/klb-system-polyurethan-pu-466\/\",\"name\":\"R\u00e9sine de scellement PU 466 rapide, \u00e9lastique | KLB K\u00f6tztal\",\"isPartOf\":{\"@id\":\"https:\/\/dev.klb-koetztal.de\/fr\/#website\"},\"primaryImageOfPage\":{\"@id\":\"https:\/\/dev.klb-koetztal.de\/fr\/produkt\/klb-system-polyurethan-pu-466\/#primaryimage\"},\"image\":{\"@id\":\"https:\/\/dev.klb-koetztal.de\/fr\/produkt\/klb-system-polyurethan-pu-466\/#primaryimage\"},\"thumbnailUrl\":\"https:\/\/dev.klb-koetztal.de\/app\/uploads\/2022\/05\/PU-466-KLB-Gebinde-Fugenmasse_30kg_12kg.jpg\",\"datePublished\":\"2022-05-04T06:06:43+00:00\",\"dateModified\":\"2026-03-16T13:19:17+00:00\",\"description\":\"R\u00e9sine de scellement durcissant rapide, tr\u00e8s \u00e9lastique, peu odorant bicomp. PU 466 \u00e0 r\u00e9nover | KLB rev\u00eatements r\u00e9sine synth\u00e9tique \u2714\ufe0faccessible, d\u00e9formable\",\"breadcrumb\":{\"@id\":\"https:\/\/dev.klb-koetztal.de\/fr\/produkt\/klb-system-polyurethan-pu-466\/#breadcrumb\"},\"inLanguage\":\"fr-FR\",\"potentialAction\":[{\"@type\":\"ReadAction\",\"target\":[\"https:\/\/dev.klb-koetztal.de\/fr\/produkt\/klb-system-polyurethan-pu-466\/\"]}]},{\"@type\":\"ImageObject\",\"inLanguage\":\"fr-FR\",\"@id\":\"https:\/\/dev.klb-koetztal.de\/fr\/produkt\/klb-system-polyurethan-pu-466\/#primaryimage\",\"url\":\"https:\/\/dev.klb-koetztal.de\/app\/uploads\/2022\/05\/PU-466-KLB-Gebinde-Fugenmasse_30kg_12kg.jpg\",\"contentUrl\":\"https:\/\/dev.klb-koetztal.de\/app\/uploads\/2022\/05\/PU-466-KLB-Gebinde-Fugenmasse_30kg_12kg.jpg\",\"width\":600,\"height\":600},{\"@type\":\"BreadcrumbList\",\"@id\":\"https:\/\/dev.klb-koetztal.de\/fr\/produkt\/klb-system-polyurethan-pu-466\/#breadcrumb\",\"itemListElement\":[{\"@type\":\"ListItem\",\"position\":1,\"name\":\"Startseite\",\"item\":\"https:\/\/dev.klb-koetztal.de\/fr\/\"},{\"@type\":\"ListItem\",\"position\":2,\"name\":\"KLB-SYSTEM POLYURETHAN PU 466\"}]},{\"@type\":\"WebSite\",\"@id\":\"https:\/\/dev.klb-koetztal.de\/fr\/#website\",\"url\":\"https:\/\/dev.klb-koetztal.de\/fr\/\",\"name\":\"KLB K\u00f6tztal\",\"description\":\"Gute B\u00f6den haben ein System.\",\"potentialAction\":[{\"@type\":\"SearchAction\",\"target\":{\"@type\":\"EntryPoint\",\"urlTemplate\":\"https:\/\/dev.klb-koetztal.de\/fr\/?s={search_term_string}\"},\"query-input\":{\"@type\":\"PropertyValueSpecification\",\"valueRequired\":true,\"valueName\":\"search_term_string\"}}],\"inLanguage\":\"fr-FR\"}]}<\/script>\n<!-- \/ Yoast SEO plugin. -->","yoast_head_json":{"title":"R\u00e9sine de scellement PU 466 rapide, \u00e9lastique | KLB K\u00f6tztal","description":"R\u00e9sine de scellement durcissant rapide, tr\u00e8s \u00e9lastique, peu odorant bicomp. PU 466 \u00e0 r\u00e9nover | KLB rev\u00eatements r\u00e9sine synth\u00e9tique \u2714\ufe0faccessible, d\u00e9formable","robots":{"index":"noindex","follow":"follow","max-snippet":"max-snippet:-1","max-image-preview":"max-image-preview:large","max-video-preview":"max-video-preview:-1"},"og_locale":"fr_FR","og_type":"article","og_title":"R\u00e9sine de scellement PU 466 rapide, \u00e9lastique | KLB K\u00f6tztal","og_description":"R\u00e9sine de scellement durcissant rapide, tr\u00e8s \u00e9lastique, peu odorant bicomp. PU 466 \u00e0 r\u00e9nover | KLB rev\u00eatements r\u00e9sine synth\u00e9tique \u2714\ufe0faccessible, d\u00e9formable","og_url":"https:\/\/dev.klb-koetztal.de\/fr\/produkt\/klb-system-polyurethan-pu-466\/","og_site_name":"KLB K\u00f6tztal","article_publisher":"https:\/\/www.facebook.com\/klbkoetztal","article_modified_time":"2026-03-16T13:19:17+00:00","og_image":[{"width":600,"height":600,"url":"https:\/\/dev.klb-koetztal.de\/app\/uploads\/2022\/05\/PU-466-KLB-Gebinde-Fugenmasse_30kg_12kg.jpg","type":"image\/jpeg"}],"twitter_card":"summary_large_image","schema":{"@context":"https:\/\/schema.org","@graph":[{"@type":"WebPage","@id":"https:\/\/dev.klb-koetztal.de\/fr\/produkt\/klb-system-polyurethan-pu-466\/","url":"https:\/\/dev.klb-koetztal.de\/fr\/produkt\/klb-system-polyurethan-pu-466\/","name":"R\u00e9sine de scellement PU 466 rapide, \u00e9lastique | KLB K\u00f6tztal","isPartOf":{"@id":"https:\/\/dev.klb-koetztal.de\/fr\/#website"},"primaryImageOfPage":{"@id":"https:\/\/dev.klb-koetztal.de\/fr\/produkt\/klb-system-polyurethan-pu-466\/#primaryimage"},"image":{"@id":"https:\/\/dev.klb-koetztal.de\/fr\/produkt\/klb-system-polyurethan-pu-466\/#primaryimage"},"thumbnailUrl":"https:\/\/dev.klb-koetztal.de\/app\/uploads\/2022\/05\/PU-466-KLB-Gebinde-Fugenmasse_30kg_12kg.jpg","datePublished":"2022-05-04T06:06:43+00:00","dateModified":"2026-03-16T13:19:17+00:00","description":"R\u00e9sine de scellement durcissant rapide, tr\u00e8s \u00e9lastique, peu odorant bicomp. PU 466 \u00e0 r\u00e9nover | KLB rev\u00eatements r\u00e9sine synth\u00e9tique \u2714\ufe0faccessible, d\u00e9formable","breadcrumb":{"@id":"https:\/\/dev.klb-koetztal.de\/fr\/produkt\/klb-system-polyurethan-pu-466\/#breadcrumb"},"inLanguage":"fr-FR","potentialAction":[{"@type":"ReadAction","target":["https:\/\/dev.klb-koetztal.de\/fr\/produkt\/klb-system-polyurethan-pu-466\/"]}]},{"@type":"ImageObject","inLanguage":"fr-FR","@id":"https:\/\/dev.klb-koetztal.de\/fr\/produkt\/klb-system-polyurethan-pu-466\/#primaryimage","url":"https:\/\/dev.klb-koetztal.de\/app\/uploads\/2022\/05\/PU-466-KLB-Gebinde-Fugenmasse_30kg_12kg.jpg","contentUrl":"https:\/\/dev.klb-koetztal.de\/app\/uploads\/2022\/05\/PU-466-KLB-Gebinde-Fugenmasse_30kg_12kg.jpg","width":600,"height":600},{"@type":"BreadcrumbList","@id":"https:\/\/dev.klb-koetztal.de\/fr\/produkt\/klb-system-polyurethan-pu-466\/#breadcrumb","itemListElement":[{"@type":"ListItem","position":1,"name":"Startseite","item":"https:\/\/dev.klb-koetztal.de\/fr\/"},{"@type":"ListItem","position":2,"name":"KLB-SYSTEM POLYURETHAN PU 466"}]},{"@type":"WebSite","@id":"https:\/\/dev.klb-koetztal.de\/fr\/#website","url":"https:\/\/dev.klb-koetztal.de\/fr\/","name":"KLB K\u00f6tztal","description":"Gute B\u00f6den haben ein System.","potentialAction":[{"@type":"SearchAction","target":{"@type":"EntryPoint","urlTemplate":"https:\/\/dev.klb-koetztal.de\/fr\/?s={search_term_string}"},"query-input":{"@type":"PropertyValueSpecification","valueRequired":true,"valueName":"search_term_string"}}],"inLanguage":"fr-FR"}]}},"_links":{"self":[{"href":"https:\/\/dev.klb-koetztal.de\/fr\/wp-json\/wp\/v2\/product\/51119","targetHints":{"allow":["GET"]}}],"collection":[{"href":"https:\/\/dev.klb-koetztal.de\/fr\/wp-json\/wp\/v2\/product"}],"about":[{"href":"https:\/\/dev.klb-koetztal.de\/fr\/wp-json\/wp\/v2\/types\/product"}],"wp:featuredmedia":[{"embeddable":true,"href":"https:\/\/dev.klb-koetztal.de\/fr\/wp-json\/wp\/v2\/media\/51120"}],"wp:attachment":[{"href":"https:\/\/dev.klb-koetztal.de\/fr\/wp-json\/wp\/v2\/media?parent=51119"}],"wp:term":[{"taxonomy":"product_brand","embeddable":true,"href":"https:\/\/dev.klb-koetztal.de\/fr\/wp-json\/wp\/v2\/product_brand?post=51119"},{"taxonomy":"product_cat","embeddable":true,"href":"https:\/\/dev.klb-koetztal.de\/fr\/wp-json\/wp\/v2\/product_cat?post=51119"},{"taxonomy":"product_tag","embeddable":true,"href":"https:\/\/dev.klb-koetztal.de\/fr\/wp-json\/wp\/v2\/product_tag?post=51119"}],"curies":[{"name":"wp","href":"https:\/\/api.w.org\/{rel}","templated":true}]}}