{"id":50996,"date":"2022-04-07T16:14:05","date_gmt":"2022-04-07T14:14:05","guid":{"rendered":"https:\/\/www.klb-koetztal.de\/produkt\/klb-system-polyurethan-pu-881\/"},"modified":"2026-03-16T14:11:44","modified_gmt":"2026-03-16T13:11:44","slug":"klb-system-polyurethan-pu-881","status":"publish","type":"product","link":"https:\/\/dev.klb-koetztal.de\/fr\/produkt\/klb-system-polyurethan-pu-881\/","title":{"rendered":"KLB-SYSTEM POLYURETHAN&nbsp;PU 881"},"content":{"rendered":"","protected":false},"excerpt":{"rendered":"<p>Scellant mat&#160;\u00e0 2 composants, pigment\u00e9 et \u00e0 base de polyur\u00e9thane avec une bonne r\u00e9sistance m\u00e9canique ainsi qu&rsquo;une tr\u00e8s bonne stabilit\u00e9 \u00e0 la lumi\u00e8re et aux intemp\u00e9ries, contenant des solvants.<\/p>\n","protected":false},"featured_media":50180,"template":"","meta":{"_acf_changed":false},"product_brand":[],"product_cat":[10038,10109],"product_tag":[],"class_list":{"0":"post-50996","1":"product","2":"type-product","3":"status-publish","4":"has-post-thumbnail","6":"product_cat-scellements-impregnations","7":"product_cat-scellements-impregnations_scellements-en-polyurethane-a-2-composants-avec-solvant","9":"first","10":"instock","11":"shipping-taxable","12":"product-type-simple"},"acf":{"product_header":{"module_product_header":{"":null,"prototype_headline":{"headline":"KLB-SYSTEM POLYURETHAN&nbsp;PU 881","h1":true,"subheadline":"Scellement en polyur\u00e9thane bicomposant, pigment\u00e9 pour les surfaces mates","anchor":"","url":""},"grid_text_slider":false,"grid_text_content":[{"text":"<p class=\"product-short-title\" style=\"text-align: center;\"><strong>Br\u00e8ve description<\/strong><\/p>\n<p>Scellant mat&#160;\u00e0 2 composants, pigment\u00e9 et \u00e0 base de polyur\u00e9thane avec une bonne r\u00e9sistance m\u00e9canique ainsi qu&rsquo;une tr\u00e8s bonne stabilit\u00e9 \u00e0 la lumi\u00e8re et aux intemp\u00e9ries, contenant des solvants.<\/p>\n","width":"4","background_color_text":"bg-white","border_color":"border-gray-light"},{"text":"<p class=\"product-sicing-title\" style=\"text-align: center;\"><strong>Unit\u00e9s d'emballage<\/strong><\/p>\n<ul>\n<li>AK6618-50 &#8211; Combinaison Seau 10,00 kg<\/li>\n<li>AK6618-30 &#8211; Combinaison Hobbock 30,00 kg<\/li>\n<\/ul>\n<p><\/p>\n<p>N&rsquo;h\u00e9sitez pas \u00e0 contacter directement pour toute demande concernant des quantit\u00e9s de livraison ou des unit\u00e9s de conditionnement plus importantes.<\/p>\n\n","width":"4","background_color_text":"bg-white","border_color":"border-gray-light"},{"text":"<p class=\"product-attr-title\" style=\"text-align: center;\"><strong>Propri\u00e9t\u00e9s<\/strong><\/p>\n<ul>\n<li>surface color\u00e9e<\/li>\n<li>surface homog\u00e8ne<\/li>\n<li>exempt de substances susceptibles d&rsquo;endommager les vernis<\/li>\n<li>tr\u00e8s \u00e9conomique<\/li>\n<li>en grande partie stable \u00e0 la lumi\u00e8re<\/li>\n<li>bonne r\u00e9sistance chimique<\/li>\n<\/ul>\n","width":"4","background_color_text":"bg-white","border_color":"border-gray-light"}],"background_color":"bg-none","background_color_content":"bg-none"}},"downloads":{"module_download_list":{"inhalt":null,"downloads":[{"download":{"ID":57010,"id":57010,"title":"PU_881_PI_fr_2023_06","filename":"PU_881_PI_fr_2023_06.pdf","filesize":548277,"url":"https:\/\/dev.klb-koetztal.de\/app\/uploads\/2023\/06\/PU_881_PI_fr_2023_06.pdf","link":"https:\/\/dev.klb-koetztal.de\/fr\/?attachment_id=57010","alt":"","author":"7","description":"","caption":"","name":"pu_881_pi_fr_2023_06-2","status":"inherit","uploaded_to":0,"date":"2023-06-07 10:20:14","modified":"2023-06-07 10:20:14","menu_order":0,"mime_type":"application\/pdf","type":"application","subtype":"pdf","icon":"https:\/\/dev.klb-koetztal.de\/wp\/wp-includes\/images\/media\/document.png"},"filename":"Information produit","protected":false,"doclang":"FR","externalkey":"Produktinformation","docpos":"3"},{"download":{"ID":50181,"id":50181,"title":"Leistungserkl\u00e4rung - Statement of performance","filename":"PU881_LE_2013-04.pdf","filesize":170716,"url":"https:\/\/dev.klb-koetztal.de\/app\/uploads\/2022\/03\/PU881_LE_2013-04.pdf","link":"https:\/\/dev.klb-koetztal.de\/fr\/?attachment_id=50181","alt":"","author":"7","description":"","caption":"","name":"pu881_le_2013-04","status":"inherit","uploaded_to":0,"date":"2022-03-14 10:07:34","modified":"2026-03-16 13:11:51","menu_order":0,"mime_type":"application\/pdf","type":"application","subtype":"pdf","icon":"https:\/\/dev.klb-koetztal.de\/wp\/wp-includes\/images\/media\/document.png"},"filename":"D\u00e9claration de performance","protected":false,"doclang":"Multi","externalkey":"Leistungserklaerung","docpos":"50"},{"download":{"ID":51333,"id":51333,"title":"EPD-Information","filename":"PU881_Umwelt-Deklaration_2022-06.pdf","filesize":2561483,"url":"https:\/\/dev.klb-koetztal.de\/app\/uploads\/2022\/06\/PU881_Umwelt-Deklaration_2022-06.pdf","link":"https:\/\/dev.klb-koetztal.de\/fr\/?attachment_id=51333","alt":"","author":"7","description":"","caption":"","name":"pu881_umwelt-deklaration_2022-06","status":"inherit","uploaded_to":0,"date":"2022-06-30 12:48:03","modified":"2026-03-16 13:11:54","menu_order":0,"mime_type":"application\/pdf","type":"application","subtype":"pdf","icon":"https:\/\/dev.klb-koetztal.de\/wp\/wp-includes\/images\/media\/document.png"},"filename":"D\u00e9clarations de produit environnemental (EPD)","protected":false,"doclang":"Multi","externalkey":"Umweltproduktdeklaration","docpos":"50"},{"download":false,"filename":"Fiche de donn\u00e9es de s\u00e9curit\u00e9","protected":true,"doclang":"FR","externalkey":"Sicherheitsdatenblatt","docpos":"3"}],"einstellungen":null,"background_color":"bg-none","background_color_content":"bg-none"}},"included_in_systems":{"module_included_in_systems":{"":null,"background_color":"bg-gray-medium","background_color_content":"bg-none"}},"contact":{"module_contact":{"":null,"background_color":"bg-none","background_color_content":"bg-none"}},"ausschreibende":{"module_ausschreibende":{"andern_sie_den_inhalt_unter_universelle_elemente":null,"background_color":"bg-none","background_color_content":"bg-none"}}},"yoast_head":"<!-- This site is optimized with the Yoast SEO plugin v27.0 - https:\/\/yoast.com\/product\/yoast-seo-wordpress\/ -->\n<title>Scellement PU 881 color\u00e9, mat, stable \u00e0 lumi\u00e8re | KLB K\u00f6tztal<\/title>\n<meta name=\"description\" content=\"Scellement mat PU 881 bicomp. color\u00e9, solvant\u00e9 avec bonne stabilit\u00e9 \u00e0 lumi\u00e8re et aux intemp\u00e9ries | KLB sols industriels \u2714\ufe0f \u00e0 base PU, r\u00e9sistant m\u00e9canique\" \/>\n<meta name=\"robots\" content=\"noindex, follow, max-snippet:-1, max-image-preview:large, max-video-preview:-1\" \/>\n<meta property=\"og:locale\" content=\"fr_FR\" \/>\n<meta property=\"og:type\" content=\"article\" \/>\n<meta property=\"og:title\" content=\"Scellement PU 881 color\u00e9, mat, stable \u00e0 lumi\u00e8re | KLB K\u00f6tztal\" \/>\n<meta property=\"og:description\" content=\"Scellement mat PU 881 bicomp. color\u00e9, solvant\u00e9 avec bonne stabilit\u00e9 \u00e0 lumi\u00e8re et aux intemp\u00e9ries | KLB sols industriels \u2714\ufe0f \u00e0 base PU, r\u00e9sistant m\u00e9canique\" \/>\n<meta property=\"og:url\" content=\"https:\/\/dev.klb-koetztal.de\/fr\/produkt\/klb-system-polyurethan-pu-881\/\" \/>\n<meta property=\"og:site_name\" content=\"KLB K\u00f6tztal\" \/>\n<meta property=\"article:publisher\" content=\"https:\/\/www.facebook.com\/klbkoetztal\" \/>\n<meta property=\"article:modified_time\" content=\"2026-03-16T13:11:44+00:00\" \/>\n<meta property=\"og:image\" content=\"https:\/\/dev.klb-koetztal.de\/app\/uploads\/2022\/03\/PU881.jpg\" \/>\n\t<meta property=\"og:image:width\" content=\"500\" \/>\n\t<meta property=\"og:image:height\" content=\"500\" \/>\n\t<meta property=\"og:image:type\" content=\"image\/jpeg\" \/>\n<meta name=\"twitter:card\" content=\"summary_large_image\" \/>\n<script type=\"application\/ld+json\" class=\"yoast-schema-graph\">{\"@context\":\"https:\/\/schema.org\",\"@graph\":[{\"@type\":\"WebPage\",\"@id\":\"https:\/\/dev.klb-koetztal.de\/fr\/produkt\/klb-system-polyurethan-pu-881\/\",\"url\":\"https:\/\/dev.klb-koetztal.de\/fr\/produkt\/klb-system-polyurethan-pu-881\/\",\"name\":\"Scellement PU 881 color\u00e9, mat, stable \u00e0 lumi\u00e8re | KLB K\u00f6tztal\",\"isPartOf\":{\"@id\":\"https:\/\/dev.klb-koetztal.de\/fr\/#website\"},\"primaryImageOfPage\":{\"@id\":\"https:\/\/dev.klb-koetztal.de\/fr\/produkt\/klb-system-polyurethan-pu-881\/#primaryimage\"},\"image\":{\"@id\":\"https:\/\/dev.klb-koetztal.de\/fr\/produkt\/klb-system-polyurethan-pu-881\/#primaryimage\"},\"thumbnailUrl\":\"https:\/\/dev.klb-koetztal.de\/app\/uploads\/2022\/03\/PU881.jpg\",\"datePublished\":\"2022-04-07T14:14:05+00:00\",\"dateModified\":\"2026-03-16T13:11:44+00:00\",\"description\":\"Scellement mat PU 881 bicomp. color\u00e9, solvant\u00e9 avec bonne stabilit\u00e9 \u00e0 lumi\u00e8re et aux intemp\u00e9ries | KLB sols industriels \u2714\ufe0f \u00e0 base PU, r\u00e9sistant m\u00e9canique\",\"breadcrumb\":{\"@id\":\"https:\/\/dev.klb-koetztal.de\/fr\/produkt\/klb-system-polyurethan-pu-881\/#breadcrumb\"},\"inLanguage\":\"fr-FR\",\"potentialAction\":[{\"@type\":\"ReadAction\",\"target\":[\"https:\/\/dev.klb-koetztal.de\/fr\/produkt\/klb-system-polyurethan-pu-881\/\"]}]},{\"@type\":\"ImageObject\",\"inLanguage\":\"fr-FR\",\"@id\":\"https:\/\/dev.klb-koetztal.de\/fr\/produkt\/klb-system-polyurethan-pu-881\/#primaryimage\",\"url\":\"https:\/\/dev.klb-koetztal.de\/app\/uploads\/2022\/03\/PU881.jpg\",\"contentUrl\":\"https:\/\/dev.klb-koetztal.de\/app\/uploads\/2022\/03\/PU881.jpg\",\"width\":500,\"height\":500},{\"@type\":\"BreadcrumbList\",\"@id\":\"https:\/\/dev.klb-koetztal.de\/fr\/produkt\/klb-system-polyurethan-pu-881\/#breadcrumb\",\"itemListElement\":[{\"@type\":\"ListItem\",\"position\":1,\"name\":\"Startseite\",\"item\":\"https:\/\/dev.klb-koetztal.de\/fr\/\"},{\"@type\":\"ListItem\",\"position\":2,\"name\":\"KLB-SYSTEM POLYURETHAN&nbsp;PU 881\"}]},{\"@type\":\"WebSite\",\"@id\":\"https:\/\/dev.klb-koetztal.de\/fr\/#website\",\"url\":\"https:\/\/dev.klb-koetztal.de\/fr\/\",\"name\":\"KLB K\u00f6tztal\",\"description\":\"Gute B\u00f6den haben ein System.\",\"potentialAction\":[{\"@type\":\"SearchAction\",\"target\":{\"@type\":\"EntryPoint\",\"urlTemplate\":\"https:\/\/dev.klb-koetztal.de\/fr\/?s={search_term_string}\"},\"query-input\":{\"@type\":\"PropertyValueSpecification\",\"valueRequired\":true,\"valueName\":\"search_term_string\"}}],\"inLanguage\":\"fr-FR\"}]}<\/script>\n<!-- \/ Yoast SEO plugin. -->","yoast_head_json":{"title":"Scellement PU 881 color\u00e9, mat, stable \u00e0 lumi\u00e8re | KLB K\u00f6tztal","description":"Scellement mat PU 881 bicomp. color\u00e9, solvant\u00e9 avec bonne stabilit\u00e9 \u00e0 lumi\u00e8re et aux intemp\u00e9ries | KLB sols industriels \u2714\ufe0f \u00e0 base PU, r\u00e9sistant m\u00e9canique","robots":{"index":"noindex","follow":"follow","max-snippet":"max-snippet:-1","max-image-preview":"max-image-preview:large","max-video-preview":"max-video-preview:-1"},"og_locale":"fr_FR","og_type":"article","og_title":"Scellement PU 881 color\u00e9, mat, stable \u00e0 lumi\u00e8re | KLB K\u00f6tztal","og_description":"Scellement mat PU 881 bicomp. color\u00e9, solvant\u00e9 avec bonne stabilit\u00e9 \u00e0 lumi\u00e8re et aux intemp\u00e9ries | KLB sols industriels \u2714\ufe0f \u00e0 base PU, r\u00e9sistant m\u00e9canique","og_url":"https:\/\/dev.klb-koetztal.de\/fr\/produkt\/klb-system-polyurethan-pu-881\/","og_site_name":"KLB K\u00f6tztal","article_publisher":"https:\/\/www.facebook.com\/klbkoetztal","article_modified_time":"2026-03-16T13:11:44+00:00","og_image":[{"width":500,"height":500,"url":"https:\/\/dev.klb-koetztal.de\/app\/uploads\/2022\/03\/PU881.jpg","type":"image\/jpeg"}],"twitter_card":"summary_large_image","schema":{"@context":"https:\/\/schema.org","@graph":[{"@type":"WebPage","@id":"https:\/\/dev.klb-koetztal.de\/fr\/produkt\/klb-system-polyurethan-pu-881\/","url":"https:\/\/dev.klb-koetztal.de\/fr\/produkt\/klb-system-polyurethan-pu-881\/","name":"Scellement PU 881 color\u00e9, mat, stable \u00e0 lumi\u00e8re | KLB K\u00f6tztal","isPartOf":{"@id":"https:\/\/dev.klb-koetztal.de\/fr\/#website"},"primaryImageOfPage":{"@id":"https:\/\/dev.klb-koetztal.de\/fr\/produkt\/klb-system-polyurethan-pu-881\/#primaryimage"},"image":{"@id":"https:\/\/dev.klb-koetztal.de\/fr\/produkt\/klb-system-polyurethan-pu-881\/#primaryimage"},"thumbnailUrl":"https:\/\/dev.klb-koetztal.de\/app\/uploads\/2022\/03\/PU881.jpg","datePublished":"2022-04-07T14:14:05+00:00","dateModified":"2026-03-16T13:11:44+00:00","description":"Scellement mat PU 881 bicomp. color\u00e9, solvant\u00e9 avec bonne stabilit\u00e9 \u00e0 lumi\u00e8re et aux intemp\u00e9ries | KLB sols industriels \u2714\ufe0f \u00e0 base PU, r\u00e9sistant m\u00e9canique","breadcrumb":{"@id":"https:\/\/dev.klb-koetztal.de\/fr\/produkt\/klb-system-polyurethan-pu-881\/#breadcrumb"},"inLanguage":"fr-FR","potentialAction":[{"@type":"ReadAction","target":["https:\/\/dev.klb-koetztal.de\/fr\/produkt\/klb-system-polyurethan-pu-881\/"]}]},{"@type":"ImageObject","inLanguage":"fr-FR","@id":"https:\/\/dev.klb-koetztal.de\/fr\/produkt\/klb-system-polyurethan-pu-881\/#primaryimage","url":"https:\/\/dev.klb-koetztal.de\/app\/uploads\/2022\/03\/PU881.jpg","contentUrl":"https:\/\/dev.klb-koetztal.de\/app\/uploads\/2022\/03\/PU881.jpg","width":500,"height":500},{"@type":"BreadcrumbList","@id":"https:\/\/dev.klb-koetztal.de\/fr\/produkt\/klb-system-polyurethan-pu-881\/#breadcrumb","itemListElement":[{"@type":"ListItem","position":1,"name":"Startseite","item":"https:\/\/dev.klb-koetztal.de\/fr\/"},{"@type":"ListItem","position":2,"name":"KLB-SYSTEM POLYURETHAN&nbsp;PU 881"}]},{"@type":"WebSite","@id":"https:\/\/dev.klb-koetztal.de\/fr\/#website","url":"https:\/\/dev.klb-koetztal.de\/fr\/","name":"KLB K\u00f6tztal","description":"Gute B\u00f6den haben ein System.","potentialAction":[{"@type":"SearchAction","target":{"@type":"EntryPoint","urlTemplate":"https:\/\/dev.klb-koetztal.de\/fr\/?s={search_term_string}"},"query-input":{"@type":"PropertyValueSpecification","valueRequired":true,"valueName":"search_term_string"}}],"inLanguage":"fr-FR"}]}},"_links":{"self":[{"href":"https:\/\/dev.klb-koetztal.de\/fr\/wp-json\/wp\/v2\/product\/50996","targetHints":{"allow":["GET"]}}],"collection":[{"href":"https:\/\/dev.klb-koetztal.de\/fr\/wp-json\/wp\/v2\/product"}],"about":[{"href":"https:\/\/dev.klb-koetztal.de\/fr\/wp-json\/wp\/v2\/types\/product"}],"wp:featuredmedia":[{"embeddable":true,"href":"https:\/\/dev.klb-koetztal.de\/fr\/wp-json\/wp\/v2\/media\/50180"}],"wp:attachment":[{"href":"https:\/\/dev.klb-koetztal.de\/fr\/wp-json\/wp\/v2\/media?parent=50996"}],"wp:term":[{"taxonomy":"product_brand","embeddable":true,"href":"https:\/\/dev.klb-koetztal.de\/fr\/wp-json\/wp\/v2\/product_brand?post=50996"},{"taxonomy":"product_cat","embeddable":true,"href":"https:\/\/dev.klb-koetztal.de\/fr\/wp-json\/wp\/v2\/product_cat?post=50996"},{"taxonomy":"product_tag","embeddable":true,"href":"https:\/\/dev.klb-koetztal.de\/fr\/wp-json\/wp\/v2\/product_tag?post=50996"}],"curies":[{"name":"wp","href":"https:\/\/api.w.org\/{rel}","templated":true}]}}