{"id":50513,"date":"2022-03-14T11:23:36","date_gmt":"2022-03-14T10:23:36","guid":{"rendered":"https:\/\/dev.klb-koetztal.de\/produkt\/klb-system-polyurethan-pu-485-flex\/"},"modified":"2026-03-16T14:19:59","modified_gmt":"2026-03-16T13:19:59","slug":"klb-system-polyurethan-pu-485-flex","status":"publish","type":"product","link":"https:\/\/dev.klb-koetztal.de\/fr\/produkt\/klb-system-polyurethan-pu-485-flex\/","title":{"rendered":"KLB-SYSTEM POLYURETHAN PU 485 Flex"},"content":{"rendered":"","protected":false},"excerpt":{"rendered":"<p>R\u00e9sine polyur\u00e9e&#160;bicomposante \u00e0 faible \u00e9mission, \u00e9lastique et peu jaunissante pour la r\u00e9alisation de couches de finition&#160;transparentes&#160;sur les rev\u00eatements \u00e9lastiques, tels que PU 410 ou PU 405. Pour r\u00e9aliser des&#160;rev\u00eatements \u00e0 effets avec des&#160;pigments partiColor\u00ae-Metalize, des techniques d&rsquo;essuyage ainsi que pour&#160;l&rsquo;insertion d&rsquo;impressions et pour la liaison de sols en granul\u00e9s de caoutchouc. Pr\u00e9sente d&rsquo;excellentes propri\u00e9t\u00e9s m\u00e9caniques.<\/p>\n","protected":false},"featured_media":50514,"template":"","meta":{"_acf_changed":false},"product_brand":[],"product_cat":[10044,10045],"product_tag":[],"class_list":{"0":"post-50513","1":"product","2":"type-product","3":"status-publish","4":"has-post-thumbnail","6":"product_cat-liant-decor-scellement-de-finition-bouche-pores","7":"product_cat-liant-decor-scellement-de-finition-bouche-pores_liant-decor","9":"first","10":"instock","11":"shipping-taxable","12":"product-type-simple"},"acf":{"product_header":{"module_product_header":{"":null,"prototype_headline":{"headline":"KLB-SYSTEM POLYURETHAN PU 485 Flex","h1":true,"subheadline":"R\u00e9sine polyur\u00e9thane bicomposante sans solvants et incolore pour la fabrication de couches de finitions transparentes sur les&#160;rev\u00eatements \u00e9lastiques, tels que PU 410 ou PU 405. Pour r\u00e9aliser des&#160;rev\u00eatements \u00e0 effets avec des&#160;pigments nacr\u00e9s&#160;partiColor\u00ae-Metalize ou en paillettes color\u00e9es type partiColor\u00ae-Glitter.","anchor":"","url":""},"grid_text_slider":false,"grid_text_content":[{"text":"<p class=\"product-short-title\" style=\"text-align: center;\"><strong>Br\u00e8ve description<\/strong><\/p>\n<p>R\u00e9sine polyur\u00e9e&#160;bicomposante \u00e0 faible \u00e9mission, \u00e9lastique et peu jaunissante pour la r\u00e9alisation de couches de finition&#160;transparentes&#160;sur les rev\u00eatements \u00e9lastiques, tels que PU 410 ou PU 405. Pour r\u00e9aliser des&#160;rev\u00eatements \u00e0 effets avec des&#160;pigments partiColor\u00ae-Metalize, des techniques d&rsquo;essuyage ainsi que pour&#160;l&rsquo;insertion d&rsquo;impressions et pour la liaison de sols en granul\u00e9s de caoutchouc. Pr\u00e9sente d&rsquo;excellentes propri\u00e9t\u00e9s m\u00e9caniques.<\/p>\n","width":"4","background_color_text":"bg-white","border_color":"border-gray-light"},{"text":"<p class=\"product-sicing-title\" style=\"text-align: center;\"><strong>Unit\u00e9s d'emballage<\/strong><\/p>\n<ul>\n<li>AK6944-92 &#8211; Combinaison Seau 1,00 kg<\/li>\n<li>AK6944-50 &#8211; Combinaison Hobbock 10,00 kg<\/li>\n<\/ul>\n<p><\/p>\n<p>N&rsquo;h\u00e9sitez pas \u00e0 contacter directement pour toute demande concernant des quantit\u00e9s de livraison ou des unit\u00e9s de conditionnement plus importantes.<\/p>\n\n","width":"4","background_color_text":"bg-white","border_color":"border-gray-light"},{"text":"<p class=\"product-attr-title\" style=\"text-align: center;\"><strong>Propri\u00e9t\u00e9s<\/strong><\/p>\n<ul>\n<li>incolore, brillant<\/li>\n<li>sans solvant<\/li>\n<li>transparent<\/li>\n<li>\u00e9lastique<\/li>\n<li>tendance r\u00e9duite au jaunissement<\/li>\n<li>exempt de substances susceptibles d&rsquo;endommager les vernis<\/li>\n<li>Total Solid selon GISCODE (m\u00e9thode d&rsquo;essai de \u00ab Deutsche Bauchemie \u00bb, l&rsquo;association all. pour la chimie de construction)<\/li>\n<\/ul>\n","width":"4","background_color_text":"bg-white","border_color":"border-gray-light"}],"background_color":"bg-none","background_color_content":"bg-none"}},"downloads":{"module_download_list":{"inhalt":null,"downloads":[{"download":{"ID":58221,"id":58221,"title":"PU_485_Flex_PI_fr_2023_09","filename":"PU_485_Flex_PI_fr_2023_09.pdf","filesize":659672,"url":"https:\/\/dev.klb-koetztal.de\/app\/uploads\/2023\/09\/PU_485_Flex_PI_fr_2023_09.pdf","link":"https:\/\/dev.klb-koetztal.de\/fr\/?attachment_id=58221","alt":"","author":"7","description":"","caption":"","name":"pu_485_flex_pi_fr_2023_09-2","status":"inherit","uploaded_to":0,"date":"2023-09-11 13:20:11","modified":"2023-09-11 13:20:11","menu_order":0,"mime_type":"application\/pdf","type":"application","subtype":"pdf","icon":"https:\/\/dev.klb-koetztal.de\/wp\/wp-includes\/images\/media\/document.png"},"filename":"Information produit","protected":false,"doclang":"FR","externalkey":"Produktinformation","docpos":"3"},{"download":{"ID":59271,"id":59271,"title":"PU485Flex_Umwelt-Deklaration_2023-03","filename":"PU485Flex_Umwelt-Deklaration_2023-03.pdf","filesize":4372998,"url":"https:\/\/dev.klb-koetztal.de\/app\/uploads\/2023\/12\/PU485Flex_Umwelt-Deklaration_2023-03.pdf","link":"https:\/\/dev.klb-koetztal.de\/fr\/?attachment_id=59271","alt":"","author":"7","description":"","caption":"","name":"pu485flex_umwelt-deklaration_2023-03-2","status":"inherit","uploaded_to":0,"date":"2023-12-15 09:40:44","modified":"2023-12-15 09:40:44","menu_order":0,"mime_type":"application\/pdf","type":"application","subtype":"pdf","icon":"https:\/\/dev.klb-koetztal.de\/wp\/wp-includes\/images\/media\/document.png"},"filename":"D\u00e9clarations de produit environnemental (EPD)","protected":false,"doclang":"Multi","externalkey":"Umweltproduktdeklaration","docpos":"50"},{"download":false,"filename":"Fiche de donn\u00e9es de s\u00e9curit\u00e9","protected":true,"doclang":"FR","externalkey":"Sicherheitsdatenblatt","docpos":"3"}],"einstellungen":null,"background_color":"bg-none","background_color_content":"bg-none"}},"included_in_systems":{"module_included_in_systems":{"":null,"background_color":"bg-gray-medium","background_color_content":"bg-none"}},"contact":{"module_contact":{"":null,"background_color":"bg-none","background_color_content":"bg-none"}},"ausschreibende":{"module_ausschreibende":{"andern_sie_den_inhalt_unter_universelle_elemente":null,"background_color":"bg-none","background_color_content":"bg-none"}}},"yoast_head":"<!-- This site is optimized with the Yoast SEO plugin v27.0 - https:\/\/yoast.com\/product\/yoast-seo-wordpress\/ -->\n<title>Finition de t\u00eate PU 485 Flex sans solvants, stable UV I KLB<\/title>\n<meta name=\"description\" content=\"Finition de t\u00eate PU 485 Flex incolore, stable \u00e0 la lumi\u00e8re I Rev\u00eatements KLB \u2714\ufe0f Effets d\u00e9coratifs m\u00e9talliques, Glitter, sans solvants\" \/>\n<meta name=\"robots\" content=\"noindex, follow, max-snippet:-1, max-image-preview:large, max-video-preview:-1\" \/>\n<meta property=\"og:locale\" content=\"fr_FR\" \/>\n<meta property=\"og:type\" content=\"article\" \/>\n<meta property=\"og:title\" content=\"Finition de t\u00eate PU 485 Flex sans solvants, stable UV I KLB\" \/>\n<meta property=\"og:description\" content=\"Finition de t\u00eate PU 485 Flex incolore, stable \u00e0 la lumi\u00e8re I Rev\u00eatements KLB \u2714\ufe0f Effets d\u00e9coratifs m\u00e9talliques, Glitter, sans solvants\" \/>\n<meta property=\"og:url\" content=\"https:\/\/dev.klb-koetztal.de\/fr\/produkt\/klb-system-polyurethan-pu-485-flex\/\" \/>\n<meta property=\"og:site_name\" content=\"KLB K\u00f6tztal\" \/>\n<meta property=\"article:publisher\" content=\"https:\/\/www.facebook.com\/klbkoetztal\" \/>\n<meta property=\"article:modified_time\" content=\"2026-03-16T13:19:59+00:00\" \/>\n<meta property=\"og:image\" content=\"https:\/\/dev.klb-koetztal.de\/app\/uploads\/2022\/03\/PU_485_Flex-600px_Kombi-KLB.jpg\" \/>\n\t<meta property=\"og:image:width\" content=\"600\" \/>\n\t<meta property=\"og:image:height\" content=\"600\" \/>\n\t<meta property=\"og:image:type\" content=\"image\/jpeg\" \/>\n<meta name=\"twitter:card\" content=\"summary_large_image\" \/>\n<script type=\"application\/ld+json\" class=\"yoast-schema-graph\">{\"@context\":\"https:\/\/schema.org\",\"@graph\":[{\"@type\":\"WebPage\",\"@id\":\"https:\/\/dev.klb-koetztal.de\/fr\/produkt\/klb-system-polyurethan-pu-485-flex\/\",\"url\":\"https:\/\/dev.klb-koetztal.de\/fr\/produkt\/klb-system-polyurethan-pu-485-flex\/\",\"name\":\"Finition de t\u00eate PU 485 Flex sans solvants, stable UV I KLB\",\"isPartOf\":{\"@id\":\"https:\/\/dev.klb-koetztal.de\/fr\/#website\"},\"primaryImageOfPage\":{\"@id\":\"https:\/\/dev.klb-koetztal.de\/fr\/produkt\/klb-system-polyurethan-pu-485-flex\/#primaryimage\"},\"image\":{\"@id\":\"https:\/\/dev.klb-koetztal.de\/fr\/produkt\/klb-system-polyurethan-pu-485-flex\/#primaryimage\"},\"thumbnailUrl\":\"https:\/\/dev.klb-koetztal.de\/app\/uploads\/2022\/03\/PU_485_Flex-600px_Kombi-KLB.jpg\",\"datePublished\":\"2022-03-14T10:23:36+00:00\",\"dateModified\":\"2026-03-16T13:19:59+00:00\",\"description\":\"Finition de t\u00eate PU 485 Flex incolore, stable \u00e0 la lumi\u00e8re I Rev\u00eatements KLB \u2714\ufe0f Effets d\u00e9coratifs m\u00e9talliques, Glitter, sans solvants\",\"breadcrumb\":{\"@id\":\"https:\/\/dev.klb-koetztal.de\/fr\/produkt\/klb-system-polyurethan-pu-485-flex\/#breadcrumb\"},\"inLanguage\":\"fr-FR\",\"potentialAction\":[{\"@type\":\"ReadAction\",\"target\":[\"https:\/\/dev.klb-koetztal.de\/fr\/produkt\/klb-system-polyurethan-pu-485-flex\/\"]}]},{\"@type\":\"ImageObject\",\"inLanguage\":\"fr-FR\",\"@id\":\"https:\/\/dev.klb-koetztal.de\/fr\/produkt\/klb-system-polyurethan-pu-485-flex\/#primaryimage\",\"url\":\"https:\/\/dev.klb-koetztal.de\/app\/uploads\/2022\/03\/PU_485_Flex-600px_Kombi-KLB.jpg\",\"contentUrl\":\"https:\/\/dev.klb-koetztal.de\/app\/uploads\/2022\/03\/PU_485_Flex-600px_Kombi-KLB.jpg\",\"width\":600,\"height\":600},{\"@type\":\"BreadcrumbList\",\"@id\":\"https:\/\/dev.klb-koetztal.de\/fr\/produkt\/klb-system-polyurethan-pu-485-flex\/#breadcrumb\",\"itemListElement\":[{\"@type\":\"ListItem\",\"position\":1,\"name\":\"Startseite\",\"item\":\"https:\/\/dev.klb-koetztal.de\/fr\/\"},{\"@type\":\"ListItem\",\"position\":2,\"name\":\"KLB-SYSTEM POLYURETHAN PU 485 Flex\"}]},{\"@type\":\"WebSite\",\"@id\":\"https:\/\/dev.klb-koetztal.de\/fr\/#website\",\"url\":\"https:\/\/dev.klb-koetztal.de\/fr\/\",\"name\":\"KLB K\u00f6tztal\",\"description\":\"Gute B\u00f6den haben ein System.\",\"potentialAction\":[{\"@type\":\"SearchAction\",\"target\":{\"@type\":\"EntryPoint\",\"urlTemplate\":\"https:\/\/dev.klb-koetztal.de\/fr\/?s={search_term_string}\"},\"query-input\":{\"@type\":\"PropertyValueSpecification\",\"valueRequired\":true,\"valueName\":\"search_term_string\"}}],\"inLanguage\":\"fr-FR\"}]}<\/script>\n<!-- \/ Yoast SEO plugin. -->","yoast_head_json":{"title":"Finition de t\u00eate PU 485 Flex sans solvants, stable UV I KLB","description":"Finition de t\u00eate PU 485 Flex incolore, stable \u00e0 la lumi\u00e8re I Rev\u00eatements KLB \u2714\ufe0f Effets d\u00e9coratifs m\u00e9talliques, Glitter, sans solvants","robots":{"index":"noindex","follow":"follow","max-snippet":"max-snippet:-1","max-image-preview":"max-image-preview:large","max-video-preview":"max-video-preview:-1"},"og_locale":"fr_FR","og_type":"article","og_title":"Finition de t\u00eate PU 485 Flex sans solvants, stable UV I KLB","og_description":"Finition de t\u00eate PU 485 Flex incolore, stable \u00e0 la lumi\u00e8re I Rev\u00eatements KLB \u2714\ufe0f Effets d\u00e9coratifs m\u00e9talliques, Glitter, sans solvants","og_url":"https:\/\/dev.klb-koetztal.de\/fr\/produkt\/klb-system-polyurethan-pu-485-flex\/","og_site_name":"KLB K\u00f6tztal","article_publisher":"https:\/\/www.facebook.com\/klbkoetztal","article_modified_time":"2026-03-16T13:19:59+00:00","og_image":[{"width":600,"height":600,"url":"https:\/\/dev.klb-koetztal.de\/app\/uploads\/2022\/03\/PU_485_Flex-600px_Kombi-KLB.jpg","type":"image\/jpeg"}],"twitter_card":"summary_large_image","schema":{"@context":"https:\/\/schema.org","@graph":[{"@type":"WebPage","@id":"https:\/\/dev.klb-koetztal.de\/fr\/produkt\/klb-system-polyurethan-pu-485-flex\/","url":"https:\/\/dev.klb-koetztal.de\/fr\/produkt\/klb-system-polyurethan-pu-485-flex\/","name":"Finition de t\u00eate PU 485 Flex sans solvants, stable UV I KLB","isPartOf":{"@id":"https:\/\/dev.klb-koetztal.de\/fr\/#website"},"primaryImageOfPage":{"@id":"https:\/\/dev.klb-koetztal.de\/fr\/produkt\/klb-system-polyurethan-pu-485-flex\/#primaryimage"},"image":{"@id":"https:\/\/dev.klb-koetztal.de\/fr\/produkt\/klb-system-polyurethan-pu-485-flex\/#primaryimage"},"thumbnailUrl":"https:\/\/dev.klb-koetztal.de\/app\/uploads\/2022\/03\/PU_485_Flex-600px_Kombi-KLB.jpg","datePublished":"2022-03-14T10:23:36+00:00","dateModified":"2026-03-16T13:19:59+00:00","description":"Finition de t\u00eate PU 485 Flex incolore, stable \u00e0 la lumi\u00e8re I Rev\u00eatements KLB \u2714\ufe0f Effets d\u00e9coratifs m\u00e9talliques, Glitter, sans solvants","breadcrumb":{"@id":"https:\/\/dev.klb-koetztal.de\/fr\/produkt\/klb-system-polyurethan-pu-485-flex\/#breadcrumb"},"inLanguage":"fr-FR","potentialAction":[{"@type":"ReadAction","target":["https:\/\/dev.klb-koetztal.de\/fr\/produkt\/klb-system-polyurethan-pu-485-flex\/"]}]},{"@type":"ImageObject","inLanguage":"fr-FR","@id":"https:\/\/dev.klb-koetztal.de\/fr\/produkt\/klb-system-polyurethan-pu-485-flex\/#primaryimage","url":"https:\/\/dev.klb-koetztal.de\/app\/uploads\/2022\/03\/PU_485_Flex-600px_Kombi-KLB.jpg","contentUrl":"https:\/\/dev.klb-koetztal.de\/app\/uploads\/2022\/03\/PU_485_Flex-600px_Kombi-KLB.jpg","width":600,"height":600},{"@type":"BreadcrumbList","@id":"https:\/\/dev.klb-koetztal.de\/fr\/produkt\/klb-system-polyurethan-pu-485-flex\/#breadcrumb","itemListElement":[{"@type":"ListItem","position":1,"name":"Startseite","item":"https:\/\/dev.klb-koetztal.de\/fr\/"},{"@type":"ListItem","position":2,"name":"KLB-SYSTEM POLYURETHAN PU 485 Flex"}]},{"@type":"WebSite","@id":"https:\/\/dev.klb-koetztal.de\/fr\/#website","url":"https:\/\/dev.klb-koetztal.de\/fr\/","name":"KLB K\u00f6tztal","description":"Gute B\u00f6den haben ein System.","potentialAction":[{"@type":"SearchAction","target":{"@type":"EntryPoint","urlTemplate":"https:\/\/dev.klb-koetztal.de\/fr\/?s={search_term_string}"},"query-input":{"@type":"PropertyValueSpecification","valueRequired":true,"valueName":"search_term_string"}}],"inLanguage":"fr-FR"}]}},"_links":{"self":[{"href":"https:\/\/dev.klb-koetztal.de\/fr\/wp-json\/wp\/v2\/product\/50513","targetHints":{"allow":["GET"]}}],"collection":[{"href":"https:\/\/dev.klb-koetztal.de\/fr\/wp-json\/wp\/v2\/product"}],"about":[{"href":"https:\/\/dev.klb-koetztal.de\/fr\/wp-json\/wp\/v2\/types\/product"}],"wp:featuredmedia":[{"embeddable":true,"href":"https:\/\/dev.klb-koetztal.de\/fr\/wp-json\/wp\/v2\/media\/50514"}],"wp:attachment":[{"href":"https:\/\/dev.klb-koetztal.de\/fr\/wp-json\/wp\/v2\/media?parent=50513"}],"wp:term":[{"taxonomy":"product_brand","embeddable":true,"href":"https:\/\/dev.klb-koetztal.de\/fr\/wp-json\/wp\/v2\/product_brand?post=50513"},{"taxonomy":"product_cat","embeddable":true,"href":"https:\/\/dev.klb-koetztal.de\/fr\/wp-json\/wp\/v2\/product_cat?post=50513"},{"taxonomy":"product_tag","embeddable":true,"href":"https:\/\/dev.klb-koetztal.de\/fr\/wp-json\/wp\/v2\/product_tag?post=50513"}],"curies":[{"name":"wp","href":"https:\/\/api.w.org\/{rel}","templated":true}]}}