{"id":50508,"date":"2022-03-14T11:23:28","date_gmt":"2022-03-14T10:23:28","guid":{"rendered":"https:\/\/dev.klb-koetztal.de\/produkt\/floor-cleaner-ps-350\/"},"modified":"2026-02-25T12:10:42","modified_gmt":"2026-02-25T11:10:42","slug":"floor-cleaner-ps-350","status":"publish","type":"product","link":"https:\/\/dev.klb-koetztal.de\/fr\/produkt\/floor-cleaner-ps-350\/","title":{"rendered":"Floor Cleaner PS 350&#160;"},"content":{"rendered":"","protected":false},"excerpt":{"rendered":"<p>Nettoyant de base sp\u00e9cial pour la pr\u00e9paration et le nettoyage des sols sup\u00e9rieurs avant la r\u00e9novation subs\u00e9quente avec le syst\u00e8me KLB Floor Sealer. Comme produit d\u00e9tergent pour le nettoyage intensif en profondeur sur les sols et rev\u00eatements sup\u00e9rieurs. Convient pour le linol\u00e9um, le PVC ainsi que pour les rev\u00eatements en caoutchouc et \u00e0 poils de caoutchouc ou en r\u00e9sine \u00e9poxy et polyur\u00e9thane.<\/p>\n","protected":false},"featured_media":50509,"template":"","meta":{"_acf_changed":false},"product_brand":[],"product_cat":[10098,10099],"product_tag":[],"class_list":{"0":"post-50508","1":"product","2":"type-product","3":"status-publish","4":"has-post-thumbnail","6":"product_cat-diluants-produits-dentretien-et-detergents","7":"product_cat-diluants-produits-dentretien-et-detergents_produits-dentretien","9":"first","10":"instock","11":"shipping-taxable","12":"product-type-simple"},"acf":{"product_header":{"module_product_header":{"":null,"prototype_headline":{"headline":"Floor Cleaner PS 350&#160;","h1":true,"subheadline":"Pour les sols ou rev\u00eatements sup\u00e9rieurs&#160;et pour la pr\u00e9paration des sols sup\u00e9rieurs \u00e0 la r\u00e9novation avec le syst\u00e8me KLB Floor Sealer","anchor":"","url":""},"grid_text_slider":false,"grid_text_content":[{"text":"<p class=\"product-short-title\" style=\"text-align: center;\"><strong>Br\u00e8ve description<\/strong><\/p>\n<p>Nettoyant de base sp\u00e9cial pour la pr\u00e9paration et le nettoyage des sols sup\u00e9rieurs avant la r\u00e9novation subs\u00e9quente avec le syst\u00e8me KLB Floor Sealer. Comme produit d\u00e9tergent pour le nettoyage intensif en profondeur sur les sols et rev\u00eatements sup\u00e9rieurs. Convient pour le linol\u00e9um, le PVC ainsi que pour les rev\u00eatements en caoutchouc et \u00e0 poils de caoutchouc ou en r\u00e9sine \u00e9poxy et polyur\u00e9thane.<\/p>\n","width":"4","background_color_text":"bg-white","border_color":"border-gray-light"},{"text":"<p class=\"product-sicing-title\" style=\"text-align: center;\"><strong>Unit\u00e9s d'emballage<\/strong><\/p>\n<ul>\n<li>DP7612-50 &#8211; Bidon 10,00 l<\/li>\n<\/ul>\n<p><\/p>\n<p>N&rsquo;h\u00e9sitez pas \u00e0 contacter directement pour toute demande concernant des quantit\u00e9s de livraison ou des unit\u00e9s de conditionnement plus importantes.<\/p>\n\n","width":"4","background_color_text":"bg-white","border_color":"border-gray-light"},{"text":"<p class=\"product-attr-title\" style=\"text-align: center;\"><strong>Propri\u00e9t\u00e9s<\/strong><\/p>\n<ul>\n<li>bon mouillage<\/li>\n<li>utilisation universelle<\/li>\n<\/ul>\n","width":"4","background_color_text":"bg-white","border_color":"border-gray-light"}],"background_color":"bg-none","background_color_content":"bg-none"}},"downloads":{"module_download_list":{"inhalt":null,"downloads":[{"download":{"ID":53149,"id":53149,"title":"Floor_Cleaner_PS_350__PI_fr_2022_10","filename":"Floor_Cleaner_PS_350__PI_fr_2022_10.pdf","filesize":262358,"url":"https:\/\/dev.klb-koetztal.de\/app\/uploads\/2022\/10\/Floor_Cleaner_PS_350__PI_fr_2022_10.pdf","link":"https:\/\/dev.klb-koetztal.de\/fr\/?attachment_id=53149","alt":"","author":"7","description":"","caption":"","name":"floor_cleaner_ps_350__pi_fr_2022_10-2","status":"inherit","uploaded_to":0,"date":"2022-10-06 09:05:56","modified":"2022-10-06 09:05:56","menu_order":0,"mime_type":"application\/pdf","type":"application","subtype":"pdf","icon":"https:\/\/dev.klb-koetztal.de\/wp\/wp-includes\/images\/media\/document.png"},"filename":"Information produit","protected":false,"doclang":"FR","externalkey":"Produktinformation","docpos":"3"},{"download":false,"filename":"Fiche de donn\u00e9es de s\u00e9curit\u00e9","protected":true,"doclang":"FR","externalkey":"Sicherheitsdatenblatt","docpos":"3"}],"einstellungen":null,"background_color":"bg-none","background_color_content":"bg-none"}},"included_in_systems":{"module_included_in_systems":{"":null,"background_color":"bg-gray-medium","background_color_content":"bg-none"}},"contact":{"module_contact":{"":null,"background_color":"bg-none","background_color_content":"bg-none"}},"ausschreibende":{"module_ausschreibende":{"andern_sie_den_inhalt_unter_universelle_elemente":null,"background_color":"bg-none","background_color_content":"bg-none"}}},"yoast_head":"<!-- This site is optimized with the Yoast SEO plugin v27.0 - https:\/\/yoast.com\/product\/yoast-seo-wordpress\/ -->\n<title>Floor Cleaner PS 350&#160;<\/title>\n<meta name=\"description\" content=\"\u2714\ufe0f\" \/>\n<meta name=\"robots\" content=\"noindex, follow, max-snippet:-1, max-image-preview:large, max-video-preview:-1\" \/>\n<meta property=\"og:locale\" content=\"fr_FR\" \/>\n<meta property=\"og:type\" content=\"article\" \/>\n<meta property=\"og:title\" content=\"Floor Cleaner PS 350&#160;\" \/>\n<meta property=\"og:description\" content=\"\u2714\ufe0f\" \/>\n<meta property=\"og:url\" content=\"https:\/\/dev.klb-koetztal.de\/fr\/produkt\/floor-cleaner-ps-350\/\" \/>\n<meta property=\"og:site_name\" content=\"KLB K\u00f6tztal\" \/>\n<meta property=\"article:publisher\" content=\"https:\/\/www.facebook.com\/klbkoetztal\" \/>\n<meta property=\"article:modified_time\" content=\"2026-02-25T11:10:42+00:00\" \/>\n<meta property=\"og:image\" content=\"https:\/\/dev.klb-koetztal.de\/app\/uploads\/2022\/03\/Floor_Cleaner_PS350_Grundreiniger_10kg.jpg\" \/>\n\t<meta property=\"og:image:width\" content=\"500\" \/>\n\t<meta property=\"og:image:height\" content=\"500\" \/>\n\t<meta property=\"og:image:type\" content=\"image\/jpeg\" \/>\n<meta name=\"twitter:card\" content=\"summary_large_image\" \/>\n<script type=\"application\/ld+json\" class=\"yoast-schema-graph\">{\"@context\":\"https:\/\/schema.org\",\"@graph\":[{\"@type\":\"WebPage\",\"@id\":\"https:\/\/dev.klb-koetztal.de\/fr\/produkt\/floor-cleaner-ps-350\/\",\"url\":\"https:\/\/dev.klb-koetztal.de\/fr\/produkt\/floor-cleaner-ps-350\/\",\"name\":\"Floor Cleaner PS 350&#160;\",\"isPartOf\":{\"@id\":\"https:\/\/dev.klb-koetztal.de\/fr\/#website\"},\"primaryImageOfPage\":{\"@id\":\"https:\/\/dev.klb-koetztal.de\/fr\/produkt\/floor-cleaner-ps-350\/#primaryimage\"},\"image\":{\"@id\":\"https:\/\/dev.klb-koetztal.de\/fr\/produkt\/floor-cleaner-ps-350\/#primaryimage\"},\"thumbnailUrl\":\"https:\/\/dev.klb-koetztal.de\/app\/uploads\/2022\/03\/Floor_Cleaner_PS350_Grundreiniger_10kg.jpg\",\"datePublished\":\"2022-03-14T10:23:28+00:00\",\"dateModified\":\"2026-02-25T11:10:42+00:00\",\"description\":\"\u2714\ufe0f\",\"breadcrumb\":{\"@id\":\"https:\/\/dev.klb-koetztal.de\/fr\/produkt\/floor-cleaner-ps-350\/#breadcrumb\"},\"inLanguage\":\"fr-FR\",\"potentialAction\":[{\"@type\":\"ReadAction\",\"target\":[\"https:\/\/dev.klb-koetztal.de\/fr\/produkt\/floor-cleaner-ps-350\/\"]}]},{\"@type\":\"ImageObject\",\"inLanguage\":\"fr-FR\",\"@id\":\"https:\/\/dev.klb-koetztal.de\/fr\/produkt\/floor-cleaner-ps-350\/#primaryimage\",\"url\":\"https:\/\/dev.klb-koetztal.de\/app\/uploads\/2022\/03\/Floor_Cleaner_PS350_Grundreiniger_10kg.jpg\",\"contentUrl\":\"https:\/\/dev.klb-koetztal.de\/app\/uploads\/2022\/03\/Floor_Cleaner_PS350_Grundreiniger_10kg.jpg\",\"width\":500,\"height\":500},{\"@type\":\"BreadcrumbList\",\"@id\":\"https:\/\/dev.klb-koetztal.de\/fr\/produkt\/floor-cleaner-ps-350\/#breadcrumb\",\"itemListElement\":[{\"@type\":\"ListItem\",\"position\":1,\"name\":\"Startseite\",\"item\":\"https:\/\/dev.klb-koetztal.de\/fr\/\"},{\"@type\":\"ListItem\",\"position\":2,\"name\":\"Floor Cleaner PS 350&#160;\"}]},{\"@type\":\"WebSite\",\"@id\":\"https:\/\/dev.klb-koetztal.de\/fr\/#website\",\"url\":\"https:\/\/dev.klb-koetztal.de\/fr\/\",\"name\":\"KLB K\u00f6tztal\",\"description\":\"Gute B\u00f6den haben ein System.\",\"potentialAction\":[{\"@type\":\"SearchAction\",\"target\":{\"@type\":\"EntryPoint\",\"urlTemplate\":\"https:\/\/dev.klb-koetztal.de\/fr\/?s={search_term_string}\"},\"query-input\":{\"@type\":\"PropertyValueSpecification\",\"valueRequired\":true,\"valueName\":\"search_term_string\"}}],\"inLanguage\":\"fr-FR\"}]}<\/script>\n<!-- \/ Yoast SEO plugin. -->","yoast_head_json":{"title":"Floor Cleaner PS 350&#160;","description":"\u2714\ufe0f","robots":{"index":"noindex","follow":"follow","max-snippet":"max-snippet:-1","max-image-preview":"max-image-preview:large","max-video-preview":"max-video-preview:-1"},"og_locale":"fr_FR","og_type":"article","og_title":"Floor Cleaner PS 350&#160;","og_description":"\u2714\ufe0f","og_url":"https:\/\/dev.klb-koetztal.de\/fr\/produkt\/floor-cleaner-ps-350\/","og_site_name":"KLB K\u00f6tztal","article_publisher":"https:\/\/www.facebook.com\/klbkoetztal","article_modified_time":"2026-02-25T11:10:42+00:00","og_image":[{"width":500,"height":500,"url":"https:\/\/dev.klb-koetztal.de\/app\/uploads\/2022\/03\/Floor_Cleaner_PS350_Grundreiniger_10kg.jpg","type":"image\/jpeg"}],"twitter_card":"summary_large_image","schema":{"@context":"https:\/\/schema.org","@graph":[{"@type":"WebPage","@id":"https:\/\/dev.klb-koetztal.de\/fr\/produkt\/floor-cleaner-ps-350\/","url":"https:\/\/dev.klb-koetztal.de\/fr\/produkt\/floor-cleaner-ps-350\/","name":"Floor Cleaner PS 350&#160;","isPartOf":{"@id":"https:\/\/dev.klb-koetztal.de\/fr\/#website"},"primaryImageOfPage":{"@id":"https:\/\/dev.klb-koetztal.de\/fr\/produkt\/floor-cleaner-ps-350\/#primaryimage"},"image":{"@id":"https:\/\/dev.klb-koetztal.de\/fr\/produkt\/floor-cleaner-ps-350\/#primaryimage"},"thumbnailUrl":"https:\/\/dev.klb-koetztal.de\/app\/uploads\/2022\/03\/Floor_Cleaner_PS350_Grundreiniger_10kg.jpg","datePublished":"2022-03-14T10:23:28+00:00","dateModified":"2026-02-25T11:10:42+00:00","description":"\u2714\ufe0f","breadcrumb":{"@id":"https:\/\/dev.klb-koetztal.de\/fr\/produkt\/floor-cleaner-ps-350\/#breadcrumb"},"inLanguage":"fr-FR","potentialAction":[{"@type":"ReadAction","target":["https:\/\/dev.klb-koetztal.de\/fr\/produkt\/floor-cleaner-ps-350\/"]}]},{"@type":"ImageObject","inLanguage":"fr-FR","@id":"https:\/\/dev.klb-koetztal.de\/fr\/produkt\/floor-cleaner-ps-350\/#primaryimage","url":"https:\/\/dev.klb-koetztal.de\/app\/uploads\/2022\/03\/Floor_Cleaner_PS350_Grundreiniger_10kg.jpg","contentUrl":"https:\/\/dev.klb-koetztal.de\/app\/uploads\/2022\/03\/Floor_Cleaner_PS350_Grundreiniger_10kg.jpg","width":500,"height":500},{"@type":"BreadcrumbList","@id":"https:\/\/dev.klb-koetztal.de\/fr\/produkt\/floor-cleaner-ps-350\/#breadcrumb","itemListElement":[{"@type":"ListItem","position":1,"name":"Startseite","item":"https:\/\/dev.klb-koetztal.de\/fr\/"},{"@type":"ListItem","position":2,"name":"Floor Cleaner PS 350&#160;"}]},{"@type":"WebSite","@id":"https:\/\/dev.klb-koetztal.de\/fr\/#website","url":"https:\/\/dev.klb-koetztal.de\/fr\/","name":"KLB K\u00f6tztal","description":"Gute B\u00f6den haben ein System.","potentialAction":[{"@type":"SearchAction","target":{"@type":"EntryPoint","urlTemplate":"https:\/\/dev.klb-koetztal.de\/fr\/?s={search_term_string}"},"query-input":{"@type":"PropertyValueSpecification","valueRequired":true,"valueName":"search_term_string"}}],"inLanguage":"fr-FR"}]}},"_links":{"self":[{"href":"https:\/\/dev.klb-koetztal.de\/fr\/wp-json\/wp\/v2\/product\/50508","targetHints":{"allow":["GET"]}}],"collection":[{"href":"https:\/\/dev.klb-koetztal.de\/fr\/wp-json\/wp\/v2\/product"}],"about":[{"href":"https:\/\/dev.klb-koetztal.de\/fr\/wp-json\/wp\/v2\/types\/product"}],"wp:featuredmedia":[{"embeddable":true,"href":"https:\/\/dev.klb-koetztal.de\/fr\/wp-json\/wp\/v2\/media\/50509"}],"wp:attachment":[{"href":"https:\/\/dev.klb-koetztal.de\/fr\/wp-json\/wp\/v2\/media?parent=50508"}],"wp:term":[{"taxonomy":"product_brand","embeddable":true,"href":"https:\/\/dev.klb-koetztal.de\/fr\/wp-json\/wp\/v2\/product_brand?post=50508"},{"taxonomy":"product_cat","embeddable":true,"href":"https:\/\/dev.klb-koetztal.de\/fr\/wp-json\/wp\/v2\/product_cat?post=50508"},{"taxonomy":"product_tag","embeddable":true,"href":"https:\/\/dev.klb-koetztal.de\/fr\/wp-json\/wp\/v2\/product_tag?post=50508"}],"curies":[{"name":"wp","href":"https:\/\/api.w.org\/{rel}","templated":true}]}}