{"id":50481,"date":"2022-03-14T11:22:40","date_gmt":"2022-03-14T10:22:40","guid":{"rendered":"https:\/\/dev.klb-koetztal.de\/produkt\/klb-system-polyurethan-pu-813-el-esd-r10\/"},"modified":"2026-02-25T12:09:00","modified_gmt":"2026-02-25T11:09:00","slug":"klb-system-polyurethan-pu-813-el-esd-r10","status":"publish","type":"product","link":"https:\/\/dev.klb-koetztal.de\/fr\/produkt\/klb-system-polyurethan-pu-813-el-esd-r10\/","title":{"rendered":"KLB-SYSTEM POLYURETHAN PU 813 EL+\/ESD-R10"},"content":{"rendered":"","protected":false},"excerpt":{"rendered":"<p>Scellement en r\u00e9sine polyur\u00e9thane \u00e0 2 composants, \u00e0 faible \u00e9mission, \u00e9lectro-conducteur, pigment\u00e9&#160;et&#160;respectueux de l&rsquo;environnement pour le scellement des rev\u00eatements dissipateurs en r\u00e9sine \u00e9poxy et polyur\u00e9thane. Convient aux exigences des zones de protection DES, personnelle et EX, \u00e9galement&#160;en cas de changement ult\u00e9rieur d&rsquo;utilisation. Aspect mat de la soie, stable \u00e0 la lumi\u00e8re et avec une bonne r\u00e9sistance aux taches.&#160;Disponible en&#160;la classe de r\u00e9sistance au glissement R10 (convient \u00e9galement dans les zones avec l&rsquo;exigence R9).<\/p>\n","protected":false},"featured_media":59691,"template":"","meta":{"_acf_changed":false},"product_brand":[],"product_cat":[10042,10064,10069,10038,10056],"product_tag":[],"class_list":{"0":"post-50481","1":"product","2":"type-product","3":"status-publish","4":"has-post-thumbnail","6":"product_cat-revetements","7":"product_cat-revetements_revetements-dissipateurs-protection-individuelle-et-antideflagrante","8":"product_cat-revetements_revetements-dissipateurs-pour-la-protection-des","9":"product_cat-scellements-impregnations","10":"product_cat-scellements-impregnations_scellements-en-polyurethane-a-2-composants-emulsionnes-a-leau","12":"first","13":"instock","14":"shipping-taxable","15":"product-type-simple"},"acf":{"product_header":{"module_product_header":{"":null,"prototype_headline":{"headline":"KLB-SYSTEM POLYURETHAN PU 813 EL+\/ESD-R10","h1":true,"subheadline":"Scellement en r\u00e9sine polyur\u00e9thane \u00e0 2 composants, anti-d\u00e9rapant, \u00e9lectro-conducteur, pigment\u00e9, \u00e0 faible \u00e9mission et&#160;respectueux de l'environnement qui convient&#160;aux exigences des zones de protection DES, personnelle et EX.","anchor":"","url":""},"grid_text_slider":false,"grid_text_content":[{"text":"<p class=\"product-short-title\" style=\"text-align: center;\"><strong>Br\u00e8ve description<\/strong><\/p>\n<p>Scellement en r\u00e9sine polyur\u00e9thane \u00e0 2 composants, \u00e0 faible \u00e9mission, \u00e9lectro-conducteur, pigment\u00e9&#160;et&#160;respectueux de l&rsquo;environnement pour le scellement des rev\u00eatements dissipateurs en r\u00e9sine \u00e9poxy et polyur\u00e9thane. Convient aux exigences des zones de protection DES, personnelle et EX, \u00e9galement&#160;en cas de changement ult\u00e9rieur d&rsquo;utilisation. Aspect mat de la soie, stable \u00e0 la lumi\u00e8re et avec une bonne r\u00e9sistance aux taches.&#160;Disponible en&#160;la classe de r\u00e9sistance au glissement R10 (convient \u00e9galement dans les zones avec l&rsquo;exigence R9).<\/p>\n","width":"4","background_color_text":"bg-white","border_color":"border-gray-light"},{"text":"<p class=\"product-sicing-title\" style=\"text-align: center;\"><strong>Unit\u00e9s d'emballage<\/strong><\/p>\n<ul>\n<li>AK6958-95 &#8211; Emballage en kit 1,05 kg<\/li>\n<li>AK6958-40 &#8211; Emballage en kit 10,50 kg<\/li>\n<\/ul>\n<p><\/p>\n<p>N&rsquo;h\u00e9sitez pas \u00e0 contacter directement pour toute demande concernant des quantit\u00e9s de livraison ou des unit\u00e9s de conditionnement plus importantes.<\/p>\n\n","width":"4","background_color_text":"bg-white","border_color":"border-gray-light"},{"text":"<p class=\"product-attr-title\" style=\"text-align: center;\"><strong>Propri\u00e9t\u00e9s<\/strong><\/p>\n<ul>\n<li>\u00e9lectro-dissipateur pour la protection antid\u00e9flagrante<\/li>\n<li>formulation faible en \u00e9missions<\/li>\n<li>respectueux de l&rsquo;environnement<\/li>\n<li>pour des exigences \u00e9lev\u00e9es en mati\u00e8re de protection DES<\/li>\n<li>utilisation simple<\/li>\n<li>bonne adh\u00e9rence interm\u00e9diaire<\/li>\n<li>surface homog\u00e8ne<\/li>\n<li>mat<\/li>\n<li>antid\u00e9rapant<\/li>\n<li>certifi\u00e9 selon EMICODE\u00ae  EC 1PLUS<\/li>\n<\/ul>\n","width":"4","background_color_text":"bg-white","border_color":"border-gray-light"}],"background_color":"bg-none","background_color_content":"bg-none"}},"downloads":{"module_download_list":{"inhalt":null,"downloads":[{"download":{"ID":67390,"id":67390,"title":"PU_813_EL_plus_ESD_R10_PI_fr_2025_09","filename":"PU_813_EL_plus_ESD_R10_PI_fr_2025_09.pdf","filesize":1717847,"url":"https:\/\/dev.klb-koetztal.de\/app\/uploads\/2025\/09\/PU_813_EL_plus_ESD_R10_PI_fr_2025_09.pdf","link":"https:\/\/dev.klb-koetztal.de\/fr\/?attachment_id=67390","alt":"","author":"7","description":"","caption":"","name":"pu_813_el_plus_esd_r10_pi_fr_2025_09-2","status":"inherit","uploaded_to":0,"date":"2025-09-09 07:11:51","modified":"2025-09-09 07:11:51","menu_order":0,"mime_type":"application\/pdf","type":"application","subtype":"pdf","icon":"https:\/\/dev.klb-koetztal.de\/wp\/wp-includes\/images\/media\/document.png"},"filename":"Information produit","protected":false,"doclang":"FR","externalkey":"Produktinformation","docpos":"3"},{"download":{"ID":50442,"id":50442,"title":"Leistungserkl\u00e4rung - Statement of performance","filename":"PU813_ELESD_LE_2021-02.pdf","filesize":179783,"url":"https:\/\/dev.klb-koetztal.de\/app\/uploads\/2022\/03\/PU813_ELESD_LE_2021-02.pdf","link":"https:\/\/dev.klb-koetztal.de\/fr\/?attachment_id=50442","alt":"","author":"7","description":"","caption":"","name":"pu813_elesd_le_2021-02","status":"inherit","uploaded_to":0,"date":"2022-03-14 10:21:13","modified":"2026-02-25 11:09:08","menu_order":0,"mime_type":"application\/pdf","type":"application","subtype":"pdf","icon":"https:\/\/dev.klb-koetztal.de\/wp\/wp-includes\/images\/media\/document.png"},"filename":"D\u00e9claration de performance","protected":false,"doclang":"Multi","externalkey":"Leistungserklaerung","docpos":"50"},{"download":{"ID":51337,"id":51337,"title":"EPD-Information","filename":"PU813EL_ESD_R10_Umwelt-Deklaration_2022-06.pdf","filesize":2557827,"url":"https:\/\/dev.klb-koetztal.de\/app\/uploads\/2022\/06\/PU813EL_ESD_R10_Umwelt-Deklaration_2022-06.pdf","link":"https:\/\/dev.klb-koetztal.de\/fr\/?attachment_id=51337","alt":"","author":"7","description":"","caption":"","name":"pu813el_esd_r10_umwelt-deklaration_2022-06","status":"inherit","uploaded_to":0,"date":"2022-06-30 12:48:40","modified":"2026-02-25 11:09:10","menu_order":0,"mime_type":"application\/pdf","type":"application","subtype":"pdf","icon":"https:\/\/dev.klb-koetztal.de\/wp\/wp-includes\/images\/media\/document.png"},"filename":"D\u00e9clarations de produit environnemental (EPD)","protected":false,"doclang":"Multi","externalkey":"Umweltproduktdeklaration","docpos":"50"},{"download":false,"filename":"Fiche de donn\u00e9es de s\u00e9curit\u00e9","protected":true,"doclang":"FR","externalkey":"Sicherheitsdatenblatt","docpos":"3"}],"einstellungen":null,"background_color":"bg-none","background_color_content":"bg-none"}},"included_in_systems":{"module_included_in_systems":{"":null,"background_color":"bg-gray-medium","background_color_content":"bg-none"}},"contact":{"module_contact":{"":null,"background_color":"bg-none","background_color_content":"bg-none"}},"ausschreibende":{"module_ausschreibende":{"andern_sie_den_inhalt_unter_universelle_elemente":null,"background_color":"bg-none","background_color_content":"bg-none"}}},"yoast_head":"<!-- This site is optimized with the Yoast SEO plugin v27.0 - https:\/\/yoast.com\/product\/yoast-seo-wordpress\/ -->\n<title>Finition PU 813 EL+\/ESD-R10 faible COV, conductrice | KLB K\u00f6tztal<\/title>\n<meta name=\"description\" content=\"Scellement PU 813 EL+\/ESD-R10 bicomp. faible \u00e9missions, conducteur, r\u00e9sistant au jaunissement | KLB rev\u00eatement de sol \u2714\ufe0fDES, personnelle et antid\u00e9flagrante\" \/>\n<meta name=\"robots\" content=\"noindex, follow, max-snippet:-1, max-image-preview:large, max-video-preview:-1\" \/>\n<meta property=\"og:locale\" content=\"fr_FR\" \/>\n<meta property=\"og:type\" content=\"article\" \/>\n<meta property=\"og:title\" content=\"Finition PU 813 EL+\/ESD-R10 faible COV, conductrice | KLB K\u00f6tztal\" \/>\n<meta property=\"og:description\" content=\"Scellement PU 813 EL+\/ESD-R10 bicomp. faible \u00e9missions, conducteur, r\u00e9sistant au jaunissement | KLB rev\u00eatement de sol \u2714\ufe0fDES, personnelle et antid\u00e9flagrante\" \/>\n<meta property=\"og:url\" content=\"https:\/\/dev.klb-koetztal.de\/fr\/produkt\/klb-system-polyurethan-pu-813-el-esd-r10\/\" \/>\n<meta property=\"og:site_name\" content=\"KLB K\u00f6tztal\" \/>\n<meta property=\"article:publisher\" content=\"https:\/\/www.facebook.com\/klbkoetztal\" \/>\n<meta property=\"article:modified_time\" content=\"2026-02-25T11:09:00+00:00\" \/>\n<meta property=\"og:image\" content=\"https:\/\/dev.klb-koetztal.de\/app\/uploads\/2024\/01\/PU_813_EL_ESD_R10_500px_neu.jpg\" \/>\n\t<meta property=\"og:image:width\" content=\"500\" \/>\n\t<meta property=\"og:image:height\" content=\"500\" \/>\n\t<meta property=\"og:image:type\" content=\"image\/jpeg\" \/>\n<meta name=\"twitter:card\" content=\"summary_large_image\" \/>\n<script type=\"application\/ld+json\" class=\"yoast-schema-graph\">{\"@context\":\"https:\/\/schema.org\",\"@graph\":[{\"@type\":\"WebPage\",\"@id\":\"https:\/\/dev.klb-koetztal.de\/fr\/produkt\/klb-system-polyurethan-pu-813-el-esd-r10\/\",\"url\":\"https:\/\/dev.klb-koetztal.de\/fr\/produkt\/klb-system-polyurethan-pu-813-el-esd-r10\/\",\"name\":\"Finition PU 813 EL+\/ESD-R10 faible COV, conductrice | KLB K\u00f6tztal\",\"isPartOf\":{\"@id\":\"https:\/\/dev.klb-koetztal.de\/fr\/#website\"},\"primaryImageOfPage\":{\"@id\":\"https:\/\/dev.klb-koetztal.de\/fr\/produkt\/klb-system-polyurethan-pu-813-el-esd-r10\/#primaryimage\"},\"image\":{\"@id\":\"https:\/\/dev.klb-koetztal.de\/fr\/produkt\/klb-system-polyurethan-pu-813-el-esd-r10\/#primaryimage\"},\"thumbnailUrl\":\"https:\/\/dev.klb-koetztal.de\/app\/uploads\/2024\/01\/PU_813_EL_ESD_R10_500px_neu.jpg\",\"datePublished\":\"2022-03-14T10:22:40+00:00\",\"dateModified\":\"2026-02-25T11:09:00+00:00\",\"description\":\"Scellement PU 813 EL+\/ESD-R10 bicomp. faible \u00e9missions, conducteur, r\u00e9sistant au jaunissement | KLB rev\u00eatement de sol \u2714\ufe0fDES, personnelle et antid\u00e9flagrante\",\"breadcrumb\":{\"@id\":\"https:\/\/dev.klb-koetztal.de\/fr\/produkt\/klb-system-polyurethan-pu-813-el-esd-r10\/#breadcrumb\"},\"inLanguage\":\"fr-FR\",\"potentialAction\":[{\"@type\":\"ReadAction\",\"target\":[\"https:\/\/dev.klb-koetztal.de\/fr\/produkt\/klb-system-polyurethan-pu-813-el-esd-r10\/\"]}]},{\"@type\":\"ImageObject\",\"inLanguage\":\"fr-FR\",\"@id\":\"https:\/\/dev.klb-koetztal.de\/fr\/produkt\/klb-system-polyurethan-pu-813-el-esd-r10\/#primaryimage\",\"url\":\"https:\/\/dev.klb-koetztal.de\/app\/uploads\/2024\/01\/PU_813_EL_ESD_R10_500px_neu.jpg\",\"contentUrl\":\"https:\/\/dev.klb-koetztal.de\/app\/uploads\/2024\/01\/PU_813_EL_ESD_R10_500px_neu.jpg\",\"width\":500,\"height\":500},{\"@type\":\"BreadcrumbList\",\"@id\":\"https:\/\/dev.klb-koetztal.de\/fr\/produkt\/klb-system-polyurethan-pu-813-el-esd-r10\/#breadcrumb\",\"itemListElement\":[{\"@type\":\"ListItem\",\"position\":1,\"name\":\"Startseite\",\"item\":\"https:\/\/dev.klb-koetztal.de\/fr\/\"},{\"@type\":\"ListItem\",\"position\":2,\"name\":\"KLB-SYSTEM POLYURETHAN PU 813 EL+\/ESD-R10\"}]},{\"@type\":\"WebSite\",\"@id\":\"https:\/\/dev.klb-koetztal.de\/fr\/#website\",\"url\":\"https:\/\/dev.klb-koetztal.de\/fr\/\",\"name\":\"KLB K\u00f6tztal\",\"description\":\"Gute B\u00f6den haben ein System.\",\"potentialAction\":[{\"@type\":\"SearchAction\",\"target\":{\"@type\":\"EntryPoint\",\"urlTemplate\":\"https:\/\/dev.klb-koetztal.de\/fr\/?s={search_term_string}\"},\"query-input\":{\"@type\":\"PropertyValueSpecification\",\"valueRequired\":true,\"valueName\":\"search_term_string\"}}],\"inLanguage\":\"fr-FR\"}]}<\/script>\n<!-- \/ Yoast SEO plugin. -->","yoast_head_json":{"title":"Finition PU 813 EL+\/ESD-R10 faible COV, conductrice | KLB K\u00f6tztal","description":"Scellement PU 813 EL+\/ESD-R10 bicomp. faible \u00e9missions, conducteur, r\u00e9sistant au jaunissement | KLB rev\u00eatement de sol \u2714\ufe0fDES, personnelle et antid\u00e9flagrante","robots":{"index":"noindex","follow":"follow","max-snippet":"max-snippet:-1","max-image-preview":"max-image-preview:large","max-video-preview":"max-video-preview:-1"},"og_locale":"fr_FR","og_type":"article","og_title":"Finition PU 813 EL+\/ESD-R10 faible COV, conductrice | KLB K\u00f6tztal","og_description":"Scellement PU 813 EL+\/ESD-R10 bicomp. faible \u00e9missions, conducteur, r\u00e9sistant au jaunissement | KLB rev\u00eatement de sol \u2714\ufe0fDES, personnelle et antid\u00e9flagrante","og_url":"https:\/\/dev.klb-koetztal.de\/fr\/produkt\/klb-system-polyurethan-pu-813-el-esd-r10\/","og_site_name":"KLB K\u00f6tztal","article_publisher":"https:\/\/www.facebook.com\/klbkoetztal","article_modified_time":"2026-02-25T11:09:00+00:00","og_image":[{"width":500,"height":500,"url":"https:\/\/dev.klb-koetztal.de\/app\/uploads\/2024\/01\/PU_813_EL_ESD_R10_500px_neu.jpg","type":"image\/jpeg"}],"twitter_card":"summary_large_image","schema":{"@context":"https:\/\/schema.org","@graph":[{"@type":"WebPage","@id":"https:\/\/dev.klb-koetztal.de\/fr\/produkt\/klb-system-polyurethan-pu-813-el-esd-r10\/","url":"https:\/\/dev.klb-koetztal.de\/fr\/produkt\/klb-system-polyurethan-pu-813-el-esd-r10\/","name":"Finition PU 813 EL+\/ESD-R10 faible COV, conductrice | KLB K\u00f6tztal","isPartOf":{"@id":"https:\/\/dev.klb-koetztal.de\/fr\/#website"},"primaryImageOfPage":{"@id":"https:\/\/dev.klb-koetztal.de\/fr\/produkt\/klb-system-polyurethan-pu-813-el-esd-r10\/#primaryimage"},"image":{"@id":"https:\/\/dev.klb-koetztal.de\/fr\/produkt\/klb-system-polyurethan-pu-813-el-esd-r10\/#primaryimage"},"thumbnailUrl":"https:\/\/dev.klb-koetztal.de\/app\/uploads\/2024\/01\/PU_813_EL_ESD_R10_500px_neu.jpg","datePublished":"2022-03-14T10:22:40+00:00","dateModified":"2026-02-25T11:09:00+00:00","description":"Scellement PU 813 EL+\/ESD-R10 bicomp. faible \u00e9missions, conducteur, r\u00e9sistant au jaunissement | KLB rev\u00eatement de sol \u2714\ufe0fDES, personnelle et antid\u00e9flagrante","breadcrumb":{"@id":"https:\/\/dev.klb-koetztal.de\/fr\/produkt\/klb-system-polyurethan-pu-813-el-esd-r10\/#breadcrumb"},"inLanguage":"fr-FR","potentialAction":[{"@type":"ReadAction","target":["https:\/\/dev.klb-koetztal.de\/fr\/produkt\/klb-system-polyurethan-pu-813-el-esd-r10\/"]}]},{"@type":"ImageObject","inLanguage":"fr-FR","@id":"https:\/\/dev.klb-koetztal.de\/fr\/produkt\/klb-system-polyurethan-pu-813-el-esd-r10\/#primaryimage","url":"https:\/\/dev.klb-koetztal.de\/app\/uploads\/2024\/01\/PU_813_EL_ESD_R10_500px_neu.jpg","contentUrl":"https:\/\/dev.klb-koetztal.de\/app\/uploads\/2024\/01\/PU_813_EL_ESD_R10_500px_neu.jpg","width":500,"height":500},{"@type":"BreadcrumbList","@id":"https:\/\/dev.klb-koetztal.de\/fr\/produkt\/klb-system-polyurethan-pu-813-el-esd-r10\/#breadcrumb","itemListElement":[{"@type":"ListItem","position":1,"name":"Startseite","item":"https:\/\/dev.klb-koetztal.de\/fr\/"},{"@type":"ListItem","position":2,"name":"KLB-SYSTEM POLYURETHAN PU 813 EL+\/ESD-R10"}]},{"@type":"WebSite","@id":"https:\/\/dev.klb-koetztal.de\/fr\/#website","url":"https:\/\/dev.klb-koetztal.de\/fr\/","name":"KLB K\u00f6tztal","description":"Gute B\u00f6den haben ein System.","potentialAction":[{"@type":"SearchAction","target":{"@type":"EntryPoint","urlTemplate":"https:\/\/dev.klb-koetztal.de\/fr\/?s={search_term_string}"},"query-input":{"@type":"PropertyValueSpecification","valueRequired":true,"valueName":"search_term_string"}}],"inLanguage":"fr-FR"}]}},"_links":{"self":[{"href":"https:\/\/dev.klb-koetztal.de\/fr\/wp-json\/wp\/v2\/product\/50481","targetHints":{"allow":["GET"]}}],"collection":[{"href":"https:\/\/dev.klb-koetztal.de\/fr\/wp-json\/wp\/v2\/product"}],"about":[{"href":"https:\/\/dev.klb-koetztal.de\/fr\/wp-json\/wp\/v2\/types\/product"}],"wp:featuredmedia":[{"embeddable":true,"href":"https:\/\/dev.klb-koetztal.de\/fr\/wp-json\/wp\/v2\/media\/59691"}],"wp:attachment":[{"href":"https:\/\/dev.klb-koetztal.de\/fr\/wp-json\/wp\/v2\/media?parent=50481"}],"wp:term":[{"taxonomy":"product_brand","embeddable":true,"href":"https:\/\/dev.klb-koetztal.de\/fr\/wp-json\/wp\/v2\/product_brand?post=50481"},{"taxonomy":"product_cat","embeddable":true,"href":"https:\/\/dev.klb-koetztal.de\/fr\/wp-json\/wp\/v2\/product_cat?post=50481"},{"taxonomy":"product_tag","embeddable":true,"href":"https:\/\/dev.klb-koetztal.de\/fr\/wp-json\/wp\/v2\/product_tag?post=50481"}],"curies":[{"name":"wp","href":"https:\/\/api.w.org\/{rel}","templated":true}]}}