{"id":50463,"date":"2022-03-14T11:21:53","date_gmt":"2022-03-14T10:21:53","guid":{"rendered":"https:\/\/dev.klb-koetztal.de\/produkt\/klb-system-pu-beton-4011-grip\/"},"modified":"2024-08-14T12:01:06","modified_gmt":"2024-08-14T10:01:06","slug":"klb-system-pu-beton-4011-grip","status":"publish","type":"product","link":"https:\/\/dev.klb-koetztal.de\/fr\/produkt\/klb-system-pu-beton-4011-grip\/","title":{"rendered":"KLB-SYSTEM PU-BETON 4011 Grip"},"content":{"rendered":"","protected":false},"excerpt":{"rendered":"<p>Rev\u00eatement PU-BETON en polyur\u00e9thane \u00e0 3 composants de haute qualit\u00e9 et applicable au rouleau&#160;dans une \u00e9paisseur de 9&#160;mm&#160;pour les surfaces de sol fortement sollicit\u00e9es dans&#160;l&rsquo;industrie alimentaire. Convient aux zones humides qui sont expos\u00e9es \u00e0 l&rsquo;eau et aux produits chimiques. Le produit permet d&rsquo;obtenir une surface antid\u00e9rapante test\u00e9e (niveau de r\u00e9sistance au glissement R 11).<br \/>\nDisponible dans les couleurs beige, gris, vert et rouge.<\/p>\n","protected":false},"featured_media":51712,"template":"","meta":{"_acf_changed":false},"product_brand":[],"product_cat":[10042,10118],"product_tag":[],"class_list":{"0":"post-50463","1":"product","2":"type-product","3":"status-publish","4":"has-post-thumbnail","6":"product_cat-revetements","7":"product_cat-revetements_revetements-couches-de-fonds-et-de-scellement-en-beton-polyurethane","9":"first","10":"instock","11":"shipping-taxable","12":"product-type-simple"},"acf":{"product_header":{"module_product_header":{"":null,"prototype_headline":{"headline":"KLB-SYSTEM PU-BETON 4011 Grip","h1":true,"subheadline":"Rev\u00eatement mortier en polyur\u00e9thane \u00e0 3 composants antid\u00e9rapant avec une capacit\u00e9 de charge \u00e9lev\u00e9e","anchor":"","url":""},"grid_text_slider":false,"grid_text_content":[{"text":"<p class=\"product-short-title\" style=\"text-align: center;\"><strong>Br\u00e8ve description<\/strong><\/p>\n<p>Rev\u00eatement PU-BETON en polyur\u00e9thane \u00e0 3 composants de haute qualit\u00e9 et applicable au rouleau&#160;dans une \u00e9paisseur de 9&#160;mm&#160;pour les surfaces de sol fortement sollicit\u00e9es dans&#160;l&rsquo;industrie alimentaire. Convient aux zones humides qui sont expos\u00e9es \u00e0 l&rsquo;eau et aux produits chimiques. Le produit permet d&rsquo;obtenir une surface antid\u00e9rapante test\u00e9e (niveau de r\u00e9sistance au glissement R 11).<\/p>\n<p>Disponible dans les couleurs beige, gris, vert et rouge.<\/p>\n","width":"4","background_color_text":"bg-white","border_color":"border-gray-light"},{"text":"<p class=\"product-sicing-title\" style=\"text-align: center;\"><strong>Unit\u00e9s d'emballage<\/strong><\/p>\n<ul>\n<li>AK6311-31 &#8211; Emballage en kit 34,50 kg<\/li>\n<li>AK6311-40 &#8211; Emballage en kit 69,00 kg<\/li>\n<\/ul>\n<p><\/p>\n<p>N&rsquo;h\u00e9sitez pas \u00e0 contacter directement pour toute demande concernant des quantit\u00e9s de livraison ou des unit\u00e9s de conditionnement plus importantes.<\/p>\n\n","width":"4","background_color_text":"bg-white","border_color":"border-gray-light"},{"text":"<p class=\"product-attr-title\" style=\"text-align: center;\"><strong>Propri\u00e9t\u00e9s<\/strong><\/p>\n<ul>\n<li>Composant du syst\u00e8me PU-Beton<\/li>\n<li>Applicable \u00e0 la raclette<\/li>\n<li>Autolissant<\/li>\n<li>R\u00e9sistant aux chocs<\/li>\n<li>Antid\u00e9rapant<\/li>\n<li>R\u00e9sistant \u00e0 l&rsquo;eau chaude<\/li>\n<li>Bonne r\u00e9sistance chimique<\/li>\n<li>R\u00e9sistant aux contraintes m\u00e9caniques importantes<\/li>\n<li>Rev\u00eatement sans joint<\/li>\n<li>Hygi\u00e9nique<\/li>\n<li>Disponible en plusieurs teintes<\/li>\n<\/ul>\n","width":"4","background_color_text":"bg-white","border_color":"border-gray-light"}],"background_color":"bg-none","background_color_content":"bg-none"}},"downloads":{"module_download_list":{"inhalt":null,"downloads":[{"download":{"ID":53380,"id":53380,"title":"PU-BETON_4011_Grip_PI_fr_2022_10","filename":"PU-BETON_4011_Grip_PI_fr_2022_10.pdf","filesize":377385,"url":"https:\/\/dev.klb-koetztal.de\/app\/uploads\/2022\/10\/PU-BETON_4011_Grip_PI_fr_2022_10.pdf","link":"https:\/\/dev.klb-koetztal.de\/fr\/?attachment_id=53380","alt":"","author":"7","description":"","caption":"","name":"pu-beton_4011_grip_pi_fr_2022_10-2","status":"inherit","uploaded_to":0,"date":"2022-10-13 10:56:02","modified":"2022-10-13 10:56:02","menu_order":0,"mime_type":"application\/pdf","type":"application","subtype":"pdf","icon":"https:\/\/dev.klb-koetztal.de\/wp\/wp-includes\/images\/media\/document.png"},"filename":"","protected":false,"doclang":"FR","externalkey":"Produktinformation","docpos":"3"},{"download":{"ID":50465,"id":50465,"title":"Leistungserkl\u00e4rung - Statement of performance","filename":"PU-BETON4011_LE_2021-03.pdf","filesize":202534,"url":"https:\/\/dev.klb-koetztal.de\/app\/uploads\/2022\/03\/PU-BETON4011_LE_2021-03.pdf","link":"https:\/\/dev.klb-koetztal.de\/fr\/?attachment_id=50465","alt":"","author":"7","description":"","caption":"","name":"pu-beton4011_le_2021-03","status":"inherit","uploaded_to":0,"date":"2022-03-14 10:21:57","modified":"2024-08-14 10:01:11","menu_order":0,"mime_type":"application\/pdf","type":"application","subtype":"pdf","icon":"https:\/\/dev.klb-koetztal.de\/wp\/wp-includes\/images\/media\/document.png"},"filename":"","protected":false,"doclang":"Multi","externalkey":"Leistungserklaerung","docpos":"50"},{"download":{"ID":51323,"id":51323,"title":"EPD-Information","filename":"PU-BETON4011_Grip_Umwelt-Deklaration_2022-06.pdf","filesize":2561294,"url":"https:\/\/dev.klb-koetztal.de\/app\/uploads\/2022\/06\/PU-BETON4011_Grip_Umwelt-Deklaration_2022-06.pdf","link":"https:\/\/dev.klb-koetztal.de\/fr\/?attachment_id=51323","alt":"","author":"7","description":"","caption":"","name":"pu-beton4011_grip_umwelt-deklaration_2022-06","status":"inherit","uploaded_to":0,"date":"2022-06-30 12:38:29","modified":"2024-08-14 10:01:21","menu_order":0,"mime_type":"application\/pdf","type":"application","subtype":"pdf","icon":"https:\/\/dev.klb-koetztal.de\/wp\/wp-includes\/images\/media\/document.png"},"filename":"","protected":false,"doclang":"Multi","externalkey":"Umweltproduktdeklaration","docpos":"50"},{"download":false,"filename":"Fiche de donn\u00e9es de s\u00e9curit\u00e9","protected":true,"doclang":"FR","externalkey":"Sicherheitsdatenblatt","docpos":"3"}],"einstellungen":null,"background_color":"bg-none","background_color_content":"bg-none"}},"included_in_systems":{"module_included_in_systems":{"":null,"background_color":"bg-gray-medium","background_color_content":"bg-none"}},"contact":{"module_contact":{"":null,"background_color":"bg-none","background_color_content":"bg-none"}},"ausschreibende":{"module_ausschreibende":{"andern_sie_den_inhalt_unter_universelle_elemente":null,"background_color":"bg-none","background_color_content":"bg-none"}}},"yoast_head":"<!-- This site is optimized with the Yoast SEO plugin v27.0 - https:\/\/yoast.com\/product\/yoast-seo-wordpress\/ -->\n<title>Rev\u00eatement PU-BETON 4011 antid\u00e9rapant, tr\u00e8s r\u00e9silient | KLB<\/title>\n<meta name=\"description\" content=\"Rev\u00eatement mortier PU-BETON 4011 Grip r\u00e9sistant \u00e0 l&#039;eau chaude, aux produits chimiques et \u00e0 l&#039;usure pour le rouleau | KLB sols \u2714\ufe0fantid\u00e9rapance en R11\" \/>\n<meta name=\"robots\" content=\"noindex, follow, max-snippet:-1, max-image-preview:large, max-video-preview:-1\" \/>\n<meta property=\"og:locale\" content=\"fr_FR\" \/>\n<meta property=\"og:type\" content=\"article\" \/>\n<meta property=\"og:title\" content=\"Rev\u00eatement PU-BETON 4011 antid\u00e9rapant, tr\u00e8s r\u00e9silient | KLB\" \/>\n<meta property=\"og:description\" content=\"Rev\u00eatement mortier PU-BETON 4011 Grip r\u00e9sistant \u00e0 l&#039;eau chaude, aux produits chimiques et \u00e0 l&#039;usure pour le rouleau | KLB sols \u2714\ufe0fantid\u00e9rapance en R11\" \/>\n<meta property=\"og:url\" content=\"https:\/\/dev.klb-koetztal.de\/fr\/produkt\/klb-system-pu-beton-4011-grip\/\" \/>\n<meta property=\"og:site_name\" content=\"KLB K\u00f6tztal\" \/>\n<meta property=\"article:publisher\" content=\"https:\/\/www.facebook.com\/klbkoetztal\" \/>\n<meta property=\"article:modified_time\" content=\"2024-08-14T10:01:06+00:00\" \/>\n<meta property=\"og:image\" content=\"https:\/\/dev.klb-koetztal.de\/app\/uploads\/2022\/08\/PU-BETON-4011-Grip_neu_600px.jpg\" \/>\n\t<meta property=\"og:image:width\" content=\"600\" \/>\n\t<meta property=\"og:image:height\" content=\"600\" \/>\n\t<meta property=\"og:image:type\" content=\"image\/jpeg\" \/>\n<meta name=\"twitter:card\" content=\"summary_large_image\" \/>\n<script type=\"application\/ld+json\" class=\"yoast-schema-graph\">{\"@context\":\"https:\/\/schema.org\",\"@graph\":[{\"@type\":\"WebPage\",\"@id\":\"https:\/\/dev.klb-koetztal.de\/fr\/produkt\/klb-system-pu-beton-4011-grip\/\",\"url\":\"https:\/\/dev.klb-koetztal.de\/fr\/produkt\/klb-system-pu-beton-4011-grip\/\",\"name\":\"Rev\u00eatement PU-BETON 4011 antid\u00e9rapant, tr\u00e8s r\u00e9silient | KLB\",\"isPartOf\":{\"@id\":\"https:\/\/dev.klb-koetztal.de\/fr\/#website\"},\"primaryImageOfPage\":{\"@id\":\"https:\/\/dev.klb-koetztal.de\/fr\/produkt\/klb-system-pu-beton-4011-grip\/#primaryimage\"},\"image\":{\"@id\":\"https:\/\/dev.klb-koetztal.de\/fr\/produkt\/klb-system-pu-beton-4011-grip\/#primaryimage\"},\"thumbnailUrl\":\"https:\/\/dev.klb-koetztal.de\/app\/uploads\/2022\/08\/PU-BETON-4011-Grip_neu_600px.jpg\",\"datePublished\":\"2022-03-14T10:21:53+00:00\",\"dateModified\":\"2024-08-14T10:01:06+00:00\",\"description\":\"Rev\u00eatement mortier PU-BETON 4011 Grip r\u00e9sistant \u00e0 l'eau chaude, aux produits chimiques et \u00e0 l'usure pour le rouleau | KLB sols \u2714\ufe0fantid\u00e9rapance en R11\",\"breadcrumb\":{\"@id\":\"https:\/\/dev.klb-koetztal.de\/fr\/produkt\/klb-system-pu-beton-4011-grip\/#breadcrumb\"},\"inLanguage\":\"fr-FR\",\"potentialAction\":[{\"@type\":\"ReadAction\",\"target\":[\"https:\/\/dev.klb-koetztal.de\/fr\/produkt\/klb-system-pu-beton-4011-grip\/\"]}]},{\"@type\":\"ImageObject\",\"inLanguage\":\"fr-FR\",\"@id\":\"https:\/\/dev.klb-koetztal.de\/fr\/produkt\/klb-system-pu-beton-4011-grip\/#primaryimage\",\"url\":\"https:\/\/dev.klb-koetztal.de\/app\/uploads\/2022\/08\/PU-BETON-4011-Grip_neu_600px.jpg\",\"contentUrl\":\"https:\/\/dev.klb-koetztal.de\/app\/uploads\/2022\/08\/PU-BETON-4011-Grip_neu_600px.jpg\",\"width\":600,\"height\":600},{\"@type\":\"BreadcrumbList\",\"@id\":\"https:\/\/dev.klb-koetztal.de\/fr\/produkt\/klb-system-pu-beton-4011-grip\/#breadcrumb\",\"itemListElement\":[{\"@type\":\"ListItem\",\"position\":1,\"name\":\"Startseite\",\"item\":\"https:\/\/dev.klb-koetztal.de\/fr\/\"},{\"@type\":\"ListItem\",\"position\":2,\"name\":\"KLB-SYSTEM PU-BETON 4011 Grip\"}]},{\"@type\":\"WebSite\",\"@id\":\"https:\/\/dev.klb-koetztal.de\/fr\/#website\",\"url\":\"https:\/\/dev.klb-koetztal.de\/fr\/\",\"name\":\"KLB K\u00f6tztal\",\"description\":\"Gute B\u00f6den haben ein System.\",\"potentialAction\":[{\"@type\":\"SearchAction\",\"target\":{\"@type\":\"EntryPoint\",\"urlTemplate\":\"https:\/\/dev.klb-koetztal.de\/fr\/?s={search_term_string}\"},\"query-input\":{\"@type\":\"PropertyValueSpecification\",\"valueRequired\":true,\"valueName\":\"search_term_string\"}}],\"inLanguage\":\"fr-FR\"}]}<\/script>\n<!-- \/ Yoast SEO plugin. -->","yoast_head_json":{"title":"Rev\u00eatement PU-BETON 4011 antid\u00e9rapant, tr\u00e8s r\u00e9silient | KLB","description":"Rev\u00eatement mortier PU-BETON 4011 Grip r\u00e9sistant \u00e0 l'eau chaude, aux produits chimiques et \u00e0 l'usure pour le rouleau | KLB sols \u2714\ufe0fantid\u00e9rapance en R11","robots":{"index":"noindex","follow":"follow","max-snippet":"max-snippet:-1","max-image-preview":"max-image-preview:large","max-video-preview":"max-video-preview:-1"},"og_locale":"fr_FR","og_type":"article","og_title":"Rev\u00eatement PU-BETON 4011 antid\u00e9rapant, tr\u00e8s r\u00e9silient | KLB","og_description":"Rev\u00eatement mortier PU-BETON 4011 Grip r\u00e9sistant \u00e0 l'eau chaude, aux produits chimiques et \u00e0 l'usure pour le rouleau | KLB sols \u2714\ufe0fantid\u00e9rapance en R11","og_url":"https:\/\/dev.klb-koetztal.de\/fr\/produkt\/klb-system-pu-beton-4011-grip\/","og_site_name":"KLB K\u00f6tztal","article_publisher":"https:\/\/www.facebook.com\/klbkoetztal","article_modified_time":"2024-08-14T10:01:06+00:00","og_image":[{"width":600,"height":600,"url":"https:\/\/dev.klb-koetztal.de\/app\/uploads\/2022\/08\/PU-BETON-4011-Grip_neu_600px.jpg","type":"image\/jpeg"}],"twitter_card":"summary_large_image","schema":{"@context":"https:\/\/schema.org","@graph":[{"@type":"WebPage","@id":"https:\/\/dev.klb-koetztal.de\/fr\/produkt\/klb-system-pu-beton-4011-grip\/","url":"https:\/\/dev.klb-koetztal.de\/fr\/produkt\/klb-system-pu-beton-4011-grip\/","name":"Rev\u00eatement PU-BETON 4011 antid\u00e9rapant, tr\u00e8s r\u00e9silient | KLB","isPartOf":{"@id":"https:\/\/dev.klb-koetztal.de\/fr\/#website"},"primaryImageOfPage":{"@id":"https:\/\/dev.klb-koetztal.de\/fr\/produkt\/klb-system-pu-beton-4011-grip\/#primaryimage"},"image":{"@id":"https:\/\/dev.klb-koetztal.de\/fr\/produkt\/klb-system-pu-beton-4011-grip\/#primaryimage"},"thumbnailUrl":"https:\/\/dev.klb-koetztal.de\/app\/uploads\/2022\/08\/PU-BETON-4011-Grip_neu_600px.jpg","datePublished":"2022-03-14T10:21:53+00:00","dateModified":"2024-08-14T10:01:06+00:00","description":"Rev\u00eatement mortier PU-BETON 4011 Grip r\u00e9sistant \u00e0 l'eau chaude, aux produits chimiques et \u00e0 l'usure pour le rouleau | KLB sols \u2714\ufe0fantid\u00e9rapance en R11","breadcrumb":{"@id":"https:\/\/dev.klb-koetztal.de\/fr\/produkt\/klb-system-pu-beton-4011-grip\/#breadcrumb"},"inLanguage":"fr-FR","potentialAction":[{"@type":"ReadAction","target":["https:\/\/dev.klb-koetztal.de\/fr\/produkt\/klb-system-pu-beton-4011-grip\/"]}]},{"@type":"ImageObject","inLanguage":"fr-FR","@id":"https:\/\/dev.klb-koetztal.de\/fr\/produkt\/klb-system-pu-beton-4011-grip\/#primaryimage","url":"https:\/\/dev.klb-koetztal.de\/app\/uploads\/2022\/08\/PU-BETON-4011-Grip_neu_600px.jpg","contentUrl":"https:\/\/dev.klb-koetztal.de\/app\/uploads\/2022\/08\/PU-BETON-4011-Grip_neu_600px.jpg","width":600,"height":600},{"@type":"BreadcrumbList","@id":"https:\/\/dev.klb-koetztal.de\/fr\/produkt\/klb-system-pu-beton-4011-grip\/#breadcrumb","itemListElement":[{"@type":"ListItem","position":1,"name":"Startseite","item":"https:\/\/dev.klb-koetztal.de\/fr\/"},{"@type":"ListItem","position":2,"name":"KLB-SYSTEM PU-BETON 4011 Grip"}]},{"@type":"WebSite","@id":"https:\/\/dev.klb-koetztal.de\/fr\/#website","url":"https:\/\/dev.klb-koetztal.de\/fr\/","name":"KLB K\u00f6tztal","description":"Gute B\u00f6den haben ein System.","potentialAction":[{"@type":"SearchAction","target":{"@type":"EntryPoint","urlTemplate":"https:\/\/dev.klb-koetztal.de\/fr\/?s={search_term_string}"},"query-input":{"@type":"PropertyValueSpecification","valueRequired":true,"valueName":"search_term_string"}}],"inLanguage":"fr-FR"}]}},"_links":{"self":[{"href":"https:\/\/dev.klb-koetztal.de\/fr\/wp-json\/wp\/v2\/product\/50463","targetHints":{"allow":["GET"]}}],"collection":[{"href":"https:\/\/dev.klb-koetztal.de\/fr\/wp-json\/wp\/v2\/product"}],"about":[{"href":"https:\/\/dev.klb-koetztal.de\/fr\/wp-json\/wp\/v2\/types\/product"}],"wp:featuredmedia":[{"embeddable":true,"href":"https:\/\/dev.klb-koetztal.de\/fr\/wp-json\/wp\/v2\/media\/51712"}],"wp:attachment":[{"href":"https:\/\/dev.klb-koetztal.de\/fr\/wp-json\/wp\/v2\/media?parent=50463"}],"wp:term":[{"taxonomy":"product_brand","embeddable":true,"href":"https:\/\/dev.klb-koetztal.de\/fr\/wp-json\/wp\/v2\/product_brand?post=50463"},{"taxonomy":"product_cat","embeddable":true,"href":"https:\/\/dev.klb-koetztal.de\/fr\/wp-json\/wp\/v2\/product_cat?post=50463"},{"taxonomy":"product_tag","embeddable":true,"href":"https:\/\/dev.klb-koetztal.de\/fr\/wp-json\/wp\/v2\/product_tag?post=50463"}],"curies":[{"name":"wp","href":"https:\/\/api.w.org\/{rel}","templated":true}]}}