{"id":50435,"date":"2022-03-14T11:21:01","date_gmt":"2022-03-14T10:21:01","guid":{"rendered":"https:\/\/dev.klb-koetztal.de\/produkt\/klb-system-polyurethan-pu-424\/"},"modified":"2026-02-26T13:20:46","modified_gmt":"2026-02-26T12:20:46","slug":"klb-system-polyurethan-pu-424","status":"publish","type":"product","link":"https:\/\/dev.klb-koetztal.de\/fr\/produkt\/klb-system-polyurethan-pu-424\/","title":{"rendered":"KLB-SYSTEM POLYURETHAN PU 424"},"content":{"rendered":"","protected":false},"excerpt":{"rendered":"<p>Liant en polyur\u00e9thane \u00e0 2 composants, \u00e0 faible \u00e9mission et&#160;pigment\u00e9 pour la fabrication de&#160;surfaces \u00e9lastiques, saupoudr\u00e9es de sable color\u00e9 et antid\u00e9rapantes. Composant du syst\u00e8me et couche de soutien pour les rev\u00eatements de cuisine \u00e0 faible \u00e9mission. Test\u00e9 dans le syst\u00e8me avec un pontage de fissures de 0,5 mm. Convient aux&#160;salles de s\u00e9jour. Certifi\u00e9 par Eurofins \u00ab Indoor Air Comfort Gold \u00bb comme \u00e9tant particuli\u00e8rement faible en \u00e9missions.<\/p>\n","protected":false},"featured_media":50436,"template":"","meta":{"_acf_changed":false},"product_brand":[],"product_cat":[10042,10047],"product_tag":[],"class_list":{"0":"post-50435","1":"product","2":"type-product","3":"status-publish","4":"has-post-thumbnail","6":"product_cat-revetements","7":"product_cat-revetements_revetements-en-polyurethane-a-2-composants-confortables","9":"first","10":"instock","11":"shipping-taxable","12":"product-type-simple"},"acf":{"product_header":{"module_product_header":{"":null,"prototype_headline":{"headline":"KLB-SYSTEM POLYURETHAN PU 424","h1":true,"subheadline":"Rev\u00eatement en polyur\u00e9thane \u00e0 deux composants, viscoplastique, \u00e0 faible \u00e9mission et de couleur unie qui est utilis\u00e9 comme couche de soutien pour les rev\u00eatements saupoudr\u00e9s dans le syst\u00e8me de rev\u00eatements de cuisine.","anchor":"","url":""},"grid_text_slider":false,"grid_text_content":[{"text":"<p class=\"product-short-title\" style=\"text-align: center;\"><strong>Br\u00e8ve description<\/strong><\/p>\n<p>Liant en polyur\u00e9thane \u00e0 2 composants, \u00e0 faible \u00e9mission et&#160;pigment\u00e9 pour la fabrication de&#160;surfaces \u00e9lastiques, saupoudr\u00e9es de sable color\u00e9 et antid\u00e9rapantes. Composant du syst\u00e8me et couche de soutien pour les rev\u00eatements de cuisine \u00e0 faible \u00e9mission. Test\u00e9 dans le syst\u00e8me avec un pontage de fissures de 0,5 mm. Convient aux&#160;salles de s\u00e9jour. Certifi\u00e9 par Eurofins \u00ab Indoor Air Comfort Gold \u00bb comme \u00e9tant particuli\u00e8rement faible en \u00e9missions.<\/p>\n","width":"4","background_color_text":"bg-white","border_color":"border-gray-light"},{"text":"<p class=\"product-sicing-title\" style=\"text-align: center;\"><strong>Unit\u00e9s d'emballage<\/strong><\/p>\n<ul>\n<li>AK6951-50 &#8211; Combinaison Seau 10,00 kg<\/li>\n<li>AK6951-30 &#8211; Combinaison Hobbock 30,00 kg<\/li>\n<\/ul>\n<p><\/p>\n<p>N&rsquo;h\u00e9sitez pas \u00e0 contacter directement pour toute demande concernant des quantit\u00e9s de livraison ou des unit\u00e9s de conditionnement plus importantes.<\/p>\n\n","width":"4","background_color_text":"bg-white","border_color":"border-gray-light"},{"text":"<p class=\"product-attr-title\" style=\"text-align: center;\"><strong>Propri\u00e9t\u00e9s<\/strong><\/p>\n<ul>\n<li>formulation faible en \u00e9missions<\/li>\n<li>bonne capacit\u00e9 de remplissage<\/li>\n<li>exempt de substances susceptibles d&rsquo;endommager les vernis<\/li>\n<li>bonne r\u00e9sistance \u00e0 l&rsquo;eau et aux produits chimiques<\/li>\n<li>r\u00e9sistant aux contraintes m\u00e9caniques<\/li>\n<li>viscoplastique<\/li>\n<\/ul>\n","width":"4","background_color_text":"bg-white","border_color":"border-gray-light"}],"background_color":"bg-none","background_color_content":"bg-none"}},"downloads":{"module_download_list":{"inhalt":null,"downloads":[{"download":{"ID":65064,"id":65064,"title":"PU_424_PI_fr_2025_04","filename":"PU_424_PI_fr_2025_04.pdf","filesize":632921,"url":"https:\/\/dev.klb-koetztal.de\/app\/uploads\/2025\/04\/PU_424_PI_fr_2025_04.pdf","link":"https:\/\/dev.klb-koetztal.de\/fr\/?attachment_id=65064","alt":"","author":"7","description":"","caption":"","name":"pu_424_pi_fr_2025_04-2","status":"inherit","uploaded_to":0,"date":"2025-04-22 11:40:17","modified":"2025-04-22 11:40:17","menu_order":0,"mime_type":"application\/pdf","type":"application","subtype":"pdf","icon":"https:\/\/dev.klb-koetztal.de\/wp\/wp-includes\/images\/media\/document.png"},"filename":"Information produit","protected":false,"doclang":"FR","externalkey":"Produktinformation","docpos":"3"},{"download":{"ID":50437,"id":50437,"title":"Leistungserkl\u00e4rung - Statement of performance","filename":"PU424_LE_2021-02.pdf","filesize":179544,"url":"https:\/\/dev.klb-koetztal.de\/app\/uploads\/2022\/03\/PU424_LE_2021-02.pdf","link":"https:\/\/dev.klb-koetztal.de\/fr\/?attachment_id=50437","alt":"","author":"7","description":"","caption":"","name":"pu424_le_2021-02","status":"inherit","uploaded_to":0,"date":"2022-03-14 10:21:05","modified":"2026-02-26 12:20:52","menu_order":0,"mime_type":"application\/pdf","type":"application","subtype":"pdf","icon":"https:\/\/dev.klb-koetztal.de\/wp\/wp-includes\/images\/media\/document.png"},"filename":"D\u00e9claration de performance","protected":false,"doclang":"Multi","externalkey":"Leistungserklaerung","docpos":"50"},{"download":{"ID":51317,"id":51317,"title":"EPD-Information","filename":"PU-424_Umwelt-Deklaration_2022-06.pdf","filesize":4378463,"url":"https:\/\/dev.klb-koetztal.de\/app\/uploads\/2022\/06\/PU-424_Umwelt-Deklaration_2022-06.pdf","link":"https:\/\/dev.klb-koetztal.de\/fr\/?attachment_id=51317","alt":"","author":"7","description":"","caption":"","name":"pu-424_umwelt-deklaration_2022-06","status":"inherit","uploaded_to":0,"date":"2022-06-30 12:33:20","modified":"2026-02-26 12:20:54","menu_order":0,"mime_type":"application\/pdf","type":"application","subtype":"pdf","icon":"https:\/\/dev.klb-koetztal.de\/wp\/wp-includes\/images\/media\/document.png"},"filename":"D\u00e9clarations de produit environnemental (EPD)","protected":false,"doclang":"Multi","externalkey":"Umweltproduktdeklaration","docpos":"50"},{"download":false,"filename":"Fiche de donn\u00e9es de s\u00e9curit\u00e9","protected":true,"doclang":"FR","externalkey":"Sicherheitsdatenblatt","docpos":"3"}],"einstellungen":null,"background_color":"bg-none","background_color_content":"bg-none"}},"included_in_systems":{"module_included_in_systems":{"":null,"background_color":"bg-gray-medium","background_color_content":"bg-none"}},"contact":{"module_contact":{"":null,"background_color":"bg-none","background_color_content":"bg-none"}},"ausschreibende":{"module_ausschreibende":{"andern_sie_den_inhalt_unter_universelle_elemente":null,"background_color":"bg-none","background_color_content":"bg-none"}}},"yoast_head":"<!-- This site is optimized with the Yoast SEO plugin v27.0 - https:\/\/yoast.com\/product\/yoast-seo-wordpress\/ -->\n<title>Liant PU 424 bicomposant, durable | KLB K\u00f6tztal<\/title>\n<meta name=\"description\" content=\"Liant PU 424 polyur\u00e9thane bicomp. faible en \u00e9missions, viscoplastique, pigment\u00e9 comme couche de base sur sols saupoudr\u00e9s | KLB rev\u00eatement \u2714\ufe0fAgBB, Eurofins\" \/>\n<meta name=\"robots\" content=\"noindex, follow, max-snippet:-1, max-image-preview:large, max-video-preview:-1\" \/>\n<meta property=\"og:locale\" content=\"fr_FR\" \/>\n<meta property=\"og:type\" content=\"article\" \/>\n<meta property=\"og:title\" content=\"Liant PU 424 bicomposant, durable | KLB K\u00f6tztal\" \/>\n<meta property=\"og:description\" content=\"Liant PU 424 polyur\u00e9thane bicomp. faible en \u00e9missions, viscoplastique, pigment\u00e9 comme couche de base sur sols saupoudr\u00e9s | KLB rev\u00eatement \u2714\ufe0fAgBB, Eurofins\" \/>\n<meta property=\"og:url\" content=\"https:\/\/dev.klb-koetztal.de\/fr\/produkt\/klb-system-polyurethan-pu-424\/\" \/>\n<meta property=\"og:site_name\" content=\"KLB K\u00f6tztal\" \/>\n<meta property=\"article:publisher\" content=\"https:\/\/www.facebook.com\/klbkoetztal\" \/>\n<meta property=\"article:modified_time\" content=\"2026-02-26T12:20:46+00:00\" \/>\n<meta property=\"og:image\" content=\"https:\/\/dev.klb-koetztal.de\/app\/uploads\/2022\/03\/KLB-System-PU-424_500px.jpg\" \/>\n\t<meta property=\"og:image:width\" content=\"500\" \/>\n\t<meta property=\"og:image:height\" content=\"500\" \/>\n\t<meta property=\"og:image:type\" content=\"image\/jpeg\" \/>\n<meta name=\"twitter:card\" content=\"summary_large_image\" \/>\n<script type=\"application\/ld+json\" class=\"yoast-schema-graph\">{\"@context\":\"https:\/\/schema.org\",\"@graph\":[{\"@type\":\"WebPage\",\"@id\":\"https:\/\/dev.klb-koetztal.de\/fr\/produkt\/klb-system-polyurethan-pu-424\/\",\"url\":\"https:\/\/dev.klb-koetztal.de\/fr\/produkt\/klb-system-polyurethan-pu-424\/\",\"name\":\"Liant PU 424 bicomposant, durable | KLB K\u00f6tztal\",\"isPartOf\":{\"@id\":\"https:\/\/dev.klb-koetztal.de\/fr\/#website\"},\"primaryImageOfPage\":{\"@id\":\"https:\/\/dev.klb-koetztal.de\/fr\/produkt\/klb-system-polyurethan-pu-424\/#primaryimage\"},\"image\":{\"@id\":\"https:\/\/dev.klb-koetztal.de\/fr\/produkt\/klb-system-polyurethan-pu-424\/#primaryimage\"},\"thumbnailUrl\":\"https:\/\/dev.klb-koetztal.de\/app\/uploads\/2022\/03\/KLB-System-PU-424_500px.jpg\",\"datePublished\":\"2022-03-14T10:21:01+00:00\",\"dateModified\":\"2026-02-26T12:20:46+00:00\",\"description\":\"Liant PU 424 polyur\u00e9thane bicomp. faible en \u00e9missions, viscoplastique, pigment\u00e9 comme couche de base sur sols saupoudr\u00e9s | KLB rev\u00eatement \u2714\ufe0fAgBB, Eurofins\",\"breadcrumb\":{\"@id\":\"https:\/\/dev.klb-koetztal.de\/fr\/produkt\/klb-system-polyurethan-pu-424\/#breadcrumb\"},\"inLanguage\":\"fr-FR\",\"potentialAction\":[{\"@type\":\"ReadAction\",\"target\":[\"https:\/\/dev.klb-koetztal.de\/fr\/produkt\/klb-system-polyurethan-pu-424\/\"]}]},{\"@type\":\"ImageObject\",\"inLanguage\":\"fr-FR\",\"@id\":\"https:\/\/dev.klb-koetztal.de\/fr\/produkt\/klb-system-polyurethan-pu-424\/#primaryimage\",\"url\":\"https:\/\/dev.klb-koetztal.de\/app\/uploads\/2022\/03\/KLB-System-PU-424_500px.jpg\",\"contentUrl\":\"https:\/\/dev.klb-koetztal.de\/app\/uploads\/2022\/03\/KLB-System-PU-424_500px.jpg\",\"width\":500,\"height\":500},{\"@type\":\"BreadcrumbList\",\"@id\":\"https:\/\/dev.klb-koetztal.de\/fr\/produkt\/klb-system-polyurethan-pu-424\/#breadcrumb\",\"itemListElement\":[{\"@type\":\"ListItem\",\"position\":1,\"name\":\"Startseite\",\"item\":\"https:\/\/dev.klb-koetztal.de\/fr\/\"},{\"@type\":\"ListItem\",\"position\":2,\"name\":\"KLB-SYSTEM POLYURETHAN PU 424\"}]},{\"@type\":\"WebSite\",\"@id\":\"https:\/\/dev.klb-koetztal.de\/fr\/#website\",\"url\":\"https:\/\/dev.klb-koetztal.de\/fr\/\",\"name\":\"KLB K\u00f6tztal\",\"description\":\"Gute B\u00f6den haben ein System.\",\"potentialAction\":[{\"@type\":\"SearchAction\",\"target\":{\"@type\":\"EntryPoint\",\"urlTemplate\":\"https:\/\/dev.klb-koetztal.de\/fr\/?s={search_term_string}\"},\"query-input\":{\"@type\":\"PropertyValueSpecification\",\"valueRequired\":true,\"valueName\":\"search_term_string\"}}],\"inLanguage\":\"fr-FR\"}]}<\/script>\n<!-- \/ Yoast SEO plugin. -->","yoast_head_json":{"title":"Liant PU 424 bicomposant, durable | KLB K\u00f6tztal","description":"Liant PU 424 polyur\u00e9thane bicomp. faible en \u00e9missions, viscoplastique, pigment\u00e9 comme couche de base sur sols saupoudr\u00e9s | KLB rev\u00eatement \u2714\ufe0fAgBB, Eurofins","robots":{"index":"noindex","follow":"follow","max-snippet":"max-snippet:-1","max-image-preview":"max-image-preview:large","max-video-preview":"max-video-preview:-1"},"og_locale":"fr_FR","og_type":"article","og_title":"Liant PU 424 bicomposant, durable | KLB K\u00f6tztal","og_description":"Liant PU 424 polyur\u00e9thane bicomp. faible en \u00e9missions, viscoplastique, pigment\u00e9 comme couche de base sur sols saupoudr\u00e9s | KLB rev\u00eatement \u2714\ufe0fAgBB, Eurofins","og_url":"https:\/\/dev.klb-koetztal.de\/fr\/produkt\/klb-system-polyurethan-pu-424\/","og_site_name":"KLB K\u00f6tztal","article_publisher":"https:\/\/www.facebook.com\/klbkoetztal","article_modified_time":"2026-02-26T12:20:46+00:00","og_image":[{"width":500,"height":500,"url":"https:\/\/dev.klb-koetztal.de\/app\/uploads\/2022\/03\/KLB-System-PU-424_500px.jpg","type":"image\/jpeg"}],"twitter_card":"summary_large_image","schema":{"@context":"https:\/\/schema.org","@graph":[{"@type":"WebPage","@id":"https:\/\/dev.klb-koetztal.de\/fr\/produkt\/klb-system-polyurethan-pu-424\/","url":"https:\/\/dev.klb-koetztal.de\/fr\/produkt\/klb-system-polyurethan-pu-424\/","name":"Liant PU 424 bicomposant, durable | KLB K\u00f6tztal","isPartOf":{"@id":"https:\/\/dev.klb-koetztal.de\/fr\/#website"},"primaryImageOfPage":{"@id":"https:\/\/dev.klb-koetztal.de\/fr\/produkt\/klb-system-polyurethan-pu-424\/#primaryimage"},"image":{"@id":"https:\/\/dev.klb-koetztal.de\/fr\/produkt\/klb-system-polyurethan-pu-424\/#primaryimage"},"thumbnailUrl":"https:\/\/dev.klb-koetztal.de\/app\/uploads\/2022\/03\/KLB-System-PU-424_500px.jpg","datePublished":"2022-03-14T10:21:01+00:00","dateModified":"2026-02-26T12:20:46+00:00","description":"Liant PU 424 polyur\u00e9thane bicomp. faible en \u00e9missions, viscoplastique, pigment\u00e9 comme couche de base sur sols saupoudr\u00e9s | KLB rev\u00eatement \u2714\ufe0fAgBB, Eurofins","breadcrumb":{"@id":"https:\/\/dev.klb-koetztal.de\/fr\/produkt\/klb-system-polyurethan-pu-424\/#breadcrumb"},"inLanguage":"fr-FR","potentialAction":[{"@type":"ReadAction","target":["https:\/\/dev.klb-koetztal.de\/fr\/produkt\/klb-system-polyurethan-pu-424\/"]}]},{"@type":"ImageObject","inLanguage":"fr-FR","@id":"https:\/\/dev.klb-koetztal.de\/fr\/produkt\/klb-system-polyurethan-pu-424\/#primaryimage","url":"https:\/\/dev.klb-koetztal.de\/app\/uploads\/2022\/03\/KLB-System-PU-424_500px.jpg","contentUrl":"https:\/\/dev.klb-koetztal.de\/app\/uploads\/2022\/03\/KLB-System-PU-424_500px.jpg","width":500,"height":500},{"@type":"BreadcrumbList","@id":"https:\/\/dev.klb-koetztal.de\/fr\/produkt\/klb-system-polyurethan-pu-424\/#breadcrumb","itemListElement":[{"@type":"ListItem","position":1,"name":"Startseite","item":"https:\/\/dev.klb-koetztal.de\/fr\/"},{"@type":"ListItem","position":2,"name":"KLB-SYSTEM POLYURETHAN PU 424"}]},{"@type":"WebSite","@id":"https:\/\/dev.klb-koetztal.de\/fr\/#website","url":"https:\/\/dev.klb-koetztal.de\/fr\/","name":"KLB K\u00f6tztal","description":"Gute B\u00f6den haben ein System.","potentialAction":[{"@type":"SearchAction","target":{"@type":"EntryPoint","urlTemplate":"https:\/\/dev.klb-koetztal.de\/fr\/?s={search_term_string}"},"query-input":{"@type":"PropertyValueSpecification","valueRequired":true,"valueName":"search_term_string"}}],"inLanguage":"fr-FR"}]}},"_links":{"self":[{"href":"https:\/\/dev.klb-koetztal.de\/fr\/wp-json\/wp\/v2\/product\/50435","targetHints":{"allow":["GET"]}}],"collection":[{"href":"https:\/\/dev.klb-koetztal.de\/fr\/wp-json\/wp\/v2\/product"}],"about":[{"href":"https:\/\/dev.klb-koetztal.de\/fr\/wp-json\/wp\/v2\/types\/product"}],"wp:featuredmedia":[{"embeddable":true,"href":"https:\/\/dev.klb-koetztal.de\/fr\/wp-json\/wp\/v2\/media\/50436"}],"wp:attachment":[{"href":"https:\/\/dev.klb-koetztal.de\/fr\/wp-json\/wp\/v2\/media?parent=50435"}],"wp:term":[{"taxonomy":"product_brand","embeddable":true,"href":"https:\/\/dev.klb-koetztal.de\/fr\/wp-json\/wp\/v2\/product_brand?post=50435"},{"taxonomy":"product_cat","embeddable":true,"href":"https:\/\/dev.klb-koetztal.de\/fr\/wp-json\/wp\/v2\/product_cat?post=50435"},{"taxonomy":"product_tag","embeddable":true,"href":"https:\/\/dev.klb-koetztal.de\/fr\/wp-json\/wp\/v2\/product_tag?post=50435"}],"curies":[{"name":"wp","href":"https:\/\/api.w.org\/{rel}","templated":true}]}}