{"id":50379,"date":"2022-03-14T11:16:08","date_gmt":"2022-03-14T10:16:08","guid":{"rendered":"https:\/\/dev.klb-koetztal.de\/produkt\/klb-system-acryl-ac-390\/"},"modified":"2026-02-25T12:18:22","modified_gmt":"2026-02-25T11:18:22","slug":"klb-system-acryl-ac-390","status":"publish","type":"product","link":"https:\/\/dev.klb-koetztal.de\/fr\/produkt\/klb-system-acryl-ac-390\/","title":{"rendered":"KLB-SYSTEM ACRYL AC 390"},"content":{"rendered":"","protected":false},"excerpt":{"rendered":"<p>R\u00e9sine de rev\u00eatement acrylique \u00e0 2 composants, \u00e0 durcissement rapide et&#160;\u00e9lastique&#160;pour la r\u00e9alisation de couches interm\u00e9diaires autolissantes et flexibles ou en tant qu&rsquo;\u00e9tanch\u00e9it\u00e9 composite, par exemple pour les rev\u00eatements de cuisine en PMMA saupoudr\u00e9s. Comme rev\u00eatement d\u00e9formable sur les substrats m\u00e9talliques&#160;ou d&rsquo;autres substrats d\u00e9formables.<\/p>\n","protected":false},"featured_media":50380,"template":"","meta":{"_acf_changed":false},"product_brand":[],"product_cat":[10042,10112],"product_tag":[],"class_list":{"0":"post-50379","1":"product","2":"type-product","3":"status-publish","4":"has-post-thumbnail","6":"product_cat-revetements","7":"product_cat-revetements_revetements-et-scellement-de-finition-pmma","9":"first","10":"instock","11":"shipping-taxable","12":"product-type-simple"},"acf":{"product_header":{"module_product_header":{"":null,"prototype_headline":{"headline":"KLB-SYSTEM ACRYL AC 390","h1":true,"subheadline":"R\u00e9sine acrylique bicomposante \u00e0 durcissement rapide et \u00e9lastique pour la r\u00e9alisation de couches interm\u00e9diaires flexibles et de rev\u00eatements saupoudr\u00e9s","anchor":"","url":""},"grid_text_slider":false,"grid_text_content":[{"text":"<p class=\"product-short-title\" style=\"text-align: center;\"><strong>Br\u00e8ve description<\/strong><\/p>\n<p>R\u00e9sine de rev\u00eatement acrylique \u00e0 2 composants, \u00e0 durcissement rapide et&#160;\u00e9lastique&#160;pour la r\u00e9alisation de couches interm\u00e9diaires autolissantes et flexibles ou en tant qu&rsquo;\u00e9tanch\u00e9it\u00e9 composite, par exemple pour les rev\u00eatements de cuisine en PMMA saupoudr\u00e9s. Comme rev\u00eatement d\u00e9formable sur les substrats m\u00e9talliques&#160;ou d&rsquo;autres substrats d\u00e9formables.<\/p>\n","width":"4","background_color_text":"bg-white","border_color":"border-gray-light"},{"text":"<p class=\"product-sicing-title\" style=\"text-align: center;\"><strong>Unit\u00e9s d'emballage<\/strong><\/p>\n<ul>\n<li>MA0004-52 &#8211; Bidon 10,00 kg<\/li>\n<li>MA0004-92 &#8211; Hobbock 25,00 kg<\/li>\n<li>MA0004-01 &#8211; F\u00fbt 200,00 kg<\/li>\n<\/ul>\n<p><\/p>\n<p>N&rsquo;h\u00e9sitez pas \u00e0 contacter directement pour toute demande concernant des quantit\u00e9s de livraison ou des unit\u00e9s de conditionnement plus importantes.<\/p>\n\n","width":"4","background_color_text":"bg-white","border_color":"border-gray-light"},{"text":"<p class=\"product-attr-title\" style=\"text-align: center;\"><strong>Propri\u00e9t\u00e9s<\/strong><\/p>\n<ul>\n<li>\u00e0 durcissement tr\u00e8s rapide<\/li>\n<li>accessibilit\u00e9 rapide<\/li>\n<li>r\u00e9sistant aux contraintes m\u00e9caniques importantes<\/li>\n<li>hautement \u00e9lastique<\/li>\n<li>flexible au froid<\/li>\n<li>r\u00e9sistant aux chocs<\/li>\n<li>pontant les fissures<\/li>\n<li>pour les espaces int\u00e9rieures et ext\u00e9rieures<\/li>\n<li>exempt de substances susceptibles d&rsquo;endommager les vernis<\/li>\n<\/ul>\n","width":"4","background_color_text":"bg-white","border_color":"border-gray-light"}],"background_color":"bg-none","background_color_content":"bg-none"}},"downloads":{"module_download_list":{"inhalt":null,"downloads":[{"download":{"ID":55137,"id":55137,"title":"AC_390_PI_fr_2023_02","filename":"AC_390_PI_fr_2023_02.pdf","filesize":265784,"url":"https:\/\/dev.klb-koetztal.de\/app\/uploads\/2023\/02\/AC_390_PI_fr_2023_02.pdf","link":"https:\/\/dev.klb-koetztal.de\/fr\/?attachment_id=55137","alt":"","author":"7","description":"","caption":"","name":"ac_390_pi_fr_2023_02-2","status":"inherit","uploaded_to":0,"date":"2023-02-20 14:20:22","modified":"2023-02-20 14:20:22","menu_order":0,"mime_type":"application\/pdf","type":"application","subtype":"pdf","icon":"https:\/\/dev.klb-koetztal.de\/wp\/wp-includes\/images\/media\/document.png"},"filename":"Information produit","protected":false,"doclang":"FR","externalkey":"Produktinformation","docpos":"3"},{"download":{"ID":50381,"id":50381,"title":"Leistungserkl\u00e4rung - Statement of performance","filename":"AC390_LE_08-2020.pdf","filesize":262352,"url":"https:\/\/dev.klb-koetztal.de\/app\/uploads\/2022\/03\/AC390_LE_08-2020.pdf","link":"https:\/\/dev.klb-koetztal.de\/fr\/?attachment_id=50381","alt":"","author":"7","description":"","caption":"","name":"ac390_le_08-2020","status":"inherit","uploaded_to":0,"date":"2022-03-14 10:16:11","modified":"2026-02-25 11:18:32","menu_order":0,"mime_type":"application\/pdf","type":"application","subtype":"pdf","icon":"https:\/\/dev.klb-koetztal.de\/wp\/wp-includes\/images\/media\/document.png"},"filename":"D\u00e9claration de performance","protected":false,"doclang":"Multi","externalkey":"Leistungserklaerung","docpos":"50"},{"download":false,"filename":"Fiche de donn\u00e9es de s\u00e9curit\u00e9","protected":true,"doclang":"FR","externalkey":"Sicherheitsdatenblatt","docpos":"3"}],"einstellungen":null,"background_color":"bg-none","background_color_content":"bg-none"}},"included_in_systems":{"module_included_in_systems":{"":null,"background_color":"bg-gray-medium","background_color_content":"bg-none"}},"contact":{"module_contact":{"":null,"background_color":"bg-none","background_color_content":"bg-none"}},"ausschreibende":{"module_ausschreibende":{"andern_sie_den_inhalt_unter_universelle_elemente":null,"background_color":"bg-none","background_color_content":"bg-none"}}},"yoast_head":"<!-- This site is optimized with the Yoast SEO plugin v27.0 - https:\/\/yoast.com\/product\/yoast-seo-wordpress\/ -->\n<title>R\u00e9sine acrylique AC 390 durcissant rapide, \u00e9lastique | KLB<\/title>\n<meta name=\"description\" content=\"R\u00e9sine de rev\u00eatement acrylique bicomp. AC 390 \u00e0 durcissement rapide \u00e9lastique | KLB mat\u00e9riaux de rev\u00eatement \u2714\ufe0f pour substrats m\u00e9talliques ou d\u00e9formables\" \/>\n<meta name=\"robots\" content=\"noindex, follow, max-snippet:-1, max-image-preview:large, max-video-preview:-1\" \/>\n<meta property=\"og:locale\" content=\"fr_FR\" \/>\n<meta property=\"og:type\" content=\"article\" \/>\n<meta property=\"og:title\" content=\"R\u00e9sine acrylique AC 390 durcissant rapide, \u00e9lastique | KLB\" \/>\n<meta property=\"og:description\" content=\"R\u00e9sine de rev\u00eatement acrylique bicomp. AC 390 \u00e0 durcissement rapide \u00e9lastique | KLB mat\u00e9riaux de rev\u00eatement \u2714\ufe0f pour substrats m\u00e9talliques ou d\u00e9formables\" \/>\n<meta property=\"og:url\" content=\"https:\/\/dev.klb-koetztal.de\/fr\/produkt\/klb-system-acryl-ac-390\/\" \/>\n<meta property=\"og:site_name\" content=\"KLB K\u00f6tztal\" \/>\n<meta property=\"article:publisher\" content=\"https:\/\/www.facebook.com\/klbkoetztal\" \/>\n<meta property=\"article:modified_time\" content=\"2026-02-25T11:18:22+00:00\" \/>\n<meta property=\"og:image\" content=\"https:\/\/dev.klb-koetztal.de\/app\/uploads\/2022\/03\/AC390.jpg\" \/>\n\t<meta property=\"og:image:width\" content=\"500\" \/>\n\t<meta property=\"og:image:height\" content=\"500\" \/>\n\t<meta property=\"og:image:type\" content=\"image\/jpeg\" \/>\n<meta name=\"twitter:card\" content=\"summary_large_image\" \/>\n<script type=\"application\/ld+json\" class=\"yoast-schema-graph\">{\"@context\":\"https:\/\/schema.org\",\"@graph\":[{\"@type\":\"WebPage\",\"@id\":\"https:\/\/dev.klb-koetztal.de\/fr\/produkt\/klb-system-acryl-ac-390\/\",\"url\":\"https:\/\/dev.klb-koetztal.de\/fr\/produkt\/klb-system-acryl-ac-390\/\",\"name\":\"R\u00e9sine acrylique AC 390 durcissant rapide, \u00e9lastique | KLB\",\"isPartOf\":{\"@id\":\"https:\/\/dev.klb-koetztal.de\/fr\/#website\"},\"primaryImageOfPage\":{\"@id\":\"https:\/\/dev.klb-koetztal.de\/fr\/produkt\/klb-system-acryl-ac-390\/#primaryimage\"},\"image\":{\"@id\":\"https:\/\/dev.klb-koetztal.de\/fr\/produkt\/klb-system-acryl-ac-390\/#primaryimage\"},\"thumbnailUrl\":\"https:\/\/dev.klb-koetztal.de\/app\/uploads\/2022\/03\/AC390.jpg\",\"datePublished\":\"2022-03-14T10:16:08+00:00\",\"dateModified\":\"2026-02-25T11:18:22+00:00\",\"description\":\"R\u00e9sine de rev\u00eatement acrylique bicomp. AC 390 \u00e0 durcissement rapide \u00e9lastique | KLB mat\u00e9riaux de rev\u00eatement \u2714\ufe0f pour substrats m\u00e9talliques ou d\u00e9formables\",\"breadcrumb\":{\"@id\":\"https:\/\/dev.klb-koetztal.de\/fr\/produkt\/klb-system-acryl-ac-390\/#breadcrumb\"},\"inLanguage\":\"fr-FR\",\"potentialAction\":[{\"@type\":\"ReadAction\",\"target\":[\"https:\/\/dev.klb-koetztal.de\/fr\/produkt\/klb-system-acryl-ac-390\/\"]}]},{\"@type\":\"ImageObject\",\"inLanguage\":\"fr-FR\",\"@id\":\"https:\/\/dev.klb-koetztal.de\/fr\/produkt\/klb-system-acryl-ac-390\/#primaryimage\",\"url\":\"https:\/\/dev.klb-koetztal.de\/app\/uploads\/2022\/03\/AC390.jpg\",\"contentUrl\":\"https:\/\/dev.klb-koetztal.de\/app\/uploads\/2022\/03\/AC390.jpg\",\"width\":500,\"height\":500},{\"@type\":\"BreadcrumbList\",\"@id\":\"https:\/\/dev.klb-koetztal.de\/fr\/produkt\/klb-system-acryl-ac-390\/#breadcrumb\",\"itemListElement\":[{\"@type\":\"ListItem\",\"position\":1,\"name\":\"Startseite\",\"item\":\"https:\/\/dev.klb-koetztal.de\/fr\/\"},{\"@type\":\"ListItem\",\"position\":2,\"name\":\"KLB-SYSTEM ACRYL AC 390\"}]},{\"@type\":\"WebSite\",\"@id\":\"https:\/\/dev.klb-koetztal.de\/fr\/#website\",\"url\":\"https:\/\/dev.klb-koetztal.de\/fr\/\",\"name\":\"KLB K\u00f6tztal\",\"description\":\"Gute B\u00f6den haben ein System.\",\"potentialAction\":[{\"@type\":\"SearchAction\",\"target\":{\"@type\":\"EntryPoint\",\"urlTemplate\":\"https:\/\/dev.klb-koetztal.de\/fr\/?s={search_term_string}\"},\"query-input\":{\"@type\":\"PropertyValueSpecification\",\"valueRequired\":true,\"valueName\":\"search_term_string\"}}],\"inLanguage\":\"fr-FR\"}]}<\/script>\n<!-- \/ Yoast SEO plugin. -->","yoast_head_json":{"title":"R\u00e9sine acrylique AC 390 durcissant rapide, \u00e9lastique | KLB","description":"R\u00e9sine de rev\u00eatement acrylique bicomp. AC 390 \u00e0 durcissement rapide \u00e9lastique | KLB mat\u00e9riaux de rev\u00eatement \u2714\ufe0f pour substrats m\u00e9talliques ou d\u00e9formables","robots":{"index":"noindex","follow":"follow","max-snippet":"max-snippet:-1","max-image-preview":"max-image-preview:large","max-video-preview":"max-video-preview:-1"},"og_locale":"fr_FR","og_type":"article","og_title":"R\u00e9sine acrylique AC 390 durcissant rapide, \u00e9lastique | KLB","og_description":"R\u00e9sine de rev\u00eatement acrylique bicomp. AC 390 \u00e0 durcissement rapide \u00e9lastique | KLB mat\u00e9riaux de rev\u00eatement \u2714\ufe0f pour substrats m\u00e9talliques ou d\u00e9formables","og_url":"https:\/\/dev.klb-koetztal.de\/fr\/produkt\/klb-system-acryl-ac-390\/","og_site_name":"KLB K\u00f6tztal","article_publisher":"https:\/\/www.facebook.com\/klbkoetztal","article_modified_time":"2026-02-25T11:18:22+00:00","og_image":[{"width":500,"height":500,"url":"https:\/\/dev.klb-koetztal.de\/app\/uploads\/2022\/03\/AC390.jpg","type":"image\/jpeg"}],"twitter_card":"summary_large_image","schema":{"@context":"https:\/\/schema.org","@graph":[{"@type":"WebPage","@id":"https:\/\/dev.klb-koetztal.de\/fr\/produkt\/klb-system-acryl-ac-390\/","url":"https:\/\/dev.klb-koetztal.de\/fr\/produkt\/klb-system-acryl-ac-390\/","name":"R\u00e9sine acrylique AC 390 durcissant rapide, \u00e9lastique | KLB","isPartOf":{"@id":"https:\/\/dev.klb-koetztal.de\/fr\/#website"},"primaryImageOfPage":{"@id":"https:\/\/dev.klb-koetztal.de\/fr\/produkt\/klb-system-acryl-ac-390\/#primaryimage"},"image":{"@id":"https:\/\/dev.klb-koetztal.de\/fr\/produkt\/klb-system-acryl-ac-390\/#primaryimage"},"thumbnailUrl":"https:\/\/dev.klb-koetztal.de\/app\/uploads\/2022\/03\/AC390.jpg","datePublished":"2022-03-14T10:16:08+00:00","dateModified":"2026-02-25T11:18:22+00:00","description":"R\u00e9sine de rev\u00eatement acrylique bicomp. AC 390 \u00e0 durcissement rapide \u00e9lastique | KLB mat\u00e9riaux de rev\u00eatement \u2714\ufe0f pour substrats m\u00e9talliques ou d\u00e9formables","breadcrumb":{"@id":"https:\/\/dev.klb-koetztal.de\/fr\/produkt\/klb-system-acryl-ac-390\/#breadcrumb"},"inLanguage":"fr-FR","potentialAction":[{"@type":"ReadAction","target":["https:\/\/dev.klb-koetztal.de\/fr\/produkt\/klb-system-acryl-ac-390\/"]}]},{"@type":"ImageObject","inLanguage":"fr-FR","@id":"https:\/\/dev.klb-koetztal.de\/fr\/produkt\/klb-system-acryl-ac-390\/#primaryimage","url":"https:\/\/dev.klb-koetztal.de\/app\/uploads\/2022\/03\/AC390.jpg","contentUrl":"https:\/\/dev.klb-koetztal.de\/app\/uploads\/2022\/03\/AC390.jpg","width":500,"height":500},{"@type":"BreadcrumbList","@id":"https:\/\/dev.klb-koetztal.de\/fr\/produkt\/klb-system-acryl-ac-390\/#breadcrumb","itemListElement":[{"@type":"ListItem","position":1,"name":"Startseite","item":"https:\/\/dev.klb-koetztal.de\/fr\/"},{"@type":"ListItem","position":2,"name":"KLB-SYSTEM ACRYL AC 390"}]},{"@type":"WebSite","@id":"https:\/\/dev.klb-koetztal.de\/fr\/#website","url":"https:\/\/dev.klb-koetztal.de\/fr\/","name":"KLB K\u00f6tztal","description":"Gute B\u00f6den haben ein System.","potentialAction":[{"@type":"SearchAction","target":{"@type":"EntryPoint","urlTemplate":"https:\/\/dev.klb-koetztal.de\/fr\/?s={search_term_string}"},"query-input":{"@type":"PropertyValueSpecification","valueRequired":true,"valueName":"search_term_string"}}],"inLanguage":"fr-FR"}]}},"_links":{"self":[{"href":"https:\/\/dev.klb-koetztal.de\/fr\/wp-json\/wp\/v2\/product\/50379","targetHints":{"allow":["GET"]}}],"collection":[{"href":"https:\/\/dev.klb-koetztal.de\/fr\/wp-json\/wp\/v2\/product"}],"about":[{"href":"https:\/\/dev.klb-koetztal.de\/fr\/wp-json\/wp\/v2\/types\/product"}],"wp:featuredmedia":[{"embeddable":true,"href":"https:\/\/dev.klb-koetztal.de\/fr\/wp-json\/wp\/v2\/media\/50380"}],"wp:attachment":[{"href":"https:\/\/dev.klb-koetztal.de\/fr\/wp-json\/wp\/v2\/media?parent=50379"}],"wp:term":[{"taxonomy":"product_brand","embeddable":true,"href":"https:\/\/dev.klb-koetztal.de\/fr\/wp-json\/wp\/v2\/product_brand?post=50379"},{"taxonomy":"product_cat","embeddable":true,"href":"https:\/\/dev.klb-koetztal.de\/fr\/wp-json\/wp\/v2\/product_cat?post=50379"},{"taxonomy":"product_tag","embeddable":true,"href":"https:\/\/dev.klb-koetztal.de\/fr\/wp-json\/wp\/v2\/product_tag?post=50379"}],"curies":[{"name":"wp","href":"https:\/\/api.w.org\/{rel}","templated":true}]}}