{"id":50356,"date":"2022-03-14T11:15:08","date_gmt":"2022-03-14T10:15:08","guid":{"rendered":"https:\/\/dev.klb-koetztal.de\/produkt\/klb-quarzsand-03-08-mm-sans-poussiere\/"},"modified":"2022-05-05T15:04:35","modified_gmt":"2022-05-05T13:04:35","slug":"klb-quarzsand-03-08-mm-sans-poussiere","status":"publish","type":"product","link":"https:\/\/dev.klb-koetztal.de\/fr\/produkt\/klb-quarzsand-03-08-mm-sans-poussiere\/","title":{"rendered":"KLB-Quarzsand&#160;0,3\/0,8 mm, sans poussi\u00e8re"},"content":{"rendered":"","protected":false},"excerpt":{"rendered":"<p>Sable quartzeux s\u00e9ch\u00e9&#160;au feu et classifi\u00e9 qui est utilis\u00e9&#160;comme sable&#160;de remplissage pour l&rsquo;application de r\u00e9sines r\u00e9actives et comme sable de saupoudrage pour les rev\u00eatements antid\u00e9rapants.<br \/>\nQualit\u00e9 trait\u00e9e pauvre en poussi\u00e8re pour une meilleure protection au travail. Convient uniquement pour les rev\u00eatements \u00e0 base de r\u00e9sine \u00e9poxy et de polyur\u00e9thane.<br \/>\nNe pas utiliser avec les r\u00e9sines PMMA !<\/p>\n","protected":false},"featured_media":49427,"template":"","meta":{"_acf_changed":false},"product_brand":[],"product_cat":[10054,10055],"product_tag":[],"class_list":{"0":"post-50356","1":"product","2":"type-product","3":"status-publish","4":"has-post-thumbnail","6":"product_cat-matieres-de-remplissage-sable-quartzeux-materiau-de-sablage-epaississant","7":"product_cat-matieres-de-remplissage-sable-quartzeux-materiau-de-sablage-epaississant_sable-de-quartz-classe-sans-poussiere","9":"first","10":"instock","11":"shipping-taxable","12":"product-type-simple"},"acf":{"product_header":{"module_product_header":{"":null,"prototype_headline":{"headline":"KLB-Quarzsand&#160;0,3\/0,8 mm, sans poussi\u00e8re","h1":true,"subheadline":"Sables s\u00e9ch\u00e9s au feu, classifi\u00e9s pour l'application de&#160;r\u00e9sines r\u00e9actives","anchor":"","url":""},"grid_text_slider":false,"grid_text_content":[{"text":"<p class=\"product-short-title\" style=\"text-align: center;\"><strong>Br\u00e8ve description<\/strong><\/p>\n<p>Sable quartzeux s\u00e9ch\u00e9&#160;au feu et classifi\u00e9 qui est utilis\u00e9&#160;comme sable&#160;de remplissage pour l&rsquo;application de r\u00e9sines r\u00e9actives et comme sable de saupoudrage pour les rev\u00eatements antid\u00e9rapants.<\/p>\n<p>Qualit\u00e9 trait\u00e9e pauvre en poussi\u00e8re pour une meilleure protection au travail. Convient uniquement pour les rev\u00eatements \u00e0 base de r\u00e9sine \u00e9poxy et de polyur\u00e9thane.<\/p>\n<p>Ne pas utiliser avec les r\u00e9sines PMMA !<\/p>\n","width":"4","background_color_text":"bg-white","border_color":"border-gray-light"},{"text":"<p class=\"product-sicing-title\" style=\"text-align: center;\"><strong>Unit\u00e9s d'emballage<\/strong><\/p>\n<ul><\/ul>\n<p><\/p>\n<p>N&rsquo;h\u00e9sitez pas \u00e0 contacter directement pour toute demande concernant des quantit\u00e9s de livraison ou des unit\u00e9s de conditionnement plus importantes.<\/p>\n\n","width":"4","background_color_text":"bg-white","border_color":"border-gray-light"},{"text":"<p class=\"product-attr-title\" style=\"text-align: center;\"><strong>Propri\u00e9t\u00e9s<\/strong><\/p>\n<ul><\/ul>\n","width":"4","background_color_text":"bg-white","border_color":"border-gray-light"}],"background_color":"bg-none","background_color_content":"bg-none"}},"downloads":{"module_download_list":{"inhalt":null,"downloads":[{"download":false,"filename":"Fiche de donn\u00e9es de s\u00e9curit\u00e9","protected":true,"doclang":"FR","externalkey":"Sicherheitsdatenblatt","docpos":"3"}],"einstellungen":null,"background_color":"bg-none","background_color_content":"bg-none"}},"included_in_systems":{"module_included_in_systems":{"":null,"background_color":"bg-gray-medium","background_color_content":"bg-none"}},"contact":{"module_contact":{"":null,"background_color":"bg-none","background_color_content":"bg-none"}},"ausschreibende":{"module_ausschreibende":{"andern_sie_den_inhalt_unter_universelle_elemente":null,"background_color":"bg-none","background_color_content":"bg-none"}}},"yoast_head":"<!-- This site is optimized with the Yoast SEO plugin v27.0 - https:\/\/yoast.com\/product\/yoast-seo-wordpress\/ -->\n<title>KLB-Quarzsand&#160;0,3\/0,8 mm, sans poussi\u00e8re<\/title>\n<meta name=\"description\" content=\"Sables s\u00e9ch\u00e9s au feu, classifi\u00e9s pour l&#039;application de&#160;r\u00e9sines r\u00e9actives\" \/>\n<meta name=\"robots\" content=\"noindex, follow, max-snippet:-1, max-image-preview:large, max-video-preview:-1\" \/>\n<meta property=\"og:locale\" content=\"fr_FR\" \/>\n<meta property=\"og:type\" content=\"article\" \/>\n<meta property=\"og:title\" content=\"KLB-Quarzsand&#160;0,3\/0,8 mm, sans poussi\u00e8re\" \/>\n<meta property=\"og:description\" content=\"Sables s\u00e9ch\u00e9s au feu, classifi\u00e9s pour l&#039;application de&#160;r\u00e9sines r\u00e9actives\" \/>\n<meta property=\"og:url\" content=\"https:\/\/dev.klb-koetztal.de\/fr\/produkt\/klb-quarzsand-03-08-mm-sans-poussiere\/\" \/>\n<meta property=\"og:site_name\" content=\"KLB K\u00f6tztal\" \/>\n<meta property=\"article:publisher\" content=\"https:\/\/www.facebook.com\/klbkoetztal\" \/>\n<meta property=\"article:modified_time\" content=\"2022-05-05T13:04:35+00:00\" \/>\n<meta property=\"og:image\" content=\"https:\/\/dev.klb-koetztal.de\/app\/uploads\/2022\/03\/QS_01_05-DSC_9946.jpg\" \/>\n\t<meta property=\"og:image:width\" content=\"500\" \/>\n\t<meta property=\"og:image:height\" content=\"500\" \/>\n\t<meta property=\"og:image:type\" content=\"image\/jpeg\" \/>\n<meta name=\"twitter:card\" content=\"summary_large_image\" \/>\n<script type=\"application\/ld+json\" class=\"yoast-schema-graph\">{\"@context\":\"https:\/\/schema.org\",\"@graph\":[{\"@type\":\"WebPage\",\"@id\":\"https:\/\/dev.klb-koetztal.de\/fr\/produkt\/klb-quarzsand-03-08-mm-sans-poussiere\/\",\"url\":\"https:\/\/dev.klb-koetztal.de\/fr\/produkt\/klb-quarzsand-03-08-mm-sans-poussiere\/\",\"name\":\"KLB-Quarzsand&#160;0,3\/0,8 mm, sans poussi\u00e8re\",\"isPartOf\":{\"@id\":\"https:\/\/dev.klb-koetztal.de\/fr\/#website\"},\"primaryImageOfPage\":{\"@id\":\"https:\/\/dev.klb-koetztal.de\/fr\/produkt\/klb-quarzsand-03-08-mm-sans-poussiere\/#primaryimage\"},\"image\":{\"@id\":\"https:\/\/dev.klb-koetztal.de\/fr\/produkt\/klb-quarzsand-03-08-mm-sans-poussiere\/#primaryimage\"},\"thumbnailUrl\":\"https:\/\/dev.klb-koetztal.de\/app\/uploads\/2022\/03\/QS_01_05-DSC_9946.jpg\",\"datePublished\":\"2022-03-14T10:15:08+00:00\",\"dateModified\":\"2022-05-05T13:04:35+00:00\",\"description\":\"Sables s\u00e9ch\u00e9s au feu, classifi\u00e9s pour l'application de&#160;r\u00e9sines r\u00e9actives\",\"breadcrumb\":{\"@id\":\"https:\/\/dev.klb-koetztal.de\/fr\/produkt\/klb-quarzsand-03-08-mm-sans-poussiere\/#breadcrumb\"},\"inLanguage\":\"fr-FR\",\"potentialAction\":[{\"@type\":\"ReadAction\",\"target\":[\"https:\/\/dev.klb-koetztal.de\/fr\/produkt\/klb-quarzsand-03-08-mm-sans-poussiere\/\"]}]},{\"@type\":\"ImageObject\",\"inLanguage\":\"fr-FR\",\"@id\":\"https:\/\/dev.klb-koetztal.de\/fr\/produkt\/klb-quarzsand-03-08-mm-sans-poussiere\/#primaryimage\",\"url\":\"https:\/\/dev.klb-koetztal.de\/app\/uploads\/2022\/03\/QS_01_05-DSC_9946.jpg\",\"contentUrl\":\"https:\/\/dev.klb-koetztal.de\/app\/uploads\/2022\/03\/QS_01_05-DSC_9946.jpg\",\"width\":500,\"height\":500},{\"@type\":\"BreadcrumbList\",\"@id\":\"https:\/\/dev.klb-koetztal.de\/fr\/produkt\/klb-quarzsand-03-08-mm-sans-poussiere\/#breadcrumb\",\"itemListElement\":[{\"@type\":\"ListItem\",\"position\":1,\"name\":\"Startseite\",\"item\":\"https:\/\/dev.klb-koetztal.de\/fr\/\"},{\"@type\":\"ListItem\",\"position\":2,\"name\":\"KLB-Quarzsand&#160;0,3\/0,8 mm, sans poussi\u00e8re\"}]},{\"@type\":\"WebSite\",\"@id\":\"https:\/\/dev.klb-koetztal.de\/fr\/#website\",\"url\":\"https:\/\/dev.klb-koetztal.de\/fr\/\",\"name\":\"KLB K\u00f6tztal\",\"description\":\"Gute B\u00f6den haben ein System.\",\"potentialAction\":[{\"@type\":\"SearchAction\",\"target\":{\"@type\":\"EntryPoint\",\"urlTemplate\":\"https:\/\/dev.klb-koetztal.de\/fr\/?s={search_term_string}\"},\"query-input\":{\"@type\":\"PropertyValueSpecification\",\"valueRequired\":true,\"valueName\":\"search_term_string\"}}],\"inLanguage\":\"fr-FR\"}]}<\/script>\n<!-- \/ Yoast SEO plugin. -->","yoast_head_json":{"title":"KLB-Quarzsand&#160;0,3\/0,8 mm, sans poussi\u00e8re","description":"Sables s\u00e9ch\u00e9s au feu, classifi\u00e9s pour l'application de&#160;r\u00e9sines r\u00e9actives","robots":{"index":"noindex","follow":"follow","max-snippet":"max-snippet:-1","max-image-preview":"max-image-preview:large","max-video-preview":"max-video-preview:-1"},"og_locale":"fr_FR","og_type":"article","og_title":"KLB-Quarzsand&#160;0,3\/0,8 mm, sans poussi\u00e8re","og_description":"Sables s\u00e9ch\u00e9s au feu, classifi\u00e9s pour l'application de&#160;r\u00e9sines r\u00e9actives","og_url":"https:\/\/dev.klb-koetztal.de\/fr\/produkt\/klb-quarzsand-03-08-mm-sans-poussiere\/","og_site_name":"KLB K\u00f6tztal","article_publisher":"https:\/\/www.facebook.com\/klbkoetztal","article_modified_time":"2022-05-05T13:04:35+00:00","og_image":[{"width":500,"height":500,"url":"https:\/\/dev.klb-koetztal.de\/app\/uploads\/2022\/03\/QS_01_05-DSC_9946.jpg","type":"image\/jpeg"}],"twitter_card":"summary_large_image","schema":{"@context":"https:\/\/schema.org","@graph":[{"@type":"WebPage","@id":"https:\/\/dev.klb-koetztal.de\/fr\/produkt\/klb-quarzsand-03-08-mm-sans-poussiere\/","url":"https:\/\/dev.klb-koetztal.de\/fr\/produkt\/klb-quarzsand-03-08-mm-sans-poussiere\/","name":"KLB-Quarzsand&#160;0,3\/0,8 mm, sans poussi\u00e8re","isPartOf":{"@id":"https:\/\/dev.klb-koetztal.de\/fr\/#website"},"primaryImageOfPage":{"@id":"https:\/\/dev.klb-koetztal.de\/fr\/produkt\/klb-quarzsand-03-08-mm-sans-poussiere\/#primaryimage"},"image":{"@id":"https:\/\/dev.klb-koetztal.de\/fr\/produkt\/klb-quarzsand-03-08-mm-sans-poussiere\/#primaryimage"},"thumbnailUrl":"https:\/\/dev.klb-koetztal.de\/app\/uploads\/2022\/03\/QS_01_05-DSC_9946.jpg","datePublished":"2022-03-14T10:15:08+00:00","dateModified":"2022-05-05T13:04:35+00:00","description":"Sables s\u00e9ch\u00e9s au feu, classifi\u00e9s pour l'application de&#160;r\u00e9sines r\u00e9actives","breadcrumb":{"@id":"https:\/\/dev.klb-koetztal.de\/fr\/produkt\/klb-quarzsand-03-08-mm-sans-poussiere\/#breadcrumb"},"inLanguage":"fr-FR","potentialAction":[{"@type":"ReadAction","target":["https:\/\/dev.klb-koetztal.de\/fr\/produkt\/klb-quarzsand-03-08-mm-sans-poussiere\/"]}]},{"@type":"ImageObject","inLanguage":"fr-FR","@id":"https:\/\/dev.klb-koetztal.de\/fr\/produkt\/klb-quarzsand-03-08-mm-sans-poussiere\/#primaryimage","url":"https:\/\/dev.klb-koetztal.de\/app\/uploads\/2022\/03\/QS_01_05-DSC_9946.jpg","contentUrl":"https:\/\/dev.klb-koetztal.de\/app\/uploads\/2022\/03\/QS_01_05-DSC_9946.jpg","width":500,"height":500},{"@type":"BreadcrumbList","@id":"https:\/\/dev.klb-koetztal.de\/fr\/produkt\/klb-quarzsand-03-08-mm-sans-poussiere\/#breadcrumb","itemListElement":[{"@type":"ListItem","position":1,"name":"Startseite","item":"https:\/\/dev.klb-koetztal.de\/fr\/"},{"@type":"ListItem","position":2,"name":"KLB-Quarzsand&#160;0,3\/0,8 mm, sans poussi\u00e8re"}]},{"@type":"WebSite","@id":"https:\/\/dev.klb-koetztal.de\/fr\/#website","url":"https:\/\/dev.klb-koetztal.de\/fr\/","name":"KLB K\u00f6tztal","description":"Gute B\u00f6den haben ein System.","potentialAction":[{"@type":"SearchAction","target":{"@type":"EntryPoint","urlTemplate":"https:\/\/dev.klb-koetztal.de\/fr\/?s={search_term_string}"},"query-input":{"@type":"PropertyValueSpecification","valueRequired":true,"valueName":"search_term_string"}}],"inLanguage":"fr-FR"}]}},"_links":{"self":[{"href":"https:\/\/dev.klb-koetztal.de\/fr\/wp-json\/wp\/v2\/product\/50356","targetHints":{"allow":["GET"]}}],"collection":[{"href":"https:\/\/dev.klb-koetztal.de\/fr\/wp-json\/wp\/v2\/product"}],"about":[{"href":"https:\/\/dev.klb-koetztal.de\/fr\/wp-json\/wp\/v2\/types\/product"}],"wp:featuredmedia":[{"embeddable":true,"href":"https:\/\/dev.klb-koetztal.de\/fr\/wp-json\/wp\/v2\/media\/49427"}],"wp:attachment":[{"href":"https:\/\/dev.klb-koetztal.de\/fr\/wp-json\/wp\/v2\/media?parent=50356"}],"wp:term":[{"taxonomy":"product_brand","embeddable":true,"href":"https:\/\/dev.klb-koetztal.de\/fr\/wp-json\/wp\/v2\/product_brand?post=50356"},{"taxonomy":"product_cat","embeddable":true,"href":"https:\/\/dev.klb-koetztal.de\/fr\/wp-json\/wp\/v2\/product_cat?post=50356"},{"taxonomy":"product_tag","embeddable":true,"href":"https:\/\/dev.klb-koetztal.de\/fr\/wp-json\/wp\/v2\/product_tag?post=50356"}],"curies":[{"name":"wp","href":"https:\/\/api.w.org\/{rel}","templated":true}]}}