{"id":50341,"date":"2022-03-14T11:14:48","date_gmt":"2022-03-14T10:14:48","guid":{"rendered":"https:\/\/dev.klb-koetztal.de\/produkt\/klb-system-verduenner-und-reiniger-vr-119\/"},"modified":"2026-02-25T12:18:36","modified_gmt":"2026-02-25T11:18:36","slug":"klb-system-verduenner-und-reiniger-vr-119","status":"publish","type":"product","link":"https:\/\/dev.klb-koetztal.de\/fr\/produkt\/klb-system-verduenner-und-reiniger-vr-119\/","title":{"rendered":"KLB-SYSTEM REINIGER VR 119"},"content":{"rendered":"","protected":false},"excerpt":{"rendered":"<p>M\u00e9lange de solvants&#160;avec&#160;un fort effet dissolvant pour le nettoyage des outils et des machines apr\u00e8s avoir travaill\u00e9 avec les&#160;r\u00e9sines acryliques, m\u00eame apr\u00e8s un l\u00e9ger durcissement des r\u00e9sines.<br \/>\nNe convient pas \u00e0 la dilution !<br \/>\nHautement inflammable.<\/p>\n","protected":false},"featured_media":50342,"template":"","meta":{"_acf_changed":false},"product_brand":[],"product_cat":[10098,10116],"product_tag":[],"class_list":{"0":"post-50341","1":"product","2":"type-product","3":"status-publish","4":"has-post-thumbnail","6":"product_cat-diluants-produits-dentretien-et-detergents","7":"product_cat-diluants-produits-dentretien-et-detergents_diluant","9":"first","10":"instock","11":"shipping-taxable","12":"product-type-simple"},"acf":{"product_header":{"module_product_header":{"":null,"prototype_headline":{"headline":"KLB-SYSTEM REINIGER VR 119","h1":true,"subheadline":"M\u00e9lange de solvants&#160;pour le nettoyage des&#160;r\u00e9sines acryliques","anchor":"","url":""},"grid_text_slider":false,"grid_text_content":[{"text":"<p class=\"product-short-title\" style=\"text-align: center;\"><strong>Br\u00e8ve description<\/strong><\/p>\n<p>M\u00e9lange de solvants&#160;avec&#160;un fort effet dissolvant pour le nettoyage des outils et des machines apr\u00e8s avoir travaill\u00e9 avec les&#160;r\u00e9sines acryliques, m\u00eame apr\u00e8s un l\u00e9ger durcissement des r\u00e9sines.<\/p>\n<p>Ne convient pas \u00e0 la dilution !<\/p>\n<p>Hautement inflammable.<\/p>\n","width":"4","background_color_text":"bg-white","border_color":"border-gray-light"},{"text":"<p class=\"product-sicing-title\" style=\"text-align: center;\"><strong>Unit\u00e9s d'emballage<\/strong><\/p>\n<ul>\n<li>MA0010-55 &#8211; Bidon 10,00 l<\/li>\n<li>MA0010-02 &#8211; F\u00fbt 200,00 l<\/li>\n<\/ul>\n<p><\/p>\n<p>N&rsquo;h\u00e9sitez pas \u00e0 contacter directement pour toute demande concernant des quantit\u00e9s de livraison ou des unit\u00e9s de conditionnement plus importantes.<\/p>\n\n","width":"4","background_color_text":"bg-white","border_color":"border-gray-light"},{"text":"<p class=\"product-attr-title\" style=\"text-align: center;\"><strong>Propri\u00e9t\u00e9s<\/strong><\/p>\n<ul><\/ul>\n","width":"4","background_color_text":"bg-white","border_color":"border-gray-light"}],"background_color":"bg-none","background_color_content":"bg-none"}},"downloads":{"module_download_list":{"inhalt":null,"downloads":[{"download":{"ID":65201,"id":65201,"title":"VR_119_PI_fr_2025_06","filename":"VR_119_PI_fr_2025_06.pdf","filesize":224597,"url":"https:\/\/dev.klb-koetztal.de\/app\/uploads\/2025\/06\/VR_119_PI_fr_2025_06.pdf","link":"https:\/\/dev.klb-koetztal.de\/fr\/?attachment_id=65201","alt":"","author":"7","description":"","caption":"","name":"vr_119_pi_fr_2025_06-2","status":"inherit","uploaded_to":0,"date":"2025-06-04 08:30:15","modified":"2025-06-04 08:30:15","menu_order":0,"mime_type":"application\/pdf","type":"application","subtype":"pdf","icon":"https:\/\/dev.klb-koetztal.de\/wp\/wp-includes\/images\/media\/document.png"},"filename":"Information produit","protected":false,"doclang":"FR","externalkey":"Produktinformation","docpos":"3"},{"download":false,"filename":"Fiche de donn\u00e9es de s\u00e9curit\u00e9","protected":true,"doclang":"FR","externalkey":"Sicherheitsdatenblatt","docpos":"3"}],"einstellungen":null,"background_color":"bg-none","background_color_content":"bg-none"}},"included_in_systems":{"module_included_in_systems":{"":null,"background_color":"bg-gray-medium","background_color_content":"bg-none"}},"contact":{"module_contact":{"":null,"background_color":"bg-none","background_color_content":"bg-none"}},"ausschreibende":{"module_ausschreibende":{"andern_sie_den_inhalt_unter_universelle_elemente":null,"background_color":"bg-none","background_color_content":"bg-none"}}},"yoast_head":"<!-- This site is optimized with the Yoast SEO plugin v27.0 - https:\/\/yoast.com\/product\/yoast-seo-wordpress\/ -->\n<title>Nettoyant VR 119 pour la r\u00e9sine acrylique durcie | KLB K\u00f6tztal<\/title>\n<meta name=\"description\" content=\"Nettoyant VR 33 puissant, solvant\u00e9 pour les r\u00e9sines acryliques | KLB nettoyage d&#039;outils et de machines \u2714\ufe0fsolvable m\u00eame sur mat\u00e9riau l\u00e9g\u00e8rement durci\" \/>\n<meta name=\"robots\" content=\"noindex, follow, max-snippet:-1, max-image-preview:large, max-video-preview:-1\" \/>\n<meta property=\"og:locale\" content=\"fr_FR\" \/>\n<meta property=\"og:type\" content=\"article\" \/>\n<meta property=\"og:title\" content=\"Nettoyant VR 119 pour la r\u00e9sine acrylique durcie | KLB K\u00f6tztal\" \/>\n<meta property=\"og:description\" content=\"Nettoyant VR 33 puissant, solvant\u00e9 pour les r\u00e9sines acryliques | KLB nettoyage d&#039;outils et de machines \u2714\ufe0fsolvable m\u00eame sur mat\u00e9riau l\u00e9g\u00e8rement durci\" \/>\n<meta property=\"og:url\" content=\"https:\/\/dev.klb-koetztal.de\/fr\/produkt\/klb-system-verduenner-und-reiniger-vr-119\/\" \/>\n<meta property=\"og:site_name\" content=\"KLB K\u00f6tztal\" \/>\n<meta property=\"article:publisher\" content=\"https:\/\/www.facebook.com\/klbkoetztal\" \/>\n<meta property=\"article:modified_time\" content=\"2026-02-25T11:18:36+00:00\" \/>\n<meta property=\"og:image\" content=\"https:\/\/dev.klb-koetztal.de\/app\/uploads\/2022\/03\/VR119.jpg\" \/>\n\t<meta property=\"og:image:width\" content=\"500\" \/>\n\t<meta property=\"og:image:height\" content=\"500\" \/>\n\t<meta property=\"og:image:type\" content=\"image\/jpeg\" \/>\n<meta name=\"twitter:card\" content=\"summary_large_image\" \/>\n<script type=\"application\/ld+json\" class=\"yoast-schema-graph\">{\"@context\":\"https:\/\/schema.org\",\"@graph\":[{\"@type\":\"WebPage\",\"@id\":\"https:\/\/dev.klb-koetztal.de\/fr\/produkt\/klb-system-verduenner-und-reiniger-vr-119\/\",\"url\":\"https:\/\/dev.klb-koetztal.de\/fr\/produkt\/klb-system-verduenner-und-reiniger-vr-119\/\",\"name\":\"Nettoyant VR 119 pour la r\u00e9sine acrylique durcie | KLB K\u00f6tztal\",\"isPartOf\":{\"@id\":\"https:\/\/dev.klb-koetztal.de\/fr\/#website\"},\"primaryImageOfPage\":{\"@id\":\"https:\/\/dev.klb-koetztal.de\/fr\/produkt\/klb-system-verduenner-und-reiniger-vr-119\/#primaryimage\"},\"image\":{\"@id\":\"https:\/\/dev.klb-koetztal.de\/fr\/produkt\/klb-system-verduenner-und-reiniger-vr-119\/#primaryimage\"},\"thumbnailUrl\":\"https:\/\/dev.klb-koetztal.de\/app\/uploads\/2022\/03\/VR119.jpg\",\"datePublished\":\"2022-03-14T10:14:48+00:00\",\"dateModified\":\"2026-02-25T11:18:36+00:00\",\"description\":\"Nettoyant VR 33 puissant, solvant\u00e9 pour les r\u00e9sines acryliques | KLB nettoyage d'outils et de machines \u2714\ufe0fsolvable m\u00eame sur mat\u00e9riau l\u00e9g\u00e8rement durci\",\"breadcrumb\":{\"@id\":\"https:\/\/dev.klb-koetztal.de\/fr\/produkt\/klb-system-verduenner-und-reiniger-vr-119\/#breadcrumb\"},\"inLanguage\":\"fr-FR\",\"potentialAction\":[{\"@type\":\"ReadAction\",\"target\":[\"https:\/\/dev.klb-koetztal.de\/fr\/produkt\/klb-system-verduenner-und-reiniger-vr-119\/\"]}]},{\"@type\":\"ImageObject\",\"inLanguage\":\"fr-FR\",\"@id\":\"https:\/\/dev.klb-koetztal.de\/fr\/produkt\/klb-system-verduenner-und-reiniger-vr-119\/#primaryimage\",\"url\":\"https:\/\/dev.klb-koetztal.de\/app\/uploads\/2022\/03\/VR119.jpg\",\"contentUrl\":\"https:\/\/dev.klb-koetztal.de\/app\/uploads\/2022\/03\/VR119.jpg\",\"width\":500,\"height\":500},{\"@type\":\"BreadcrumbList\",\"@id\":\"https:\/\/dev.klb-koetztal.de\/fr\/produkt\/klb-system-verduenner-und-reiniger-vr-119\/#breadcrumb\",\"itemListElement\":[{\"@type\":\"ListItem\",\"position\":1,\"name\":\"Startseite\",\"item\":\"https:\/\/dev.klb-koetztal.de\/fr\/\"},{\"@type\":\"ListItem\",\"position\":2,\"name\":\"KLB-SYSTEM REINIGER VR 119\"}]},{\"@type\":\"WebSite\",\"@id\":\"https:\/\/dev.klb-koetztal.de\/fr\/#website\",\"url\":\"https:\/\/dev.klb-koetztal.de\/fr\/\",\"name\":\"KLB K\u00f6tztal\",\"description\":\"Gute B\u00f6den haben ein System.\",\"potentialAction\":[{\"@type\":\"SearchAction\",\"target\":{\"@type\":\"EntryPoint\",\"urlTemplate\":\"https:\/\/dev.klb-koetztal.de\/fr\/?s={search_term_string}\"},\"query-input\":{\"@type\":\"PropertyValueSpecification\",\"valueRequired\":true,\"valueName\":\"search_term_string\"}}],\"inLanguage\":\"fr-FR\"}]}<\/script>\n<!-- \/ Yoast SEO plugin. -->","yoast_head_json":{"title":"Nettoyant VR 119 pour la r\u00e9sine acrylique durcie | KLB K\u00f6tztal","description":"Nettoyant VR 33 puissant, solvant\u00e9 pour les r\u00e9sines acryliques | KLB nettoyage d'outils et de machines \u2714\ufe0fsolvable m\u00eame sur mat\u00e9riau l\u00e9g\u00e8rement durci","robots":{"index":"noindex","follow":"follow","max-snippet":"max-snippet:-1","max-image-preview":"max-image-preview:large","max-video-preview":"max-video-preview:-1"},"og_locale":"fr_FR","og_type":"article","og_title":"Nettoyant VR 119 pour la r\u00e9sine acrylique durcie | KLB K\u00f6tztal","og_description":"Nettoyant VR 33 puissant, solvant\u00e9 pour les r\u00e9sines acryliques | KLB nettoyage d'outils et de machines \u2714\ufe0fsolvable m\u00eame sur mat\u00e9riau l\u00e9g\u00e8rement durci","og_url":"https:\/\/dev.klb-koetztal.de\/fr\/produkt\/klb-system-verduenner-und-reiniger-vr-119\/","og_site_name":"KLB K\u00f6tztal","article_publisher":"https:\/\/www.facebook.com\/klbkoetztal","article_modified_time":"2026-02-25T11:18:36+00:00","og_image":[{"width":500,"height":500,"url":"https:\/\/dev.klb-koetztal.de\/app\/uploads\/2022\/03\/VR119.jpg","type":"image\/jpeg"}],"twitter_card":"summary_large_image","schema":{"@context":"https:\/\/schema.org","@graph":[{"@type":"WebPage","@id":"https:\/\/dev.klb-koetztal.de\/fr\/produkt\/klb-system-verduenner-und-reiniger-vr-119\/","url":"https:\/\/dev.klb-koetztal.de\/fr\/produkt\/klb-system-verduenner-und-reiniger-vr-119\/","name":"Nettoyant VR 119 pour la r\u00e9sine acrylique durcie | KLB K\u00f6tztal","isPartOf":{"@id":"https:\/\/dev.klb-koetztal.de\/fr\/#website"},"primaryImageOfPage":{"@id":"https:\/\/dev.klb-koetztal.de\/fr\/produkt\/klb-system-verduenner-und-reiniger-vr-119\/#primaryimage"},"image":{"@id":"https:\/\/dev.klb-koetztal.de\/fr\/produkt\/klb-system-verduenner-und-reiniger-vr-119\/#primaryimage"},"thumbnailUrl":"https:\/\/dev.klb-koetztal.de\/app\/uploads\/2022\/03\/VR119.jpg","datePublished":"2022-03-14T10:14:48+00:00","dateModified":"2026-02-25T11:18:36+00:00","description":"Nettoyant VR 33 puissant, solvant\u00e9 pour les r\u00e9sines acryliques | KLB nettoyage d'outils et de machines \u2714\ufe0fsolvable m\u00eame sur mat\u00e9riau l\u00e9g\u00e8rement durci","breadcrumb":{"@id":"https:\/\/dev.klb-koetztal.de\/fr\/produkt\/klb-system-verduenner-und-reiniger-vr-119\/#breadcrumb"},"inLanguage":"fr-FR","potentialAction":[{"@type":"ReadAction","target":["https:\/\/dev.klb-koetztal.de\/fr\/produkt\/klb-system-verduenner-und-reiniger-vr-119\/"]}]},{"@type":"ImageObject","inLanguage":"fr-FR","@id":"https:\/\/dev.klb-koetztal.de\/fr\/produkt\/klb-system-verduenner-und-reiniger-vr-119\/#primaryimage","url":"https:\/\/dev.klb-koetztal.de\/app\/uploads\/2022\/03\/VR119.jpg","contentUrl":"https:\/\/dev.klb-koetztal.de\/app\/uploads\/2022\/03\/VR119.jpg","width":500,"height":500},{"@type":"BreadcrumbList","@id":"https:\/\/dev.klb-koetztal.de\/fr\/produkt\/klb-system-verduenner-und-reiniger-vr-119\/#breadcrumb","itemListElement":[{"@type":"ListItem","position":1,"name":"Startseite","item":"https:\/\/dev.klb-koetztal.de\/fr\/"},{"@type":"ListItem","position":2,"name":"KLB-SYSTEM REINIGER VR 119"}]},{"@type":"WebSite","@id":"https:\/\/dev.klb-koetztal.de\/fr\/#website","url":"https:\/\/dev.klb-koetztal.de\/fr\/","name":"KLB K\u00f6tztal","description":"Gute B\u00f6den haben ein System.","potentialAction":[{"@type":"SearchAction","target":{"@type":"EntryPoint","urlTemplate":"https:\/\/dev.klb-koetztal.de\/fr\/?s={search_term_string}"},"query-input":{"@type":"PropertyValueSpecification","valueRequired":true,"valueName":"search_term_string"}}],"inLanguage":"fr-FR"}]}},"_links":{"self":[{"href":"https:\/\/dev.klb-koetztal.de\/fr\/wp-json\/wp\/v2\/product\/50341","targetHints":{"allow":["GET"]}}],"collection":[{"href":"https:\/\/dev.klb-koetztal.de\/fr\/wp-json\/wp\/v2\/product"}],"about":[{"href":"https:\/\/dev.klb-koetztal.de\/fr\/wp-json\/wp\/v2\/types\/product"}],"wp:featuredmedia":[{"embeddable":true,"href":"https:\/\/dev.klb-koetztal.de\/fr\/wp-json\/wp\/v2\/media\/50342"}],"wp:attachment":[{"href":"https:\/\/dev.klb-koetztal.de\/fr\/wp-json\/wp\/v2\/media?parent=50341"}],"wp:term":[{"taxonomy":"product_brand","embeddable":true,"href":"https:\/\/dev.klb-koetztal.de\/fr\/wp-json\/wp\/v2\/product_brand?post=50341"},{"taxonomy":"product_cat","embeddable":true,"href":"https:\/\/dev.klb-koetztal.de\/fr\/wp-json\/wp\/v2\/product_cat?post=50341"},{"taxonomy":"product_tag","embeddable":true,"href":"https:\/\/dev.klb-koetztal.de\/fr\/wp-json\/wp\/v2\/product_tag?post=50341"}],"curies":[{"name":"wp","href":"https:\/\/api.w.org\/{rel}","templated":true}]}}