{"id":50326,"date":"2022-03-14T11:14:28","date_gmt":"2022-03-14T10:14:28","guid":{"rendered":"https:\/\/dev.klb-koetztal.de\/produkt\/klb-system-verduenner-und-reiniger-vr-24\/"},"modified":"2026-02-25T12:22:25","modified_gmt":"2026-02-25T11:22:25","slug":"klb-system-verduenner-und-reiniger-vr-24","status":"publish","type":"product","link":"https:\/\/dev.klb-koetztal.de\/fr\/produkt\/klb-system-verduenner-und-reiniger-vr-24\/","title":{"rendered":"KLB-SYSTEM VERD\u00dcNNER UND REINIGER VR 24"},"content":{"rendered":"","protected":false},"excerpt":{"rendered":"<p>Produit de nettoyage et de&#160;dilution pour les r\u00e9sines \u00e9poxy.&#160;Diluant et nettoyant doux, de pr\u00e9f\u00e9rence pour les r\u00e9sines \u00e9poxydes.<br \/>\nHautement inflammable.<br \/>\nNe convient pas aux r\u00e9sines polyur\u00e9thanes !<\/p>\n","protected":false},"featured_media":50327,"template":"","meta":{"_acf_changed":false},"product_brand":[],"product_cat":[10098,10116],"product_tag":[],"class_list":{"0":"post-50326","1":"product","2":"type-product","3":"status-publish","4":"has-post-thumbnail","6":"product_cat-diluants-produits-dentretien-et-detergents","7":"product_cat-diluants-produits-dentretien-et-detergents_diluant","9":"first","10":"instock","11":"shipping-taxable","12":"product-type-simple"},"acf":{"product_header":{"module_product_header":{"":null,"prototype_headline":{"headline":"KLB-SYSTEM VERD\u00dcNNER UND REINIGER VR 24","h1":true,"subheadline":"M\u00e9lange de solvants pour le nettoyage et la dilution des r\u00e9sines \u00e9poxy","anchor":"","url":""},"grid_text_slider":false,"grid_text_content":[{"text":"<p class=\"product-short-title\" style=\"text-align: center;\"><strong>Br\u00e8ve description<\/strong><\/p>\n<p>Produit de nettoyage et de&#160;dilution pour les r\u00e9sines \u00e9poxy.&#160;Diluant et nettoyant doux, de pr\u00e9f\u00e9rence pour les r\u00e9sines \u00e9poxydes.<\/p>\n<p>Hautement inflammable.<\/p>\n<p>Ne convient pas aux r\u00e9sines polyur\u00e9thanes !<\/p>\n","width":"4","background_color_text":"bg-white","border_color":"border-gray-light"},{"text":"<p class=\"product-sicing-title\" style=\"text-align: center;\"><strong>Unit\u00e9s d'emballage<\/strong><\/p>\n<ul>\n<li>VR9001-56 &#8211; Bidon 10,00 l<\/li>\n<\/ul>\n<p><\/p>\n<p>N&rsquo;h\u00e9sitez pas \u00e0 contacter directement pour toute demande concernant des quantit\u00e9s de livraison ou des unit\u00e9s de conditionnement plus importantes.<\/p>\n\n","width":"4","background_color_text":"bg-white","border_color":"border-gray-light"},{"text":"<p class=\"product-attr-title\" style=\"text-align: center;\"><strong>Propri\u00e9t\u00e9s<\/strong><\/p>\n<ul><\/ul>\n","width":"4","background_color_text":"bg-white","border_color":"border-gray-light"}],"background_color":"bg-none","background_color_content":"bg-none"}},"downloads":{"module_download_list":{"inhalt":null,"downloads":[{"download":{"ID":53182,"id":53182,"title":"VR_24_PI_fr_2022_10","filename":"VR_24_PI_fr_2022_10.pdf","filesize":227512,"url":"https:\/\/dev.klb-koetztal.de\/app\/uploads\/2022\/10\/VR_24_PI_fr_2022_10.pdf","link":"https:\/\/dev.klb-koetztal.de\/fr\/?attachment_id=53182","alt":"","author":"7","description":"","caption":"","name":"vr_24_pi_fr_2022_10-2","status":"inherit","uploaded_to":0,"date":"2022-10-06 11:50:44","modified":"2022-10-06 11:50:44","menu_order":0,"mime_type":"application\/pdf","type":"application","subtype":"pdf","icon":"https:\/\/dev.klb-koetztal.de\/wp\/wp-includes\/images\/media\/document.png"},"filename":"Information produit","protected":false,"doclang":"FR","externalkey":"Produktinformation","docpos":"3"},{"download":false,"filename":"Fiche de donn\u00e9es de s\u00e9curit\u00e9","protected":true,"doclang":"FR","externalkey":"Sicherheitsdatenblatt","docpos":"3"}],"einstellungen":null,"background_color":"bg-none","background_color_content":"bg-none"}},"included_in_systems":{"module_included_in_systems":{"":null,"background_color":"bg-gray-medium","background_color_content":"bg-none"}},"contact":{"module_contact":{"":null,"background_color":"bg-none","background_color_content":"bg-none"}},"ausschreibende":{"module_ausschreibende":{"andern_sie_den_inhalt_unter_universelle_elemente":null,"background_color":"bg-none","background_color_content":"bg-none"}}},"yoast_head":"<!-- This site is optimized with the Yoast SEO plugin v27.0 - https:\/\/yoast.com\/product\/yoast-seo-wordpress\/ -->\n<title>Diluant et nettoyant pour les r\u00e9sines \u00e9poxy VR 24 | KLB K\u00f6tztal<\/title>\n<meta name=\"description\" content=\"Diluant et nettoyant VR 24 solvant\u00e9 pour les r\u00e9sines \u00e9poxy | KLB nettoyage et dilution \u2714\ufe0f pour le nettoyage des outils\" \/>\n<meta name=\"robots\" content=\"noindex, follow, max-snippet:-1, max-image-preview:large, max-video-preview:-1\" \/>\n<meta property=\"og:locale\" content=\"fr_FR\" \/>\n<meta property=\"og:type\" content=\"article\" \/>\n<meta property=\"og:title\" content=\"Diluant et nettoyant pour les r\u00e9sines \u00e9poxy VR 24 | KLB K\u00f6tztal\" \/>\n<meta property=\"og:description\" content=\"Diluant et nettoyant VR 24 solvant\u00e9 pour les r\u00e9sines \u00e9poxy | KLB nettoyage et dilution \u2714\ufe0f pour le nettoyage des outils\" \/>\n<meta property=\"og:url\" content=\"https:\/\/dev.klb-koetztal.de\/fr\/produkt\/klb-system-verduenner-und-reiniger-vr-24\/\" \/>\n<meta property=\"og:site_name\" content=\"KLB K\u00f6tztal\" \/>\n<meta property=\"article:publisher\" content=\"https:\/\/www.facebook.com\/klbkoetztal\" \/>\n<meta property=\"article:modified_time\" content=\"2026-02-25T11:22:25+00:00\" \/>\n<meta property=\"og:image\" content=\"https:\/\/dev.klb-koetztal.de\/app\/uploads\/2022\/03\/VR24.jpg\" \/>\n\t<meta property=\"og:image:width\" content=\"500\" \/>\n\t<meta property=\"og:image:height\" content=\"500\" \/>\n\t<meta property=\"og:image:type\" content=\"image\/jpeg\" \/>\n<meta name=\"twitter:card\" content=\"summary_large_image\" \/>\n<script type=\"application\/ld+json\" class=\"yoast-schema-graph\">{\"@context\":\"https:\/\/schema.org\",\"@graph\":[{\"@type\":\"WebPage\",\"@id\":\"https:\/\/dev.klb-koetztal.de\/fr\/produkt\/klb-system-verduenner-und-reiniger-vr-24\/\",\"url\":\"https:\/\/dev.klb-koetztal.de\/fr\/produkt\/klb-system-verduenner-und-reiniger-vr-24\/\",\"name\":\"Diluant et nettoyant pour les r\u00e9sines \u00e9poxy VR 24 | KLB K\u00f6tztal\",\"isPartOf\":{\"@id\":\"https:\/\/dev.klb-koetztal.de\/fr\/#website\"},\"primaryImageOfPage\":{\"@id\":\"https:\/\/dev.klb-koetztal.de\/fr\/produkt\/klb-system-verduenner-und-reiniger-vr-24\/#primaryimage\"},\"image\":{\"@id\":\"https:\/\/dev.klb-koetztal.de\/fr\/produkt\/klb-system-verduenner-und-reiniger-vr-24\/#primaryimage\"},\"thumbnailUrl\":\"https:\/\/dev.klb-koetztal.de\/app\/uploads\/2022\/03\/VR24.jpg\",\"datePublished\":\"2022-03-14T10:14:28+00:00\",\"dateModified\":\"2026-02-25T11:22:25+00:00\",\"description\":\"Diluant et nettoyant VR 24 solvant\u00e9 pour les r\u00e9sines \u00e9poxy | KLB nettoyage et dilution \u2714\ufe0f pour le nettoyage des outils\",\"breadcrumb\":{\"@id\":\"https:\/\/dev.klb-koetztal.de\/fr\/produkt\/klb-system-verduenner-und-reiniger-vr-24\/#breadcrumb\"},\"inLanguage\":\"fr-FR\",\"potentialAction\":[{\"@type\":\"ReadAction\",\"target\":[\"https:\/\/dev.klb-koetztal.de\/fr\/produkt\/klb-system-verduenner-und-reiniger-vr-24\/\"]}]},{\"@type\":\"ImageObject\",\"inLanguage\":\"fr-FR\",\"@id\":\"https:\/\/dev.klb-koetztal.de\/fr\/produkt\/klb-system-verduenner-und-reiniger-vr-24\/#primaryimage\",\"url\":\"https:\/\/dev.klb-koetztal.de\/app\/uploads\/2022\/03\/VR24.jpg\",\"contentUrl\":\"https:\/\/dev.klb-koetztal.de\/app\/uploads\/2022\/03\/VR24.jpg\",\"width\":500,\"height\":500},{\"@type\":\"BreadcrumbList\",\"@id\":\"https:\/\/dev.klb-koetztal.de\/fr\/produkt\/klb-system-verduenner-und-reiniger-vr-24\/#breadcrumb\",\"itemListElement\":[{\"@type\":\"ListItem\",\"position\":1,\"name\":\"Startseite\",\"item\":\"https:\/\/dev.klb-koetztal.de\/fr\/\"},{\"@type\":\"ListItem\",\"position\":2,\"name\":\"KLB-SYSTEM VERD\u00dcNNER UND REINIGER VR 24\"}]},{\"@type\":\"WebSite\",\"@id\":\"https:\/\/dev.klb-koetztal.de\/fr\/#website\",\"url\":\"https:\/\/dev.klb-koetztal.de\/fr\/\",\"name\":\"KLB K\u00f6tztal\",\"description\":\"Gute B\u00f6den haben ein System.\",\"potentialAction\":[{\"@type\":\"SearchAction\",\"target\":{\"@type\":\"EntryPoint\",\"urlTemplate\":\"https:\/\/dev.klb-koetztal.de\/fr\/?s={search_term_string}\"},\"query-input\":{\"@type\":\"PropertyValueSpecification\",\"valueRequired\":true,\"valueName\":\"search_term_string\"}}],\"inLanguage\":\"fr-FR\"}]}<\/script>\n<!-- \/ Yoast SEO plugin. -->","yoast_head_json":{"title":"Diluant et nettoyant pour les r\u00e9sines \u00e9poxy VR 24 | KLB K\u00f6tztal","description":"Diluant et nettoyant VR 24 solvant\u00e9 pour les r\u00e9sines \u00e9poxy | KLB nettoyage et dilution \u2714\ufe0f pour le nettoyage des outils","robots":{"index":"noindex","follow":"follow","max-snippet":"max-snippet:-1","max-image-preview":"max-image-preview:large","max-video-preview":"max-video-preview:-1"},"og_locale":"fr_FR","og_type":"article","og_title":"Diluant et nettoyant pour les r\u00e9sines \u00e9poxy VR 24 | KLB K\u00f6tztal","og_description":"Diluant et nettoyant VR 24 solvant\u00e9 pour les r\u00e9sines \u00e9poxy | KLB nettoyage et dilution \u2714\ufe0f pour le nettoyage des outils","og_url":"https:\/\/dev.klb-koetztal.de\/fr\/produkt\/klb-system-verduenner-und-reiniger-vr-24\/","og_site_name":"KLB K\u00f6tztal","article_publisher":"https:\/\/www.facebook.com\/klbkoetztal","article_modified_time":"2026-02-25T11:22:25+00:00","og_image":[{"width":500,"height":500,"url":"https:\/\/dev.klb-koetztal.de\/app\/uploads\/2022\/03\/VR24.jpg","type":"image\/jpeg"}],"twitter_card":"summary_large_image","schema":{"@context":"https:\/\/schema.org","@graph":[{"@type":"WebPage","@id":"https:\/\/dev.klb-koetztal.de\/fr\/produkt\/klb-system-verduenner-und-reiniger-vr-24\/","url":"https:\/\/dev.klb-koetztal.de\/fr\/produkt\/klb-system-verduenner-und-reiniger-vr-24\/","name":"Diluant et nettoyant pour les r\u00e9sines \u00e9poxy VR 24 | KLB K\u00f6tztal","isPartOf":{"@id":"https:\/\/dev.klb-koetztal.de\/fr\/#website"},"primaryImageOfPage":{"@id":"https:\/\/dev.klb-koetztal.de\/fr\/produkt\/klb-system-verduenner-und-reiniger-vr-24\/#primaryimage"},"image":{"@id":"https:\/\/dev.klb-koetztal.de\/fr\/produkt\/klb-system-verduenner-und-reiniger-vr-24\/#primaryimage"},"thumbnailUrl":"https:\/\/dev.klb-koetztal.de\/app\/uploads\/2022\/03\/VR24.jpg","datePublished":"2022-03-14T10:14:28+00:00","dateModified":"2026-02-25T11:22:25+00:00","description":"Diluant et nettoyant VR 24 solvant\u00e9 pour les r\u00e9sines \u00e9poxy | KLB nettoyage et dilution \u2714\ufe0f pour le nettoyage des outils","breadcrumb":{"@id":"https:\/\/dev.klb-koetztal.de\/fr\/produkt\/klb-system-verduenner-und-reiniger-vr-24\/#breadcrumb"},"inLanguage":"fr-FR","potentialAction":[{"@type":"ReadAction","target":["https:\/\/dev.klb-koetztal.de\/fr\/produkt\/klb-system-verduenner-und-reiniger-vr-24\/"]}]},{"@type":"ImageObject","inLanguage":"fr-FR","@id":"https:\/\/dev.klb-koetztal.de\/fr\/produkt\/klb-system-verduenner-und-reiniger-vr-24\/#primaryimage","url":"https:\/\/dev.klb-koetztal.de\/app\/uploads\/2022\/03\/VR24.jpg","contentUrl":"https:\/\/dev.klb-koetztal.de\/app\/uploads\/2022\/03\/VR24.jpg","width":500,"height":500},{"@type":"BreadcrumbList","@id":"https:\/\/dev.klb-koetztal.de\/fr\/produkt\/klb-system-verduenner-und-reiniger-vr-24\/#breadcrumb","itemListElement":[{"@type":"ListItem","position":1,"name":"Startseite","item":"https:\/\/dev.klb-koetztal.de\/fr\/"},{"@type":"ListItem","position":2,"name":"KLB-SYSTEM VERD\u00dcNNER UND REINIGER VR 24"}]},{"@type":"WebSite","@id":"https:\/\/dev.klb-koetztal.de\/fr\/#website","url":"https:\/\/dev.klb-koetztal.de\/fr\/","name":"KLB K\u00f6tztal","description":"Gute B\u00f6den haben ein System.","potentialAction":[{"@type":"SearchAction","target":{"@type":"EntryPoint","urlTemplate":"https:\/\/dev.klb-koetztal.de\/fr\/?s={search_term_string}"},"query-input":{"@type":"PropertyValueSpecification","valueRequired":true,"valueName":"search_term_string"}}],"inLanguage":"fr-FR"}]}},"_links":{"self":[{"href":"https:\/\/dev.klb-koetztal.de\/fr\/wp-json\/wp\/v2\/product\/50326","targetHints":{"allow":["GET"]}}],"collection":[{"href":"https:\/\/dev.klb-koetztal.de\/fr\/wp-json\/wp\/v2\/product"}],"about":[{"href":"https:\/\/dev.klb-koetztal.de\/fr\/wp-json\/wp\/v2\/types\/product"}],"wp:featuredmedia":[{"embeddable":true,"href":"https:\/\/dev.klb-koetztal.de\/fr\/wp-json\/wp\/v2\/media\/50327"}],"wp:attachment":[{"href":"https:\/\/dev.klb-koetztal.de\/fr\/wp-json\/wp\/v2\/media?parent=50326"}],"wp:term":[{"taxonomy":"product_brand","embeddable":true,"href":"https:\/\/dev.klb-koetztal.de\/fr\/wp-json\/wp\/v2\/product_brand?post=50326"},{"taxonomy":"product_cat","embeddable":true,"href":"https:\/\/dev.klb-koetztal.de\/fr\/wp-json\/wp\/v2\/product_cat?post=50326"},{"taxonomy":"product_tag","embeddable":true,"href":"https:\/\/dev.klb-koetztal.de\/fr\/wp-json\/wp\/v2\/product_tag?post=50326"}],"curies":[{"name":"wp","href":"https:\/\/api.w.org\/{rel}","templated":true}]}}