{"id":50321,"date":"2022-03-14T11:14:20","date_gmt":"2022-03-14T10:14:20","guid":{"rendered":"https:\/\/dev.klb-koetztal.de\/produkt\/klb-system-industriebodenpflege-ps-90-pflegeversiegelung-antistatique\/"},"modified":"2026-02-25T12:11:08","modified_gmt":"2026-02-25T11:11:08","slug":"klb-system-industriebodenpflege-ps-90-pflegeversiegelung-antistatique","status":"publish","type":"product","link":"https:\/\/dev.klb-koetztal.de\/fr\/produkt\/klb-system-industriebodenpflege-ps-90-pflegeversiegelung-antistatique\/","title":{"rendered":"KLB-SYSTEM Industriebodenpflege PS 90 Pflegeversiegelung, antistatique"},"content":{"rendered":"","protected":false},"excerpt":{"rendered":"<p>Finition protectrice de haute qualit\u00e9 et antistatique pour les sols industriels \u00e9lectro-dissipateurs. \u00c0&#160;utiliser surtout sur le rev\u00eatement KLB-SYSTEM EPOXID EP 785 EL+.<\/p>\n","protected":false},"featured_media":50322,"template":"","meta":{"_acf_changed":false},"product_brand":[],"product_cat":[10098,10099],"product_tag":[],"class_list":{"0":"post-50321","1":"product","2":"type-product","3":"status-publish","4":"has-post-thumbnail","6":"product_cat-diluants-produits-dentretien-et-detergents","7":"product_cat-diluants-produits-dentretien-et-detergents_produits-dentretien","9":"first","10":"instock","11":"shipping-taxable","12":"product-type-simple"},"acf":{"product_header":{"module_product_header":{"":null,"prototype_headline":{"headline":"KLB-SYSTEM Industriebodenpflege PS 90 Pflegeversiegelung, antistatique","h1":true,"subheadline":"Finition protectrice antistatique de haute qualit\u00e9 pour les sols industriels et commerciaux dissipateurs","anchor":"","url":""},"grid_text_slider":false,"grid_text_content":[{"text":"<p class=\"product-short-title\" style=\"text-align: center;\"><strong>Br\u00e8ve description<\/strong><\/p>\n<p>Finition protectrice de haute qualit\u00e9 et antistatique pour les sols industriels \u00e9lectro-dissipateurs. \u00c0&#160;utiliser surtout sur le rev\u00eatement KLB-SYSTEM EPOXID EP 785 EL+.<\/p>\n","width":"4","background_color_text":"bg-white","border_color":"border-gray-light"},{"text":"<p class=\"product-sicing-title\" style=\"text-align: center;\"><strong>Unit\u00e9s d'emballage<\/strong><\/p>\n<ul>\n<li>DP7995-70 &#8211; Bidon 5,00 l<\/li>\n<\/ul>\n<p><\/p>\n<p>N&rsquo;h\u00e9sitez pas \u00e0 contacter directement pour toute demande concernant des quantit\u00e9s de livraison ou des unit\u00e9s de conditionnement plus importantes.<\/p>\n\n","width":"4","background_color_text":"bg-white","border_color":"border-gray-light"},{"text":"<p class=\"product-attr-title\" style=\"text-align: center;\"><strong>Propri\u00e9t\u00e9s<\/strong><\/p>\n<ul>\n<li>satin\u00e9 brillant<\/li>\n<li>antistatique<\/li>\n<li>utilisation simple<\/li>\n<li>bonne aptitude au nettoyage<\/li>\n<li>facilit\u00e9 de mise en \u0153uvre<\/li>\n<\/ul>\n","width":"4","background_color_text":"bg-white","border_color":"border-gray-light"}],"background_color":"bg-none","background_color_content":"bg-none"}},"downloads":{"module_download_list":{"inhalt":null,"downloads":[{"download":{"ID":60376,"id":60376,"title":"PS_90_Pflegeversiegelung_antistatisch_PI_fr_2024_02","filename":"PS_90_Pflegeversiegelung_antistatisch_PI_fr_2024_02.pdf","filesize":242372,"url":"https:\/\/dev.klb-koetztal.de\/app\/uploads\/2024\/03\/PS_90_Pflegeversiegelung_antistatisch_PI_fr_2024_02.pdf","link":"https:\/\/dev.klb-koetztal.de\/fr\/?attachment_id=60376","alt":"","author":"7","description":"","caption":"","name":"ps_90_pflegeversiegelung_antistatisch_pi_fr_2024_02-2-2","status":"inherit","uploaded_to":0,"date":"2024-03-05 07:27:38","modified":"2024-03-05 07:27:38","menu_order":0,"mime_type":"application\/pdf","type":"application","subtype":"pdf","icon":"https:\/\/dev.klb-koetztal.de\/wp\/wp-includes\/images\/media\/document.png"},"filename":"Information produit","protected":false,"doclang":"FR","externalkey":"Produktinformation","docpos":"3"},{"download":false,"filename":"Fiche de donn\u00e9es de s\u00e9curit\u00e9","protected":true,"doclang":"FR","externalkey":"Sicherheitsdatenblatt","docpos":"3"}],"einstellungen":null,"background_color":"bg-none","background_color_content":"bg-none"}},"included_in_systems":{"module_included_in_systems":{"":null,"background_color":"bg-gray-medium","background_color_content":"bg-none"}},"contact":{"module_contact":{"":null,"background_color":"bg-none","background_color_content":"bg-none"}},"ausschreibende":{"module_ausschreibende":{"andern_sie_den_inhalt_unter_universelle_elemente":null,"background_color":"bg-none","background_color_content":"bg-none"}}},"yoast_head":"<!-- This site is optimized with the Yoast SEO plugin v27.0 - https:\/\/yoast.com\/product\/yoast-seo-wordpress\/ -->\n<title>Finition protectrice de haute qualit\u00e9 PS 90 | KLB K\u00f6tztal<\/title>\n<meta name=\"description\" content=\"Finition protectrice PS 90 soignante, dissipatrice pour les sols industriels | KLB entretien de sol \u2714\ufe0f contraintes l\u00e9g\u00e8res et moyennes \u00e0 l&#039;int\u00e9rieur\" \/>\n<meta name=\"robots\" content=\"noindex, follow, max-snippet:-1, max-image-preview:large, max-video-preview:-1\" \/>\n<meta property=\"og:locale\" content=\"fr_FR\" \/>\n<meta property=\"og:type\" content=\"article\" \/>\n<meta property=\"og:title\" content=\"Finition protectrice de haute qualit\u00e9 PS 90 | KLB K\u00f6tztal\" \/>\n<meta property=\"og:description\" content=\"Finition protectrice PS 90 soignante, dissipatrice pour les sols industriels | KLB entretien de sol \u2714\ufe0f contraintes l\u00e9g\u00e8res et moyennes \u00e0 l&#039;int\u00e9rieur\" \/>\n<meta property=\"og:url\" content=\"https:\/\/dev.klb-koetztal.de\/fr\/produkt\/klb-system-industriebodenpflege-ps-90-pflegeversiegelung-antistatique\/\" \/>\n<meta property=\"og:site_name\" content=\"KLB K\u00f6tztal\" \/>\n<meta property=\"article:publisher\" content=\"https:\/\/www.facebook.com\/klbkoetztal\" \/>\n<meta property=\"article:modified_time\" content=\"2026-02-25T11:11:08+00:00\" \/>\n<meta property=\"og:image\" content=\"https:\/\/dev.klb-koetztal.de\/app\/uploads\/2022\/03\/PS90.jpg\" \/>\n\t<meta property=\"og:image:width\" content=\"500\" \/>\n\t<meta property=\"og:image:height\" content=\"500\" \/>\n\t<meta property=\"og:image:type\" content=\"image\/jpeg\" \/>\n<meta name=\"twitter:card\" content=\"summary_large_image\" \/>\n<script type=\"application\/ld+json\" class=\"yoast-schema-graph\">{\"@context\":\"https:\/\/schema.org\",\"@graph\":[{\"@type\":\"WebPage\",\"@id\":\"https:\/\/dev.klb-koetztal.de\/fr\/produkt\/klb-system-industriebodenpflege-ps-90-pflegeversiegelung-antistatique\/\",\"url\":\"https:\/\/dev.klb-koetztal.de\/fr\/produkt\/klb-system-industriebodenpflege-ps-90-pflegeversiegelung-antistatique\/\",\"name\":\"Finition protectrice de haute qualit\u00e9 PS 90 | KLB K\u00f6tztal\",\"isPartOf\":{\"@id\":\"https:\/\/dev.klb-koetztal.de\/fr\/#website\"},\"primaryImageOfPage\":{\"@id\":\"https:\/\/dev.klb-koetztal.de\/fr\/produkt\/klb-system-industriebodenpflege-ps-90-pflegeversiegelung-antistatique\/#primaryimage\"},\"image\":{\"@id\":\"https:\/\/dev.klb-koetztal.de\/fr\/produkt\/klb-system-industriebodenpflege-ps-90-pflegeversiegelung-antistatique\/#primaryimage\"},\"thumbnailUrl\":\"https:\/\/dev.klb-koetztal.de\/app\/uploads\/2022\/03\/PS90.jpg\",\"datePublished\":\"2022-03-14T10:14:20+00:00\",\"dateModified\":\"2026-02-25T11:11:08+00:00\",\"description\":\"Finition protectrice PS 90 soignante, dissipatrice pour les sols industriels | KLB entretien de sol \u2714\ufe0f contraintes l\u00e9g\u00e8res et moyennes \u00e0 l'int\u00e9rieur\",\"breadcrumb\":{\"@id\":\"https:\/\/dev.klb-koetztal.de\/fr\/produkt\/klb-system-industriebodenpflege-ps-90-pflegeversiegelung-antistatique\/#breadcrumb\"},\"inLanguage\":\"fr-FR\",\"potentialAction\":[{\"@type\":\"ReadAction\",\"target\":[\"https:\/\/dev.klb-koetztal.de\/fr\/produkt\/klb-system-industriebodenpflege-ps-90-pflegeversiegelung-antistatique\/\"]}]},{\"@type\":\"ImageObject\",\"inLanguage\":\"fr-FR\",\"@id\":\"https:\/\/dev.klb-koetztal.de\/fr\/produkt\/klb-system-industriebodenpflege-ps-90-pflegeversiegelung-antistatique\/#primaryimage\",\"url\":\"https:\/\/dev.klb-koetztal.de\/app\/uploads\/2022\/03\/PS90.jpg\",\"contentUrl\":\"https:\/\/dev.klb-koetztal.de\/app\/uploads\/2022\/03\/PS90.jpg\",\"width\":500,\"height\":500},{\"@type\":\"BreadcrumbList\",\"@id\":\"https:\/\/dev.klb-koetztal.de\/fr\/produkt\/klb-system-industriebodenpflege-ps-90-pflegeversiegelung-antistatique\/#breadcrumb\",\"itemListElement\":[{\"@type\":\"ListItem\",\"position\":1,\"name\":\"Startseite\",\"item\":\"https:\/\/dev.klb-koetztal.de\/fr\/\"},{\"@type\":\"ListItem\",\"position\":2,\"name\":\"KLB-SYSTEM Industriebodenpflege PS 90 Pflegeversiegelung, antistatique\"}]},{\"@type\":\"WebSite\",\"@id\":\"https:\/\/dev.klb-koetztal.de\/fr\/#website\",\"url\":\"https:\/\/dev.klb-koetztal.de\/fr\/\",\"name\":\"KLB K\u00f6tztal\",\"description\":\"Gute B\u00f6den haben ein System.\",\"potentialAction\":[{\"@type\":\"SearchAction\",\"target\":{\"@type\":\"EntryPoint\",\"urlTemplate\":\"https:\/\/dev.klb-koetztal.de\/fr\/?s={search_term_string}\"},\"query-input\":{\"@type\":\"PropertyValueSpecification\",\"valueRequired\":true,\"valueName\":\"search_term_string\"}}],\"inLanguage\":\"fr-FR\"}]}<\/script>\n<!-- \/ Yoast SEO plugin. -->","yoast_head_json":{"title":"Finition protectrice de haute qualit\u00e9 PS 90 | KLB K\u00f6tztal","description":"Finition protectrice PS 90 soignante, dissipatrice pour les sols industriels | KLB entretien de sol \u2714\ufe0f contraintes l\u00e9g\u00e8res et moyennes \u00e0 l'int\u00e9rieur","robots":{"index":"noindex","follow":"follow","max-snippet":"max-snippet:-1","max-image-preview":"max-image-preview:large","max-video-preview":"max-video-preview:-1"},"og_locale":"fr_FR","og_type":"article","og_title":"Finition protectrice de haute qualit\u00e9 PS 90 | KLB K\u00f6tztal","og_description":"Finition protectrice PS 90 soignante, dissipatrice pour les sols industriels | KLB entretien de sol \u2714\ufe0f contraintes l\u00e9g\u00e8res et moyennes \u00e0 l'int\u00e9rieur","og_url":"https:\/\/dev.klb-koetztal.de\/fr\/produkt\/klb-system-industriebodenpflege-ps-90-pflegeversiegelung-antistatique\/","og_site_name":"KLB K\u00f6tztal","article_publisher":"https:\/\/www.facebook.com\/klbkoetztal","article_modified_time":"2026-02-25T11:11:08+00:00","og_image":[{"width":500,"height":500,"url":"https:\/\/dev.klb-koetztal.de\/app\/uploads\/2022\/03\/PS90.jpg","type":"image\/jpeg"}],"twitter_card":"summary_large_image","schema":{"@context":"https:\/\/schema.org","@graph":[{"@type":"WebPage","@id":"https:\/\/dev.klb-koetztal.de\/fr\/produkt\/klb-system-industriebodenpflege-ps-90-pflegeversiegelung-antistatique\/","url":"https:\/\/dev.klb-koetztal.de\/fr\/produkt\/klb-system-industriebodenpflege-ps-90-pflegeversiegelung-antistatique\/","name":"Finition protectrice de haute qualit\u00e9 PS 90 | KLB K\u00f6tztal","isPartOf":{"@id":"https:\/\/dev.klb-koetztal.de\/fr\/#website"},"primaryImageOfPage":{"@id":"https:\/\/dev.klb-koetztal.de\/fr\/produkt\/klb-system-industriebodenpflege-ps-90-pflegeversiegelung-antistatique\/#primaryimage"},"image":{"@id":"https:\/\/dev.klb-koetztal.de\/fr\/produkt\/klb-system-industriebodenpflege-ps-90-pflegeversiegelung-antistatique\/#primaryimage"},"thumbnailUrl":"https:\/\/dev.klb-koetztal.de\/app\/uploads\/2022\/03\/PS90.jpg","datePublished":"2022-03-14T10:14:20+00:00","dateModified":"2026-02-25T11:11:08+00:00","description":"Finition protectrice PS 90 soignante, dissipatrice pour les sols industriels | KLB entretien de sol \u2714\ufe0f contraintes l\u00e9g\u00e8res et moyennes \u00e0 l'int\u00e9rieur","breadcrumb":{"@id":"https:\/\/dev.klb-koetztal.de\/fr\/produkt\/klb-system-industriebodenpflege-ps-90-pflegeversiegelung-antistatique\/#breadcrumb"},"inLanguage":"fr-FR","potentialAction":[{"@type":"ReadAction","target":["https:\/\/dev.klb-koetztal.de\/fr\/produkt\/klb-system-industriebodenpflege-ps-90-pflegeversiegelung-antistatique\/"]}]},{"@type":"ImageObject","inLanguage":"fr-FR","@id":"https:\/\/dev.klb-koetztal.de\/fr\/produkt\/klb-system-industriebodenpflege-ps-90-pflegeversiegelung-antistatique\/#primaryimage","url":"https:\/\/dev.klb-koetztal.de\/app\/uploads\/2022\/03\/PS90.jpg","contentUrl":"https:\/\/dev.klb-koetztal.de\/app\/uploads\/2022\/03\/PS90.jpg","width":500,"height":500},{"@type":"BreadcrumbList","@id":"https:\/\/dev.klb-koetztal.de\/fr\/produkt\/klb-system-industriebodenpflege-ps-90-pflegeversiegelung-antistatique\/#breadcrumb","itemListElement":[{"@type":"ListItem","position":1,"name":"Startseite","item":"https:\/\/dev.klb-koetztal.de\/fr\/"},{"@type":"ListItem","position":2,"name":"KLB-SYSTEM Industriebodenpflege PS 90 Pflegeversiegelung, antistatique"}]},{"@type":"WebSite","@id":"https:\/\/dev.klb-koetztal.de\/fr\/#website","url":"https:\/\/dev.klb-koetztal.de\/fr\/","name":"KLB K\u00f6tztal","description":"Gute B\u00f6den haben ein System.","potentialAction":[{"@type":"SearchAction","target":{"@type":"EntryPoint","urlTemplate":"https:\/\/dev.klb-koetztal.de\/fr\/?s={search_term_string}"},"query-input":{"@type":"PropertyValueSpecification","valueRequired":true,"valueName":"search_term_string"}}],"inLanguage":"fr-FR"}]}},"_links":{"self":[{"href":"https:\/\/dev.klb-koetztal.de\/fr\/wp-json\/wp\/v2\/product\/50321","targetHints":{"allow":["GET"]}}],"collection":[{"href":"https:\/\/dev.klb-koetztal.de\/fr\/wp-json\/wp\/v2\/product"}],"about":[{"href":"https:\/\/dev.klb-koetztal.de\/fr\/wp-json\/wp\/v2\/types\/product"}],"wp:featuredmedia":[{"embeddable":true,"href":"https:\/\/dev.klb-koetztal.de\/fr\/wp-json\/wp\/v2\/media\/50322"}],"wp:attachment":[{"href":"https:\/\/dev.klb-koetztal.de\/fr\/wp-json\/wp\/v2\/media?parent=50321"}],"wp:term":[{"taxonomy":"product_brand","embeddable":true,"href":"https:\/\/dev.klb-koetztal.de\/fr\/wp-json\/wp\/v2\/product_brand?post=50321"},{"taxonomy":"product_cat","embeddable":true,"href":"https:\/\/dev.klb-koetztal.de\/fr\/wp-json\/wp\/v2\/product_cat?post=50321"},{"taxonomy":"product_tag","embeddable":true,"href":"https:\/\/dev.klb-koetztal.de\/fr\/wp-json\/wp\/v2\/product_tag?post=50321"}],"curies":[{"name":"wp","href":"https:\/\/api.w.org\/{rel}","templated":true}]}}