{"id":50294,"date":"2022-03-14T11:13:37","date_gmt":"2022-03-14T10:13:37","guid":{"rendered":"https:\/\/dev.klb-koetztal.de\/produkt\/klb-system-acryl-ac-826\/"},"modified":"2026-03-16T14:05:53","modified_gmt":"2026-03-16T13:05:53","slug":"klb-system-acryl-ac-826","status":"publish","type":"product","link":"https:\/\/dev.klb-koetztal.de\/fr\/produkt\/klb-system-acryl-ac-826\/","title":{"rendered":"KLB-SYSTEM ACRYL AC 826"},"content":{"rendered":"","protected":false},"excerpt":{"rendered":"<p>R\u00e9sine PMMA bicomposante \u00e0 durcissement rapide et \u00e0 faible viscosit\u00e9 avec une tendance r\u00e9duite au jaunissement. La r\u00e9sine convient au scellement des rev\u00eatements saupoudr\u00e9s, expos\u00e9s \u00e0 l&rsquo;eau et antid\u00e9rapants. \u00c0&#160;utiliser de pr\u00e9f\u00e9rence dans des endroits int\u00e9rieurs.<br \/>\nLa poudre de durcissement doit \u00eatre command\u00e9e s\u00e9par\u00e9ment !<\/p>\n","protected":false},"featured_media":50295,"template":"","meta":{"_acf_changed":false},"product_brand":[],"product_cat":[10042,10112,10061,10111,10038,10114],"product_tag":[],"class_list":{"0":"post-50294","1":"product","2":"type-product","3":"status-publish","4":"has-post-thumbnail","6":"product_cat-revetements","7":"product_cat-revetements_revetements-et-scellement-de-finition-pmma","8":"product_cat-scellements-de-finition-pour-des-revetements-saupoudres","9":"product_cat-scellements-de-finition-pour-des-revetements-saupoudres_scellements-de-finition-pmma","10":"product_cat-scellements-impregnations","11":"product_cat-scellements-impregnations_scellements-pmma","13":"first","14":"instock","15":"shipping-taxable","16":"product-type-simple"},"acf":{"product_header":{"module_product_header":{"":null,"prototype_headline":{"headline":"KLB-SYSTEM ACRYL AC 826","h1":true,"subheadline":"R\u00e9sine de finition acrylique \u00e0 durcissement rapide pour les rev\u00eatements en r\u00e9sine PMMA&#160;dans les zones commerciales et industrielles expos\u00e9es \u00e0 l'eau","anchor":"","url":""},"grid_text_slider":false,"grid_text_content":[{"text":"<p class=\"product-short-title\" style=\"text-align: center;\"><strong>Br\u00e8ve description<\/strong><\/p>\n<p>R\u00e9sine PMMA bicomposante \u00e0 durcissement rapide et \u00e0 faible viscosit\u00e9 avec une tendance r\u00e9duite au jaunissement. La r\u00e9sine convient au scellement des rev\u00eatements saupoudr\u00e9s, expos\u00e9s \u00e0 l&rsquo;eau et antid\u00e9rapants. \u00c0&#160;utiliser de pr\u00e9f\u00e9rence dans des endroits int\u00e9rieurs.<\/p>\n<p>La poudre de durcissement doit \u00eatre command\u00e9e s\u00e9par\u00e9ment !<\/p>\n","width":"4","background_color_text":"bg-white","border_color":"border-gray-light"},{"text":"<p class=\"product-sicing-title\" style=\"text-align: center;\"><strong>Unit\u00e9s d'emballage<\/strong><\/p>\n<ul>\n<li>MA0015-50 &#8211; Bidon 10,00 kg<\/li>\n<li>MA0015-25 &#8211; Hobbock 25,00 kg<\/li>\n<li>MA0015-02 &#8211; F\u00fbt 190,00 kg<\/li>\n<\/ul>\n<p><\/p>\n<p>N&rsquo;h\u00e9sitez pas \u00e0 contacter directement pour toute demande concernant des quantit\u00e9s de livraison ou des unit\u00e9s de conditionnement plus importantes.<\/p>\n\n","width":"4","background_color_text":"bg-white","border_color":"border-gray-light"},{"text":"<p class=\"product-attr-title\" style=\"text-align: center;\"><strong>Propri\u00e9t\u00e9s<\/strong><\/p>\n<ul>\n<li>\u00e0 durcissement tr\u00e8s rapide<\/li>\n<li>accessibilit\u00e9 rapide<\/li>\n<li>durcit \u00e0 basses temp\u00e9ratures<\/li>\n<li>recouvrable apr\u00e8s 1 heure<\/li>\n<li>bonne r\u00e9sistance \u00e0 l&rsquo;eau et aux produits chimiques<\/li>\n<li>imm\u00e9diatement r\u00e9sistant \u00e0 l&rsquo;eau<\/li>\n<li>tendance r\u00e9duite au jaunissement<\/li>\n<li>exempt de substances susceptibles d&rsquo;endommager les vernis<\/li>\n<li>adapt\u00e9 pour les travaux de r\u00e9novation<\/li>\n<\/ul>\n","width":"4","background_color_text":"bg-white","border_color":"border-gray-light"}],"background_color":"bg-none","background_color_content":"bg-none"}},"downloads":{"module_download_list":{"inhalt":null,"downloads":[{"download":{"ID":55155,"id":55155,"title":"AC_826_PI_fr_2023_02","filename":"AC_826_PI_fr_2023_02.pdf","filesize":266047,"url":"https:\/\/dev.klb-koetztal.de\/app\/uploads\/2023\/02\/AC_826_PI_fr_2023_02.pdf","link":"https:\/\/dev.klb-koetztal.de\/fr\/?attachment_id=55155","alt":"","author":"7","description":"","caption":"","name":"ac_826_pi_fr_2023_02-2","status":"inherit","uploaded_to":0,"date":"2023-02-20 14:40:30","modified":"2023-02-20 14:40:30","menu_order":0,"mime_type":"application\/pdf","type":"application","subtype":"pdf","icon":"https:\/\/dev.klb-koetztal.de\/wp\/wp-includes\/images\/media\/document.png"},"filename":"Information produit","protected":false,"doclang":"FR","externalkey":"Produktinformation","docpos":"3"},{"download":{"ID":50296,"id":50296,"title":"Leistungserkl\u00e4rung - Statement of performance","filename":"AC826_LE_2013-04.pdf","filesize":170189,"url":"https:\/\/dev.klb-koetztal.de\/app\/uploads\/2022\/03\/AC826_LE_2013-04.pdf","link":"https:\/\/dev.klb-koetztal.de\/fr\/?attachment_id=50296","alt":"","author":"7","description":"","caption":"","name":"ac826_le_2013-04","status":"inherit","uploaded_to":0,"date":"2022-03-14 10:13:41","modified":"2026-03-16 13:05:59","menu_order":0,"mime_type":"application\/pdf","type":"application","subtype":"pdf","icon":"https:\/\/dev.klb-koetztal.de\/wp\/wp-includes\/images\/media\/document.png"},"filename":"D\u00e9claration de performance","protected":false,"doclang":"Multi","externalkey":"Leistungserklaerung","docpos":"50"},{"download":{"ID":67731,"id":67731,"title":"AC826_Umwelt-Deklaration_2025-10","filename":"AC826_Umwelt-Deklaration_2025-10.pdf","filesize":1692256,"url":"https:\/\/dev.klb-koetztal.de\/app\/uploads\/2025\/10\/AC826_Umwelt-Deklaration_2025-10.pdf","link":"https:\/\/dev.klb-koetztal.de\/fr\/?attachment_id=67731","alt":"","author":"7","description":"","caption":"","name":"ac826_umwelt-deklaration_2025-10-2","status":"inherit","uploaded_to":0,"date":"2025-10-16 09:02:28","modified":"2025-10-16 09:02:28","menu_order":0,"mime_type":"application\/pdf","type":"application","subtype":"pdf","icon":"https:\/\/dev.klb-koetztal.de\/wp\/wp-includes\/images\/media\/document.png"},"filename":"D\u00e9clarations de produit environnemental (EPD)","protected":false,"doclang":"Multi","externalkey":"Umweltproduktdeklaration","docpos":"50"},{"download":false,"filename":"Fiche de donn\u00e9es de s\u00e9curit\u00e9","protected":true,"doclang":"FR","externalkey":"Sicherheitsdatenblatt","docpos":"3"}],"einstellungen":null,"background_color":"bg-none","background_color_content":"bg-none"}},"included_in_systems":{"module_included_in_systems":{"":null,"background_color":"bg-gray-medium","background_color_content":"bg-none"}},"contact":{"module_contact":{"":null,"background_color":"bg-none","background_color_content":"bg-none"}},"ausschreibende":{"module_ausschreibende":{"andern_sie_den_inhalt_unter_universelle_elemente":null,"background_color":"bg-none","background_color_content":"bg-none"}}},"yoast_head":"<!-- This site is optimized with the Yoast SEO plugin v27.0 - https:\/\/yoast.com\/product\/yoast-seo-wordpress\/ -->\n<title>R\u00e9sine de scellement PMMA AC 826 bicomp. rapide | KLB K\u00f6tztal<\/title>\n<meta name=\"description\" content=\"R\u00e9sine de scellement acrylique bicomp. AC 826 durcissant rapide, \u00e0 faible viscosit\u00e9 pour l&#039;int\u00e9rieur | KLB rev\u00eatement de sol \u2714\ufe0f faible jaunissement\" \/>\n<meta name=\"robots\" content=\"noindex, follow, max-snippet:-1, max-image-preview:large, max-video-preview:-1\" \/>\n<meta property=\"og:locale\" content=\"fr_FR\" \/>\n<meta property=\"og:type\" content=\"article\" \/>\n<meta property=\"og:title\" content=\"R\u00e9sine de scellement PMMA AC 826 bicomp. rapide | KLB K\u00f6tztal\" \/>\n<meta property=\"og:description\" content=\"R\u00e9sine de scellement acrylique bicomp. AC 826 durcissant rapide, \u00e0 faible viscosit\u00e9 pour l&#039;int\u00e9rieur | KLB rev\u00eatement de sol \u2714\ufe0f faible jaunissement\" \/>\n<meta property=\"og:url\" content=\"https:\/\/dev.klb-koetztal.de\/fr\/produkt\/klb-system-acryl-ac-826\/\" \/>\n<meta property=\"og:site_name\" content=\"KLB K\u00f6tztal\" \/>\n<meta property=\"article:publisher\" content=\"https:\/\/www.facebook.com\/klbkoetztal\" \/>\n<meta property=\"article:modified_time\" content=\"2026-03-16T13:05:53+00:00\" \/>\n<meta property=\"og:image\" content=\"https:\/\/dev.klb-koetztal.de\/app\/uploads\/2022\/03\/AC826.jpg\" \/>\n\t<meta property=\"og:image:width\" content=\"500\" \/>\n\t<meta property=\"og:image:height\" content=\"500\" \/>\n\t<meta property=\"og:image:type\" content=\"image\/jpeg\" \/>\n<meta name=\"twitter:card\" content=\"summary_large_image\" \/>\n<script type=\"application\/ld+json\" class=\"yoast-schema-graph\">{\"@context\":\"https:\/\/schema.org\",\"@graph\":[{\"@type\":\"WebPage\",\"@id\":\"https:\/\/dev.klb-koetztal.de\/fr\/produkt\/klb-system-acryl-ac-826\/\",\"url\":\"https:\/\/dev.klb-koetztal.de\/fr\/produkt\/klb-system-acryl-ac-826\/\",\"name\":\"R\u00e9sine de scellement PMMA AC 826 bicomp. rapide | KLB K\u00f6tztal\",\"isPartOf\":{\"@id\":\"https:\/\/dev.klb-koetztal.de\/fr\/#website\"},\"primaryImageOfPage\":{\"@id\":\"https:\/\/dev.klb-koetztal.de\/fr\/produkt\/klb-system-acryl-ac-826\/#primaryimage\"},\"image\":{\"@id\":\"https:\/\/dev.klb-koetztal.de\/fr\/produkt\/klb-system-acryl-ac-826\/#primaryimage\"},\"thumbnailUrl\":\"https:\/\/dev.klb-koetztal.de\/app\/uploads\/2022\/03\/AC826.jpg\",\"datePublished\":\"2022-03-14T10:13:37+00:00\",\"dateModified\":\"2026-03-16T13:05:53+00:00\",\"description\":\"R\u00e9sine de scellement acrylique bicomp. AC 826 durcissant rapide, \u00e0 faible viscosit\u00e9 pour l'int\u00e9rieur | KLB rev\u00eatement de sol \u2714\ufe0f faible jaunissement\",\"breadcrumb\":{\"@id\":\"https:\/\/dev.klb-koetztal.de\/fr\/produkt\/klb-system-acryl-ac-826\/#breadcrumb\"},\"inLanguage\":\"fr-FR\",\"potentialAction\":[{\"@type\":\"ReadAction\",\"target\":[\"https:\/\/dev.klb-koetztal.de\/fr\/produkt\/klb-system-acryl-ac-826\/\"]}]},{\"@type\":\"ImageObject\",\"inLanguage\":\"fr-FR\",\"@id\":\"https:\/\/dev.klb-koetztal.de\/fr\/produkt\/klb-system-acryl-ac-826\/#primaryimage\",\"url\":\"https:\/\/dev.klb-koetztal.de\/app\/uploads\/2022\/03\/AC826.jpg\",\"contentUrl\":\"https:\/\/dev.klb-koetztal.de\/app\/uploads\/2022\/03\/AC826.jpg\",\"width\":500,\"height\":500},{\"@type\":\"BreadcrumbList\",\"@id\":\"https:\/\/dev.klb-koetztal.de\/fr\/produkt\/klb-system-acryl-ac-826\/#breadcrumb\",\"itemListElement\":[{\"@type\":\"ListItem\",\"position\":1,\"name\":\"Startseite\",\"item\":\"https:\/\/dev.klb-koetztal.de\/fr\/\"},{\"@type\":\"ListItem\",\"position\":2,\"name\":\"KLB-SYSTEM ACRYL AC 826\"}]},{\"@type\":\"WebSite\",\"@id\":\"https:\/\/dev.klb-koetztal.de\/fr\/#website\",\"url\":\"https:\/\/dev.klb-koetztal.de\/fr\/\",\"name\":\"KLB K\u00f6tztal\",\"description\":\"Gute B\u00f6den haben ein System.\",\"potentialAction\":[{\"@type\":\"SearchAction\",\"target\":{\"@type\":\"EntryPoint\",\"urlTemplate\":\"https:\/\/dev.klb-koetztal.de\/fr\/?s={search_term_string}\"},\"query-input\":{\"@type\":\"PropertyValueSpecification\",\"valueRequired\":true,\"valueName\":\"search_term_string\"}}],\"inLanguage\":\"fr-FR\"}]}<\/script>\n<!-- \/ Yoast SEO plugin. -->","yoast_head_json":{"title":"R\u00e9sine de scellement PMMA AC 826 bicomp. rapide | KLB K\u00f6tztal","description":"R\u00e9sine de scellement acrylique bicomp. AC 826 durcissant rapide, \u00e0 faible viscosit\u00e9 pour l'int\u00e9rieur | KLB rev\u00eatement de sol \u2714\ufe0f faible jaunissement","robots":{"index":"noindex","follow":"follow","max-snippet":"max-snippet:-1","max-image-preview":"max-image-preview:large","max-video-preview":"max-video-preview:-1"},"og_locale":"fr_FR","og_type":"article","og_title":"R\u00e9sine de scellement PMMA AC 826 bicomp. rapide | KLB K\u00f6tztal","og_description":"R\u00e9sine de scellement acrylique bicomp. AC 826 durcissant rapide, \u00e0 faible viscosit\u00e9 pour l'int\u00e9rieur | KLB rev\u00eatement de sol \u2714\ufe0f faible jaunissement","og_url":"https:\/\/dev.klb-koetztal.de\/fr\/produkt\/klb-system-acryl-ac-826\/","og_site_name":"KLB K\u00f6tztal","article_publisher":"https:\/\/www.facebook.com\/klbkoetztal","article_modified_time":"2026-03-16T13:05:53+00:00","og_image":[{"width":500,"height":500,"url":"https:\/\/dev.klb-koetztal.de\/app\/uploads\/2022\/03\/AC826.jpg","type":"image\/jpeg"}],"twitter_card":"summary_large_image","schema":{"@context":"https:\/\/schema.org","@graph":[{"@type":"WebPage","@id":"https:\/\/dev.klb-koetztal.de\/fr\/produkt\/klb-system-acryl-ac-826\/","url":"https:\/\/dev.klb-koetztal.de\/fr\/produkt\/klb-system-acryl-ac-826\/","name":"R\u00e9sine de scellement PMMA AC 826 bicomp. rapide | KLB K\u00f6tztal","isPartOf":{"@id":"https:\/\/dev.klb-koetztal.de\/fr\/#website"},"primaryImageOfPage":{"@id":"https:\/\/dev.klb-koetztal.de\/fr\/produkt\/klb-system-acryl-ac-826\/#primaryimage"},"image":{"@id":"https:\/\/dev.klb-koetztal.de\/fr\/produkt\/klb-system-acryl-ac-826\/#primaryimage"},"thumbnailUrl":"https:\/\/dev.klb-koetztal.de\/app\/uploads\/2022\/03\/AC826.jpg","datePublished":"2022-03-14T10:13:37+00:00","dateModified":"2026-03-16T13:05:53+00:00","description":"R\u00e9sine de scellement acrylique bicomp. AC 826 durcissant rapide, \u00e0 faible viscosit\u00e9 pour l'int\u00e9rieur | KLB rev\u00eatement de sol \u2714\ufe0f faible jaunissement","breadcrumb":{"@id":"https:\/\/dev.klb-koetztal.de\/fr\/produkt\/klb-system-acryl-ac-826\/#breadcrumb"},"inLanguage":"fr-FR","potentialAction":[{"@type":"ReadAction","target":["https:\/\/dev.klb-koetztal.de\/fr\/produkt\/klb-system-acryl-ac-826\/"]}]},{"@type":"ImageObject","inLanguage":"fr-FR","@id":"https:\/\/dev.klb-koetztal.de\/fr\/produkt\/klb-system-acryl-ac-826\/#primaryimage","url":"https:\/\/dev.klb-koetztal.de\/app\/uploads\/2022\/03\/AC826.jpg","contentUrl":"https:\/\/dev.klb-koetztal.de\/app\/uploads\/2022\/03\/AC826.jpg","width":500,"height":500},{"@type":"BreadcrumbList","@id":"https:\/\/dev.klb-koetztal.de\/fr\/produkt\/klb-system-acryl-ac-826\/#breadcrumb","itemListElement":[{"@type":"ListItem","position":1,"name":"Startseite","item":"https:\/\/dev.klb-koetztal.de\/fr\/"},{"@type":"ListItem","position":2,"name":"KLB-SYSTEM ACRYL AC 826"}]},{"@type":"WebSite","@id":"https:\/\/dev.klb-koetztal.de\/fr\/#website","url":"https:\/\/dev.klb-koetztal.de\/fr\/","name":"KLB K\u00f6tztal","description":"Gute B\u00f6den haben ein System.","potentialAction":[{"@type":"SearchAction","target":{"@type":"EntryPoint","urlTemplate":"https:\/\/dev.klb-koetztal.de\/fr\/?s={search_term_string}"},"query-input":{"@type":"PropertyValueSpecification","valueRequired":true,"valueName":"search_term_string"}}],"inLanguage":"fr-FR"}]}},"_links":{"self":[{"href":"https:\/\/dev.klb-koetztal.de\/fr\/wp-json\/wp\/v2\/product\/50294","targetHints":{"allow":["GET"]}}],"collection":[{"href":"https:\/\/dev.klb-koetztal.de\/fr\/wp-json\/wp\/v2\/product"}],"about":[{"href":"https:\/\/dev.klb-koetztal.de\/fr\/wp-json\/wp\/v2\/types\/product"}],"wp:featuredmedia":[{"embeddable":true,"href":"https:\/\/dev.klb-koetztal.de\/fr\/wp-json\/wp\/v2\/media\/50295"}],"wp:attachment":[{"href":"https:\/\/dev.klb-koetztal.de\/fr\/wp-json\/wp\/v2\/media?parent=50294"}],"wp:term":[{"taxonomy":"product_brand","embeddable":true,"href":"https:\/\/dev.klb-koetztal.de\/fr\/wp-json\/wp\/v2\/product_brand?post=50294"},{"taxonomy":"product_cat","embeddable":true,"href":"https:\/\/dev.klb-koetztal.de\/fr\/wp-json\/wp\/v2\/product_cat?post=50294"},{"taxonomy":"product_tag","embeddable":true,"href":"https:\/\/dev.klb-koetztal.de\/fr\/wp-json\/wp\/v2\/product_tag?post=50294"}],"curies":[{"name":"wp","href":"https:\/\/api.w.org\/{rel}","templated":true}]}}