{"id":50252,"date":"2022-03-14T11:12:27","date_gmt":"2022-03-14T10:12:27","guid":{"rendered":"https:\/\/dev.klb-koetztal.de\/produkt\/klb-system-acryl-ac-357\/"},"modified":"2026-03-16T14:07:13","modified_gmt":"2026-03-16T13:07:13","slug":"klb-system-acryl-ac-357","status":"publish","type":"product","link":"https:\/\/dev.klb-koetztal.de\/fr\/produkt\/klb-system-acryl-ac-357\/","title":{"rendered":"KLB-SYSTEM ACRYL AC 357"},"content":{"rendered":"","protected":false},"excerpt":{"rendered":"<p>Mortier en r\u00e9sine acrylique \u00e0 2 composants et \u00e0 durcissement rapide pour les r\u00e9novations de b\u00e9ton ou&#160;les couches d&rsquo;\u00e9galisation sur les substrats min\u00e9raux dans une \u00e9paisseur de couche de 3 \u00e0 20 mm.&#160;Facile \u00e0 appliquer, \u00e0 durcissement rapide, r\u00e9sistant aux charges&#160;m\u00e9caniques&#160;apr\u00e8s 1 \u00e0 2 heures. Peut \u00eatre utilis\u00e9 dans les temp\u00e9ratures&#160;de 0 \u00e0 30 \u00b0C.<\/p>\n","protected":false},"featured_media":50253,"template":"","meta":{"_acf_changed":false},"product_brand":[],"product_cat":[10036,10101],"product_tag":[],"class_list":{"0":"post-50252","1":"product","2":"type-product","3":"status-publish","4":"has-post-thumbnail","6":"product_cat-mortier-prefabrique-resines-pour-gorges-annulaires-resines-de-renovation-dinjection-et-de-joints","7":"product_cat-mortier-prefabrique-resines-pour-gorges-annulaires-resines-de-renovation-dinjection-et-de-joints_mortier-prefabrique","9":"first","10":"instock","11":"shipping-taxable","12":"product-type-simple"},"acf":{"product_header":{"module_product_header":{"":null,"prototype_headline":{"headline":"KLB-SYSTEM ACRYL AC 357","h1":true,"subheadline":"Mortier en r\u00e9sine acrylique \u00e0 durcissement rapide pour les r\u00e9novations et les r\u00e9parations","anchor":"","url":""},"grid_text_slider":false,"grid_text_content":[{"text":"<p class=\"product-short-title\" style=\"text-align: center;\"><strong>Br\u00e8ve description<\/strong><\/p>\n<p>Mortier en r\u00e9sine acrylique \u00e0 2 composants et \u00e0 durcissement rapide pour les r\u00e9novations de b\u00e9ton ou&#160;les couches d&rsquo;\u00e9galisation sur les substrats min\u00e9raux dans une \u00e9paisseur de couche de 3 \u00e0 20 mm.&#160;Facile \u00e0 appliquer, \u00e0 durcissement rapide, r\u00e9sistant aux charges&#160;m\u00e9caniques&#160;apr\u00e8s 1 \u00e0 2 heures. Peut \u00eatre utilis\u00e9 dans les temp\u00e9ratures&#160;de 0 \u00e0 30 \u00b0C.<\/p>\n","width":"4","background_color_text":"bg-white","border_color":"border-gray-light"},{"text":"<p class=\"product-sicing-title\" style=\"text-align: center;\"><strong>Unit\u00e9s d'emballage<\/strong><\/p>\n<ul>\n<li>AK0018-17 &#8211; Emballage en kit 25,00 kg<\/li>\n<\/ul>\n<p><\/p>\n<p>N&rsquo;h\u00e9sitez pas \u00e0 contacter directement pour toute demande concernant des quantit\u00e9s de livraison ou des unit\u00e9s de conditionnement plus importantes.<\/p>\n\n","width":"4","background_color_text":"bg-white","border_color":"border-gray-light"},{"text":"<p class=\"product-attr-title\" style=\"text-align: center;\"><strong>Propri\u00e9t\u00e9s<\/strong><\/p>\n<ul>\n<li>\u00e0 durcissement tr\u00e8s rapide<\/li>\n<li>accessibilit\u00e9 rapide<\/li>\n<li>pr\u00eat \u00e0 l&#8217;emploi<\/li>\n<li>\u00e0 faible retrait<\/li>\n<li>pour des r\u00e9novations et r\u00e9parations<\/li>\n<li>bonne r\u00e9sistance \u00e0 l&rsquo;eau et aux produits chimiques<\/li>\n<li>recouvrable apr\u00e8s 1 heure<\/li>\n<li>tr\u00e8s r\u00e9sistant aux contraintes m\u00e9caniques<\/li>\n<\/ul>\n","width":"4","background_color_text":"bg-white","border_color":"border-gray-light"}],"background_color":"bg-none","background_color_content":"bg-none"}},"downloads":{"module_download_list":{"inhalt":null,"downloads":[{"download":{"ID":55083,"id":55083,"title":"AC_357_PI_fr_2023_02","filename":"AC_357_PI_fr_2023_02.pdf","filesize":306281,"url":"https:\/\/dev.klb-koetztal.de\/app\/uploads\/2023\/02\/AC_357_PI_fr_2023_02.pdf","link":"https:\/\/dev.klb-koetztal.de\/fr\/?attachment_id=55083","alt":"","author":"7","description":"","caption":"","name":"ac_357_pi_fr_2023_02-2","status":"inherit","uploaded_to":0,"date":"2023-02-20 13:10:30","modified":"2023-02-20 13:10:30","menu_order":0,"mime_type":"application\/pdf","type":"application","subtype":"pdf","icon":"https:\/\/dev.klb-koetztal.de\/wp\/wp-includes\/images\/media\/document.png"},"filename":"Information produit","protected":false,"doclang":"FR","externalkey":"Produktinformation","docpos":"3"},{"download":{"ID":50254,"id":50254,"title":"Leistungserkl\u00e4rung - Statement of performance","filename":"AC357_LE_2013-04.pdf","filesize":169933,"url":"https:\/\/dev.klb-koetztal.de\/app\/uploads\/2022\/03\/AC357_LE_2013-04.pdf","link":"https:\/\/dev.klb-koetztal.de\/fr\/?attachment_id=50254","alt":"","author":"7","description":"","caption":"","name":"ac357_le_2013-04","status":"inherit","uploaded_to":0,"date":"2022-03-14 10:12:31","modified":"2026-03-16 13:07:20","menu_order":0,"mime_type":"application\/pdf","type":"application","subtype":"pdf","icon":"https:\/\/dev.klb-koetztal.de\/wp\/wp-includes\/images\/media\/document.png"},"filename":"D\u00e9claration de performance","protected":false,"doclang":"Multi","externalkey":"Leistungserklaerung","docpos":"50"},{"download":{"ID":67734,"id":67734,"title":"AC357_Umwelt-Deklaration_2025-10","filename":"AC357_Umwelt-Deklaration_2025-10.pdf","filesize":1674022,"url":"https:\/\/dev.klb-koetztal.de\/app\/uploads\/2025\/10\/AC357_Umwelt-Deklaration_2025-10.pdf","link":"https:\/\/dev.klb-koetztal.de\/fr\/?attachment_id=67734","alt":"","author":"7","description":"","caption":"","name":"ac357_umwelt-deklaration_2025-10-2","status":"inherit","uploaded_to":0,"date":"2025-10-16 09:02:42","modified":"2025-10-16 09:02:42","menu_order":0,"mime_type":"application\/pdf","type":"application","subtype":"pdf","icon":"https:\/\/dev.klb-koetztal.de\/wp\/wp-includes\/images\/media\/document.png"},"filename":"D\u00e9clarations de produit environnemental (EPD)","protected":false,"doclang":"Multi","externalkey":"Umweltproduktdeklaration","docpos":"50"},{"download":false,"filename":"Fiche de donn\u00e9es de s\u00e9curit\u00e9","protected":true,"doclang":"FR","externalkey":"Sicherheitsdatenblatt","docpos":"3"}],"einstellungen":null,"background_color":"bg-none","background_color_content":"bg-none"}},"included_in_systems":{"module_included_in_systems":{"":null,"background_color":"bg-gray-medium","background_color_content":"bg-none"}},"contact":{"module_contact":{"":null,"background_color":"bg-none","background_color_content":"bg-none"}},"ausschreibende":{"module_ausschreibende":{"andern_sie_den_inhalt_unter_universelle_elemente":null,"background_color":"bg-none","background_color_content":"bg-none"}}},"yoast_head":"<!-- This site is optimized with the Yoast SEO plugin v27.0 - https:\/\/yoast.com\/product\/yoast-seo-wordpress\/ -->\n<title>Mortier acrylique AC 357 durcissant rapide bicomp. | KLB K\u00f6tztal<\/title>\n<meta name=\"description\" content=\"Mortier acrylique AC 357 bicomp. durcissant rapide, pr\u00eat \u00e0 l&#039;emploi | KLB rev\u00eatements \u2714\ufe0f pour r\u00e9novations de b\u00e9ton et couches d&#039;\u00e9galisation\" \/>\n<meta name=\"robots\" content=\"noindex, follow, max-snippet:-1, max-image-preview:large, max-video-preview:-1\" \/>\n<meta property=\"og:locale\" content=\"fr_FR\" \/>\n<meta property=\"og:type\" content=\"article\" \/>\n<meta property=\"og:title\" content=\"Mortier acrylique AC 357 durcissant rapide bicomp. | KLB K\u00f6tztal\" \/>\n<meta property=\"og:description\" content=\"Mortier acrylique AC 357 bicomp. durcissant rapide, pr\u00eat \u00e0 l&#039;emploi | KLB rev\u00eatements \u2714\ufe0f pour r\u00e9novations de b\u00e9ton et couches d&#039;\u00e9galisation\" \/>\n<meta property=\"og:url\" content=\"https:\/\/dev.klb-koetztal.de\/fr\/produkt\/klb-system-acryl-ac-357\/\" \/>\n<meta property=\"og:site_name\" content=\"KLB K\u00f6tztal\" \/>\n<meta property=\"article:publisher\" content=\"https:\/\/www.facebook.com\/klbkoetztal\" \/>\n<meta property=\"article:modified_time\" content=\"2026-03-16T13:07:13+00:00\" \/>\n<meta property=\"og:image\" content=\"https:\/\/dev.klb-koetztal.de\/app\/uploads\/2022\/03\/AC357.jpg\" \/>\n\t<meta property=\"og:image:width\" content=\"500\" \/>\n\t<meta property=\"og:image:height\" content=\"500\" \/>\n\t<meta property=\"og:image:type\" content=\"image\/jpeg\" \/>\n<meta name=\"twitter:card\" content=\"summary_large_image\" \/>\n<script type=\"application\/ld+json\" class=\"yoast-schema-graph\">{\"@context\":\"https:\/\/schema.org\",\"@graph\":[{\"@type\":\"WebPage\",\"@id\":\"https:\/\/dev.klb-koetztal.de\/fr\/produkt\/klb-system-acryl-ac-357\/\",\"url\":\"https:\/\/dev.klb-koetztal.de\/fr\/produkt\/klb-system-acryl-ac-357\/\",\"name\":\"Mortier acrylique AC 357 durcissant rapide bicomp. | KLB K\u00f6tztal\",\"isPartOf\":{\"@id\":\"https:\/\/dev.klb-koetztal.de\/fr\/#website\"},\"primaryImageOfPage\":{\"@id\":\"https:\/\/dev.klb-koetztal.de\/fr\/produkt\/klb-system-acryl-ac-357\/#primaryimage\"},\"image\":{\"@id\":\"https:\/\/dev.klb-koetztal.de\/fr\/produkt\/klb-system-acryl-ac-357\/#primaryimage\"},\"thumbnailUrl\":\"https:\/\/dev.klb-koetztal.de\/app\/uploads\/2022\/03\/AC357.jpg\",\"datePublished\":\"2022-03-14T10:12:27+00:00\",\"dateModified\":\"2026-03-16T13:07:13+00:00\",\"description\":\"Mortier acrylique AC 357 bicomp. durcissant rapide, pr\u00eat \u00e0 l'emploi | KLB rev\u00eatements \u2714\ufe0f pour r\u00e9novations de b\u00e9ton et couches d'\u00e9galisation\",\"breadcrumb\":{\"@id\":\"https:\/\/dev.klb-koetztal.de\/fr\/produkt\/klb-system-acryl-ac-357\/#breadcrumb\"},\"inLanguage\":\"fr-FR\",\"potentialAction\":[{\"@type\":\"ReadAction\",\"target\":[\"https:\/\/dev.klb-koetztal.de\/fr\/produkt\/klb-system-acryl-ac-357\/\"]}]},{\"@type\":\"ImageObject\",\"inLanguage\":\"fr-FR\",\"@id\":\"https:\/\/dev.klb-koetztal.de\/fr\/produkt\/klb-system-acryl-ac-357\/#primaryimage\",\"url\":\"https:\/\/dev.klb-koetztal.de\/app\/uploads\/2022\/03\/AC357.jpg\",\"contentUrl\":\"https:\/\/dev.klb-koetztal.de\/app\/uploads\/2022\/03\/AC357.jpg\",\"width\":500,\"height\":500},{\"@type\":\"BreadcrumbList\",\"@id\":\"https:\/\/dev.klb-koetztal.de\/fr\/produkt\/klb-system-acryl-ac-357\/#breadcrumb\",\"itemListElement\":[{\"@type\":\"ListItem\",\"position\":1,\"name\":\"Startseite\",\"item\":\"https:\/\/dev.klb-koetztal.de\/fr\/\"},{\"@type\":\"ListItem\",\"position\":2,\"name\":\"KLB-SYSTEM ACRYL AC 357\"}]},{\"@type\":\"WebSite\",\"@id\":\"https:\/\/dev.klb-koetztal.de\/fr\/#website\",\"url\":\"https:\/\/dev.klb-koetztal.de\/fr\/\",\"name\":\"KLB K\u00f6tztal\",\"description\":\"Gute B\u00f6den haben ein System.\",\"potentialAction\":[{\"@type\":\"SearchAction\",\"target\":{\"@type\":\"EntryPoint\",\"urlTemplate\":\"https:\/\/dev.klb-koetztal.de\/fr\/?s={search_term_string}\"},\"query-input\":{\"@type\":\"PropertyValueSpecification\",\"valueRequired\":true,\"valueName\":\"search_term_string\"}}],\"inLanguage\":\"fr-FR\"}]}<\/script>\n<!-- \/ Yoast SEO plugin. -->","yoast_head_json":{"title":"Mortier acrylique AC 357 durcissant rapide bicomp. | KLB K\u00f6tztal","description":"Mortier acrylique AC 357 bicomp. durcissant rapide, pr\u00eat \u00e0 l'emploi | KLB rev\u00eatements \u2714\ufe0f pour r\u00e9novations de b\u00e9ton et couches d'\u00e9galisation","robots":{"index":"noindex","follow":"follow","max-snippet":"max-snippet:-1","max-image-preview":"max-image-preview:large","max-video-preview":"max-video-preview:-1"},"og_locale":"fr_FR","og_type":"article","og_title":"Mortier acrylique AC 357 durcissant rapide bicomp. | KLB K\u00f6tztal","og_description":"Mortier acrylique AC 357 bicomp. durcissant rapide, pr\u00eat \u00e0 l'emploi | KLB rev\u00eatements \u2714\ufe0f pour r\u00e9novations de b\u00e9ton et couches d'\u00e9galisation","og_url":"https:\/\/dev.klb-koetztal.de\/fr\/produkt\/klb-system-acryl-ac-357\/","og_site_name":"KLB K\u00f6tztal","article_publisher":"https:\/\/www.facebook.com\/klbkoetztal","article_modified_time":"2026-03-16T13:07:13+00:00","og_image":[{"width":500,"height":500,"url":"https:\/\/dev.klb-koetztal.de\/app\/uploads\/2022\/03\/AC357.jpg","type":"image\/jpeg"}],"twitter_card":"summary_large_image","schema":{"@context":"https:\/\/schema.org","@graph":[{"@type":"WebPage","@id":"https:\/\/dev.klb-koetztal.de\/fr\/produkt\/klb-system-acryl-ac-357\/","url":"https:\/\/dev.klb-koetztal.de\/fr\/produkt\/klb-system-acryl-ac-357\/","name":"Mortier acrylique AC 357 durcissant rapide bicomp. | KLB K\u00f6tztal","isPartOf":{"@id":"https:\/\/dev.klb-koetztal.de\/fr\/#website"},"primaryImageOfPage":{"@id":"https:\/\/dev.klb-koetztal.de\/fr\/produkt\/klb-system-acryl-ac-357\/#primaryimage"},"image":{"@id":"https:\/\/dev.klb-koetztal.de\/fr\/produkt\/klb-system-acryl-ac-357\/#primaryimage"},"thumbnailUrl":"https:\/\/dev.klb-koetztal.de\/app\/uploads\/2022\/03\/AC357.jpg","datePublished":"2022-03-14T10:12:27+00:00","dateModified":"2026-03-16T13:07:13+00:00","description":"Mortier acrylique AC 357 bicomp. durcissant rapide, pr\u00eat \u00e0 l'emploi | KLB rev\u00eatements \u2714\ufe0f pour r\u00e9novations de b\u00e9ton et couches d'\u00e9galisation","breadcrumb":{"@id":"https:\/\/dev.klb-koetztal.de\/fr\/produkt\/klb-system-acryl-ac-357\/#breadcrumb"},"inLanguage":"fr-FR","potentialAction":[{"@type":"ReadAction","target":["https:\/\/dev.klb-koetztal.de\/fr\/produkt\/klb-system-acryl-ac-357\/"]}]},{"@type":"ImageObject","inLanguage":"fr-FR","@id":"https:\/\/dev.klb-koetztal.de\/fr\/produkt\/klb-system-acryl-ac-357\/#primaryimage","url":"https:\/\/dev.klb-koetztal.de\/app\/uploads\/2022\/03\/AC357.jpg","contentUrl":"https:\/\/dev.klb-koetztal.de\/app\/uploads\/2022\/03\/AC357.jpg","width":500,"height":500},{"@type":"BreadcrumbList","@id":"https:\/\/dev.klb-koetztal.de\/fr\/produkt\/klb-system-acryl-ac-357\/#breadcrumb","itemListElement":[{"@type":"ListItem","position":1,"name":"Startseite","item":"https:\/\/dev.klb-koetztal.de\/fr\/"},{"@type":"ListItem","position":2,"name":"KLB-SYSTEM ACRYL AC 357"}]},{"@type":"WebSite","@id":"https:\/\/dev.klb-koetztal.de\/fr\/#website","url":"https:\/\/dev.klb-koetztal.de\/fr\/","name":"KLB K\u00f6tztal","description":"Gute B\u00f6den haben ein System.","potentialAction":[{"@type":"SearchAction","target":{"@type":"EntryPoint","urlTemplate":"https:\/\/dev.klb-koetztal.de\/fr\/?s={search_term_string}"},"query-input":{"@type":"PropertyValueSpecification","valueRequired":true,"valueName":"search_term_string"}}],"inLanguage":"fr-FR"}]}},"_links":{"self":[{"href":"https:\/\/dev.klb-koetztal.de\/fr\/wp-json\/wp\/v2\/product\/50252","targetHints":{"allow":["GET"]}}],"collection":[{"href":"https:\/\/dev.klb-koetztal.de\/fr\/wp-json\/wp\/v2\/product"}],"about":[{"href":"https:\/\/dev.klb-koetztal.de\/fr\/wp-json\/wp\/v2\/types\/product"}],"wp:featuredmedia":[{"embeddable":true,"href":"https:\/\/dev.klb-koetztal.de\/fr\/wp-json\/wp\/v2\/media\/50253"}],"wp:attachment":[{"href":"https:\/\/dev.klb-koetztal.de\/fr\/wp-json\/wp\/v2\/media?parent=50252"}],"wp:term":[{"taxonomy":"product_brand","embeddable":true,"href":"https:\/\/dev.klb-koetztal.de\/fr\/wp-json\/wp\/v2\/product_brand?post=50252"},{"taxonomy":"product_cat","embeddable":true,"href":"https:\/\/dev.klb-koetztal.de\/fr\/wp-json\/wp\/v2\/product_cat?post=50252"},{"taxonomy":"product_tag","embeddable":true,"href":"https:\/\/dev.klb-koetztal.de\/fr\/wp-json\/wp\/v2\/product_tag?post=50252"}],"curies":[{"name":"wp","href":"https:\/\/api.w.org\/{rel}","templated":true}]}}