{"id":50251,"date":"2022-03-14T11:12:25","date_gmt":"2022-03-14T10:12:25","guid":{"rendered":"https:\/\/dev.klb-koetztal.de\/produkt\/klb-system-ac-add-27\/"},"modified":"2023-04-27T15:03:40","modified_gmt":"2023-04-27T13:03:40","slug":"klb-system-ac-add-27","status":"publish","type":"product","link":"https:\/\/dev.klb-koetztal.de\/fr\/produkt\/klb-system-ac-add-27\/","title":{"rendered":"KLB-SYSTEM AC-ADD 27"},"content":{"rendered":"","protected":false},"excerpt":{"rendered":"<p>AC-ADD 27 est un additif pour am\u00e9liorer l&rsquo;adh\u00e9rence de l&rsquo;AC 20 sur les substrats c\u00e9ramiques et les m\u00e9taux. AC-ADD 27 est ajout\u00e9 au primaire AC 20 avec 1 % en poids avant l&rsquo;addition du durcisseur. Le produit&#160;assure une adh\u00e9sion optimale au substrat.<\/p>\n","protected":false},"featured_media":50358,"template":"","meta":{"_acf_changed":false},"product_brand":[],"product_cat":[10040,10110,10042,10112],"product_tag":[],"class_list":{"0":"post-50251","1":"product","2":"type-product","3":"status-publish","4":"has-post-thumbnail","6":"product_cat-couches-de-fond","7":"product_cat-couches-de-fond_couches-de-fond-pmma","8":"product_cat-revetements","9":"product_cat-revetements_revetements-et-scellement-de-finition-pmma","11":"first","12":"instock","13":"shipping-taxable","14":"product-type-simple"},"acf":{"product_header":{"module_product_header":{"":null,"prototype_headline":{"headline":"KLB-SYSTEM AC-ADD 27","h1":true,"subheadline":"Additif pour am\u00e9liorer l'adh\u00e9rence sur les substrats non absorbants et les rev\u00eatements c\u00e9ramiques","anchor":"","url":""},"grid_text_slider":false,"grid_text_content":[{"text":"<p class=\"product-short-title\" style=\"text-align: center;\"><strong>Br\u00e8ve description<\/strong><\/p>\n<p>AC-ADD 27 est un additif pour am\u00e9liorer l&rsquo;adh\u00e9rence de l&rsquo;AC 20 sur les substrats c\u00e9ramiques et les m\u00e9taux. AC-ADD 27 est ajout\u00e9 au primaire AC 20 avec 1 % en poids avant l&rsquo;addition du durcisseur. Le produit&#160;assure une adh\u00e9sion optimale au substrat.<\/p>\n","width":"4","background_color_text":"bg-white","border_color":"border-gray-light"},{"text":"<p class=\"product-sicing-title\" style=\"text-align: center;\"><strong>Unit\u00e9s d'emballage<\/strong><\/p>\n<ul>\n<li>MA0005-98 &#8211; Bouteille 0,10 kg<\/li>\n<li>MA0005-97 &#8211; Bouteille 0,25 kg<\/li>\n<\/ul>\n<p><\/p>\n<p>N&rsquo;h\u00e9sitez pas \u00e0 contacter directement pour toute demande concernant des quantit\u00e9s de livraison ou des unit\u00e9s de conditionnement plus importantes.<\/p>\n\n","width":"4","background_color_text":"bg-white","border_color":"border-gray-light"},{"text":"<p class=\"product-attr-title\" style=\"text-align: center;\"><strong>Propri\u00e9t\u00e9s<\/strong><\/p>\n<ul>\n<li>Durcit \u00e0 basses temp\u00e9ratures<\/li>\n<li>Tr\u00e8s haute adh\u00e9rence<\/li>\n<\/ul>\n","width":"4","background_color_text":"bg-white","border_color":"border-gray-light"}],"background_color":"bg-none","background_color_content":"bg-none"}},"downloads":{"module_download_list":{"inhalt":null,"downloads":[{"download":{"ID":51163,"id":51163,"title":"Information Produit FR","filename":"ADD_27_PI_fr_2022_01.pdf","filesize":155509,"url":"https:\/\/dev.klb-koetztal.de\/app\/uploads\/2022\/05\/ADD_27_PI_fr_2022_01.pdf","link":"https:\/\/dev.klb-koetztal.de\/fr\/?attachment_id=51163","alt":"","author":"7","description":"","caption":"","name":"add_27_pi_fr_2022_01","status":"inherit","uploaded_to":0,"date":"2022-05-05 13:02:28","modified":"2023-04-27 13:03:45","menu_order":0,"mime_type":"application\/pdf","type":"application","subtype":"pdf","icon":"https:\/\/dev.klb-koetztal.de\/wp\/wp-includes\/images\/media\/document.png"},"filename":"","protected":false,"doclang":"FR","externalkey":"Produktinformation","docpos":"3"},{"download":false,"filename":"Fiche de donn\u00e9es de s\u00e9curit\u00e9","protected":true,"doclang":"FR","externalkey":"Sicherheitsdatenblatt","docpos":"3"}],"einstellungen":null,"background_color":"bg-none","background_color_content":"bg-none"}},"included_in_systems":{"module_included_in_systems":{"":null,"background_color":"bg-gray-medium","background_color_content":"bg-none"}},"contact":{"module_contact":{"":null,"background_color":"bg-none","background_color_content":"bg-none"}},"ausschreibende":{"module_ausschreibende":{"andern_sie_den_inhalt_unter_universelle_elemente":null,"background_color":"bg-none","background_color_content":"bg-none"}}},"yoast_head":"<!-- This site is optimized with the Yoast SEO plugin v27.0 - https:\/\/yoast.com\/product\/yoast-seo-wordpress\/ -->\n<title>Additif acrylique AC-ADD 27 am\u00e9liorant l&#039;adh\u00e9rence | KLB K\u00f6tztal<\/title>\n<meta name=\"description\" content=\"Additif AC-ADD 27 pour am\u00e9liorer l&#039;adh\u00e9rence | KLB rev\u00eatement de sol en r\u00e9sine r\u00e9active \u2714\ufe0fam\u00e9liorer l&#039;adh\u00e9rence de AC 20 sur substrats c\u00e9ramiques et m\u00e9taux\" \/>\n<meta name=\"robots\" content=\"noindex, follow, max-snippet:-1, max-image-preview:large, max-video-preview:-1\" \/>\n<meta property=\"og:locale\" content=\"fr_FR\" \/>\n<meta property=\"og:type\" content=\"article\" \/>\n<meta property=\"og:title\" content=\"Additif acrylique AC-ADD 27 am\u00e9liorant l&#039;adh\u00e9rence | KLB K\u00f6tztal\" \/>\n<meta property=\"og:description\" content=\"Additif AC-ADD 27 pour am\u00e9liorer l&#039;adh\u00e9rence | KLB rev\u00eatement de sol en r\u00e9sine r\u00e9active \u2714\ufe0fam\u00e9liorer l&#039;adh\u00e9rence de AC 20 sur substrats c\u00e9ramiques et m\u00e9taux\" \/>\n<meta property=\"og:url\" content=\"https:\/\/dev.klb-koetztal.de\/fr\/produkt\/klb-system-ac-add-27\/\" \/>\n<meta property=\"og:site_name\" content=\"KLB K\u00f6tztal\" \/>\n<meta property=\"article:publisher\" content=\"https:\/\/www.facebook.com\/klbkoetztal\" \/>\n<meta property=\"article:modified_time\" content=\"2023-04-27T13:03:40+00:00\" \/>\n<meta property=\"og:image\" content=\"https:\/\/dev.klb-koetztal.de\/app\/uploads\/2022\/03\/Produkt_Platzhalter.jpg\" \/>\n\t<meta property=\"og:image:width\" content=\"500\" \/>\n\t<meta property=\"og:image:height\" content=\"500\" \/>\n\t<meta property=\"og:image:type\" content=\"image\/jpeg\" \/>\n<meta name=\"twitter:card\" content=\"summary_large_image\" \/>\n<script type=\"application\/ld+json\" class=\"yoast-schema-graph\">{\"@context\":\"https:\/\/schema.org\",\"@graph\":[{\"@type\":\"WebPage\",\"@id\":\"https:\/\/dev.klb-koetztal.de\/fr\/produkt\/klb-system-ac-add-27\/\",\"url\":\"https:\/\/dev.klb-koetztal.de\/fr\/produkt\/klb-system-ac-add-27\/\",\"name\":\"Additif acrylique AC-ADD 27 am\u00e9liorant l'adh\u00e9rence | KLB K\u00f6tztal\",\"isPartOf\":{\"@id\":\"https:\/\/dev.klb-koetztal.de\/fr\/#website\"},\"primaryImageOfPage\":{\"@id\":\"https:\/\/dev.klb-koetztal.de\/fr\/produkt\/klb-system-ac-add-27\/#primaryimage\"},\"image\":{\"@id\":\"https:\/\/dev.klb-koetztal.de\/fr\/produkt\/klb-system-ac-add-27\/#primaryimage\"},\"thumbnailUrl\":\"https:\/\/dev.klb-koetztal.de\/app\/uploads\/2022\/03\/Produkt_Platzhalter.jpg\",\"datePublished\":\"2022-03-14T10:12:25+00:00\",\"dateModified\":\"2023-04-27T13:03:40+00:00\",\"description\":\"Additif AC-ADD 27 pour am\u00e9liorer l'adh\u00e9rence | KLB rev\u00eatement de sol en r\u00e9sine r\u00e9active \u2714\ufe0fam\u00e9liorer l'adh\u00e9rence de AC 20 sur substrats c\u00e9ramiques et m\u00e9taux\",\"breadcrumb\":{\"@id\":\"https:\/\/dev.klb-koetztal.de\/fr\/produkt\/klb-system-ac-add-27\/#breadcrumb\"},\"inLanguage\":\"fr-FR\",\"potentialAction\":[{\"@type\":\"ReadAction\",\"target\":[\"https:\/\/dev.klb-koetztal.de\/fr\/produkt\/klb-system-ac-add-27\/\"]}]},{\"@type\":\"ImageObject\",\"inLanguage\":\"fr-FR\",\"@id\":\"https:\/\/dev.klb-koetztal.de\/fr\/produkt\/klb-system-ac-add-27\/#primaryimage\",\"url\":\"https:\/\/dev.klb-koetztal.de\/app\/uploads\/2022\/03\/Produkt_Platzhalter.jpg\",\"contentUrl\":\"https:\/\/dev.klb-koetztal.de\/app\/uploads\/2022\/03\/Produkt_Platzhalter.jpg\",\"width\":500,\"height\":500},{\"@type\":\"BreadcrumbList\",\"@id\":\"https:\/\/dev.klb-koetztal.de\/fr\/produkt\/klb-system-ac-add-27\/#breadcrumb\",\"itemListElement\":[{\"@type\":\"ListItem\",\"position\":1,\"name\":\"Startseite\",\"item\":\"https:\/\/dev.klb-koetztal.de\/fr\/\"},{\"@type\":\"ListItem\",\"position\":2,\"name\":\"KLB-SYSTEM AC-ADD 27\"}]},{\"@type\":\"WebSite\",\"@id\":\"https:\/\/dev.klb-koetztal.de\/fr\/#website\",\"url\":\"https:\/\/dev.klb-koetztal.de\/fr\/\",\"name\":\"KLB K\u00f6tztal\",\"description\":\"Gute B\u00f6den haben ein System.\",\"potentialAction\":[{\"@type\":\"SearchAction\",\"target\":{\"@type\":\"EntryPoint\",\"urlTemplate\":\"https:\/\/dev.klb-koetztal.de\/fr\/?s={search_term_string}\"},\"query-input\":{\"@type\":\"PropertyValueSpecification\",\"valueRequired\":true,\"valueName\":\"search_term_string\"}}],\"inLanguage\":\"fr-FR\"}]}<\/script>\n<!-- \/ Yoast SEO plugin. -->","yoast_head_json":{"title":"Additif acrylique AC-ADD 27 am\u00e9liorant l'adh\u00e9rence | KLB K\u00f6tztal","description":"Additif AC-ADD 27 pour am\u00e9liorer l'adh\u00e9rence | KLB rev\u00eatement de sol en r\u00e9sine r\u00e9active \u2714\ufe0fam\u00e9liorer l'adh\u00e9rence de AC 20 sur substrats c\u00e9ramiques et m\u00e9taux","robots":{"index":"noindex","follow":"follow","max-snippet":"max-snippet:-1","max-image-preview":"max-image-preview:large","max-video-preview":"max-video-preview:-1"},"og_locale":"fr_FR","og_type":"article","og_title":"Additif acrylique AC-ADD 27 am\u00e9liorant l'adh\u00e9rence | KLB K\u00f6tztal","og_description":"Additif AC-ADD 27 pour am\u00e9liorer l'adh\u00e9rence | KLB rev\u00eatement de sol en r\u00e9sine r\u00e9active \u2714\ufe0fam\u00e9liorer l'adh\u00e9rence de AC 20 sur substrats c\u00e9ramiques et m\u00e9taux","og_url":"https:\/\/dev.klb-koetztal.de\/fr\/produkt\/klb-system-ac-add-27\/","og_site_name":"KLB K\u00f6tztal","article_publisher":"https:\/\/www.facebook.com\/klbkoetztal","article_modified_time":"2023-04-27T13:03:40+00:00","og_image":[{"width":500,"height":500,"url":"https:\/\/dev.klb-koetztal.de\/app\/uploads\/2022\/03\/Produkt_Platzhalter.jpg","type":"image\/jpeg"}],"twitter_card":"summary_large_image","schema":{"@context":"https:\/\/schema.org","@graph":[{"@type":"WebPage","@id":"https:\/\/dev.klb-koetztal.de\/fr\/produkt\/klb-system-ac-add-27\/","url":"https:\/\/dev.klb-koetztal.de\/fr\/produkt\/klb-system-ac-add-27\/","name":"Additif acrylique AC-ADD 27 am\u00e9liorant l'adh\u00e9rence | KLB K\u00f6tztal","isPartOf":{"@id":"https:\/\/dev.klb-koetztal.de\/fr\/#website"},"primaryImageOfPage":{"@id":"https:\/\/dev.klb-koetztal.de\/fr\/produkt\/klb-system-ac-add-27\/#primaryimage"},"image":{"@id":"https:\/\/dev.klb-koetztal.de\/fr\/produkt\/klb-system-ac-add-27\/#primaryimage"},"thumbnailUrl":"https:\/\/dev.klb-koetztal.de\/app\/uploads\/2022\/03\/Produkt_Platzhalter.jpg","datePublished":"2022-03-14T10:12:25+00:00","dateModified":"2023-04-27T13:03:40+00:00","description":"Additif AC-ADD 27 pour am\u00e9liorer l'adh\u00e9rence | KLB rev\u00eatement de sol en r\u00e9sine r\u00e9active \u2714\ufe0fam\u00e9liorer l'adh\u00e9rence de AC 20 sur substrats c\u00e9ramiques et m\u00e9taux","breadcrumb":{"@id":"https:\/\/dev.klb-koetztal.de\/fr\/produkt\/klb-system-ac-add-27\/#breadcrumb"},"inLanguage":"fr-FR","potentialAction":[{"@type":"ReadAction","target":["https:\/\/dev.klb-koetztal.de\/fr\/produkt\/klb-system-ac-add-27\/"]}]},{"@type":"ImageObject","inLanguage":"fr-FR","@id":"https:\/\/dev.klb-koetztal.de\/fr\/produkt\/klb-system-ac-add-27\/#primaryimage","url":"https:\/\/dev.klb-koetztal.de\/app\/uploads\/2022\/03\/Produkt_Platzhalter.jpg","contentUrl":"https:\/\/dev.klb-koetztal.de\/app\/uploads\/2022\/03\/Produkt_Platzhalter.jpg","width":500,"height":500},{"@type":"BreadcrumbList","@id":"https:\/\/dev.klb-koetztal.de\/fr\/produkt\/klb-system-ac-add-27\/#breadcrumb","itemListElement":[{"@type":"ListItem","position":1,"name":"Startseite","item":"https:\/\/dev.klb-koetztal.de\/fr\/"},{"@type":"ListItem","position":2,"name":"KLB-SYSTEM AC-ADD 27"}]},{"@type":"WebSite","@id":"https:\/\/dev.klb-koetztal.de\/fr\/#website","url":"https:\/\/dev.klb-koetztal.de\/fr\/","name":"KLB K\u00f6tztal","description":"Gute B\u00f6den haben ein System.","potentialAction":[{"@type":"SearchAction","target":{"@type":"EntryPoint","urlTemplate":"https:\/\/dev.klb-koetztal.de\/fr\/?s={search_term_string}"},"query-input":{"@type":"PropertyValueSpecification","valueRequired":true,"valueName":"search_term_string"}}],"inLanguage":"fr-FR"}]}},"_links":{"self":[{"href":"https:\/\/dev.klb-koetztal.de\/fr\/wp-json\/wp\/v2\/product\/50251","targetHints":{"allow":["GET"]}}],"collection":[{"href":"https:\/\/dev.klb-koetztal.de\/fr\/wp-json\/wp\/v2\/product"}],"about":[{"href":"https:\/\/dev.klb-koetztal.de\/fr\/wp-json\/wp\/v2\/types\/product"}],"wp:featuredmedia":[{"embeddable":true,"href":"https:\/\/dev.klb-koetztal.de\/fr\/wp-json\/wp\/v2\/media\/50358"}],"wp:attachment":[{"href":"https:\/\/dev.klb-koetztal.de\/fr\/wp-json\/wp\/v2\/media?parent=50251"}],"wp:term":[{"taxonomy":"product_brand","embeddable":true,"href":"https:\/\/dev.klb-koetztal.de\/fr\/wp-json\/wp\/v2\/product_brand?post=50251"},{"taxonomy":"product_cat","embeddable":true,"href":"https:\/\/dev.klb-koetztal.de\/fr\/wp-json\/wp\/v2\/product_cat?post=50251"},{"taxonomy":"product_tag","embeddable":true,"href":"https:\/\/dev.klb-koetztal.de\/fr\/wp-json\/wp\/v2\/product_tag?post=50251"}],"curies":[{"name":"wp","href":"https:\/\/api.w.org\/{rel}","templated":true}]}}