{"id":50244,"date":"2022-03-14T11:12:13","date_gmt":"2022-03-14T10:12:13","guid":{"rendered":"https:\/\/dev.klb-koetztal.de\/produkt\/klb-system-epoxid-ec-610-c\/"},"modified":"2026-02-25T11:48:14","modified_gmt":"2026-02-25T10:48:14","slug":"klb-system-epoxid-ec-610-c","status":"publish","type":"product","link":"https:\/\/dev.klb-koetztal.de\/fr\/produkt\/klb-system-epoxid-ec-610-c\/","title":{"rendered":"KLB-SYSTEM EPOXID EC 610 C"},"content":{"rendered":"","protected":false},"excerpt":{"rendered":"<p>Mortier \u00e0 3 composants \u00e0 base de ciment-\u00e9poxy, autolissant et \u00e0 durcissement rapide,&#160;con\u00e7u comme&#160;couche d\u2019\u00e9galisation et interm\u00e9diare&#160;ralentissant l\u2019osmose. Convient&#160;pour le nivellement et l&rsquo;\u00e9galisation de surfaces rugueuses ou irr\u00e9guli\u00e8res sur les sols \u00e0 usage commercial&#160;et industriel. L&rsquo;application se fait dans les zones soumises&#160;\u00e0 des contraintes moyennes ou&#160;\u00e9lev\u00e9es, particuli\u00e8rement lors de la r\u00e9novation des rev\u00eatements \u00e0 r\u00e9sine r\u00e9active pos\u00e9s&#160;ult\u00e9rieurement. Comme primaire, il faut utiliser l&rsquo;EP&#160;724&#160;E Haftgrund Super.<\/p>\n","protected":false},"featured_media":50245,"template":"","meta":{"_acf_changed":false},"product_brand":[],"product_cat":[10042,10051],"product_tag":[],"class_list":{"0":"post-50244","1":"product","2":"type-product","3":"status-publish","4":"has-post-thumbnail","6":"product_cat-revetements","7":"product_cat-revetements_couches-ecc-et-de-nivellement-couches-de-fond","9":"first","10":"instock","11":"shipping-taxable","12":"product-type-simple"},"acf":{"product_header":{"module_product_header":{"":null,"prototype_headline":{"headline":"KLB-SYSTEM EPOXID EC 610 C","h1":true,"subheadline":"Couche d\u2019\u00e9galisation \u00e0 3 composants \u00e0 base de ciment-\u00e9poxy (ECC)&#160;\u00e0 durcissement rapide et autolissante&#160;pour&#160;la fabrication et la r\u00e9novation de&#160;sols \u00e0 usage commercial et industriel, comme couche interm\u00e9diaire compensant la pression de vapeur sur les substrats&#160;critiques avant le rev\u00eatement de&#160;r\u00e9sines r\u00e9actives dans les zones soumises \u00e0&#160;des contraintes moyennes ou&#160;\u00e9lev\u00e9es. A faible \u00e9mission et durcissant \u00e0 faible&#160;retrait.","anchor":"","url":""},"grid_text_slider":false,"grid_text_content":[{"text":"<p class=\"product-short-title\" style=\"text-align: center;\"><strong>Br\u00e8ve description<\/strong><\/p>\n<p>Mortier \u00e0 3 composants \u00e0 base de ciment-\u00e9poxy, autolissant et \u00e0 durcissement rapide,&#160;con\u00e7u comme&#160;couche d\u2019\u00e9galisation et interm\u00e9diare&#160;ralentissant l\u2019osmose. Convient&#160;pour le nivellement et l&rsquo;\u00e9galisation de surfaces rugueuses ou irr\u00e9guli\u00e8res sur les sols \u00e0 usage commercial&#160;et industriel. L&rsquo;application se fait dans les zones soumises&#160;\u00e0 des contraintes moyennes ou&#160;\u00e9lev\u00e9es, particuli\u00e8rement lors de la r\u00e9novation des rev\u00eatements \u00e0 r\u00e9sine r\u00e9active pos\u00e9s&#160;ult\u00e9rieurement. Comme primaire, il faut utiliser l&rsquo;EP&#160;724&#160;E Haftgrund Super.<\/p>\n","width":"4","background_color_text":"bg-white","border_color":"border-gray-light"},{"text":"<p class=\"product-sicing-title\" style=\"text-align: center;\"><strong>Unit\u00e9s d'emballage<\/strong><\/p>\n<ul>\n<li>AK3001-26 &#8211; Emballage en kit 28,00 kg<\/li>\n<li>AK3001-16 &#8211; Emballage en kit 56,00 kg<\/li>\n<\/ul>\n<p><\/p>\n<p>N&rsquo;h\u00e9sitez pas \u00e0 contacter directement pour toute demande concernant des quantit\u00e9s de livraison ou des unit\u00e9s de conditionnement plus importantes.<\/p>\n\n","width":"4","background_color_text":"bg-white","border_color":"border-gray-light"},{"text":"<p class=\"product-attr-title\" style=\"text-align: center;\"><strong>Propri\u00e9t\u00e9s<\/strong><\/p>\n<ul>\n<li>qualit\u00e9 contr\u00f4l\u00e9e, \u00e0 faible \u00e9mission<\/li>\n<li>respectueux de l&rsquo;environnement<\/li>\n<li>autolissant<\/li>\n<li>\u00e0 durcissement rapide<\/li>\n<li>rapidement recouvrable<\/li>\n<li>comme couche d&rsquo;expansion d\u00e9c\u00e9l\u00e9rant l&rsquo;osmose<\/li>\n<li>possibilit\u00e9 de rev\u00eatement avec des r\u00e9sines r\u00e9actives<\/li>\n<li>r\u00e9sistant aux chocs<\/li>\n<li>avec une humidit\u00e9 r\u00e9siduelle temporairement accrue<\/li>\n<li>bonnes propri\u00e9t\u00e9s de traitement<\/li>\n<li>certifi\u00e9 selon EMICODE\u00ae  EC 1PLUS<\/li>\n<\/ul>\n","width":"4","background_color_text":"bg-white","border_color":"border-gray-light"}],"background_color":"bg-none","background_color_content":"bg-none"}},"downloads":{"module_download_list":{"inhalt":null,"downloads":[{"download":{"ID":67661,"id":67661,"title":"EC_610_C_PI_fr_2025_10","filename":"EC_610_C_PI_fr_2025_10.pdf","filesize":1446172,"url":"https:\/\/dev.klb-koetztal.de\/app\/uploads\/2025\/10\/EC_610_C_PI_fr_2025_10.pdf","link":"https:\/\/dev.klb-koetztal.de\/fr\/?attachment_id=67661","alt":"","author":"7","description":"","caption":"","name":"ec_610_c_pi_fr_2025_10-2","status":"inherit","uploaded_to":0,"date":"2025-10-06 11:11:04","modified":"2025-10-06 11:11:04","menu_order":0,"mime_type":"application\/pdf","type":"application","subtype":"pdf","icon":"https:\/\/dev.klb-koetztal.de\/wp\/wp-includes\/images\/media\/document.png"},"filename":"Information produit","protected":false,"doclang":"FR","externalkey":"Produktinformation","docpos":"3"},{"download":false,"filename":"Fiche de donn\u00e9es de s\u00e9curit\u00e9","protected":true,"doclang":"FR","externalkey":"Sicherheitsdatenblatt","docpos":"3"}],"einstellungen":null,"background_color":"bg-none","background_color_content":"bg-none"}},"included_in_systems":{"module_included_in_systems":{"":null,"background_color":"bg-gray-medium","background_color_content":"bg-none"}},"contact":{"module_contact":{"":null,"background_color":"bg-none","background_color_content":"bg-none"}},"ausschreibende":{"module_ausschreibende":{"andern_sie_den_inhalt_unter_universelle_elemente":null,"background_color":"bg-none","background_color_content":"bg-none"}}},"yoast_head":"<!-- This site is optimized with the Yoast SEO plugin v27.0 - https:\/\/yoast.com\/product\/yoast-seo-wordpress\/ -->\n<title>Mortier \u00e9poxy ciment tricomp. rapide EC 610 C | KLB K\u00f6tztal<\/title>\n<meta name=\"description\" content=\"Mortier EP ciment EC 610 C \u00e0 durcissement rapide, autolissant pour \u00e9galiser les asp\u00e9rit\u00e9s | KLB sol en r\u00e9sine synth\u00e9tique \u2714\ufe0f convient aux r\u00e9novations\" \/>\n<meta name=\"robots\" content=\"noindex, follow, max-snippet:-1, max-image-preview:large, max-video-preview:-1\" \/>\n<meta property=\"og:locale\" content=\"fr_FR\" \/>\n<meta property=\"og:type\" content=\"article\" \/>\n<meta property=\"og:title\" content=\"Mortier \u00e9poxy ciment tricomp. rapide EC 610 C | KLB K\u00f6tztal\" \/>\n<meta property=\"og:description\" content=\"Mortier EP ciment EC 610 C \u00e0 durcissement rapide, autolissant pour \u00e9galiser les asp\u00e9rit\u00e9s | KLB sol en r\u00e9sine synth\u00e9tique \u2714\ufe0f convient aux r\u00e9novations\" \/>\n<meta property=\"og:url\" content=\"https:\/\/dev.klb-koetztal.de\/fr\/produkt\/klb-system-epoxid-ec-610-c\/\" \/>\n<meta property=\"og:site_name\" content=\"KLB K\u00f6tztal\" \/>\n<meta property=\"article:publisher\" content=\"https:\/\/www.facebook.com\/klbkoetztal\" \/>\n<meta property=\"article:modified_time\" content=\"2026-02-25T10:48:14+00:00\" \/>\n<meta property=\"og:image\" content=\"https:\/\/dev.klb-koetztal.de\/app\/uploads\/2022\/03\/EC_610_C.jpg\" \/>\n\t<meta property=\"og:image:width\" content=\"500\" \/>\n\t<meta property=\"og:image:height\" content=\"500\" \/>\n\t<meta property=\"og:image:type\" content=\"image\/jpeg\" \/>\n<meta name=\"twitter:card\" content=\"summary_large_image\" \/>\n<script type=\"application\/ld+json\" class=\"yoast-schema-graph\">{\"@context\":\"https:\/\/schema.org\",\"@graph\":[{\"@type\":\"WebPage\",\"@id\":\"https:\/\/dev.klb-koetztal.de\/fr\/produkt\/klb-system-epoxid-ec-610-c\/\",\"url\":\"https:\/\/dev.klb-koetztal.de\/fr\/produkt\/klb-system-epoxid-ec-610-c\/\",\"name\":\"Mortier \u00e9poxy ciment tricomp. rapide EC 610 C | KLB K\u00f6tztal\",\"isPartOf\":{\"@id\":\"https:\/\/dev.klb-koetztal.de\/fr\/#website\"},\"primaryImageOfPage\":{\"@id\":\"https:\/\/dev.klb-koetztal.de\/fr\/produkt\/klb-system-epoxid-ec-610-c\/#primaryimage\"},\"image\":{\"@id\":\"https:\/\/dev.klb-koetztal.de\/fr\/produkt\/klb-system-epoxid-ec-610-c\/#primaryimage\"},\"thumbnailUrl\":\"https:\/\/dev.klb-koetztal.de\/app\/uploads\/2022\/03\/EC_610_C.jpg\",\"datePublished\":\"2022-03-14T10:12:13+00:00\",\"dateModified\":\"2026-02-25T10:48:14+00:00\",\"description\":\"Mortier EP ciment EC 610 C \u00e0 durcissement rapide, autolissant pour \u00e9galiser les asp\u00e9rit\u00e9s | KLB sol en r\u00e9sine synth\u00e9tique \u2714\ufe0f convient aux r\u00e9novations\",\"breadcrumb\":{\"@id\":\"https:\/\/dev.klb-koetztal.de\/fr\/produkt\/klb-system-epoxid-ec-610-c\/#breadcrumb\"},\"inLanguage\":\"fr-FR\",\"potentialAction\":[{\"@type\":\"ReadAction\",\"target\":[\"https:\/\/dev.klb-koetztal.de\/fr\/produkt\/klb-system-epoxid-ec-610-c\/\"]}]},{\"@type\":\"ImageObject\",\"inLanguage\":\"fr-FR\",\"@id\":\"https:\/\/dev.klb-koetztal.de\/fr\/produkt\/klb-system-epoxid-ec-610-c\/#primaryimage\",\"url\":\"https:\/\/dev.klb-koetztal.de\/app\/uploads\/2022\/03\/EC_610_C.jpg\",\"contentUrl\":\"https:\/\/dev.klb-koetztal.de\/app\/uploads\/2022\/03\/EC_610_C.jpg\",\"width\":500,\"height\":500},{\"@type\":\"BreadcrumbList\",\"@id\":\"https:\/\/dev.klb-koetztal.de\/fr\/produkt\/klb-system-epoxid-ec-610-c\/#breadcrumb\",\"itemListElement\":[{\"@type\":\"ListItem\",\"position\":1,\"name\":\"Startseite\",\"item\":\"https:\/\/dev.klb-koetztal.de\/fr\/\"},{\"@type\":\"ListItem\",\"position\":2,\"name\":\"KLB-SYSTEM EPOXID EC 610 C\"}]},{\"@type\":\"WebSite\",\"@id\":\"https:\/\/dev.klb-koetztal.de\/fr\/#website\",\"url\":\"https:\/\/dev.klb-koetztal.de\/fr\/\",\"name\":\"KLB K\u00f6tztal\",\"description\":\"Gute B\u00f6den haben ein System.\",\"potentialAction\":[{\"@type\":\"SearchAction\",\"target\":{\"@type\":\"EntryPoint\",\"urlTemplate\":\"https:\/\/dev.klb-koetztal.de\/fr\/?s={search_term_string}\"},\"query-input\":{\"@type\":\"PropertyValueSpecification\",\"valueRequired\":true,\"valueName\":\"search_term_string\"}}],\"inLanguage\":\"fr-FR\"}]}<\/script>\n<!-- \/ Yoast SEO plugin. -->","yoast_head_json":{"title":"Mortier \u00e9poxy ciment tricomp. rapide EC 610 C | KLB K\u00f6tztal","description":"Mortier EP ciment EC 610 C \u00e0 durcissement rapide, autolissant pour \u00e9galiser les asp\u00e9rit\u00e9s | KLB sol en r\u00e9sine synth\u00e9tique \u2714\ufe0f convient aux r\u00e9novations","robots":{"index":"noindex","follow":"follow","max-snippet":"max-snippet:-1","max-image-preview":"max-image-preview:large","max-video-preview":"max-video-preview:-1"},"og_locale":"fr_FR","og_type":"article","og_title":"Mortier \u00e9poxy ciment tricomp. rapide EC 610 C | KLB K\u00f6tztal","og_description":"Mortier EP ciment EC 610 C \u00e0 durcissement rapide, autolissant pour \u00e9galiser les asp\u00e9rit\u00e9s | KLB sol en r\u00e9sine synth\u00e9tique \u2714\ufe0f convient aux r\u00e9novations","og_url":"https:\/\/dev.klb-koetztal.de\/fr\/produkt\/klb-system-epoxid-ec-610-c\/","og_site_name":"KLB K\u00f6tztal","article_publisher":"https:\/\/www.facebook.com\/klbkoetztal","article_modified_time":"2026-02-25T10:48:14+00:00","og_image":[{"width":500,"height":500,"url":"https:\/\/dev.klb-koetztal.de\/app\/uploads\/2022\/03\/EC_610_C.jpg","type":"image\/jpeg"}],"twitter_card":"summary_large_image","schema":{"@context":"https:\/\/schema.org","@graph":[{"@type":"WebPage","@id":"https:\/\/dev.klb-koetztal.de\/fr\/produkt\/klb-system-epoxid-ec-610-c\/","url":"https:\/\/dev.klb-koetztal.de\/fr\/produkt\/klb-system-epoxid-ec-610-c\/","name":"Mortier \u00e9poxy ciment tricomp. rapide EC 610 C | KLB K\u00f6tztal","isPartOf":{"@id":"https:\/\/dev.klb-koetztal.de\/fr\/#website"},"primaryImageOfPage":{"@id":"https:\/\/dev.klb-koetztal.de\/fr\/produkt\/klb-system-epoxid-ec-610-c\/#primaryimage"},"image":{"@id":"https:\/\/dev.klb-koetztal.de\/fr\/produkt\/klb-system-epoxid-ec-610-c\/#primaryimage"},"thumbnailUrl":"https:\/\/dev.klb-koetztal.de\/app\/uploads\/2022\/03\/EC_610_C.jpg","datePublished":"2022-03-14T10:12:13+00:00","dateModified":"2026-02-25T10:48:14+00:00","description":"Mortier EP ciment EC 610 C \u00e0 durcissement rapide, autolissant pour \u00e9galiser les asp\u00e9rit\u00e9s | KLB sol en r\u00e9sine synth\u00e9tique \u2714\ufe0f convient aux r\u00e9novations","breadcrumb":{"@id":"https:\/\/dev.klb-koetztal.de\/fr\/produkt\/klb-system-epoxid-ec-610-c\/#breadcrumb"},"inLanguage":"fr-FR","potentialAction":[{"@type":"ReadAction","target":["https:\/\/dev.klb-koetztal.de\/fr\/produkt\/klb-system-epoxid-ec-610-c\/"]}]},{"@type":"ImageObject","inLanguage":"fr-FR","@id":"https:\/\/dev.klb-koetztal.de\/fr\/produkt\/klb-system-epoxid-ec-610-c\/#primaryimage","url":"https:\/\/dev.klb-koetztal.de\/app\/uploads\/2022\/03\/EC_610_C.jpg","contentUrl":"https:\/\/dev.klb-koetztal.de\/app\/uploads\/2022\/03\/EC_610_C.jpg","width":500,"height":500},{"@type":"BreadcrumbList","@id":"https:\/\/dev.klb-koetztal.de\/fr\/produkt\/klb-system-epoxid-ec-610-c\/#breadcrumb","itemListElement":[{"@type":"ListItem","position":1,"name":"Startseite","item":"https:\/\/dev.klb-koetztal.de\/fr\/"},{"@type":"ListItem","position":2,"name":"KLB-SYSTEM EPOXID EC 610 C"}]},{"@type":"WebSite","@id":"https:\/\/dev.klb-koetztal.de\/fr\/#website","url":"https:\/\/dev.klb-koetztal.de\/fr\/","name":"KLB K\u00f6tztal","description":"Gute B\u00f6den haben ein System.","potentialAction":[{"@type":"SearchAction","target":{"@type":"EntryPoint","urlTemplate":"https:\/\/dev.klb-koetztal.de\/fr\/?s={search_term_string}"},"query-input":{"@type":"PropertyValueSpecification","valueRequired":true,"valueName":"search_term_string"}}],"inLanguage":"fr-FR"}]}},"_links":{"self":[{"href":"https:\/\/dev.klb-koetztal.de\/fr\/wp-json\/wp\/v2\/product\/50244","targetHints":{"allow":["GET"]}}],"collection":[{"href":"https:\/\/dev.klb-koetztal.de\/fr\/wp-json\/wp\/v2\/product"}],"about":[{"href":"https:\/\/dev.klb-koetztal.de\/fr\/wp-json\/wp\/v2\/types\/product"}],"wp:featuredmedia":[{"embeddable":true,"href":"https:\/\/dev.klb-koetztal.de\/fr\/wp-json\/wp\/v2\/media\/50245"}],"wp:attachment":[{"href":"https:\/\/dev.klb-koetztal.de\/fr\/wp-json\/wp\/v2\/media?parent=50244"}],"wp:term":[{"taxonomy":"product_brand","embeddable":true,"href":"https:\/\/dev.klb-koetztal.de\/fr\/wp-json\/wp\/v2\/product_brand?post=50244"},{"taxonomy":"product_cat","embeddable":true,"href":"https:\/\/dev.klb-koetztal.de\/fr\/wp-json\/wp\/v2\/product_cat?post=50244"},{"taxonomy":"product_tag","embeddable":true,"href":"https:\/\/dev.klb-koetztal.de\/fr\/wp-json\/wp\/v2\/product_tag?post=50244"}],"curies":[{"name":"wp","href":"https:\/\/api.w.org\/{rel}","templated":true}]}}