{"id":50239,"date":"2022-03-14T11:12:01","date_gmt":"2022-03-14T10:12:01","guid":{"rendered":"https:\/\/dev.klb-koetztal.de\/produkt\/klb-system-polyurethan-pu-806-e-wall\/"},"modified":"2026-02-25T11:54:44","modified_gmt":"2026-02-25T10:54:44","slug":"klb-system-polyurethan-pu-806-e-wall","status":"publish","type":"product","link":"https:\/\/dev.klb-koetztal.de\/fr\/produkt\/klb-system-polyurethan-pu-806-e-wall\/","title":{"rendered":"KLB-SYSTEM POLYURETHAN PU 806 E &#8211; Wall"},"content":{"rendered":"","protected":false},"excerpt":{"rendered":"<p>Scellement mat&#160;\u00e0 2 composants, \u00e0 faible \u00e9mission, pigment\u00e9,&#160;stable \u00e0 la lumi\u00e8re et \u00e0 base d&rsquo;un syst\u00e8me de dispersion en polyur\u00e9thane. Avec un pouvoir couvrant accru, notamment pour les rev\u00eatements de murs et de plafonds, par exemple en combinaison avec&#160;PU 662. Facile \u00e0 appliquer, tr\u00e8s bon pouvoir couvrant pour les surfaces uniform\u00e9ment mates. Class\u00e9 \u00e0 faible \u00e9mission selon l&rsquo;AgBB.<br \/>\nConvient aux rev\u00eatements conformes aux certifications&#160;Eurofins&#160;\u00ab Indoor Air Comfort&#160;\u00bb&#160;et \u00ab Gold \u00bb. Certifi\u00e9 selon l&rsquo;AgBB et adapt\u00e9 aux&#160;pi\u00e8ces de s\u00e9jour.<\/p>\n","protected":false},"featured_media":50240,"template":"","meta":{"_acf_changed":false},"product_brand":[],"product_cat":[10042,10048],"product_tag":[],"class_list":{"0":"post-50239","1":"product","2":"type-product","3":"status-publish","4":"has-post-thumbnail","6":"product_cat-revetements","7":"product_cat-revetements_revetements-muraux-et-scellements","9":"first","10":"instock","11":"shipping-taxable","12":"product-type-simple"},"acf":{"product_header":{"module_product_header":{"":null,"prototype_headline":{"headline":"KLB-SYSTEM POLYURETHAN PU 806 E - Wall","h1":true,"subheadline":"Scellement mat en polyur\u00e9thane \u00e0 2 composants,&#160;stable \u00e0 la lumi\u00e8re et sans solvants, avec un&#160;fort pouvoir couvrant. A utiliser comme couche finale sur les murs et les plafonds&#160;","anchor":"","url":""},"grid_text_slider":false,"grid_text_content":[{"text":"<p class=\"product-short-title\" style=\"text-align: center;\"><strong>Br\u00e8ve description<\/strong><\/p>\n<p>Scellement mat&#160;\u00e0 2 composants, \u00e0 faible \u00e9mission, pigment\u00e9,&#160;stable \u00e0 la lumi\u00e8re et \u00e0 base d&rsquo;un syst\u00e8me de dispersion en polyur\u00e9thane. Avec un pouvoir couvrant accru, notamment pour les rev\u00eatements de murs et de plafonds, par exemple en combinaison avec&#160;PU 662. Facile \u00e0 appliquer, tr\u00e8s bon pouvoir couvrant pour les surfaces uniform\u00e9ment mates. Class\u00e9 \u00e0 faible \u00e9mission selon l&rsquo;AgBB.<\/p>\n<p>Convient aux rev\u00eatements conformes aux certifications&#160;Eurofins&#160;\u00ab Indoor Air Comfort&#160;\u00bb&#160;et \u00ab Gold \u00bb. Certifi\u00e9 selon l&rsquo;AgBB et adapt\u00e9 aux&#160;pi\u00e8ces de s\u00e9jour.<\/p>\n","width":"4","background_color_text":"bg-white","border_color":"border-gray-light"},{"text":"<p class=\"product-sicing-title\" style=\"text-align: center;\"><strong>Unit\u00e9s d'emballage<\/strong><\/p>\n<ul>\n<li>AK6516-70 &#8211; Emballage en kit 6,00 kg<\/li>\n<li>AK6516-50 &#8211; Emballage en kit 12,00 kg<\/li>\n<\/ul>\n<p><\/p>\n<p>N&rsquo;h\u00e9sitez pas \u00e0 contacter directement pour toute demande concernant des quantit\u00e9s de livraison ou des unit\u00e9s de conditionnement plus importantes.<\/p>\n\n","width":"4","background_color_text":"bg-white","border_color":"border-gray-light"},{"text":"<p class=\"product-attr-title\" style=\"text-align: center;\"><strong>Propri\u00e9t\u00e9s<\/strong><\/p>\n<ul>\n<li>grande opacit\u00e9<\/li>\n<li>pour murs, plafonds et surfaces verticales<\/li>\n<li>tr\u00e8s haute adh\u00e9rence<\/li>\n<li>total Solid selon GISCODE<\/li>\n<li>perm\u00e9able \u00e0 la vapeur d&rsquo;eau<\/li>\n<li>respectueux de l&rsquo;environnement<\/li>\n<li>r\u00e9sistant \u00e0 l&rsquo;abrasion et \u00e0 l&rsquo;usure<\/li>\n<li>qualit\u00e9 contr\u00f4l\u00e9e, \u00e0 faible \u00e9mission<\/li>\n<li>surface homog\u00e8ne<\/li>\n<\/ul>\n","width":"4","background_color_text":"bg-white","border_color":"border-gray-light"}],"background_color":"bg-none","background_color_content":"bg-none"}},"downloads":{"module_download_list":{"inhalt":null,"downloads":[{"download":{"ID":62966,"id":62966,"title":"PU_806_E-Wall_PI_fr_2024_09","filename":"PU_806_E-Wall_PI_fr_2024_09.pdf","filesize":799650,"url":"https:\/\/dev.klb-koetztal.de\/app\/uploads\/2024\/09\/PU_806_E-Wall_PI_fr_2024_09.pdf","link":"https:\/\/dev.klb-koetztal.de\/fr\/?attachment_id=62966","alt":"","author":"7","description":"","caption":"","name":"pu_806_e-wall_pi_fr_2024_09-2","status":"inherit","uploaded_to":0,"date":"2024-09-02 08:40:19","modified":"2024-09-02 08:40:19","menu_order":0,"mime_type":"application\/pdf","type":"application","subtype":"pdf","icon":"https:\/\/dev.klb-koetztal.de\/wp\/wp-includes\/images\/media\/document.png"},"filename":"Information produit","protected":false,"doclang":"FR","externalkey":"Produktinformation","docpos":"3"},{"download":{"ID":50230,"id":50230,"title":"Leistungserkl\u00e4rung - Statement of performance","filename":"PU806_E_WALL_PU806_E_Clean_WALL_LE_2019-10.pdf","filesize":674397,"url":"https:\/\/dev.klb-koetztal.de\/app\/uploads\/2022\/03\/PU806_E_WALL_PU806_E_Clean_WALL_LE_2019-10.pdf","link":"https:\/\/dev.klb-koetztal.de\/fr\/?attachment_id=50230","alt":"","author":"7","description":"","caption":"","name":"pu806_e_wall_pu806_e_clean_wall_le_2019-10","status":"inherit","uploaded_to":0,"date":"2022-03-14 10:11:39","modified":"2026-02-25 10:54:53","menu_order":0,"mime_type":"application\/pdf","type":"application","subtype":"pdf","icon":"https:\/\/dev.klb-koetztal.de\/wp\/wp-includes\/images\/media\/document.png"},"filename":"D\u00e9claration de performance","protected":false,"doclang":"Multi","externalkey":"Leistungserklaerung","docpos":"50"},{"download":{"ID":51311,"id":51311,"title":"EPD-Information","filename":"PU806E_Wall_Umwelt-Deklaration_2022-06.pdf","filesize":2561730,"url":"https:\/\/dev.klb-koetztal.de\/app\/uploads\/2022\/06\/PU806E_Wall_Umwelt-Deklaration_2022-06.pdf","link":"https:\/\/dev.klb-koetztal.de\/fr\/?attachment_id=51311","alt":"","author":"7","description":"","caption":"","name":"pu806e_wall_umwelt-deklaration_2022-06","status":"inherit","uploaded_to":0,"date":"2022-06-30 12:28:34","modified":"2026-02-25 10:54:57","menu_order":0,"mime_type":"application\/pdf","type":"application","subtype":"pdf","icon":"https:\/\/dev.klb-koetztal.de\/wp\/wp-includes\/images\/media\/document.png"},"filename":"D\u00e9clarations de produit environnemental (EPD)","protected":false,"doclang":"Multi","externalkey":"Umweltproduktdeklaration","docpos":"50"},{"download":false,"filename":"Fiche de donn\u00e9es de s\u00e9curit\u00e9","protected":true,"doclang":"FR","externalkey":"Sicherheitsdatenblatt","docpos":"3"}],"einstellungen":null,"background_color":"bg-none","background_color_content":"bg-none"}},"included_in_systems":{"module_included_in_systems":{"":null,"background_color":"bg-gray-medium","background_color_content":"bg-none"}},"contact":{"module_contact":{"":null,"background_color":"bg-none","background_color_content":"bg-none"}},"ausschreibende":{"module_ausschreibende":{"andern_sie_den_inhalt_unter_universelle_elemente":null,"background_color":"bg-none","background_color_content":"bg-none"}}},"yoast_head":"<!-- This site is optimized with the Yoast SEO plugin v27.0 - https:\/\/yoast.com\/product\/yoast-seo-wordpress\/ -->\n<title>Scellement mat bicomp. faible \u00e9mission PU 806 E-Wall | KLB<\/title>\n<meta name=\"description\" content=\"Scellement color\u00e9 mat bicomp. PU 806 E-Wall \u00e0 faible COV, stable \u00e0 lumi\u00e8re UV notamment pour les murs et plafond | KLB syst\u00e8mes de sol \u2714\ufe0f AgBB, Eurofins\" \/>\n<meta name=\"robots\" content=\"noindex, follow, max-snippet:-1, max-image-preview:large, max-video-preview:-1\" \/>\n<meta property=\"og:locale\" content=\"fr_FR\" \/>\n<meta property=\"og:type\" content=\"article\" \/>\n<meta property=\"og:title\" content=\"Scellement mat bicomp. faible \u00e9mission PU 806 E-Wall | KLB\" \/>\n<meta property=\"og:description\" content=\"Scellement color\u00e9 mat bicomp. PU 806 E-Wall \u00e0 faible COV, stable \u00e0 lumi\u00e8re UV notamment pour les murs et plafond | KLB syst\u00e8mes de sol \u2714\ufe0f AgBB, Eurofins\" \/>\n<meta property=\"og:url\" content=\"https:\/\/dev.klb-koetztal.de\/fr\/produkt\/klb-system-polyurethan-pu-806-e-wall\/\" \/>\n<meta property=\"og:site_name\" content=\"KLB K\u00f6tztal\" \/>\n<meta property=\"article:publisher\" content=\"https:\/\/www.facebook.com\/klbkoetztal\" \/>\n<meta property=\"article:modified_time\" content=\"2026-02-25T10:54:44+00:00\" \/>\n<meta property=\"og:image\" content=\"https:\/\/dev.klb-koetztal.de\/app\/uploads\/2022\/03\/PU806_E_Wall.jpg\" \/>\n\t<meta property=\"og:image:width\" content=\"500\" \/>\n\t<meta property=\"og:image:height\" content=\"500\" \/>\n\t<meta property=\"og:image:type\" content=\"image\/jpeg\" \/>\n<meta name=\"twitter:card\" content=\"summary_large_image\" \/>\n<script type=\"application\/ld+json\" class=\"yoast-schema-graph\">{\"@context\":\"https:\/\/schema.org\",\"@graph\":[{\"@type\":\"WebPage\",\"@id\":\"https:\/\/dev.klb-koetztal.de\/fr\/produkt\/klb-system-polyurethan-pu-806-e-wall\/\",\"url\":\"https:\/\/dev.klb-koetztal.de\/fr\/produkt\/klb-system-polyurethan-pu-806-e-wall\/\",\"name\":\"Scellement mat bicomp. faible \u00e9mission PU 806 E-Wall | KLB\",\"isPartOf\":{\"@id\":\"https:\/\/dev.klb-koetztal.de\/fr\/#website\"},\"primaryImageOfPage\":{\"@id\":\"https:\/\/dev.klb-koetztal.de\/fr\/produkt\/klb-system-polyurethan-pu-806-e-wall\/#primaryimage\"},\"image\":{\"@id\":\"https:\/\/dev.klb-koetztal.de\/fr\/produkt\/klb-system-polyurethan-pu-806-e-wall\/#primaryimage\"},\"thumbnailUrl\":\"https:\/\/dev.klb-koetztal.de\/app\/uploads\/2022\/03\/PU806_E_Wall.jpg\",\"datePublished\":\"2022-03-14T10:12:01+00:00\",\"dateModified\":\"2026-02-25T10:54:44+00:00\",\"description\":\"Scellement color\u00e9 mat bicomp. PU 806 E-Wall \u00e0 faible COV, stable \u00e0 lumi\u00e8re UV notamment pour les murs et plafond | KLB syst\u00e8mes de sol \u2714\ufe0f AgBB, Eurofins\",\"breadcrumb\":{\"@id\":\"https:\/\/dev.klb-koetztal.de\/fr\/produkt\/klb-system-polyurethan-pu-806-e-wall\/#breadcrumb\"},\"inLanguage\":\"fr-FR\",\"potentialAction\":[{\"@type\":\"ReadAction\",\"target\":[\"https:\/\/dev.klb-koetztal.de\/fr\/produkt\/klb-system-polyurethan-pu-806-e-wall\/\"]}]},{\"@type\":\"ImageObject\",\"inLanguage\":\"fr-FR\",\"@id\":\"https:\/\/dev.klb-koetztal.de\/fr\/produkt\/klb-system-polyurethan-pu-806-e-wall\/#primaryimage\",\"url\":\"https:\/\/dev.klb-koetztal.de\/app\/uploads\/2022\/03\/PU806_E_Wall.jpg\",\"contentUrl\":\"https:\/\/dev.klb-koetztal.de\/app\/uploads\/2022\/03\/PU806_E_Wall.jpg\",\"width\":500,\"height\":500},{\"@type\":\"BreadcrumbList\",\"@id\":\"https:\/\/dev.klb-koetztal.de\/fr\/produkt\/klb-system-polyurethan-pu-806-e-wall\/#breadcrumb\",\"itemListElement\":[{\"@type\":\"ListItem\",\"position\":1,\"name\":\"Startseite\",\"item\":\"https:\/\/dev.klb-koetztal.de\/fr\/\"},{\"@type\":\"ListItem\",\"position\":2,\"name\":\"KLB-SYSTEM POLYURETHAN PU 806 E &#8211; Wall\"}]},{\"@type\":\"WebSite\",\"@id\":\"https:\/\/dev.klb-koetztal.de\/fr\/#website\",\"url\":\"https:\/\/dev.klb-koetztal.de\/fr\/\",\"name\":\"KLB K\u00f6tztal\",\"description\":\"Gute B\u00f6den haben ein System.\",\"potentialAction\":[{\"@type\":\"SearchAction\",\"target\":{\"@type\":\"EntryPoint\",\"urlTemplate\":\"https:\/\/dev.klb-koetztal.de\/fr\/?s={search_term_string}\"},\"query-input\":{\"@type\":\"PropertyValueSpecification\",\"valueRequired\":true,\"valueName\":\"search_term_string\"}}],\"inLanguage\":\"fr-FR\"}]}<\/script>\n<!-- \/ Yoast SEO plugin. -->","yoast_head_json":{"title":"Scellement mat bicomp. faible \u00e9mission PU 806 E-Wall | KLB","description":"Scellement color\u00e9 mat bicomp. PU 806 E-Wall \u00e0 faible COV, stable \u00e0 lumi\u00e8re UV notamment pour les murs et plafond | KLB syst\u00e8mes de sol \u2714\ufe0f AgBB, Eurofins","robots":{"index":"noindex","follow":"follow","max-snippet":"max-snippet:-1","max-image-preview":"max-image-preview:large","max-video-preview":"max-video-preview:-1"},"og_locale":"fr_FR","og_type":"article","og_title":"Scellement mat bicomp. faible \u00e9mission PU 806 E-Wall | KLB","og_description":"Scellement color\u00e9 mat bicomp. PU 806 E-Wall \u00e0 faible COV, stable \u00e0 lumi\u00e8re UV notamment pour les murs et plafond | KLB syst\u00e8mes de sol \u2714\ufe0f AgBB, Eurofins","og_url":"https:\/\/dev.klb-koetztal.de\/fr\/produkt\/klb-system-polyurethan-pu-806-e-wall\/","og_site_name":"KLB K\u00f6tztal","article_publisher":"https:\/\/www.facebook.com\/klbkoetztal","article_modified_time":"2026-02-25T10:54:44+00:00","og_image":[{"width":500,"height":500,"url":"https:\/\/dev.klb-koetztal.de\/app\/uploads\/2022\/03\/PU806_E_Wall.jpg","type":"image\/jpeg"}],"twitter_card":"summary_large_image","schema":{"@context":"https:\/\/schema.org","@graph":[{"@type":"WebPage","@id":"https:\/\/dev.klb-koetztal.de\/fr\/produkt\/klb-system-polyurethan-pu-806-e-wall\/","url":"https:\/\/dev.klb-koetztal.de\/fr\/produkt\/klb-system-polyurethan-pu-806-e-wall\/","name":"Scellement mat bicomp. faible \u00e9mission PU 806 E-Wall | KLB","isPartOf":{"@id":"https:\/\/dev.klb-koetztal.de\/fr\/#website"},"primaryImageOfPage":{"@id":"https:\/\/dev.klb-koetztal.de\/fr\/produkt\/klb-system-polyurethan-pu-806-e-wall\/#primaryimage"},"image":{"@id":"https:\/\/dev.klb-koetztal.de\/fr\/produkt\/klb-system-polyurethan-pu-806-e-wall\/#primaryimage"},"thumbnailUrl":"https:\/\/dev.klb-koetztal.de\/app\/uploads\/2022\/03\/PU806_E_Wall.jpg","datePublished":"2022-03-14T10:12:01+00:00","dateModified":"2026-02-25T10:54:44+00:00","description":"Scellement color\u00e9 mat bicomp. PU 806 E-Wall \u00e0 faible COV, stable \u00e0 lumi\u00e8re UV notamment pour les murs et plafond | KLB syst\u00e8mes de sol \u2714\ufe0f AgBB, Eurofins","breadcrumb":{"@id":"https:\/\/dev.klb-koetztal.de\/fr\/produkt\/klb-system-polyurethan-pu-806-e-wall\/#breadcrumb"},"inLanguage":"fr-FR","potentialAction":[{"@type":"ReadAction","target":["https:\/\/dev.klb-koetztal.de\/fr\/produkt\/klb-system-polyurethan-pu-806-e-wall\/"]}]},{"@type":"ImageObject","inLanguage":"fr-FR","@id":"https:\/\/dev.klb-koetztal.de\/fr\/produkt\/klb-system-polyurethan-pu-806-e-wall\/#primaryimage","url":"https:\/\/dev.klb-koetztal.de\/app\/uploads\/2022\/03\/PU806_E_Wall.jpg","contentUrl":"https:\/\/dev.klb-koetztal.de\/app\/uploads\/2022\/03\/PU806_E_Wall.jpg","width":500,"height":500},{"@type":"BreadcrumbList","@id":"https:\/\/dev.klb-koetztal.de\/fr\/produkt\/klb-system-polyurethan-pu-806-e-wall\/#breadcrumb","itemListElement":[{"@type":"ListItem","position":1,"name":"Startseite","item":"https:\/\/dev.klb-koetztal.de\/fr\/"},{"@type":"ListItem","position":2,"name":"KLB-SYSTEM POLYURETHAN PU 806 E &#8211; Wall"}]},{"@type":"WebSite","@id":"https:\/\/dev.klb-koetztal.de\/fr\/#website","url":"https:\/\/dev.klb-koetztal.de\/fr\/","name":"KLB K\u00f6tztal","description":"Gute B\u00f6den haben ein System.","potentialAction":[{"@type":"SearchAction","target":{"@type":"EntryPoint","urlTemplate":"https:\/\/dev.klb-koetztal.de\/fr\/?s={search_term_string}"},"query-input":{"@type":"PropertyValueSpecification","valueRequired":true,"valueName":"search_term_string"}}],"inLanguage":"fr-FR"}]}},"_links":{"self":[{"href":"https:\/\/dev.klb-koetztal.de\/fr\/wp-json\/wp\/v2\/product\/50239","targetHints":{"allow":["GET"]}}],"collection":[{"href":"https:\/\/dev.klb-koetztal.de\/fr\/wp-json\/wp\/v2\/product"}],"about":[{"href":"https:\/\/dev.klb-koetztal.de\/fr\/wp-json\/wp\/v2\/types\/product"}],"wp:featuredmedia":[{"embeddable":true,"href":"https:\/\/dev.klb-koetztal.de\/fr\/wp-json\/wp\/v2\/media\/50240"}],"wp:attachment":[{"href":"https:\/\/dev.klb-koetztal.de\/fr\/wp-json\/wp\/v2\/media?parent=50239"}],"wp:term":[{"taxonomy":"product_brand","embeddable":true,"href":"https:\/\/dev.klb-koetztal.de\/fr\/wp-json\/wp\/v2\/product_brand?post=50239"},{"taxonomy":"product_cat","embeddable":true,"href":"https:\/\/dev.klb-koetztal.de\/fr\/wp-json\/wp\/v2\/product_cat?post=50239"},{"taxonomy":"product_tag","embeddable":true,"href":"https:\/\/dev.klb-koetztal.de\/fr\/wp-json\/wp\/v2\/product_tag?post=50239"}],"curies":[{"name":"wp","href":"https:\/\/api.w.org\/{rel}","templated":true}]}}