{"id":50234,"date":"2022-03-14T11:11:49","date_gmt":"2022-03-14T10:11:49","guid":{"rendered":"https:\/\/dev.klb-koetztal.de\/produkt\/klb-system-polyurethan-pu-806-e-r10\/"},"modified":"2026-02-25T11:55:08","modified_gmt":"2026-02-25T10:55:08","slug":"klb-system-polyurethan-pu-806-e-r10","status":"publish","type":"product","link":"https:\/\/dev.klb-koetztal.de\/fr\/produkt\/klb-system-polyurethan-pu-806-e-r10\/","title":{"rendered":"KLB-SYSTEM POLYURETHAN PU 806 E &#8211; R10"},"content":{"rendered":"","protected":false},"excerpt":{"rendered":"<p>Scellement mat&#160;\u00e0 2 composants, \u00e0 faible \u00e9mission, pigment\u00e9,&#160;stable \u00e0 la lumi\u00e8re et \u00e0 base d&rsquo;un syst\u00e8me de dispersion en polyur\u00e9thane de haute qualit\u00e9. Ajust\u00e9&#160;dans la classe d&rsquo;antid\u00e9rapance R10 (R9 est&#160;\u00e9galement possible).&#160;Le scellement, qui est facile \u00e0 appliquer, peut \u00eatre utilis\u00e9 comme scellement final mat et opaque sur les rev\u00eatements&#160;et enduits.<br \/>\nConvient aux rev\u00eatements conformes aux certifications&#160;Eurofins \u00ab Indoor Air Comfort&#160;\u00bb&#160;et \u00ab Gold \u00bb. Certifi\u00e9 selon l&rsquo;AgBB et adapt\u00e9 aux&#160;pi\u00e8ces de s\u00e9jour.<\/p>\n","protected":false},"featured_media":50235,"template":"","meta":{"_acf_changed":false},"product_brand":[],"product_cat":[10042,10057,10038,10056],"product_tag":[],"class_list":{"0":"post-50234","1":"product","2":"type-product","3":"status-publish","4":"has-post-thumbnail","6":"product_cat-revetements","7":"product_cat-revetements_revetements-et-scellements-permeables-a-la-diffusion-de-vapeur","8":"product_cat-scellements-impregnations","9":"product_cat-scellements-impregnations_scellements-en-polyurethane-a-2-composants-emulsionnes-a-leau","11":"first","12":"instock","13":"shipping-taxable","14":"product-type-simple"},"acf":{"product_header":{"module_product_header":{"":null,"prototype_headline":{"headline":"KLB-SYSTEM POLYURETHAN PU 806 E - R10","h1":true,"subheadline":"Scellement mat en polyur\u00e9thane \u00e0 2 composants, antid\u00e9rapant, stable \u00e0 la lumi\u00e8re et \u00e0 faible \u00e9mission&#160;pour les rev\u00eatements de sol&#160;avec une r\u00e9sistance au glissement d\u00e9finie de R10","anchor":"","url":""},"grid_text_slider":false,"grid_text_content":[{"text":"<p class=\"product-short-title\" style=\"text-align: center;\"><strong>Br\u00e8ve description<\/strong><\/p>\n<p>Scellement mat&#160;\u00e0 2 composants, \u00e0 faible \u00e9mission, pigment\u00e9,&#160;stable \u00e0 la lumi\u00e8re et \u00e0 base d&rsquo;un syst\u00e8me de dispersion en polyur\u00e9thane de haute qualit\u00e9. Ajust\u00e9&#160;dans la classe d&rsquo;antid\u00e9rapance R10 (R9 est&#160;\u00e9galement possible).&#160;Le scellement, qui est facile \u00e0 appliquer, peut \u00eatre utilis\u00e9 comme scellement final mat et opaque sur les rev\u00eatements&#160;et enduits.<\/p>\n<p>Convient aux rev\u00eatements conformes aux certifications&#160;Eurofins \u00ab Indoor Air Comfort&#160;\u00bb&#160;et \u00ab Gold \u00bb. Certifi\u00e9 selon l&rsquo;AgBB et adapt\u00e9 aux&#160;pi\u00e8ces de s\u00e9jour.<\/p>\n","width":"4","background_color_text":"bg-white","border_color":"border-gray-light"},{"text":"<p class=\"product-sicing-title\" style=\"text-align: center;\"><strong>Unit\u00e9s d'emballage<\/strong><\/p>\n<ul>\n<li>AK6517-70 &#8211; Emballage en kit 5,25 kg<\/li>\n<li>AK6517-40 &#8211; Emballage en kit 10,50 kg<\/li>\n<\/ul>\n<p><\/p>\n<p>N&rsquo;h\u00e9sitez pas \u00e0 contacter directement pour toute demande concernant des quantit\u00e9s de livraison ou des unit\u00e9s de conditionnement plus importantes.<\/p>\n\n","width":"4","background_color_text":"bg-white","border_color":"border-gray-light"},{"text":"<p class=\"product-attr-title\" style=\"text-align: center;\"><strong>Propri\u00e9t\u00e9s<\/strong><\/p>\n<ul>\n<li>surface d\u00e9corative et attrayante<\/li>\n<li>surface homog\u00e8ne<\/li>\n<li>perm\u00e9able \u00e0 la vapeur d&rsquo;eau<\/li>\n<li>qualit\u00e9 contr\u00f4l\u00e9e, \u00e0 faible \u00e9mission<\/li>\n<li>respectueux de l&rsquo;environnement<\/li>\n<li>tr\u00e8s haute adh\u00e9rence<\/li>\n<li>r\u00e9sistant \u00e0 l&rsquo;abrasion et \u00e0 l&rsquo;usure<\/li>\n<li>antid\u00e9rapant<\/li>\n<\/ul>\n","width":"4","background_color_text":"bg-white","border_color":"border-gray-light"}],"background_color":"bg-none","background_color_content":"bg-none"}},"downloads":{"module_download_list":{"inhalt":null,"downloads":[{"download":{"ID":66317,"id":66317,"title":"PU_806_E_R10_PI_fr_2025_07","filename":"PU_806_E_R10_PI_fr_2025_07.pdf","filesize":1581332,"url":"https:\/\/dev.klb-koetztal.de\/app\/uploads\/2025\/07\/PU_806_E_R10_PI_fr_2025_07.pdf","link":"https:\/\/dev.klb-koetztal.de\/fr\/?attachment_id=66317","alt":"","author":"7","description":"","caption":"","name":"pu_806_e_r10_pi_fr_2025_07-2","status":"inherit","uploaded_to":0,"date":"2025-07-08 13:41:45","modified":"2025-07-08 13:41:45","menu_order":0,"mime_type":"application\/pdf","type":"application","subtype":"pdf","icon":"https:\/\/dev.klb-koetztal.de\/wp\/wp-includes\/images\/media\/document.png"},"filename":"Information produit","protected":false,"doclang":"FR","externalkey":"Produktinformation","docpos":"3"},{"download":{"ID":57663,"id":57663,"title":"PU806_E_R10_PU806_E_R10_Clean_LE_2019-10","filename":"PU806_E_R10_PU806_E_R10_Clean_LE_2019-10.pdf","filesize":677506,"url":"https:\/\/dev.klb-koetztal.de\/app\/uploads\/2023\/07\/PU806_E_R10_PU806_E_R10_Clean_LE_2019-10.pdf","link":"https:\/\/dev.klb-koetztal.de\/fr\/?attachment_id=57663","alt":"","author":"7","description":"","caption":"","name":"pu806_e_r10_pu806_e_r10_clean_le_2019-10-2","status":"inherit","uploaded_to":0,"date":"2023-07-27 15:03:02","modified":"2023-07-27 15:03:02","menu_order":0,"mime_type":"application\/pdf","type":"application","subtype":"pdf","icon":"https:\/\/dev.klb-koetztal.de\/wp\/wp-includes\/images\/media\/document.png"},"filename":"D\u00e9claration de performance","protected":false,"doclang":"Multi","externalkey":"Leistungserklaerung","docpos":"50"},{"download":{"ID":51307,"id":51307,"title":"EPD-Information","filename":"PU806E_R10_Umwelt-Deklaration_2022-06.pdf","filesize":2561736,"url":"https:\/\/dev.klb-koetztal.de\/app\/uploads\/2022\/06\/PU806E_R10_Umwelt-Deklaration_2022-06.pdf","link":"https:\/\/dev.klb-koetztal.de\/fr\/?attachment_id=51307","alt":"","author":"7","description":"","caption":"","name":"pu806e_r10_umwelt-deklaration_2022-06","status":"inherit","uploaded_to":0,"date":"2022-06-30 12:22:57","modified":"2026-02-25 10:55:23","menu_order":0,"mime_type":"application\/pdf","type":"application","subtype":"pdf","icon":"https:\/\/dev.klb-koetztal.de\/wp\/wp-includes\/images\/media\/document.png"},"filename":"D\u00e9clarations de produit environnemental (EPD)","protected":false,"doclang":"Multi","externalkey":"Umweltproduktdeklaration","docpos":"50"},{"download":false,"filename":"Fiche de donn\u00e9es de s\u00e9curit\u00e9","protected":true,"doclang":"FR","externalkey":"Sicherheitsdatenblatt","docpos":"3"}],"einstellungen":null,"background_color":"bg-none","background_color_content":"bg-none"}},"included_in_systems":{"module_included_in_systems":{"":null,"background_color":"bg-gray-medium","background_color_content":"bg-none"}},"contact":{"module_contact":{"":null,"background_color":"bg-none","background_color_content":"bg-none"}},"ausschreibende":{"module_ausschreibende":{"andern_sie_den_inhalt_unter_universelle_elemente":null,"background_color":"bg-none","background_color_content":"bg-none"}}},"yoast_head":"<!-- This site is optimized with the Yoast SEO plugin v27.0 - https:\/\/yoast.com\/product\/yoast-seo-wordpress\/ -->\n<title>Scellement color\u00e9 PU 806 E-R10 faible \u00e9mission bicomp. | KLB<\/title>\n<meta name=\"description\" content=\"Scellement mat PU 806 E-R10 faible \u00e9mission, color\u00e9, r\u00e9sistant au jaunissement bicomp. avec d&#039;antid\u00e9rapance | KLB syst\u00e8mes de rev\u00eatement \u2714\ufe0f AgBB, Eurofins\" \/>\n<meta name=\"robots\" content=\"noindex, follow, max-snippet:-1, max-image-preview:large, max-video-preview:-1\" \/>\n<meta property=\"og:locale\" content=\"fr_FR\" \/>\n<meta property=\"og:type\" content=\"article\" \/>\n<meta property=\"og:title\" content=\"Scellement color\u00e9 PU 806 E-R10 faible \u00e9mission bicomp. | KLB\" \/>\n<meta property=\"og:description\" content=\"Scellement mat PU 806 E-R10 faible \u00e9mission, color\u00e9, r\u00e9sistant au jaunissement bicomp. avec d&#039;antid\u00e9rapance | KLB syst\u00e8mes de rev\u00eatement \u2714\ufe0f AgBB, Eurofins\" \/>\n<meta property=\"og:url\" content=\"https:\/\/dev.klb-koetztal.de\/fr\/produkt\/klb-system-polyurethan-pu-806-e-r10\/\" \/>\n<meta property=\"og:site_name\" content=\"KLB K\u00f6tztal\" \/>\n<meta property=\"article:publisher\" content=\"https:\/\/www.facebook.com\/klbkoetztal\" \/>\n<meta property=\"article:modified_time\" content=\"2026-02-25T10:55:08+00:00\" \/>\n<meta property=\"og:image\" content=\"https:\/\/dev.klb-koetztal.de\/app\/uploads\/2022\/03\/PU806_E_R10.jpg\" \/>\n\t<meta property=\"og:image:width\" content=\"500\" \/>\n\t<meta property=\"og:image:height\" content=\"500\" \/>\n\t<meta property=\"og:image:type\" content=\"image\/jpeg\" \/>\n<meta name=\"twitter:card\" content=\"summary_large_image\" \/>\n<script type=\"application\/ld+json\" class=\"yoast-schema-graph\">{\"@context\":\"https:\/\/schema.org\",\"@graph\":[{\"@type\":\"WebPage\",\"@id\":\"https:\/\/dev.klb-koetztal.de\/fr\/produkt\/klb-system-polyurethan-pu-806-e-r10\/\",\"url\":\"https:\/\/dev.klb-koetztal.de\/fr\/produkt\/klb-system-polyurethan-pu-806-e-r10\/\",\"name\":\"Scellement color\u00e9 PU 806 E-R10 faible \u00e9mission bicomp. | KLB\",\"isPartOf\":{\"@id\":\"https:\/\/dev.klb-koetztal.de\/fr\/#website\"},\"primaryImageOfPage\":{\"@id\":\"https:\/\/dev.klb-koetztal.de\/fr\/produkt\/klb-system-polyurethan-pu-806-e-r10\/#primaryimage\"},\"image\":{\"@id\":\"https:\/\/dev.klb-koetztal.de\/fr\/produkt\/klb-system-polyurethan-pu-806-e-r10\/#primaryimage\"},\"thumbnailUrl\":\"https:\/\/dev.klb-koetztal.de\/app\/uploads\/2022\/03\/PU806_E_R10.jpg\",\"datePublished\":\"2022-03-14T10:11:49+00:00\",\"dateModified\":\"2026-02-25T10:55:08+00:00\",\"description\":\"Scellement mat PU 806 E-R10 faible \u00e9mission, color\u00e9, r\u00e9sistant au jaunissement bicomp. avec d'antid\u00e9rapance | KLB syst\u00e8mes de rev\u00eatement \u2714\ufe0f AgBB, Eurofins\",\"breadcrumb\":{\"@id\":\"https:\/\/dev.klb-koetztal.de\/fr\/produkt\/klb-system-polyurethan-pu-806-e-r10\/#breadcrumb\"},\"inLanguage\":\"fr-FR\",\"potentialAction\":[{\"@type\":\"ReadAction\",\"target\":[\"https:\/\/dev.klb-koetztal.de\/fr\/produkt\/klb-system-polyurethan-pu-806-e-r10\/\"]}]},{\"@type\":\"ImageObject\",\"inLanguage\":\"fr-FR\",\"@id\":\"https:\/\/dev.klb-koetztal.de\/fr\/produkt\/klb-system-polyurethan-pu-806-e-r10\/#primaryimage\",\"url\":\"https:\/\/dev.klb-koetztal.de\/app\/uploads\/2022\/03\/PU806_E_R10.jpg\",\"contentUrl\":\"https:\/\/dev.klb-koetztal.de\/app\/uploads\/2022\/03\/PU806_E_R10.jpg\",\"width\":500,\"height\":500},{\"@type\":\"BreadcrumbList\",\"@id\":\"https:\/\/dev.klb-koetztal.de\/fr\/produkt\/klb-system-polyurethan-pu-806-e-r10\/#breadcrumb\",\"itemListElement\":[{\"@type\":\"ListItem\",\"position\":1,\"name\":\"Startseite\",\"item\":\"https:\/\/dev.klb-koetztal.de\/fr\/\"},{\"@type\":\"ListItem\",\"position\":2,\"name\":\"KLB-SYSTEM POLYURETHAN PU 806 E &#8211; R10\"}]},{\"@type\":\"WebSite\",\"@id\":\"https:\/\/dev.klb-koetztal.de\/fr\/#website\",\"url\":\"https:\/\/dev.klb-koetztal.de\/fr\/\",\"name\":\"KLB K\u00f6tztal\",\"description\":\"Gute B\u00f6den haben ein System.\",\"potentialAction\":[{\"@type\":\"SearchAction\",\"target\":{\"@type\":\"EntryPoint\",\"urlTemplate\":\"https:\/\/dev.klb-koetztal.de\/fr\/?s={search_term_string}\"},\"query-input\":{\"@type\":\"PropertyValueSpecification\",\"valueRequired\":true,\"valueName\":\"search_term_string\"}}],\"inLanguage\":\"fr-FR\"}]}<\/script>\n<!-- \/ Yoast SEO plugin. -->","yoast_head_json":{"title":"Scellement color\u00e9 PU 806 E-R10 faible \u00e9mission bicomp. | KLB","description":"Scellement mat PU 806 E-R10 faible \u00e9mission, color\u00e9, r\u00e9sistant au jaunissement bicomp. avec d'antid\u00e9rapance | KLB syst\u00e8mes de rev\u00eatement \u2714\ufe0f AgBB, Eurofins","robots":{"index":"noindex","follow":"follow","max-snippet":"max-snippet:-1","max-image-preview":"max-image-preview:large","max-video-preview":"max-video-preview:-1"},"og_locale":"fr_FR","og_type":"article","og_title":"Scellement color\u00e9 PU 806 E-R10 faible \u00e9mission bicomp. | KLB","og_description":"Scellement mat PU 806 E-R10 faible \u00e9mission, color\u00e9, r\u00e9sistant au jaunissement bicomp. avec d'antid\u00e9rapance | KLB syst\u00e8mes de rev\u00eatement \u2714\ufe0f AgBB, Eurofins","og_url":"https:\/\/dev.klb-koetztal.de\/fr\/produkt\/klb-system-polyurethan-pu-806-e-r10\/","og_site_name":"KLB K\u00f6tztal","article_publisher":"https:\/\/www.facebook.com\/klbkoetztal","article_modified_time":"2026-02-25T10:55:08+00:00","og_image":[{"width":500,"height":500,"url":"https:\/\/dev.klb-koetztal.de\/app\/uploads\/2022\/03\/PU806_E_R10.jpg","type":"image\/jpeg"}],"twitter_card":"summary_large_image","schema":{"@context":"https:\/\/schema.org","@graph":[{"@type":"WebPage","@id":"https:\/\/dev.klb-koetztal.de\/fr\/produkt\/klb-system-polyurethan-pu-806-e-r10\/","url":"https:\/\/dev.klb-koetztal.de\/fr\/produkt\/klb-system-polyurethan-pu-806-e-r10\/","name":"Scellement color\u00e9 PU 806 E-R10 faible \u00e9mission bicomp. | KLB","isPartOf":{"@id":"https:\/\/dev.klb-koetztal.de\/fr\/#website"},"primaryImageOfPage":{"@id":"https:\/\/dev.klb-koetztal.de\/fr\/produkt\/klb-system-polyurethan-pu-806-e-r10\/#primaryimage"},"image":{"@id":"https:\/\/dev.klb-koetztal.de\/fr\/produkt\/klb-system-polyurethan-pu-806-e-r10\/#primaryimage"},"thumbnailUrl":"https:\/\/dev.klb-koetztal.de\/app\/uploads\/2022\/03\/PU806_E_R10.jpg","datePublished":"2022-03-14T10:11:49+00:00","dateModified":"2026-02-25T10:55:08+00:00","description":"Scellement mat PU 806 E-R10 faible \u00e9mission, color\u00e9, r\u00e9sistant au jaunissement bicomp. avec d'antid\u00e9rapance | KLB syst\u00e8mes de rev\u00eatement \u2714\ufe0f AgBB, Eurofins","breadcrumb":{"@id":"https:\/\/dev.klb-koetztal.de\/fr\/produkt\/klb-system-polyurethan-pu-806-e-r10\/#breadcrumb"},"inLanguage":"fr-FR","potentialAction":[{"@type":"ReadAction","target":["https:\/\/dev.klb-koetztal.de\/fr\/produkt\/klb-system-polyurethan-pu-806-e-r10\/"]}]},{"@type":"ImageObject","inLanguage":"fr-FR","@id":"https:\/\/dev.klb-koetztal.de\/fr\/produkt\/klb-system-polyurethan-pu-806-e-r10\/#primaryimage","url":"https:\/\/dev.klb-koetztal.de\/app\/uploads\/2022\/03\/PU806_E_R10.jpg","contentUrl":"https:\/\/dev.klb-koetztal.de\/app\/uploads\/2022\/03\/PU806_E_R10.jpg","width":500,"height":500},{"@type":"BreadcrumbList","@id":"https:\/\/dev.klb-koetztal.de\/fr\/produkt\/klb-system-polyurethan-pu-806-e-r10\/#breadcrumb","itemListElement":[{"@type":"ListItem","position":1,"name":"Startseite","item":"https:\/\/dev.klb-koetztal.de\/fr\/"},{"@type":"ListItem","position":2,"name":"KLB-SYSTEM POLYURETHAN PU 806 E &#8211; R10"}]},{"@type":"WebSite","@id":"https:\/\/dev.klb-koetztal.de\/fr\/#website","url":"https:\/\/dev.klb-koetztal.de\/fr\/","name":"KLB K\u00f6tztal","description":"Gute B\u00f6den haben ein System.","potentialAction":[{"@type":"SearchAction","target":{"@type":"EntryPoint","urlTemplate":"https:\/\/dev.klb-koetztal.de\/fr\/?s={search_term_string}"},"query-input":{"@type":"PropertyValueSpecification","valueRequired":true,"valueName":"search_term_string"}}],"inLanguage":"fr-FR"}]}},"_links":{"self":[{"href":"https:\/\/dev.klb-koetztal.de\/fr\/wp-json\/wp\/v2\/product\/50234","targetHints":{"allow":["GET"]}}],"collection":[{"href":"https:\/\/dev.klb-koetztal.de\/fr\/wp-json\/wp\/v2\/product"}],"about":[{"href":"https:\/\/dev.klb-koetztal.de\/fr\/wp-json\/wp\/v2\/types\/product"}],"wp:featuredmedia":[{"embeddable":true,"href":"https:\/\/dev.klb-koetztal.de\/fr\/wp-json\/wp\/v2\/media\/50235"}],"wp:attachment":[{"href":"https:\/\/dev.klb-koetztal.de\/fr\/wp-json\/wp\/v2\/media?parent=50234"}],"wp:term":[{"taxonomy":"product_brand","embeddable":true,"href":"https:\/\/dev.klb-koetztal.de\/fr\/wp-json\/wp\/v2\/product_brand?post=50234"},{"taxonomy":"product_cat","embeddable":true,"href":"https:\/\/dev.klb-koetztal.de\/fr\/wp-json\/wp\/v2\/product_cat?post=50234"},{"taxonomy":"product_tag","embeddable":true,"href":"https:\/\/dev.klb-koetztal.de\/fr\/wp-json\/wp\/v2\/product_tag?post=50234"}],"curies":[{"name":"wp","href":"https:\/\/api.w.org\/{rel}","templated":true}]}}